{"id":47848,"date":"2021-06-24T10:37:53","date_gmt":"2021-06-24T07:37:53","guid":{"rendered":"https:\/\/vinodeli.ee\/product\/prosecco-superiore-di-cartizze-dry-valdobbiadene-guizzo\/"},"modified":"2024-01-22T23:06:23","modified_gmt":"2024-01-22T21:06:23","slug":"prosecco-superiore-di-cartizze-dry-valdobbiadene-guizzo","status":"publish","type":"product","link":"https:\/\/vinodeli.ee\/en\/product\/prosecco-superiore-di-cartizze-dry-valdobbiadene-guizzo\/","title":{"rendered":"Guizzo Prosecco Superiore di Cartizze Dry Valdobbiadene DOCG 11%"},"content":{"rendered":"<p>Dry spumante &#8211; Elegant wine produced only with grapes picked from the historical Valdobbiadene Cartizze area its intense colour is expressed in a complex range of tempting scents velvety and aromatic taste, ideal for special occasions, paired with traditional desserts.<\/p>\n<h3>Degustation notes<\/h3>\n<p>Straw yellow colour, fine and light perlage, velvety and rightly aromatic.<\/p>\n","protected":false},"excerpt":{"rendered":"<blockquote>\n<h5>P\u00c4RITOLU: Veneto, ItaaliaVeini t\u00fc\u00fcp: Kuiv vahuveinViinamarjasort:\u00a0 100% Glera<\/h5>\n<\/blockquote>\n<h5>Puhkab pudelis 3 &#8211; 4 kuud.<\/h5>\n<h5>Kutsuvad ja k\u00fclluslikud aroomid, sametine ja aroomirikas maitse.<\/h5>\n<h5><em>Serveerimistemperatuur: 5 &#8211; 8<\/em><em>\u00baC.\u00a0<\/em><\/h5>\n<h5><em>Toidusoovitus: Traditsioonilised Itaalia maiustused<\/em>.<\/h5>\n","protected":false},"featured_media":60502,"template":"","meta":{"_acf_changed":false},"product_brand":[],"product_cat":[19488,19491],"product_tag":[],"class_list":{"0":"post-47848","1":"product","2":"type-product","3":"status-publish","4":"has-post-thumbnail","6":"product_cat-sparkling-wine","7":"product_cat-prosecco-en","9":"first","10":"outofstock","11":"downloadable","12":"taxable","13":"shipping-taxable","14":"purchasable","15":"product-type-simple"},"acf":[],"yoast_head":"<!-- This site is optimized with the Yoast SEO plugin v25.7 - https:\/\/yoast.com\/wordpress\/plugins\/seo\/ -->\n<title>Guizzo Prosecco Superiore di Cartizze Dry Valdobbiadene DOCG 11% - Vinodeli<\/title>\n<meta name=\"robots\" content=\"index, follow, max-snippet:-1, max-image-preview:large, max-video-preview:-1\" \/>\n<link rel=\"canonical\" href=\"https:\/\/vinodeli.ee\/en\/product\/prosecco-superiore-di-cartizze-dry-valdobbiadene-guizzo\/\" \/>\n<meta property=\"og:locale\" content=\"en_US\" \/>\n<meta property=\"og:type\" content=\"article\" \/>\n<meta property=\"og:title\" content=\"Guizzo Prosecco Superiore di Cartizze Dry Valdobbiadene DOCG 11% - Vinodeli\" \/>\n<meta property=\"og:description\" content=\"P\u00c4RITOLU: Veneto, ItaaliaVeini t\u00fc\u00fcp: Kuiv vahuveinViinamarjasort:\u00a0 100% GleraPuhkab pudelis 3 - 4 kuud.Kutsuvad ja k\u00fclluslikud aroomid, sametine ja aroomirikas maitse.Serveerimistemperatuur: 5 - 8\u00baC.\u00a0Toidusoovitus: Traditsioonilised Itaalia maiustused.\" \/>\n<meta property=\"og:url\" content=\"https:\/\/vinodeli.ee\/en\/product\/prosecco-superiore-di-cartizze-dry-valdobbiadene-guizzo\/\" \/>\n<meta property=\"og:site_name\" content=\"Vinodeli\" \/>\n<meta property=\"article:modified_time\" content=\"2024-01-22T21:06:23+00:00\" \/>\n<meta property=\"og:image\" content=\"https:\/\/vinodeli.ee\/wp-content\/uploads\/2023\/11\/001_001_001_000_cartizze-jpe-2.webp\" \/>\n\t<meta property=\"og:image:width\" content=\"750\" \/>\n\t<meta property=\"og:image:height\" content=\"715\" \/>\n\t<meta property=\"og:image:type\" content=\"image\/webp\" \/>\n<meta name=\"twitter:card\" content=\"summary_large_image\" \/>\n<script type=\"application\/ld+json\" class=\"yoast-schema-graph\">{\"@context\":\"https:\/\/schema.org\",\"@graph\":[{\"@type\":\"WebPage\",\"@id\":\"https:\/\/vinodeli.ee\/en\/product\/prosecco-superiore-di-cartizze-dry-valdobbiadene-guizzo\/\",\"url\":\"https:\/\/vinodeli.ee\/en\/product\/prosecco-superiore-di-cartizze-dry-valdobbiadene-guizzo\/\",\"name\":\"Guizzo Prosecco Superiore di Cartizze Dry Valdobbiadene DOCG 11% - Vinodeli\",\"isPartOf\":{\"@id\":\"https:\/\/vinodeli.ee\/#website\"},\"primaryImageOfPage\":{\"@id\":\"https:\/\/vinodeli.ee\/en\/product\/prosecco-superiore-di-cartizze-dry-valdobbiadene-guizzo\/#primaryimage\"},\"image\":{\"@id\":\"https:\/\/vinodeli.ee\/en\/product\/prosecco-superiore-di-cartizze-dry-valdobbiadene-guizzo\/#primaryimage\"},\"thumbnailUrl\":\"https:\/\/vinodeli.ee\/wp-content\/uploads\/2021\/06\/cartizze.jpg\",\"datePublished\":\"2021-06-24T07:37:53+00:00\",\"dateModified\":\"2024-01-22T21:06:23+00:00\",\"breadcrumb\":{\"@id\":\"https:\/\/vinodeli.ee\/en\/product\/prosecco-superiore-di-cartizze-dry-valdobbiadene-guizzo\/#breadcrumb\"},\"inLanguage\":\"en-US\",\"potentialAction\":[{\"@type\":\"ReadAction\",\"target\":[\"https:\/\/vinodeli.ee\/en\/product\/prosecco-superiore-di-cartizze-dry-valdobbiadene-guizzo\/\"]}]},{\"@type\":\"ImageObject\",\"inLanguage\":\"en-US\",\"@id\":\"https:\/\/vinodeli.ee\/en\/product\/prosecco-superiore-di-cartizze-dry-valdobbiadene-guizzo\/#primaryimage\",\"url\":\"https:\/\/vinodeli.ee\/wp-content\/uploads\/2021\/06\/cartizze.jpg\",\"contentUrl\":\"https:\/\/vinodeli.ee\/wp-content\/uploads\/2021\/06\/cartizze.jpg\",\"width\":720,\"height\":720},{\"@type\":\"BreadcrumbList\",\"@id\":\"https:\/\/vinodeli.ee\/en\/product\/prosecco-superiore-di-cartizze-dry-valdobbiadene-guizzo\/#breadcrumb\",\"itemListElement\":[{\"@type\":\"ListItem\",\"position\":1,\"name\":\"Home\",\"item\":\"https:\/\/vinodeli.ee\/en\/\"},{\"@type\":\"ListItem\",\"position\":2,\"name\":\"Shop\",\"item\":\"https:\/\/vinodeli.ee\/pood\/\"},{\"@type\":\"ListItem\",\"position\":3,\"name\":\"Guizzo Prosecco Superiore di Cartizze Dry Valdobbiadene DOCG 11%\"}]},{\"@type\":\"WebSite\",\"@id\":\"https:\/\/vinodeli.ee\/#website\",\"url\":\"https:\/\/vinodeli.ee\/\",\"name\":\"Vinodeli\",\"description\":\"\",\"publisher\":{\"@id\":\"https:\/\/vinodeli.ee\/#organization\"},\"potentialAction\":[{\"@type\":\"SearchAction\",\"target\":{\"@type\":\"EntryPoint\",\"urlTemplate\":\"https:\/\/vinodeli.ee\/?s={search_term_string}\"},\"query-input\":{\"@type\":\"PropertyValueSpecification\",\"valueRequired\":true,\"valueName\":\"search_term_string\"}}],\"inLanguage\":\"en-US\"},{\"@type\":\"Organization\",\"@id\":\"https:\/\/vinodeli.ee\/#organization\",\"name\":\"Vinodeli O\u00dc\",\"url\":\"https:\/\/vinodeli.ee\/\",\"logo\":{\"@type\":\"ImageObject\",\"inLanguage\":\"en-US\",\"@id\":\"https:\/\/vinodeli.ee\/#\/schema\/logo\/image\/\",\"url\":\"https:\/\/vinodeli.ee\/wp-content\/uploads\/2024\/02\/logo-winodeli-1.png\",\"contentUrl\":\"https:\/\/vinodeli.ee\/wp-content\/uploads\/2024\/02\/logo-winodeli-1.png\",\"width\":1500,\"height\":1150,\"caption\":\"Vinodeli O\u00dc\"},\"image\":{\"@id\":\"https:\/\/vinodeli.ee\/#\/schema\/logo\/image\/\"}}]}<\/script>\n<!-- \/ Yoast SEO plugin. -->","yoast_head_json":{"title":"Guizzo Prosecco Superiore di Cartizze Dry Valdobbiadene DOCG 11% - Vinodeli","robots":{"index":"index","follow":"follow","max-snippet":"max-snippet:-1","max-image-preview":"max-image-preview:large","max-video-preview":"max-video-preview:-1"},"canonical":"https:\/\/vinodeli.ee\/en\/product\/prosecco-superiore-di-cartizze-dry-valdobbiadene-guizzo\/","og_locale":"en_US","og_type":"article","og_title":"Guizzo Prosecco Superiore di Cartizze Dry Valdobbiadene DOCG 11% - Vinodeli","og_description":"P\u00c4RITOLU: Veneto, ItaaliaVeini t\u00fc\u00fcp: Kuiv vahuveinViinamarjasort:\u00a0 100% GleraPuhkab pudelis 3 - 4 kuud.Kutsuvad ja k\u00fclluslikud aroomid, sametine ja aroomirikas maitse.Serveerimistemperatuur: 5 - 8\u00baC.\u00a0Toidusoovitus: Traditsioonilised Itaalia maiustused.","og_url":"https:\/\/vinodeli.ee\/en\/product\/prosecco-superiore-di-cartizze-dry-valdobbiadene-guizzo\/","og_site_name":"Vinodeli","article_modified_time":"2024-01-22T21:06:23+00:00","og_image":[{"width":750,"height":715,"url":"https:\/\/vinodeli.ee\/wp-content\/uploads\/2023\/11\/001_001_001_000_cartizze-jpe-2.webp","type":"image\/webp"}],"twitter_card":"summary_large_image","schema":{"@context":"https:\/\/schema.org","@graph":[{"@type":"WebPage","@id":"https:\/\/vinodeli.ee\/en\/product\/prosecco-superiore-di-cartizze-dry-valdobbiadene-guizzo\/","url":"https:\/\/vinodeli.ee\/en\/product\/prosecco-superiore-di-cartizze-dry-valdobbiadene-guizzo\/","name":"Guizzo Prosecco Superiore di Cartizze Dry Valdobbiadene DOCG 11% - Vinodeli","isPartOf":{"@id":"https:\/\/vinodeli.ee\/#website"},"primaryImageOfPage":{"@id":"https:\/\/vinodeli.ee\/en\/product\/prosecco-superiore-di-cartizze-dry-valdobbiadene-guizzo\/#primaryimage"},"image":{"@id":"https:\/\/vinodeli.ee\/en\/product\/prosecco-superiore-di-cartizze-dry-valdobbiadene-guizzo\/#primaryimage"},"thumbnailUrl":"https:\/\/vinodeli.ee\/wp-content\/uploads\/2021\/06\/cartizze.jpg","datePublished":"2021-06-24T07:37:53+00:00","dateModified":"2024-01-22T21:06:23+00:00","breadcrumb":{"@id":"https:\/\/vinodeli.ee\/en\/product\/prosecco-superiore-di-cartizze-dry-valdobbiadene-guizzo\/#breadcrumb"},"inLanguage":"en-US","potentialAction":[{"@type":"ReadAction","target":["https:\/\/vinodeli.ee\/en\/product\/prosecco-superiore-di-cartizze-dry-valdobbiadene-guizzo\/"]}]},{"@type":"ImageObject","inLanguage":"en-US","@id":"https:\/\/vinodeli.ee\/en\/product\/prosecco-superiore-di-cartizze-dry-valdobbiadene-guizzo\/#primaryimage","url":"https:\/\/vinodeli.ee\/wp-content\/uploads\/2021\/06\/cartizze.jpg","contentUrl":"https:\/\/vinodeli.ee\/wp-content\/uploads\/2021\/06\/cartizze.jpg","width":720,"height":720},{"@type":"BreadcrumbList","@id":"https:\/\/vinodeli.ee\/en\/product\/prosecco-superiore-di-cartizze-dry-valdobbiadene-guizzo\/#breadcrumb","itemListElement":[{"@type":"ListItem","position":1,"name":"Home","item":"https:\/\/vinodeli.ee\/en\/"},{"@type":"ListItem","position":2,"name":"Shop","item":"https:\/\/vinodeli.ee\/pood\/"},{"@type":"ListItem","position":3,"name":"Guizzo Prosecco Superiore di Cartizze Dry Valdobbiadene DOCG 11%"}]},{"@type":"WebSite","@id":"https:\/\/vinodeli.ee\/#website","url":"https:\/\/vinodeli.ee\/","name":"Vinodeli","description":"","publisher":{"@id":"https:\/\/vinodeli.ee\/#organization"},"potentialAction":[{"@type":"SearchAction","target":{"@type":"EntryPoint","urlTemplate":"https:\/\/vinodeli.ee\/?s={search_term_string}"},"query-input":{"@type":"PropertyValueSpecification","valueRequired":true,"valueName":"search_term_string"}}],"inLanguage":"en-US"},{"@type":"Organization","@id":"https:\/\/vinodeli.ee\/#organization","name":"Vinodeli O\u00dc","url":"https:\/\/vinodeli.ee\/","logo":{"@type":"ImageObject","inLanguage":"en-US","@id":"https:\/\/vinodeli.ee\/#\/schema\/logo\/image\/","url":"https:\/\/vinodeli.ee\/wp-content\/uploads\/2024\/02\/logo-winodeli-1.png","contentUrl":"https:\/\/vinodeli.ee\/wp-content\/uploads\/2024\/02\/logo-winodeli-1.png","width":1500,"height":1150,"caption":"Vinodeli O\u00dc"},"image":{"@id":"https:\/\/vinodeli.ee\/#\/schema\/logo\/image\/"}}]}},"_links":{"self":[{"href":"https:\/\/vinodeli.ee\/en\/wp-json\/wp\/v2\/product\/47848","targetHints":{"allow":["GET"]}}],"collection":[{"href":"https:\/\/vinodeli.ee\/en\/wp-json\/wp\/v2\/product"}],"about":[{"href":"https:\/\/vinodeli.ee\/en\/wp-json\/wp\/v2\/types\/product"}],"version-history":[{"count":0,"href":"https:\/\/vinodeli.ee\/en\/wp-json\/wp\/v2\/product\/47848\/revisions"}],"wp:featuredmedia":[{"embeddable":true,"href":"https:\/\/vinodeli.ee\/en\/wp-json\/wp\/v2\/media\/60502"}],"wp:attachment":[{"href":"https:\/\/vinodeli.ee\/en\/wp-json\/wp\/v2\/media?parent=47848"}],"wp:term":[{"taxonomy":"product_brand","embeddable":true,"href":"https:\/\/vinodeli.ee\/en\/wp-json\/wp\/v2\/product_brand?post=47848"},{"taxonomy":"product_cat","embeddable":true,"href":"https:\/\/vinodeli.ee\/en\/wp-json\/wp\/v2\/product_cat?post=47848"},{"taxonomy":"product_tag","embeddable":true,"href":"https:\/\/vinodeli.ee\/en\/wp-json\/wp\/v2\/product_tag?post=47848"}],"curies":[{"name":"wp","href":"https:\/\/api.w.org\/{rel}","templated":true}]}}