{"id":47853,"date":"2021-06-23T16:40:59","date_gmt":"2021-06-23T13:40:59","guid":{"rendered":"https:\/\/vinodeli.ee\/product\/clemente-spumante-brut-metodo-classico-guasti-clemente\/"},"modified":"2024-01-17T12:27:21","modified_gmt":"2024-01-17T10:27:21","slug":"clemente-spumante-brut-metodo-classico-guasti-clemente","status":"publish","type":"product","link":"https:\/\/vinodeli.ee\/en\/product\/clemente-spumante-brut-metodo-classico-guasti-clemente\/","title":{"rendered":"Guasti Clemente &#8220;Clemente&#8221; Spumante Brut Metodo Classico 12.5% vol."},"content":{"rendered":"<h3>Degustation notes<\/h3>\n<p>Obtained by means of the classical method of sparkling, it presents a delicate mousse and a fine, long-lasting perlage. Straw-yellow color. Rich nd intense bouquet, which gives rise to a large number of sensations. Imposing taste, good body and highly typical, it is a justly harmonious. Best served at a temperature 8-10.<\/p>\n<h3>Food pairing<\/h3>\n<p>It goes well with every dish, right though the meal; excellent as an aperetif.<\/p>\n","protected":false},"excerpt":{"rendered":"<blockquote>\n<h5>P\u00c4RITOLU: Piedmont, ItaaliaVeini t\u00fc\u00fcp: Kuiv vahuveinViinamarjasort: Pinot Nero ja v\u00e4ike protsent Chardonnay.<\/h5>\n<h5>Klassikalisel meetodil valmistatud. Puhkab pudelis v\u00e4hemalt 60 kuud.<\/h5>\n<\/blockquote>\n<h5>Peen vaht, v\u00e4ga p\u00fcsiv perlage. \u00d5lekollane. Intensiivne ja rikas, mis annab palju sensatsioone. \u00d5ige harmooniaga<\/h5>\n<h5><em>Serveerimistemperatuur: 6 &#8211; 8<\/em><em>\u00baC.<\/em><\/h5>\n<h5><em>Toidusoovitus: suurep\u00e4rane aperitiiv, \u00fcksk\u00f5ik millise s\u00f6\u00f6gikorraga.<\/em><\/h5>\n","protected":false},"featured_media":46088,"template":"","meta":{"_acf_changed":false},"product_brand":[],"product_cat":[19488,19496],"product_tag":[],"class_list":{"0":"post-47853","1":"product","2":"type-product","3":"status-publish","4":"has-post-thumbnail","6":"product_cat-sparkling-wine","7":"product_cat-other-charmat-method-en","9":"first","10":"instock","11":"downloadable","12":"taxable","13":"shipping-taxable","14":"purchasable","15":"product-type-simple"},"acf":[],"yoast_head":"<!-- This site is optimized with the Yoast SEO plugin v25.7 - https:\/\/yoast.com\/wordpress\/plugins\/seo\/ -->\n<title>Guasti Clemente &quot;Clemente&quot; Spumante Brut Metodo Classico 12.5% vol. - Vinodeli<\/title>\n<meta name=\"robots\" content=\"index, follow, max-snippet:-1, max-image-preview:large, max-video-preview:-1\" \/>\n<link rel=\"canonical\" href=\"https:\/\/vinodeli.ee\/en\/product\/clemente-spumante-brut-metodo-classico-guasti-clemente\/\" \/>\n<meta property=\"og:locale\" content=\"en_US\" \/>\n<meta property=\"og:type\" content=\"article\" \/>\n<meta property=\"og:title\" content=\"Guasti Clemente &quot;Clemente&quot; Spumante Brut Metodo Classico 12.5% vol. - Vinodeli\" \/>\n<meta property=\"og:description\" content=\"P\u00c4RITOLU: Piedmont, ItaaliaVeini t\u00fc\u00fcp: Kuiv vahuveinViinamarjasort: Pinot Nero ja v\u00e4ike protsent Chardonnay.Klassikalisel meetodil valmistatud. Puhkab pudelis v\u00e4hemalt 60 kuud.Peen vaht, v\u00e4ga p\u00fcsiv perlage. \u00d5lekollane. Intensiivne ja rikas, mis annab palju sensatsioone. \u00d5ige harmooniagaServeerimistemperatuur: 6 - 8\u00baC.Toidusoovitus: suurep\u00e4rane aperitiiv, \u00fcksk\u00f5ik millise s\u00f6\u00f6gikorraga.\" \/>\n<meta property=\"og:url\" content=\"https:\/\/vinodeli.ee\/en\/product\/clemente-spumante-brut-metodo-classico-guasti-clemente\/\" \/>\n<meta property=\"og:site_name\" content=\"Vinodeli\" \/>\n<meta property=\"article:modified_time\" content=\"2024-01-17T10:27:21+00:00\" \/>\n<meta property=\"og:image\" content=\"https:\/\/vinodeli.ee\/wp-content\/uploads\/2023\/11\/clemente-jpg-2.webp\" \/>\n\t<meta property=\"og:image:width\" content=\"1000\" \/>\n\t<meta property=\"og:image:height\" content=\"1000\" \/>\n\t<meta property=\"og:image:type\" content=\"image\/webp\" \/>\n<meta name=\"twitter:card\" content=\"summary_large_image\" \/>\n<script type=\"application\/ld+json\" class=\"yoast-schema-graph\">{\"@context\":\"https:\/\/schema.org\",\"@graph\":[{\"@type\":\"WebPage\",\"@id\":\"https:\/\/vinodeli.ee\/en\/product\/clemente-spumante-brut-metodo-classico-guasti-clemente\/\",\"url\":\"https:\/\/vinodeli.ee\/en\/product\/clemente-spumante-brut-metodo-classico-guasti-clemente\/\",\"name\":\"Guasti Clemente \\\"Clemente\\\" Spumante Brut Metodo Classico 12.5% vol. - Vinodeli\",\"isPartOf\":{\"@id\":\"https:\/\/vinodeli.ee\/#website\"},\"primaryImageOfPage\":{\"@id\":\"https:\/\/vinodeli.ee\/en\/product\/clemente-spumante-brut-metodo-classico-guasti-clemente\/#primaryimage\"},\"image\":{\"@id\":\"https:\/\/vinodeli.ee\/en\/product\/clemente-spumante-brut-metodo-classico-guasti-clemente\/#primaryimage\"},\"thumbnailUrl\":\"https:\/\/vinodeli.ee\/wp-content\/uploads\/2023\/11\/clemente-jpg-2.webp\",\"datePublished\":\"2021-06-23T13:40:59+00:00\",\"dateModified\":\"2024-01-17T10:27:21+00:00\",\"breadcrumb\":{\"@id\":\"https:\/\/vinodeli.ee\/en\/product\/clemente-spumante-brut-metodo-classico-guasti-clemente\/#breadcrumb\"},\"inLanguage\":\"en-US\",\"potentialAction\":[{\"@type\":\"ReadAction\",\"target\":[\"https:\/\/vinodeli.ee\/en\/product\/clemente-spumante-brut-metodo-classico-guasti-clemente\/\"]}]},{\"@type\":\"ImageObject\",\"inLanguage\":\"en-US\",\"@id\":\"https:\/\/vinodeli.ee\/en\/product\/clemente-spumante-brut-metodo-classico-guasti-clemente\/#primaryimage\",\"url\":\"https:\/\/vinodeli.ee\/wp-content\/uploads\/2023\/11\/clemente-jpg-2.webp\",\"contentUrl\":\"https:\/\/vinodeli.ee\/wp-content\/uploads\/2023\/11\/clemente-jpg-2.webp\",\"width\":1000,\"height\":1000},{\"@type\":\"BreadcrumbList\",\"@id\":\"https:\/\/vinodeli.ee\/en\/product\/clemente-spumante-brut-metodo-classico-guasti-clemente\/#breadcrumb\",\"itemListElement\":[{\"@type\":\"ListItem\",\"position\":1,\"name\":\"Home\",\"item\":\"https:\/\/vinodeli.ee\/en\/\"},{\"@type\":\"ListItem\",\"position\":2,\"name\":\"Shop\",\"item\":\"https:\/\/vinodeli.ee\/pood\/\"},{\"@type\":\"ListItem\",\"position\":3,\"name\":\"Guasti Clemente &#8220;Clemente&#8221; Spumante Brut Metodo Classico 12.5% vol.\"}]},{\"@type\":\"WebSite\",\"@id\":\"https:\/\/vinodeli.ee\/#website\",\"url\":\"https:\/\/vinodeli.ee\/\",\"name\":\"Vinodeli\",\"description\":\"\",\"publisher\":{\"@id\":\"https:\/\/vinodeli.ee\/#organization\"},\"potentialAction\":[{\"@type\":\"SearchAction\",\"target\":{\"@type\":\"EntryPoint\",\"urlTemplate\":\"https:\/\/vinodeli.ee\/?s={search_term_string}\"},\"query-input\":{\"@type\":\"PropertyValueSpecification\",\"valueRequired\":true,\"valueName\":\"search_term_string\"}}],\"inLanguage\":\"en-US\"},{\"@type\":\"Organization\",\"@id\":\"https:\/\/vinodeli.ee\/#organization\",\"name\":\"Vinodeli O\u00dc\",\"url\":\"https:\/\/vinodeli.ee\/\",\"logo\":{\"@type\":\"ImageObject\",\"inLanguage\":\"en-US\",\"@id\":\"https:\/\/vinodeli.ee\/#\/schema\/logo\/image\/\",\"url\":\"https:\/\/vinodeli.ee\/wp-content\/uploads\/2024\/02\/logo-winodeli-1.png\",\"contentUrl\":\"https:\/\/vinodeli.ee\/wp-content\/uploads\/2024\/02\/logo-winodeli-1.png\",\"width\":1500,\"height\":1150,\"caption\":\"Vinodeli O\u00dc\"},\"image\":{\"@id\":\"https:\/\/vinodeli.ee\/#\/schema\/logo\/image\/\"}}]}<\/script>\n<!-- \/ Yoast SEO plugin. -->","yoast_head_json":{"title":"Guasti Clemente \"Clemente\" Spumante Brut Metodo Classico 12.5% vol. - Vinodeli","robots":{"index":"index","follow":"follow","max-snippet":"max-snippet:-1","max-image-preview":"max-image-preview:large","max-video-preview":"max-video-preview:-1"},"canonical":"https:\/\/vinodeli.ee\/en\/product\/clemente-spumante-brut-metodo-classico-guasti-clemente\/","og_locale":"en_US","og_type":"article","og_title":"Guasti Clemente \"Clemente\" Spumante Brut Metodo Classico 12.5% vol. - Vinodeli","og_description":"P\u00c4RITOLU: Piedmont, ItaaliaVeini t\u00fc\u00fcp: Kuiv vahuveinViinamarjasort: Pinot Nero ja v\u00e4ike protsent Chardonnay.Klassikalisel meetodil valmistatud. Puhkab pudelis v\u00e4hemalt 60 kuud.Peen vaht, v\u00e4ga p\u00fcsiv perlage. \u00d5lekollane. Intensiivne ja rikas, mis annab palju sensatsioone. \u00d5ige harmooniagaServeerimistemperatuur: 6 - 8\u00baC.Toidusoovitus: suurep\u00e4rane aperitiiv, \u00fcksk\u00f5ik millise s\u00f6\u00f6gikorraga.","og_url":"https:\/\/vinodeli.ee\/en\/product\/clemente-spumante-brut-metodo-classico-guasti-clemente\/","og_site_name":"Vinodeli","article_modified_time":"2024-01-17T10:27:21+00:00","og_image":[{"width":1000,"height":1000,"url":"https:\/\/vinodeli.ee\/wp-content\/uploads\/2023\/11\/clemente-jpg-2.webp","type":"image\/webp"}],"twitter_card":"summary_large_image","schema":{"@context":"https:\/\/schema.org","@graph":[{"@type":"WebPage","@id":"https:\/\/vinodeli.ee\/en\/product\/clemente-spumante-brut-metodo-classico-guasti-clemente\/","url":"https:\/\/vinodeli.ee\/en\/product\/clemente-spumante-brut-metodo-classico-guasti-clemente\/","name":"Guasti Clemente \"Clemente\" Spumante Brut Metodo Classico 12.5% vol. - Vinodeli","isPartOf":{"@id":"https:\/\/vinodeli.ee\/#website"},"primaryImageOfPage":{"@id":"https:\/\/vinodeli.ee\/en\/product\/clemente-spumante-brut-metodo-classico-guasti-clemente\/#primaryimage"},"image":{"@id":"https:\/\/vinodeli.ee\/en\/product\/clemente-spumante-brut-metodo-classico-guasti-clemente\/#primaryimage"},"thumbnailUrl":"https:\/\/vinodeli.ee\/wp-content\/uploads\/2023\/11\/clemente-jpg-2.webp","datePublished":"2021-06-23T13:40:59+00:00","dateModified":"2024-01-17T10:27:21+00:00","breadcrumb":{"@id":"https:\/\/vinodeli.ee\/en\/product\/clemente-spumante-brut-metodo-classico-guasti-clemente\/#breadcrumb"},"inLanguage":"en-US","potentialAction":[{"@type":"ReadAction","target":["https:\/\/vinodeli.ee\/en\/product\/clemente-spumante-brut-metodo-classico-guasti-clemente\/"]}]},{"@type":"ImageObject","inLanguage":"en-US","@id":"https:\/\/vinodeli.ee\/en\/product\/clemente-spumante-brut-metodo-classico-guasti-clemente\/#primaryimage","url":"https:\/\/vinodeli.ee\/wp-content\/uploads\/2023\/11\/clemente-jpg-2.webp","contentUrl":"https:\/\/vinodeli.ee\/wp-content\/uploads\/2023\/11\/clemente-jpg-2.webp","width":1000,"height":1000},{"@type":"BreadcrumbList","@id":"https:\/\/vinodeli.ee\/en\/product\/clemente-spumante-brut-metodo-classico-guasti-clemente\/#breadcrumb","itemListElement":[{"@type":"ListItem","position":1,"name":"Home","item":"https:\/\/vinodeli.ee\/en\/"},{"@type":"ListItem","position":2,"name":"Shop","item":"https:\/\/vinodeli.ee\/pood\/"},{"@type":"ListItem","position":3,"name":"Guasti Clemente &#8220;Clemente&#8221; Spumante Brut Metodo Classico 12.5% vol."}]},{"@type":"WebSite","@id":"https:\/\/vinodeli.ee\/#website","url":"https:\/\/vinodeli.ee\/","name":"Vinodeli","description":"","publisher":{"@id":"https:\/\/vinodeli.ee\/#organization"},"potentialAction":[{"@type":"SearchAction","target":{"@type":"EntryPoint","urlTemplate":"https:\/\/vinodeli.ee\/?s={search_term_string}"},"query-input":{"@type":"PropertyValueSpecification","valueRequired":true,"valueName":"search_term_string"}}],"inLanguage":"en-US"},{"@type":"Organization","@id":"https:\/\/vinodeli.ee\/#organization","name":"Vinodeli O\u00dc","url":"https:\/\/vinodeli.ee\/","logo":{"@type":"ImageObject","inLanguage":"en-US","@id":"https:\/\/vinodeli.ee\/#\/schema\/logo\/image\/","url":"https:\/\/vinodeli.ee\/wp-content\/uploads\/2024\/02\/logo-winodeli-1.png","contentUrl":"https:\/\/vinodeli.ee\/wp-content\/uploads\/2024\/02\/logo-winodeli-1.png","width":1500,"height":1150,"caption":"Vinodeli O\u00dc"},"image":{"@id":"https:\/\/vinodeli.ee\/#\/schema\/logo\/image\/"}}]}},"_links":{"self":[{"href":"https:\/\/vinodeli.ee\/en\/wp-json\/wp\/v2\/product\/47853","targetHints":{"allow":["GET"]}}],"collection":[{"href":"https:\/\/vinodeli.ee\/en\/wp-json\/wp\/v2\/product"}],"about":[{"href":"https:\/\/vinodeli.ee\/en\/wp-json\/wp\/v2\/types\/product"}],"version-history":[{"count":0,"href":"https:\/\/vinodeli.ee\/en\/wp-json\/wp\/v2\/product\/47853\/revisions"}],"wp:featuredmedia":[{"embeddable":true,"href":"https:\/\/vinodeli.ee\/en\/wp-json\/wp\/v2\/media\/46088"}],"wp:attachment":[{"href":"https:\/\/vinodeli.ee\/en\/wp-json\/wp\/v2\/media?parent=47853"}],"wp:term":[{"taxonomy":"product_brand","embeddable":true,"href":"https:\/\/vinodeli.ee\/en\/wp-json\/wp\/v2\/product_brand?post=47853"},{"taxonomy":"product_cat","embeddable":true,"href":"https:\/\/vinodeli.ee\/en\/wp-json\/wp\/v2\/product_cat?post=47853"},{"taxonomy":"product_tag","embeddable":true,"href":"https:\/\/vinodeli.ee\/en\/wp-json\/wp\/v2\/product_tag?post=47853"}],"curies":[{"name":"wp","href":"https:\/\/api.w.org\/{rel}","templated":true}]}}