{"id":47855,"date":"2021-06-23T16:32:39","date_gmt":"2021-06-23T13:32:39","guid":{"rendered":"https:\/\/vinodeli.ee\/product\/boschetto-vecchio-chinato-vino-aromatizzato-guasti-clemente\/"},"modified":"2024-01-17T12:40:57","modified_gmt":"2024-01-17T10:40:57","slug":"boschetto-vecchio-chinato-vino-aromatizzato-guasti-clemente","status":"publish","type":"product","link":"https:\/\/vinodeli.ee\/en\/product\/boschetto-vecchio-chinato-vino-aromatizzato-guasti-clemente\/","title":{"rendered":"Guasti Clemente Boschetto Vecchio Chinato Vino Aromatizzato 16%"},"content":{"rendered":"<h3>Tasting notes<\/h3>\n<p>Ruby-red color with pomegranate reflections that become more marked with aging. Ample bouquet, with a pleasant hint of wood. Typical assertive taste, dry. Best served at a temperature of 18-20.<\/p>\n<h3>Food pairing<\/h3>\n<p>It pairs well with important first courses, roasts, game and cheeses.<\/p>\n","protected":false},"excerpt":{"rendered":"<blockquote>\n<h5>P\u00c4RITOLU: Piedmont, ItaaliaVeini t\u00fc\u00fcp: Maitsestatud magus veinViinamarjasort: Barbera d\u2019Asti<\/h5>\n<\/blockquote>\n<h5>P\u00e4rast perekonnaarhiivist iidse retsepti avastamist ning p\u00e4rast kahte aastat hoolikat ja l\u00e4bim\u00f5eldud hindamist ning degusteerimist s\u00fcndis 2001. aastal idee &#8220;barbera chinato&#8221;, milles on suure harmooniaga oluline ja tasakaalustatud struktuur traditsioonilistest tammevaatidest laagerdunud Cascina Boschetto Vecchio Barbera d&#8217;Asti ja jahvatatud \u00fcrtide ja v\u00fcrtside leotamisel saadud Hiina Calissaya baasil valmistatud aromaatse infusiooni delikatess.Oluline on r\u00f5hutada ekstraktide mittekasutamist!<\/h5>\n<h5>Barbera Chinato Boschetto Vecchio paistab silma suurep\u00e4rase harmoonia ning \u00f5ige tasakaalu magusa ja m\u00f5ru vahel.<\/h5>\n<h5><em>Serveerimistemperatuur: 6 &#8211; 8<\/em><em>\u00baC.<\/em><\/h5>\n<h5><em>Toidusoovitus: \u0160okolaadip\u00f5hised maiustused ja saiakesed, digestiivina <\/em><em>p\u00e4rast s\u00f6\u00f6ki.<\/em><\/h5>\n","protected":false},"featured_media":46094,"template":"","meta":{"_acf_changed":false},"product_brand":[],"product_cat":[19463],"product_tag":[],"class_list":{"0":"post-47855","1":"product","2":"type-product","3":"status-publish","4":"has-post-thumbnail","6":"product_cat-dessert-wine","8":"first","9":"instock","10":"downloadable","11":"taxable","12":"shipping-taxable","13":"purchasable","14":"product-type-simple"},"acf":[],"yoast_head":"<!-- This site is optimized with the Yoast SEO plugin v25.7 - https:\/\/yoast.com\/wordpress\/plugins\/seo\/ -->\n<title>Guasti Clemente Boschetto Vecchio Chinato Vino Aromatizzato 16% - Vinodeli<\/title>\n<meta name=\"robots\" content=\"index, follow, max-snippet:-1, max-image-preview:large, max-video-preview:-1\" \/>\n<link rel=\"canonical\" href=\"https:\/\/vinodeli.ee\/en\/product\/boschetto-vecchio-chinato-vino-aromatizzato-guasti-clemente\/\" \/>\n<meta property=\"og:locale\" content=\"en_US\" \/>\n<meta property=\"og:type\" content=\"article\" \/>\n<meta property=\"og:title\" content=\"Guasti Clemente Boschetto Vecchio Chinato Vino Aromatizzato 16% - Vinodeli\" \/>\n<meta property=\"og:description\" content=\"P\u00c4RITOLU: Piedmont, ItaaliaVeini t\u00fc\u00fcp: Maitsestatud magus veinViinamarjasort: Barbera d\u2019AstiP\u00e4rast perekonnaarhiivist iidse retsepti avastamist ning p\u00e4rast kahte aastat hoolikat ja l\u00e4bim\u00f5eldud hindamist ning degusteerimist s\u00fcndis 2001. aastal idee &quot;barbera chinato&quot;, milles on suure harmooniaga oluline ja tasakaalustatud struktuur traditsioonilistest tammevaatidest laagerdunud Cascina Boschetto Vecchio Barbera d&#039;Asti ja jahvatatud \u00fcrtide ja v\u00fcrtside leotamisel saadud Hiina Calissaya baasil valmistatud aromaatse infusiooni delikatess.Oluline on r\u00f5hutada ekstraktide mittekasutamist!Barbera Chinato Boschetto Vecchio paistab silma suurep\u00e4rase harmoonia ning \u00f5ige tasakaalu magusa ja m\u00f5ru vahel.Serveerimistemperatuur: 6 - 8\u00baC.Toidusoovitus: \u0160okolaadip\u00f5hised maiustused ja saiakesed, digestiivina p\u00e4rast s\u00f6\u00f6ki.\" \/>\n<meta property=\"og:url\" content=\"https:\/\/vinodeli.ee\/en\/product\/boschetto-vecchio-chinato-vino-aromatizzato-guasti-clemente\/\" \/>\n<meta property=\"og:site_name\" content=\"Vinodeli\" \/>\n<meta property=\"article:modified_time\" content=\"2024-01-17T10:40:57+00:00\" \/>\n<meta property=\"og:image\" content=\"https:\/\/vinodeli.ee\/wp-content\/uploads\/2023\/11\/4rtdu7tygfgmk6oqao48z-jpg-2.webp\" \/>\n\t<meta property=\"og:image:width\" content=\"1000\" \/>\n\t<meta property=\"og:image:height\" content=\"1000\" \/>\n\t<meta property=\"og:image:type\" content=\"image\/webp\" \/>\n<meta name=\"twitter:card\" content=\"summary_large_image\" \/>\n<script type=\"application\/ld+json\" class=\"yoast-schema-graph\">{\"@context\":\"https:\/\/schema.org\",\"@graph\":[{\"@type\":\"WebPage\",\"@id\":\"https:\/\/vinodeli.ee\/en\/product\/boschetto-vecchio-chinato-vino-aromatizzato-guasti-clemente\/\",\"url\":\"https:\/\/vinodeli.ee\/en\/product\/boschetto-vecchio-chinato-vino-aromatizzato-guasti-clemente\/\",\"name\":\"Guasti Clemente Boschetto Vecchio Chinato Vino Aromatizzato 16% - Vinodeli\",\"isPartOf\":{\"@id\":\"https:\/\/vinodeli.ee\/#website\"},\"primaryImageOfPage\":{\"@id\":\"https:\/\/vinodeli.ee\/en\/product\/boschetto-vecchio-chinato-vino-aromatizzato-guasti-clemente\/#primaryimage\"},\"image\":{\"@id\":\"https:\/\/vinodeli.ee\/en\/product\/boschetto-vecchio-chinato-vino-aromatizzato-guasti-clemente\/#primaryimage\"},\"thumbnailUrl\":\"https:\/\/vinodeli.ee\/wp-content\/uploads\/2023\/11\/4rtdu7tygfgmk6oqao48z-jpg-2.webp\",\"datePublished\":\"2021-06-23T13:32:39+00:00\",\"dateModified\":\"2024-01-17T10:40:57+00:00\",\"breadcrumb\":{\"@id\":\"https:\/\/vinodeli.ee\/en\/product\/boschetto-vecchio-chinato-vino-aromatizzato-guasti-clemente\/#breadcrumb\"},\"inLanguage\":\"en-US\",\"potentialAction\":[{\"@type\":\"ReadAction\",\"target\":[\"https:\/\/vinodeli.ee\/en\/product\/boschetto-vecchio-chinato-vino-aromatizzato-guasti-clemente\/\"]}]},{\"@type\":\"ImageObject\",\"inLanguage\":\"en-US\",\"@id\":\"https:\/\/vinodeli.ee\/en\/product\/boschetto-vecchio-chinato-vino-aromatizzato-guasti-clemente\/#primaryimage\",\"url\":\"https:\/\/vinodeli.ee\/wp-content\/uploads\/2023\/11\/4rtdu7tygfgmk6oqao48z-jpg-2.webp\",\"contentUrl\":\"https:\/\/vinodeli.ee\/wp-content\/uploads\/2023\/11\/4rtdu7tygfgmk6oqao48z-jpg-2.webp\",\"width\":1000,\"height\":1000},{\"@type\":\"BreadcrumbList\",\"@id\":\"https:\/\/vinodeli.ee\/en\/product\/boschetto-vecchio-chinato-vino-aromatizzato-guasti-clemente\/#breadcrumb\",\"itemListElement\":[{\"@type\":\"ListItem\",\"position\":1,\"name\":\"Home\",\"item\":\"https:\/\/vinodeli.ee\/en\/\"},{\"@type\":\"ListItem\",\"position\":2,\"name\":\"Shop\",\"item\":\"https:\/\/vinodeli.ee\/pood\/\"},{\"@type\":\"ListItem\",\"position\":3,\"name\":\"Guasti Clemente Boschetto Vecchio Chinato Vino Aromatizzato 16%\"}]},{\"@type\":\"WebSite\",\"@id\":\"https:\/\/vinodeli.ee\/#website\",\"url\":\"https:\/\/vinodeli.ee\/\",\"name\":\"Vinodeli\",\"description\":\"\",\"publisher\":{\"@id\":\"https:\/\/vinodeli.ee\/#organization\"},\"potentialAction\":[{\"@type\":\"SearchAction\",\"target\":{\"@type\":\"EntryPoint\",\"urlTemplate\":\"https:\/\/vinodeli.ee\/?s={search_term_string}\"},\"query-input\":{\"@type\":\"PropertyValueSpecification\",\"valueRequired\":true,\"valueName\":\"search_term_string\"}}],\"inLanguage\":\"en-US\"},{\"@type\":\"Organization\",\"@id\":\"https:\/\/vinodeli.ee\/#organization\",\"name\":\"Vinodeli O\u00dc\",\"url\":\"https:\/\/vinodeli.ee\/\",\"logo\":{\"@type\":\"ImageObject\",\"inLanguage\":\"en-US\",\"@id\":\"https:\/\/vinodeli.ee\/#\/schema\/logo\/image\/\",\"url\":\"https:\/\/vinodeli.ee\/wp-content\/uploads\/2024\/02\/logo-winodeli-1.png\",\"contentUrl\":\"https:\/\/vinodeli.ee\/wp-content\/uploads\/2024\/02\/logo-winodeli-1.png\",\"width\":1500,\"height\":1150,\"caption\":\"Vinodeli O\u00dc\"},\"image\":{\"@id\":\"https:\/\/vinodeli.ee\/#\/schema\/logo\/image\/\"}}]}<\/script>\n<!-- \/ Yoast SEO plugin. -->","yoast_head_json":{"title":"Guasti Clemente Boschetto Vecchio Chinato Vino Aromatizzato 16% - Vinodeli","robots":{"index":"index","follow":"follow","max-snippet":"max-snippet:-1","max-image-preview":"max-image-preview:large","max-video-preview":"max-video-preview:-1"},"canonical":"https:\/\/vinodeli.ee\/en\/product\/boschetto-vecchio-chinato-vino-aromatizzato-guasti-clemente\/","og_locale":"en_US","og_type":"article","og_title":"Guasti Clemente Boschetto Vecchio Chinato Vino Aromatizzato 16% - Vinodeli","og_description":"P\u00c4RITOLU: Piedmont, ItaaliaVeini t\u00fc\u00fcp: Maitsestatud magus veinViinamarjasort: Barbera d\u2019AstiP\u00e4rast perekonnaarhiivist iidse retsepti avastamist ning p\u00e4rast kahte aastat hoolikat ja l\u00e4bim\u00f5eldud hindamist ning degusteerimist s\u00fcndis 2001. aastal idee \"barbera chinato\", milles on suure harmooniaga oluline ja tasakaalustatud struktuur traditsioonilistest tammevaatidest laagerdunud Cascina Boschetto Vecchio Barbera d'Asti ja jahvatatud \u00fcrtide ja v\u00fcrtside leotamisel saadud Hiina Calissaya baasil valmistatud aromaatse infusiooni delikatess.Oluline on r\u00f5hutada ekstraktide mittekasutamist!Barbera Chinato Boschetto Vecchio paistab silma suurep\u00e4rase harmoonia ning \u00f5ige tasakaalu magusa ja m\u00f5ru vahel.Serveerimistemperatuur: 6 - 8\u00baC.Toidusoovitus: \u0160okolaadip\u00f5hised maiustused ja saiakesed, digestiivina p\u00e4rast s\u00f6\u00f6ki.","og_url":"https:\/\/vinodeli.ee\/en\/product\/boschetto-vecchio-chinato-vino-aromatizzato-guasti-clemente\/","og_site_name":"Vinodeli","article_modified_time":"2024-01-17T10:40:57+00:00","og_image":[{"width":1000,"height":1000,"url":"https:\/\/vinodeli.ee\/wp-content\/uploads\/2023\/11\/4rtdu7tygfgmk6oqao48z-jpg-2.webp","type":"image\/webp"}],"twitter_card":"summary_large_image","schema":{"@context":"https:\/\/schema.org","@graph":[{"@type":"WebPage","@id":"https:\/\/vinodeli.ee\/en\/product\/boschetto-vecchio-chinato-vino-aromatizzato-guasti-clemente\/","url":"https:\/\/vinodeli.ee\/en\/product\/boschetto-vecchio-chinato-vino-aromatizzato-guasti-clemente\/","name":"Guasti Clemente Boschetto Vecchio Chinato Vino Aromatizzato 16% - Vinodeli","isPartOf":{"@id":"https:\/\/vinodeli.ee\/#website"},"primaryImageOfPage":{"@id":"https:\/\/vinodeli.ee\/en\/product\/boschetto-vecchio-chinato-vino-aromatizzato-guasti-clemente\/#primaryimage"},"image":{"@id":"https:\/\/vinodeli.ee\/en\/product\/boschetto-vecchio-chinato-vino-aromatizzato-guasti-clemente\/#primaryimage"},"thumbnailUrl":"https:\/\/vinodeli.ee\/wp-content\/uploads\/2023\/11\/4rtdu7tygfgmk6oqao48z-jpg-2.webp","datePublished":"2021-06-23T13:32:39+00:00","dateModified":"2024-01-17T10:40:57+00:00","breadcrumb":{"@id":"https:\/\/vinodeli.ee\/en\/product\/boschetto-vecchio-chinato-vino-aromatizzato-guasti-clemente\/#breadcrumb"},"inLanguage":"en-US","potentialAction":[{"@type":"ReadAction","target":["https:\/\/vinodeli.ee\/en\/product\/boschetto-vecchio-chinato-vino-aromatizzato-guasti-clemente\/"]}]},{"@type":"ImageObject","inLanguage":"en-US","@id":"https:\/\/vinodeli.ee\/en\/product\/boschetto-vecchio-chinato-vino-aromatizzato-guasti-clemente\/#primaryimage","url":"https:\/\/vinodeli.ee\/wp-content\/uploads\/2023\/11\/4rtdu7tygfgmk6oqao48z-jpg-2.webp","contentUrl":"https:\/\/vinodeli.ee\/wp-content\/uploads\/2023\/11\/4rtdu7tygfgmk6oqao48z-jpg-2.webp","width":1000,"height":1000},{"@type":"BreadcrumbList","@id":"https:\/\/vinodeli.ee\/en\/product\/boschetto-vecchio-chinato-vino-aromatizzato-guasti-clemente\/#breadcrumb","itemListElement":[{"@type":"ListItem","position":1,"name":"Home","item":"https:\/\/vinodeli.ee\/en\/"},{"@type":"ListItem","position":2,"name":"Shop","item":"https:\/\/vinodeli.ee\/pood\/"},{"@type":"ListItem","position":3,"name":"Guasti Clemente Boschetto Vecchio Chinato Vino Aromatizzato 16%"}]},{"@type":"WebSite","@id":"https:\/\/vinodeli.ee\/#website","url":"https:\/\/vinodeli.ee\/","name":"Vinodeli","description":"","publisher":{"@id":"https:\/\/vinodeli.ee\/#organization"},"potentialAction":[{"@type":"SearchAction","target":{"@type":"EntryPoint","urlTemplate":"https:\/\/vinodeli.ee\/?s={search_term_string}"},"query-input":{"@type":"PropertyValueSpecification","valueRequired":true,"valueName":"search_term_string"}}],"inLanguage":"en-US"},{"@type":"Organization","@id":"https:\/\/vinodeli.ee\/#organization","name":"Vinodeli O\u00dc","url":"https:\/\/vinodeli.ee\/","logo":{"@type":"ImageObject","inLanguage":"en-US","@id":"https:\/\/vinodeli.ee\/#\/schema\/logo\/image\/","url":"https:\/\/vinodeli.ee\/wp-content\/uploads\/2024\/02\/logo-winodeli-1.png","contentUrl":"https:\/\/vinodeli.ee\/wp-content\/uploads\/2024\/02\/logo-winodeli-1.png","width":1500,"height":1150,"caption":"Vinodeli O\u00dc"},"image":{"@id":"https:\/\/vinodeli.ee\/#\/schema\/logo\/image\/"}}]}},"_links":{"self":[{"href":"https:\/\/vinodeli.ee\/en\/wp-json\/wp\/v2\/product\/47855","targetHints":{"allow":["GET"]}}],"collection":[{"href":"https:\/\/vinodeli.ee\/en\/wp-json\/wp\/v2\/product"}],"about":[{"href":"https:\/\/vinodeli.ee\/en\/wp-json\/wp\/v2\/types\/product"}],"version-history":[{"count":0,"href":"https:\/\/vinodeli.ee\/en\/wp-json\/wp\/v2\/product\/47855\/revisions"}],"wp:featuredmedia":[{"embeddable":true,"href":"https:\/\/vinodeli.ee\/en\/wp-json\/wp\/v2\/media\/46094"}],"wp:attachment":[{"href":"https:\/\/vinodeli.ee\/en\/wp-json\/wp\/v2\/media?parent=47855"}],"wp:term":[{"taxonomy":"product_brand","embeddable":true,"href":"https:\/\/vinodeli.ee\/en\/wp-json\/wp\/v2\/product_brand?post=47855"},{"taxonomy":"product_cat","embeddable":true,"href":"https:\/\/vinodeli.ee\/en\/wp-json\/wp\/v2\/product_cat?post=47855"},{"taxonomy":"product_tag","embeddable":true,"href":"https:\/\/vinodeli.ee\/en\/wp-json\/wp\/v2\/product_tag?post=47855"}],"curies":[{"name":"wp","href":"https:\/\/api.w.org\/{rel}","templated":true}]}}