{"id":47866,"date":"2021-06-23T15:31:33","date_gmt":"2021-06-23T12:31:33","guid":{"rendered":"https:\/\/vinodeli.ee\/product\/guasti-clemente-spumante-asti\/"},"modified":"2024-01-17T13:29:24","modified_gmt":"2024-01-17T11:29:24","slug":"guasti-clemente-spumante-asti","status":"publish","type":"product","link":"https:\/\/vinodeli.ee\/en\/product\/guasti-clemente-spumante-asti\/","title":{"rendered":"Guasti Clemente Spumante Asti DOCG 6.5% vol."},"content":{"rendered":"<h3>Degustation notes<\/h3>\n<p>Straw-yellow color with greenish reflections. Highly intense bouquet with a characteristic musky hint. Delicate taste, aromatic and sweet, typical of moscato (muscat). Best served at a temperature of 8-10.<\/p>\n<h3>Food pairing<\/h3>\n<p>It perfectly pairs with fruit, pastries and sweets.<\/p>\n","protected":false},"excerpt":{"rendered":"<blockquote>\n<h5>P\u00c4RITOLU: Piedmont, ItaaliaVeini t\u00fc\u00fcp: Magus valge vahuveinViinamarjasort: 100% Moscato<\/h5>\n<\/blockquote>\n<h5>\u00d5lekollane rohekate peegeldustega. V\u00e4ga intensiivne, l\u00f5hnav kimp, millel on iseloomulik muskusenoot. \u00d5rn, aromaatne ja magus maitse, iseloomulik Muscatile.<\/h5>\n<h5>Serveerimistemperatuur: 6 &#8211; 8 \u00b0C.<\/h5>\n<h5><em>Toidusoovitus: Puuviljad, saiakesed ja maiustused.<\/em><\/h5>\n<h5><strong>Ei sobi hoidmiseks.<\/strong><\/h5>\n","protected":false},"featured_media":46120,"template":"","meta":{"_acf_changed":false},"product_brand":[],"product_cat":[22101,19488,19496],"product_tag":[],"class_list":{"0":"post-47866","1":"product","2":"type-product","3":"status-publish","4":"has-post-thumbnail","6":"product_cat-semi-dry-semi-sweet","7":"product_cat-sparkling-wine","8":"product_cat-other-charmat-method-en","10":"first","11":"outofstock","12":"downloadable","13":"taxable","14":"shipping-taxable","15":"purchasable","16":"product-type-simple"},"acf":[],"yoast_head":"<!-- This site is optimized with the Yoast SEO plugin v25.7 - https:\/\/yoast.com\/wordpress\/plugins\/seo\/ -->\n<title>Guasti Clemente Spumante Asti DOCG 6.5% vol. - Vinodeli<\/title>\n<meta name=\"robots\" content=\"index, follow, max-snippet:-1, max-image-preview:large, max-video-preview:-1\" \/>\n<link rel=\"canonical\" href=\"https:\/\/vinodeli.ee\/en\/product\/guasti-clemente-spumante-asti\/\" \/>\n<meta property=\"og:locale\" content=\"en_US\" \/>\n<meta property=\"og:type\" content=\"article\" \/>\n<meta property=\"og:title\" content=\"Guasti Clemente Spumante Asti DOCG 6.5% vol. - Vinodeli\" \/>\n<meta property=\"og:description\" content=\"P\u00c4RITOLU: Piedmont, ItaaliaVeini t\u00fc\u00fcp: Magus valge vahuveinViinamarjasort: 100% Moscato\u00d5lekollane rohekate peegeldustega. V\u00e4ga intensiivne, l\u00f5hnav kimp, millel on iseloomulik muskusenoot. \u00d5rn, aromaatne ja magus maitse, iseloomulik Muscatile.Serveerimistemperatuur: 6 - 8 \u00b0C.Toidusoovitus: Puuviljad, saiakesed ja maiustused.Ei sobi hoidmiseks.\" \/>\n<meta property=\"og:url\" content=\"https:\/\/vinodeli.ee\/en\/product\/guasti-clemente-spumante-asti\/\" \/>\n<meta property=\"og:site_name\" content=\"Vinodeli\" \/>\n<meta property=\"article:modified_time\" content=\"2024-01-17T11:29:24+00:00\" \/>\n<meta property=\"og:image\" content=\"https:\/\/vinodeli.ee\/wp-content\/uploads\/2023\/11\/asti_spumante-jpg-2.webp\" \/>\n\t<meta property=\"og:image:width\" content=\"990\" \/>\n\t<meta property=\"og:image:height\" content=\"990\" \/>\n\t<meta property=\"og:image:type\" content=\"image\/webp\" \/>\n<meta name=\"twitter:card\" content=\"summary_large_image\" \/>\n<script type=\"application\/ld+json\" class=\"yoast-schema-graph\">{\"@context\":\"https:\/\/schema.org\",\"@graph\":[{\"@type\":\"WebPage\",\"@id\":\"https:\/\/vinodeli.ee\/en\/product\/guasti-clemente-spumante-asti\/\",\"url\":\"https:\/\/vinodeli.ee\/en\/product\/guasti-clemente-spumante-asti\/\",\"name\":\"Guasti Clemente Spumante Asti DOCG 6.5% vol. - Vinodeli\",\"isPartOf\":{\"@id\":\"https:\/\/vinodeli.ee\/#website\"},\"primaryImageOfPage\":{\"@id\":\"https:\/\/vinodeli.ee\/en\/product\/guasti-clemente-spumante-asti\/#primaryimage\"},\"image\":{\"@id\":\"https:\/\/vinodeli.ee\/en\/product\/guasti-clemente-spumante-asti\/#primaryimage\"},\"thumbnailUrl\":\"https:\/\/vinodeli.ee\/wp-content\/uploads\/2023\/11\/asti_spumante-jpg-2.webp\",\"datePublished\":\"2021-06-23T12:31:33+00:00\",\"dateModified\":\"2024-01-17T11:29:24+00:00\",\"breadcrumb\":{\"@id\":\"https:\/\/vinodeli.ee\/en\/product\/guasti-clemente-spumante-asti\/#breadcrumb\"},\"inLanguage\":\"en-US\",\"potentialAction\":[{\"@type\":\"ReadAction\",\"target\":[\"https:\/\/vinodeli.ee\/en\/product\/guasti-clemente-spumante-asti\/\"]}]},{\"@type\":\"ImageObject\",\"inLanguage\":\"en-US\",\"@id\":\"https:\/\/vinodeli.ee\/en\/product\/guasti-clemente-spumante-asti\/#primaryimage\",\"url\":\"https:\/\/vinodeli.ee\/wp-content\/uploads\/2023\/11\/asti_spumante-jpg-2.webp\",\"contentUrl\":\"https:\/\/vinodeli.ee\/wp-content\/uploads\/2023\/11\/asti_spumante-jpg-2.webp\",\"width\":990,\"height\":990},{\"@type\":\"BreadcrumbList\",\"@id\":\"https:\/\/vinodeli.ee\/en\/product\/guasti-clemente-spumante-asti\/#breadcrumb\",\"itemListElement\":[{\"@type\":\"ListItem\",\"position\":1,\"name\":\"Home\",\"item\":\"https:\/\/vinodeli.ee\/en\/\"},{\"@type\":\"ListItem\",\"position\":2,\"name\":\"Shop\",\"item\":\"https:\/\/vinodeli.ee\/pood\/\"},{\"@type\":\"ListItem\",\"position\":3,\"name\":\"Guasti Clemente Spumante Asti DOCG 6.5% vol.\"}]},{\"@type\":\"WebSite\",\"@id\":\"https:\/\/vinodeli.ee\/#website\",\"url\":\"https:\/\/vinodeli.ee\/\",\"name\":\"Vinodeli\",\"description\":\"\",\"publisher\":{\"@id\":\"https:\/\/vinodeli.ee\/#organization\"},\"potentialAction\":[{\"@type\":\"SearchAction\",\"target\":{\"@type\":\"EntryPoint\",\"urlTemplate\":\"https:\/\/vinodeli.ee\/?s={search_term_string}\"},\"query-input\":{\"@type\":\"PropertyValueSpecification\",\"valueRequired\":true,\"valueName\":\"search_term_string\"}}],\"inLanguage\":\"en-US\"},{\"@type\":\"Organization\",\"@id\":\"https:\/\/vinodeli.ee\/#organization\",\"name\":\"Vinodeli O\u00dc\",\"url\":\"https:\/\/vinodeli.ee\/\",\"logo\":{\"@type\":\"ImageObject\",\"inLanguage\":\"en-US\",\"@id\":\"https:\/\/vinodeli.ee\/#\/schema\/logo\/image\/\",\"url\":\"https:\/\/vinodeli.ee\/wp-content\/uploads\/2024\/02\/logo-winodeli-1.png\",\"contentUrl\":\"https:\/\/vinodeli.ee\/wp-content\/uploads\/2024\/02\/logo-winodeli-1.png\",\"width\":1500,\"height\":1150,\"caption\":\"Vinodeli O\u00dc\"},\"image\":{\"@id\":\"https:\/\/vinodeli.ee\/#\/schema\/logo\/image\/\"}}]}<\/script>\n<!-- \/ Yoast SEO plugin. -->","yoast_head_json":{"title":"Guasti Clemente Spumante Asti DOCG 6.5% vol. - Vinodeli","robots":{"index":"index","follow":"follow","max-snippet":"max-snippet:-1","max-image-preview":"max-image-preview:large","max-video-preview":"max-video-preview:-1"},"canonical":"https:\/\/vinodeli.ee\/en\/product\/guasti-clemente-spumante-asti\/","og_locale":"en_US","og_type":"article","og_title":"Guasti Clemente Spumante Asti DOCG 6.5% vol. - Vinodeli","og_description":"P\u00c4RITOLU: Piedmont, ItaaliaVeini t\u00fc\u00fcp: Magus valge vahuveinViinamarjasort: 100% Moscato\u00d5lekollane rohekate peegeldustega. V\u00e4ga intensiivne, l\u00f5hnav kimp, millel on iseloomulik muskusenoot. \u00d5rn, aromaatne ja magus maitse, iseloomulik Muscatile.Serveerimistemperatuur: 6 - 8 \u00b0C.Toidusoovitus: Puuviljad, saiakesed ja maiustused.Ei sobi hoidmiseks.","og_url":"https:\/\/vinodeli.ee\/en\/product\/guasti-clemente-spumante-asti\/","og_site_name":"Vinodeli","article_modified_time":"2024-01-17T11:29:24+00:00","og_image":[{"width":990,"height":990,"url":"https:\/\/vinodeli.ee\/wp-content\/uploads\/2023\/11\/asti_spumante-jpg-2.webp","type":"image\/webp"}],"twitter_card":"summary_large_image","schema":{"@context":"https:\/\/schema.org","@graph":[{"@type":"WebPage","@id":"https:\/\/vinodeli.ee\/en\/product\/guasti-clemente-spumante-asti\/","url":"https:\/\/vinodeli.ee\/en\/product\/guasti-clemente-spumante-asti\/","name":"Guasti Clemente Spumante Asti DOCG 6.5% vol. - Vinodeli","isPartOf":{"@id":"https:\/\/vinodeli.ee\/#website"},"primaryImageOfPage":{"@id":"https:\/\/vinodeli.ee\/en\/product\/guasti-clemente-spumante-asti\/#primaryimage"},"image":{"@id":"https:\/\/vinodeli.ee\/en\/product\/guasti-clemente-spumante-asti\/#primaryimage"},"thumbnailUrl":"https:\/\/vinodeli.ee\/wp-content\/uploads\/2023\/11\/asti_spumante-jpg-2.webp","datePublished":"2021-06-23T12:31:33+00:00","dateModified":"2024-01-17T11:29:24+00:00","breadcrumb":{"@id":"https:\/\/vinodeli.ee\/en\/product\/guasti-clemente-spumante-asti\/#breadcrumb"},"inLanguage":"en-US","potentialAction":[{"@type":"ReadAction","target":["https:\/\/vinodeli.ee\/en\/product\/guasti-clemente-spumante-asti\/"]}]},{"@type":"ImageObject","inLanguage":"en-US","@id":"https:\/\/vinodeli.ee\/en\/product\/guasti-clemente-spumante-asti\/#primaryimage","url":"https:\/\/vinodeli.ee\/wp-content\/uploads\/2023\/11\/asti_spumante-jpg-2.webp","contentUrl":"https:\/\/vinodeli.ee\/wp-content\/uploads\/2023\/11\/asti_spumante-jpg-2.webp","width":990,"height":990},{"@type":"BreadcrumbList","@id":"https:\/\/vinodeli.ee\/en\/product\/guasti-clemente-spumante-asti\/#breadcrumb","itemListElement":[{"@type":"ListItem","position":1,"name":"Home","item":"https:\/\/vinodeli.ee\/en\/"},{"@type":"ListItem","position":2,"name":"Shop","item":"https:\/\/vinodeli.ee\/pood\/"},{"@type":"ListItem","position":3,"name":"Guasti Clemente Spumante Asti DOCG 6.5% vol."}]},{"@type":"WebSite","@id":"https:\/\/vinodeli.ee\/#website","url":"https:\/\/vinodeli.ee\/","name":"Vinodeli","description":"","publisher":{"@id":"https:\/\/vinodeli.ee\/#organization"},"potentialAction":[{"@type":"SearchAction","target":{"@type":"EntryPoint","urlTemplate":"https:\/\/vinodeli.ee\/?s={search_term_string}"},"query-input":{"@type":"PropertyValueSpecification","valueRequired":true,"valueName":"search_term_string"}}],"inLanguage":"en-US"},{"@type":"Organization","@id":"https:\/\/vinodeli.ee\/#organization","name":"Vinodeli O\u00dc","url":"https:\/\/vinodeli.ee\/","logo":{"@type":"ImageObject","inLanguage":"en-US","@id":"https:\/\/vinodeli.ee\/#\/schema\/logo\/image\/","url":"https:\/\/vinodeli.ee\/wp-content\/uploads\/2024\/02\/logo-winodeli-1.png","contentUrl":"https:\/\/vinodeli.ee\/wp-content\/uploads\/2024\/02\/logo-winodeli-1.png","width":1500,"height":1150,"caption":"Vinodeli O\u00dc"},"image":{"@id":"https:\/\/vinodeli.ee\/#\/schema\/logo\/image\/"}}]}},"_links":{"self":[{"href":"https:\/\/vinodeli.ee\/en\/wp-json\/wp\/v2\/product\/47866","targetHints":{"allow":["GET"]}}],"collection":[{"href":"https:\/\/vinodeli.ee\/en\/wp-json\/wp\/v2\/product"}],"about":[{"href":"https:\/\/vinodeli.ee\/en\/wp-json\/wp\/v2\/types\/product"}],"version-history":[{"count":0,"href":"https:\/\/vinodeli.ee\/en\/wp-json\/wp\/v2\/product\/47866\/revisions"}],"wp:featuredmedia":[{"embeddable":true,"href":"https:\/\/vinodeli.ee\/en\/wp-json\/wp\/v2\/media\/46120"}],"wp:attachment":[{"href":"https:\/\/vinodeli.ee\/en\/wp-json\/wp\/v2\/media?parent=47866"}],"wp:term":[{"taxonomy":"product_brand","embeddable":true,"href":"https:\/\/vinodeli.ee\/en\/wp-json\/wp\/v2\/product_brand?post=47866"},{"taxonomy":"product_cat","embeddable":true,"href":"https:\/\/vinodeli.ee\/en\/wp-json\/wp\/v2\/product_cat?post=47866"},{"taxonomy":"product_tag","embeddable":true,"href":"https:\/\/vinodeli.ee\/en\/wp-json\/wp\/v2\/product_tag?post=47866"}],"curies":[{"name":"wp","href":"https:\/\/api.w.org\/{rel}","templated":true}]}}