{"id":47918,"date":"2021-06-23T10:21:40","date_gmt":"2021-06-23T07:21:40","guid":{"rendered":"https:\/\/vinodeli.ee\/product\/primitivo-puglia-de-feudis\/"},"modified":"2024-01-31T11:15:59","modified_gmt":"2024-01-31T09:15:59","slug":"primitivo-puglia-de-feudis","status":"publish","type":"product","link":"https:\/\/vinodeli.ee\/en\/product\/primitivo-puglia-de-feudis\/","title":{"rendered":"De Feudis Primitivo Puglia IGP 2019 13% vol."},"content":{"rendered":"<h3>About wine<\/h3>\n<p>The De Feudis wines are a testimonial of the very old Pugliese origins of the Fabiano family. Towards the end of the 1880s Sergio De Feudis had a daughter called Antonietta De Feudis who was born in Trani. She married Francesco Fabiano, founder of the Fabiano winery, which began in southern Italy and later transferred to the Veneto region. The De Feudis wines come from a collaboration between Fabiano, who has been making wine for over a hundred years, and Varvaglione, an esteemed friend and renowned grape grower from Puglia; they started a long history of combining typical regional grapes with years of wine-making experience.<\/p>\n<h3>Tasting notes<\/h3>\n<p>By Primitivo grapes this wine stands out for its ruby red color with violet hints, a very intense nose reminiscent of red fruit preserved in alcohol, plum jam, liquorice and dried fruits. A full-bodied wine, smooth and balanced. Best served at a temperature of 16-18\u00b0C.<\/p>\n<h3>Food pairing<\/h3>\n<p>Perfect with all dishes, especially in particular meat dishes.<\/p>\n","protected":false},"excerpt":{"rendered":"<blockquote>\n<h5>P\u00c4RITOLU: Apuulia, ItaaliaVeini t\u00fc\u00fcp: Kuiv punane veinViinamarjasort: 100% Primitivo<\/h5>\n<\/blockquote>\n<h5>Laagerdamine toimub roostevabas terases.<\/h5>\n<h5>Punast v\u00e4rvi lillade toonidega. Nina on t\u00fc\u00fcpiline, v\u00e4ga intensiivne ja meenutab punaste puuviljade aistinguid alkoholis, ploomimoosi koos v\u00fcrtsikate lagritsanootide ja kuivatatud puuviljadega. T\u00e4idlane, pehme, hea struktuuriga ja tasakaalustatud vein.<\/h5>\n<h5><em>Serveerimistemperatuur: <\/em><em>16-18\u00baC.<\/em><\/h5>\n<h5><em>Toidusoovitus: sobib k\u00f5ikide s\u00f6\u00f6gikordade k\u00f5rvale, parandab lihapearoogade maitset.<\/em><\/h5>\n","protected":false},"featured_media":46198,"template":"","meta":{"_acf_changed":false},"product_brand":[],"product_cat":[19462],"product_tag":[],"class_list":{"0":"post-47918","1":"product","2":"type-product","3":"status-publish","4":"has-post-thumbnail","6":"product_cat-red-wine","8":"first","9":"outofstock","10":"downloadable","11":"taxable","12":"shipping-taxable","13":"purchasable","14":"product-type-simple"},"acf":[],"yoast_head":"<!-- This site is optimized with the Yoast SEO plugin v25.7 - https:\/\/yoast.com\/wordpress\/plugins\/seo\/ -->\n<title>De Feudis Primitivo Puglia IGP 2019 13% vol. - Vinodeli<\/title>\n<meta name=\"robots\" content=\"index, follow, max-snippet:-1, max-image-preview:large, max-video-preview:-1\" \/>\n<link rel=\"canonical\" href=\"https:\/\/vinodeli.ee\/en\/product\/primitivo-puglia-de-feudis\/\" \/>\n<meta property=\"og:locale\" content=\"en_US\" \/>\n<meta property=\"og:type\" content=\"article\" \/>\n<meta property=\"og:title\" content=\"De Feudis Primitivo Puglia IGP 2019 13% vol. - Vinodeli\" \/>\n<meta property=\"og:description\" content=\"P\u00c4RITOLU: Apuulia, ItaaliaVeini t\u00fc\u00fcp: Kuiv punane veinViinamarjasort: 100% PrimitivoLaagerdamine toimub roostevabas terases.Punast v\u00e4rvi lillade toonidega. Nina on t\u00fc\u00fcpiline, v\u00e4ga intensiivne ja meenutab punaste puuviljade aistinguid alkoholis, ploomimoosi koos v\u00fcrtsikate lagritsanootide ja kuivatatud puuviljadega. T\u00e4idlane, pehme, hea struktuuriga ja tasakaalustatud vein.Serveerimistemperatuur: 16-18\u00baC.Toidusoovitus: sobib k\u00f5ikide s\u00f6\u00f6gikordade k\u00f5rvale, parandab lihapearoogade maitset.\" \/>\n<meta property=\"og:url\" content=\"https:\/\/vinodeli.ee\/en\/product\/primitivo-puglia-de-feudis\/\" \/>\n<meta property=\"og:site_name\" content=\"Vinodeli\" \/>\n<meta property=\"article:modified_time\" content=\"2024-01-31T09:15:59+00:00\" \/>\n<meta property=\"og:image\" content=\"https:\/\/vinodeli.ee\/wp-content\/uploads\/2023\/11\/001_000_de_feudis_primitivo_igt_puglia-jpg-2.webp\" \/>\n\t<meta property=\"og:image:width\" content=\"750\" \/>\n\t<meta property=\"og:image:height\" content=\"715\" \/>\n\t<meta property=\"og:image:type\" content=\"image\/webp\" \/>\n<meta name=\"twitter:card\" content=\"summary_large_image\" \/>\n<meta name=\"twitter:label1\" content=\"Est. reading time\" \/>\n\t<meta name=\"twitter:data1\" content=\"1 minute\" \/>\n<script type=\"application\/ld+json\" class=\"yoast-schema-graph\">{\"@context\":\"https:\/\/schema.org\",\"@graph\":[{\"@type\":\"WebPage\",\"@id\":\"https:\/\/vinodeli.ee\/en\/product\/primitivo-puglia-de-feudis\/\",\"url\":\"https:\/\/vinodeli.ee\/en\/product\/primitivo-puglia-de-feudis\/\",\"name\":\"De Feudis Primitivo Puglia IGP 2019 13% vol. - Vinodeli\",\"isPartOf\":{\"@id\":\"https:\/\/vinodeli.ee\/#website\"},\"primaryImageOfPage\":{\"@id\":\"https:\/\/vinodeli.ee\/en\/product\/primitivo-puglia-de-feudis\/#primaryimage\"},\"image\":{\"@id\":\"https:\/\/vinodeli.ee\/en\/product\/primitivo-puglia-de-feudis\/#primaryimage\"},\"thumbnailUrl\":\"https:\/\/vinodeli.ee\/wp-content\/uploads\/2023\/11\/001_000_de_feudis_primitivo_igt_puglia-jpg-2.webp\",\"datePublished\":\"2021-06-23T07:21:40+00:00\",\"dateModified\":\"2024-01-31T09:15:59+00:00\",\"breadcrumb\":{\"@id\":\"https:\/\/vinodeli.ee\/en\/product\/primitivo-puglia-de-feudis\/#breadcrumb\"},\"inLanguage\":\"en-US\",\"potentialAction\":[{\"@type\":\"ReadAction\",\"target\":[\"https:\/\/vinodeli.ee\/en\/product\/primitivo-puglia-de-feudis\/\"]}]},{\"@type\":\"ImageObject\",\"inLanguage\":\"en-US\",\"@id\":\"https:\/\/vinodeli.ee\/en\/product\/primitivo-puglia-de-feudis\/#primaryimage\",\"url\":\"https:\/\/vinodeli.ee\/wp-content\/uploads\/2023\/11\/001_000_de_feudis_primitivo_igt_puglia-jpg-2.webp\",\"contentUrl\":\"https:\/\/vinodeli.ee\/wp-content\/uploads\/2023\/11\/001_000_de_feudis_primitivo_igt_puglia-jpg-2.webp\",\"width\":750,\"height\":715},{\"@type\":\"BreadcrumbList\",\"@id\":\"https:\/\/vinodeli.ee\/en\/product\/primitivo-puglia-de-feudis\/#breadcrumb\",\"itemListElement\":[{\"@type\":\"ListItem\",\"position\":1,\"name\":\"Home\",\"item\":\"https:\/\/vinodeli.ee\/en\/\"},{\"@type\":\"ListItem\",\"position\":2,\"name\":\"Shop\",\"item\":\"https:\/\/vinodeli.ee\/pood\/\"},{\"@type\":\"ListItem\",\"position\":3,\"name\":\"De Feudis Primitivo Puglia IGP 2019 13% vol.\"}]},{\"@type\":\"WebSite\",\"@id\":\"https:\/\/vinodeli.ee\/#website\",\"url\":\"https:\/\/vinodeli.ee\/\",\"name\":\"Vinodeli\",\"description\":\"\",\"publisher\":{\"@id\":\"https:\/\/vinodeli.ee\/#organization\"},\"potentialAction\":[{\"@type\":\"SearchAction\",\"target\":{\"@type\":\"EntryPoint\",\"urlTemplate\":\"https:\/\/vinodeli.ee\/?s={search_term_string}\"},\"query-input\":{\"@type\":\"PropertyValueSpecification\",\"valueRequired\":true,\"valueName\":\"search_term_string\"}}],\"inLanguage\":\"en-US\"},{\"@type\":\"Organization\",\"@id\":\"https:\/\/vinodeli.ee\/#organization\",\"name\":\"Vinodeli O\u00dc\",\"url\":\"https:\/\/vinodeli.ee\/\",\"logo\":{\"@type\":\"ImageObject\",\"inLanguage\":\"en-US\",\"@id\":\"https:\/\/vinodeli.ee\/#\/schema\/logo\/image\/\",\"url\":\"https:\/\/vinodeli.ee\/wp-content\/uploads\/2024\/02\/logo-winodeli-1.png\",\"contentUrl\":\"https:\/\/vinodeli.ee\/wp-content\/uploads\/2024\/02\/logo-winodeli-1.png\",\"width\":1500,\"height\":1150,\"caption\":\"Vinodeli O\u00dc\"},\"image\":{\"@id\":\"https:\/\/vinodeli.ee\/#\/schema\/logo\/image\/\"}}]}<\/script>\n<!-- \/ Yoast SEO plugin. -->","yoast_head_json":{"title":"De Feudis Primitivo Puglia IGP 2019 13% vol. - Vinodeli","robots":{"index":"index","follow":"follow","max-snippet":"max-snippet:-1","max-image-preview":"max-image-preview:large","max-video-preview":"max-video-preview:-1"},"canonical":"https:\/\/vinodeli.ee\/en\/product\/primitivo-puglia-de-feudis\/","og_locale":"en_US","og_type":"article","og_title":"De Feudis Primitivo Puglia IGP 2019 13% vol. - Vinodeli","og_description":"P\u00c4RITOLU: Apuulia, ItaaliaVeini t\u00fc\u00fcp: Kuiv punane veinViinamarjasort: 100% PrimitivoLaagerdamine toimub roostevabas terases.Punast v\u00e4rvi lillade toonidega. Nina on t\u00fc\u00fcpiline, v\u00e4ga intensiivne ja meenutab punaste puuviljade aistinguid alkoholis, ploomimoosi koos v\u00fcrtsikate lagritsanootide ja kuivatatud puuviljadega. T\u00e4idlane, pehme, hea struktuuriga ja tasakaalustatud vein.Serveerimistemperatuur: 16-18\u00baC.Toidusoovitus: sobib k\u00f5ikide s\u00f6\u00f6gikordade k\u00f5rvale, parandab lihapearoogade maitset.","og_url":"https:\/\/vinodeli.ee\/en\/product\/primitivo-puglia-de-feudis\/","og_site_name":"Vinodeli","article_modified_time":"2024-01-31T09:15:59+00:00","og_image":[{"width":750,"height":715,"url":"https:\/\/vinodeli.ee\/wp-content\/uploads\/2023\/11\/001_000_de_feudis_primitivo_igt_puglia-jpg-2.webp","type":"image\/webp"}],"twitter_card":"summary_large_image","twitter_misc":{"Est. reading time":"1 minute"},"schema":{"@context":"https:\/\/schema.org","@graph":[{"@type":"WebPage","@id":"https:\/\/vinodeli.ee\/en\/product\/primitivo-puglia-de-feudis\/","url":"https:\/\/vinodeli.ee\/en\/product\/primitivo-puglia-de-feudis\/","name":"De Feudis Primitivo Puglia IGP 2019 13% vol. - Vinodeli","isPartOf":{"@id":"https:\/\/vinodeli.ee\/#website"},"primaryImageOfPage":{"@id":"https:\/\/vinodeli.ee\/en\/product\/primitivo-puglia-de-feudis\/#primaryimage"},"image":{"@id":"https:\/\/vinodeli.ee\/en\/product\/primitivo-puglia-de-feudis\/#primaryimage"},"thumbnailUrl":"https:\/\/vinodeli.ee\/wp-content\/uploads\/2023\/11\/001_000_de_feudis_primitivo_igt_puglia-jpg-2.webp","datePublished":"2021-06-23T07:21:40+00:00","dateModified":"2024-01-31T09:15:59+00:00","breadcrumb":{"@id":"https:\/\/vinodeli.ee\/en\/product\/primitivo-puglia-de-feudis\/#breadcrumb"},"inLanguage":"en-US","potentialAction":[{"@type":"ReadAction","target":["https:\/\/vinodeli.ee\/en\/product\/primitivo-puglia-de-feudis\/"]}]},{"@type":"ImageObject","inLanguage":"en-US","@id":"https:\/\/vinodeli.ee\/en\/product\/primitivo-puglia-de-feudis\/#primaryimage","url":"https:\/\/vinodeli.ee\/wp-content\/uploads\/2023\/11\/001_000_de_feudis_primitivo_igt_puglia-jpg-2.webp","contentUrl":"https:\/\/vinodeli.ee\/wp-content\/uploads\/2023\/11\/001_000_de_feudis_primitivo_igt_puglia-jpg-2.webp","width":750,"height":715},{"@type":"BreadcrumbList","@id":"https:\/\/vinodeli.ee\/en\/product\/primitivo-puglia-de-feudis\/#breadcrumb","itemListElement":[{"@type":"ListItem","position":1,"name":"Home","item":"https:\/\/vinodeli.ee\/en\/"},{"@type":"ListItem","position":2,"name":"Shop","item":"https:\/\/vinodeli.ee\/pood\/"},{"@type":"ListItem","position":3,"name":"De Feudis Primitivo Puglia IGP 2019 13% vol."}]},{"@type":"WebSite","@id":"https:\/\/vinodeli.ee\/#website","url":"https:\/\/vinodeli.ee\/","name":"Vinodeli","description":"","publisher":{"@id":"https:\/\/vinodeli.ee\/#organization"},"potentialAction":[{"@type":"SearchAction","target":{"@type":"EntryPoint","urlTemplate":"https:\/\/vinodeli.ee\/?s={search_term_string}"},"query-input":{"@type":"PropertyValueSpecification","valueRequired":true,"valueName":"search_term_string"}}],"inLanguage":"en-US"},{"@type":"Organization","@id":"https:\/\/vinodeli.ee\/#organization","name":"Vinodeli O\u00dc","url":"https:\/\/vinodeli.ee\/","logo":{"@type":"ImageObject","inLanguage":"en-US","@id":"https:\/\/vinodeli.ee\/#\/schema\/logo\/image\/","url":"https:\/\/vinodeli.ee\/wp-content\/uploads\/2024\/02\/logo-winodeli-1.png","contentUrl":"https:\/\/vinodeli.ee\/wp-content\/uploads\/2024\/02\/logo-winodeli-1.png","width":1500,"height":1150,"caption":"Vinodeli O\u00dc"},"image":{"@id":"https:\/\/vinodeli.ee\/#\/schema\/logo\/image\/"}}]}},"_links":{"self":[{"href":"https:\/\/vinodeli.ee\/en\/wp-json\/wp\/v2\/product\/47918","targetHints":{"allow":["GET"]}}],"collection":[{"href":"https:\/\/vinodeli.ee\/en\/wp-json\/wp\/v2\/product"}],"about":[{"href":"https:\/\/vinodeli.ee\/en\/wp-json\/wp\/v2\/types\/product"}],"version-history":[{"count":0,"href":"https:\/\/vinodeli.ee\/en\/wp-json\/wp\/v2\/product\/47918\/revisions"}],"wp:featuredmedia":[{"embeddable":true,"href":"https:\/\/vinodeli.ee\/en\/wp-json\/wp\/v2\/media\/46198"}],"wp:attachment":[{"href":"https:\/\/vinodeli.ee\/en\/wp-json\/wp\/v2\/media?parent=47918"}],"wp:term":[{"taxonomy":"product_brand","embeddable":true,"href":"https:\/\/vinodeli.ee\/en\/wp-json\/wp\/v2\/product_brand?post=47918"},{"taxonomy":"product_cat","embeddable":true,"href":"https:\/\/vinodeli.ee\/en\/wp-json\/wp\/v2\/product_cat?post=47918"},{"taxonomy":"product_tag","embeddable":true,"href":"https:\/\/vinodeli.ee\/en\/wp-json\/wp\/v2\/product_tag?post=47918"}],"curies":[{"name":"wp","href":"https:\/\/api.w.org\/{rel}","templated":true}]}}