{"id":47919,"date":"2021-06-23T10:18:49","date_gmt":"2021-06-23T07:18:49","guid":{"rendered":"https:\/\/vinodeli.ee\/product\/de-feudis-ottocento-primitivo-di-manduria\/"},"modified":"2025-10-04T16:00:52","modified_gmt":"2025-10-04T13:00:52","slug":"de-feudis-ottocento-primitivo-di-manduria","status":"publish","type":"product","link":"https:\/\/vinodeli.ee\/en\/product\/de-feudis-ottocento-primitivo-di-manduria\/","title":{"rendered":"De Feudis &#8220;Ottocento&#8221; Primitivo di Manduria DOC 2020 14% vol."},"content":{"rendered":"<h3>About wine<\/h3>\n<p>The De Feudis wines are a testimonial of the very old Pugliese origins of the Fabiano family. Towards the end of the 1880s Sergio De Feudis had a daughter called Antonietta De Feudis who was born in Trani. She married Francesco Fabiano, founder of the Fabiano winery, which began in southern Italy and later transferred to the Veneto region. The De Feudis wines come from a collaboration between Fabiano, who has been making wine for over a hundred years, and Varvaglione, an esteemed friend and renowned grape grower from Puglia; they started a long history of combining typical regional grapes with years of wine-making experience.<\/p>\n<h3>Tasting notes<\/h3>\n<p>Primitivo grapes are harvested from old vineyards located near the Ionian sea, cultivated &#8220;ad alberello&#8221; with a very low top yield per hectare. The colour is ruby red with very nice violet hints. The fragrance is very intense and reminiscent of fruit jam and blackcurrant, cherry and mulberry, cocoa and liquorice. A round, smooth taste with fruity notes and an aromatic aftertaste. Best served at a temperature of 18-20\u00b0C and open a couple of hours before serving.<\/p>\n<h3>Food pairing<\/h3>\n<p>Primitivo di Manduria DOC &#8220;Ottocento&#8221; a food-flexible wine, but pairs well with roast red meats, grills, pasta with game sauce, well-structured soups and game, mature cheeses.<\/p>\n","protected":false},"excerpt":{"rendered":"<blockquote>\n<h5>P\u00c4RITOLU: Apuulia, ItaaliaVeini t\u00fc\u00fcp: Kuiv punane veinViinamarjasort: 100% Primitivo<\/h5>\n<\/blockquote>\n<h5>Laagerdamine: p\u00e4rast malolaktilist k\u00e4\u00e4rimist laagerdub barrique&#8217;is 10 kuud.<\/h5>\n<h5>V\u00e4rv on intensiivne rubiinpunane, kaunite lillade peegeldustega. Aroomid on v\u00e4ga intensiivsed ja meenutavad selliseid aistinguid nagu puuviljamoos ja must s\u00f5star, murakas, kirss, kakao ja lagrits. Maitse on \u00fcmmargune pehme, mille j\u00e4relmaitse on aromaatne.<\/h5>\n<h5><em>Serveerimistemperatuur: 18-20\u00b0C ja avage m\u00f5ni tund enne serveerimist.<\/em><\/h5>\n<h5><em>Toidusoovitus: sobib h\u00e4sti paljude roogade k\u00f5rvale, eriti aga r\u00f6stitud ja grillitud liharoogade, ulukikastmetega pastatoodete, h\u00e4sti struktureeritud suppide, laagerdunud juustude k\u00f5rvale.<\/em><\/h5>\n","protected":false},"featured_media":46201,"template":"","meta":{"_acf_changed":false},"product_brand":[],"product_cat":[19462],"product_tag":[],"class_list":{"0":"post-47919","1":"product","2":"type-product","3":"status-publish","4":"has-post-thumbnail","6":"product_cat-red-wine","8":"first","9":"instock","10":"downloadable","11":"taxable","12":"shipping-taxable","13":"purchasable","14":"product-type-simple"},"acf":[],"yoast_head":"<!-- This site is optimized with the Yoast SEO plugin v25.7 - https:\/\/yoast.com\/wordpress\/plugins\/seo\/ -->\n<title>De Feudis &quot;Ottocento&quot; Primitivo di Manduria DOC 2020 14% vol. - Vinodeli<\/title>\n<meta name=\"robots\" content=\"index, follow, max-snippet:-1, max-image-preview:large, max-video-preview:-1\" \/>\n<link rel=\"canonical\" href=\"https:\/\/vinodeli.ee\/en\/product\/de-feudis-ottocento-primitivo-di-manduria\/\" \/>\n<meta property=\"og:locale\" content=\"en_US\" \/>\n<meta property=\"og:type\" content=\"article\" \/>\n<meta property=\"og:title\" content=\"De Feudis &quot;Ottocento&quot; Primitivo di Manduria DOC 2020 14% vol. - Vinodeli\" \/>\n<meta property=\"og:description\" content=\"P\u00c4RITOLU: Apuulia, ItaaliaVeini t\u00fc\u00fcp: Kuiv punane veinViinamarjasort: 100% Primitivo  Laagerdamine: p\u00e4rast malolaktilist k\u00e4\u00e4rimist laagerdub barrique&#039;is 10 kuud. V\u00e4rv on intensiivne rubiinpunane, kaunite lillade peegeldustega. Aroomid on v\u00e4ga intensiivsed ja meenutavad selliseid aistinguid nagu puuviljamoos ja must s\u00f5star, murakas, kirss, kakao ja lagrits. Maitse on \u00fcmmargune pehme, mille j\u00e4relmaitse on aromaatne. Serveerimistemperatuur: 18-20\u00b0C ja avage m\u00f5ni tund enne serveerimist. Toidusoovitus: sobib h\u00e4sti paljude roogade k\u00f5rvale, eriti aga r\u00f6stitud ja grillitud liharoogade, ulukikastmetega pastatoodete, h\u00e4sti struktureeritud suppide, laagerdunud juustude k\u00f5rvale.\" \/>\n<meta property=\"og:url\" content=\"https:\/\/vinodeli.ee\/en\/product\/de-feudis-ottocento-primitivo-di-manduria\/\" \/>\n<meta property=\"og:site_name\" content=\"Vinodeli\" \/>\n<meta property=\"article:modified_time\" content=\"2025-10-04T13:00:52+00:00\" \/>\n<meta property=\"og:image\" content=\"https:\/\/vinodeli.ee\/wp-content\/uploads\/2023\/11\/001_000_de_feudis_primitivo_doc_manduria_ottocento-jpg-2.webp\" \/>\n\t<meta property=\"og:image:width\" content=\"750\" \/>\n\t<meta property=\"og:image:height\" content=\"715\" \/>\n\t<meta property=\"og:image:type\" content=\"image\/webp\" \/>\n<meta name=\"twitter:card\" content=\"summary_large_image\" \/>\n<meta name=\"twitter:label1\" content=\"Est. reading time\" \/>\n\t<meta name=\"twitter:data1\" content=\"2 minutes\" \/>\n<script type=\"application\/ld+json\" class=\"yoast-schema-graph\">{\"@context\":\"https:\/\/schema.org\",\"@graph\":[{\"@type\":\"WebPage\",\"@id\":\"https:\/\/vinodeli.ee\/en\/product\/de-feudis-ottocento-primitivo-di-manduria\/\",\"url\":\"https:\/\/vinodeli.ee\/en\/product\/de-feudis-ottocento-primitivo-di-manduria\/\",\"name\":\"De Feudis \\\"Ottocento\\\" Primitivo di Manduria DOC 2020 14% vol. - Vinodeli\",\"isPartOf\":{\"@id\":\"https:\/\/vinodeli.ee\/#website\"},\"primaryImageOfPage\":{\"@id\":\"https:\/\/vinodeli.ee\/en\/product\/de-feudis-ottocento-primitivo-di-manduria\/#primaryimage\"},\"image\":{\"@id\":\"https:\/\/vinodeli.ee\/en\/product\/de-feudis-ottocento-primitivo-di-manduria\/#primaryimage\"},\"thumbnailUrl\":\"https:\/\/vinodeli.ee\/wp-content\/uploads\/2023\/11\/001_000_de_feudis_primitivo_doc_manduria_ottocento-jpg-2.webp\",\"datePublished\":\"2021-06-23T07:18:49+00:00\",\"dateModified\":\"2025-10-04T13:00:52+00:00\",\"breadcrumb\":{\"@id\":\"https:\/\/vinodeli.ee\/en\/product\/de-feudis-ottocento-primitivo-di-manduria\/#breadcrumb\"},\"inLanguage\":\"en-US\",\"potentialAction\":[{\"@type\":\"ReadAction\",\"target\":[\"https:\/\/vinodeli.ee\/en\/product\/de-feudis-ottocento-primitivo-di-manduria\/\"]}]},{\"@type\":\"ImageObject\",\"inLanguage\":\"en-US\",\"@id\":\"https:\/\/vinodeli.ee\/en\/product\/de-feudis-ottocento-primitivo-di-manduria\/#primaryimage\",\"url\":\"https:\/\/vinodeli.ee\/wp-content\/uploads\/2023\/11\/001_000_de_feudis_primitivo_doc_manduria_ottocento-jpg-2.webp\",\"contentUrl\":\"https:\/\/vinodeli.ee\/wp-content\/uploads\/2023\/11\/001_000_de_feudis_primitivo_doc_manduria_ottocento-jpg-2.webp\",\"width\":750,\"height\":715},{\"@type\":\"BreadcrumbList\",\"@id\":\"https:\/\/vinodeli.ee\/en\/product\/de-feudis-ottocento-primitivo-di-manduria\/#breadcrumb\",\"itemListElement\":[{\"@type\":\"ListItem\",\"position\":1,\"name\":\"Home\",\"item\":\"https:\/\/vinodeli.ee\/en\/\"},{\"@type\":\"ListItem\",\"position\":2,\"name\":\"Shop\",\"item\":\"https:\/\/vinodeli.ee\/pood\/\"},{\"@type\":\"ListItem\",\"position\":3,\"name\":\"De Feudis &#8220;Ottocento&#8221; Primitivo di Manduria DOC 2020 14% vol.\"}]},{\"@type\":\"WebSite\",\"@id\":\"https:\/\/vinodeli.ee\/#website\",\"url\":\"https:\/\/vinodeli.ee\/\",\"name\":\"Vinodeli\",\"description\":\"\",\"publisher\":{\"@id\":\"https:\/\/vinodeli.ee\/#organization\"},\"potentialAction\":[{\"@type\":\"SearchAction\",\"target\":{\"@type\":\"EntryPoint\",\"urlTemplate\":\"https:\/\/vinodeli.ee\/?s={search_term_string}\"},\"query-input\":{\"@type\":\"PropertyValueSpecification\",\"valueRequired\":true,\"valueName\":\"search_term_string\"}}],\"inLanguage\":\"en-US\"},{\"@type\":\"Organization\",\"@id\":\"https:\/\/vinodeli.ee\/#organization\",\"name\":\"Vinodeli O\u00dc\",\"url\":\"https:\/\/vinodeli.ee\/\",\"logo\":{\"@type\":\"ImageObject\",\"inLanguage\":\"en-US\",\"@id\":\"https:\/\/vinodeli.ee\/#\/schema\/logo\/image\/\",\"url\":\"https:\/\/vinodeli.ee\/wp-content\/uploads\/2024\/02\/logo-winodeli-1.png\",\"contentUrl\":\"https:\/\/vinodeli.ee\/wp-content\/uploads\/2024\/02\/logo-winodeli-1.png\",\"width\":1500,\"height\":1150,\"caption\":\"Vinodeli O\u00dc\"},\"image\":{\"@id\":\"https:\/\/vinodeli.ee\/#\/schema\/logo\/image\/\"}}]}<\/script>\n<!-- \/ Yoast SEO plugin. -->","yoast_head_json":{"title":"De Feudis \"Ottocento\" Primitivo di Manduria DOC 2020 14% vol. - Vinodeli","robots":{"index":"index","follow":"follow","max-snippet":"max-snippet:-1","max-image-preview":"max-image-preview:large","max-video-preview":"max-video-preview:-1"},"canonical":"https:\/\/vinodeli.ee\/en\/product\/de-feudis-ottocento-primitivo-di-manduria\/","og_locale":"en_US","og_type":"article","og_title":"De Feudis \"Ottocento\" Primitivo di Manduria DOC 2020 14% vol. - Vinodeli","og_description":"P\u00c4RITOLU: Apuulia, ItaaliaVeini t\u00fc\u00fcp: Kuiv punane veinViinamarjasort: 100% Primitivo  Laagerdamine: p\u00e4rast malolaktilist k\u00e4\u00e4rimist laagerdub barrique'is 10 kuud. V\u00e4rv on intensiivne rubiinpunane, kaunite lillade peegeldustega. Aroomid on v\u00e4ga intensiivsed ja meenutavad selliseid aistinguid nagu puuviljamoos ja must s\u00f5star, murakas, kirss, kakao ja lagrits. Maitse on \u00fcmmargune pehme, mille j\u00e4relmaitse on aromaatne. Serveerimistemperatuur: 18-20\u00b0C ja avage m\u00f5ni tund enne serveerimist. Toidusoovitus: sobib h\u00e4sti paljude roogade k\u00f5rvale, eriti aga r\u00f6stitud ja grillitud liharoogade, ulukikastmetega pastatoodete, h\u00e4sti struktureeritud suppide, laagerdunud juustude k\u00f5rvale.","og_url":"https:\/\/vinodeli.ee\/en\/product\/de-feudis-ottocento-primitivo-di-manduria\/","og_site_name":"Vinodeli","article_modified_time":"2025-10-04T13:00:52+00:00","og_image":[{"width":750,"height":715,"url":"https:\/\/vinodeli.ee\/wp-content\/uploads\/2023\/11\/001_000_de_feudis_primitivo_doc_manduria_ottocento-jpg-2.webp","type":"image\/webp"}],"twitter_card":"summary_large_image","twitter_misc":{"Est. reading time":"2 minutes"},"schema":{"@context":"https:\/\/schema.org","@graph":[{"@type":"WebPage","@id":"https:\/\/vinodeli.ee\/en\/product\/de-feudis-ottocento-primitivo-di-manduria\/","url":"https:\/\/vinodeli.ee\/en\/product\/de-feudis-ottocento-primitivo-di-manduria\/","name":"De Feudis \"Ottocento\" Primitivo di Manduria DOC 2020 14% vol. - Vinodeli","isPartOf":{"@id":"https:\/\/vinodeli.ee\/#website"},"primaryImageOfPage":{"@id":"https:\/\/vinodeli.ee\/en\/product\/de-feudis-ottocento-primitivo-di-manduria\/#primaryimage"},"image":{"@id":"https:\/\/vinodeli.ee\/en\/product\/de-feudis-ottocento-primitivo-di-manduria\/#primaryimage"},"thumbnailUrl":"https:\/\/vinodeli.ee\/wp-content\/uploads\/2023\/11\/001_000_de_feudis_primitivo_doc_manduria_ottocento-jpg-2.webp","datePublished":"2021-06-23T07:18:49+00:00","dateModified":"2025-10-04T13:00:52+00:00","breadcrumb":{"@id":"https:\/\/vinodeli.ee\/en\/product\/de-feudis-ottocento-primitivo-di-manduria\/#breadcrumb"},"inLanguage":"en-US","potentialAction":[{"@type":"ReadAction","target":["https:\/\/vinodeli.ee\/en\/product\/de-feudis-ottocento-primitivo-di-manduria\/"]}]},{"@type":"ImageObject","inLanguage":"en-US","@id":"https:\/\/vinodeli.ee\/en\/product\/de-feudis-ottocento-primitivo-di-manduria\/#primaryimage","url":"https:\/\/vinodeli.ee\/wp-content\/uploads\/2023\/11\/001_000_de_feudis_primitivo_doc_manduria_ottocento-jpg-2.webp","contentUrl":"https:\/\/vinodeli.ee\/wp-content\/uploads\/2023\/11\/001_000_de_feudis_primitivo_doc_manduria_ottocento-jpg-2.webp","width":750,"height":715},{"@type":"BreadcrumbList","@id":"https:\/\/vinodeli.ee\/en\/product\/de-feudis-ottocento-primitivo-di-manduria\/#breadcrumb","itemListElement":[{"@type":"ListItem","position":1,"name":"Home","item":"https:\/\/vinodeli.ee\/en\/"},{"@type":"ListItem","position":2,"name":"Shop","item":"https:\/\/vinodeli.ee\/pood\/"},{"@type":"ListItem","position":3,"name":"De Feudis &#8220;Ottocento&#8221; Primitivo di Manduria DOC 2020 14% vol."}]},{"@type":"WebSite","@id":"https:\/\/vinodeli.ee\/#website","url":"https:\/\/vinodeli.ee\/","name":"Vinodeli","description":"","publisher":{"@id":"https:\/\/vinodeli.ee\/#organization"},"potentialAction":[{"@type":"SearchAction","target":{"@type":"EntryPoint","urlTemplate":"https:\/\/vinodeli.ee\/?s={search_term_string}"},"query-input":{"@type":"PropertyValueSpecification","valueRequired":true,"valueName":"search_term_string"}}],"inLanguage":"en-US"},{"@type":"Organization","@id":"https:\/\/vinodeli.ee\/#organization","name":"Vinodeli O\u00dc","url":"https:\/\/vinodeli.ee\/","logo":{"@type":"ImageObject","inLanguage":"en-US","@id":"https:\/\/vinodeli.ee\/#\/schema\/logo\/image\/","url":"https:\/\/vinodeli.ee\/wp-content\/uploads\/2024\/02\/logo-winodeli-1.png","contentUrl":"https:\/\/vinodeli.ee\/wp-content\/uploads\/2024\/02\/logo-winodeli-1.png","width":1500,"height":1150,"caption":"Vinodeli O\u00dc"},"image":{"@id":"https:\/\/vinodeli.ee\/#\/schema\/logo\/image\/"}}]}},"_links":{"self":[{"href":"https:\/\/vinodeli.ee\/en\/wp-json\/wp\/v2\/product\/47919","targetHints":{"allow":["GET"]}}],"collection":[{"href":"https:\/\/vinodeli.ee\/en\/wp-json\/wp\/v2\/product"}],"about":[{"href":"https:\/\/vinodeli.ee\/en\/wp-json\/wp\/v2\/types\/product"}],"version-history":[{"count":0,"href":"https:\/\/vinodeli.ee\/en\/wp-json\/wp\/v2\/product\/47919\/revisions"}],"wp:featuredmedia":[{"embeddable":true,"href":"https:\/\/vinodeli.ee\/en\/wp-json\/wp\/v2\/media\/46201"}],"wp:attachment":[{"href":"https:\/\/vinodeli.ee\/en\/wp-json\/wp\/v2\/media?parent=47919"}],"wp:term":[{"taxonomy":"product_brand","embeddable":true,"href":"https:\/\/vinodeli.ee\/en\/wp-json\/wp\/v2\/product_brand?post=47919"},{"taxonomy":"product_cat","embeddable":true,"href":"https:\/\/vinodeli.ee\/en\/wp-json\/wp\/v2\/product_cat?post=47919"},{"taxonomy":"product_tag","embeddable":true,"href":"https:\/\/vinodeli.ee\/en\/wp-json\/wp\/v2\/product_tag?post=47919"}],"curies":[{"name":"wp","href":"https:\/\/api.w.org\/{rel}","templated":true}]}}