{"id":47921,"date":"2021-06-23T10:05:40","date_gmt":"2021-06-23T07:05:40","guid":{"rendered":"https:\/\/vinodeli.ee\/product\/contepassi-toscana-igt\/"},"modified":"2025-03-17T15:22:57","modified_gmt":"2025-03-17T13:22:57","slug":"contepassi-toscana-igt","status":"publish","type":"product","link":"https:\/\/vinodeli.ee\/en\/product\/contepassi-toscana-igt\/","title":{"rendered":"Contepassi Toscana IGT Rosso 2020 13%"},"content":{"rendered":"<h3>Vinification<\/h3>\n<p>Following the old traditional vinification method, completely mature grapes are manually harvested from vineyards. Gentle grape pressing, maceration in stainless steel tanks and controlled temperature fermentation. In January the wine is decanted into oak barrels where its ages for about 12 months and after a period in stainless steel tanks the wine is finished with refining in the bottle. Bottle lifespan: on sale 3 years after the harvest; bottle-ageing even for a further 10 years.<\/p>\n<h3>Tasting notes<\/h3>\n<p>Intense ruby red color. Rich with ripe dark berry fruit and fruit preserves bouquet, enlivened with a delicate vein of spice and balsamic notes. Full and well-rounded taste with notably refined, silky tannins. A seductive acidity keeps all the components in balance, prolonging a finish that has an appealing freshness. Serve at 18\u00b0C.<\/p>\n<h3>Food pairing<\/h3>\n<p>Ideal to accompany roasts, chops and mature cheeses.<\/p>\n","protected":false},"excerpt":{"rendered":"<blockquote>\n<h5>P\u00c4RITOLU: Toscana, ItaaliaVeini t\u00fc\u00fcp: Kuiv punane veinViinamarjasort: 85% Sangiovese, 10% Cabernet Sauvignon, 5% Merlot<\/h5>\n<\/blockquote>\n<h5>Laagerdamine: Jaanuaris dekanteeritakse vein puidust t\u00fcnnidesse, kus see laagerdub 12 kuud. Elu pudelis: m\u00fc\u00fcgile j\u00f5uab 3 aasta p\u00e4rast saagi korjamist; pudelis laagerdamine veel 10 aastat.<\/h5>\n<h5>Intensiivne rubiinpunane, rikkalikult k\u00fcpse metspunase marja ja puuvilja vihjetega, elav \u00f5rna balsaminoote aroomiga.Maitse: T\u00e4idlane ja h\u00e4sti tasakaalustatud, rafineeritud ja pehmete tanniinidega. \u00dcmbritsev happesus hoiab k\u00f5ik komponendid tasakaalus.<\/h5>\n<h5><em>Serveerimistemperatuur: 18\u00b0C.<\/em><\/h5>\n<h5><em>Toidusoovitus: Ideaalne r\u00f6stide, karbonaadi ja laagerdunud juustuga.<\/em><\/h5>\n","protected":false},"featured_media":46207,"template":"","meta":{"_acf_changed":false},"product_brand":[],"product_cat":[19462],"product_tag":[],"class_list":{"0":"post-47921","1":"product","2":"type-product","3":"status-publish","4":"has-post-thumbnail","6":"product_cat-red-wine","8":"first","9":"instock","10":"downloadable","11":"taxable","12":"shipping-taxable","13":"purchasable","14":"product-type-simple"},"acf":[],"yoast_head":"<!-- This site is optimized with the Yoast SEO plugin v25.7 - https:\/\/yoast.com\/wordpress\/plugins\/seo\/ -->\n<title>Contepassi Toscana IGT Rosso 2020 13% - Vinodeli<\/title>\n<meta name=\"robots\" content=\"index, follow, max-snippet:-1, max-image-preview:large, max-video-preview:-1\" \/>\n<link rel=\"canonical\" href=\"https:\/\/vinodeli.ee\/en\/product\/contepassi-toscana-igt\/\" \/>\n<meta property=\"og:locale\" content=\"en_US\" \/>\n<meta property=\"og:type\" content=\"article\" \/>\n<meta property=\"og:title\" content=\"Contepassi Toscana IGT Rosso 2020 13% - Vinodeli\" \/>\n<meta property=\"og:description\" content=\"P\u00c4RITOLU: Toscana, ItaaliaVeini t\u00fc\u00fcp: Kuiv punane veinViinamarjasort: 85% Sangiovese, 10% Cabernet Sauvignon, 5% Merlot  Laagerdamine: Jaanuaris dekanteeritakse vein puidust t\u00fcnnidesse, kus see laagerdub 12 kuud. Elu pudelis: m\u00fc\u00fcgile j\u00f5uab 3 aasta p\u00e4rast saagi korjamist; pudelis laagerdamine veel 10 aastat. Intensiivne rubiinpunane, rikkalikult k\u00fcpse metspunase marja ja puuvilja vihjetega, elav \u00f5rna balsaminoote aroomiga.Maitse: T\u00e4idlane ja h\u00e4sti tasakaalustatud, rafineeritud ja pehmete tanniinidega. \u00dcmbritsev happesus hoiab k\u00f5ik komponendid tasakaalus. Serveerimistemperatuur: 18\u00b0C. Toidusoovitus: Ideaalne r\u00f6stide, karbonaadi ja laagerdunud juustuga.\" \/>\n<meta property=\"og:url\" content=\"https:\/\/vinodeli.ee\/en\/product\/contepassi-toscana-igt\/\" \/>\n<meta property=\"og:site_name\" content=\"Vinodeli\" \/>\n<meta property=\"article:modified_time\" content=\"2025-03-17T13:22:57+00:00\" \/>\n<meta property=\"og:image\" content=\"https:\/\/vinodeli.ee\/wp-content\/uploads\/2023\/11\/001_000_supertuscan_igt-jpg-2.webp\" \/>\n\t<meta property=\"og:image:width\" content=\"750\" \/>\n\t<meta property=\"og:image:height\" content=\"715\" \/>\n\t<meta property=\"og:image:type\" content=\"image\/webp\" \/>\n<meta name=\"twitter:card\" content=\"summary_large_image\" \/>\n<meta name=\"twitter:label1\" content=\"Est. reading time\" \/>\n\t<meta name=\"twitter:data1\" content=\"1 minute\" \/>\n<script type=\"application\/ld+json\" class=\"yoast-schema-graph\">{\"@context\":\"https:\/\/schema.org\",\"@graph\":[{\"@type\":\"WebPage\",\"@id\":\"https:\/\/vinodeli.ee\/en\/product\/contepassi-toscana-igt\/\",\"url\":\"https:\/\/vinodeli.ee\/en\/product\/contepassi-toscana-igt\/\",\"name\":\"Contepassi Toscana IGT Rosso 2020 13% - Vinodeli\",\"isPartOf\":{\"@id\":\"https:\/\/vinodeli.ee\/#website\"},\"primaryImageOfPage\":{\"@id\":\"https:\/\/vinodeli.ee\/en\/product\/contepassi-toscana-igt\/#primaryimage\"},\"image\":{\"@id\":\"https:\/\/vinodeli.ee\/en\/product\/contepassi-toscana-igt\/#primaryimage\"},\"thumbnailUrl\":\"https:\/\/vinodeli.ee\/wp-content\/uploads\/2023\/11\/001_000_supertuscan_igt-jpg-2.webp\",\"datePublished\":\"2021-06-23T07:05:40+00:00\",\"dateModified\":\"2025-03-17T13:22:57+00:00\",\"breadcrumb\":{\"@id\":\"https:\/\/vinodeli.ee\/en\/product\/contepassi-toscana-igt\/#breadcrumb\"},\"inLanguage\":\"en-US\",\"potentialAction\":[{\"@type\":\"ReadAction\",\"target\":[\"https:\/\/vinodeli.ee\/en\/product\/contepassi-toscana-igt\/\"]}]},{\"@type\":\"ImageObject\",\"inLanguage\":\"en-US\",\"@id\":\"https:\/\/vinodeli.ee\/en\/product\/contepassi-toscana-igt\/#primaryimage\",\"url\":\"https:\/\/vinodeli.ee\/wp-content\/uploads\/2023\/11\/001_000_supertuscan_igt-jpg-2.webp\",\"contentUrl\":\"https:\/\/vinodeli.ee\/wp-content\/uploads\/2023\/11\/001_000_supertuscan_igt-jpg-2.webp\",\"width\":750,\"height\":715},{\"@type\":\"BreadcrumbList\",\"@id\":\"https:\/\/vinodeli.ee\/en\/product\/contepassi-toscana-igt\/#breadcrumb\",\"itemListElement\":[{\"@type\":\"ListItem\",\"position\":1,\"name\":\"Home\",\"item\":\"https:\/\/vinodeli.ee\/en\/\"},{\"@type\":\"ListItem\",\"position\":2,\"name\":\"Shop\",\"item\":\"https:\/\/vinodeli.ee\/pood\/\"},{\"@type\":\"ListItem\",\"position\":3,\"name\":\"Contepassi Toscana IGT Rosso 2020 13%\"}]},{\"@type\":\"WebSite\",\"@id\":\"https:\/\/vinodeli.ee\/#website\",\"url\":\"https:\/\/vinodeli.ee\/\",\"name\":\"Vinodeli\",\"description\":\"\",\"publisher\":{\"@id\":\"https:\/\/vinodeli.ee\/#organization\"},\"potentialAction\":[{\"@type\":\"SearchAction\",\"target\":{\"@type\":\"EntryPoint\",\"urlTemplate\":\"https:\/\/vinodeli.ee\/?s={search_term_string}\"},\"query-input\":{\"@type\":\"PropertyValueSpecification\",\"valueRequired\":true,\"valueName\":\"search_term_string\"}}],\"inLanguage\":\"en-US\"},{\"@type\":\"Organization\",\"@id\":\"https:\/\/vinodeli.ee\/#organization\",\"name\":\"Vinodeli O\u00dc\",\"url\":\"https:\/\/vinodeli.ee\/\",\"logo\":{\"@type\":\"ImageObject\",\"inLanguage\":\"en-US\",\"@id\":\"https:\/\/vinodeli.ee\/#\/schema\/logo\/image\/\",\"url\":\"https:\/\/vinodeli.ee\/wp-content\/uploads\/2024\/02\/logo-winodeli-1.png\",\"contentUrl\":\"https:\/\/vinodeli.ee\/wp-content\/uploads\/2024\/02\/logo-winodeli-1.png\",\"width\":1500,\"height\":1150,\"caption\":\"Vinodeli O\u00dc\"},\"image\":{\"@id\":\"https:\/\/vinodeli.ee\/#\/schema\/logo\/image\/\"}}]}<\/script>\n<!-- \/ Yoast SEO plugin. -->","yoast_head_json":{"title":"Contepassi Toscana IGT Rosso 2020 13% - Vinodeli","robots":{"index":"index","follow":"follow","max-snippet":"max-snippet:-1","max-image-preview":"max-image-preview:large","max-video-preview":"max-video-preview:-1"},"canonical":"https:\/\/vinodeli.ee\/en\/product\/contepassi-toscana-igt\/","og_locale":"en_US","og_type":"article","og_title":"Contepassi Toscana IGT Rosso 2020 13% - Vinodeli","og_description":"P\u00c4RITOLU: Toscana, ItaaliaVeini t\u00fc\u00fcp: Kuiv punane veinViinamarjasort: 85% Sangiovese, 10% Cabernet Sauvignon, 5% Merlot  Laagerdamine: Jaanuaris dekanteeritakse vein puidust t\u00fcnnidesse, kus see laagerdub 12 kuud. Elu pudelis: m\u00fc\u00fcgile j\u00f5uab 3 aasta p\u00e4rast saagi korjamist; pudelis laagerdamine veel 10 aastat. Intensiivne rubiinpunane, rikkalikult k\u00fcpse metspunase marja ja puuvilja vihjetega, elav \u00f5rna balsaminoote aroomiga.Maitse: T\u00e4idlane ja h\u00e4sti tasakaalustatud, rafineeritud ja pehmete tanniinidega. \u00dcmbritsev happesus hoiab k\u00f5ik komponendid tasakaalus. Serveerimistemperatuur: 18\u00b0C. Toidusoovitus: Ideaalne r\u00f6stide, karbonaadi ja laagerdunud juustuga.","og_url":"https:\/\/vinodeli.ee\/en\/product\/contepassi-toscana-igt\/","og_site_name":"Vinodeli","article_modified_time":"2025-03-17T13:22:57+00:00","og_image":[{"width":750,"height":715,"url":"https:\/\/vinodeli.ee\/wp-content\/uploads\/2023\/11\/001_000_supertuscan_igt-jpg-2.webp","type":"image\/webp"}],"twitter_card":"summary_large_image","twitter_misc":{"Est. reading time":"1 minute"},"schema":{"@context":"https:\/\/schema.org","@graph":[{"@type":"WebPage","@id":"https:\/\/vinodeli.ee\/en\/product\/contepassi-toscana-igt\/","url":"https:\/\/vinodeli.ee\/en\/product\/contepassi-toscana-igt\/","name":"Contepassi Toscana IGT Rosso 2020 13% - Vinodeli","isPartOf":{"@id":"https:\/\/vinodeli.ee\/#website"},"primaryImageOfPage":{"@id":"https:\/\/vinodeli.ee\/en\/product\/contepassi-toscana-igt\/#primaryimage"},"image":{"@id":"https:\/\/vinodeli.ee\/en\/product\/contepassi-toscana-igt\/#primaryimage"},"thumbnailUrl":"https:\/\/vinodeli.ee\/wp-content\/uploads\/2023\/11\/001_000_supertuscan_igt-jpg-2.webp","datePublished":"2021-06-23T07:05:40+00:00","dateModified":"2025-03-17T13:22:57+00:00","breadcrumb":{"@id":"https:\/\/vinodeli.ee\/en\/product\/contepassi-toscana-igt\/#breadcrumb"},"inLanguage":"en-US","potentialAction":[{"@type":"ReadAction","target":["https:\/\/vinodeli.ee\/en\/product\/contepassi-toscana-igt\/"]}]},{"@type":"ImageObject","inLanguage":"en-US","@id":"https:\/\/vinodeli.ee\/en\/product\/contepassi-toscana-igt\/#primaryimage","url":"https:\/\/vinodeli.ee\/wp-content\/uploads\/2023\/11\/001_000_supertuscan_igt-jpg-2.webp","contentUrl":"https:\/\/vinodeli.ee\/wp-content\/uploads\/2023\/11\/001_000_supertuscan_igt-jpg-2.webp","width":750,"height":715},{"@type":"BreadcrumbList","@id":"https:\/\/vinodeli.ee\/en\/product\/contepassi-toscana-igt\/#breadcrumb","itemListElement":[{"@type":"ListItem","position":1,"name":"Home","item":"https:\/\/vinodeli.ee\/en\/"},{"@type":"ListItem","position":2,"name":"Shop","item":"https:\/\/vinodeli.ee\/pood\/"},{"@type":"ListItem","position":3,"name":"Contepassi Toscana IGT Rosso 2020 13%"}]},{"@type":"WebSite","@id":"https:\/\/vinodeli.ee\/#website","url":"https:\/\/vinodeli.ee\/","name":"Vinodeli","description":"","publisher":{"@id":"https:\/\/vinodeli.ee\/#organization"},"potentialAction":[{"@type":"SearchAction","target":{"@type":"EntryPoint","urlTemplate":"https:\/\/vinodeli.ee\/?s={search_term_string}"},"query-input":{"@type":"PropertyValueSpecification","valueRequired":true,"valueName":"search_term_string"}}],"inLanguage":"en-US"},{"@type":"Organization","@id":"https:\/\/vinodeli.ee\/#organization","name":"Vinodeli O\u00dc","url":"https:\/\/vinodeli.ee\/","logo":{"@type":"ImageObject","inLanguage":"en-US","@id":"https:\/\/vinodeli.ee\/#\/schema\/logo\/image\/","url":"https:\/\/vinodeli.ee\/wp-content\/uploads\/2024\/02\/logo-winodeli-1.png","contentUrl":"https:\/\/vinodeli.ee\/wp-content\/uploads\/2024\/02\/logo-winodeli-1.png","width":1500,"height":1150,"caption":"Vinodeli O\u00dc"},"image":{"@id":"https:\/\/vinodeli.ee\/#\/schema\/logo\/image\/"}}]}},"_links":{"self":[{"href":"https:\/\/vinodeli.ee\/en\/wp-json\/wp\/v2\/product\/47921","targetHints":{"allow":["GET"]}}],"collection":[{"href":"https:\/\/vinodeli.ee\/en\/wp-json\/wp\/v2\/product"}],"about":[{"href":"https:\/\/vinodeli.ee\/en\/wp-json\/wp\/v2\/types\/product"}],"version-history":[{"count":0,"href":"https:\/\/vinodeli.ee\/en\/wp-json\/wp\/v2\/product\/47921\/revisions"}],"wp:featuredmedia":[{"embeddable":true,"href":"https:\/\/vinodeli.ee\/en\/wp-json\/wp\/v2\/media\/46207"}],"wp:attachment":[{"href":"https:\/\/vinodeli.ee\/en\/wp-json\/wp\/v2\/media?parent=47921"}],"wp:term":[{"taxonomy":"product_brand","embeddable":true,"href":"https:\/\/vinodeli.ee\/en\/wp-json\/wp\/v2\/product_brand?post=47921"},{"taxonomy":"product_cat","embeddable":true,"href":"https:\/\/vinodeli.ee\/en\/wp-json\/wp\/v2\/product_cat?post=47921"},{"taxonomy":"product_tag","embeddable":true,"href":"https:\/\/vinodeli.ee\/en\/wp-json\/wp\/v2\/product_tag?post=47921"}],"curies":[{"name":"wp","href":"https:\/\/api.w.org\/{rel}","templated":true}]}}