{"id":47944,"date":"2021-06-22T16:54:54","date_gmt":"2021-06-22T13:54:54","guid":{"rendered":"https:\/\/vinodeli.ee\/product\/i-fondatori-amarone-della-valpolicella-riserva-fabiano\/"},"modified":"2026-01-03T21:41:43","modified_gmt":"2026-01-03T19:41:43","slug":"i-fondatori-amarone-della-valpolicella-riserva-fabiano","status":"publish","type":"product","link":"https:\/\/vinodeli.ee\/en\/product\/i-fondatori-amarone-della-valpolicella-riserva-fabiano\/","title":{"rendered":"Fabiano &#8220;I Fondatori&#8221; Amarone della Valpolicella DOCG Riserva 2019 16% vol."},"content":{"rendered":"<h3>About the wine<\/h3>\n<p>This Amarone is a wine of ancient origin. This is a limited edition dedicated by Nicola Fabiano to his grandfather Francesco and father Sergio. They have been an inspiration and a good role model for their children and especially for him (Nicola) with their passion and perseverance in making quality wines. Produced from a careful selection of the above grapes from high hill vineyards in the classic area of the Valpolicella DOC, in particular around the ancient village of Negrari. The grapes are picked by hand to allow a more careful and precise selection of grapes in the vineyard. Following the traditional Valpolicella method, the grapes are left to dry in ventilated rooms for around 120 days. Soft pressing of dried grapes with a wine yield of 36%.<\/p>\n<h3>Vinification<\/h3>\n<p>Fermentation usually starts in the second week of February and lasts about 60 days, including 30 days of maceration. Controlled temperature during fermentation around 14-15\u00b0 C. Aging takes place for a minimum of 30 months in large barrels and then around 6 months in the bottle before being released on the market.<\/p>\n<h3>Tasting notes<\/h3>\n<p>The palate is dry and pleasant, with a distinctive perfume and a deep garnet red color resulting from drying followed by long aging and finishing. Open and decant the wine some time before serving.<\/p>\n<h3>Food pairing<\/h3>\n<p>Excellent with grilled and roasted meats. Can also be enjoyed at the end of a meal as a &#8220;meditation wine&#8221;.<\/p>\n","protected":false},"excerpt":{"rendered":"<blockquote>\n<h5>P\u00c4RITOLU: Verona, ItaaliaVeini t\u00fc\u00fcp: Kuiv punane veinViinamarjasort: 30% corvina; 40% corvinone; 25% rondinella; 5% molinara<\/h5>\n<\/blockquote>\n<h5>Laagerdamine toimub v\u00e4hemalt 30 kuud suurtes t\u00fcnnides ja seej\u00e4rel umbes 6 kuud pudelis.<\/h5>\n<h5>See Amarone on iidset p\u00e4ritolu vein. Selle maitse on kuiv ja meeldiv, erilise aroomi ja s\u00fcgava granaatpunase v\u00e4rvusega, mida saavutatakse t\u00e4nu appassimento meetodile ning j\u00e4rgnevale laagerdumisele.<\/h5>\n<h5><em>Serveerimistemperatuur: <\/em><em>Enne serveerimist avage ja laske veinil puhata.<\/em><\/h5>\n<h5><em>Toidusoovitus: r\u00f6stitud ja grillitud lihaga. Seda saab nautida ka s\u00f6\u00f6gikorra l\u00f5pus &#8220;meditatsiooniveinina&#8221;. Enne serveerimist avage ja laske veinil puhata.<\/em><\/h5>\n","protected":false},"featured_media":46276,"template":"","meta":{"_acf_changed":false},"product_brand":[],"product_cat":[19462],"product_tag":[],"class_list":{"0":"post-47944","1":"product","2":"type-product","3":"status-publish","4":"has-post-thumbnail","6":"product_cat-red-wine","8":"first","9":"instock","10":"downloadable","11":"taxable","12":"shipping-taxable","13":"purchasable","14":"product-type-simple"},"acf":[],"yoast_head":"<!-- This site is optimized with the Yoast SEO plugin v25.7 - https:\/\/yoast.com\/wordpress\/plugins\/seo\/ -->\n<title>Fabiano &quot;I Fondatori&quot; Amarone della Valpolicella DOCG Riserva 2019 16% vol. - Vinodeli<\/title>\n<meta name=\"robots\" content=\"index, follow, max-snippet:-1, max-image-preview:large, max-video-preview:-1\" \/>\n<link rel=\"canonical\" href=\"https:\/\/vinodeli.ee\/en\/product\/i-fondatori-amarone-della-valpolicella-riserva-fabiano\/\" \/>\n<meta property=\"og:locale\" content=\"en_US\" \/>\n<meta property=\"og:type\" content=\"article\" \/>\n<meta property=\"og:title\" content=\"Fabiano &quot;I Fondatori&quot; Amarone della Valpolicella DOCG Riserva 2019 16% vol. - Vinodeli\" \/>\n<meta property=\"og:description\" content=\"P\u00c4RITOLU: Verona, ItaaliaVeini t\u00fc\u00fcp: Kuiv punane veinViinamarjasort: 30% corvina; 40% corvinone; 25% rondinella; 5% molinara  Laagerdamine toimub v\u00e4hemalt 30 kuud suurtes t\u00fcnnides ja seej\u00e4rel umbes 6 kuud pudelis. See Amarone on iidset p\u00e4ritolu vein. Selle maitse on kuiv ja meeldiv, erilise aroomi ja s\u00fcgava granaatpunase v\u00e4rvusega, mida saavutatakse t\u00e4nu appassimento meetodile ning j\u00e4rgnevale laagerdumisele. Serveerimistemperatuur: Enne serveerimist avage ja laske veinil puhata. Toidusoovitus: r\u00f6stitud ja grillitud lihaga. Seda saab nautida ka s\u00f6\u00f6gikorra l\u00f5pus &quot;meditatsiooniveinina&quot;. Enne serveerimist avage ja laske veinil puhata.\" \/>\n<meta property=\"og:url\" content=\"https:\/\/vinodeli.ee\/en\/product\/i-fondatori-amarone-della-valpolicella-riserva-fabiano\/\" \/>\n<meta property=\"og:site_name\" content=\"Vinodeli\" \/>\n<meta property=\"article:modified_time\" content=\"2026-01-03T19:41:43+00:00\" \/>\n<meta property=\"og:image\" content=\"https:\/\/vinodeli.ee\/wp-content\/uploads\/2023\/11\/amarone_fondatori_v1-jpg-2.webp\" \/>\n\t<meta property=\"og:image:width\" content=\"1500\" \/>\n\t<meta property=\"og:image:height\" content=\"1500\" \/>\n\t<meta property=\"og:image:type\" content=\"image\/webp\" \/>\n<meta name=\"twitter:card\" content=\"summary_large_image\" \/>\n<meta name=\"twitter:label1\" content=\"Est. reading time\" \/>\n\t<meta name=\"twitter:data1\" content=\"2 minutes\" \/>\n<script type=\"application\/ld+json\" class=\"yoast-schema-graph\">{\"@context\":\"https:\/\/schema.org\",\"@graph\":[{\"@type\":\"WebPage\",\"@id\":\"https:\/\/vinodeli.ee\/en\/product\/i-fondatori-amarone-della-valpolicella-riserva-fabiano\/\",\"url\":\"https:\/\/vinodeli.ee\/en\/product\/i-fondatori-amarone-della-valpolicella-riserva-fabiano\/\",\"name\":\"Fabiano \\\"I Fondatori\\\" Amarone della Valpolicella DOCG Riserva 2019 16% vol. - Vinodeli\",\"isPartOf\":{\"@id\":\"https:\/\/vinodeli.ee\/#website\"},\"primaryImageOfPage\":{\"@id\":\"https:\/\/vinodeli.ee\/en\/product\/i-fondatori-amarone-della-valpolicella-riserva-fabiano\/#primaryimage\"},\"image\":{\"@id\":\"https:\/\/vinodeli.ee\/en\/product\/i-fondatori-amarone-della-valpolicella-riserva-fabiano\/#primaryimage\"},\"thumbnailUrl\":\"https:\/\/vinodeli.ee\/wp-content\/uploads\/2023\/11\/amarone_fondatori_v1-jpg-2.webp\",\"datePublished\":\"2021-06-22T13:54:54+00:00\",\"dateModified\":\"2026-01-03T19:41:43+00:00\",\"breadcrumb\":{\"@id\":\"https:\/\/vinodeli.ee\/en\/product\/i-fondatori-amarone-della-valpolicella-riserva-fabiano\/#breadcrumb\"},\"inLanguage\":\"en-US\",\"potentialAction\":[{\"@type\":\"ReadAction\",\"target\":[\"https:\/\/vinodeli.ee\/en\/product\/i-fondatori-amarone-della-valpolicella-riserva-fabiano\/\"]}]},{\"@type\":\"ImageObject\",\"inLanguage\":\"en-US\",\"@id\":\"https:\/\/vinodeli.ee\/en\/product\/i-fondatori-amarone-della-valpolicella-riserva-fabiano\/#primaryimage\",\"url\":\"https:\/\/vinodeli.ee\/wp-content\/uploads\/2023\/11\/amarone_fondatori_v1-jpg-2.webp\",\"contentUrl\":\"https:\/\/vinodeli.ee\/wp-content\/uploads\/2023\/11\/amarone_fondatori_v1-jpg-2.webp\",\"width\":1500,\"height\":1500},{\"@type\":\"BreadcrumbList\",\"@id\":\"https:\/\/vinodeli.ee\/en\/product\/i-fondatori-amarone-della-valpolicella-riserva-fabiano\/#breadcrumb\",\"itemListElement\":[{\"@type\":\"ListItem\",\"position\":1,\"name\":\"Home\",\"item\":\"https:\/\/vinodeli.ee\/en\/\"},{\"@type\":\"ListItem\",\"position\":2,\"name\":\"Shop\",\"item\":\"https:\/\/vinodeli.ee\/pood\/\"},{\"@type\":\"ListItem\",\"position\":3,\"name\":\"Fabiano &#8220;I Fondatori&#8221; Amarone della Valpolicella DOCG Riserva 2019 16% vol.\"}]},{\"@type\":\"WebSite\",\"@id\":\"https:\/\/vinodeli.ee\/#website\",\"url\":\"https:\/\/vinodeli.ee\/\",\"name\":\"Vinodeli\",\"description\":\"\",\"publisher\":{\"@id\":\"https:\/\/vinodeli.ee\/#organization\"},\"potentialAction\":[{\"@type\":\"SearchAction\",\"target\":{\"@type\":\"EntryPoint\",\"urlTemplate\":\"https:\/\/vinodeli.ee\/?s={search_term_string}\"},\"query-input\":{\"@type\":\"PropertyValueSpecification\",\"valueRequired\":true,\"valueName\":\"search_term_string\"}}],\"inLanguage\":\"en-US\"},{\"@type\":\"Organization\",\"@id\":\"https:\/\/vinodeli.ee\/#organization\",\"name\":\"Vinodeli O\u00dc\",\"url\":\"https:\/\/vinodeli.ee\/\",\"logo\":{\"@type\":\"ImageObject\",\"inLanguage\":\"en-US\",\"@id\":\"https:\/\/vinodeli.ee\/#\/schema\/logo\/image\/\",\"url\":\"https:\/\/vinodeli.ee\/wp-content\/uploads\/2024\/02\/logo-winodeli-1.png\",\"contentUrl\":\"https:\/\/vinodeli.ee\/wp-content\/uploads\/2024\/02\/logo-winodeli-1.png\",\"width\":1500,\"height\":1150,\"caption\":\"Vinodeli O\u00dc\"},\"image\":{\"@id\":\"https:\/\/vinodeli.ee\/#\/schema\/logo\/image\/\"}}]}<\/script>\n<!-- \/ Yoast SEO plugin. -->","yoast_head_json":{"title":"Fabiano \"I Fondatori\" Amarone della Valpolicella DOCG Riserva 2019 16% vol. - Vinodeli","robots":{"index":"index","follow":"follow","max-snippet":"max-snippet:-1","max-image-preview":"max-image-preview:large","max-video-preview":"max-video-preview:-1"},"canonical":"https:\/\/vinodeli.ee\/en\/product\/i-fondatori-amarone-della-valpolicella-riserva-fabiano\/","og_locale":"en_US","og_type":"article","og_title":"Fabiano \"I Fondatori\" Amarone della Valpolicella DOCG Riserva 2019 16% vol. - Vinodeli","og_description":"P\u00c4RITOLU: Verona, ItaaliaVeini t\u00fc\u00fcp: Kuiv punane veinViinamarjasort: 30% corvina; 40% corvinone; 25% rondinella; 5% molinara  Laagerdamine toimub v\u00e4hemalt 30 kuud suurtes t\u00fcnnides ja seej\u00e4rel umbes 6 kuud pudelis. See Amarone on iidset p\u00e4ritolu vein. Selle maitse on kuiv ja meeldiv, erilise aroomi ja s\u00fcgava granaatpunase v\u00e4rvusega, mida saavutatakse t\u00e4nu appassimento meetodile ning j\u00e4rgnevale laagerdumisele. Serveerimistemperatuur: Enne serveerimist avage ja laske veinil puhata. Toidusoovitus: r\u00f6stitud ja grillitud lihaga. Seda saab nautida ka s\u00f6\u00f6gikorra l\u00f5pus \"meditatsiooniveinina\". Enne serveerimist avage ja laske veinil puhata.","og_url":"https:\/\/vinodeli.ee\/en\/product\/i-fondatori-amarone-della-valpolicella-riserva-fabiano\/","og_site_name":"Vinodeli","article_modified_time":"2026-01-03T19:41:43+00:00","og_image":[{"width":1500,"height":1500,"url":"https:\/\/vinodeli.ee\/wp-content\/uploads\/2023\/11\/amarone_fondatori_v1-jpg-2.webp","type":"image\/webp"}],"twitter_card":"summary_large_image","twitter_misc":{"Est. reading time":"2 minutes"},"schema":{"@context":"https:\/\/schema.org","@graph":[{"@type":"WebPage","@id":"https:\/\/vinodeli.ee\/en\/product\/i-fondatori-amarone-della-valpolicella-riserva-fabiano\/","url":"https:\/\/vinodeli.ee\/en\/product\/i-fondatori-amarone-della-valpolicella-riserva-fabiano\/","name":"Fabiano \"I Fondatori\" Amarone della Valpolicella DOCG Riserva 2019 16% vol. - Vinodeli","isPartOf":{"@id":"https:\/\/vinodeli.ee\/#website"},"primaryImageOfPage":{"@id":"https:\/\/vinodeli.ee\/en\/product\/i-fondatori-amarone-della-valpolicella-riserva-fabiano\/#primaryimage"},"image":{"@id":"https:\/\/vinodeli.ee\/en\/product\/i-fondatori-amarone-della-valpolicella-riserva-fabiano\/#primaryimage"},"thumbnailUrl":"https:\/\/vinodeli.ee\/wp-content\/uploads\/2023\/11\/amarone_fondatori_v1-jpg-2.webp","datePublished":"2021-06-22T13:54:54+00:00","dateModified":"2026-01-03T19:41:43+00:00","breadcrumb":{"@id":"https:\/\/vinodeli.ee\/en\/product\/i-fondatori-amarone-della-valpolicella-riserva-fabiano\/#breadcrumb"},"inLanguage":"en-US","potentialAction":[{"@type":"ReadAction","target":["https:\/\/vinodeli.ee\/en\/product\/i-fondatori-amarone-della-valpolicella-riserva-fabiano\/"]}]},{"@type":"ImageObject","inLanguage":"en-US","@id":"https:\/\/vinodeli.ee\/en\/product\/i-fondatori-amarone-della-valpolicella-riserva-fabiano\/#primaryimage","url":"https:\/\/vinodeli.ee\/wp-content\/uploads\/2023\/11\/amarone_fondatori_v1-jpg-2.webp","contentUrl":"https:\/\/vinodeli.ee\/wp-content\/uploads\/2023\/11\/amarone_fondatori_v1-jpg-2.webp","width":1500,"height":1500},{"@type":"BreadcrumbList","@id":"https:\/\/vinodeli.ee\/en\/product\/i-fondatori-amarone-della-valpolicella-riserva-fabiano\/#breadcrumb","itemListElement":[{"@type":"ListItem","position":1,"name":"Home","item":"https:\/\/vinodeli.ee\/en\/"},{"@type":"ListItem","position":2,"name":"Shop","item":"https:\/\/vinodeli.ee\/pood\/"},{"@type":"ListItem","position":3,"name":"Fabiano &#8220;I Fondatori&#8221; Amarone della Valpolicella DOCG Riserva 2019 16% vol."}]},{"@type":"WebSite","@id":"https:\/\/vinodeli.ee\/#website","url":"https:\/\/vinodeli.ee\/","name":"Vinodeli","description":"","publisher":{"@id":"https:\/\/vinodeli.ee\/#organization"},"potentialAction":[{"@type":"SearchAction","target":{"@type":"EntryPoint","urlTemplate":"https:\/\/vinodeli.ee\/?s={search_term_string}"},"query-input":{"@type":"PropertyValueSpecification","valueRequired":true,"valueName":"search_term_string"}}],"inLanguage":"en-US"},{"@type":"Organization","@id":"https:\/\/vinodeli.ee\/#organization","name":"Vinodeli O\u00dc","url":"https:\/\/vinodeli.ee\/","logo":{"@type":"ImageObject","inLanguage":"en-US","@id":"https:\/\/vinodeli.ee\/#\/schema\/logo\/image\/","url":"https:\/\/vinodeli.ee\/wp-content\/uploads\/2024\/02\/logo-winodeli-1.png","contentUrl":"https:\/\/vinodeli.ee\/wp-content\/uploads\/2024\/02\/logo-winodeli-1.png","width":1500,"height":1150,"caption":"Vinodeli O\u00dc"},"image":{"@id":"https:\/\/vinodeli.ee\/#\/schema\/logo\/image\/"}}]}},"_links":{"self":[{"href":"https:\/\/vinodeli.ee\/en\/wp-json\/wp\/v2\/product\/47944","targetHints":{"allow":["GET"]}}],"collection":[{"href":"https:\/\/vinodeli.ee\/en\/wp-json\/wp\/v2\/product"}],"about":[{"href":"https:\/\/vinodeli.ee\/en\/wp-json\/wp\/v2\/types\/product"}],"version-history":[{"count":0,"href":"https:\/\/vinodeli.ee\/en\/wp-json\/wp\/v2\/product\/47944\/revisions"}],"wp:featuredmedia":[{"embeddable":true,"href":"https:\/\/vinodeli.ee\/en\/wp-json\/wp\/v2\/media\/46276"}],"wp:attachment":[{"href":"https:\/\/vinodeli.ee\/en\/wp-json\/wp\/v2\/media?parent=47944"}],"wp:term":[{"taxonomy":"product_brand","embeddable":true,"href":"https:\/\/vinodeli.ee\/en\/wp-json\/wp\/v2\/product_brand?post=47944"},{"taxonomy":"product_cat","embeddable":true,"href":"https:\/\/vinodeli.ee\/en\/wp-json\/wp\/v2\/product_cat?post=47944"},{"taxonomy":"product_tag","embeddable":true,"href":"https:\/\/vinodeli.ee\/en\/wp-json\/wp\/v2\/product_tag?post=47944"}],"curies":[{"name":"wp","href":"https:\/\/api.w.org\/{rel}","templated":true}]}}