{"id":47946,"date":"2021-06-20T13:37:37","date_gmt":"2021-06-20T10:37:37","guid":{"rendered":"https:\/\/vinodeli.ee\/product\/serse-vino-rosso-curtefranca-pavo\/"},"modified":"2023-12-20T14:03:13","modified_gmt":"2023-12-20T12:03:13","slug":"serse-vino-rosso-curtefranca-pavo","status":"publish","type":"product","link":"https:\/\/vinodeli.ee\/en\/product\/serse-vino-rosso-curtefranca-pavo\/","title":{"rendered":"Pav\u00f2 Serse Vino Rosso Curtefranca DOC 2018 13% vol."},"content":{"rendered":"","protected":false},"excerpt":{"rendered":"<blockquote>\n<h5>P\u00c4RITOLU: Curtefranca DOC, Lombardia, ItaaliaVeini t\u00fc\u00fcp: Kuiv Punane veinViinamarjasort: Merlot 15%<span class=\"comma\">,\u00a0<\/span>Petit Verdot 15%<span class=\"comma\">,\u00a0<\/span>Cabernet Sauvignon 70%<\/h5>\n<\/blockquote>\n<h5>Laagerdamine toimub roostevabast terasest mahutites v\u00f5i barriikides 14 kuni 20 kuud.<\/h5>\n<h5>Rubiinpunane, granaatpeegeldustega. On tunda kirsse ja ploomimoosi, pojengi \u00f5itsemist, seej\u00e4rel \u0161okolaadi ja v\u00e4rskendavat m\u00e4gim\u00e4nni. Suus on see t\u00e4is, h\u00e4sti silutud tanniinide ja v\u00e4rskelt soolase j\u00e4relmaitsega.<\/h5>\n<h5><em>Serveerimistemperatuur: 16\u00b0\/18\u00b0<\/em><\/h5>\n<h5><em>Toidusoovitus:\u00a0 suupisted, singid, valge liha, eelroad, juustud, punane liha<\/em><\/h5>\n<h5><\/h5>\n","protected":false},"featured_media":46282,"template":"","meta":{"_acf_changed":false},"product_brand":[],"product_cat":[19462],"product_tag":[],"class_list":{"0":"post-47946","1":"product","2":"type-product","3":"status-publish","4":"has-post-thumbnail","6":"product_cat-red-wine","8":"first","9":"instock","10":"downloadable","11":"taxable","12":"shipping-taxable","13":"purchasable","14":"product-type-simple"},"acf":[],"yoast_head":"<!-- This site is optimized with the Yoast SEO plugin v25.7 - https:\/\/yoast.com\/wordpress\/plugins\/seo\/ -->\n<title>Pav\u00f2 Serse Vino Rosso Curtefranca DOC 2018 13% vol. - Vinodeli<\/title>\n<meta name=\"robots\" content=\"index, follow, max-snippet:-1, max-image-preview:large, max-video-preview:-1\" \/>\n<link rel=\"canonical\" href=\"https:\/\/vinodeli.ee\/product\/serse_curtefranca_pavo\/\" \/>\n<meta property=\"og:locale\" content=\"en_US\" \/>\n<meta property=\"og:type\" content=\"article\" \/>\n<meta property=\"og:title\" content=\"Pav\u00f2 Serse Vino Rosso Curtefranca DOC 2018 13% vol. - Vinodeli\" \/>\n<meta property=\"og:description\" content=\"P\u00c4RITOLU: Curtefranca DOC, Lombardia, ItaaliaVeini t\u00fc\u00fcp: Kuiv Punane veinViinamarjasort: Merlot 15%,\u00a0Petit Verdot 15%,\u00a0Cabernet Sauvignon 70%Laagerdamine toimub roostevabast terasest mahutites v\u00f5i barriikides 14 kuni 20 kuud.Rubiinpunane, granaatpeegeldustega. On tunda kirsse ja ploomimoosi, pojengi \u00f5itsemist, seej\u00e4rel \u0161okolaadi ja v\u00e4rskendavat m\u00e4gim\u00e4nni. Suus on see t\u00e4is, h\u00e4sti silutud tanniinide ja v\u00e4rskelt soolase j\u00e4relmaitsega.Serveerimistemperatuur: 16\u00b0\/18\u00b0Toidusoovitus:\u00a0 suupisted, singid, valge liha, eelroad, juustud, punane liha\" \/>\n<meta property=\"og:url\" content=\"https:\/\/vinodeli.ee\/product\/serse_curtefranca_pavo\/\" \/>\n<meta property=\"og:site_name\" content=\"Vinodeli\" \/>\n<meta property=\"article:modified_time\" content=\"2023-12-20T12:03:13+00:00\" \/>\n<meta property=\"og:image\" content=\"https:\/\/vinodeli.ee\/wp-content\/uploads\/2023\/11\/serse_curtefranca_pavo-jpg-2.webp\" \/>\n\t<meta property=\"og:image:width\" content=\"1120\" \/>\n\t<meta property=\"og:image:height\" content=\"1120\" \/>\n\t<meta property=\"og:image:type\" content=\"image\/webp\" \/>\n<meta name=\"twitter:card\" content=\"summary_large_image\" \/>\n<script type=\"application\/ld+json\" class=\"yoast-schema-graph\">{\"@context\":\"https:\/\/schema.org\",\"@graph\":[{\"@type\":\"WebPage\",\"@id\":\"https:\/\/vinodeli.ee\/product\/serse_curtefranca_pavo\/\",\"url\":\"https:\/\/vinodeli.ee\/product\/serse_curtefranca_pavo\/\",\"name\":\"Pav\u00f2 Serse Vino Rosso Curtefranca DOC 2018 13% vol. - Vinodeli\",\"isPartOf\":{\"@id\":\"https:\/\/vinodeli.ee\/#website\"},\"primaryImageOfPage\":{\"@id\":\"https:\/\/vinodeli.ee\/product\/serse_curtefranca_pavo\/#primaryimage\"},\"image\":{\"@id\":\"https:\/\/vinodeli.ee\/product\/serse_curtefranca_pavo\/#primaryimage\"},\"thumbnailUrl\":\"https:\/\/vinodeli.ee\/wp-content\/uploads\/2023\/11\/serse_curtefranca_pavo-jpg-2.webp\",\"datePublished\":\"2021-06-20T10:37:37+00:00\",\"dateModified\":\"2023-12-20T12:03:13+00:00\",\"breadcrumb\":{\"@id\":\"https:\/\/vinodeli.ee\/product\/serse_curtefranca_pavo\/#breadcrumb\"},\"inLanguage\":\"en-US\",\"potentialAction\":[{\"@type\":\"ReadAction\",\"target\":[\"https:\/\/vinodeli.ee\/product\/serse_curtefranca_pavo\/\"]}]},{\"@type\":\"ImageObject\",\"inLanguage\":\"en-US\",\"@id\":\"https:\/\/vinodeli.ee\/product\/serse_curtefranca_pavo\/#primaryimage\",\"url\":\"https:\/\/vinodeli.ee\/wp-content\/uploads\/2023\/11\/serse_curtefranca_pavo-jpg-2.webp\",\"contentUrl\":\"https:\/\/vinodeli.ee\/wp-content\/uploads\/2023\/11\/serse_curtefranca_pavo-jpg-2.webp\",\"width\":1120,\"height\":1120},{\"@type\":\"BreadcrumbList\",\"@id\":\"https:\/\/vinodeli.ee\/product\/serse_curtefranca_pavo\/#breadcrumb\",\"itemListElement\":[{\"@type\":\"ListItem\",\"position\":1,\"name\":\"Home\",\"item\":\"https:\/\/vinodeli.ee\/en\/\"},{\"@type\":\"ListItem\",\"position\":2,\"name\":\"Shop\",\"item\":\"https:\/\/vinodeli.ee\/pood\/\"},{\"@type\":\"ListItem\",\"position\":3,\"name\":\"Pav\u00f2 Serse Vino Rosso Curtefranca DOC 2018 13% vol.\"}]},{\"@type\":\"WebSite\",\"@id\":\"https:\/\/vinodeli.ee\/#website\",\"url\":\"https:\/\/vinodeli.ee\/\",\"name\":\"Vinodeli\",\"description\":\"\",\"publisher\":{\"@id\":\"https:\/\/vinodeli.ee\/#organization\"},\"potentialAction\":[{\"@type\":\"SearchAction\",\"target\":{\"@type\":\"EntryPoint\",\"urlTemplate\":\"https:\/\/vinodeli.ee\/?s={search_term_string}\"},\"query-input\":{\"@type\":\"PropertyValueSpecification\",\"valueRequired\":true,\"valueName\":\"search_term_string\"}}],\"inLanguage\":\"en-US\"},{\"@type\":\"Organization\",\"@id\":\"https:\/\/vinodeli.ee\/#organization\",\"name\":\"Vinodeli O\u00dc\",\"url\":\"https:\/\/vinodeli.ee\/\",\"logo\":{\"@type\":\"ImageObject\",\"inLanguage\":\"en-US\",\"@id\":\"https:\/\/vinodeli.ee\/#\/schema\/logo\/image\/\",\"url\":\"https:\/\/vinodeli.ee\/wp-content\/uploads\/2024\/02\/logo-winodeli-1.png\",\"contentUrl\":\"https:\/\/vinodeli.ee\/wp-content\/uploads\/2024\/02\/logo-winodeli-1.png\",\"width\":1500,\"height\":1150,\"caption\":\"Vinodeli O\u00dc\"},\"image\":{\"@id\":\"https:\/\/vinodeli.ee\/#\/schema\/logo\/image\/\"}}]}<\/script>\n<!-- \/ Yoast SEO plugin. -->","yoast_head_json":{"title":"Pav\u00f2 Serse Vino Rosso Curtefranca DOC 2018 13% vol. - Vinodeli","robots":{"index":"index","follow":"follow","max-snippet":"max-snippet:-1","max-image-preview":"max-image-preview:large","max-video-preview":"max-video-preview:-1"},"canonical":"https:\/\/vinodeli.ee\/product\/serse_curtefranca_pavo\/","og_locale":"en_US","og_type":"article","og_title":"Pav\u00f2 Serse Vino Rosso Curtefranca DOC 2018 13% vol. - Vinodeli","og_description":"P\u00c4RITOLU: Curtefranca DOC, Lombardia, ItaaliaVeini t\u00fc\u00fcp: Kuiv Punane veinViinamarjasort: Merlot 15%,\u00a0Petit Verdot 15%,\u00a0Cabernet Sauvignon 70%Laagerdamine toimub roostevabast terasest mahutites v\u00f5i barriikides 14 kuni 20 kuud.Rubiinpunane, granaatpeegeldustega. On tunda kirsse ja ploomimoosi, pojengi \u00f5itsemist, seej\u00e4rel \u0161okolaadi ja v\u00e4rskendavat m\u00e4gim\u00e4nni. Suus on see t\u00e4is, h\u00e4sti silutud tanniinide ja v\u00e4rskelt soolase j\u00e4relmaitsega.Serveerimistemperatuur: 16\u00b0\/18\u00b0Toidusoovitus:\u00a0 suupisted, singid, valge liha, eelroad, juustud, punane liha","og_url":"https:\/\/vinodeli.ee\/product\/serse_curtefranca_pavo\/","og_site_name":"Vinodeli","article_modified_time":"2023-12-20T12:03:13+00:00","og_image":[{"width":1120,"height":1120,"url":"https:\/\/vinodeli.ee\/wp-content\/uploads\/2023\/11\/serse_curtefranca_pavo-jpg-2.webp","type":"image\/webp"}],"twitter_card":"summary_large_image","schema":{"@context":"https:\/\/schema.org","@graph":[{"@type":"WebPage","@id":"https:\/\/vinodeli.ee\/product\/serse_curtefranca_pavo\/","url":"https:\/\/vinodeli.ee\/product\/serse_curtefranca_pavo\/","name":"Pav\u00f2 Serse Vino Rosso Curtefranca DOC 2018 13% vol. - Vinodeli","isPartOf":{"@id":"https:\/\/vinodeli.ee\/#website"},"primaryImageOfPage":{"@id":"https:\/\/vinodeli.ee\/product\/serse_curtefranca_pavo\/#primaryimage"},"image":{"@id":"https:\/\/vinodeli.ee\/product\/serse_curtefranca_pavo\/#primaryimage"},"thumbnailUrl":"https:\/\/vinodeli.ee\/wp-content\/uploads\/2023\/11\/serse_curtefranca_pavo-jpg-2.webp","datePublished":"2021-06-20T10:37:37+00:00","dateModified":"2023-12-20T12:03:13+00:00","breadcrumb":{"@id":"https:\/\/vinodeli.ee\/product\/serse_curtefranca_pavo\/#breadcrumb"},"inLanguage":"en-US","potentialAction":[{"@type":"ReadAction","target":["https:\/\/vinodeli.ee\/product\/serse_curtefranca_pavo\/"]}]},{"@type":"ImageObject","inLanguage":"en-US","@id":"https:\/\/vinodeli.ee\/product\/serse_curtefranca_pavo\/#primaryimage","url":"https:\/\/vinodeli.ee\/wp-content\/uploads\/2023\/11\/serse_curtefranca_pavo-jpg-2.webp","contentUrl":"https:\/\/vinodeli.ee\/wp-content\/uploads\/2023\/11\/serse_curtefranca_pavo-jpg-2.webp","width":1120,"height":1120},{"@type":"BreadcrumbList","@id":"https:\/\/vinodeli.ee\/product\/serse_curtefranca_pavo\/#breadcrumb","itemListElement":[{"@type":"ListItem","position":1,"name":"Home","item":"https:\/\/vinodeli.ee\/en\/"},{"@type":"ListItem","position":2,"name":"Shop","item":"https:\/\/vinodeli.ee\/pood\/"},{"@type":"ListItem","position":3,"name":"Pav\u00f2 Serse Vino Rosso Curtefranca DOC 2018 13% vol."}]},{"@type":"WebSite","@id":"https:\/\/vinodeli.ee\/#website","url":"https:\/\/vinodeli.ee\/","name":"Vinodeli","description":"","publisher":{"@id":"https:\/\/vinodeli.ee\/#organization"},"potentialAction":[{"@type":"SearchAction","target":{"@type":"EntryPoint","urlTemplate":"https:\/\/vinodeli.ee\/?s={search_term_string}"},"query-input":{"@type":"PropertyValueSpecification","valueRequired":true,"valueName":"search_term_string"}}],"inLanguage":"en-US"},{"@type":"Organization","@id":"https:\/\/vinodeli.ee\/#organization","name":"Vinodeli O\u00dc","url":"https:\/\/vinodeli.ee\/","logo":{"@type":"ImageObject","inLanguage":"en-US","@id":"https:\/\/vinodeli.ee\/#\/schema\/logo\/image\/","url":"https:\/\/vinodeli.ee\/wp-content\/uploads\/2024\/02\/logo-winodeli-1.png","contentUrl":"https:\/\/vinodeli.ee\/wp-content\/uploads\/2024\/02\/logo-winodeli-1.png","width":1500,"height":1150,"caption":"Vinodeli O\u00dc"},"image":{"@id":"https:\/\/vinodeli.ee\/#\/schema\/logo\/image\/"}}]}},"_links":{"self":[{"href":"https:\/\/vinodeli.ee\/en\/wp-json\/wp\/v2\/product\/47946","targetHints":{"allow":["GET"]}}],"collection":[{"href":"https:\/\/vinodeli.ee\/en\/wp-json\/wp\/v2\/product"}],"about":[{"href":"https:\/\/vinodeli.ee\/en\/wp-json\/wp\/v2\/types\/product"}],"version-history":[{"count":0,"href":"https:\/\/vinodeli.ee\/en\/wp-json\/wp\/v2\/product\/47946\/revisions"}],"wp:featuredmedia":[{"embeddable":true,"href":"https:\/\/vinodeli.ee\/en\/wp-json\/wp\/v2\/media\/46282"}],"wp:attachment":[{"href":"https:\/\/vinodeli.ee\/en\/wp-json\/wp\/v2\/media?parent=47946"}],"wp:term":[{"taxonomy":"product_brand","embeddable":true,"href":"https:\/\/vinodeli.ee\/en\/wp-json\/wp\/v2\/product_brand?post=47946"},{"taxonomy":"product_cat","embeddable":true,"href":"https:\/\/vinodeli.ee\/en\/wp-json\/wp\/v2\/product_cat?post=47946"},{"taxonomy":"product_tag","embeddable":true,"href":"https:\/\/vinodeli.ee\/en\/wp-json\/wp\/v2\/product_tag?post=47946"}],"curies":[{"name":"wp","href":"https:\/\/api.w.org\/{rel}","templated":true}]}}