{"id":47953,"date":"2021-06-19T17:55:55","date_gmt":"2021-06-19T14:55:55","guid":{"rendered":"https:\/\/vinodeli.ee\/product\/mulheimer-sonnenlay-riesling-kabinett-feinherb-richter\/"},"modified":"2024-08-18T19:00:29","modified_gmt":"2024-08-18T16:00:29","slug":"weingut-max-ferd-richter-riesling-kabinett-feinherb-mulheimer-sonnenlay-2019-12-vol-075l","status":"publish","type":"product","link":"https:\/\/vinodeli.ee\/en\/product\/weingut-max-ferd-richter-riesling-kabinett-feinherb-mulheimer-sonnenlay-2019-12-vol-075l\/","title":{"rendered":"Weingut Max Ferd. Richter Riesling Kabinett Feinherb M\u00fclheimer Sonnenlay 2019 12% vol. 0.75l"},"content":{"rendered":"<p>The Feinherb style is one of the most traditional styles of Mosel Riesling. It perfectly balances acidity and residual sugar.It provides liveliness and freshness and is one of the reasons for Mosel Riesling&#8217;s reputation. These wines are the perfect food pairing, as a slight residual sweetness complements and enhances the flavours and aromas of the food, while still offering a dry and appetising finish with lower alcohol than drier wines. Cabinet. (56 g\/l) of available alcohol and at least 9 % (71 g\/l) of total alcohol.A spicy aroma amid freshly pressed apples and pears gives this bright and light-bodied Cabernet an autumnal feel. The meander enriches the mid-palate, finishing with a lemon-tea sweetness. Start drinking now!<\/p>\n","protected":false},"excerpt":{"rendered":"<blockquote>\n<blockquote>\n<h5>P\u00c4RITOLU: M\u00fclheim an der Mosel, Mosel, SaksamaaVeini t\u00fc\u00fcp: Saksa Kvaliteetvein<\/h5>\n<h5>Viinamarjasort: 100% Riesling<\/h5>\n<h5>Auhinnad: Wine Advocate, Robert Parker: 93<\/h5>\n<\/blockquote>\n<h5>Fermentatsioon: Puidust t\u00fcnnidesLaagerdumine: Suur puidust t\u00fcnnides<\/h5>\n<h5><em>Serveerimistemperatuur: 7\u00b0\/10\u00b0<\/em><\/h5>\n<h5><em>Toidusoovitus: taimetoit, Aasia toidud, linnuliha<\/em><\/h5>\n<\/blockquote>\n","protected":false},"featured_media":64424,"template":"","meta":{"_acf_changed":false},"product_brand":[],"product_cat":[22101,19460],"product_tag":[],"class_list":{"0":"post-47953","1":"product","2":"type-product","3":"status-publish","4":"has-post-thumbnail","6":"product_cat-semi-dry-semi-sweet","7":"product_cat-white-wine","9":"first","10":"outofstock","11":"taxable","12":"shipping-taxable","13":"purchasable","14":"product-type-simple"},"acf":[],"yoast_head":"<!-- This site is optimized with the Yoast SEO plugin v25.7 - https:\/\/yoast.com\/wordpress\/plugins\/seo\/ -->\n<title>Weingut Max Ferd. Richter Riesling Kabinett Feinherb M\u00fclheimer Sonnenlay 2019 12% vol. 0.75l - Vinodeli<\/title>\n<meta name=\"robots\" content=\"index, follow, max-snippet:-1, max-image-preview:large, max-video-preview:-1\" \/>\n<link rel=\"canonical\" href=\"https:\/\/vinodeli.ee\/en\/product\/weingut-max-ferd-richter-riesling-kabinett-feinherb-mulheimer-sonnenlay-2019-12-vol-075l\/\" \/>\n<meta property=\"og:locale\" content=\"en_US\" \/>\n<meta property=\"og:type\" content=\"article\" \/>\n<meta property=\"og:title\" content=\"Weingut Max Ferd. Richter Riesling Kabinett Feinherb M\u00fclheimer Sonnenlay 2019 12% vol. 0.75l - Vinodeli\" \/>\n<meta property=\"og:description\" content=\"P\u00c4RITOLU: M\u00fclheim an der Mosel, Mosel, SaksamaaVeini t\u00fc\u00fcp: Saksa Kvaliteetvein Viinamarjasort: 100% Riesling Auhinnad: Wine Advocate, Robert Parker: 93  Fermentatsioon: Puidust t\u00fcnnidesLaagerdumine: Suur puidust t\u00fcnnides Serveerimistemperatuur: 7\u00b0\/10\u00b0 Toidusoovitus: taimetoit, Aasia toidud, linnuliha\" \/>\n<meta property=\"og:url\" content=\"https:\/\/vinodeli.ee\/en\/product\/weingut-max-ferd-richter-riesling-kabinett-feinherb-mulheimer-sonnenlay-2019-12-vol-075l\/\" \/>\n<meta property=\"og:site_name\" content=\"Vinodeli\" \/>\n<meta property=\"article:modified_time\" content=\"2024-08-18T16:00:29+00:00\" \/>\n<meta property=\"og:image\" content=\"https:\/\/vinodeli.ee\/wp-content\/uploads\/2023\/11\/34qtwdwi9g8u-jpg-2.webp\" \/>\n\t<meta property=\"og:image:width\" content=\"720\" \/>\n\t<meta property=\"og:image:height\" content=\"720\" \/>\n\t<meta property=\"og:image:type\" content=\"image\/webp\" \/>\n<meta name=\"twitter:card\" content=\"summary_large_image\" \/>\n<meta name=\"twitter:label1\" content=\"Est. reading time\" \/>\n\t<meta name=\"twitter:data1\" content=\"1 minute\" \/>\n<script type=\"application\/ld+json\" class=\"yoast-schema-graph\">{\"@context\":\"https:\/\/schema.org\",\"@graph\":[{\"@type\":\"WebPage\",\"@id\":\"https:\/\/vinodeli.ee\/en\/product\/weingut-max-ferd-richter-riesling-kabinett-feinherb-mulheimer-sonnenlay-2019-12-vol-075l\/\",\"url\":\"https:\/\/vinodeli.ee\/en\/product\/weingut-max-ferd-richter-riesling-kabinett-feinherb-mulheimer-sonnenlay-2019-12-vol-075l\/\",\"name\":\"Weingut Max Ferd. Richter Riesling Kabinett Feinherb M\u00fclheimer Sonnenlay 2019 12% vol. 0.75l - Vinodeli\",\"isPartOf\":{\"@id\":\"https:\/\/vinodeli.ee\/#website\"},\"primaryImageOfPage\":{\"@id\":\"https:\/\/vinodeli.ee\/en\/product\/weingut-max-ferd-richter-riesling-kabinett-feinherb-mulheimer-sonnenlay-2019-12-vol-075l\/#primaryimage\"},\"image\":{\"@id\":\"https:\/\/vinodeli.ee\/en\/product\/weingut-max-ferd-richter-riesling-kabinett-feinherb-mulheimer-sonnenlay-2019-12-vol-075l\/#primaryimage\"},\"thumbnailUrl\":\"https:\/\/vinodeli.ee\/wp-content\/uploads\/2021\/06\/riesling-kabinett-feinherb-mulheimer-sonnenlay.jpg\",\"datePublished\":\"2021-06-19T14:55:55+00:00\",\"dateModified\":\"2024-08-18T16:00:29+00:00\",\"breadcrumb\":{\"@id\":\"https:\/\/vinodeli.ee\/en\/product\/weingut-max-ferd-richter-riesling-kabinett-feinherb-mulheimer-sonnenlay-2019-12-vol-075l\/#breadcrumb\"},\"inLanguage\":\"en-US\",\"potentialAction\":[{\"@type\":\"ReadAction\",\"target\":[\"https:\/\/vinodeli.ee\/en\/product\/weingut-max-ferd-richter-riesling-kabinett-feinherb-mulheimer-sonnenlay-2019-12-vol-075l\/\"]}]},{\"@type\":\"ImageObject\",\"inLanguage\":\"en-US\",\"@id\":\"https:\/\/vinodeli.ee\/en\/product\/weingut-max-ferd-richter-riesling-kabinett-feinherb-mulheimer-sonnenlay-2019-12-vol-075l\/#primaryimage\",\"url\":\"https:\/\/vinodeli.ee\/wp-content\/uploads\/2021\/06\/riesling-kabinett-feinherb-mulheimer-sonnenlay.jpg\",\"contentUrl\":\"https:\/\/vinodeli.ee\/wp-content\/uploads\/2021\/06\/riesling-kabinett-feinherb-mulheimer-sonnenlay.jpg\",\"width\":1080,\"height\":1080},{\"@type\":\"BreadcrumbList\",\"@id\":\"https:\/\/vinodeli.ee\/en\/product\/weingut-max-ferd-richter-riesling-kabinett-feinherb-mulheimer-sonnenlay-2019-12-vol-075l\/#breadcrumb\",\"itemListElement\":[{\"@type\":\"ListItem\",\"position\":1,\"name\":\"Home\",\"item\":\"https:\/\/vinodeli.ee\/en\/\"},{\"@type\":\"ListItem\",\"position\":2,\"name\":\"Shop\",\"item\":\"https:\/\/vinodeli.ee\/pood\/\"},{\"@type\":\"ListItem\",\"position\":3,\"name\":\"Weingut Max Ferd. Richter Riesling Kabinett Feinherb M\u00fclheimer Sonnenlay 2019 12% vol. 0.75l\"}]},{\"@type\":\"WebSite\",\"@id\":\"https:\/\/vinodeli.ee\/#website\",\"url\":\"https:\/\/vinodeli.ee\/\",\"name\":\"Vinodeli\",\"description\":\"\",\"publisher\":{\"@id\":\"https:\/\/vinodeli.ee\/#organization\"},\"potentialAction\":[{\"@type\":\"SearchAction\",\"target\":{\"@type\":\"EntryPoint\",\"urlTemplate\":\"https:\/\/vinodeli.ee\/?s={search_term_string}\"},\"query-input\":{\"@type\":\"PropertyValueSpecification\",\"valueRequired\":true,\"valueName\":\"search_term_string\"}}],\"inLanguage\":\"en-US\"},{\"@type\":\"Organization\",\"@id\":\"https:\/\/vinodeli.ee\/#organization\",\"name\":\"Vinodeli O\u00dc\",\"url\":\"https:\/\/vinodeli.ee\/\",\"logo\":{\"@type\":\"ImageObject\",\"inLanguage\":\"en-US\",\"@id\":\"https:\/\/vinodeli.ee\/#\/schema\/logo\/image\/\",\"url\":\"https:\/\/vinodeli.ee\/wp-content\/uploads\/2024\/02\/logo-winodeli-1.png\",\"contentUrl\":\"https:\/\/vinodeli.ee\/wp-content\/uploads\/2024\/02\/logo-winodeli-1.png\",\"width\":1500,\"height\":1150,\"caption\":\"Vinodeli O\u00dc\"},\"image\":{\"@id\":\"https:\/\/vinodeli.ee\/#\/schema\/logo\/image\/\"}}]}<\/script>\n<!-- \/ Yoast SEO plugin. -->","yoast_head_json":{"title":"Weingut Max Ferd. Richter Riesling Kabinett Feinherb M\u00fclheimer Sonnenlay 2019 12% vol. 0.75l - Vinodeli","robots":{"index":"index","follow":"follow","max-snippet":"max-snippet:-1","max-image-preview":"max-image-preview:large","max-video-preview":"max-video-preview:-1"},"canonical":"https:\/\/vinodeli.ee\/en\/product\/weingut-max-ferd-richter-riesling-kabinett-feinherb-mulheimer-sonnenlay-2019-12-vol-075l\/","og_locale":"en_US","og_type":"article","og_title":"Weingut Max Ferd. Richter Riesling Kabinett Feinherb M\u00fclheimer Sonnenlay 2019 12% vol. 0.75l - Vinodeli","og_description":"P\u00c4RITOLU: M\u00fclheim an der Mosel, Mosel, SaksamaaVeini t\u00fc\u00fcp: Saksa Kvaliteetvein Viinamarjasort: 100% Riesling Auhinnad: Wine Advocate, Robert Parker: 93  Fermentatsioon: Puidust t\u00fcnnidesLaagerdumine: Suur puidust t\u00fcnnides Serveerimistemperatuur: 7\u00b0\/10\u00b0 Toidusoovitus: taimetoit, Aasia toidud, linnuliha","og_url":"https:\/\/vinodeli.ee\/en\/product\/weingut-max-ferd-richter-riesling-kabinett-feinherb-mulheimer-sonnenlay-2019-12-vol-075l\/","og_site_name":"Vinodeli","article_modified_time":"2024-08-18T16:00:29+00:00","og_image":[{"width":720,"height":720,"url":"https:\/\/vinodeli.ee\/wp-content\/uploads\/2023\/11\/34qtwdwi9g8u-jpg-2.webp","type":"image\/webp"}],"twitter_card":"summary_large_image","twitter_misc":{"Est. reading time":"1 minute"},"schema":{"@context":"https:\/\/schema.org","@graph":[{"@type":"WebPage","@id":"https:\/\/vinodeli.ee\/en\/product\/weingut-max-ferd-richter-riesling-kabinett-feinherb-mulheimer-sonnenlay-2019-12-vol-075l\/","url":"https:\/\/vinodeli.ee\/en\/product\/weingut-max-ferd-richter-riesling-kabinett-feinherb-mulheimer-sonnenlay-2019-12-vol-075l\/","name":"Weingut Max Ferd. Richter Riesling Kabinett Feinherb M\u00fclheimer Sonnenlay 2019 12% vol. 0.75l - Vinodeli","isPartOf":{"@id":"https:\/\/vinodeli.ee\/#website"},"primaryImageOfPage":{"@id":"https:\/\/vinodeli.ee\/en\/product\/weingut-max-ferd-richter-riesling-kabinett-feinherb-mulheimer-sonnenlay-2019-12-vol-075l\/#primaryimage"},"image":{"@id":"https:\/\/vinodeli.ee\/en\/product\/weingut-max-ferd-richter-riesling-kabinett-feinherb-mulheimer-sonnenlay-2019-12-vol-075l\/#primaryimage"},"thumbnailUrl":"https:\/\/vinodeli.ee\/wp-content\/uploads\/2021\/06\/riesling-kabinett-feinherb-mulheimer-sonnenlay.jpg","datePublished":"2021-06-19T14:55:55+00:00","dateModified":"2024-08-18T16:00:29+00:00","breadcrumb":{"@id":"https:\/\/vinodeli.ee\/en\/product\/weingut-max-ferd-richter-riesling-kabinett-feinherb-mulheimer-sonnenlay-2019-12-vol-075l\/#breadcrumb"},"inLanguage":"en-US","potentialAction":[{"@type":"ReadAction","target":["https:\/\/vinodeli.ee\/en\/product\/weingut-max-ferd-richter-riesling-kabinett-feinherb-mulheimer-sonnenlay-2019-12-vol-075l\/"]}]},{"@type":"ImageObject","inLanguage":"en-US","@id":"https:\/\/vinodeli.ee\/en\/product\/weingut-max-ferd-richter-riesling-kabinett-feinherb-mulheimer-sonnenlay-2019-12-vol-075l\/#primaryimage","url":"https:\/\/vinodeli.ee\/wp-content\/uploads\/2021\/06\/riesling-kabinett-feinherb-mulheimer-sonnenlay.jpg","contentUrl":"https:\/\/vinodeli.ee\/wp-content\/uploads\/2021\/06\/riesling-kabinett-feinherb-mulheimer-sonnenlay.jpg","width":1080,"height":1080},{"@type":"BreadcrumbList","@id":"https:\/\/vinodeli.ee\/en\/product\/weingut-max-ferd-richter-riesling-kabinett-feinherb-mulheimer-sonnenlay-2019-12-vol-075l\/#breadcrumb","itemListElement":[{"@type":"ListItem","position":1,"name":"Home","item":"https:\/\/vinodeli.ee\/en\/"},{"@type":"ListItem","position":2,"name":"Shop","item":"https:\/\/vinodeli.ee\/pood\/"},{"@type":"ListItem","position":3,"name":"Weingut Max Ferd. Richter Riesling Kabinett Feinherb M\u00fclheimer Sonnenlay 2019 12% vol. 0.75l"}]},{"@type":"WebSite","@id":"https:\/\/vinodeli.ee\/#website","url":"https:\/\/vinodeli.ee\/","name":"Vinodeli","description":"","publisher":{"@id":"https:\/\/vinodeli.ee\/#organization"},"potentialAction":[{"@type":"SearchAction","target":{"@type":"EntryPoint","urlTemplate":"https:\/\/vinodeli.ee\/?s={search_term_string}"},"query-input":{"@type":"PropertyValueSpecification","valueRequired":true,"valueName":"search_term_string"}}],"inLanguage":"en-US"},{"@type":"Organization","@id":"https:\/\/vinodeli.ee\/#organization","name":"Vinodeli O\u00dc","url":"https:\/\/vinodeli.ee\/","logo":{"@type":"ImageObject","inLanguage":"en-US","@id":"https:\/\/vinodeli.ee\/#\/schema\/logo\/image\/","url":"https:\/\/vinodeli.ee\/wp-content\/uploads\/2024\/02\/logo-winodeli-1.png","contentUrl":"https:\/\/vinodeli.ee\/wp-content\/uploads\/2024\/02\/logo-winodeli-1.png","width":1500,"height":1150,"caption":"Vinodeli O\u00dc"},"image":{"@id":"https:\/\/vinodeli.ee\/#\/schema\/logo\/image\/"}}]}},"_links":{"self":[{"href":"https:\/\/vinodeli.ee\/en\/wp-json\/wp\/v2\/product\/47953","targetHints":{"allow":["GET"]}}],"collection":[{"href":"https:\/\/vinodeli.ee\/en\/wp-json\/wp\/v2\/product"}],"about":[{"href":"https:\/\/vinodeli.ee\/en\/wp-json\/wp\/v2\/types\/product"}],"version-history":[{"count":0,"href":"https:\/\/vinodeli.ee\/en\/wp-json\/wp\/v2\/product\/47953\/revisions"}],"wp:featuredmedia":[{"embeddable":true,"href":"https:\/\/vinodeli.ee\/en\/wp-json\/wp\/v2\/media\/64424"}],"wp:attachment":[{"href":"https:\/\/vinodeli.ee\/en\/wp-json\/wp\/v2\/media?parent=47953"}],"wp:term":[{"taxonomy":"product_brand","embeddable":true,"href":"https:\/\/vinodeli.ee\/en\/wp-json\/wp\/v2\/product_brand?post=47953"},{"taxonomy":"product_cat","embeddable":true,"href":"https:\/\/vinodeli.ee\/en\/wp-json\/wp\/v2\/product_cat?post=47953"},{"taxonomy":"product_tag","embeddable":true,"href":"https:\/\/vinodeli.ee\/en\/wp-json\/wp\/v2\/product_tag?post=47953"}],"curies":[{"name":"wp","href":"https:\/\/api.w.org\/{rel}","templated":true}]}}