{"id":47954,"date":"2021-06-19T17:47:54","date_gmt":"2021-06-19T14:47:54","guid":{"rendered":"https:\/\/vinodeli.ee\/product\/mulheimer-sonnenlay-riesling-auslese-richter\/"},"modified":"2024-08-18T16:40:14","modified_gmt":"2024-08-18T13:40:14","slug":"riesling-auslese-mulheimer-sonnenlay","status":"publish","type":"product","link":"https:\/\/vinodeli.ee\/en\/product\/riesling-auslese-mulheimer-sonnenlay\/","title":{"rendered":"Weingut Max Ferd. Richter Riesling Auslese M\u00fclheimer Sonnenlay 2017 7.5% vol. 0.75l"},"content":{"rendered":"<p>Dense aroma of grapefruit, orange zest, quince and pineapple, followed by spicy notes of cinnamon and nutmeg. Juicy fruit of exotic fruits with floral hints. Perfectly balanced with a refreshing acidity structure and a long mineral finish.<\/p>\n","protected":false},"excerpt":{"rendered":"<blockquote>\n<h5>P\u00c4RITOLU: M\u00fclheim an der Mosel, Mosel, SaksamaaVeini t\u00fc\u00fcp: Saksa Auslese poolmagus veinViinamarjasort: 100% Riesling<\/h5>\n<\/blockquote>\n<h5>Auslese ehk valitud korje, sisaldab v\u00e4ga k\u00fcpseid viinamarju.<\/h5>\n<h5>Fermentatsioon: Puidust t\u00fcnnidesLaagerdumine: Suur puidust t\u00fcnnides<\/h5>\n<h5>Tihe aroom greibist, apelsinikoorest, kudooniast ja ananassist, millele j\u00e4rgnevad v\u00fcrtsikad kaneeli ja muskaatp\u00e4hkli noodid. Eksootiliste puuviljade mahlased puuviljad, millel on lillede aroomid. T\u00e4iuslikult tasakaalustatud v\u00e4rskendava happelise struktuuriga ja pika mineraalse j\u00e4relmaitsega.<\/h5>\n<h5><em>Serveerimistemperatuur: 10\u00b0<\/em><\/h5>\n<h5><em>Toidusoovitus: s\u00fcvamere kalade nagu tursk, hiidlest v\u00f5i loup de mer v\u00f5i kergemate liharoogade k\u00f5rvale.<\/em><\/h5>\n","protected":false},"featured_media":46304,"template":"","meta":{"_acf_changed":false},"product_brand":[],"product_cat":[19460],"product_tag":[],"class_list":{"0":"post-47954","1":"product","2":"type-product","3":"status-publish","4":"has-post-thumbnail","6":"product_cat-white-wine","8":"first","9":"instock","10":"taxable","11":"shipping-taxable","12":"purchasable","13":"product-type-simple"},"acf":[],"yoast_head":"<!-- This site is optimized with the Yoast SEO plugin v25.7 - https:\/\/yoast.com\/wordpress\/plugins\/seo\/ -->\n<title>Weingut Max Ferd. Richter Riesling Auslese M\u00fclheimer Sonnenlay 2017 7.5% vol. 0.75l - Vinodeli<\/title>\n<meta name=\"robots\" content=\"index, follow, max-snippet:-1, max-image-preview:large, max-video-preview:-1\" \/>\n<link rel=\"canonical\" href=\"https:\/\/vinodeli.ee\/en\/product\/riesling-auslese-mulheimer-sonnenlay\/\" \/>\n<meta property=\"og:locale\" content=\"en_US\" \/>\n<meta property=\"og:type\" content=\"article\" \/>\n<meta property=\"og:title\" content=\"Weingut Max Ferd. Richter Riesling Auslese M\u00fclheimer Sonnenlay 2017 7.5% vol. 0.75l - Vinodeli\" \/>\n<meta property=\"og:description\" content=\"P\u00c4RITOLU: M\u00fclheim an der Mosel, Mosel, SaksamaaVeini t\u00fc\u00fcp: Saksa Auslese poolmagus veinViinamarjasort: 100% Riesling  Auslese ehk valitud korje, sisaldab v\u00e4ga k\u00fcpseid viinamarju. Fermentatsioon: Puidust t\u00fcnnidesLaagerdumine: Suur puidust t\u00fcnnides Tihe aroom greibist, apelsinikoorest, kudooniast ja ananassist, millele j\u00e4rgnevad v\u00fcrtsikad kaneeli ja muskaatp\u00e4hkli noodid. Eksootiliste puuviljade mahlased puuviljad, millel on lillede aroomid. T\u00e4iuslikult tasakaalustatud v\u00e4rskendava happelise struktuuriga ja pika mineraalse j\u00e4relmaitsega. Serveerimistemperatuur: 10\u00b0 Toidusoovitus: s\u00fcvamere kalade nagu tursk, hiidlest v\u00f5i loup de mer v\u00f5i kergemate liharoogade k\u00f5rvale.\" \/>\n<meta property=\"og:url\" content=\"https:\/\/vinodeli.ee\/en\/product\/riesling-auslese-mulheimer-sonnenlay\/\" \/>\n<meta property=\"og:site_name\" content=\"Vinodeli\" \/>\n<meta property=\"article:modified_time\" content=\"2024-08-18T13:40:14+00:00\" \/>\n<meta property=\"og:image\" content=\"https:\/\/vinodeli.ee\/wp-content\/uploads\/2023\/11\/8fuyeap9sw4-jpg-2.webp\" \/>\n\t<meta property=\"og:image:width\" content=\"720\" \/>\n\t<meta property=\"og:image:height\" content=\"720\" \/>\n\t<meta property=\"og:image:type\" content=\"image\/webp\" \/>\n<meta name=\"twitter:card\" content=\"summary_large_image\" \/>\n<meta name=\"twitter:label1\" content=\"Est. reading time\" \/>\n\t<meta name=\"twitter:data1\" content=\"1 minute\" \/>\n<script type=\"application\/ld+json\" class=\"yoast-schema-graph\">{\"@context\":\"https:\/\/schema.org\",\"@graph\":[{\"@type\":\"WebPage\",\"@id\":\"https:\/\/vinodeli.ee\/en\/product\/riesling-auslese-mulheimer-sonnenlay\/\",\"url\":\"https:\/\/vinodeli.ee\/en\/product\/riesling-auslese-mulheimer-sonnenlay\/\",\"name\":\"Weingut Max Ferd. Richter Riesling Auslese M\u00fclheimer Sonnenlay 2017 7.5% vol. 0.75l - Vinodeli\",\"isPartOf\":{\"@id\":\"https:\/\/vinodeli.ee\/#website\"},\"primaryImageOfPage\":{\"@id\":\"https:\/\/vinodeli.ee\/en\/product\/riesling-auslese-mulheimer-sonnenlay\/#primaryimage\"},\"image\":{\"@id\":\"https:\/\/vinodeli.ee\/en\/product\/riesling-auslese-mulheimer-sonnenlay\/#primaryimage\"},\"thumbnailUrl\":\"https:\/\/vinodeli.ee\/wp-content\/uploads\/2023\/11\/8fuyeap9sw4-jpg-2.webp\",\"datePublished\":\"2021-06-19T14:47:54+00:00\",\"dateModified\":\"2024-08-18T13:40:14+00:00\",\"breadcrumb\":{\"@id\":\"https:\/\/vinodeli.ee\/en\/product\/riesling-auslese-mulheimer-sonnenlay\/#breadcrumb\"},\"inLanguage\":\"en-US\",\"potentialAction\":[{\"@type\":\"ReadAction\",\"target\":[\"https:\/\/vinodeli.ee\/en\/product\/riesling-auslese-mulheimer-sonnenlay\/\"]}]},{\"@type\":\"ImageObject\",\"inLanguage\":\"en-US\",\"@id\":\"https:\/\/vinodeli.ee\/en\/product\/riesling-auslese-mulheimer-sonnenlay\/#primaryimage\",\"url\":\"https:\/\/vinodeli.ee\/wp-content\/uploads\/2023\/11\/8fuyeap9sw4-jpg-2.webp\",\"contentUrl\":\"https:\/\/vinodeli.ee\/wp-content\/uploads\/2023\/11\/8fuyeap9sw4-jpg-2.webp\",\"width\":720,\"height\":720},{\"@type\":\"BreadcrumbList\",\"@id\":\"https:\/\/vinodeli.ee\/en\/product\/riesling-auslese-mulheimer-sonnenlay\/#breadcrumb\",\"itemListElement\":[{\"@type\":\"ListItem\",\"position\":1,\"name\":\"Home\",\"item\":\"https:\/\/vinodeli.ee\/en\/\"},{\"@type\":\"ListItem\",\"position\":2,\"name\":\"Shop\",\"item\":\"https:\/\/vinodeli.ee\/pood\/\"},{\"@type\":\"ListItem\",\"position\":3,\"name\":\"Weingut Max Ferd. Richter Riesling Auslese M\u00fclheimer Sonnenlay 2017 7.5% vol. 0.75l\"}]},{\"@type\":\"WebSite\",\"@id\":\"https:\/\/vinodeli.ee\/#website\",\"url\":\"https:\/\/vinodeli.ee\/\",\"name\":\"Vinodeli\",\"description\":\"\",\"publisher\":{\"@id\":\"https:\/\/vinodeli.ee\/#organization\"},\"potentialAction\":[{\"@type\":\"SearchAction\",\"target\":{\"@type\":\"EntryPoint\",\"urlTemplate\":\"https:\/\/vinodeli.ee\/?s={search_term_string}\"},\"query-input\":{\"@type\":\"PropertyValueSpecification\",\"valueRequired\":true,\"valueName\":\"search_term_string\"}}],\"inLanguage\":\"en-US\"},{\"@type\":\"Organization\",\"@id\":\"https:\/\/vinodeli.ee\/#organization\",\"name\":\"Vinodeli O\u00dc\",\"url\":\"https:\/\/vinodeli.ee\/\",\"logo\":{\"@type\":\"ImageObject\",\"inLanguage\":\"en-US\",\"@id\":\"https:\/\/vinodeli.ee\/#\/schema\/logo\/image\/\",\"url\":\"https:\/\/vinodeli.ee\/wp-content\/uploads\/2024\/02\/logo-winodeli-1.png\",\"contentUrl\":\"https:\/\/vinodeli.ee\/wp-content\/uploads\/2024\/02\/logo-winodeli-1.png\",\"width\":1500,\"height\":1150,\"caption\":\"Vinodeli O\u00dc\"},\"image\":{\"@id\":\"https:\/\/vinodeli.ee\/#\/schema\/logo\/image\/\"}}]}<\/script>\n<!-- \/ Yoast SEO plugin. -->","yoast_head_json":{"title":"Weingut Max Ferd. Richter Riesling Auslese M\u00fclheimer Sonnenlay 2017 7.5% vol. 0.75l - Vinodeli","robots":{"index":"index","follow":"follow","max-snippet":"max-snippet:-1","max-image-preview":"max-image-preview:large","max-video-preview":"max-video-preview:-1"},"canonical":"https:\/\/vinodeli.ee\/en\/product\/riesling-auslese-mulheimer-sonnenlay\/","og_locale":"en_US","og_type":"article","og_title":"Weingut Max Ferd. Richter Riesling Auslese M\u00fclheimer Sonnenlay 2017 7.5% vol. 0.75l - Vinodeli","og_description":"P\u00c4RITOLU: M\u00fclheim an der Mosel, Mosel, SaksamaaVeini t\u00fc\u00fcp: Saksa Auslese poolmagus veinViinamarjasort: 100% Riesling  Auslese ehk valitud korje, sisaldab v\u00e4ga k\u00fcpseid viinamarju. Fermentatsioon: Puidust t\u00fcnnidesLaagerdumine: Suur puidust t\u00fcnnides Tihe aroom greibist, apelsinikoorest, kudooniast ja ananassist, millele j\u00e4rgnevad v\u00fcrtsikad kaneeli ja muskaatp\u00e4hkli noodid. Eksootiliste puuviljade mahlased puuviljad, millel on lillede aroomid. T\u00e4iuslikult tasakaalustatud v\u00e4rskendava happelise struktuuriga ja pika mineraalse j\u00e4relmaitsega. Serveerimistemperatuur: 10\u00b0 Toidusoovitus: s\u00fcvamere kalade nagu tursk, hiidlest v\u00f5i loup de mer v\u00f5i kergemate liharoogade k\u00f5rvale.","og_url":"https:\/\/vinodeli.ee\/en\/product\/riesling-auslese-mulheimer-sonnenlay\/","og_site_name":"Vinodeli","article_modified_time":"2024-08-18T13:40:14+00:00","og_image":[{"width":720,"height":720,"url":"https:\/\/vinodeli.ee\/wp-content\/uploads\/2023\/11\/8fuyeap9sw4-jpg-2.webp","type":"image\/webp"}],"twitter_card":"summary_large_image","twitter_misc":{"Est. reading time":"1 minute"},"schema":{"@context":"https:\/\/schema.org","@graph":[{"@type":"WebPage","@id":"https:\/\/vinodeli.ee\/en\/product\/riesling-auslese-mulheimer-sonnenlay\/","url":"https:\/\/vinodeli.ee\/en\/product\/riesling-auslese-mulheimer-sonnenlay\/","name":"Weingut Max Ferd. Richter Riesling Auslese M\u00fclheimer Sonnenlay 2017 7.5% vol. 0.75l - Vinodeli","isPartOf":{"@id":"https:\/\/vinodeli.ee\/#website"},"primaryImageOfPage":{"@id":"https:\/\/vinodeli.ee\/en\/product\/riesling-auslese-mulheimer-sonnenlay\/#primaryimage"},"image":{"@id":"https:\/\/vinodeli.ee\/en\/product\/riesling-auslese-mulheimer-sonnenlay\/#primaryimage"},"thumbnailUrl":"https:\/\/vinodeli.ee\/wp-content\/uploads\/2023\/11\/8fuyeap9sw4-jpg-2.webp","datePublished":"2021-06-19T14:47:54+00:00","dateModified":"2024-08-18T13:40:14+00:00","breadcrumb":{"@id":"https:\/\/vinodeli.ee\/en\/product\/riesling-auslese-mulheimer-sonnenlay\/#breadcrumb"},"inLanguage":"en-US","potentialAction":[{"@type":"ReadAction","target":["https:\/\/vinodeli.ee\/en\/product\/riesling-auslese-mulheimer-sonnenlay\/"]}]},{"@type":"ImageObject","inLanguage":"en-US","@id":"https:\/\/vinodeli.ee\/en\/product\/riesling-auslese-mulheimer-sonnenlay\/#primaryimage","url":"https:\/\/vinodeli.ee\/wp-content\/uploads\/2023\/11\/8fuyeap9sw4-jpg-2.webp","contentUrl":"https:\/\/vinodeli.ee\/wp-content\/uploads\/2023\/11\/8fuyeap9sw4-jpg-2.webp","width":720,"height":720},{"@type":"BreadcrumbList","@id":"https:\/\/vinodeli.ee\/en\/product\/riesling-auslese-mulheimer-sonnenlay\/#breadcrumb","itemListElement":[{"@type":"ListItem","position":1,"name":"Home","item":"https:\/\/vinodeli.ee\/en\/"},{"@type":"ListItem","position":2,"name":"Shop","item":"https:\/\/vinodeli.ee\/pood\/"},{"@type":"ListItem","position":3,"name":"Weingut Max Ferd. Richter Riesling Auslese M\u00fclheimer Sonnenlay 2017 7.5% vol. 0.75l"}]},{"@type":"WebSite","@id":"https:\/\/vinodeli.ee\/#website","url":"https:\/\/vinodeli.ee\/","name":"Vinodeli","description":"","publisher":{"@id":"https:\/\/vinodeli.ee\/#organization"},"potentialAction":[{"@type":"SearchAction","target":{"@type":"EntryPoint","urlTemplate":"https:\/\/vinodeli.ee\/?s={search_term_string}"},"query-input":{"@type":"PropertyValueSpecification","valueRequired":true,"valueName":"search_term_string"}}],"inLanguage":"en-US"},{"@type":"Organization","@id":"https:\/\/vinodeli.ee\/#organization","name":"Vinodeli O\u00dc","url":"https:\/\/vinodeli.ee\/","logo":{"@type":"ImageObject","inLanguage":"en-US","@id":"https:\/\/vinodeli.ee\/#\/schema\/logo\/image\/","url":"https:\/\/vinodeli.ee\/wp-content\/uploads\/2024\/02\/logo-winodeli-1.png","contentUrl":"https:\/\/vinodeli.ee\/wp-content\/uploads\/2024\/02\/logo-winodeli-1.png","width":1500,"height":1150,"caption":"Vinodeli O\u00dc"},"image":{"@id":"https:\/\/vinodeli.ee\/#\/schema\/logo\/image\/"}}]}},"_links":{"self":[{"href":"https:\/\/vinodeli.ee\/en\/wp-json\/wp\/v2\/product\/47954","targetHints":{"allow":["GET"]}}],"collection":[{"href":"https:\/\/vinodeli.ee\/en\/wp-json\/wp\/v2\/product"}],"about":[{"href":"https:\/\/vinodeli.ee\/en\/wp-json\/wp\/v2\/types\/product"}],"version-history":[{"count":0,"href":"https:\/\/vinodeli.ee\/en\/wp-json\/wp\/v2\/product\/47954\/revisions"}],"wp:featuredmedia":[{"embeddable":true,"href":"https:\/\/vinodeli.ee\/en\/wp-json\/wp\/v2\/media\/46304"}],"wp:attachment":[{"href":"https:\/\/vinodeli.ee\/en\/wp-json\/wp\/v2\/media?parent=47954"}],"wp:term":[{"taxonomy":"product_brand","embeddable":true,"href":"https:\/\/vinodeli.ee\/en\/wp-json\/wp\/v2\/product_brand?post=47954"},{"taxonomy":"product_cat","embeddable":true,"href":"https:\/\/vinodeli.ee\/en\/wp-json\/wp\/v2\/product_cat?post=47954"},{"taxonomy":"product_tag","embeddable":true,"href":"https:\/\/vinodeli.ee\/en\/wp-json\/wp\/v2\/product_tag?post=47954"}],"curies":[{"name":"wp","href":"https:\/\/api.w.org\/{rel}","templated":true}]}}