{"id":47957,"date":"2021-06-19T14:30:50","date_gmt":"2021-06-19T11:30:50","guid":{"rendered":"https:\/\/vinodeli.ee\/product\/brauneberger-juffer-sonnenuhr-riesling-auslese-richter\/"},"modified":"2024-08-18T18:20:42","modified_gmt":"2024-08-18T15:20:42","slug":"brauneberger-juffer-sonnenuhr-riesling-auslese","status":"publish","type":"product","link":"https:\/\/vinodeli.ee\/en\/product\/brauneberger-juffer-sonnenuhr-riesling-auslese\/","title":{"rendered":"Weingut Max Ferd. Richter Brauneberger Juffer-Sonnenuhr Riesling Auslese 2019 7% vol. 375 ml"},"content":{"rendered":"<blockquote><p>LOCATION: M\u00fclheim an der Mosel, Mosel, Germany<br \/>\nWine type: German Auslese semi-sweet wine.<br \/>\nGrape variety: 100% Riesling<\/p><\/blockquote>\n<p>Auslese, i.e. selected harvest, contains very ripe grapes.<\/p>\n<p>Fermentation: in wooden barrels<br \/>\nMaturation: in large wooden barrels.<br \/>\nSurprisingly sweet aroma of apricots, orange peel and honey, the palate is very rich and dense.<\/p>\n<p><em>Serving temperature: 10\u00b0<\/em><br \/>\n<em>Food recommendation: foie gras, various p\u00e2t\u00e9s, avocado salad, goat cheese, smoked poultry, duck breast, Thai and Indian cuisine.<\/em><\/p>\n","protected":false},"excerpt":{"rendered":"<blockquote><p>P\u00c4RITOLU: M\u00fclheim an der Mosel, Mosel, SaksamaaVeini t\u00fc\u00fcp: Saksa Auslese poolmagus veinViinamarjasort: 100% RieslingAuhinnad: Wine Advocate, Robert Parker: 95+Wein Plus: 92View from the Cellar, John Gilman: 93Mosel Fine Wines, Jean Fisch &amp; David Rayer : 95<\/p><\/blockquote>\n<p>Auslese ehk valitud korje, sisaldab v\u00e4ga k\u00fcpseid viinamarju.<\/p>\n","protected":false},"featured_media":46313,"template":"","meta":{"_acf_changed":false},"product_brand":[],"product_cat":[22101,19460],"product_tag":[],"class_list":{"0":"post-47957","1":"product","2":"type-product","3":"status-publish","4":"has-post-thumbnail","6":"product_cat-semi-dry-semi-sweet","7":"product_cat-white-wine","9":"first","10":"outofstock","11":"taxable","12":"shipping-taxable","13":"purchasable","14":"product-type-simple"},"acf":[],"yoast_head":"<!-- This site is optimized with the Yoast SEO plugin v25.7 - https:\/\/yoast.com\/wordpress\/plugins\/seo\/ -->\n<title>Weingut Max Ferd. Richter Brauneberger Juffer-Sonnenuhr Riesling Auslese 2019 7% vol. 375 ml - Vinodeli<\/title>\n<meta name=\"robots\" content=\"index, follow, max-snippet:-1, max-image-preview:large, max-video-preview:-1\" \/>\n<link rel=\"canonical\" href=\"https:\/\/vinodeli.ee\/en\/product\/brauneberger-juffer-sonnenuhr-riesling-auslese\/\" \/>\n<meta property=\"og:locale\" content=\"en_US\" \/>\n<meta property=\"og:type\" content=\"article\" \/>\n<meta property=\"og:title\" content=\"Weingut Max Ferd. Richter Brauneberger Juffer-Sonnenuhr Riesling Auslese 2019 7% vol. 375 ml - Vinodeli\" \/>\n<meta property=\"og:description\" content=\"P\u00c4RITOLU: M\u00fclheim an der Mosel, Mosel, SaksamaaVeini t\u00fc\u00fcp: Saksa Auslese poolmagus veinViinamarjasort: 100% RieslingAuhinnad: Wine Advocate, Robert Parker: 95+Wein Plus: 92View from the Cellar, John Gilman: 93Mosel Fine Wines, Jean Fisch &amp; David Rayer : 95 Auslese ehk valitud korje, sisaldab v\u00e4ga k\u00fcpseid viinamarju.\" \/>\n<meta property=\"og:url\" content=\"https:\/\/vinodeli.ee\/en\/product\/brauneberger-juffer-sonnenuhr-riesling-auslese\/\" \/>\n<meta property=\"og:site_name\" content=\"Vinodeli\" \/>\n<meta property=\"article:modified_time\" content=\"2024-08-18T15:20:42+00:00\" \/>\n<meta property=\"og:image\" content=\"https:\/\/vinodeli.ee\/wp-content\/uploads\/2023\/11\/23456y7hupbugh-jpg-2.webp\" \/>\n\t<meta property=\"og:image:width\" content=\"2048\" \/>\n\t<meta property=\"og:image:height\" content=\"2048\" \/>\n\t<meta property=\"og:image:type\" content=\"image\/webp\" \/>\n<meta name=\"twitter:card\" content=\"summary_large_image\" \/>\n<meta name=\"twitter:label1\" content=\"Est. reading time\" \/>\n\t<meta name=\"twitter:data1\" content=\"1 minute\" \/>\n<script type=\"application\/ld+json\" class=\"yoast-schema-graph\">{\"@context\":\"https:\/\/schema.org\",\"@graph\":[{\"@type\":\"WebPage\",\"@id\":\"https:\/\/vinodeli.ee\/en\/product\/brauneberger-juffer-sonnenuhr-riesling-auslese\/\",\"url\":\"https:\/\/vinodeli.ee\/en\/product\/brauneberger-juffer-sonnenuhr-riesling-auslese\/\",\"name\":\"Weingut Max Ferd. Richter Brauneberger Juffer-Sonnenuhr Riesling Auslese 2019 7% vol. 375 ml - Vinodeli\",\"isPartOf\":{\"@id\":\"https:\/\/vinodeli.ee\/#website\"},\"primaryImageOfPage\":{\"@id\":\"https:\/\/vinodeli.ee\/en\/product\/brauneberger-juffer-sonnenuhr-riesling-auslese\/#primaryimage\"},\"image\":{\"@id\":\"https:\/\/vinodeli.ee\/en\/product\/brauneberger-juffer-sonnenuhr-riesling-auslese\/#primaryimage\"},\"thumbnailUrl\":\"https:\/\/vinodeli.ee\/wp-content\/uploads\/2023\/11\/23456y7hupbugh-jpg-2.webp\",\"datePublished\":\"2021-06-19T11:30:50+00:00\",\"dateModified\":\"2024-08-18T15:20:42+00:00\",\"breadcrumb\":{\"@id\":\"https:\/\/vinodeli.ee\/en\/product\/brauneberger-juffer-sonnenuhr-riesling-auslese\/#breadcrumb\"},\"inLanguage\":\"en-US\",\"potentialAction\":[{\"@type\":\"ReadAction\",\"target\":[\"https:\/\/vinodeli.ee\/en\/product\/brauneberger-juffer-sonnenuhr-riesling-auslese\/\"]}]},{\"@type\":\"ImageObject\",\"inLanguage\":\"en-US\",\"@id\":\"https:\/\/vinodeli.ee\/en\/product\/brauneberger-juffer-sonnenuhr-riesling-auslese\/#primaryimage\",\"url\":\"https:\/\/vinodeli.ee\/wp-content\/uploads\/2023\/11\/23456y7hupbugh-jpg-2.webp\",\"contentUrl\":\"https:\/\/vinodeli.ee\/wp-content\/uploads\/2023\/11\/23456y7hupbugh-jpg-2.webp\",\"width\":2048,\"height\":2048},{\"@type\":\"BreadcrumbList\",\"@id\":\"https:\/\/vinodeli.ee\/en\/product\/brauneberger-juffer-sonnenuhr-riesling-auslese\/#breadcrumb\",\"itemListElement\":[{\"@type\":\"ListItem\",\"position\":1,\"name\":\"Home\",\"item\":\"https:\/\/vinodeli.ee\/en\/\"},{\"@type\":\"ListItem\",\"position\":2,\"name\":\"Shop\",\"item\":\"https:\/\/vinodeli.ee\/pood\/\"},{\"@type\":\"ListItem\",\"position\":3,\"name\":\"Weingut Max Ferd. Richter Brauneberger Juffer-Sonnenuhr Riesling Auslese 2019 7% vol. 375 ml\"}]},{\"@type\":\"WebSite\",\"@id\":\"https:\/\/vinodeli.ee\/#website\",\"url\":\"https:\/\/vinodeli.ee\/\",\"name\":\"Vinodeli\",\"description\":\"\",\"publisher\":{\"@id\":\"https:\/\/vinodeli.ee\/#organization\"},\"potentialAction\":[{\"@type\":\"SearchAction\",\"target\":{\"@type\":\"EntryPoint\",\"urlTemplate\":\"https:\/\/vinodeli.ee\/?s={search_term_string}\"},\"query-input\":{\"@type\":\"PropertyValueSpecification\",\"valueRequired\":true,\"valueName\":\"search_term_string\"}}],\"inLanguage\":\"en-US\"},{\"@type\":\"Organization\",\"@id\":\"https:\/\/vinodeli.ee\/#organization\",\"name\":\"Vinodeli O\u00dc\",\"url\":\"https:\/\/vinodeli.ee\/\",\"logo\":{\"@type\":\"ImageObject\",\"inLanguage\":\"en-US\",\"@id\":\"https:\/\/vinodeli.ee\/#\/schema\/logo\/image\/\",\"url\":\"https:\/\/vinodeli.ee\/wp-content\/uploads\/2024\/02\/logo-winodeli-1.png\",\"contentUrl\":\"https:\/\/vinodeli.ee\/wp-content\/uploads\/2024\/02\/logo-winodeli-1.png\",\"width\":1500,\"height\":1150,\"caption\":\"Vinodeli O\u00dc\"},\"image\":{\"@id\":\"https:\/\/vinodeli.ee\/#\/schema\/logo\/image\/\"}}]}<\/script>\n<!-- \/ Yoast SEO plugin. -->","yoast_head_json":{"title":"Weingut Max Ferd. Richter Brauneberger Juffer-Sonnenuhr Riesling Auslese 2019 7% vol. 375 ml - Vinodeli","robots":{"index":"index","follow":"follow","max-snippet":"max-snippet:-1","max-image-preview":"max-image-preview:large","max-video-preview":"max-video-preview:-1"},"canonical":"https:\/\/vinodeli.ee\/en\/product\/brauneberger-juffer-sonnenuhr-riesling-auslese\/","og_locale":"en_US","og_type":"article","og_title":"Weingut Max Ferd. Richter Brauneberger Juffer-Sonnenuhr Riesling Auslese 2019 7% vol. 375 ml - Vinodeli","og_description":"P\u00c4RITOLU: M\u00fclheim an der Mosel, Mosel, SaksamaaVeini t\u00fc\u00fcp: Saksa Auslese poolmagus veinViinamarjasort: 100% RieslingAuhinnad: Wine Advocate, Robert Parker: 95+Wein Plus: 92View from the Cellar, John Gilman: 93Mosel Fine Wines, Jean Fisch &amp; David Rayer : 95 Auslese ehk valitud korje, sisaldab v\u00e4ga k\u00fcpseid viinamarju.","og_url":"https:\/\/vinodeli.ee\/en\/product\/brauneberger-juffer-sonnenuhr-riesling-auslese\/","og_site_name":"Vinodeli","article_modified_time":"2024-08-18T15:20:42+00:00","og_image":[{"width":2048,"height":2048,"url":"https:\/\/vinodeli.ee\/wp-content\/uploads\/2023\/11\/23456y7hupbugh-jpg-2.webp","type":"image\/webp"}],"twitter_card":"summary_large_image","twitter_misc":{"Est. reading time":"1 minute"},"schema":{"@context":"https:\/\/schema.org","@graph":[{"@type":"WebPage","@id":"https:\/\/vinodeli.ee\/en\/product\/brauneberger-juffer-sonnenuhr-riesling-auslese\/","url":"https:\/\/vinodeli.ee\/en\/product\/brauneberger-juffer-sonnenuhr-riesling-auslese\/","name":"Weingut Max Ferd. Richter Brauneberger Juffer-Sonnenuhr Riesling Auslese 2019 7% vol. 375 ml - Vinodeli","isPartOf":{"@id":"https:\/\/vinodeli.ee\/#website"},"primaryImageOfPage":{"@id":"https:\/\/vinodeli.ee\/en\/product\/brauneberger-juffer-sonnenuhr-riesling-auslese\/#primaryimage"},"image":{"@id":"https:\/\/vinodeli.ee\/en\/product\/brauneberger-juffer-sonnenuhr-riesling-auslese\/#primaryimage"},"thumbnailUrl":"https:\/\/vinodeli.ee\/wp-content\/uploads\/2023\/11\/23456y7hupbugh-jpg-2.webp","datePublished":"2021-06-19T11:30:50+00:00","dateModified":"2024-08-18T15:20:42+00:00","breadcrumb":{"@id":"https:\/\/vinodeli.ee\/en\/product\/brauneberger-juffer-sonnenuhr-riesling-auslese\/#breadcrumb"},"inLanguage":"en-US","potentialAction":[{"@type":"ReadAction","target":["https:\/\/vinodeli.ee\/en\/product\/brauneberger-juffer-sonnenuhr-riesling-auslese\/"]}]},{"@type":"ImageObject","inLanguage":"en-US","@id":"https:\/\/vinodeli.ee\/en\/product\/brauneberger-juffer-sonnenuhr-riesling-auslese\/#primaryimage","url":"https:\/\/vinodeli.ee\/wp-content\/uploads\/2023\/11\/23456y7hupbugh-jpg-2.webp","contentUrl":"https:\/\/vinodeli.ee\/wp-content\/uploads\/2023\/11\/23456y7hupbugh-jpg-2.webp","width":2048,"height":2048},{"@type":"BreadcrumbList","@id":"https:\/\/vinodeli.ee\/en\/product\/brauneberger-juffer-sonnenuhr-riesling-auslese\/#breadcrumb","itemListElement":[{"@type":"ListItem","position":1,"name":"Home","item":"https:\/\/vinodeli.ee\/en\/"},{"@type":"ListItem","position":2,"name":"Shop","item":"https:\/\/vinodeli.ee\/pood\/"},{"@type":"ListItem","position":3,"name":"Weingut Max Ferd. Richter Brauneberger Juffer-Sonnenuhr Riesling Auslese 2019 7% vol. 375 ml"}]},{"@type":"WebSite","@id":"https:\/\/vinodeli.ee\/#website","url":"https:\/\/vinodeli.ee\/","name":"Vinodeli","description":"","publisher":{"@id":"https:\/\/vinodeli.ee\/#organization"},"potentialAction":[{"@type":"SearchAction","target":{"@type":"EntryPoint","urlTemplate":"https:\/\/vinodeli.ee\/?s={search_term_string}"},"query-input":{"@type":"PropertyValueSpecification","valueRequired":true,"valueName":"search_term_string"}}],"inLanguage":"en-US"},{"@type":"Organization","@id":"https:\/\/vinodeli.ee\/#organization","name":"Vinodeli O\u00dc","url":"https:\/\/vinodeli.ee\/","logo":{"@type":"ImageObject","inLanguage":"en-US","@id":"https:\/\/vinodeli.ee\/#\/schema\/logo\/image\/","url":"https:\/\/vinodeli.ee\/wp-content\/uploads\/2024\/02\/logo-winodeli-1.png","contentUrl":"https:\/\/vinodeli.ee\/wp-content\/uploads\/2024\/02\/logo-winodeli-1.png","width":1500,"height":1150,"caption":"Vinodeli O\u00dc"},"image":{"@id":"https:\/\/vinodeli.ee\/#\/schema\/logo\/image\/"}}]}},"_links":{"self":[{"href":"https:\/\/vinodeli.ee\/en\/wp-json\/wp\/v2\/product\/47957","targetHints":{"allow":["GET"]}}],"collection":[{"href":"https:\/\/vinodeli.ee\/en\/wp-json\/wp\/v2\/product"}],"about":[{"href":"https:\/\/vinodeli.ee\/en\/wp-json\/wp\/v2\/types\/product"}],"version-history":[{"count":0,"href":"https:\/\/vinodeli.ee\/en\/wp-json\/wp\/v2\/product\/47957\/revisions"}],"wp:featuredmedia":[{"embeddable":true,"href":"https:\/\/vinodeli.ee\/en\/wp-json\/wp\/v2\/media\/46313"}],"wp:attachment":[{"href":"https:\/\/vinodeli.ee\/en\/wp-json\/wp\/v2\/media?parent=47957"}],"wp:term":[{"taxonomy":"product_brand","embeddable":true,"href":"https:\/\/vinodeli.ee\/en\/wp-json\/wp\/v2\/product_brand?post=47957"},{"taxonomy":"product_cat","embeddable":true,"href":"https:\/\/vinodeli.ee\/en\/wp-json\/wp\/v2\/product_cat?post=47957"},{"taxonomy":"product_tag","embeddable":true,"href":"https:\/\/vinodeli.ee\/en\/wp-json\/wp\/v2\/product_tag?post=47957"}],"curies":[{"name":"wp","href":"https:\/\/api.w.org\/{rel}","templated":true}]}}