{"id":47958,"date":"2021-06-19T14:24:51","date_gmt":"2021-06-19T11:24:51","guid":{"rendered":"https:\/\/vinodeli.ee\/product\/brauneberger-juffer-sonnenuhr-gg-2019-riesling-groses-gewachs-dry-richter\/"},"modified":"2023-12-20T14:03:22","modified_gmt":"2023-12-20T12:03:22","slug":"brauneberger-juffer-sonnenuhr-gg-2019-riesling-groses-gewachs-dry-richter","status":"publish","type":"product","link":"https:\/\/vinodeli.ee\/en\/product\/brauneberger-juffer-sonnenuhr-gg-2019-riesling-groses-gewachs-dry-richter\/","title":{"rendered":"Weingut Max Ferd. Richter Brauneberger Juffer-Sonnenuhr Riesling GG Gro\u00dfes Gew\u00e4chs Dry 2019 12% vol."},"content":{"rendered":"","protected":false},"excerpt":{"rendered":"<blockquote><p>P\u00c4RITOLU: M\u00fclheim an der Mosel, Mosel, SaksamaaVeini t\u00fc\u00fcp: kuiv Saksa Grand Cru kvaliteetveinViinamarjasort: 100% RieslingAuhinnad: Wine Advocate, Robert Parker: 93Mosel Fine Wines, Jean Fisch &#038; David Rayer: 92Wein Plus: 90<\/p><\/blockquote>\n<p>(Gro\u00dfes Gew\u00e4chs \/ Grand Cru \/ Grand Vin) &#8211; Neid rislinge kasvatatakse Grand Cru viinamarjaistanduste parimates ja vanemates osades. Need veinid on ideaalne kombinatsioon s\u00fcgavusest, kontsentratsioonist, mineraalsusest ning \u00fclimast t\u00e4psusest ja elegantsist.Fermentatsioon: Puidust t\u00fcnnidesLaagerdumine: Suur puidust t\u00fcnnidesK\u00fcpsete viinamarjaistanduse virsikute ja aprikooside aroom koos kiltkivi ja raua peene mineraalmaitsega. Elegantne ja delikaatne, suul on palju survet ja pikkust.<em>Serveerimistemperatuur: 10\u00b0<\/em><em>Toidusoovitus: kala\/mereannid, Aasia k\u00f6\u00f6k, taimetoidud<\/em><\/p>\n","protected":false},"featured_media":46316,"template":"","meta":{"_acf_changed":false},"product_brand":[],"product_cat":[19460],"product_tag":[],"class_list":{"0":"post-47958","1":"product","2":"type-product","3":"status-publish","4":"has-post-thumbnail","6":"product_cat-white-wine","8":"first","9":"outofstock","10":"downloadable","11":"taxable","12":"shipping-taxable","13":"purchasable","14":"product-type-simple"},"acf":[],"yoast_head":"<!-- This site is optimized with the Yoast SEO plugin v25.7 - https:\/\/yoast.com\/wordpress\/plugins\/seo\/ -->\n<title>Weingut Max Ferd. Richter Brauneberger Juffer-Sonnenuhr Riesling GG Gro\u00dfes Gew\u00e4chs Dry 2019 12% vol. - Vinodeli<\/title>\n<meta name=\"robots\" content=\"index, follow, max-snippet:-1, max-image-preview:large, max-video-preview:-1\" \/>\n<link rel=\"canonical\" href=\"https:\/\/vinodeli.ee\/en\/product\/brauneberger-juffer-sonnenuhr-gg-2019-riesling-groses-gewachs-dry-richter\/\" \/>\n<meta property=\"og:locale\" content=\"en_US\" \/>\n<meta property=\"og:type\" content=\"article\" \/>\n<meta property=\"og:title\" content=\"Weingut Max Ferd. Richter Brauneberger Juffer-Sonnenuhr Riesling GG Gro\u00dfes Gew\u00e4chs Dry 2019 12% vol. - Vinodeli\" \/>\n<meta property=\"og:description\" content=\"P\u00c4RITOLU: M\u00fclheim an der Mosel, Mosel, SaksamaaVeini t\u00fc\u00fcp: kuiv Saksa Grand Cru kvaliteetveinViinamarjasort: 100% RieslingAuhinnad: Wine Advocate, Robert Parker: 93Mosel Fine Wines, Jean Fisch &amp; David Rayer: 92Wein Plus: 90(Gro\u00dfes Gew\u00e4chs \/ Grand Cru \/ Grand Vin) - Neid rislinge kasvatatakse Grand Cru viinamarjaistanduste parimates ja vanemates osades. Need veinid on ideaalne kombinatsioon s\u00fcgavusest, kontsentratsioonist, mineraalsusest ning \u00fclimast t\u00e4psusest ja elegantsist.Fermentatsioon: Puidust t\u00fcnnidesLaagerdumine: Suur puidust t\u00fcnnidesK\u00fcpsete viinamarjaistanduse virsikute ja aprikooside aroom koos kiltkivi ja raua peene mineraalmaitsega. Elegantne ja delikaatne, suul on palju survet ja pikkust.Serveerimistemperatuur: 10\u00b0Toidusoovitus: kala\/mereannid, Aasia k\u00f6\u00f6k, taimetoidud\" \/>\n<meta property=\"og:url\" content=\"https:\/\/vinodeli.ee\/en\/product\/brauneberger-juffer-sonnenuhr-gg-2019-riesling-groses-gewachs-dry-richter\/\" \/>\n<meta property=\"og:site_name\" content=\"Vinodeli\" \/>\n<meta property=\"article:modified_time\" content=\"2023-12-20T12:03:22+00:00\" \/>\n<meta property=\"og:image\" content=\"https:\/\/vinodeli.ee\/wp-content\/uploads\/2023\/11\/we56tygukhjk-scaled-1-jpg-2.webp\" \/>\n\t<meta property=\"og:image:width\" content=\"2560\" \/>\n\t<meta property=\"og:image:height\" content=\"2560\" \/>\n\t<meta property=\"og:image:type\" content=\"image\/webp\" \/>\n<meta name=\"twitter:card\" content=\"summary_large_image\" \/>\n<script type=\"application\/ld+json\" class=\"yoast-schema-graph\">{\"@context\":\"https:\/\/schema.org\",\"@graph\":[{\"@type\":\"WebPage\",\"@id\":\"https:\/\/vinodeli.ee\/en\/product\/brauneberger-juffer-sonnenuhr-gg-2019-riesling-groses-gewachs-dry-richter\/\",\"url\":\"https:\/\/vinodeli.ee\/en\/product\/brauneberger-juffer-sonnenuhr-gg-2019-riesling-groses-gewachs-dry-richter\/\",\"name\":\"Weingut Max Ferd. Richter Brauneberger Juffer-Sonnenuhr Riesling GG Gro\u00dfes Gew\u00e4chs Dry 2019 12% vol. - Vinodeli\",\"isPartOf\":{\"@id\":\"https:\/\/vinodeli.ee\/#website\"},\"primaryImageOfPage\":{\"@id\":\"https:\/\/vinodeli.ee\/en\/product\/brauneberger-juffer-sonnenuhr-gg-2019-riesling-groses-gewachs-dry-richter\/#primaryimage\"},\"image\":{\"@id\":\"https:\/\/vinodeli.ee\/en\/product\/brauneberger-juffer-sonnenuhr-gg-2019-riesling-groses-gewachs-dry-richter\/#primaryimage\"},\"thumbnailUrl\":\"https:\/\/vinodeli.ee\/wp-content\/uploads\/2023\/11\/we56tygukhjk-scaled-1-jpg-2.webp\",\"datePublished\":\"2021-06-19T11:24:51+00:00\",\"dateModified\":\"2023-12-20T12:03:22+00:00\",\"breadcrumb\":{\"@id\":\"https:\/\/vinodeli.ee\/en\/product\/brauneberger-juffer-sonnenuhr-gg-2019-riesling-groses-gewachs-dry-richter\/#breadcrumb\"},\"inLanguage\":\"en-US\",\"potentialAction\":[{\"@type\":\"ReadAction\",\"target\":[\"https:\/\/vinodeli.ee\/en\/product\/brauneberger-juffer-sonnenuhr-gg-2019-riesling-groses-gewachs-dry-richter\/\"]}]},{\"@type\":\"ImageObject\",\"inLanguage\":\"en-US\",\"@id\":\"https:\/\/vinodeli.ee\/en\/product\/brauneberger-juffer-sonnenuhr-gg-2019-riesling-groses-gewachs-dry-richter\/#primaryimage\",\"url\":\"https:\/\/vinodeli.ee\/wp-content\/uploads\/2023\/11\/we56tygukhjk-scaled-1-jpg-2.webp\",\"contentUrl\":\"https:\/\/vinodeli.ee\/wp-content\/uploads\/2023\/11\/we56tygukhjk-scaled-1-jpg-2.webp\",\"width\":2560,\"height\":2560},{\"@type\":\"BreadcrumbList\",\"@id\":\"https:\/\/vinodeli.ee\/en\/product\/brauneberger-juffer-sonnenuhr-gg-2019-riesling-groses-gewachs-dry-richter\/#breadcrumb\",\"itemListElement\":[{\"@type\":\"ListItem\",\"position\":1,\"name\":\"Home\",\"item\":\"https:\/\/vinodeli.ee\/en\/\"},{\"@type\":\"ListItem\",\"position\":2,\"name\":\"Shop\",\"item\":\"https:\/\/vinodeli.ee\/pood\/\"},{\"@type\":\"ListItem\",\"position\":3,\"name\":\"Weingut Max Ferd. Richter Brauneberger Juffer-Sonnenuhr Riesling GG Gro\u00dfes Gew\u00e4chs Dry 2019 12% vol.\"}]},{\"@type\":\"WebSite\",\"@id\":\"https:\/\/vinodeli.ee\/#website\",\"url\":\"https:\/\/vinodeli.ee\/\",\"name\":\"Vinodeli\",\"description\":\"\",\"publisher\":{\"@id\":\"https:\/\/vinodeli.ee\/#organization\"},\"potentialAction\":[{\"@type\":\"SearchAction\",\"target\":{\"@type\":\"EntryPoint\",\"urlTemplate\":\"https:\/\/vinodeli.ee\/?s={search_term_string}\"},\"query-input\":{\"@type\":\"PropertyValueSpecification\",\"valueRequired\":true,\"valueName\":\"search_term_string\"}}],\"inLanguage\":\"en-US\"},{\"@type\":\"Organization\",\"@id\":\"https:\/\/vinodeli.ee\/#organization\",\"name\":\"Vinodeli O\u00dc\",\"url\":\"https:\/\/vinodeli.ee\/\",\"logo\":{\"@type\":\"ImageObject\",\"inLanguage\":\"en-US\",\"@id\":\"https:\/\/vinodeli.ee\/#\/schema\/logo\/image\/\",\"url\":\"https:\/\/vinodeli.ee\/wp-content\/uploads\/2024\/02\/logo-winodeli-1.png\",\"contentUrl\":\"https:\/\/vinodeli.ee\/wp-content\/uploads\/2024\/02\/logo-winodeli-1.png\",\"width\":1500,\"height\":1150,\"caption\":\"Vinodeli O\u00dc\"},\"image\":{\"@id\":\"https:\/\/vinodeli.ee\/#\/schema\/logo\/image\/\"}}]}<\/script>\n<!-- \/ Yoast SEO plugin. -->","yoast_head_json":{"title":"Weingut Max Ferd. Richter Brauneberger Juffer-Sonnenuhr Riesling GG Gro\u00dfes Gew\u00e4chs Dry 2019 12% vol. - Vinodeli","robots":{"index":"index","follow":"follow","max-snippet":"max-snippet:-1","max-image-preview":"max-image-preview:large","max-video-preview":"max-video-preview:-1"},"canonical":"https:\/\/vinodeli.ee\/en\/product\/brauneberger-juffer-sonnenuhr-gg-2019-riesling-groses-gewachs-dry-richter\/","og_locale":"en_US","og_type":"article","og_title":"Weingut Max Ferd. Richter Brauneberger Juffer-Sonnenuhr Riesling GG Gro\u00dfes Gew\u00e4chs Dry 2019 12% vol. - Vinodeli","og_description":"P\u00c4RITOLU: M\u00fclheim an der Mosel, Mosel, SaksamaaVeini t\u00fc\u00fcp: kuiv Saksa Grand Cru kvaliteetveinViinamarjasort: 100% RieslingAuhinnad: Wine Advocate, Robert Parker: 93Mosel Fine Wines, Jean Fisch & David Rayer: 92Wein Plus: 90(Gro\u00dfes Gew\u00e4chs \/ Grand Cru \/ Grand Vin) - Neid rislinge kasvatatakse Grand Cru viinamarjaistanduste parimates ja vanemates osades. Need veinid on ideaalne kombinatsioon s\u00fcgavusest, kontsentratsioonist, mineraalsusest ning \u00fclimast t\u00e4psusest ja elegantsist.Fermentatsioon: Puidust t\u00fcnnidesLaagerdumine: Suur puidust t\u00fcnnidesK\u00fcpsete viinamarjaistanduse virsikute ja aprikooside aroom koos kiltkivi ja raua peene mineraalmaitsega. Elegantne ja delikaatne, suul on palju survet ja pikkust.Serveerimistemperatuur: 10\u00b0Toidusoovitus: kala\/mereannid, Aasia k\u00f6\u00f6k, taimetoidud","og_url":"https:\/\/vinodeli.ee\/en\/product\/brauneberger-juffer-sonnenuhr-gg-2019-riesling-groses-gewachs-dry-richter\/","og_site_name":"Vinodeli","article_modified_time":"2023-12-20T12:03:22+00:00","og_image":[{"width":2560,"height":2560,"url":"https:\/\/vinodeli.ee\/wp-content\/uploads\/2023\/11\/we56tygukhjk-scaled-1-jpg-2.webp","type":"image\/webp"}],"twitter_card":"summary_large_image","schema":{"@context":"https:\/\/schema.org","@graph":[{"@type":"WebPage","@id":"https:\/\/vinodeli.ee\/en\/product\/brauneberger-juffer-sonnenuhr-gg-2019-riesling-groses-gewachs-dry-richter\/","url":"https:\/\/vinodeli.ee\/en\/product\/brauneberger-juffer-sonnenuhr-gg-2019-riesling-groses-gewachs-dry-richter\/","name":"Weingut Max Ferd. Richter Brauneberger Juffer-Sonnenuhr Riesling GG Gro\u00dfes Gew\u00e4chs Dry 2019 12% vol. - Vinodeli","isPartOf":{"@id":"https:\/\/vinodeli.ee\/#website"},"primaryImageOfPage":{"@id":"https:\/\/vinodeli.ee\/en\/product\/brauneberger-juffer-sonnenuhr-gg-2019-riesling-groses-gewachs-dry-richter\/#primaryimage"},"image":{"@id":"https:\/\/vinodeli.ee\/en\/product\/brauneberger-juffer-sonnenuhr-gg-2019-riesling-groses-gewachs-dry-richter\/#primaryimage"},"thumbnailUrl":"https:\/\/vinodeli.ee\/wp-content\/uploads\/2023\/11\/we56tygukhjk-scaled-1-jpg-2.webp","datePublished":"2021-06-19T11:24:51+00:00","dateModified":"2023-12-20T12:03:22+00:00","breadcrumb":{"@id":"https:\/\/vinodeli.ee\/en\/product\/brauneberger-juffer-sonnenuhr-gg-2019-riesling-groses-gewachs-dry-richter\/#breadcrumb"},"inLanguage":"en-US","potentialAction":[{"@type":"ReadAction","target":["https:\/\/vinodeli.ee\/en\/product\/brauneberger-juffer-sonnenuhr-gg-2019-riesling-groses-gewachs-dry-richter\/"]}]},{"@type":"ImageObject","inLanguage":"en-US","@id":"https:\/\/vinodeli.ee\/en\/product\/brauneberger-juffer-sonnenuhr-gg-2019-riesling-groses-gewachs-dry-richter\/#primaryimage","url":"https:\/\/vinodeli.ee\/wp-content\/uploads\/2023\/11\/we56tygukhjk-scaled-1-jpg-2.webp","contentUrl":"https:\/\/vinodeli.ee\/wp-content\/uploads\/2023\/11\/we56tygukhjk-scaled-1-jpg-2.webp","width":2560,"height":2560},{"@type":"BreadcrumbList","@id":"https:\/\/vinodeli.ee\/en\/product\/brauneberger-juffer-sonnenuhr-gg-2019-riesling-groses-gewachs-dry-richter\/#breadcrumb","itemListElement":[{"@type":"ListItem","position":1,"name":"Home","item":"https:\/\/vinodeli.ee\/en\/"},{"@type":"ListItem","position":2,"name":"Shop","item":"https:\/\/vinodeli.ee\/pood\/"},{"@type":"ListItem","position":3,"name":"Weingut Max Ferd. Richter Brauneberger Juffer-Sonnenuhr Riesling GG Gro\u00dfes Gew\u00e4chs Dry 2019 12% vol."}]},{"@type":"WebSite","@id":"https:\/\/vinodeli.ee\/#website","url":"https:\/\/vinodeli.ee\/","name":"Vinodeli","description":"","publisher":{"@id":"https:\/\/vinodeli.ee\/#organization"},"potentialAction":[{"@type":"SearchAction","target":{"@type":"EntryPoint","urlTemplate":"https:\/\/vinodeli.ee\/?s={search_term_string}"},"query-input":{"@type":"PropertyValueSpecification","valueRequired":true,"valueName":"search_term_string"}}],"inLanguage":"en-US"},{"@type":"Organization","@id":"https:\/\/vinodeli.ee\/#organization","name":"Vinodeli O\u00dc","url":"https:\/\/vinodeli.ee\/","logo":{"@type":"ImageObject","inLanguage":"en-US","@id":"https:\/\/vinodeli.ee\/#\/schema\/logo\/image\/","url":"https:\/\/vinodeli.ee\/wp-content\/uploads\/2024\/02\/logo-winodeli-1.png","contentUrl":"https:\/\/vinodeli.ee\/wp-content\/uploads\/2024\/02\/logo-winodeli-1.png","width":1500,"height":1150,"caption":"Vinodeli O\u00dc"},"image":{"@id":"https:\/\/vinodeli.ee\/#\/schema\/logo\/image\/"}}]}},"_links":{"self":[{"href":"https:\/\/vinodeli.ee\/en\/wp-json\/wp\/v2\/product\/47958","targetHints":{"allow":["GET"]}}],"collection":[{"href":"https:\/\/vinodeli.ee\/en\/wp-json\/wp\/v2\/product"}],"about":[{"href":"https:\/\/vinodeli.ee\/en\/wp-json\/wp\/v2\/types\/product"}],"version-history":[{"count":0,"href":"https:\/\/vinodeli.ee\/en\/wp-json\/wp\/v2\/product\/47958\/revisions"}],"wp:featuredmedia":[{"embeddable":true,"href":"https:\/\/vinodeli.ee\/en\/wp-json\/wp\/v2\/media\/46316"}],"wp:attachment":[{"href":"https:\/\/vinodeli.ee\/en\/wp-json\/wp\/v2\/media?parent=47958"}],"wp:term":[{"taxonomy":"product_brand","embeddable":true,"href":"https:\/\/vinodeli.ee\/en\/wp-json\/wp\/v2\/product_brand?post=47958"},{"taxonomy":"product_cat","embeddable":true,"href":"https:\/\/vinodeli.ee\/en\/wp-json\/wp\/v2\/product_cat?post=47958"},{"taxonomy":"product_tag","embeddable":true,"href":"https:\/\/vinodeli.ee\/en\/wp-json\/wp\/v2\/product_tag?post=47958"}],"curies":[{"name":"wp","href":"https:\/\/api.w.org\/{rel}","templated":true}]}}