{"id":47961,"date":"2021-06-19T13:42:56","date_gmt":"2021-06-19T10:42:56","guid":{"rendered":"https:\/\/vinodeli.ee\/product\/volnay-premier-cru-champans-bouzereau\/"},"modified":"2024-07-04T23:03:39","modified_gmt":"2024-07-04T20:03:39","slug":"champans_bouzereau","status":"publish","type":"product","link":"https:\/\/vinodeli.ee\/en\/product\/champans_bouzereau\/","title":{"rendered":"Domaine Jean-Marie Bouzereau Volnay AOC Champans Premier Cru 2018 13% vol. 0,75l"},"content":{"rendered":"<blockquote>\n<h5>P\u00c4RITOLU: Volnay Champans AOC, Burgundia, PrantsusmaaVeini t\u00fc\u00fcp: Kuiv Punane veinViinamarjasort: 100% Pinot Noir<\/h5>\n<\/blockquote>\n<h5>Laagerdamine toimub 18 kuud tammevaatides (30% uutes vaatides).<\/h5>\n<h5>S\u00e4ilitamise potentsiaal: 10 aastat<\/h5>\n<h5>V\u00e4ga aromaatne (puuviljane ja v\u00fcrtsikas). Maitse on siidine ja siiski veidi k\u00f5va. V\u00e4ga elegantne vein.<\/h5>\n<h5><em>Serveerimistemperatuur: 16\u00b0\/18\u00b0<\/em><\/h5>\n<h5><em>Toidusoovitus: punane liha; liha kastmetes, juust.<\/em><\/h5>\n<h5><\/h5>\n","protected":false},"excerpt":{"rendered":"<p>P\u00c4RITOLU: Volnay Champans AOC, Burgundia, PrantsusmaaVeini t\u00fc\u00fcp: Kuiv Punane veinViinamarjasort: 100% Pinot Noir Laagerdamine toimub 18 kuud tammevaatides (30% uutes<\/p>\n","protected":false},"featured_media":46325,"template":"","meta":{"_acf_changed":false},"product_brand":[],"product_cat":[19462],"product_tag":[],"class_list":{"0":"post-47961","1":"product","2":"type-product","3":"status-publish","4":"has-post-thumbnail","6":"product_cat-red-wine","8":"first","9":"instock","10":"taxable","11":"shipping-taxable","12":"purchasable","13":"product-type-simple"},"acf":[],"yoast_head":"<!-- This site is optimized with the Yoast SEO plugin v25.7 - https:\/\/yoast.com\/wordpress\/plugins\/seo\/ -->\n<title>Domaine Jean-Marie Bouzereau Volnay AOC Champans Premier Cru 2018 13% vol. 0,75l - Vinodeli<\/title>\n<meta name=\"robots\" content=\"index, follow, max-snippet:-1, max-image-preview:large, max-video-preview:-1\" \/>\n<link rel=\"canonical\" href=\"https:\/\/vinodeli.ee\/product\/champans_bouzereau\/\" \/>\n<meta property=\"og:locale\" content=\"en_US\" \/>\n<meta property=\"og:type\" content=\"article\" \/>\n<meta property=\"og:title\" content=\"Domaine Jean-Marie Bouzereau Volnay AOC Champans Premier Cru 2018 13% vol. 0,75l - Vinodeli\" \/>\n<meta property=\"og:description\" content=\"P\u00c4RITOLU: Volnay Champans AOC, Burgundia, PrantsusmaaVeini t\u00fc\u00fcp: Kuiv Punane veinViinamarjasort: 100% Pinot Noir Laagerdamine toimub 18 kuud tammevaatides (30% uutes\" \/>\n<meta property=\"og:url\" content=\"https:\/\/vinodeli.ee\/product\/champans_bouzereau\/\" \/>\n<meta property=\"og:site_name\" content=\"Vinodeli\" \/>\n<meta property=\"article:modified_time\" content=\"2024-07-04T20:03:39+00:00\" \/>\n<meta property=\"og:image\" content=\"https:\/\/vinodeli.ee\/wp-content\/uploads\/2023\/11\/volnay_champans-jpg-2.webp\" \/>\n\t<meta property=\"og:image:width\" content=\"865\" \/>\n\t<meta property=\"og:image:height\" content=\"865\" \/>\n\t<meta property=\"og:image:type\" content=\"image\/webp\" \/>\n<meta name=\"twitter:card\" content=\"summary_large_image\" \/>\n<script type=\"application\/ld+json\" class=\"yoast-schema-graph\">{\"@context\":\"https:\/\/schema.org\",\"@graph\":[{\"@type\":\"WebPage\",\"@id\":\"https:\/\/vinodeli.ee\/product\/champans_bouzereau\/\",\"url\":\"https:\/\/vinodeli.ee\/product\/champans_bouzereau\/\",\"name\":\"Domaine Jean-Marie Bouzereau Volnay AOC Champans Premier Cru 2018 13% vol. 0,75l - Vinodeli\",\"isPartOf\":{\"@id\":\"https:\/\/vinodeli.ee\/#website\"},\"primaryImageOfPage\":{\"@id\":\"https:\/\/vinodeli.ee\/product\/champans_bouzereau\/#primaryimage\"},\"image\":{\"@id\":\"https:\/\/vinodeli.ee\/product\/champans_bouzereau\/#primaryimage\"},\"thumbnailUrl\":\"https:\/\/vinodeli.ee\/wp-content\/uploads\/2023\/11\/volnay_champans-jpg-2.webp\",\"datePublished\":\"2021-06-19T10:42:56+00:00\",\"dateModified\":\"2024-07-04T20:03:39+00:00\",\"breadcrumb\":{\"@id\":\"https:\/\/vinodeli.ee\/product\/champans_bouzereau\/#breadcrumb\"},\"inLanguage\":\"en-US\",\"potentialAction\":[{\"@type\":\"ReadAction\",\"target\":[\"https:\/\/vinodeli.ee\/product\/champans_bouzereau\/\"]}]},{\"@type\":\"ImageObject\",\"inLanguage\":\"en-US\",\"@id\":\"https:\/\/vinodeli.ee\/product\/champans_bouzereau\/#primaryimage\",\"url\":\"https:\/\/vinodeli.ee\/wp-content\/uploads\/2023\/11\/volnay_champans-jpg-2.webp\",\"contentUrl\":\"https:\/\/vinodeli.ee\/wp-content\/uploads\/2023\/11\/volnay_champans-jpg-2.webp\",\"width\":865,\"height\":865},{\"@type\":\"BreadcrumbList\",\"@id\":\"https:\/\/vinodeli.ee\/product\/champans_bouzereau\/#breadcrumb\",\"itemListElement\":[{\"@type\":\"ListItem\",\"position\":1,\"name\":\"Home\",\"item\":\"https:\/\/vinodeli.ee\/en\/\"},{\"@type\":\"ListItem\",\"position\":2,\"name\":\"Shop\",\"item\":\"https:\/\/vinodeli.ee\/pood\/\"},{\"@type\":\"ListItem\",\"position\":3,\"name\":\"Domaine Jean-Marie Bouzereau Volnay AOC Champans Premier Cru 2018 13% vol. 0,75l\"}]},{\"@type\":\"WebSite\",\"@id\":\"https:\/\/vinodeli.ee\/#website\",\"url\":\"https:\/\/vinodeli.ee\/\",\"name\":\"Vinodeli\",\"description\":\"\",\"publisher\":{\"@id\":\"https:\/\/vinodeli.ee\/#organization\"},\"potentialAction\":[{\"@type\":\"SearchAction\",\"target\":{\"@type\":\"EntryPoint\",\"urlTemplate\":\"https:\/\/vinodeli.ee\/?s={search_term_string}\"},\"query-input\":{\"@type\":\"PropertyValueSpecification\",\"valueRequired\":true,\"valueName\":\"search_term_string\"}}],\"inLanguage\":\"en-US\"},{\"@type\":\"Organization\",\"@id\":\"https:\/\/vinodeli.ee\/#organization\",\"name\":\"Vinodeli O\u00dc\",\"url\":\"https:\/\/vinodeli.ee\/\",\"logo\":{\"@type\":\"ImageObject\",\"inLanguage\":\"en-US\",\"@id\":\"https:\/\/vinodeli.ee\/#\/schema\/logo\/image\/\",\"url\":\"https:\/\/vinodeli.ee\/wp-content\/uploads\/2024\/02\/logo-winodeli-1.png\",\"contentUrl\":\"https:\/\/vinodeli.ee\/wp-content\/uploads\/2024\/02\/logo-winodeli-1.png\",\"width\":1500,\"height\":1150,\"caption\":\"Vinodeli O\u00dc\"},\"image\":{\"@id\":\"https:\/\/vinodeli.ee\/#\/schema\/logo\/image\/\"}}]}<\/script>\n<!-- \/ Yoast SEO plugin. -->","yoast_head_json":{"title":"Domaine Jean-Marie Bouzereau Volnay AOC Champans Premier Cru 2018 13% vol. 0,75l - Vinodeli","robots":{"index":"index","follow":"follow","max-snippet":"max-snippet:-1","max-image-preview":"max-image-preview:large","max-video-preview":"max-video-preview:-1"},"canonical":"https:\/\/vinodeli.ee\/product\/champans_bouzereau\/","og_locale":"en_US","og_type":"article","og_title":"Domaine Jean-Marie Bouzereau Volnay AOC Champans Premier Cru 2018 13% vol. 0,75l - Vinodeli","og_description":"P\u00c4RITOLU: Volnay Champans AOC, Burgundia, PrantsusmaaVeini t\u00fc\u00fcp: Kuiv Punane veinViinamarjasort: 100% Pinot Noir Laagerdamine toimub 18 kuud tammevaatides (30% uutes","og_url":"https:\/\/vinodeli.ee\/product\/champans_bouzereau\/","og_site_name":"Vinodeli","article_modified_time":"2024-07-04T20:03:39+00:00","og_image":[{"width":865,"height":865,"url":"https:\/\/vinodeli.ee\/wp-content\/uploads\/2023\/11\/volnay_champans-jpg-2.webp","type":"image\/webp"}],"twitter_card":"summary_large_image","schema":{"@context":"https:\/\/schema.org","@graph":[{"@type":"WebPage","@id":"https:\/\/vinodeli.ee\/product\/champans_bouzereau\/","url":"https:\/\/vinodeli.ee\/product\/champans_bouzereau\/","name":"Domaine Jean-Marie Bouzereau Volnay AOC Champans Premier Cru 2018 13% vol. 0,75l - Vinodeli","isPartOf":{"@id":"https:\/\/vinodeli.ee\/#website"},"primaryImageOfPage":{"@id":"https:\/\/vinodeli.ee\/product\/champans_bouzereau\/#primaryimage"},"image":{"@id":"https:\/\/vinodeli.ee\/product\/champans_bouzereau\/#primaryimage"},"thumbnailUrl":"https:\/\/vinodeli.ee\/wp-content\/uploads\/2023\/11\/volnay_champans-jpg-2.webp","datePublished":"2021-06-19T10:42:56+00:00","dateModified":"2024-07-04T20:03:39+00:00","breadcrumb":{"@id":"https:\/\/vinodeli.ee\/product\/champans_bouzereau\/#breadcrumb"},"inLanguage":"en-US","potentialAction":[{"@type":"ReadAction","target":["https:\/\/vinodeli.ee\/product\/champans_bouzereau\/"]}]},{"@type":"ImageObject","inLanguage":"en-US","@id":"https:\/\/vinodeli.ee\/product\/champans_bouzereau\/#primaryimage","url":"https:\/\/vinodeli.ee\/wp-content\/uploads\/2023\/11\/volnay_champans-jpg-2.webp","contentUrl":"https:\/\/vinodeli.ee\/wp-content\/uploads\/2023\/11\/volnay_champans-jpg-2.webp","width":865,"height":865},{"@type":"BreadcrumbList","@id":"https:\/\/vinodeli.ee\/product\/champans_bouzereau\/#breadcrumb","itemListElement":[{"@type":"ListItem","position":1,"name":"Home","item":"https:\/\/vinodeli.ee\/en\/"},{"@type":"ListItem","position":2,"name":"Shop","item":"https:\/\/vinodeli.ee\/pood\/"},{"@type":"ListItem","position":3,"name":"Domaine Jean-Marie Bouzereau Volnay AOC Champans Premier Cru 2018 13% vol. 0,75l"}]},{"@type":"WebSite","@id":"https:\/\/vinodeli.ee\/#website","url":"https:\/\/vinodeli.ee\/","name":"Vinodeli","description":"","publisher":{"@id":"https:\/\/vinodeli.ee\/#organization"},"potentialAction":[{"@type":"SearchAction","target":{"@type":"EntryPoint","urlTemplate":"https:\/\/vinodeli.ee\/?s={search_term_string}"},"query-input":{"@type":"PropertyValueSpecification","valueRequired":true,"valueName":"search_term_string"}}],"inLanguage":"en-US"},{"@type":"Organization","@id":"https:\/\/vinodeli.ee\/#organization","name":"Vinodeli O\u00dc","url":"https:\/\/vinodeli.ee\/","logo":{"@type":"ImageObject","inLanguage":"en-US","@id":"https:\/\/vinodeli.ee\/#\/schema\/logo\/image\/","url":"https:\/\/vinodeli.ee\/wp-content\/uploads\/2024\/02\/logo-winodeli-1.png","contentUrl":"https:\/\/vinodeli.ee\/wp-content\/uploads\/2024\/02\/logo-winodeli-1.png","width":1500,"height":1150,"caption":"Vinodeli O\u00dc"},"image":{"@id":"https:\/\/vinodeli.ee\/#\/schema\/logo\/image\/"}}]}},"_links":{"self":[{"href":"https:\/\/vinodeli.ee\/en\/wp-json\/wp\/v2\/product\/47961","targetHints":{"allow":["GET"]}}],"collection":[{"href":"https:\/\/vinodeli.ee\/en\/wp-json\/wp\/v2\/product"}],"about":[{"href":"https:\/\/vinodeli.ee\/en\/wp-json\/wp\/v2\/types\/product"}],"version-history":[{"count":0,"href":"https:\/\/vinodeli.ee\/en\/wp-json\/wp\/v2\/product\/47961\/revisions"}],"wp:featuredmedia":[{"embeddable":true,"href":"https:\/\/vinodeli.ee\/en\/wp-json\/wp\/v2\/media\/46325"}],"wp:attachment":[{"href":"https:\/\/vinodeli.ee\/en\/wp-json\/wp\/v2\/media?parent=47961"}],"wp:term":[{"taxonomy":"product_brand","embeddable":true,"href":"https:\/\/vinodeli.ee\/en\/wp-json\/wp\/v2\/product_brand?post=47961"},{"taxonomy":"product_cat","embeddable":true,"href":"https:\/\/vinodeli.ee\/en\/wp-json\/wp\/v2\/product_cat?post=47961"},{"taxonomy":"product_tag","embeddable":true,"href":"https:\/\/vinodeli.ee\/en\/wp-json\/wp\/v2\/product_tag?post=47961"}],"curies":[{"name":"wp","href":"https:\/\/api.w.org\/{rel}","templated":true}]}}