{"id":47963,"date":"2021-06-19T13:38:32","date_gmt":"2021-06-19T10:38:32","guid":{"rendered":"https:\/\/vinodeli.ee\/product\/mersault-premier-cru-goutte-dor\/"},"modified":"2024-02-22T20:31:55","modified_gmt":"2024-02-22T18:31:55","slug":"mersault-premier-cru-goutte-dor","status":"publish","type":"product","link":"https:\/\/vinodeli.ee\/en\/product\/mersault-premier-cru-goutte-dor\/","title":{"rendered":"Meursault Goutte D\u00b4OR Premier Cru Domaine Jean-Marie Bouzereau 2019 13%"},"content":{"rendered":"","protected":false},"excerpt":{"rendered":"<blockquote>\n<h5>P\u00c4RITOLU: Burgundia, PrantsusmaaVeini t\u00fc\u00fcp: Kuiv valge veinViinamarjasort: 100% Chardonnay<\/h5>\n<\/blockquote>\n<h5>Laagerdamine toimub 1 aasta tammevaatides (25% uutes vaatides).<\/h5>\n<h5>V\u00e4ga peen. Maitses on \u00fchendatud j\u00f5ud, peenus ja elavus.<\/h5>\n<h5><em>Serveerimistemperatuur: 10\u00b0\/12\u00b0<\/em><\/h5>\n<h5><em>Toidusoovitus: kala, koorikloomad, valge liha, foie gras.<\/em><\/h5>\n","protected":false},"featured_media":46331,"template":"","meta":{"_acf_changed":false},"product_brand":[],"product_cat":[19460],"product_tag":[],"class_list":{"0":"post-47963","1":"product","2":"type-product","3":"status-publish","4":"has-post-thumbnail","6":"product_cat-white-wine","8":"first","9":"instock","10":"downloadable","11":"taxable","12":"shipping-taxable","13":"purchasable","14":"product-type-simple"},"acf":[],"yoast_head":"<!-- This site is optimized with the Yoast SEO plugin v25.7 - https:\/\/yoast.com\/wordpress\/plugins\/seo\/ -->\n<title>Meursault Goutte D\u00b4OR Premier Cru Domaine Jean-Marie Bouzereau 2019 13% - Vinodeli<\/title>\n<meta name=\"robots\" content=\"index, follow, max-snippet:-1, max-image-preview:large, max-video-preview:-1\" \/>\n<link rel=\"canonical\" href=\"https:\/\/vinodeli.ee\/en\/product\/mersault-premier-cru-goutte-dor\/\" \/>\n<meta property=\"og:locale\" content=\"en_US\" \/>\n<meta property=\"og:type\" content=\"article\" \/>\n<meta property=\"og:title\" content=\"Meursault Goutte D\u00b4OR Premier Cru Domaine Jean-Marie Bouzereau 2019 13% - Vinodeli\" \/>\n<meta property=\"og:description\" content=\"P\u00c4RITOLU: Burgundia, PrantsusmaaVeini t\u00fc\u00fcp: Kuiv valge veinViinamarjasort: 100% ChardonnayLaagerdamine toimub 1 aasta tammevaatides (25% uutes vaatides).V\u00e4ga peen. Maitses on \u00fchendatud j\u00f5ud, peenus ja elavus.Serveerimistemperatuur: 10\u00b0\/12\u00b0Toidusoovitus: kala, koorikloomad, valge liha, foie gras.\" \/>\n<meta property=\"og:url\" content=\"https:\/\/vinodeli.ee\/en\/product\/mersault-premier-cru-goutte-dor\/\" \/>\n<meta property=\"og:site_name\" content=\"Vinodeli\" \/>\n<meta property=\"article:modified_time\" content=\"2024-02-22T18:31:55+00:00\" \/>\n<meta property=\"og:image\" content=\"https:\/\/vinodeli.ee\/wp-content\/uploads\/2023\/11\/goutte_dor-jpg-2.webp\" \/>\n\t<meta property=\"og:image:width\" content=\"865\" \/>\n\t<meta property=\"og:image:height\" content=\"865\" \/>\n\t<meta property=\"og:image:type\" content=\"image\/webp\" \/>\n<meta name=\"twitter:card\" content=\"summary_large_image\" \/>\n<script type=\"application\/ld+json\" class=\"yoast-schema-graph\">{\"@context\":\"https:\/\/schema.org\",\"@graph\":[{\"@type\":\"WebPage\",\"@id\":\"https:\/\/vinodeli.ee\/en\/product\/mersault-premier-cru-goutte-dor\/\",\"url\":\"https:\/\/vinodeli.ee\/en\/product\/mersault-premier-cru-goutte-dor\/\",\"name\":\"Meursault Goutte D\u00b4OR Premier Cru Domaine Jean-Marie Bouzereau 2019 13% - Vinodeli\",\"isPartOf\":{\"@id\":\"https:\/\/vinodeli.ee\/#website\"},\"primaryImageOfPage\":{\"@id\":\"https:\/\/vinodeli.ee\/en\/product\/mersault-premier-cru-goutte-dor\/#primaryimage\"},\"image\":{\"@id\":\"https:\/\/vinodeli.ee\/en\/product\/mersault-premier-cru-goutte-dor\/#primaryimage\"},\"thumbnailUrl\":\"https:\/\/vinodeli.ee\/wp-content\/uploads\/2023\/11\/goutte_dor-jpg-2.webp\",\"datePublished\":\"2021-06-19T10:38:32+00:00\",\"dateModified\":\"2024-02-22T18:31:55+00:00\",\"breadcrumb\":{\"@id\":\"https:\/\/vinodeli.ee\/en\/product\/mersault-premier-cru-goutte-dor\/#breadcrumb\"},\"inLanguage\":\"en-US\",\"potentialAction\":[{\"@type\":\"ReadAction\",\"target\":[\"https:\/\/vinodeli.ee\/en\/product\/mersault-premier-cru-goutte-dor\/\"]}]},{\"@type\":\"ImageObject\",\"inLanguage\":\"en-US\",\"@id\":\"https:\/\/vinodeli.ee\/en\/product\/mersault-premier-cru-goutte-dor\/#primaryimage\",\"url\":\"https:\/\/vinodeli.ee\/wp-content\/uploads\/2023\/11\/goutte_dor-jpg-2.webp\",\"contentUrl\":\"https:\/\/vinodeli.ee\/wp-content\/uploads\/2023\/11\/goutte_dor-jpg-2.webp\",\"width\":865,\"height\":865},{\"@type\":\"BreadcrumbList\",\"@id\":\"https:\/\/vinodeli.ee\/en\/product\/mersault-premier-cru-goutte-dor\/#breadcrumb\",\"itemListElement\":[{\"@type\":\"ListItem\",\"position\":1,\"name\":\"Home\",\"item\":\"https:\/\/vinodeli.ee\/en\/\"},{\"@type\":\"ListItem\",\"position\":2,\"name\":\"Shop\",\"item\":\"https:\/\/vinodeli.ee\/pood\/\"},{\"@type\":\"ListItem\",\"position\":3,\"name\":\"Meursault Goutte D\u00b4OR Premier Cru Domaine Jean-Marie Bouzereau 2019 13%\"}]},{\"@type\":\"WebSite\",\"@id\":\"https:\/\/vinodeli.ee\/#website\",\"url\":\"https:\/\/vinodeli.ee\/\",\"name\":\"Vinodeli\",\"description\":\"\",\"publisher\":{\"@id\":\"https:\/\/vinodeli.ee\/#organization\"},\"potentialAction\":[{\"@type\":\"SearchAction\",\"target\":{\"@type\":\"EntryPoint\",\"urlTemplate\":\"https:\/\/vinodeli.ee\/?s={search_term_string}\"},\"query-input\":{\"@type\":\"PropertyValueSpecification\",\"valueRequired\":true,\"valueName\":\"search_term_string\"}}],\"inLanguage\":\"en-US\"},{\"@type\":\"Organization\",\"@id\":\"https:\/\/vinodeli.ee\/#organization\",\"name\":\"Vinodeli O\u00dc\",\"url\":\"https:\/\/vinodeli.ee\/\",\"logo\":{\"@type\":\"ImageObject\",\"inLanguage\":\"en-US\",\"@id\":\"https:\/\/vinodeli.ee\/#\/schema\/logo\/image\/\",\"url\":\"https:\/\/vinodeli.ee\/wp-content\/uploads\/2024\/02\/logo-winodeli-1.png\",\"contentUrl\":\"https:\/\/vinodeli.ee\/wp-content\/uploads\/2024\/02\/logo-winodeli-1.png\",\"width\":1500,\"height\":1150,\"caption\":\"Vinodeli O\u00dc\"},\"image\":{\"@id\":\"https:\/\/vinodeli.ee\/#\/schema\/logo\/image\/\"}}]}<\/script>\n<!-- \/ Yoast SEO plugin. -->","yoast_head_json":{"title":"Meursault Goutte D\u00b4OR Premier Cru Domaine Jean-Marie Bouzereau 2019 13% - Vinodeli","robots":{"index":"index","follow":"follow","max-snippet":"max-snippet:-1","max-image-preview":"max-image-preview:large","max-video-preview":"max-video-preview:-1"},"canonical":"https:\/\/vinodeli.ee\/en\/product\/mersault-premier-cru-goutte-dor\/","og_locale":"en_US","og_type":"article","og_title":"Meursault Goutte D\u00b4OR Premier Cru Domaine Jean-Marie Bouzereau 2019 13% - Vinodeli","og_description":"P\u00c4RITOLU: Burgundia, PrantsusmaaVeini t\u00fc\u00fcp: Kuiv valge veinViinamarjasort: 100% ChardonnayLaagerdamine toimub 1 aasta tammevaatides (25% uutes vaatides).V\u00e4ga peen. Maitses on \u00fchendatud j\u00f5ud, peenus ja elavus.Serveerimistemperatuur: 10\u00b0\/12\u00b0Toidusoovitus: kala, koorikloomad, valge liha, foie gras.","og_url":"https:\/\/vinodeli.ee\/en\/product\/mersault-premier-cru-goutte-dor\/","og_site_name":"Vinodeli","article_modified_time":"2024-02-22T18:31:55+00:00","og_image":[{"width":865,"height":865,"url":"https:\/\/vinodeli.ee\/wp-content\/uploads\/2023\/11\/goutte_dor-jpg-2.webp","type":"image\/webp"}],"twitter_card":"summary_large_image","schema":{"@context":"https:\/\/schema.org","@graph":[{"@type":"WebPage","@id":"https:\/\/vinodeli.ee\/en\/product\/mersault-premier-cru-goutte-dor\/","url":"https:\/\/vinodeli.ee\/en\/product\/mersault-premier-cru-goutte-dor\/","name":"Meursault Goutte D\u00b4OR Premier Cru Domaine Jean-Marie Bouzereau 2019 13% - Vinodeli","isPartOf":{"@id":"https:\/\/vinodeli.ee\/#website"},"primaryImageOfPage":{"@id":"https:\/\/vinodeli.ee\/en\/product\/mersault-premier-cru-goutte-dor\/#primaryimage"},"image":{"@id":"https:\/\/vinodeli.ee\/en\/product\/mersault-premier-cru-goutte-dor\/#primaryimage"},"thumbnailUrl":"https:\/\/vinodeli.ee\/wp-content\/uploads\/2023\/11\/goutte_dor-jpg-2.webp","datePublished":"2021-06-19T10:38:32+00:00","dateModified":"2024-02-22T18:31:55+00:00","breadcrumb":{"@id":"https:\/\/vinodeli.ee\/en\/product\/mersault-premier-cru-goutte-dor\/#breadcrumb"},"inLanguage":"en-US","potentialAction":[{"@type":"ReadAction","target":["https:\/\/vinodeli.ee\/en\/product\/mersault-premier-cru-goutte-dor\/"]}]},{"@type":"ImageObject","inLanguage":"en-US","@id":"https:\/\/vinodeli.ee\/en\/product\/mersault-premier-cru-goutte-dor\/#primaryimage","url":"https:\/\/vinodeli.ee\/wp-content\/uploads\/2023\/11\/goutte_dor-jpg-2.webp","contentUrl":"https:\/\/vinodeli.ee\/wp-content\/uploads\/2023\/11\/goutte_dor-jpg-2.webp","width":865,"height":865},{"@type":"BreadcrumbList","@id":"https:\/\/vinodeli.ee\/en\/product\/mersault-premier-cru-goutte-dor\/#breadcrumb","itemListElement":[{"@type":"ListItem","position":1,"name":"Home","item":"https:\/\/vinodeli.ee\/en\/"},{"@type":"ListItem","position":2,"name":"Shop","item":"https:\/\/vinodeli.ee\/pood\/"},{"@type":"ListItem","position":3,"name":"Meursault Goutte D\u00b4OR Premier Cru Domaine Jean-Marie Bouzereau 2019 13%"}]},{"@type":"WebSite","@id":"https:\/\/vinodeli.ee\/#website","url":"https:\/\/vinodeli.ee\/","name":"Vinodeli","description":"","publisher":{"@id":"https:\/\/vinodeli.ee\/#organization"},"potentialAction":[{"@type":"SearchAction","target":{"@type":"EntryPoint","urlTemplate":"https:\/\/vinodeli.ee\/?s={search_term_string}"},"query-input":{"@type":"PropertyValueSpecification","valueRequired":true,"valueName":"search_term_string"}}],"inLanguage":"en-US"},{"@type":"Organization","@id":"https:\/\/vinodeli.ee\/#organization","name":"Vinodeli O\u00dc","url":"https:\/\/vinodeli.ee\/","logo":{"@type":"ImageObject","inLanguage":"en-US","@id":"https:\/\/vinodeli.ee\/#\/schema\/logo\/image\/","url":"https:\/\/vinodeli.ee\/wp-content\/uploads\/2024\/02\/logo-winodeli-1.png","contentUrl":"https:\/\/vinodeli.ee\/wp-content\/uploads\/2024\/02\/logo-winodeli-1.png","width":1500,"height":1150,"caption":"Vinodeli O\u00dc"},"image":{"@id":"https:\/\/vinodeli.ee\/#\/schema\/logo\/image\/"}}]}},"_links":{"self":[{"href":"https:\/\/vinodeli.ee\/en\/wp-json\/wp\/v2\/product\/47963","targetHints":{"allow":["GET"]}}],"collection":[{"href":"https:\/\/vinodeli.ee\/en\/wp-json\/wp\/v2\/product"}],"about":[{"href":"https:\/\/vinodeli.ee\/en\/wp-json\/wp\/v2\/types\/product"}],"version-history":[{"count":0,"href":"https:\/\/vinodeli.ee\/en\/wp-json\/wp\/v2\/product\/47963\/revisions"}],"wp:featuredmedia":[{"embeddable":true,"href":"https:\/\/vinodeli.ee\/en\/wp-json\/wp\/v2\/media\/46331"}],"wp:attachment":[{"href":"https:\/\/vinodeli.ee\/en\/wp-json\/wp\/v2\/media?parent=47963"}],"wp:term":[{"taxonomy":"product_brand","embeddable":true,"href":"https:\/\/vinodeli.ee\/en\/wp-json\/wp\/v2\/product_brand?post=47963"},{"taxonomy":"product_cat","embeddable":true,"href":"https:\/\/vinodeli.ee\/en\/wp-json\/wp\/v2\/product_cat?post=47963"},{"taxonomy":"product_tag","embeddable":true,"href":"https:\/\/vinodeli.ee\/en\/wp-json\/wp\/v2\/product_tag?post=47963"}],"curies":[{"name":"wp","href":"https:\/\/api.w.org\/{rel}","templated":true}]}}