{"id":48065,"date":"2021-05-19T08:57:53","date_gmt":"2021-05-19T05:57:53","guid":{"rendered":"https:\/\/vinodeli.ee\/product\/cesar-munoz-magallanes-optimum\/"},"modified":"2023-12-20T14:06:19","modified_gmt":"2023-12-20T12:06:19","slug":"cesar-munoz-magallanes-optimum","status":"publish","type":"product","link":"https:\/\/vinodeli.ee\/en\/product\/cesar-munoz-magallanes-optimum\/","title":{"rendered":"C\u00e9sar Mu\u00f1oz Magallanes Optimum 2014 14.5% vol."},"content":{"rendered":"<blockquote>\n<h5>After collaborating and advising renowned wineries such as Leda Vi\u00f1as Viejas and Bodegas Victoria, among others, C\u00e9sar Mu\u00f1oz set up an oenological consultancy. This wizard of the Tempranillo variety was born in Le\u00f3n and discovered his passion for wine culture when he was young. His working life began by training under the fantastic umbrella of Ch\u00e2teau Montus and Bouscass\u00e9, in the Madiran production area. The wines of C\u00e9sar Mu\u00f1oz from Ribera del Duero are made exclusively with the Tempranillo grape. he objective of C\u00e9sar Mu\u00f1oz&#8217;s wine is the search for a differential identity, for the own personality that the terroir provides, respect for the raw material and the application of a simple oenology, as little interventionist as possible.<\/h5>\n<\/blockquote>\n<h3>Winemaking<\/h3>\n<p>Optimum is a wine that is difficult to define, a personal selection, a found wine. It is a red wine that is scarce in litres and is only released on the market when C\u00e9sar Mu\u00f1oz decides to do so. There is no continuity, it is not a wine that comes out in good vintages, it is more a question of emotion. It comes from a couple of very old plots and is aged for 20 months in French oak barrels. Powerful and somewhat wild, it is drinkable now if you like strong emotions, but it has a long life and a long way to go for at least the next 10 years.<\/p>\n<h3>Tasting notes<\/h3>\n<p>Intense and dark cherry color with scarlet edges. Magallanes Optimum red wine forms an elegant and dense slow-falling tear. Intense aromatic complexity, with very ripe red fruit wrapped in a wide range of aging aromas. Very suggestive, this Tempranillo from Ribera del Duero shows an assortment of spices (mocha, cocoa and cinnamon together with pepper, curry and cloves), mixed with intense toasted and smoked notes. The aromatic complexity of this Magallanes Optimum wine leaves a persistent balsamic and mineral background that appears from the first moment. The wine has a wide and enveloping attack, the wood comes to the fore, intense and complex. Notes of fruit jam give it a sweet touch, offset by magnificent acidity and a strong tannin charge, still present, which produces a slightly astringent sensation. This C\u00e9sar Mu\u00f1oz wine has a long and complex finish, with an aftertaste of toasted and smoked notes, as well as fresh balsamic aftertaste.<em>Recommended serving temperature: 16\u00b0C \u2014 18\u00b0C<\/em><\/p>\n","protected":false},"excerpt":{"rendered":"<blockquote>\n<h4>Grape variety:100% Tempranillo<\/h4>\n<\/blockquote>\n<ul>\n<li>Robert Parker \u2014 92 points<\/li>\n<\/ul>\n","protected":false},"featured_media":46589,"template":"","meta":{"_acf_changed":false},"product_brand":[],"product_cat":[19462],"product_tag":[],"class_list":{"0":"post-48065","1":"product","2":"type-product","3":"status-publish","4":"has-post-thumbnail","6":"product_cat-red-wine","8":"first","9":"instock","10":"downloadable","11":"taxable","12":"shipping-taxable","13":"purchasable","14":"product-type-simple"},"acf":[],"yoast_head":"<!-- This site is optimized with the Yoast SEO plugin v25.7 - https:\/\/yoast.com\/wordpress\/plugins\/seo\/ -->\n<title>C\u00e9sar Mu\u00f1oz Magallanes Optimum 2014 14.5% vol. - Vinodeli<\/title>\n<meta name=\"robots\" content=\"index, follow, max-snippet:-1, max-image-preview:large, max-video-preview:-1\" \/>\n<link rel=\"canonical\" href=\"https:\/\/vinodeli.ee\/en\/product\/cesar-munoz-magallanes-optimum\/\" \/>\n<meta property=\"og:locale\" content=\"en_US\" \/>\n<meta property=\"og:type\" content=\"article\" \/>\n<meta property=\"og:title\" content=\"C\u00e9sar Mu\u00f1oz Magallanes Optimum 2014 14.5% vol. - Vinodeli\" \/>\n<meta property=\"og:description\" content=\"Grape variety:100% Tempranillo Robert Parker \u2014 92 points\" \/>\n<meta property=\"og:url\" content=\"https:\/\/vinodeli.ee\/en\/product\/cesar-munoz-magallanes-optimum\/\" \/>\n<meta property=\"og:site_name\" content=\"Vinodeli\" \/>\n<meta property=\"article:modified_time\" content=\"2023-12-20T12:06:19+00:00\" \/>\n<meta property=\"og:image\" content=\"https:\/\/vinodeli.ee\/wp-content\/uploads\/2023\/11\/magallanes_optimum-jpg-2.webp\" \/>\n\t<meta property=\"og:image:width\" content=\"875\" \/>\n\t<meta property=\"og:image:height\" content=\"875\" \/>\n\t<meta property=\"og:image:type\" content=\"image\/webp\" \/>\n<meta name=\"twitter:card\" content=\"summary_large_image\" \/>\n<meta name=\"twitter:label1\" content=\"Est. reading time\" \/>\n\t<meta name=\"twitter:data1\" content=\"2 minutes\" \/>\n<script type=\"application\/ld+json\" class=\"yoast-schema-graph\">{\"@context\":\"https:\/\/schema.org\",\"@graph\":[{\"@type\":\"WebPage\",\"@id\":\"https:\/\/vinodeli.ee\/en\/product\/cesar-munoz-magallanes-optimum\/\",\"url\":\"https:\/\/vinodeli.ee\/en\/product\/cesar-munoz-magallanes-optimum\/\",\"name\":\"C\u00e9sar Mu\u00f1oz Magallanes Optimum 2014 14.5% vol. - Vinodeli\",\"isPartOf\":{\"@id\":\"https:\/\/vinodeli.ee\/#website\"},\"primaryImageOfPage\":{\"@id\":\"https:\/\/vinodeli.ee\/en\/product\/cesar-munoz-magallanes-optimum\/#primaryimage\"},\"image\":{\"@id\":\"https:\/\/vinodeli.ee\/en\/product\/cesar-munoz-magallanes-optimum\/#primaryimage\"},\"thumbnailUrl\":\"https:\/\/vinodeli.ee\/wp-content\/uploads\/2023\/11\/magallanes_optimum-jpg-2.webp\",\"datePublished\":\"2021-05-19T05:57:53+00:00\",\"dateModified\":\"2023-12-20T12:06:19+00:00\",\"breadcrumb\":{\"@id\":\"https:\/\/vinodeli.ee\/en\/product\/cesar-munoz-magallanes-optimum\/#breadcrumb\"},\"inLanguage\":\"en-US\",\"potentialAction\":[{\"@type\":\"ReadAction\",\"target\":[\"https:\/\/vinodeli.ee\/en\/product\/cesar-munoz-magallanes-optimum\/\"]}]},{\"@type\":\"ImageObject\",\"inLanguage\":\"en-US\",\"@id\":\"https:\/\/vinodeli.ee\/en\/product\/cesar-munoz-magallanes-optimum\/#primaryimage\",\"url\":\"https:\/\/vinodeli.ee\/wp-content\/uploads\/2023\/11\/magallanes_optimum-jpg-2.webp\",\"contentUrl\":\"https:\/\/vinodeli.ee\/wp-content\/uploads\/2023\/11\/magallanes_optimum-jpg-2.webp\",\"width\":875,\"height\":875},{\"@type\":\"BreadcrumbList\",\"@id\":\"https:\/\/vinodeli.ee\/en\/product\/cesar-munoz-magallanes-optimum\/#breadcrumb\",\"itemListElement\":[{\"@type\":\"ListItem\",\"position\":1,\"name\":\"Home\",\"item\":\"https:\/\/vinodeli.ee\/en\/\"},{\"@type\":\"ListItem\",\"position\":2,\"name\":\"Shop\",\"item\":\"https:\/\/vinodeli.ee\/pood\/\"},{\"@type\":\"ListItem\",\"position\":3,\"name\":\"C\u00e9sar Mu\u00f1oz Magallanes Optimum 2014 14.5% vol.\"}]},{\"@type\":\"WebSite\",\"@id\":\"https:\/\/vinodeli.ee\/#website\",\"url\":\"https:\/\/vinodeli.ee\/\",\"name\":\"Vinodeli\",\"description\":\"\",\"publisher\":{\"@id\":\"https:\/\/vinodeli.ee\/#organization\"},\"potentialAction\":[{\"@type\":\"SearchAction\",\"target\":{\"@type\":\"EntryPoint\",\"urlTemplate\":\"https:\/\/vinodeli.ee\/?s={search_term_string}\"},\"query-input\":{\"@type\":\"PropertyValueSpecification\",\"valueRequired\":true,\"valueName\":\"search_term_string\"}}],\"inLanguage\":\"en-US\"},{\"@type\":\"Organization\",\"@id\":\"https:\/\/vinodeli.ee\/#organization\",\"name\":\"Vinodeli O\u00dc\",\"url\":\"https:\/\/vinodeli.ee\/\",\"logo\":{\"@type\":\"ImageObject\",\"inLanguage\":\"en-US\",\"@id\":\"https:\/\/vinodeli.ee\/#\/schema\/logo\/image\/\",\"url\":\"https:\/\/vinodeli.ee\/wp-content\/uploads\/2024\/02\/logo-winodeli-1.png\",\"contentUrl\":\"https:\/\/vinodeli.ee\/wp-content\/uploads\/2024\/02\/logo-winodeli-1.png\",\"width\":1500,\"height\":1150,\"caption\":\"Vinodeli O\u00dc\"},\"image\":{\"@id\":\"https:\/\/vinodeli.ee\/#\/schema\/logo\/image\/\"}}]}<\/script>\n<!-- \/ Yoast SEO plugin. -->","yoast_head_json":{"title":"C\u00e9sar Mu\u00f1oz Magallanes Optimum 2014 14.5% vol. - Vinodeli","robots":{"index":"index","follow":"follow","max-snippet":"max-snippet:-1","max-image-preview":"max-image-preview:large","max-video-preview":"max-video-preview:-1"},"canonical":"https:\/\/vinodeli.ee\/en\/product\/cesar-munoz-magallanes-optimum\/","og_locale":"en_US","og_type":"article","og_title":"C\u00e9sar Mu\u00f1oz Magallanes Optimum 2014 14.5% vol. - Vinodeli","og_description":"Grape variety:100% Tempranillo Robert Parker \u2014 92 points","og_url":"https:\/\/vinodeli.ee\/en\/product\/cesar-munoz-magallanes-optimum\/","og_site_name":"Vinodeli","article_modified_time":"2023-12-20T12:06:19+00:00","og_image":[{"width":875,"height":875,"url":"https:\/\/vinodeli.ee\/wp-content\/uploads\/2023\/11\/magallanes_optimum-jpg-2.webp","type":"image\/webp"}],"twitter_card":"summary_large_image","twitter_misc":{"Est. reading time":"2 minutes"},"schema":{"@context":"https:\/\/schema.org","@graph":[{"@type":"WebPage","@id":"https:\/\/vinodeli.ee\/en\/product\/cesar-munoz-magallanes-optimum\/","url":"https:\/\/vinodeli.ee\/en\/product\/cesar-munoz-magallanes-optimum\/","name":"C\u00e9sar Mu\u00f1oz Magallanes Optimum 2014 14.5% vol. - Vinodeli","isPartOf":{"@id":"https:\/\/vinodeli.ee\/#website"},"primaryImageOfPage":{"@id":"https:\/\/vinodeli.ee\/en\/product\/cesar-munoz-magallanes-optimum\/#primaryimage"},"image":{"@id":"https:\/\/vinodeli.ee\/en\/product\/cesar-munoz-magallanes-optimum\/#primaryimage"},"thumbnailUrl":"https:\/\/vinodeli.ee\/wp-content\/uploads\/2023\/11\/magallanes_optimum-jpg-2.webp","datePublished":"2021-05-19T05:57:53+00:00","dateModified":"2023-12-20T12:06:19+00:00","breadcrumb":{"@id":"https:\/\/vinodeli.ee\/en\/product\/cesar-munoz-magallanes-optimum\/#breadcrumb"},"inLanguage":"en-US","potentialAction":[{"@type":"ReadAction","target":["https:\/\/vinodeli.ee\/en\/product\/cesar-munoz-magallanes-optimum\/"]}]},{"@type":"ImageObject","inLanguage":"en-US","@id":"https:\/\/vinodeli.ee\/en\/product\/cesar-munoz-magallanes-optimum\/#primaryimage","url":"https:\/\/vinodeli.ee\/wp-content\/uploads\/2023\/11\/magallanes_optimum-jpg-2.webp","contentUrl":"https:\/\/vinodeli.ee\/wp-content\/uploads\/2023\/11\/magallanes_optimum-jpg-2.webp","width":875,"height":875},{"@type":"BreadcrumbList","@id":"https:\/\/vinodeli.ee\/en\/product\/cesar-munoz-magallanes-optimum\/#breadcrumb","itemListElement":[{"@type":"ListItem","position":1,"name":"Home","item":"https:\/\/vinodeli.ee\/en\/"},{"@type":"ListItem","position":2,"name":"Shop","item":"https:\/\/vinodeli.ee\/pood\/"},{"@type":"ListItem","position":3,"name":"C\u00e9sar Mu\u00f1oz Magallanes Optimum 2014 14.5% vol."}]},{"@type":"WebSite","@id":"https:\/\/vinodeli.ee\/#website","url":"https:\/\/vinodeli.ee\/","name":"Vinodeli","description":"","publisher":{"@id":"https:\/\/vinodeli.ee\/#organization"},"potentialAction":[{"@type":"SearchAction","target":{"@type":"EntryPoint","urlTemplate":"https:\/\/vinodeli.ee\/?s={search_term_string}"},"query-input":{"@type":"PropertyValueSpecification","valueRequired":true,"valueName":"search_term_string"}}],"inLanguage":"en-US"},{"@type":"Organization","@id":"https:\/\/vinodeli.ee\/#organization","name":"Vinodeli O\u00dc","url":"https:\/\/vinodeli.ee\/","logo":{"@type":"ImageObject","inLanguage":"en-US","@id":"https:\/\/vinodeli.ee\/#\/schema\/logo\/image\/","url":"https:\/\/vinodeli.ee\/wp-content\/uploads\/2024\/02\/logo-winodeli-1.png","contentUrl":"https:\/\/vinodeli.ee\/wp-content\/uploads\/2024\/02\/logo-winodeli-1.png","width":1500,"height":1150,"caption":"Vinodeli O\u00dc"},"image":{"@id":"https:\/\/vinodeli.ee\/#\/schema\/logo\/image\/"}}]}},"_links":{"self":[{"href":"https:\/\/vinodeli.ee\/en\/wp-json\/wp\/v2\/product\/48065","targetHints":{"allow":["GET"]}}],"collection":[{"href":"https:\/\/vinodeli.ee\/en\/wp-json\/wp\/v2\/product"}],"about":[{"href":"https:\/\/vinodeli.ee\/en\/wp-json\/wp\/v2\/types\/product"}],"version-history":[{"count":0,"href":"https:\/\/vinodeli.ee\/en\/wp-json\/wp\/v2\/product\/48065\/revisions"}],"wp:featuredmedia":[{"embeddable":true,"href":"https:\/\/vinodeli.ee\/en\/wp-json\/wp\/v2\/media\/46589"}],"wp:attachment":[{"href":"https:\/\/vinodeli.ee\/en\/wp-json\/wp\/v2\/media?parent=48065"}],"wp:term":[{"taxonomy":"product_brand","embeddable":true,"href":"https:\/\/vinodeli.ee\/en\/wp-json\/wp\/v2\/product_brand?post=48065"},{"taxonomy":"product_cat","embeddable":true,"href":"https:\/\/vinodeli.ee\/en\/wp-json\/wp\/v2\/product_cat?post=48065"},{"taxonomy":"product_tag","embeddable":true,"href":"https:\/\/vinodeli.ee\/en\/wp-json\/wp\/v2\/product_tag?post=48065"}],"curies":[{"name":"wp","href":"https:\/\/api.w.org\/{rel}","templated":true}]}}