{"id":48068,"date":"2021-05-19T08:55:43","date_gmt":"2021-05-19T05:55:43","guid":{"rendered":"https:\/\/vinodeli.ee\/product\/cesar-munoz-cienfuegos\/"},"modified":"2023-12-20T14:06:20","modified_gmt":"2023-12-20T12:06:20","slug":"cesar-munoz-cienfuegos","status":"publish","type":"product","link":"https:\/\/vinodeli.ee\/en\/product\/cesar-munoz-cienfuegos\/","title":{"rendered":"C\u00e9sar Mu\u00f1oz Cienfuegos 2021 13.5% vol."},"content":{"rendered":"<blockquote>\n<h5>After collaborating and advising renowned wineries such as Leda Vi\u00f1as Viejas and Bodegas Victoria, among others, C\u00e9sar Mu\u00f1oz set up an oenological consultancy. This wizard of the Tempranillo variety was born in Le\u00f3n and discovered his passion for wine culture when he was young. His working life began by training under the fantastic umbrella of Ch\u00e2teau Montus and Bouscass\u00e9, in the Madiran production area. The wines of C\u00e9sar Mu\u00f1oz from Ribera del Duero are made exclusively with the Tempranillo grape. he objective of C\u00e9sar Mu\u00f1oz\u2019s wine is the search for a differential identity, for the own personality that the terroir provides, respect for the raw material and the application of a simple oenology, as little interventionist as possible.<\/h5>\n<\/blockquote>\n<h3>Winemaking<\/h3>\n<p>The old Verdejo vineyards are located in San Rom\u00e1n de Hornija. Godello is an old vineyard and the Albar\u00edn is about 32 years old. 1.2 hectares of Verdejo, 1 hectare of Godello and half a hectare of Albar\u00edn. The soils are characterised by a high concentration of pebbles on the surface and a sandy-loamy texture, poor in organic matter and well drained in the root zone. Yields are less than 1000 kilograms per hectare for Verdejo, 1500 for Godello and 3500 for Albar\u00edn. The grapes were harvested by hand. Once in the winery, the grapes are sorted and then destemmed and lightly macerated before being slowly and gently pressed, separating the wine yolks from the second qualities which are discarded. Fermentation and ageing on the lees takes place in new 225-litre French oak barrels for 11 months.<\/p>\n<h3>Tasting notes<\/h3>\n<p>Bright and clean in appearance, Cienfuegos wine has a pale straw yellow color with soft golden glints. This white wine fermented and aged in barrels forms a fine, glyceric-looking tear with an elegant descent. With a pleasant complexity, in this original blend of Albar\u00edn, Verdejo and Godello we find ripe white fruits intermingled with floral notes. Its passage through wood is reflected with numerous spices, highlighting hints of vanilla and an intense smoky background. With a very wide attack that gives way to an unctuous mid palate, with volume and very expressive. Perfect balance between fruit and barrel. Pleasant freshness thanks to excellent acidity. This white wine from the Selecci\u00f3n C\u00e9sar Mu\u00f1oz winery leaves us with a persistent finish full of fruity nuances and a soft minerality in the retronasal way.<em>Recommended serving temperature: 9\u00b0C \u2014 12\u00b0C<\/em><\/p>\n<h3>Food pairing<\/h3>\n<p>It pairs perfectly with fish-based dishes such as baked sea bass, red tuna tataki, but also vegetable puff pastry, pasta, and poultry.<\/p>\n","protected":false},"excerpt":{"rendered":"<blockquote>\n<h4>Grape varieties:60% Albar\u00edn blanco, 20% Verdejo and 20% Godello<\/h4>\n<\/blockquote>\n","protected":false},"featured_media":46598,"template":"","meta":{"_acf_changed":false},"product_brand":[],"product_cat":[19460],"product_tag":[],"class_list":{"0":"post-48068","1":"product","2":"type-product","3":"status-publish","4":"has-post-thumbnail","6":"product_cat-white-wine","8":"first","9":"instock","10":"downloadable","11":"taxable","12":"shipping-taxable","13":"purchasable","14":"product-type-simple"},"acf":[],"yoast_head":"<!-- This site is optimized with the Yoast SEO plugin v25.7 - https:\/\/yoast.com\/wordpress\/plugins\/seo\/ -->\n<title>C\u00e9sar Mu\u00f1oz Cienfuegos 2021 13.5% vol. - Vinodeli<\/title>\n<meta name=\"robots\" content=\"index, follow, max-snippet:-1, max-image-preview:large, max-video-preview:-1\" \/>\n<link rel=\"canonical\" href=\"https:\/\/vinodeli.ee\/en\/product\/cesar-munoz-cienfuegos\/\" \/>\n<meta property=\"og:locale\" content=\"en_US\" \/>\n<meta property=\"og:type\" content=\"article\" \/>\n<meta property=\"og:title\" content=\"C\u00e9sar Mu\u00f1oz Cienfuegos 2021 13.5% vol. - Vinodeli\" \/>\n<meta property=\"og:description\" content=\"Grape varieties:60% Albar\u00edn blanco, 20% Verdejo and 20% Godello\" \/>\n<meta property=\"og:url\" content=\"https:\/\/vinodeli.ee\/en\/product\/cesar-munoz-cienfuegos\/\" \/>\n<meta property=\"og:site_name\" content=\"Vinodeli\" \/>\n<meta property=\"article:modified_time\" content=\"2023-12-20T12:06:20+00:00\" \/>\n<meta property=\"og:image\" content=\"https:\/\/vinodeli.ee\/wp-content\/uploads\/2023\/11\/cienfuegos-square-jpg-2.webp\" \/>\n\t<meta property=\"og:image:width\" content=\"1080\" \/>\n\t<meta property=\"og:image:height\" content=\"1080\" \/>\n\t<meta property=\"og:image:type\" content=\"image\/webp\" \/>\n<meta name=\"twitter:card\" content=\"summary_large_image\" \/>\n<meta name=\"twitter:label1\" content=\"Est. reading time\" \/>\n\t<meta name=\"twitter:data1\" content=\"2 minutes\" \/>\n<script type=\"application\/ld+json\" class=\"yoast-schema-graph\">{\"@context\":\"https:\/\/schema.org\",\"@graph\":[{\"@type\":\"WebPage\",\"@id\":\"https:\/\/vinodeli.ee\/en\/product\/cesar-munoz-cienfuegos\/\",\"url\":\"https:\/\/vinodeli.ee\/en\/product\/cesar-munoz-cienfuegos\/\",\"name\":\"C\u00e9sar Mu\u00f1oz Cienfuegos 2021 13.5% vol. - Vinodeli\",\"isPartOf\":{\"@id\":\"https:\/\/vinodeli.ee\/#website\"},\"primaryImageOfPage\":{\"@id\":\"https:\/\/vinodeli.ee\/en\/product\/cesar-munoz-cienfuegos\/#primaryimage\"},\"image\":{\"@id\":\"https:\/\/vinodeli.ee\/en\/product\/cesar-munoz-cienfuegos\/#primaryimage\"},\"thumbnailUrl\":\"https:\/\/vinodeli.ee\/wp-content\/uploads\/2023\/11\/cienfuegos-square-jpg-2.webp\",\"datePublished\":\"2021-05-19T05:55:43+00:00\",\"dateModified\":\"2023-12-20T12:06:20+00:00\",\"breadcrumb\":{\"@id\":\"https:\/\/vinodeli.ee\/en\/product\/cesar-munoz-cienfuegos\/#breadcrumb\"},\"inLanguage\":\"en-US\",\"potentialAction\":[{\"@type\":\"ReadAction\",\"target\":[\"https:\/\/vinodeli.ee\/en\/product\/cesar-munoz-cienfuegos\/\"]}]},{\"@type\":\"ImageObject\",\"inLanguage\":\"en-US\",\"@id\":\"https:\/\/vinodeli.ee\/en\/product\/cesar-munoz-cienfuegos\/#primaryimage\",\"url\":\"https:\/\/vinodeli.ee\/wp-content\/uploads\/2023\/11\/cienfuegos-square-jpg-2.webp\",\"contentUrl\":\"https:\/\/vinodeli.ee\/wp-content\/uploads\/2023\/11\/cienfuegos-square-jpg-2.webp\",\"width\":1080,\"height\":1080},{\"@type\":\"BreadcrumbList\",\"@id\":\"https:\/\/vinodeli.ee\/en\/product\/cesar-munoz-cienfuegos\/#breadcrumb\",\"itemListElement\":[{\"@type\":\"ListItem\",\"position\":1,\"name\":\"Home\",\"item\":\"https:\/\/vinodeli.ee\/en\/\"},{\"@type\":\"ListItem\",\"position\":2,\"name\":\"Shop\",\"item\":\"https:\/\/vinodeli.ee\/pood\/\"},{\"@type\":\"ListItem\",\"position\":3,\"name\":\"C\u00e9sar Mu\u00f1oz Cienfuegos 2021 13.5% vol.\"}]},{\"@type\":\"WebSite\",\"@id\":\"https:\/\/vinodeli.ee\/#website\",\"url\":\"https:\/\/vinodeli.ee\/\",\"name\":\"Vinodeli\",\"description\":\"\",\"publisher\":{\"@id\":\"https:\/\/vinodeli.ee\/#organization\"},\"potentialAction\":[{\"@type\":\"SearchAction\",\"target\":{\"@type\":\"EntryPoint\",\"urlTemplate\":\"https:\/\/vinodeli.ee\/?s={search_term_string}\"},\"query-input\":{\"@type\":\"PropertyValueSpecification\",\"valueRequired\":true,\"valueName\":\"search_term_string\"}}],\"inLanguage\":\"en-US\"},{\"@type\":\"Organization\",\"@id\":\"https:\/\/vinodeli.ee\/#organization\",\"name\":\"Vinodeli O\u00dc\",\"url\":\"https:\/\/vinodeli.ee\/\",\"logo\":{\"@type\":\"ImageObject\",\"inLanguage\":\"en-US\",\"@id\":\"https:\/\/vinodeli.ee\/#\/schema\/logo\/image\/\",\"url\":\"https:\/\/vinodeli.ee\/wp-content\/uploads\/2024\/02\/logo-winodeli-1.png\",\"contentUrl\":\"https:\/\/vinodeli.ee\/wp-content\/uploads\/2024\/02\/logo-winodeli-1.png\",\"width\":1500,\"height\":1150,\"caption\":\"Vinodeli O\u00dc\"},\"image\":{\"@id\":\"https:\/\/vinodeli.ee\/#\/schema\/logo\/image\/\"}}]}<\/script>\n<!-- \/ Yoast SEO plugin. -->","yoast_head_json":{"title":"C\u00e9sar Mu\u00f1oz Cienfuegos 2021 13.5% vol. - Vinodeli","robots":{"index":"index","follow":"follow","max-snippet":"max-snippet:-1","max-image-preview":"max-image-preview:large","max-video-preview":"max-video-preview:-1"},"canonical":"https:\/\/vinodeli.ee\/en\/product\/cesar-munoz-cienfuegos\/","og_locale":"en_US","og_type":"article","og_title":"C\u00e9sar Mu\u00f1oz Cienfuegos 2021 13.5% vol. - Vinodeli","og_description":"Grape varieties:60% Albar\u00edn blanco, 20% Verdejo and 20% Godello","og_url":"https:\/\/vinodeli.ee\/en\/product\/cesar-munoz-cienfuegos\/","og_site_name":"Vinodeli","article_modified_time":"2023-12-20T12:06:20+00:00","og_image":[{"width":1080,"height":1080,"url":"https:\/\/vinodeli.ee\/wp-content\/uploads\/2023\/11\/cienfuegos-square-jpg-2.webp","type":"image\/webp"}],"twitter_card":"summary_large_image","twitter_misc":{"Est. reading time":"2 minutes"},"schema":{"@context":"https:\/\/schema.org","@graph":[{"@type":"WebPage","@id":"https:\/\/vinodeli.ee\/en\/product\/cesar-munoz-cienfuegos\/","url":"https:\/\/vinodeli.ee\/en\/product\/cesar-munoz-cienfuegos\/","name":"C\u00e9sar Mu\u00f1oz Cienfuegos 2021 13.5% vol. - Vinodeli","isPartOf":{"@id":"https:\/\/vinodeli.ee\/#website"},"primaryImageOfPage":{"@id":"https:\/\/vinodeli.ee\/en\/product\/cesar-munoz-cienfuegos\/#primaryimage"},"image":{"@id":"https:\/\/vinodeli.ee\/en\/product\/cesar-munoz-cienfuegos\/#primaryimage"},"thumbnailUrl":"https:\/\/vinodeli.ee\/wp-content\/uploads\/2023\/11\/cienfuegos-square-jpg-2.webp","datePublished":"2021-05-19T05:55:43+00:00","dateModified":"2023-12-20T12:06:20+00:00","breadcrumb":{"@id":"https:\/\/vinodeli.ee\/en\/product\/cesar-munoz-cienfuegos\/#breadcrumb"},"inLanguage":"en-US","potentialAction":[{"@type":"ReadAction","target":["https:\/\/vinodeli.ee\/en\/product\/cesar-munoz-cienfuegos\/"]}]},{"@type":"ImageObject","inLanguage":"en-US","@id":"https:\/\/vinodeli.ee\/en\/product\/cesar-munoz-cienfuegos\/#primaryimage","url":"https:\/\/vinodeli.ee\/wp-content\/uploads\/2023\/11\/cienfuegos-square-jpg-2.webp","contentUrl":"https:\/\/vinodeli.ee\/wp-content\/uploads\/2023\/11\/cienfuegos-square-jpg-2.webp","width":1080,"height":1080},{"@type":"BreadcrumbList","@id":"https:\/\/vinodeli.ee\/en\/product\/cesar-munoz-cienfuegos\/#breadcrumb","itemListElement":[{"@type":"ListItem","position":1,"name":"Home","item":"https:\/\/vinodeli.ee\/en\/"},{"@type":"ListItem","position":2,"name":"Shop","item":"https:\/\/vinodeli.ee\/pood\/"},{"@type":"ListItem","position":3,"name":"C\u00e9sar Mu\u00f1oz Cienfuegos 2021 13.5% vol."}]},{"@type":"WebSite","@id":"https:\/\/vinodeli.ee\/#website","url":"https:\/\/vinodeli.ee\/","name":"Vinodeli","description":"","publisher":{"@id":"https:\/\/vinodeli.ee\/#organization"},"potentialAction":[{"@type":"SearchAction","target":{"@type":"EntryPoint","urlTemplate":"https:\/\/vinodeli.ee\/?s={search_term_string}"},"query-input":{"@type":"PropertyValueSpecification","valueRequired":true,"valueName":"search_term_string"}}],"inLanguage":"en-US"},{"@type":"Organization","@id":"https:\/\/vinodeli.ee\/#organization","name":"Vinodeli O\u00dc","url":"https:\/\/vinodeli.ee\/","logo":{"@type":"ImageObject","inLanguage":"en-US","@id":"https:\/\/vinodeli.ee\/#\/schema\/logo\/image\/","url":"https:\/\/vinodeli.ee\/wp-content\/uploads\/2024\/02\/logo-winodeli-1.png","contentUrl":"https:\/\/vinodeli.ee\/wp-content\/uploads\/2024\/02\/logo-winodeli-1.png","width":1500,"height":1150,"caption":"Vinodeli O\u00dc"},"image":{"@id":"https:\/\/vinodeli.ee\/#\/schema\/logo\/image\/"}}]}},"_links":{"self":[{"href":"https:\/\/vinodeli.ee\/en\/wp-json\/wp\/v2\/product\/48068","targetHints":{"allow":["GET"]}}],"collection":[{"href":"https:\/\/vinodeli.ee\/en\/wp-json\/wp\/v2\/product"}],"about":[{"href":"https:\/\/vinodeli.ee\/en\/wp-json\/wp\/v2\/types\/product"}],"version-history":[{"count":0,"href":"https:\/\/vinodeli.ee\/en\/wp-json\/wp\/v2\/product\/48068\/revisions"}],"wp:featuredmedia":[{"embeddable":true,"href":"https:\/\/vinodeli.ee\/en\/wp-json\/wp\/v2\/media\/46598"}],"wp:attachment":[{"href":"https:\/\/vinodeli.ee\/en\/wp-json\/wp\/v2\/media?parent=48068"}],"wp:term":[{"taxonomy":"product_brand","embeddable":true,"href":"https:\/\/vinodeli.ee\/en\/wp-json\/wp\/v2\/product_brand?post=48068"},{"taxonomy":"product_cat","embeddable":true,"href":"https:\/\/vinodeli.ee\/en\/wp-json\/wp\/v2\/product_cat?post=48068"},{"taxonomy":"product_tag","embeddable":true,"href":"https:\/\/vinodeli.ee\/en\/wp-json\/wp\/v2\/product_tag?post=48068"}],"curies":[{"name":"wp","href":"https:\/\/api.w.org\/{rel}","templated":true}]}}