{"id":48069,"date":"2021-05-19T08:54:59","date_gmt":"2021-05-19T05:54:59","guid":{"rendered":"https:\/\/vinodeli.ee\/product\/valdosan-iturria\/"},"modified":"2023-12-20T14:06:20","modified_gmt":"2023-12-20T12:06:20","slug":"valdosan-iturria","status":"publish","type":"product","link":"https:\/\/vinodeli.ee\/en\/product\/valdosan-iturria\/","title":{"rendered":"Iturria Valdosan 2017 DO Toro 14.5% vol."},"content":{"rendered":"<blockquote>\n<h5>Iturria wine was born, above all, to accompany feelings and emotions; For this reason, its main objective is to make its very high quality standards accessible to all areas of our society. Iturria seeks to contribute to a richer life, with the right to sublimate its important moments, from full confidence in the importance of the wine experience. Iturria therefore works every day so that its name alone is understood as a synonym of the highest quality: IS ITURRIA IS GOOD WINE.<\/h5>\n<\/blockquote>\n<h3>Winemaking<\/h3>\n<p>Organic viticulture. 60-year-old bush vines at an altitude of 650-750 meters. Manual harvest in boxes of 15Kg. 20 day maceration. Fermentation at low temperatures (maximum 27\u00baC). Native yeasts. Malolactic fermentation in barrels. Aged for 30 months in French oak barrels. Limited production of 3,923 bottles.<\/p>\n<h3>Tasting notes<\/h3>\n<p>Bright cherry red colour. Sweet nose, with hints of wood and aromas of red fruits. In the mouth it is powerful and complex, mixing spices, smoked and minerals with the aroma of red fruits.<em>Recommended serving temperature: 15\u00b0 \u2014 18\u00b0C<\/em><\/p>\n","protected":false},"excerpt":{"rendered":"<blockquote>\n<h4>Grape variety:100% Tinta de Toro (Tempranillo)<\/h4>\n<\/blockquote>\n<ul>\n<li>Andreas Larsson &#8211; Tasted.wine (2018 vintage) &#8211; 93 points<\/li>\n<li>Gu\u00eda Pe\u00f1\u00edn (2018 vintage) &#8211; 90 points<\/li>\n<li>Decanter (2018 vintage) &#8211; 91 points<\/li>\n<\/ul>\n","protected":false},"featured_media":46601,"template":"","meta":{"_acf_changed":false},"product_brand":[],"product_cat":[19462],"product_tag":[],"class_list":{"0":"post-48069","1":"product","2":"type-product","3":"status-publish","4":"has-post-thumbnail","6":"product_cat-red-wine","8":"first","9":"instock","10":"downloadable","11":"taxable","12":"shipping-taxable","13":"purchasable","14":"product-type-simple"},"acf":[],"yoast_head":"<!-- This site is optimized with the Yoast SEO plugin v25.7 - https:\/\/yoast.com\/wordpress\/plugins\/seo\/ -->\n<title>Iturria Valdosan 2017 DO Toro 14.5% vol. - Vinodeli<\/title>\n<meta name=\"robots\" content=\"index, follow, max-snippet:-1, max-image-preview:large, max-video-preview:-1\" \/>\n<link rel=\"canonical\" href=\"https:\/\/vinodeli.ee\/en\/product\/valdosan-iturria\/\" \/>\n<meta property=\"og:locale\" content=\"en_US\" \/>\n<meta property=\"og:type\" content=\"article\" \/>\n<meta property=\"og:title\" content=\"Iturria Valdosan 2017 DO Toro 14.5% vol. - Vinodeli\" \/>\n<meta property=\"og:description\" content=\"Grape variety:100% Tinta de Toro (Tempranillo) Andreas Larsson - Tasted.wine (2018 vintage) - 93 points Gu\u00eda Pe\u00f1\u00edn (2018 vintage) - 90 points Decanter (2018 vintage) - 91 points\" \/>\n<meta property=\"og:url\" content=\"https:\/\/vinodeli.ee\/en\/product\/valdosan-iturria\/\" \/>\n<meta property=\"og:site_name\" content=\"Vinodeli\" \/>\n<meta property=\"article:modified_time\" content=\"2023-12-20T12:06:20+00:00\" \/>\n<meta property=\"og:image\" content=\"https:\/\/vinodeli.ee\/wp-content\/uploads\/2023\/11\/Valdosan-Iturria-2.webp\" \/>\n\t<meta property=\"og:image:width\" content=\"1800\" \/>\n\t<meta property=\"og:image:height\" content=\"1800\" \/>\n\t<meta property=\"og:image:type\" content=\"image\/webp\" \/>\n<meta name=\"twitter:card\" content=\"summary_large_image\" \/>\n<meta name=\"twitter:label1\" content=\"Est. reading time\" \/>\n\t<meta name=\"twitter:data1\" content=\"1 minute\" \/>\n<script type=\"application\/ld+json\" class=\"yoast-schema-graph\">{\"@context\":\"https:\/\/schema.org\",\"@graph\":[{\"@type\":\"WebPage\",\"@id\":\"https:\/\/vinodeli.ee\/en\/product\/valdosan-iturria\/\",\"url\":\"https:\/\/vinodeli.ee\/en\/product\/valdosan-iturria\/\",\"name\":\"Iturria Valdosan 2017 DO Toro 14.5% vol. - Vinodeli\",\"isPartOf\":{\"@id\":\"https:\/\/vinodeli.ee\/#website\"},\"primaryImageOfPage\":{\"@id\":\"https:\/\/vinodeli.ee\/en\/product\/valdosan-iturria\/#primaryimage\"},\"image\":{\"@id\":\"https:\/\/vinodeli.ee\/en\/product\/valdosan-iturria\/#primaryimage\"},\"thumbnailUrl\":\"https:\/\/vinodeli.ee\/wp-content\/uploads\/2023\/11\/Valdosan-Iturria-2.webp\",\"datePublished\":\"2021-05-19T05:54:59+00:00\",\"dateModified\":\"2023-12-20T12:06:20+00:00\",\"breadcrumb\":{\"@id\":\"https:\/\/vinodeli.ee\/en\/product\/valdosan-iturria\/#breadcrumb\"},\"inLanguage\":\"en-US\",\"potentialAction\":[{\"@type\":\"ReadAction\",\"target\":[\"https:\/\/vinodeli.ee\/en\/product\/valdosan-iturria\/\"]}]},{\"@type\":\"ImageObject\",\"inLanguage\":\"en-US\",\"@id\":\"https:\/\/vinodeli.ee\/en\/product\/valdosan-iturria\/#primaryimage\",\"url\":\"https:\/\/vinodeli.ee\/wp-content\/uploads\/2023\/11\/Valdosan-Iturria-2.webp\",\"contentUrl\":\"https:\/\/vinodeli.ee\/wp-content\/uploads\/2023\/11\/Valdosan-Iturria-2.webp\",\"width\":1800,\"height\":1800},{\"@type\":\"BreadcrumbList\",\"@id\":\"https:\/\/vinodeli.ee\/en\/product\/valdosan-iturria\/#breadcrumb\",\"itemListElement\":[{\"@type\":\"ListItem\",\"position\":1,\"name\":\"Home\",\"item\":\"https:\/\/vinodeli.ee\/en\/\"},{\"@type\":\"ListItem\",\"position\":2,\"name\":\"Shop\",\"item\":\"https:\/\/vinodeli.ee\/pood\/\"},{\"@type\":\"ListItem\",\"position\":3,\"name\":\"Iturria Valdosan 2017 DO Toro 14.5% vol.\"}]},{\"@type\":\"WebSite\",\"@id\":\"https:\/\/vinodeli.ee\/#website\",\"url\":\"https:\/\/vinodeli.ee\/\",\"name\":\"Vinodeli\",\"description\":\"\",\"publisher\":{\"@id\":\"https:\/\/vinodeli.ee\/#organization\"},\"potentialAction\":[{\"@type\":\"SearchAction\",\"target\":{\"@type\":\"EntryPoint\",\"urlTemplate\":\"https:\/\/vinodeli.ee\/?s={search_term_string}\"},\"query-input\":{\"@type\":\"PropertyValueSpecification\",\"valueRequired\":true,\"valueName\":\"search_term_string\"}}],\"inLanguage\":\"en-US\"},{\"@type\":\"Organization\",\"@id\":\"https:\/\/vinodeli.ee\/#organization\",\"name\":\"Vinodeli O\u00dc\",\"url\":\"https:\/\/vinodeli.ee\/\",\"logo\":{\"@type\":\"ImageObject\",\"inLanguage\":\"en-US\",\"@id\":\"https:\/\/vinodeli.ee\/#\/schema\/logo\/image\/\",\"url\":\"https:\/\/vinodeli.ee\/wp-content\/uploads\/2024\/02\/logo-winodeli-1.png\",\"contentUrl\":\"https:\/\/vinodeli.ee\/wp-content\/uploads\/2024\/02\/logo-winodeli-1.png\",\"width\":1500,\"height\":1150,\"caption\":\"Vinodeli O\u00dc\"},\"image\":{\"@id\":\"https:\/\/vinodeli.ee\/#\/schema\/logo\/image\/\"}}]}<\/script>\n<!-- \/ Yoast SEO plugin. -->","yoast_head_json":{"title":"Iturria Valdosan 2017 DO Toro 14.5% vol. - Vinodeli","robots":{"index":"index","follow":"follow","max-snippet":"max-snippet:-1","max-image-preview":"max-image-preview:large","max-video-preview":"max-video-preview:-1"},"canonical":"https:\/\/vinodeli.ee\/en\/product\/valdosan-iturria\/","og_locale":"en_US","og_type":"article","og_title":"Iturria Valdosan 2017 DO Toro 14.5% vol. - Vinodeli","og_description":"Grape variety:100% Tinta de Toro (Tempranillo) Andreas Larsson - Tasted.wine (2018 vintage) - 93 points Gu\u00eda Pe\u00f1\u00edn (2018 vintage) - 90 points Decanter (2018 vintage) - 91 points","og_url":"https:\/\/vinodeli.ee\/en\/product\/valdosan-iturria\/","og_site_name":"Vinodeli","article_modified_time":"2023-12-20T12:06:20+00:00","og_image":[{"width":1800,"height":1800,"url":"https:\/\/vinodeli.ee\/wp-content\/uploads\/2023\/11\/Valdosan-Iturria-2.webp","type":"image\/webp"}],"twitter_card":"summary_large_image","twitter_misc":{"Est. reading time":"1 minute"},"schema":{"@context":"https:\/\/schema.org","@graph":[{"@type":"WebPage","@id":"https:\/\/vinodeli.ee\/en\/product\/valdosan-iturria\/","url":"https:\/\/vinodeli.ee\/en\/product\/valdosan-iturria\/","name":"Iturria Valdosan 2017 DO Toro 14.5% vol. - Vinodeli","isPartOf":{"@id":"https:\/\/vinodeli.ee\/#website"},"primaryImageOfPage":{"@id":"https:\/\/vinodeli.ee\/en\/product\/valdosan-iturria\/#primaryimage"},"image":{"@id":"https:\/\/vinodeli.ee\/en\/product\/valdosan-iturria\/#primaryimage"},"thumbnailUrl":"https:\/\/vinodeli.ee\/wp-content\/uploads\/2023\/11\/Valdosan-Iturria-2.webp","datePublished":"2021-05-19T05:54:59+00:00","dateModified":"2023-12-20T12:06:20+00:00","breadcrumb":{"@id":"https:\/\/vinodeli.ee\/en\/product\/valdosan-iturria\/#breadcrumb"},"inLanguage":"en-US","potentialAction":[{"@type":"ReadAction","target":["https:\/\/vinodeli.ee\/en\/product\/valdosan-iturria\/"]}]},{"@type":"ImageObject","inLanguage":"en-US","@id":"https:\/\/vinodeli.ee\/en\/product\/valdosan-iturria\/#primaryimage","url":"https:\/\/vinodeli.ee\/wp-content\/uploads\/2023\/11\/Valdosan-Iturria-2.webp","contentUrl":"https:\/\/vinodeli.ee\/wp-content\/uploads\/2023\/11\/Valdosan-Iturria-2.webp","width":1800,"height":1800},{"@type":"BreadcrumbList","@id":"https:\/\/vinodeli.ee\/en\/product\/valdosan-iturria\/#breadcrumb","itemListElement":[{"@type":"ListItem","position":1,"name":"Home","item":"https:\/\/vinodeli.ee\/en\/"},{"@type":"ListItem","position":2,"name":"Shop","item":"https:\/\/vinodeli.ee\/pood\/"},{"@type":"ListItem","position":3,"name":"Iturria Valdosan 2017 DO Toro 14.5% vol."}]},{"@type":"WebSite","@id":"https:\/\/vinodeli.ee\/#website","url":"https:\/\/vinodeli.ee\/","name":"Vinodeli","description":"","publisher":{"@id":"https:\/\/vinodeli.ee\/#organization"},"potentialAction":[{"@type":"SearchAction","target":{"@type":"EntryPoint","urlTemplate":"https:\/\/vinodeli.ee\/?s={search_term_string}"},"query-input":{"@type":"PropertyValueSpecification","valueRequired":true,"valueName":"search_term_string"}}],"inLanguage":"en-US"},{"@type":"Organization","@id":"https:\/\/vinodeli.ee\/#organization","name":"Vinodeli O\u00dc","url":"https:\/\/vinodeli.ee\/","logo":{"@type":"ImageObject","inLanguage":"en-US","@id":"https:\/\/vinodeli.ee\/#\/schema\/logo\/image\/","url":"https:\/\/vinodeli.ee\/wp-content\/uploads\/2024\/02\/logo-winodeli-1.png","contentUrl":"https:\/\/vinodeli.ee\/wp-content\/uploads\/2024\/02\/logo-winodeli-1.png","width":1500,"height":1150,"caption":"Vinodeli O\u00dc"},"image":{"@id":"https:\/\/vinodeli.ee\/#\/schema\/logo\/image\/"}}]}},"_links":{"self":[{"href":"https:\/\/vinodeli.ee\/en\/wp-json\/wp\/v2\/product\/48069","targetHints":{"allow":["GET"]}}],"collection":[{"href":"https:\/\/vinodeli.ee\/en\/wp-json\/wp\/v2\/product"}],"about":[{"href":"https:\/\/vinodeli.ee\/en\/wp-json\/wp\/v2\/types\/product"}],"version-history":[{"count":0,"href":"https:\/\/vinodeli.ee\/en\/wp-json\/wp\/v2\/product\/48069\/revisions"}],"wp:featuredmedia":[{"embeddable":true,"href":"https:\/\/vinodeli.ee\/en\/wp-json\/wp\/v2\/media\/46601"}],"wp:attachment":[{"href":"https:\/\/vinodeli.ee\/en\/wp-json\/wp\/v2\/media?parent=48069"}],"wp:term":[{"taxonomy":"product_brand","embeddable":true,"href":"https:\/\/vinodeli.ee\/en\/wp-json\/wp\/v2\/product_brand?post=48069"},{"taxonomy":"product_cat","embeddable":true,"href":"https:\/\/vinodeli.ee\/en\/wp-json\/wp\/v2\/product_cat?post=48069"},{"taxonomy":"product_tag","embeddable":true,"href":"https:\/\/vinodeli.ee\/en\/wp-json\/wp\/v2\/product_tag?post=48069"}],"curies":[{"name":"wp","href":"https:\/\/api.w.org\/{rel}","templated":true}]}}