{"id":48081,"date":"2021-05-18T18:47:10","date_gmt":"2021-05-18T15:47:10","guid":{"rendered":"https:\/\/vinodeli.ee\/product\/barrica-clonic\/"},"modified":"2023-12-20T14:06:42","modified_gmt":"2023-12-20T12:06:42","slug":"barrica-clonic","status":"publish","type":"product","link":"https:\/\/vinodeli.ee\/en\/product\/barrica-clonic\/","title":{"rendered":"Cl\u00f2nic Barrica DO Montsant 2017 14.5% vol."},"content":{"rendered":"<blockquote>\n<h5>Celler Ced\u00f3 Anguera is a small family winery located in the town of La Serra d\u2019Almos within the DO Montsanti. The winery owns 15 hectares of vineyards, all located in the municipal district of La Serra d\u2019Almos, where the grapes used to produce these wines come from.<\/h5>\n<\/blockquote>\n<h3>Winemaking<\/h3>\n<p>The Cl\u00f2nic Barrica, comes from the oldest vineyards in the area, a blend of the varieties, Carinyena, Garnacha Negra and Syrah, where Carinyena has a greater role, which is expressed in the character of the wine. The wine ages for 14 months in French oak barrels.<\/p>\n<h3>Tasting notes<\/h3>\n<p>Expressive on the nose, it conveys sensations of maturity, with touches that reflect the Carinyena varietal, a nose of ripe black fruit with marked hints of spice, balsamic and toast from the barrel. On the palate it is broad with an entry with weight and smoothness. Good aromatic intensity and present tones of aging.<em>Recommended serving temperature: 15\u00b0C \u2014 17\u00b0C<\/em><\/p>\n","protected":false},"excerpt":{"rendered":"<blockquote>\n<h4>Grape varieties:60% Carinyena, 20% Garnacha and 20% Syrah<\/h4>\n<\/blockquote>\n<ul>\n<li>Gilbert &#038; Gaillard (2010 vintage) &#8211; 90 points<\/li>\n<li>Gu\u00eda Pe\u00f1\u00edn (2009 vintage) &#8211; 90 points<\/li>\n<li>Andreas Larsson &#8211; Tasted.wine (2008 vintage) &#8211; 90 points<\/li>\n<li>Hudin.com (2017 vintage) &#8211; 91 points<\/li>\n<\/ul>\n","protected":false},"featured_media":46635,"template":"","meta":{"_acf_changed":false},"product_brand":[],"product_cat":[19462],"product_tag":[],"class_list":{"0":"post-48081","1":"product","2":"type-product","3":"status-publish","4":"has-post-thumbnail","6":"product_cat-red-wine","8":"first","9":"instock","10":"downloadable","11":"taxable","12":"shipping-taxable","13":"purchasable","14":"product-type-simple"},"acf":[],"yoast_head":"<!-- This site is optimized with the Yoast SEO plugin v25.7 - https:\/\/yoast.com\/wordpress\/plugins\/seo\/ -->\n<title>Cl\u00f2nic Barrica DO Montsant 2017 14.5% vol. - Vinodeli<\/title>\n<meta name=\"robots\" content=\"index, follow, max-snippet:-1, max-image-preview:large, max-video-preview:-1\" \/>\n<link rel=\"canonical\" href=\"https:\/\/vinodeli.ee\/en\/product\/barrica-clonic\/\" \/>\n<meta property=\"og:locale\" content=\"en_US\" \/>\n<meta property=\"og:type\" content=\"article\" \/>\n<meta property=\"og:title\" content=\"Cl\u00f2nic Barrica DO Montsant 2017 14.5% vol. - Vinodeli\" \/>\n<meta property=\"og:description\" content=\"Grape varieties:60% Carinyena, 20% Garnacha and 20% Syrah Gilbert &amp; Gaillard (2010 vintage) - 90 points Gu\u00eda Pe\u00f1\u00edn (2009 vintage) - 90 points Andreas Larsson - Tasted.wine (2008 vintage) - 90 points Hudin.com (2017 vintage) - 91 points\" \/>\n<meta property=\"og:url\" content=\"https:\/\/vinodeli.ee\/en\/product\/barrica-clonic\/\" \/>\n<meta property=\"og:site_name\" content=\"Vinodeli\" \/>\n<meta property=\"article:modified_time\" content=\"2023-12-20T12:06:42+00:00\" \/>\n<meta property=\"og:image\" content=\"https:\/\/vinodeli.ee\/wp-content\/uploads\/2023\/11\/clonic_barrica-jpg-2.webp\" \/>\n\t<meta property=\"og:image:width\" content=\"2200\" \/>\n\t<meta property=\"og:image:height\" content=\"2200\" \/>\n\t<meta property=\"og:image:type\" content=\"image\/webp\" \/>\n<meta name=\"twitter:card\" content=\"summary_large_image\" \/>\n<meta name=\"twitter:label1\" content=\"Est. reading time\" \/>\n\t<meta name=\"twitter:data1\" content=\"1 minute\" \/>\n<script type=\"application\/ld+json\" class=\"yoast-schema-graph\">{\"@context\":\"https:\/\/schema.org\",\"@graph\":[{\"@type\":\"WebPage\",\"@id\":\"https:\/\/vinodeli.ee\/en\/product\/barrica-clonic\/\",\"url\":\"https:\/\/vinodeli.ee\/en\/product\/barrica-clonic\/\",\"name\":\"Cl\u00f2nic Barrica DO Montsant 2017 14.5% vol. - Vinodeli\",\"isPartOf\":{\"@id\":\"https:\/\/vinodeli.ee\/#website\"},\"primaryImageOfPage\":{\"@id\":\"https:\/\/vinodeli.ee\/en\/product\/barrica-clonic\/#primaryimage\"},\"image\":{\"@id\":\"https:\/\/vinodeli.ee\/en\/product\/barrica-clonic\/#primaryimage\"},\"thumbnailUrl\":\"https:\/\/vinodeli.ee\/wp-content\/uploads\/2023\/11\/clonic_barrica-jpg-2.webp\",\"datePublished\":\"2021-05-18T15:47:10+00:00\",\"dateModified\":\"2023-12-20T12:06:42+00:00\",\"breadcrumb\":{\"@id\":\"https:\/\/vinodeli.ee\/en\/product\/barrica-clonic\/#breadcrumb\"},\"inLanguage\":\"en-US\",\"potentialAction\":[{\"@type\":\"ReadAction\",\"target\":[\"https:\/\/vinodeli.ee\/en\/product\/barrica-clonic\/\"]}]},{\"@type\":\"ImageObject\",\"inLanguage\":\"en-US\",\"@id\":\"https:\/\/vinodeli.ee\/en\/product\/barrica-clonic\/#primaryimage\",\"url\":\"https:\/\/vinodeli.ee\/wp-content\/uploads\/2023\/11\/clonic_barrica-jpg-2.webp\",\"contentUrl\":\"https:\/\/vinodeli.ee\/wp-content\/uploads\/2023\/11\/clonic_barrica-jpg-2.webp\",\"width\":2200,\"height\":2200},{\"@type\":\"BreadcrumbList\",\"@id\":\"https:\/\/vinodeli.ee\/en\/product\/barrica-clonic\/#breadcrumb\",\"itemListElement\":[{\"@type\":\"ListItem\",\"position\":1,\"name\":\"Home\",\"item\":\"https:\/\/vinodeli.ee\/en\/\"},{\"@type\":\"ListItem\",\"position\":2,\"name\":\"Shop\",\"item\":\"https:\/\/vinodeli.ee\/pood\/\"},{\"@type\":\"ListItem\",\"position\":3,\"name\":\"Cl\u00f2nic Barrica DO Montsant 2017 14.5% vol.\"}]},{\"@type\":\"WebSite\",\"@id\":\"https:\/\/vinodeli.ee\/#website\",\"url\":\"https:\/\/vinodeli.ee\/\",\"name\":\"Vinodeli\",\"description\":\"\",\"publisher\":{\"@id\":\"https:\/\/vinodeli.ee\/#organization\"},\"potentialAction\":[{\"@type\":\"SearchAction\",\"target\":{\"@type\":\"EntryPoint\",\"urlTemplate\":\"https:\/\/vinodeli.ee\/?s={search_term_string}\"},\"query-input\":{\"@type\":\"PropertyValueSpecification\",\"valueRequired\":true,\"valueName\":\"search_term_string\"}}],\"inLanguage\":\"en-US\"},{\"@type\":\"Organization\",\"@id\":\"https:\/\/vinodeli.ee\/#organization\",\"name\":\"Vinodeli O\u00dc\",\"url\":\"https:\/\/vinodeli.ee\/\",\"logo\":{\"@type\":\"ImageObject\",\"inLanguage\":\"en-US\",\"@id\":\"https:\/\/vinodeli.ee\/#\/schema\/logo\/image\/\",\"url\":\"https:\/\/vinodeli.ee\/wp-content\/uploads\/2024\/02\/logo-winodeli-1.png\",\"contentUrl\":\"https:\/\/vinodeli.ee\/wp-content\/uploads\/2024\/02\/logo-winodeli-1.png\",\"width\":1500,\"height\":1150,\"caption\":\"Vinodeli O\u00dc\"},\"image\":{\"@id\":\"https:\/\/vinodeli.ee\/#\/schema\/logo\/image\/\"}}]}<\/script>\n<!-- \/ Yoast SEO plugin. -->","yoast_head_json":{"title":"Cl\u00f2nic Barrica DO Montsant 2017 14.5% vol. - Vinodeli","robots":{"index":"index","follow":"follow","max-snippet":"max-snippet:-1","max-image-preview":"max-image-preview:large","max-video-preview":"max-video-preview:-1"},"canonical":"https:\/\/vinodeli.ee\/en\/product\/barrica-clonic\/","og_locale":"en_US","og_type":"article","og_title":"Cl\u00f2nic Barrica DO Montsant 2017 14.5% vol. - Vinodeli","og_description":"Grape varieties:60% Carinyena, 20% Garnacha and 20% Syrah Gilbert & Gaillard (2010 vintage) - 90 points Gu\u00eda Pe\u00f1\u00edn (2009 vintage) - 90 points Andreas Larsson - Tasted.wine (2008 vintage) - 90 points Hudin.com (2017 vintage) - 91 points","og_url":"https:\/\/vinodeli.ee\/en\/product\/barrica-clonic\/","og_site_name":"Vinodeli","article_modified_time":"2023-12-20T12:06:42+00:00","og_image":[{"width":2200,"height":2200,"url":"https:\/\/vinodeli.ee\/wp-content\/uploads\/2023\/11\/clonic_barrica-jpg-2.webp","type":"image\/webp"}],"twitter_card":"summary_large_image","twitter_misc":{"Est. reading time":"1 minute"},"schema":{"@context":"https:\/\/schema.org","@graph":[{"@type":"WebPage","@id":"https:\/\/vinodeli.ee\/en\/product\/barrica-clonic\/","url":"https:\/\/vinodeli.ee\/en\/product\/barrica-clonic\/","name":"Cl\u00f2nic Barrica DO Montsant 2017 14.5% vol. - Vinodeli","isPartOf":{"@id":"https:\/\/vinodeli.ee\/#website"},"primaryImageOfPage":{"@id":"https:\/\/vinodeli.ee\/en\/product\/barrica-clonic\/#primaryimage"},"image":{"@id":"https:\/\/vinodeli.ee\/en\/product\/barrica-clonic\/#primaryimage"},"thumbnailUrl":"https:\/\/vinodeli.ee\/wp-content\/uploads\/2023\/11\/clonic_barrica-jpg-2.webp","datePublished":"2021-05-18T15:47:10+00:00","dateModified":"2023-12-20T12:06:42+00:00","breadcrumb":{"@id":"https:\/\/vinodeli.ee\/en\/product\/barrica-clonic\/#breadcrumb"},"inLanguage":"en-US","potentialAction":[{"@type":"ReadAction","target":["https:\/\/vinodeli.ee\/en\/product\/barrica-clonic\/"]}]},{"@type":"ImageObject","inLanguage":"en-US","@id":"https:\/\/vinodeli.ee\/en\/product\/barrica-clonic\/#primaryimage","url":"https:\/\/vinodeli.ee\/wp-content\/uploads\/2023\/11\/clonic_barrica-jpg-2.webp","contentUrl":"https:\/\/vinodeli.ee\/wp-content\/uploads\/2023\/11\/clonic_barrica-jpg-2.webp","width":2200,"height":2200},{"@type":"BreadcrumbList","@id":"https:\/\/vinodeli.ee\/en\/product\/barrica-clonic\/#breadcrumb","itemListElement":[{"@type":"ListItem","position":1,"name":"Home","item":"https:\/\/vinodeli.ee\/en\/"},{"@type":"ListItem","position":2,"name":"Shop","item":"https:\/\/vinodeli.ee\/pood\/"},{"@type":"ListItem","position":3,"name":"Cl\u00f2nic Barrica DO Montsant 2017 14.5% vol."}]},{"@type":"WebSite","@id":"https:\/\/vinodeli.ee\/#website","url":"https:\/\/vinodeli.ee\/","name":"Vinodeli","description":"","publisher":{"@id":"https:\/\/vinodeli.ee\/#organization"},"potentialAction":[{"@type":"SearchAction","target":{"@type":"EntryPoint","urlTemplate":"https:\/\/vinodeli.ee\/?s={search_term_string}"},"query-input":{"@type":"PropertyValueSpecification","valueRequired":true,"valueName":"search_term_string"}}],"inLanguage":"en-US"},{"@type":"Organization","@id":"https:\/\/vinodeli.ee\/#organization","name":"Vinodeli O\u00dc","url":"https:\/\/vinodeli.ee\/","logo":{"@type":"ImageObject","inLanguage":"en-US","@id":"https:\/\/vinodeli.ee\/#\/schema\/logo\/image\/","url":"https:\/\/vinodeli.ee\/wp-content\/uploads\/2024\/02\/logo-winodeli-1.png","contentUrl":"https:\/\/vinodeli.ee\/wp-content\/uploads\/2024\/02\/logo-winodeli-1.png","width":1500,"height":1150,"caption":"Vinodeli O\u00dc"},"image":{"@id":"https:\/\/vinodeli.ee\/#\/schema\/logo\/image\/"}}]}},"_links":{"self":[{"href":"https:\/\/vinodeli.ee\/en\/wp-json\/wp\/v2\/product\/48081","targetHints":{"allow":["GET"]}}],"collection":[{"href":"https:\/\/vinodeli.ee\/en\/wp-json\/wp\/v2\/product"}],"about":[{"href":"https:\/\/vinodeli.ee\/en\/wp-json\/wp\/v2\/types\/product"}],"version-history":[{"count":0,"href":"https:\/\/vinodeli.ee\/en\/wp-json\/wp\/v2\/product\/48081\/revisions"}],"wp:featuredmedia":[{"embeddable":true,"href":"https:\/\/vinodeli.ee\/en\/wp-json\/wp\/v2\/media\/46635"}],"wp:attachment":[{"href":"https:\/\/vinodeli.ee\/en\/wp-json\/wp\/v2\/media?parent=48081"}],"wp:term":[{"taxonomy":"product_brand","embeddable":true,"href":"https:\/\/vinodeli.ee\/en\/wp-json\/wp\/v2\/product_brand?post=48081"},{"taxonomy":"product_cat","embeddable":true,"href":"https:\/\/vinodeli.ee\/en\/wp-json\/wp\/v2\/product_cat?post=48081"},{"taxonomy":"product_tag","embeddable":true,"href":"https:\/\/vinodeli.ee\/en\/wp-json\/wp\/v2\/product_tag?post=48081"}],"curies":[{"name":"wp","href":"https:\/\/api.w.org\/{rel}","templated":true}]}}