{"id":48089,"date":"2021-05-18T18:40:40","date_gmt":"2021-05-18T15:40:40","guid":{"rendered":"https:\/\/vinodeli.ee\/product\/iturria-la-vina-de-segundo-eco\/"},"modified":"2023-12-20T14:06:49","modified_gmt":"2023-12-20T12:06:49","slug":"iturria-la-vina-de-segundo-eco","status":"publish","type":"product","link":"https:\/\/vinodeli.ee\/en\/product\/iturria-la-vina-de-segundo-eco\/","title":{"rendered":"Iturria La Vi\u00f1a de Segundo ECO 2019 14% vol."},"content":{"rendered":"<blockquote>\n<h5>Iturria wine was born, above all, to accompany feelings and emotions; For this reason, its main objective is to make its very high quality standards accessible to all areas of our society. Iturria seeks to contribute to a richer life, with the right to sublimate its important moments, from full confidence in the importance of the wine experience. Iturria therefore works every day so that its name alone is understood as a synonym of the highest quality: IS ITURRIA IS GOOD WINE.<\/h5>\n<\/blockquote>\n<h3>Winemaking<\/h3>\n<p>Organic viticulture. 35-year-old bush vines at an altitude of of 650 meters. Manual harvest in boxes of 15Kg. Maceration for 10 days. Fermentation at low temperatures (maximum 27\u00baC). Native yeasts. Malolactic fermentation in barrels. Aged for 2 months in two-use French oak barrels. An original Toro made in San Rom\u00e1n de la Hornija.<\/p>\n<h3>Tasting notes<\/h3>\n<p>Bright cherry red colour. On the nose it is fresh, with a predominance of aromas of red fruits and a touch of vanilla. Friendly palate with tannins full of subtlety.<em>Recommended serving temperature: 15\u00b0 \u2014 18\u00b0C<\/em><\/p>\n","protected":false},"excerpt":{"rendered":"<blockquote>\n<h4>Grape variety:100% Tinta de Toro<\/h4>\n<\/blockquote>\n<ul>\n<li>Gu\u00eda Pe\u00f1\u00edn (2019 vintage) &#8211; 89 points<\/li>\n<\/ul>\n","protected":false},"featured_media":46657,"template":"","meta":{"_acf_changed":false},"product_brand":[],"product_cat":[19462],"product_tag":[],"class_list":{"0":"post-48089","1":"product","2":"type-product","3":"status-publish","4":"has-post-thumbnail","6":"product_cat-red-wine","8":"first","9":"outofstock","10":"downloadable","11":"taxable","12":"shipping-taxable","13":"purchasable","14":"product-type-simple"},"acf":[],"yoast_head":"<!-- This site is optimized with the Yoast SEO plugin v25.7 - https:\/\/yoast.com\/wordpress\/plugins\/seo\/ -->\n<title>Iturria La Vi\u00f1a de Segundo ECO 2019 14% vol. - Vinodeli<\/title>\n<meta name=\"robots\" content=\"index, follow, max-snippet:-1, max-image-preview:large, max-video-preview:-1\" \/>\n<link rel=\"canonical\" href=\"https:\/\/vinodeli.ee\/en\/product\/iturria-la-vina-de-segundo-eco\/\" \/>\n<meta property=\"og:locale\" content=\"en_US\" \/>\n<meta property=\"og:type\" content=\"article\" \/>\n<meta property=\"og:title\" content=\"Iturria La Vi\u00f1a de Segundo ECO 2019 14% vol. - Vinodeli\" \/>\n<meta property=\"og:description\" content=\"Grape variety:100% Tinta de Toro Gu\u00eda Pe\u00f1\u00edn (2019 vintage) - 89 points\" \/>\n<meta property=\"og:url\" content=\"https:\/\/vinodeli.ee\/en\/product\/iturria-la-vina-de-segundo-eco\/\" \/>\n<meta property=\"og:site_name\" content=\"Vinodeli\" \/>\n<meta property=\"article:modified_time\" content=\"2023-12-20T12:06:49+00:00\" \/>\n<meta property=\"og:image\" content=\"https:\/\/vinodeli.ee\/wp-content\/uploads\/2023\/11\/vina_de_segundo-jpg-2.webp\" \/>\n\t<meta property=\"og:image:width\" content=\"1300\" \/>\n\t<meta property=\"og:image:height\" content=\"1300\" \/>\n\t<meta property=\"og:image:type\" content=\"image\/webp\" \/>\n<meta name=\"twitter:card\" content=\"summary_large_image\" \/>\n<meta name=\"twitter:label1\" content=\"Est. reading time\" \/>\n\t<meta name=\"twitter:data1\" content=\"1 minute\" \/>\n<script type=\"application\/ld+json\" class=\"yoast-schema-graph\">{\"@context\":\"https:\/\/schema.org\",\"@graph\":[{\"@type\":\"WebPage\",\"@id\":\"https:\/\/vinodeli.ee\/en\/product\/iturria-la-vina-de-segundo-eco\/\",\"url\":\"https:\/\/vinodeli.ee\/en\/product\/iturria-la-vina-de-segundo-eco\/\",\"name\":\"Iturria La Vi\u00f1a de Segundo ECO 2019 14% vol. - Vinodeli\",\"isPartOf\":{\"@id\":\"https:\/\/vinodeli.ee\/#website\"},\"primaryImageOfPage\":{\"@id\":\"https:\/\/vinodeli.ee\/en\/product\/iturria-la-vina-de-segundo-eco\/#primaryimage\"},\"image\":{\"@id\":\"https:\/\/vinodeli.ee\/en\/product\/iturria-la-vina-de-segundo-eco\/#primaryimage\"},\"thumbnailUrl\":\"https:\/\/vinodeli.ee\/wp-content\/uploads\/2023\/11\/vina_de_segundo-jpg-2.webp\",\"datePublished\":\"2021-05-18T15:40:40+00:00\",\"dateModified\":\"2023-12-20T12:06:49+00:00\",\"breadcrumb\":{\"@id\":\"https:\/\/vinodeli.ee\/en\/product\/iturria-la-vina-de-segundo-eco\/#breadcrumb\"},\"inLanguage\":\"en-US\",\"potentialAction\":[{\"@type\":\"ReadAction\",\"target\":[\"https:\/\/vinodeli.ee\/en\/product\/iturria-la-vina-de-segundo-eco\/\"]}]},{\"@type\":\"ImageObject\",\"inLanguage\":\"en-US\",\"@id\":\"https:\/\/vinodeli.ee\/en\/product\/iturria-la-vina-de-segundo-eco\/#primaryimage\",\"url\":\"https:\/\/vinodeli.ee\/wp-content\/uploads\/2023\/11\/vina_de_segundo-jpg-2.webp\",\"contentUrl\":\"https:\/\/vinodeli.ee\/wp-content\/uploads\/2023\/11\/vina_de_segundo-jpg-2.webp\",\"width\":1300,\"height\":1300},{\"@type\":\"BreadcrumbList\",\"@id\":\"https:\/\/vinodeli.ee\/en\/product\/iturria-la-vina-de-segundo-eco\/#breadcrumb\",\"itemListElement\":[{\"@type\":\"ListItem\",\"position\":1,\"name\":\"Home\",\"item\":\"https:\/\/vinodeli.ee\/en\/\"},{\"@type\":\"ListItem\",\"position\":2,\"name\":\"Shop\",\"item\":\"https:\/\/vinodeli.ee\/pood\/\"},{\"@type\":\"ListItem\",\"position\":3,\"name\":\"Iturria La Vi\u00f1a de Segundo ECO 2019 14% vol.\"}]},{\"@type\":\"WebSite\",\"@id\":\"https:\/\/vinodeli.ee\/#website\",\"url\":\"https:\/\/vinodeli.ee\/\",\"name\":\"Vinodeli\",\"description\":\"\",\"publisher\":{\"@id\":\"https:\/\/vinodeli.ee\/#organization\"},\"potentialAction\":[{\"@type\":\"SearchAction\",\"target\":{\"@type\":\"EntryPoint\",\"urlTemplate\":\"https:\/\/vinodeli.ee\/?s={search_term_string}\"},\"query-input\":{\"@type\":\"PropertyValueSpecification\",\"valueRequired\":true,\"valueName\":\"search_term_string\"}}],\"inLanguage\":\"en-US\"},{\"@type\":\"Organization\",\"@id\":\"https:\/\/vinodeli.ee\/#organization\",\"name\":\"Vinodeli O\u00dc\",\"url\":\"https:\/\/vinodeli.ee\/\",\"logo\":{\"@type\":\"ImageObject\",\"inLanguage\":\"en-US\",\"@id\":\"https:\/\/vinodeli.ee\/#\/schema\/logo\/image\/\",\"url\":\"https:\/\/vinodeli.ee\/wp-content\/uploads\/2024\/02\/logo-winodeli-1.png\",\"contentUrl\":\"https:\/\/vinodeli.ee\/wp-content\/uploads\/2024\/02\/logo-winodeli-1.png\",\"width\":1500,\"height\":1150,\"caption\":\"Vinodeli O\u00dc\"},\"image\":{\"@id\":\"https:\/\/vinodeli.ee\/#\/schema\/logo\/image\/\"}}]}<\/script>\n<!-- \/ Yoast SEO plugin. -->","yoast_head_json":{"title":"Iturria La Vi\u00f1a de Segundo ECO 2019 14% vol. - Vinodeli","robots":{"index":"index","follow":"follow","max-snippet":"max-snippet:-1","max-image-preview":"max-image-preview:large","max-video-preview":"max-video-preview:-1"},"canonical":"https:\/\/vinodeli.ee\/en\/product\/iturria-la-vina-de-segundo-eco\/","og_locale":"en_US","og_type":"article","og_title":"Iturria La Vi\u00f1a de Segundo ECO 2019 14% vol. - Vinodeli","og_description":"Grape variety:100% Tinta de Toro Gu\u00eda Pe\u00f1\u00edn (2019 vintage) - 89 points","og_url":"https:\/\/vinodeli.ee\/en\/product\/iturria-la-vina-de-segundo-eco\/","og_site_name":"Vinodeli","article_modified_time":"2023-12-20T12:06:49+00:00","og_image":[{"width":1300,"height":1300,"url":"https:\/\/vinodeli.ee\/wp-content\/uploads\/2023\/11\/vina_de_segundo-jpg-2.webp","type":"image\/webp"}],"twitter_card":"summary_large_image","twitter_misc":{"Est. reading time":"1 minute"},"schema":{"@context":"https:\/\/schema.org","@graph":[{"@type":"WebPage","@id":"https:\/\/vinodeli.ee\/en\/product\/iturria-la-vina-de-segundo-eco\/","url":"https:\/\/vinodeli.ee\/en\/product\/iturria-la-vina-de-segundo-eco\/","name":"Iturria La Vi\u00f1a de Segundo ECO 2019 14% vol. - Vinodeli","isPartOf":{"@id":"https:\/\/vinodeli.ee\/#website"},"primaryImageOfPage":{"@id":"https:\/\/vinodeli.ee\/en\/product\/iturria-la-vina-de-segundo-eco\/#primaryimage"},"image":{"@id":"https:\/\/vinodeli.ee\/en\/product\/iturria-la-vina-de-segundo-eco\/#primaryimage"},"thumbnailUrl":"https:\/\/vinodeli.ee\/wp-content\/uploads\/2023\/11\/vina_de_segundo-jpg-2.webp","datePublished":"2021-05-18T15:40:40+00:00","dateModified":"2023-12-20T12:06:49+00:00","breadcrumb":{"@id":"https:\/\/vinodeli.ee\/en\/product\/iturria-la-vina-de-segundo-eco\/#breadcrumb"},"inLanguage":"en-US","potentialAction":[{"@type":"ReadAction","target":["https:\/\/vinodeli.ee\/en\/product\/iturria-la-vina-de-segundo-eco\/"]}]},{"@type":"ImageObject","inLanguage":"en-US","@id":"https:\/\/vinodeli.ee\/en\/product\/iturria-la-vina-de-segundo-eco\/#primaryimage","url":"https:\/\/vinodeli.ee\/wp-content\/uploads\/2023\/11\/vina_de_segundo-jpg-2.webp","contentUrl":"https:\/\/vinodeli.ee\/wp-content\/uploads\/2023\/11\/vina_de_segundo-jpg-2.webp","width":1300,"height":1300},{"@type":"BreadcrumbList","@id":"https:\/\/vinodeli.ee\/en\/product\/iturria-la-vina-de-segundo-eco\/#breadcrumb","itemListElement":[{"@type":"ListItem","position":1,"name":"Home","item":"https:\/\/vinodeli.ee\/en\/"},{"@type":"ListItem","position":2,"name":"Shop","item":"https:\/\/vinodeli.ee\/pood\/"},{"@type":"ListItem","position":3,"name":"Iturria La Vi\u00f1a de Segundo ECO 2019 14% vol."}]},{"@type":"WebSite","@id":"https:\/\/vinodeli.ee\/#website","url":"https:\/\/vinodeli.ee\/","name":"Vinodeli","description":"","publisher":{"@id":"https:\/\/vinodeli.ee\/#organization"},"potentialAction":[{"@type":"SearchAction","target":{"@type":"EntryPoint","urlTemplate":"https:\/\/vinodeli.ee\/?s={search_term_string}"},"query-input":{"@type":"PropertyValueSpecification","valueRequired":true,"valueName":"search_term_string"}}],"inLanguage":"en-US"},{"@type":"Organization","@id":"https:\/\/vinodeli.ee\/#organization","name":"Vinodeli O\u00dc","url":"https:\/\/vinodeli.ee\/","logo":{"@type":"ImageObject","inLanguage":"en-US","@id":"https:\/\/vinodeli.ee\/#\/schema\/logo\/image\/","url":"https:\/\/vinodeli.ee\/wp-content\/uploads\/2024\/02\/logo-winodeli-1.png","contentUrl":"https:\/\/vinodeli.ee\/wp-content\/uploads\/2024\/02\/logo-winodeli-1.png","width":1500,"height":1150,"caption":"Vinodeli O\u00dc"},"image":{"@id":"https:\/\/vinodeli.ee\/#\/schema\/logo\/image\/"}}]}},"_links":{"self":[{"href":"https:\/\/vinodeli.ee\/en\/wp-json\/wp\/v2\/product\/48089","targetHints":{"allow":["GET"]}}],"collection":[{"href":"https:\/\/vinodeli.ee\/en\/wp-json\/wp\/v2\/product"}],"about":[{"href":"https:\/\/vinodeli.ee\/en\/wp-json\/wp\/v2\/types\/product"}],"version-history":[{"count":0,"href":"https:\/\/vinodeli.ee\/en\/wp-json\/wp\/v2\/product\/48089\/revisions"}],"wp:featuredmedia":[{"embeddable":true,"href":"https:\/\/vinodeli.ee\/en\/wp-json\/wp\/v2\/media\/46657"}],"wp:attachment":[{"href":"https:\/\/vinodeli.ee\/en\/wp-json\/wp\/v2\/media?parent=48089"}],"wp:term":[{"taxonomy":"product_brand","embeddable":true,"href":"https:\/\/vinodeli.ee\/en\/wp-json\/wp\/v2\/product_brand?post=48089"},{"taxonomy":"product_cat","embeddable":true,"href":"https:\/\/vinodeli.ee\/en\/wp-json\/wp\/v2\/product_cat?post=48089"},{"taxonomy":"product_tag","embeddable":true,"href":"https:\/\/vinodeli.ee\/en\/wp-json\/wp\/v2\/product_tag?post=48089"}],"curies":[{"name":"wp","href":"https:\/\/api.w.org\/{rel}","templated":true}]}}