{"id":48115,"date":"2021-05-18T14:34:29","date_gmt":"2021-05-18T11:34:29","guid":{"rendered":"https:\/\/vinodeli.ee\/product\/vicente-gandia-generacion-1-grandes-anadas\/"},"modified":"2023-12-20T14:07:07","modified_gmt":"2023-12-20T12:07:07","slug":"vicente-gandia-generacion-1-grandes-anadas","status":"publish","type":"product","link":"https:\/\/vinodeli.ee\/en\/product\/vicente-gandia-generacion-1-grandes-anadas\/","title":{"rendered":"Vicente Gand\u00eda Generaci\u00f3n 1 Grandes A\u00f1adas 2019 13.5% vol."},"content":{"rendered":"<blockquote>\n<h5>Vicente Gandia is a winery since 1885 and with a Mediterranean character. Due to the innovative character that has always characterized their winery and after many years of experience in the sector exporting wines, they wanted to go a step further and in 1971 they were the first Valencian winery to market bottled wine under their Castillo de Liria brand, which almost fifty years later still remains one of their most iconic brands. Today, they have a presence in 90 countries on 5 continents, they are the largest winery in the Valencian Community. In addition, in 2014 they were awarded as the best Spanish winery by the prestigious AWC Vienna international competition. That same year, the World Association of Wine and Spirits Writers and Journalists included them in its ranking of the 50 best wineries in the world. In 2018, the European Council of Enogastronomical Brotherhoods (CEUCO) awarded the \u201cAurum Europa Excellente\u201d award to Vicente Gand\u00eda as \u201cBest European Winery\u201d.<\/h5>\n<\/blockquote>\n<h3>Winemaking<\/h3>\n<p>Grapes from selected vineyards on the Hoya de Cadenas Estate, where Gand\u00eda Winery has over 200 hectares of the finest local and international varieties. All the vine stocks are supported on trellises and have a local irrigation system, entirely computerised, which is only used when rainfall is scarce. Pruning, pre-pruning and harvesting are all carried out using environmentally friendly techniques to prevent soil erosion and exhaustion. The Hoya de Cadenas Estate, situated 800 m ASL in the Utiel-Requena Appellation of Origin region, has lime-clay soil and a continental\/Mediterranean climate which are perfect for obtaining a wine with intense aromas and high concentration. The Bobal variety vine stocks are over 30 years old; the other varieties have an average age of 15 years.Macerated for 20 days in contact with the grape skins, the vinification of each variety carried out separately. Fermentation takes place at 27\u00baC. Aged for 12 months in casks with a combination of 1st year French Allier oak and 2nd year Missouri oak.<\/p>\n<h3>Tasting notes<\/h3>\n<p>A wine of intense, dark cherry colour. Very balanced bouquet, revealing aromas of wild red fruit, blackberry and forest, with very well balanced toasted oak undertones. Pleasant but intense assault with liquorice notes that linger in the aftertaste. Rounded and with no edges.<em>Recommended serving temperature: 17\u00b0 \u2014 18\u00b0C<\/em><\/p>\n<h3>Pairing recommendation<\/h3>\n<p>Elaborate cuisine, oily fish and meats such as duck breast, Iberian pork and game.<\/p>\n","protected":false},"excerpt":{"rendered":"<blockquote>\n<h4>Viinamarjasordid:Bobal, Syrah, Petit Verdot<\/h4>\n<\/blockquote>\n<ul>\n<li>Mundus Vini \u2014 Gold medal<\/li>\n<li>Gu\u00eda Repsol \u2014 91 points<\/li>\n<li>Gu\u00eda Pe\u00f1\u00edn \u2014 91 points<\/li>\n<li>ABC Viajar \u2014 91 points<\/li>\n<li>La Semana Vitivin\u00edcola \u2014 94 points<\/li>\n<\/ul>\n","protected":false},"featured_media":46725,"template":"","meta":{"_acf_changed":false},"product_brand":[],"product_cat":[19462],"product_tag":[],"class_list":{"0":"post-48115","1":"product","2":"type-product","3":"status-publish","4":"has-post-thumbnail","6":"product_cat-red-wine","8":"first","9":"instock","10":"downloadable","11":"taxable","12":"shipping-taxable","13":"purchasable","14":"product-type-simple"},"acf":[],"yoast_head":"<!-- This site is optimized with the Yoast SEO plugin v25.7 - https:\/\/yoast.com\/wordpress\/plugins\/seo\/ -->\n<title>Vicente Gand\u00eda Generaci\u00f3n 1 Grandes A\u00f1adas 2019 13.5% vol. - Vinodeli<\/title>\n<meta name=\"robots\" content=\"index, follow, max-snippet:-1, max-image-preview:large, max-video-preview:-1\" \/>\n<link rel=\"canonical\" href=\"https:\/\/vinodeli.ee\/en\/product\/vicente-gandia-generacion-1-grandes-anadas\/\" \/>\n<meta property=\"og:locale\" content=\"en_US\" \/>\n<meta property=\"og:type\" content=\"article\" \/>\n<meta property=\"og:title\" content=\"Vicente Gand\u00eda Generaci\u00f3n 1 Grandes A\u00f1adas 2019 13.5% vol. - Vinodeli\" \/>\n<meta property=\"og:description\" content=\"Viinamarjasordid:Bobal, Syrah, Petit Verdot Mundus Vini \u2014 Gold medal Gu\u00eda Repsol \u2014 91 points Gu\u00eda Pe\u00f1\u00edn \u2014 91 points ABC Viajar \u2014 91 points La Semana Vitivin\u00edcola \u2014 94 points\" \/>\n<meta property=\"og:url\" content=\"https:\/\/vinodeli.ee\/en\/product\/vicente-gandia-generacion-1-grandes-anadas\/\" \/>\n<meta property=\"og:site_name\" content=\"Vinodeli\" \/>\n<meta property=\"article:modified_time\" content=\"2023-12-20T12:07:07+00:00\" \/>\n<meta property=\"og:image\" content=\"https:\/\/vinodeli.ee\/wp-content\/uploads\/2023\/11\/vicente-gandia-generacion-1-jpg-2.webp\" \/>\n\t<meta property=\"og:image:width\" content=\"2300\" \/>\n\t<meta property=\"og:image:height\" content=\"2300\" \/>\n\t<meta property=\"og:image:type\" content=\"image\/webp\" \/>\n<meta name=\"twitter:card\" content=\"summary_large_image\" \/>\n<meta name=\"twitter:label1\" content=\"Est. reading time\" \/>\n\t<meta name=\"twitter:data1\" content=\"2 minutes\" \/>\n<script type=\"application\/ld+json\" class=\"yoast-schema-graph\">{\"@context\":\"https:\/\/schema.org\",\"@graph\":[{\"@type\":\"WebPage\",\"@id\":\"https:\/\/vinodeli.ee\/en\/product\/vicente-gandia-generacion-1-grandes-anadas\/\",\"url\":\"https:\/\/vinodeli.ee\/en\/product\/vicente-gandia-generacion-1-grandes-anadas\/\",\"name\":\"Vicente Gand\u00eda Generaci\u00f3n 1 Grandes A\u00f1adas 2019 13.5% vol. - Vinodeli\",\"isPartOf\":{\"@id\":\"https:\/\/vinodeli.ee\/#website\"},\"primaryImageOfPage\":{\"@id\":\"https:\/\/vinodeli.ee\/en\/product\/vicente-gandia-generacion-1-grandes-anadas\/#primaryimage\"},\"image\":{\"@id\":\"https:\/\/vinodeli.ee\/en\/product\/vicente-gandia-generacion-1-grandes-anadas\/#primaryimage\"},\"thumbnailUrl\":\"https:\/\/vinodeli.ee\/wp-content\/uploads\/2023\/11\/vicente-gandia-generacion-1-jpg-2.webp\",\"datePublished\":\"2021-05-18T11:34:29+00:00\",\"dateModified\":\"2023-12-20T12:07:07+00:00\",\"breadcrumb\":{\"@id\":\"https:\/\/vinodeli.ee\/en\/product\/vicente-gandia-generacion-1-grandes-anadas\/#breadcrumb\"},\"inLanguage\":\"en-US\",\"potentialAction\":[{\"@type\":\"ReadAction\",\"target\":[\"https:\/\/vinodeli.ee\/en\/product\/vicente-gandia-generacion-1-grandes-anadas\/\"]}]},{\"@type\":\"ImageObject\",\"inLanguage\":\"en-US\",\"@id\":\"https:\/\/vinodeli.ee\/en\/product\/vicente-gandia-generacion-1-grandes-anadas\/#primaryimage\",\"url\":\"https:\/\/vinodeli.ee\/wp-content\/uploads\/2023\/11\/vicente-gandia-generacion-1-jpg-2.webp\",\"contentUrl\":\"https:\/\/vinodeli.ee\/wp-content\/uploads\/2023\/11\/vicente-gandia-generacion-1-jpg-2.webp\",\"width\":2300,\"height\":2300},{\"@type\":\"BreadcrumbList\",\"@id\":\"https:\/\/vinodeli.ee\/en\/product\/vicente-gandia-generacion-1-grandes-anadas\/#breadcrumb\",\"itemListElement\":[{\"@type\":\"ListItem\",\"position\":1,\"name\":\"Home\",\"item\":\"https:\/\/vinodeli.ee\/en\/\"},{\"@type\":\"ListItem\",\"position\":2,\"name\":\"Shop\",\"item\":\"https:\/\/vinodeli.ee\/pood\/\"},{\"@type\":\"ListItem\",\"position\":3,\"name\":\"Vicente Gand\u00eda Generaci\u00f3n 1 Grandes A\u00f1adas 2019 13.5% vol.\"}]},{\"@type\":\"WebSite\",\"@id\":\"https:\/\/vinodeli.ee\/#website\",\"url\":\"https:\/\/vinodeli.ee\/\",\"name\":\"Vinodeli\",\"description\":\"\",\"publisher\":{\"@id\":\"https:\/\/vinodeli.ee\/#organization\"},\"potentialAction\":[{\"@type\":\"SearchAction\",\"target\":{\"@type\":\"EntryPoint\",\"urlTemplate\":\"https:\/\/vinodeli.ee\/?s={search_term_string}\"},\"query-input\":{\"@type\":\"PropertyValueSpecification\",\"valueRequired\":true,\"valueName\":\"search_term_string\"}}],\"inLanguage\":\"en-US\"},{\"@type\":\"Organization\",\"@id\":\"https:\/\/vinodeli.ee\/#organization\",\"name\":\"Vinodeli O\u00dc\",\"url\":\"https:\/\/vinodeli.ee\/\",\"logo\":{\"@type\":\"ImageObject\",\"inLanguage\":\"en-US\",\"@id\":\"https:\/\/vinodeli.ee\/#\/schema\/logo\/image\/\",\"url\":\"https:\/\/vinodeli.ee\/wp-content\/uploads\/2024\/02\/logo-winodeli-1.png\",\"contentUrl\":\"https:\/\/vinodeli.ee\/wp-content\/uploads\/2024\/02\/logo-winodeli-1.png\",\"width\":1500,\"height\":1150,\"caption\":\"Vinodeli O\u00dc\"},\"image\":{\"@id\":\"https:\/\/vinodeli.ee\/#\/schema\/logo\/image\/\"}}]}<\/script>\n<!-- \/ Yoast SEO plugin. -->","yoast_head_json":{"title":"Vicente Gand\u00eda Generaci\u00f3n 1 Grandes A\u00f1adas 2019 13.5% vol. - Vinodeli","robots":{"index":"index","follow":"follow","max-snippet":"max-snippet:-1","max-image-preview":"max-image-preview:large","max-video-preview":"max-video-preview:-1"},"canonical":"https:\/\/vinodeli.ee\/en\/product\/vicente-gandia-generacion-1-grandes-anadas\/","og_locale":"en_US","og_type":"article","og_title":"Vicente Gand\u00eda Generaci\u00f3n 1 Grandes A\u00f1adas 2019 13.5% vol. - Vinodeli","og_description":"Viinamarjasordid:Bobal, Syrah, Petit Verdot Mundus Vini \u2014 Gold medal Gu\u00eda Repsol \u2014 91 points Gu\u00eda Pe\u00f1\u00edn \u2014 91 points ABC Viajar \u2014 91 points La Semana Vitivin\u00edcola \u2014 94 points","og_url":"https:\/\/vinodeli.ee\/en\/product\/vicente-gandia-generacion-1-grandes-anadas\/","og_site_name":"Vinodeli","article_modified_time":"2023-12-20T12:07:07+00:00","og_image":[{"width":2300,"height":2300,"url":"https:\/\/vinodeli.ee\/wp-content\/uploads\/2023\/11\/vicente-gandia-generacion-1-jpg-2.webp","type":"image\/webp"}],"twitter_card":"summary_large_image","twitter_misc":{"Est. reading time":"2 minutes"},"schema":{"@context":"https:\/\/schema.org","@graph":[{"@type":"WebPage","@id":"https:\/\/vinodeli.ee\/en\/product\/vicente-gandia-generacion-1-grandes-anadas\/","url":"https:\/\/vinodeli.ee\/en\/product\/vicente-gandia-generacion-1-grandes-anadas\/","name":"Vicente Gand\u00eda Generaci\u00f3n 1 Grandes A\u00f1adas 2019 13.5% vol. - Vinodeli","isPartOf":{"@id":"https:\/\/vinodeli.ee\/#website"},"primaryImageOfPage":{"@id":"https:\/\/vinodeli.ee\/en\/product\/vicente-gandia-generacion-1-grandes-anadas\/#primaryimage"},"image":{"@id":"https:\/\/vinodeli.ee\/en\/product\/vicente-gandia-generacion-1-grandes-anadas\/#primaryimage"},"thumbnailUrl":"https:\/\/vinodeli.ee\/wp-content\/uploads\/2023\/11\/vicente-gandia-generacion-1-jpg-2.webp","datePublished":"2021-05-18T11:34:29+00:00","dateModified":"2023-12-20T12:07:07+00:00","breadcrumb":{"@id":"https:\/\/vinodeli.ee\/en\/product\/vicente-gandia-generacion-1-grandes-anadas\/#breadcrumb"},"inLanguage":"en-US","potentialAction":[{"@type":"ReadAction","target":["https:\/\/vinodeli.ee\/en\/product\/vicente-gandia-generacion-1-grandes-anadas\/"]}]},{"@type":"ImageObject","inLanguage":"en-US","@id":"https:\/\/vinodeli.ee\/en\/product\/vicente-gandia-generacion-1-grandes-anadas\/#primaryimage","url":"https:\/\/vinodeli.ee\/wp-content\/uploads\/2023\/11\/vicente-gandia-generacion-1-jpg-2.webp","contentUrl":"https:\/\/vinodeli.ee\/wp-content\/uploads\/2023\/11\/vicente-gandia-generacion-1-jpg-2.webp","width":2300,"height":2300},{"@type":"BreadcrumbList","@id":"https:\/\/vinodeli.ee\/en\/product\/vicente-gandia-generacion-1-grandes-anadas\/#breadcrumb","itemListElement":[{"@type":"ListItem","position":1,"name":"Home","item":"https:\/\/vinodeli.ee\/en\/"},{"@type":"ListItem","position":2,"name":"Shop","item":"https:\/\/vinodeli.ee\/pood\/"},{"@type":"ListItem","position":3,"name":"Vicente Gand\u00eda Generaci\u00f3n 1 Grandes A\u00f1adas 2019 13.5% vol."}]},{"@type":"WebSite","@id":"https:\/\/vinodeli.ee\/#website","url":"https:\/\/vinodeli.ee\/","name":"Vinodeli","description":"","publisher":{"@id":"https:\/\/vinodeli.ee\/#organization"},"potentialAction":[{"@type":"SearchAction","target":{"@type":"EntryPoint","urlTemplate":"https:\/\/vinodeli.ee\/?s={search_term_string}"},"query-input":{"@type":"PropertyValueSpecification","valueRequired":true,"valueName":"search_term_string"}}],"inLanguage":"en-US"},{"@type":"Organization","@id":"https:\/\/vinodeli.ee\/#organization","name":"Vinodeli O\u00dc","url":"https:\/\/vinodeli.ee\/","logo":{"@type":"ImageObject","inLanguage":"en-US","@id":"https:\/\/vinodeli.ee\/#\/schema\/logo\/image\/","url":"https:\/\/vinodeli.ee\/wp-content\/uploads\/2024\/02\/logo-winodeli-1.png","contentUrl":"https:\/\/vinodeli.ee\/wp-content\/uploads\/2024\/02\/logo-winodeli-1.png","width":1500,"height":1150,"caption":"Vinodeli O\u00dc"},"image":{"@id":"https:\/\/vinodeli.ee\/#\/schema\/logo\/image\/"}}]}},"_links":{"self":[{"href":"https:\/\/vinodeli.ee\/en\/wp-json\/wp\/v2\/product\/48115","targetHints":{"allow":["GET"]}}],"collection":[{"href":"https:\/\/vinodeli.ee\/en\/wp-json\/wp\/v2\/product"}],"about":[{"href":"https:\/\/vinodeli.ee\/en\/wp-json\/wp\/v2\/types\/product"}],"version-history":[{"count":0,"href":"https:\/\/vinodeli.ee\/en\/wp-json\/wp\/v2\/product\/48115\/revisions"}],"wp:featuredmedia":[{"embeddable":true,"href":"https:\/\/vinodeli.ee\/en\/wp-json\/wp\/v2\/media\/46725"}],"wp:attachment":[{"href":"https:\/\/vinodeli.ee\/en\/wp-json\/wp\/v2\/media?parent=48115"}],"wp:term":[{"taxonomy":"product_brand","embeddable":true,"href":"https:\/\/vinodeli.ee\/en\/wp-json\/wp\/v2\/product_brand?post=48115"},{"taxonomy":"product_cat","embeddable":true,"href":"https:\/\/vinodeli.ee\/en\/wp-json\/wp\/v2\/product_cat?post=48115"},{"taxonomy":"product_tag","embeddable":true,"href":"https:\/\/vinodeli.ee\/en\/wp-json\/wp\/v2\/product_tag?post=48115"}],"curies":[{"name":"wp","href":"https:\/\/api.w.org\/{rel}","templated":true}]}}