{"id":48116,"date":"2021-05-18T14:33:52","date_gmt":"2021-05-18T11:33:52","guid":{"rendered":"https:\/\/vinodeli.ee\/product\/vicente-gandia-dolmo-roble\/"},"modified":"2025-08-29T12:14:33","modified_gmt":"2025-08-29T09:14:33","slug":"dolmo-roble","status":"publish","type":"product","link":"https:\/\/vinodeli.ee\/en\/product\/dolmo-roble\/","title":{"rendered":"Vicente Gand\u00eda Dolmo Roble Tempranillo 2023 13.5% vol. 0.75l"},"content":{"rendered":"<blockquote>\n<h5>Vicente Gandia is a winery since 1885 and with a Mediterranean character. Due to the innovative character that has always characterized their winery and after many years of experience in the sector exporting wines, they wanted to go a step further and in 1971 they were the first Valencian winery to market bottled wine under their Castillo de Liria brand, which almost fifty years later still remains one of their most iconic brands. Today, they have a presence in 90 countries on 5 continents, they are the largest winery in the Valencian Community. In addition, in 2014 they were awarded as the best Spanish winery by the prestigious AWC Vienna international competition. That same year, the World Association of Wine and Spirits Writers and Journalists included them in its ranking of the 50 best wineries in the world. In 2018, the European Council of Enogastronomical Brotherhoods (CEUCO) awarded the \u201cAurum Europa Excellente\u201d award to Vicente Gand\u00eda as \u201cBest European Winery\u201d.<\/h5>\n<\/blockquote>\n<h3>Winemaking<\/h3>\n<p>Selection of Tempranillo variety grapes from vines older than 25 years. Fermentation at 22\u00baC for a period of 20 days and subsequent stay in new oak Bordeaux barrels for four months.<\/p>\n<h3>Tasting notes<\/h3>\n<p>This wine has a deep color with red and purple tones. The aromas have a perfect combination of red fruits, which shows perfect ripening at the time of harvest. Maturation gives the wine vanilla and roasted nuances, which perfectly balance the weight of the fruit.<em>Serving temperature: 16\u00b0C<\/em><\/p>\n<h3>Pairing recommendation<\/h3>\n<p>Pairs perfectly with grilled fish, red meats and semi-cured cheeses.<\/p>\n","protected":false},"excerpt":{"rendered":"<blockquote>\n<h4>Grape variety:100% Tempranillo<\/h4>\n<\/blockquote>\n<ul>\n<li>AWC Vienna (2014) \u2014 Gold medal<\/li>\n<li>Concours Mondial de Bruxelles (2014) \u2014 Gold medal<\/li>\n<li>WSWA Wine &amp; Spirits Wholesalers of America (2017) \u2014 Silver medal<\/li>\n<li>Mundus Vini (2013) \u2014 Silver medal<\/li>\n<li>Wine Enthusiast \u2014 Best Buy<\/li>\n<li>Gu\u00eda Pe\u00f1\u00edn (2019 vintage) \u2013 89 points<\/li>\n<\/ul>\n","protected":false},"featured_media":46728,"template":"","meta":{"_acf_changed":false},"product_brand":[],"product_cat":[19462],"product_tag":[],"class_list":{"0":"post-48116","1":"product","2":"type-product","3":"status-publish","4":"has-post-thumbnail","6":"product_cat-red-wine","8":"first","9":"instock","10":"sale","11":"taxable","12":"shipping-taxable","13":"purchasable","14":"product-type-simple"},"acf":[],"yoast_head":"<!-- This site is optimized with the Yoast SEO plugin v25.7 - https:\/\/yoast.com\/wordpress\/plugins\/seo\/ -->\n<title>Vicente Gand\u00eda Dolmo Roble Tempranillo 2023 13.5% vol. 0.75l - Vinodeli<\/title>\n<meta name=\"robots\" content=\"index, follow, max-snippet:-1, max-image-preview:large, max-video-preview:-1\" \/>\n<link rel=\"canonical\" href=\"https:\/\/vinodeli.ee\/en\/product\/dolmo-roble\/\" \/>\n<meta property=\"og:locale\" content=\"en_US\" \/>\n<meta property=\"og:type\" content=\"article\" \/>\n<meta property=\"og:title\" content=\"Vicente Gand\u00eda Dolmo Roble Tempranillo 2023 13.5% vol. 0.75l - Vinodeli\" \/>\n<meta property=\"og:description\" content=\"Grape variety:100% Tempranillo    AWC Vienna (2014) \u2014 Gold medal  Concours Mondial de Bruxelles (2014) \u2014 Gold medal  WSWA Wine &amp; Spirits Wholesalers of America (2017) \u2014 Silver medal  Mundus Vini (2013) \u2014 Silver medal  Wine Enthusiast \u2014 Best Buy  Gu\u00eda Pe\u00f1\u00edn (2019 vintage) \u2013 89 points\" \/>\n<meta property=\"og:url\" content=\"https:\/\/vinodeli.ee\/en\/product\/dolmo-roble\/\" \/>\n<meta property=\"og:site_name\" content=\"Vinodeli\" \/>\n<meta property=\"article:modified_time\" content=\"2025-08-29T09:14:33+00:00\" \/>\n<meta property=\"og:image\" content=\"https:\/\/vinodeli.ee\/wp-content\/uploads\/2023\/11\/vicente-gandia-dolmo-roble-tempranillo-scaled-1-jpg-2.webp\" \/>\n\t<meta property=\"og:image:width\" content=\"2560\" \/>\n\t<meta property=\"og:image:height\" content=\"2560\" \/>\n\t<meta property=\"og:image:type\" content=\"image\/webp\" \/>\n<meta name=\"twitter:card\" content=\"summary_large_image\" \/>\n<meta name=\"twitter:label1\" content=\"Est. reading time\" \/>\n\t<meta name=\"twitter:data1\" content=\"1 minute\" \/>\n<script type=\"application\/ld+json\" class=\"yoast-schema-graph\">{\"@context\":\"https:\/\/schema.org\",\"@graph\":[{\"@type\":\"WebPage\",\"@id\":\"https:\/\/vinodeli.ee\/en\/product\/dolmo-roble\/\",\"url\":\"https:\/\/vinodeli.ee\/en\/product\/dolmo-roble\/\",\"name\":\"Vicente Gand\u00eda Dolmo Roble Tempranillo 2023 13.5% vol. 0.75l - Vinodeli\",\"isPartOf\":{\"@id\":\"https:\/\/vinodeli.ee\/#website\"},\"primaryImageOfPage\":{\"@id\":\"https:\/\/vinodeli.ee\/en\/product\/dolmo-roble\/#primaryimage\"},\"image\":{\"@id\":\"https:\/\/vinodeli.ee\/en\/product\/dolmo-roble\/#primaryimage\"},\"thumbnailUrl\":\"https:\/\/vinodeli.ee\/wp-content\/uploads\/2023\/11\/vicente-gandia-dolmo-roble-tempranillo-scaled-1-jpg-2.webp\",\"datePublished\":\"2021-05-18T11:33:52+00:00\",\"dateModified\":\"2025-08-29T09:14:33+00:00\",\"breadcrumb\":{\"@id\":\"https:\/\/vinodeli.ee\/en\/product\/dolmo-roble\/#breadcrumb\"},\"inLanguage\":\"en-US\",\"potentialAction\":[{\"@type\":\"ReadAction\",\"target\":[\"https:\/\/vinodeli.ee\/en\/product\/dolmo-roble\/\"]}]},{\"@type\":\"ImageObject\",\"inLanguage\":\"en-US\",\"@id\":\"https:\/\/vinodeli.ee\/en\/product\/dolmo-roble\/#primaryimage\",\"url\":\"https:\/\/vinodeli.ee\/wp-content\/uploads\/2023\/11\/vicente-gandia-dolmo-roble-tempranillo-scaled-1-jpg-2.webp\",\"contentUrl\":\"https:\/\/vinodeli.ee\/wp-content\/uploads\/2023\/11\/vicente-gandia-dolmo-roble-tempranillo-scaled-1-jpg-2.webp\",\"width\":2560,\"height\":2560},{\"@type\":\"BreadcrumbList\",\"@id\":\"https:\/\/vinodeli.ee\/en\/product\/dolmo-roble\/#breadcrumb\",\"itemListElement\":[{\"@type\":\"ListItem\",\"position\":1,\"name\":\"Home\",\"item\":\"https:\/\/vinodeli.ee\/en\/\"},{\"@type\":\"ListItem\",\"position\":2,\"name\":\"Shop\",\"item\":\"https:\/\/vinodeli.ee\/pood\/\"},{\"@type\":\"ListItem\",\"position\":3,\"name\":\"Vicente Gand\u00eda Dolmo Roble Tempranillo 2023 13.5% vol. 0.75l\"}]},{\"@type\":\"WebSite\",\"@id\":\"https:\/\/vinodeli.ee\/#website\",\"url\":\"https:\/\/vinodeli.ee\/\",\"name\":\"Vinodeli\",\"description\":\"\",\"publisher\":{\"@id\":\"https:\/\/vinodeli.ee\/#organization\"},\"potentialAction\":[{\"@type\":\"SearchAction\",\"target\":{\"@type\":\"EntryPoint\",\"urlTemplate\":\"https:\/\/vinodeli.ee\/?s={search_term_string}\"},\"query-input\":{\"@type\":\"PropertyValueSpecification\",\"valueRequired\":true,\"valueName\":\"search_term_string\"}}],\"inLanguage\":\"en-US\"},{\"@type\":\"Organization\",\"@id\":\"https:\/\/vinodeli.ee\/#organization\",\"name\":\"Vinodeli O\u00dc\",\"url\":\"https:\/\/vinodeli.ee\/\",\"logo\":{\"@type\":\"ImageObject\",\"inLanguage\":\"en-US\",\"@id\":\"https:\/\/vinodeli.ee\/#\/schema\/logo\/image\/\",\"url\":\"https:\/\/vinodeli.ee\/wp-content\/uploads\/2024\/02\/logo-winodeli-1.png\",\"contentUrl\":\"https:\/\/vinodeli.ee\/wp-content\/uploads\/2024\/02\/logo-winodeli-1.png\",\"width\":1500,\"height\":1150,\"caption\":\"Vinodeli O\u00dc\"},\"image\":{\"@id\":\"https:\/\/vinodeli.ee\/#\/schema\/logo\/image\/\"}}]}<\/script>\n<!-- \/ Yoast SEO plugin. -->","yoast_head_json":{"title":"Vicente Gand\u00eda Dolmo Roble Tempranillo 2023 13.5% vol. 0.75l - Vinodeli","robots":{"index":"index","follow":"follow","max-snippet":"max-snippet:-1","max-image-preview":"max-image-preview:large","max-video-preview":"max-video-preview:-1"},"canonical":"https:\/\/vinodeli.ee\/en\/product\/dolmo-roble\/","og_locale":"en_US","og_type":"article","og_title":"Vicente Gand\u00eda Dolmo Roble Tempranillo 2023 13.5% vol. 0.75l - Vinodeli","og_description":"Grape variety:100% Tempranillo    AWC Vienna (2014) \u2014 Gold medal  Concours Mondial de Bruxelles (2014) \u2014 Gold medal  WSWA Wine &amp; Spirits Wholesalers of America (2017) \u2014 Silver medal  Mundus Vini (2013) \u2014 Silver medal  Wine Enthusiast \u2014 Best Buy  Gu\u00eda Pe\u00f1\u00edn (2019 vintage) \u2013 89 points","og_url":"https:\/\/vinodeli.ee\/en\/product\/dolmo-roble\/","og_site_name":"Vinodeli","article_modified_time":"2025-08-29T09:14:33+00:00","og_image":[{"width":2560,"height":2560,"url":"https:\/\/vinodeli.ee\/wp-content\/uploads\/2023\/11\/vicente-gandia-dolmo-roble-tempranillo-scaled-1-jpg-2.webp","type":"image\/webp"}],"twitter_card":"summary_large_image","twitter_misc":{"Est. reading time":"1 minute"},"schema":{"@context":"https:\/\/schema.org","@graph":[{"@type":"WebPage","@id":"https:\/\/vinodeli.ee\/en\/product\/dolmo-roble\/","url":"https:\/\/vinodeli.ee\/en\/product\/dolmo-roble\/","name":"Vicente Gand\u00eda Dolmo Roble Tempranillo 2023 13.5% vol. 0.75l - Vinodeli","isPartOf":{"@id":"https:\/\/vinodeli.ee\/#website"},"primaryImageOfPage":{"@id":"https:\/\/vinodeli.ee\/en\/product\/dolmo-roble\/#primaryimage"},"image":{"@id":"https:\/\/vinodeli.ee\/en\/product\/dolmo-roble\/#primaryimage"},"thumbnailUrl":"https:\/\/vinodeli.ee\/wp-content\/uploads\/2023\/11\/vicente-gandia-dolmo-roble-tempranillo-scaled-1-jpg-2.webp","datePublished":"2021-05-18T11:33:52+00:00","dateModified":"2025-08-29T09:14:33+00:00","breadcrumb":{"@id":"https:\/\/vinodeli.ee\/en\/product\/dolmo-roble\/#breadcrumb"},"inLanguage":"en-US","potentialAction":[{"@type":"ReadAction","target":["https:\/\/vinodeli.ee\/en\/product\/dolmo-roble\/"]}]},{"@type":"ImageObject","inLanguage":"en-US","@id":"https:\/\/vinodeli.ee\/en\/product\/dolmo-roble\/#primaryimage","url":"https:\/\/vinodeli.ee\/wp-content\/uploads\/2023\/11\/vicente-gandia-dolmo-roble-tempranillo-scaled-1-jpg-2.webp","contentUrl":"https:\/\/vinodeli.ee\/wp-content\/uploads\/2023\/11\/vicente-gandia-dolmo-roble-tempranillo-scaled-1-jpg-2.webp","width":2560,"height":2560},{"@type":"BreadcrumbList","@id":"https:\/\/vinodeli.ee\/en\/product\/dolmo-roble\/#breadcrumb","itemListElement":[{"@type":"ListItem","position":1,"name":"Home","item":"https:\/\/vinodeli.ee\/en\/"},{"@type":"ListItem","position":2,"name":"Shop","item":"https:\/\/vinodeli.ee\/pood\/"},{"@type":"ListItem","position":3,"name":"Vicente Gand\u00eda Dolmo Roble Tempranillo 2023 13.5% vol. 0.75l"}]},{"@type":"WebSite","@id":"https:\/\/vinodeli.ee\/#website","url":"https:\/\/vinodeli.ee\/","name":"Vinodeli","description":"","publisher":{"@id":"https:\/\/vinodeli.ee\/#organization"},"potentialAction":[{"@type":"SearchAction","target":{"@type":"EntryPoint","urlTemplate":"https:\/\/vinodeli.ee\/?s={search_term_string}"},"query-input":{"@type":"PropertyValueSpecification","valueRequired":true,"valueName":"search_term_string"}}],"inLanguage":"en-US"},{"@type":"Organization","@id":"https:\/\/vinodeli.ee\/#organization","name":"Vinodeli O\u00dc","url":"https:\/\/vinodeli.ee\/","logo":{"@type":"ImageObject","inLanguage":"en-US","@id":"https:\/\/vinodeli.ee\/#\/schema\/logo\/image\/","url":"https:\/\/vinodeli.ee\/wp-content\/uploads\/2024\/02\/logo-winodeli-1.png","contentUrl":"https:\/\/vinodeli.ee\/wp-content\/uploads\/2024\/02\/logo-winodeli-1.png","width":1500,"height":1150,"caption":"Vinodeli O\u00dc"},"image":{"@id":"https:\/\/vinodeli.ee\/#\/schema\/logo\/image\/"}}]}},"_links":{"self":[{"href":"https:\/\/vinodeli.ee\/en\/wp-json\/wp\/v2\/product\/48116","targetHints":{"allow":["GET"]}}],"collection":[{"href":"https:\/\/vinodeli.ee\/en\/wp-json\/wp\/v2\/product"}],"about":[{"href":"https:\/\/vinodeli.ee\/en\/wp-json\/wp\/v2\/types\/product"}],"version-history":[{"count":0,"href":"https:\/\/vinodeli.ee\/en\/wp-json\/wp\/v2\/product\/48116\/revisions"}],"wp:featuredmedia":[{"embeddable":true,"href":"https:\/\/vinodeli.ee\/en\/wp-json\/wp\/v2\/media\/46728"}],"wp:attachment":[{"href":"https:\/\/vinodeli.ee\/en\/wp-json\/wp\/v2\/media?parent=48116"}],"wp:term":[{"taxonomy":"product_brand","embeddable":true,"href":"https:\/\/vinodeli.ee\/en\/wp-json\/wp\/v2\/product_brand?post=48116"},{"taxonomy":"product_cat","embeddable":true,"href":"https:\/\/vinodeli.ee\/en\/wp-json\/wp\/v2\/product_cat?post=48116"},{"taxonomy":"product_tag","embeddable":true,"href":"https:\/\/vinodeli.ee\/en\/wp-json\/wp\/v2\/product_tag?post=48116"}],"curies":[{"name":"wp","href":"https:\/\/api.w.org\/{rel}","templated":true}]}}