{"id":48117,"date":"2021-05-18T14:32:42","date_gmt":"2021-05-18T11:32:42","guid":{"rendered":"https:\/\/vinodeli.ee\/product\/vicente-gandia-bo-bobal-unico\/"},"modified":"2024-04-09T11:09:48","modified_gmt":"2024-04-09T08:09:48","slug":"vicente-gandia-bo-bobal-unico","status":"publish","type":"product","link":"https:\/\/vinodeli.ee\/en\/product\/vicente-gandia-bo-bobal-unico\/","title":{"rendered":"Vicente Gand\u00eda BO Bobal \u00danico 2020 13% vol."},"content":{"rendered":"<div class=\"elementor-element elementor-element-2789edfd elementor-widget elementor-widget-text-editor\" data-id=\"2789edfd\" data-element_type=\"widget\" data-widget_type=\"text-editor.default\">\n<div class=\"elementor-widget-container\">\n<h3>About wine<\/h3>\n<p>For many years, Vicente Gand\u00eda Winery has been experimenting with the Bobal variety to come up with modern wines of a high quality. At the outset the results were not particularly encouraging, and they had to reject entire runs that did not come up to standard. But then they learned that, by pruning young to reduce the grape yield per vine, picking from old vines and selecting the best grapes, excellent results began to come about. The secret lay in selecting only the best. Vinification of the Bobal variety takes place in stainless steel tanks, maintained at 26\u00baC and macerated for 15 days with the skins.<\/p>\n<h3>Tasting notes<\/h3>\n<\/div>\n<\/div>\n<div class=\"elementor-element elementor-element-30c5096c elementor-widget elementor-widget-text-editor\" data-id=\"30c5096c\" data-element_type=\"widget\" data-widget_type=\"text-editor.default\">\n<div class=\"elementor-widget-container\">\n<p>This is a modern, elegant wine, with intense color and fruit and rich cherry tones from its high acidity. In the nose it presents a range of wild fruit and toasted oak aroma. In the mouth the tannins are meaty and flavorsome, with a perfect blend between hints of fresh fruit and toasting notes, with a smooth, balanced, characterful finish. Serve at 15-16 \u00baC.<\/p>\n<\/div>\n<\/div>\n","protected":false},"excerpt":{"rendered":"<blockquote>\n<h5>P\u00e4ritolunimetus: Utiel &#8211; Requena, HispaaniaViinamarjasort: Bobal<\/h5>\n<\/blockquote>\n<h5><em>Kaasaegne ja elegantne vein, mille k\u00f5rge happesus on intensiivse v\u00e4rvi ja puuvilja ning rikkalike kirsikate toonidega. Ninas n\u00e4itab see mitmesuguseid looduslikke puuvilju ja r\u00f6stitud tamme aroomi. Suus on tanniinid &#8220;lihamaitselised&#8221; ja maitsvad, t\u00e4iusliku segu v\u00e4rskete puuviljade ja r\u00f6stimisnootide vahel ning sujuva, tasakaalustatud ja iseloomuliku j\u00e4relmaitsega.\u00a0<\/em><\/h5>\n<h5><em>Bobali sordist veini valmistamine toimub roostevabast terasest mahutites temperatuuril 26 \u00baC, 15 p\u00e4eva jooksul. Seej\u00e4rel laagerdatakse vein 9 kuud Prantsuse Allier keskmise r\u00f6stiga tammevaatides.<\/em><\/h5>\n<h5><em>Serveerimistemperatuur: 15\/16 \u00baC.<\/em><\/h5>\n<h5><em>Toidusoovitus: grillitud liha, punane liha, poolk\u00fcpsed juustud.\u00a0<\/em><\/h5>\n<h5><em>Medalid \/ auhinnad<\/em><em>Parim ost<\/em><em>Veinihuviline (USA)<\/em><em>Parim ost<\/em><\/h5>\n<h5><em>Kuldmedal<\/em><em>Pardubice veinikonkurss (T\u0161ehhi Vabariik)<\/em><em>Aasia veinitrofee (L\u00f5una-Korea)<\/em><em>Berliner Wein Trophy (Saksamaa)<\/em><\/h5>\n<h5><em>Punktid<\/em><em>La Semana Vitivin\u00edcola (Hispaania)<\/em><em>93 punkti<\/em><\/h5>\n<h5><em>Ajakiri Marco Real (Hispaania)<\/em><em>93 punkti<\/em><\/h5>\n<h5><\/h5>\n","protected":false},"featured_media":46731,"template":"","meta":{"_acf_changed":false},"product_brand":[],"product_cat":[19462],"product_tag":[],"class_list":{"0":"post-48117","1":"product","2":"type-product","3":"status-publish","4":"has-post-thumbnail","6":"product_cat-red-wine","8":"first","9":"instock","10":"taxable","11":"shipping-taxable","12":"purchasable","13":"product-type-simple"},"acf":[],"yoast_head":"<!-- This site is optimized with the Yoast SEO plugin v25.7 - https:\/\/yoast.com\/wordpress\/plugins\/seo\/ -->\n<title>Vicente Gand\u00eda BO Bobal \u00danico 2020 13% vol. - Vinodeli<\/title>\n<meta name=\"robots\" content=\"index, follow, max-snippet:-1, max-image-preview:large, max-video-preview:-1\" \/>\n<link rel=\"canonical\" href=\"https:\/\/vinodeli.ee\/en\/product\/vicente-gandia-bo-bobal-unico\/\" \/>\n<meta property=\"og:locale\" content=\"en_US\" \/>\n<meta property=\"og:type\" content=\"article\" \/>\n<meta property=\"og:title\" content=\"Vicente Gand\u00eda BO Bobal \u00danico 2020 13% vol. - Vinodeli\" \/>\n<meta property=\"og:description\" content=\"P\u00e4ritolunimetus: Utiel - Requena, HispaaniaViinamarjasort: BobalKaasaegne ja elegantne vein, mille k\u00f5rge happesus on intensiivse v\u00e4rvi ja puuvilja ning rikkalike kirsikate toonidega. Ninas n\u00e4itab see mitmesuguseid looduslikke puuvilju ja r\u00f6stitud tamme aroomi. Suus on tanniinid &quot;lihamaitselised&quot; ja maitsvad, t\u00e4iusliku segu v\u00e4rskete puuviljade ja r\u00f6stimisnootide vahel ning sujuva, tasakaalustatud ja iseloomuliku j\u00e4relmaitsega.\u00a0Bobali sordist veini valmistamine toimub roostevabast terasest mahutites temperatuuril 26 \u00baC, 15 p\u00e4eva jooksul. Seej\u00e4rel laagerdatakse vein 9 kuud Prantsuse Allier keskmise r\u00f6stiga tammevaatides.Serveerimistemperatuur: 15\/16 \u00baC.Toidusoovitus: grillitud liha, punane liha, poolk\u00fcpsed juustud.\u00a0Medalid \/ auhinnadParim ostVeinihuviline (USA)Parim ostKuldmedalPardubice veinikonkurss (T\u0161ehhi Vabariik)Aasia veinitrofee (L\u00f5una-Korea)Berliner Wein Trophy (Saksamaa)PunktidLa Semana Vitivin\u00edcola (Hispaania)93 punktiAjakiri Marco Real (Hispaania)93 punkti\" \/>\n<meta property=\"og:url\" content=\"https:\/\/vinodeli.ee\/en\/product\/vicente-gandia-bo-bobal-unico\/\" \/>\n<meta property=\"og:site_name\" content=\"Vinodeli\" \/>\n<meta property=\"article:modified_time\" content=\"2024-04-09T08:09:48+00:00\" \/>\n<meta property=\"og:image\" content=\"https:\/\/vinodeli.ee\/wp-content\/uploads\/2023\/11\/bobal-unico-square-jpg-2.webp\" \/>\n\t<meta property=\"og:image:width\" content=\"1200\" \/>\n\t<meta property=\"og:image:height\" content=\"1200\" \/>\n\t<meta property=\"og:image:type\" content=\"image\/webp\" \/>\n<meta name=\"twitter:card\" content=\"summary_large_image\" \/>\n<meta name=\"twitter:label1\" content=\"Est. reading time\" \/>\n\t<meta name=\"twitter:data1\" content=\"1 minute\" \/>\n<script type=\"application\/ld+json\" class=\"yoast-schema-graph\">{\"@context\":\"https:\/\/schema.org\",\"@graph\":[{\"@type\":\"WebPage\",\"@id\":\"https:\/\/vinodeli.ee\/en\/product\/vicente-gandia-bo-bobal-unico\/\",\"url\":\"https:\/\/vinodeli.ee\/en\/product\/vicente-gandia-bo-bobal-unico\/\",\"name\":\"Vicente Gand\u00eda BO Bobal \u00danico 2020 13% vol. - Vinodeli\",\"isPartOf\":{\"@id\":\"https:\/\/vinodeli.ee\/#website\"},\"primaryImageOfPage\":{\"@id\":\"https:\/\/vinodeli.ee\/en\/product\/vicente-gandia-bo-bobal-unico\/#primaryimage\"},\"image\":{\"@id\":\"https:\/\/vinodeli.ee\/en\/product\/vicente-gandia-bo-bobal-unico\/#primaryimage\"},\"thumbnailUrl\":\"https:\/\/vinodeli.ee\/wp-content\/uploads\/2023\/11\/bobal-unico-square-jpg-2.webp\",\"datePublished\":\"2021-05-18T11:32:42+00:00\",\"dateModified\":\"2024-04-09T08:09:48+00:00\",\"breadcrumb\":{\"@id\":\"https:\/\/vinodeli.ee\/en\/product\/vicente-gandia-bo-bobal-unico\/#breadcrumb\"},\"inLanguage\":\"en-US\",\"potentialAction\":[{\"@type\":\"ReadAction\",\"target\":[\"https:\/\/vinodeli.ee\/en\/product\/vicente-gandia-bo-bobal-unico\/\"]}]},{\"@type\":\"ImageObject\",\"inLanguage\":\"en-US\",\"@id\":\"https:\/\/vinodeli.ee\/en\/product\/vicente-gandia-bo-bobal-unico\/#primaryimage\",\"url\":\"https:\/\/vinodeli.ee\/wp-content\/uploads\/2023\/11\/bobal-unico-square-jpg-2.webp\",\"contentUrl\":\"https:\/\/vinodeli.ee\/wp-content\/uploads\/2023\/11\/bobal-unico-square-jpg-2.webp\",\"width\":1200,\"height\":1200},{\"@type\":\"BreadcrumbList\",\"@id\":\"https:\/\/vinodeli.ee\/en\/product\/vicente-gandia-bo-bobal-unico\/#breadcrumb\",\"itemListElement\":[{\"@type\":\"ListItem\",\"position\":1,\"name\":\"Home\",\"item\":\"https:\/\/vinodeli.ee\/en\/\"},{\"@type\":\"ListItem\",\"position\":2,\"name\":\"Shop\",\"item\":\"https:\/\/vinodeli.ee\/pood\/\"},{\"@type\":\"ListItem\",\"position\":3,\"name\":\"Vicente Gand\u00eda BO Bobal \u00danico 2020 13% vol.\"}]},{\"@type\":\"WebSite\",\"@id\":\"https:\/\/vinodeli.ee\/#website\",\"url\":\"https:\/\/vinodeli.ee\/\",\"name\":\"Vinodeli\",\"description\":\"\",\"publisher\":{\"@id\":\"https:\/\/vinodeli.ee\/#organization\"},\"potentialAction\":[{\"@type\":\"SearchAction\",\"target\":{\"@type\":\"EntryPoint\",\"urlTemplate\":\"https:\/\/vinodeli.ee\/?s={search_term_string}\"},\"query-input\":{\"@type\":\"PropertyValueSpecification\",\"valueRequired\":true,\"valueName\":\"search_term_string\"}}],\"inLanguage\":\"en-US\"},{\"@type\":\"Organization\",\"@id\":\"https:\/\/vinodeli.ee\/#organization\",\"name\":\"Vinodeli O\u00dc\",\"url\":\"https:\/\/vinodeli.ee\/\",\"logo\":{\"@type\":\"ImageObject\",\"inLanguage\":\"en-US\",\"@id\":\"https:\/\/vinodeli.ee\/#\/schema\/logo\/image\/\",\"url\":\"https:\/\/vinodeli.ee\/wp-content\/uploads\/2024\/02\/logo-winodeli-1.png\",\"contentUrl\":\"https:\/\/vinodeli.ee\/wp-content\/uploads\/2024\/02\/logo-winodeli-1.png\",\"width\":1500,\"height\":1150,\"caption\":\"Vinodeli O\u00dc\"},\"image\":{\"@id\":\"https:\/\/vinodeli.ee\/#\/schema\/logo\/image\/\"}}]}<\/script>\n<!-- \/ Yoast SEO plugin. -->","yoast_head_json":{"title":"Vicente Gand\u00eda BO Bobal \u00danico 2020 13% vol. - Vinodeli","robots":{"index":"index","follow":"follow","max-snippet":"max-snippet:-1","max-image-preview":"max-image-preview:large","max-video-preview":"max-video-preview:-1"},"canonical":"https:\/\/vinodeli.ee\/en\/product\/vicente-gandia-bo-bobal-unico\/","og_locale":"en_US","og_type":"article","og_title":"Vicente Gand\u00eda BO Bobal \u00danico 2020 13% vol. - Vinodeli","og_description":"P\u00e4ritolunimetus: Utiel - Requena, HispaaniaViinamarjasort: BobalKaasaegne ja elegantne vein, mille k\u00f5rge happesus on intensiivse v\u00e4rvi ja puuvilja ning rikkalike kirsikate toonidega. Ninas n\u00e4itab see mitmesuguseid looduslikke puuvilju ja r\u00f6stitud tamme aroomi. Suus on tanniinid \"lihamaitselised\" ja maitsvad, t\u00e4iusliku segu v\u00e4rskete puuviljade ja r\u00f6stimisnootide vahel ning sujuva, tasakaalustatud ja iseloomuliku j\u00e4relmaitsega.\u00a0Bobali sordist veini valmistamine toimub roostevabast terasest mahutites temperatuuril 26 \u00baC, 15 p\u00e4eva jooksul. Seej\u00e4rel laagerdatakse vein 9 kuud Prantsuse Allier keskmise r\u00f6stiga tammevaatides.Serveerimistemperatuur: 15\/16 \u00baC.Toidusoovitus: grillitud liha, punane liha, poolk\u00fcpsed juustud.\u00a0Medalid \/ auhinnadParim ostVeinihuviline (USA)Parim ostKuldmedalPardubice veinikonkurss (T\u0161ehhi Vabariik)Aasia veinitrofee (L\u00f5una-Korea)Berliner Wein Trophy (Saksamaa)PunktidLa Semana Vitivin\u00edcola (Hispaania)93 punktiAjakiri Marco Real (Hispaania)93 punkti","og_url":"https:\/\/vinodeli.ee\/en\/product\/vicente-gandia-bo-bobal-unico\/","og_site_name":"Vinodeli","article_modified_time":"2024-04-09T08:09:48+00:00","og_image":[{"width":1200,"height":1200,"url":"https:\/\/vinodeli.ee\/wp-content\/uploads\/2023\/11\/bobal-unico-square-jpg-2.webp","type":"image\/webp"}],"twitter_card":"summary_large_image","twitter_misc":{"Est. reading time":"1 minute"},"schema":{"@context":"https:\/\/schema.org","@graph":[{"@type":"WebPage","@id":"https:\/\/vinodeli.ee\/en\/product\/vicente-gandia-bo-bobal-unico\/","url":"https:\/\/vinodeli.ee\/en\/product\/vicente-gandia-bo-bobal-unico\/","name":"Vicente Gand\u00eda BO Bobal \u00danico 2020 13% vol. - Vinodeli","isPartOf":{"@id":"https:\/\/vinodeli.ee\/#website"},"primaryImageOfPage":{"@id":"https:\/\/vinodeli.ee\/en\/product\/vicente-gandia-bo-bobal-unico\/#primaryimage"},"image":{"@id":"https:\/\/vinodeli.ee\/en\/product\/vicente-gandia-bo-bobal-unico\/#primaryimage"},"thumbnailUrl":"https:\/\/vinodeli.ee\/wp-content\/uploads\/2023\/11\/bobal-unico-square-jpg-2.webp","datePublished":"2021-05-18T11:32:42+00:00","dateModified":"2024-04-09T08:09:48+00:00","breadcrumb":{"@id":"https:\/\/vinodeli.ee\/en\/product\/vicente-gandia-bo-bobal-unico\/#breadcrumb"},"inLanguage":"en-US","potentialAction":[{"@type":"ReadAction","target":["https:\/\/vinodeli.ee\/en\/product\/vicente-gandia-bo-bobal-unico\/"]}]},{"@type":"ImageObject","inLanguage":"en-US","@id":"https:\/\/vinodeli.ee\/en\/product\/vicente-gandia-bo-bobal-unico\/#primaryimage","url":"https:\/\/vinodeli.ee\/wp-content\/uploads\/2023\/11\/bobal-unico-square-jpg-2.webp","contentUrl":"https:\/\/vinodeli.ee\/wp-content\/uploads\/2023\/11\/bobal-unico-square-jpg-2.webp","width":1200,"height":1200},{"@type":"BreadcrumbList","@id":"https:\/\/vinodeli.ee\/en\/product\/vicente-gandia-bo-bobal-unico\/#breadcrumb","itemListElement":[{"@type":"ListItem","position":1,"name":"Home","item":"https:\/\/vinodeli.ee\/en\/"},{"@type":"ListItem","position":2,"name":"Shop","item":"https:\/\/vinodeli.ee\/pood\/"},{"@type":"ListItem","position":3,"name":"Vicente Gand\u00eda BO Bobal \u00danico 2020 13% vol."}]},{"@type":"WebSite","@id":"https:\/\/vinodeli.ee\/#website","url":"https:\/\/vinodeli.ee\/","name":"Vinodeli","description":"","publisher":{"@id":"https:\/\/vinodeli.ee\/#organization"},"potentialAction":[{"@type":"SearchAction","target":{"@type":"EntryPoint","urlTemplate":"https:\/\/vinodeli.ee\/?s={search_term_string}"},"query-input":{"@type":"PropertyValueSpecification","valueRequired":true,"valueName":"search_term_string"}}],"inLanguage":"en-US"},{"@type":"Organization","@id":"https:\/\/vinodeli.ee\/#organization","name":"Vinodeli O\u00dc","url":"https:\/\/vinodeli.ee\/","logo":{"@type":"ImageObject","inLanguage":"en-US","@id":"https:\/\/vinodeli.ee\/#\/schema\/logo\/image\/","url":"https:\/\/vinodeli.ee\/wp-content\/uploads\/2024\/02\/logo-winodeli-1.png","contentUrl":"https:\/\/vinodeli.ee\/wp-content\/uploads\/2024\/02\/logo-winodeli-1.png","width":1500,"height":1150,"caption":"Vinodeli O\u00dc"},"image":{"@id":"https:\/\/vinodeli.ee\/#\/schema\/logo\/image\/"}}]}},"_links":{"self":[{"href":"https:\/\/vinodeli.ee\/en\/wp-json\/wp\/v2\/product\/48117","targetHints":{"allow":["GET"]}}],"collection":[{"href":"https:\/\/vinodeli.ee\/en\/wp-json\/wp\/v2\/product"}],"about":[{"href":"https:\/\/vinodeli.ee\/en\/wp-json\/wp\/v2\/types\/product"}],"version-history":[{"count":0,"href":"https:\/\/vinodeli.ee\/en\/wp-json\/wp\/v2\/product\/48117\/revisions"}],"wp:featuredmedia":[{"embeddable":true,"href":"https:\/\/vinodeli.ee\/en\/wp-json\/wp\/v2\/media\/46731"}],"wp:attachment":[{"href":"https:\/\/vinodeli.ee\/en\/wp-json\/wp\/v2\/media?parent=48117"}],"wp:term":[{"taxonomy":"product_brand","embeddable":true,"href":"https:\/\/vinodeli.ee\/en\/wp-json\/wp\/v2\/product_brand?post=48117"},{"taxonomy":"product_cat","embeddable":true,"href":"https:\/\/vinodeli.ee\/en\/wp-json\/wp\/v2\/product_cat?post=48117"},{"taxonomy":"product_tag","embeddable":true,"href":"https:\/\/vinodeli.ee\/en\/wp-json\/wp\/v2\/product_tag?post=48117"}],"curies":[{"name":"wp","href":"https:\/\/api.w.org\/{rel}","templated":true}]}}