{"id":48153,"date":"2023-08-25T10:11:26","date_gmt":"2023-08-25T07:11:26","guid":{"rendered":"https:\/\/vinodeli.ee\/product\/vicente-gandia-baron-de-valls-ice-sparkling-white\/"},"modified":"2024-04-09T10:48:19","modified_gmt":"2024-04-09T07:48:19","slug":"vicente-gandia-baron-de-valls-ice-sparkling-white","status":"publish","type":"product","link":"https:\/\/vinodeli.ee\/en\/product\/vicente-gandia-baron-de-valls-ice-sparkling-white\/","title":{"rendered":"Vicente Gandia Bar\u00f3n De Valls ICE Sparkling White 11.5% vol."},"content":{"rendered":"<div class=\"elementor-element elementor-element-2789edfd elementor-widget elementor-widget-text-editor\" data-id=\"2789edfd\" data-element_type=\"widget\" data-widget_type=\"text-editor.default\">\n<div class=\"elementor-widget-container\">\n<h3>Tasting notes<\/h3>\n<p>Fine and crunchy bubble sparkling wine. Pale yellow color with greenish reflections. On the nose shows aromas of green apples and white fruits with nuances of white flowers and pastry. In the mouth displays a balance acidity that sustains a subtle aftertaste of white fruits and flowers. Serve at: 8-9\u00baC.<\/p>\n<h3>Food pairing<\/h3>\n<p>Seafood, all kind of fish, cheese, smoked fish and clams.<\/p>\n<\/div>\n<\/div>\n","protected":false},"excerpt":{"rendered":"<blockquote>\n<h5>\u00a0Poolkuiv vahuvein.<\/h5>\n<\/blockquote>\n<h5><em>Peen ja kr\u00f5be mulliga vahuvein. Kahvatukollane v\u00e4rvus rohekate peegeldustega. Ninal on roheliste \u00f5unte ja valgete puuviljade aroomid koos valgete lillede ja saiaga. Suus on tasakaalus happesus, mis s\u00e4ilitab valgete puuviljade ja lillede peene j\u00e4relmaitse.<\/em><\/h5>\n<h5><em>Serveerimistemperatuur: 8\u20139 \u00b0 C<\/em><\/h5>\n<h5><em>Toidusoovitus: Mereannid, igasugused kalad, juust, suitsukala ja merekarbid.<\/em><\/h5>\n","protected":false},"featured_media":43344,"template":"","meta":{"_acf_changed":false},"product_brand":[],"product_cat":[22101,19488,19496],"product_tag":[],"class_list":{"0":"post-48153","1":"product","2":"type-product","3":"status-publish","4":"has-post-thumbnail","6":"product_cat-semi-dry-semi-sweet","7":"product_cat-sparkling-wine","8":"product_cat-other-charmat-method-en","10":"first","11":"instock","12":"downloadable","13":"taxable","14":"shipping-taxable","15":"purchasable","16":"product-type-simple"},"acf":[],"yoast_head":"<!-- This site is optimized with the Yoast SEO plugin v25.7 - https:\/\/yoast.com\/wordpress\/plugins\/seo\/ -->\n<title>Vicente Gandia Bar\u00f3n De Valls ICE Sparkling White 11.5% vol. - Vinodeli<\/title>\n<meta name=\"robots\" content=\"index, follow, max-snippet:-1, max-image-preview:large, max-video-preview:-1\" \/>\n<link rel=\"canonical\" href=\"https:\/\/vinodeli.ee\/en\/product\/vicente-gandia-baron-de-valls-ice-sparkling-white\/\" \/>\n<meta property=\"og:locale\" content=\"en_US\" \/>\n<meta property=\"og:type\" content=\"article\" \/>\n<meta property=\"og:title\" content=\"Vicente Gandia Bar\u00f3n De Valls ICE Sparkling White 11.5% vol. - Vinodeli\" \/>\n<meta property=\"og:description\" content=\"\u00a0Poolkuiv vahuvein.Peen ja kr\u00f5be mulliga vahuvein. Kahvatukollane v\u00e4rvus rohekate peegeldustega. Ninal on roheliste \u00f5unte ja valgete puuviljade aroomid koos valgete lillede ja saiaga. Suus on tasakaalus happesus, mis s\u00e4ilitab valgete puuviljade ja lillede peene j\u00e4relmaitse.Serveerimistemperatuur: 8\u20139 \u00b0 CToidusoovitus: Mereannid, igasugused kalad, juust, suitsukala ja merekarbid.\" \/>\n<meta property=\"og:url\" content=\"https:\/\/vinodeli.ee\/en\/product\/vicente-gandia-baron-de-valls-ice-sparkling-white\/\" \/>\n<meta property=\"og:site_name\" content=\"Vinodeli\" \/>\n<meta property=\"article:modified_time\" content=\"2024-04-09T07:48:19+00:00\" \/>\n<meta property=\"og:image\" content=\"https:\/\/vinodeli.ee\/wp-content\/uploads\/2023\/11\/baron-de-valls-ice-blanco-jpg-2.webp\" \/>\n\t<meta property=\"og:image:width\" content=\"1200\" \/>\n\t<meta property=\"og:image:height\" content=\"1200\" \/>\n\t<meta property=\"og:image:type\" content=\"image\/webp\" \/>\n<meta name=\"twitter:card\" content=\"summary_large_image\" \/>\n<script type=\"application\/ld+json\" class=\"yoast-schema-graph\">{\"@context\":\"https:\/\/schema.org\",\"@graph\":[{\"@type\":\"WebPage\",\"@id\":\"https:\/\/vinodeli.ee\/en\/product\/vicente-gandia-baron-de-valls-ice-sparkling-white\/\",\"url\":\"https:\/\/vinodeli.ee\/en\/product\/vicente-gandia-baron-de-valls-ice-sparkling-white\/\",\"name\":\"Vicente Gandia Bar\u00f3n De Valls ICE Sparkling White 11.5% vol. - Vinodeli\",\"isPartOf\":{\"@id\":\"https:\/\/vinodeli.ee\/#website\"},\"primaryImageOfPage\":{\"@id\":\"https:\/\/vinodeli.ee\/en\/product\/vicente-gandia-baron-de-valls-ice-sparkling-white\/#primaryimage\"},\"image\":{\"@id\":\"https:\/\/vinodeli.ee\/en\/product\/vicente-gandia-baron-de-valls-ice-sparkling-white\/#primaryimage\"},\"thumbnailUrl\":\"https:\/\/vinodeli.ee\/wp-content\/uploads\/2023\/11\/baron-de-valls-ice-blanco-jpg-2.webp\",\"datePublished\":\"2023-08-25T07:11:26+00:00\",\"dateModified\":\"2024-04-09T07:48:19+00:00\",\"breadcrumb\":{\"@id\":\"https:\/\/vinodeli.ee\/en\/product\/vicente-gandia-baron-de-valls-ice-sparkling-white\/#breadcrumb\"},\"inLanguage\":\"en-US\",\"potentialAction\":[{\"@type\":\"ReadAction\",\"target\":[\"https:\/\/vinodeli.ee\/en\/product\/vicente-gandia-baron-de-valls-ice-sparkling-white\/\"]}]},{\"@type\":\"ImageObject\",\"inLanguage\":\"en-US\",\"@id\":\"https:\/\/vinodeli.ee\/en\/product\/vicente-gandia-baron-de-valls-ice-sparkling-white\/#primaryimage\",\"url\":\"https:\/\/vinodeli.ee\/wp-content\/uploads\/2023\/11\/baron-de-valls-ice-blanco-jpg-2.webp\",\"contentUrl\":\"https:\/\/vinodeli.ee\/wp-content\/uploads\/2023\/11\/baron-de-valls-ice-blanco-jpg-2.webp\",\"width\":1200,\"height\":1200},{\"@type\":\"BreadcrumbList\",\"@id\":\"https:\/\/vinodeli.ee\/en\/product\/vicente-gandia-baron-de-valls-ice-sparkling-white\/#breadcrumb\",\"itemListElement\":[{\"@type\":\"ListItem\",\"position\":1,\"name\":\"Home\",\"item\":\"https:\/\/vinodeli.ee\/en\/\"},{\"@type\":\"ListItem\",\"position\":2,\"name\":\"Shop\",\"item\":\"https:\/\/vinodeli.ee\/pood\/\"},{\"@type\":\"ListItem\",\"position\":3,\"name\":\"Vicente Gandia Bar\u00f3n De Valls ICE Sparkling White 11.5% vol.\"}]},{\"@type\":\"WebSite\",\"@id\":\"https:\/\/vinodeli.ee\/#website\",\"url\":\"https:\/\/vinodeli.ee\/\",\"name\":\"Vinodeli\",\"description\":\"\",\"publisher\":{\"@id\":\"https:\/\/vinodeli.ee\/#organization\"},\"potentialAction\":[{\"@type\":\"SearchAction\",\"target\":{\"@type\":\"EntryPoint\",\"urlTemplate\":\"https:\/\/vinodeli.ee\/?s={search_term_string}\"},\"query-input\":{\"@type\":\"PropertyValueSpecification\",\"valueRequired\":true,\"valueName\":\"search_term_string\"}}],\"inLanguage\":\"en-US\"},{\"@type\":\"Organization\",\"@id\":\"https:\/\/vinodeli.ee\/#organization\",\"name\":\"Vinodeli O\u00dc\",\"url\":\"https:\/\/vinodeli.ee\/\",\"logo\":{\"@type\":\"ImageObject\",\"inLanguage\":\"en-US\",\"@id\":\"https:\/\/vinodeli.ee\/#\/schema\/logo\/image\/\",\"url\":\"https:\/\/vinodeli.ee\/wp-content\/uploads\/2024\/02\/logo-winodeli-1.png\",\"contentUrl\":\"https:\/\/vinodeli.ee\/wp-content\/uploads\/2024\/02\/logo-winodeli-1.png\",\"width\":1500,\"height\":1150,\"caption\":\"Vinodeli O\u00dc\"},\"image\":{\"@id\":\"https:\/\/vinodeli.ee\/#\/schema\/logo\/image\/\"}}]}<\/script>\n<!-- \/ Yoast SEO plugin. -->","yoast_head_json":{"title":"Vicente Gandia Bar\u00f3n De Valls ICE Sparkling White 11.5% vol. - Vinodeli","robots":{"index":"index","follow":"follow","max-snippet":"max-snippet:-1","max-image-preview":"max-image-preview:large","max-video-preview":"max-video-preview:-1"},"canonical":"https:\/\/vinodeli.ee\/en\/product\/vicente-gandia-baron-de-valls-ice-sparkling-white\/","og_locale":"en_US","og_type":"article","og_title":"Vicente Gandia Bar\u00f3n De Valls ICE Sparkling White 11.5% vol. - Vinodeli","og_description":"\u00a0Poolkuiv vahuvein.Peen ja kr\u00f5be mulliga vahuvein. Kahvatukollane v\u00e4rvus rohekate peegeldustega. Ninal on roheliste \u00f5unte ja valgete puuviljade aroomid koos valgete lillede ja saiaga. Suus on tasakaalus happesus, mis s\u00e4ilitab valgete puuviljade ja lillede peene j\u00e4relmaitse.Serveerimistemperatuur: 8\u20139 \u00b0 CToidusoovitus: Mereannid, igasugused kalad, juust, suitsukala ja merekarbid.","og_url":"https:\/\/vinodeli.ee\/en\/product\/vicente-gandia-baron-de-valls-ice-sparkling-white\/","og_site_name":"Vinodeli","article_modified_time":"2024-04-09T07:48:19+00:00","og_image":[{"width":1200,"height":1200,"url":"https:\/\/vinodeli.ee\/wp-content\/uploads\/2023\/11\/baron-de-valls-ice-blanco-jpg-2.webp","type":"image\/webp"}],"twitter_card":"summary_large_image","schema":{"@context":"https:\/\/schema.org","@graph":[{"@type":"WebPage","@id":"https:\/\/vinodeli.ee\/en\/product\/vicente-gandia-baron-de-valls-ice-sparkling-white\/","url":"https:\/\/vinodeli.ee\/en\/product\/vicente-gandia-baron-de-valls-ice-sparkling-white\/","name":"Vicente Gandia Bar\u00f3n De Valls ICE Sparkling White 11.5% vol. - Vinodeli","isPartOf":{"@id":"https:\/\/vinodeli.ee\/#website"},"primaryImageOfPage":{"@id":"https:\/\/vinodeli.ee\/en\/product\/vicente-gandia-baron-de-valls-ice-sparkling-white\/#primaryimage"},"image":{"@id":"https:\/\/vinodeli.ee\/en\/product\/vicente-gandia-baron-de-valls-ice-sparkling-white\/#primaryimage"},"thumbnailUrl":"https:\/\/vinodeli.ee\/wp-content\/uploads\/2023\/11\/baron-de-valls-ice-blanco-jpg-2.webp","datePublished":"2023-08-25T07:11:26+00:00","dateModified":"2024-04-09T07:48:19+00:00","breadcrumb":{"@id":"https:\/\/vinodeli.ee\/en\/product\/vicente-gandia-baron-de-valls-ice-sparkling-white\/#breadcrumb"},"inLanguage":"en-US","potentialAction":[{"@type":"ReadAction","target":["https:\/\/vinodeli.ee\/en\/product\/vicente-gandia-baron-de-valls-ice-sparkling-white\/"]}]},{"@type":"ImageObject","inLanguage":"en-US","@id":"https:\/\/vinodeli.ee\/en\/product\/vicente-gandia-baron-de-valls-ice-sparkling-white\/#primaryimage","url":"https:\/\/vinodeli.ee\/wp-content\/uploads\/2023\/11\/baron-de-valls-ice-blanco-jpg-2.webp","contentUrl":"https:\/\/vinodeli.ee\/wp-content\/uploads\/2023\/11\/baron-de-valls-ice-blanco-jpg-2.webp","width":1200,"height":1200},{"@type":"BreadcrumbList","@id":"https:\/\/vinodeli.ee\/en\/product\/vicente-gandia-baron-de-valls-ice-sparkling-white\/#breadcrumb","itemListElement":[{"@type":"ListItem","position":1,"name":"Home","item":"https:\/\/vinodeli.ee\/en\/"},{"@type":"ListItem","position":2,"name":"Shop","item":"https:\/\/vinodeli.ee\/pood\/"},{"@type":"ListItem","position":3,"name":"Vicente Gandia Bar\u00f3n De Valls ICE Sparkling White 11.5% vol."}]},{"@type":"WebSite","@id":"https:\/\/vinodeli.ee\/#website","url":"https:\/\/vinodeli.ee\/","name":"Vinodeli","description":"","publisher":{"@id":"https:\/\/vinodeli.ee\/#organization"},"potentialAction":[{"@type":"SearchAction","target":{"@type":"EntryPoint","urlTemplate":"https:\/\/vinodeli.ee\/?s={search_term_string}"},"query-input":{"@type":"PropertyValueSpecification","valueRequired":true,"valueName":"search_term_string"}}],"inLanguage":"en-US"},{"@type":"Organization","@id":"https:\/\/vinodeli.ee\/#organization","name":"Vinodeli O\u00dc","url":"https:\/\/vinodeli.ee\/","logo":{"@type":"ImageObject","inLanguage":"en-US","@id":"https:\/\/vinodeli.ee\/#\/schema\/logo\/image\/","url":"https:\/\/vinodeli.ee\/wp-content\/uploads\/2024\/02\/logo-winodeli-1.png","contentUrl":"https:\/\/vinodeli.ee\/wp-content\/uploads\/2024\/02\/logo-winodeli-1.png","width":1500,"height":1150,"caption":"Vinodeli O\u00dc"},"image":{"@id":"https:\/\/vinodeli.ee\/#\/schema\/logo\/image\/"}}]}},"_links":{"self":[{"href":"https:\/\/vinodeli.ee\/en\/wp-json\/wp\/v2\/product\/48153","targetHints":{"allow":["GET"]}}],"collection":[{"href":"https:\/\/vinodeli.ee\/en\/wp-json\/wp\/v2\/product"}],"about":[{"href":"https:\/\/vinodeli.ee\/en\/wp-json\/wp\/v2\/types\/product"}],"version-history":[{"count":0,"href":"https:\/\/vinodeli.ee\/en\/wp-json\/wp\/v2\/product\/48153\/revisions"}],"wp:featuredmedia":[{"embeddable":true,"href":"https:\/\/vinodeli.ee\/en\/wp-json\/wp\/v2\/media\/43344"}],"wp:attachment":[{"href":"https:\/\/vinodeli.ee\/en\/wp-json\/wp\/v2\/media?parent=48153"}],"wp:term":[{"taxonomy":"product_brand","embeddable":true,"href":"https:\/\/vinodeli.ee\/en\/wp-json\/wp\/v2\/product_brand?post=48153"},{"taxonomy":"product_cat","embeddable":true,"href":"https:\/\/vinodeli.ee\/en\/wp-json\/wp\/v2\/product_cat?post=48153"},{"taxonomy":"product_tag","embeddable":true,"href":"https:\/\/vinodeli.ee\/en\/wp-json\/wp\/v2\/product_tag?post=48153"}],"curies":[{"name":"wp","href":"https:\/\/api.w.org\/{rel}","templated":true}]}}