{"id":48163,"date":"2021-05-17T17:19:50","date_gmt":"2021-05-17T14:19:50","guid":{"rendered":"https:\/\/vinodeli.ee\/product\/vicente-gandia-fusta-nova-blanc\/"},"modified":"2026-04-01T22:09:45","modified_gmt":"2026-04-01T19:09:45","slug":"vicente-gandia-fusta-nova-blanc","status":"publish","type":"product","link":"https:\/\/vinodeli.ee\/en\/product\/vicente-gandia-fusta-nova-blanc\/","title":{"rendered":"Vicente Gand\u00eda Fusta Nova Blanc 2025 11.5% vol. 0.75l"},"content":{"rendered":"<blockquote>\n<h5>P\u00e4ritolu: Valencia, Hispaania<br \/>\nVeini t\u00fc\u00fcp: Aromaatne vein<br \/>\nViinamarjasort: Moscatel, Macabeo, Chardonnay<\/h5>\n<\/blockquote>\n<h5><em>\u00d6ine viinamarjade korjamine toimub augusti l\u00f5pus, et s\u00e4ilitada parimate sortide aroomid ja valiku kvaliteet. Veinikeldrisse transportimisel jahutatakse viinamarjad kuiva j\u00e4\u00e4ga, et k\u00f5ik nende puuviljaaroomid s\u00e4iliksid. Seej\u00e4rel viiakse l\u00e4bi pehme pigistamine, viies l\u00e4bi erilise leotamise madalal temperatuuril, et eraldada primaarsed aroomid maksimaalselt.\u00a0<\/em><\/h5>\n<h5><em>V\u00f5rgutav, s\u00e4rav ja puhas kahvatukollane v\u00e4rv. Apelsini\u00f5ite ja troopiliste puuviljade, n\u00e4iteks ananassi v\u00f5i virsiku n\u00fcansse.\u00a0<\/em><\/h5>\n<h5><em>Serveerimistemperatuur: 8\/9C.<\/em><\/h5>\n<h5><em>Toidusoovitus: kala, grillitud kala, riisid, valge liha.<\/em><\/h5>\n<h5><em>Medalid \/ auhinnad<br \/>\n<\/em><em>Kuldmedal<br \/>\n<\/em><em>Mundus Vini (Saksamaa)<\/em><\/h5>\n<h5><em>Punktid<br \/>\n<\/em><em>La Semana Vitivinicola (Espa\u00f1a) <\/em><em>92 punkti<\/em><\/h5>\n","protected":false},"excerpt":{"rendered":"<p>P\u00e4ritolu: Valencia, Hispaania Veini t\u00fc\u00fcp: Aromaatne vein Viinamarjasort: Moscatel, Macabeo, Chardonnay \u00d6ine viinamarjade korjamine toimub augusti l\u00f5pus, et s\u00e4ilitada parimate<\/p>\n","protected":false},"featured_media":68179,"template":"","meta":{"_acf_changed":false},"product_brand":[],"product_cat":[19460],"product_tag":[],"class_list":{"0":"post-48163","1":"product","2":"type-product","3":"status-publish","4":"has-post-thumbnail","6":"product_cat-white-wine","8":"first","9":"instock","10":"taxable","11":"shipping-taxable","12":"purchasable","13":"product-type-simple"},"acf":[],"yoast_head":"<!-- This site is optimized with the Yoast SEO plugin v25.7 - https:\/\/yoast.com\/wordpress\/plugins\/seo\/ -->\n<title>Vicente Gand\u00eda Fusta Nova Blanc 2025 11.5% vol. 0.75l - Vinodeli<\/title>\n<meta name=\"robots\" content=\"index, follow, max-snippet:-1, max-image-preview:large, max-video-preview:-1\" \/>\n<link rel=\"canonical\" href=\"https:\/\/vinodeli.ee\/en\/product\/vicente-gandia-fusta-nova-blanc\/\" \/>\n<meta property=\"og:locale\" content=\"en_US\" \/>\n<meta property=\"og:type\" content=\"article\" \/>\n<meta property=\"og:title\" content=\"Vicente Gand\u00eda Fusta Nova Blanc 2025 11.5% vol. 0.75l - Vinodeli\" \/>\n<meta property=\"og:description\" content=\"P\u00e4ritolu: Valencia, Hispaania Veini t\u00fc\u00fcp: Aromaatne vein Viinamarjasort: Moscatel, Macabeo, Chardonnay \u00d6ine viinamarjade korjamine toimub augusti l\u00f5pus, et s\u00e4ilitada parimate\" \/>\n<meta property=\"og:url\" content=\"https:\/\/vinodeli.ee\/en\/product\/vicente-gandia-fusta-nova-blanc\/\" \/>\n<meta property=\"og:site_name\" content=\"Vinodeli\" \/>\n<meta property=\"article:modified_time\" content=\"2026-04-01T19:09:45+00:00\" \/>\n<meta property=\"og:image\" content=\"https:\/\/vinodeli.ee\/wp-content\/uploads\/2021\/05\/fusta.jpg\" \/>\n\t<meta property=\"og:image:width\" content=\"1920\" \/>\n\t<meta property=\"og:image:height\" content=\"1920\" \/>\n\t<meta property=\"og:image:type\" content=\"image\/jpeg\" \/>\n<meta name=\"twitter:card\" content=\"summary_large_image\" \/>\n<meta name=\"twitter:label1\" content=\"Est. reading time\" \/>\n\t<meta name=\"twitter:data1\" content=\"1 minute\" \/>\n<script type=\"application\/ld+json\" class=\"yoast-schema-graph\">{\"@context\":\"https:\/\/schema.org\",\"@graph\":[{\"@type\":\"WebPage\",\"@id\":\"https:\/\/vinodeli.ee\/en\/product\/vicente-gandia-fusta-nova-blanc\/\",\"url\":\"https:\/\/vinodeli.ee\/en\/product\/vicente-gandia-fusta-nova-blanc\/\",\"name\":\"Vicente Gand\u00eda Fusta Nova Blanc 2025 11.5% vol. 0.75l - Vinodeli\",\"isPartOf\":{\"@id\":\"https:\/\/vinodeli.ee\/#website\"},\"primaryImageOfPage\":{\"@id\":\"https:\/\/vinodeli.ee\/en\/product\/vicente-gandia-fusta-nova-blanc\/#primaryimage\"},\"image\":{\"@id\":\"https:\/\/vinodeli.ee\/en\/product\/vicente-gandia-fusta-nova-blanc\/#primaryimage\"},\"thumbnailUrl\":\"https:\/\/vinodeli.ee\/wp-content\/uploads\/2021\/05\/fusta.jpg\",\"datePublished\":\"2021-05-17T14:19:50+00:00\",\"dateModified\":\"2026-04-01T19:09:45+00:00\",\"breadcrumb\":{\"@id\":\"https:\/\/vinodeli.ee\/en\/product\/vicente-gandia-fusta-nova-blanc\/#breadcrumb\"},\"inLanguage\":\"en-US\",\"potentialAction\":[{\"@type\":\"ReadAction\",\"target\":[\"https:\/\/vinodeli.ee\/en\/product\/vicente-gandia-fusta-nova-blanc\/\"]}]},{\"@type\":\"ImageObject\",\"inLanguage\":\"en-US\",\"@id\":\"https:\/\/vinodeli.ee\/en\/product\/vicente-gandia-fusta-nova-blanc\/#primaryimage\",\"url\":\"https:\/\/vinodeli.ee\/wp-content\/uploads\/2021\/05\/fusta.jpg\",\"contentUrl\":\"https:\/\/vinodeli.ee\/wp-content\/uploads\/2021\/05\/fusta.jpg\",\"width\":1920,\"height\":1920},{\"@type\":\"BreadcrumbList\",\"@id\":\"https:\/\/vinodeli.ee\/en\/product\/vicente-gandia-fusta-nova-blanc\/#breadcrumb\",\"itemListElement\":[{\"@type\":\"ListItem\",\"position\":1,\"name\":\"Home\",\"item\":\"https:\/\/vinodeli.ee\/en\/\"},{\"@type\":\"ListItem\",\"position\":2,\"name\":\"Shop\",\"item\":\"https:\/\/vinodeli.ee\/pood\/\"},{\"@type\":\"ListItem\",\"position\":3,\"name\":\"Vicente Gand\u00eda Fusta Nova Blanc 2025 11.5% vol. 0.75l\"}]},{\"@type\":\"WebSite\",\"@id\":\"https:\/\/vinodeli.ee\/#website\",\"url\":\"https:\/\/vinodeli.ee\/\",\"name\":\"Vinodeli\",\"description\":\"\",\"publisher\":{\"@id\":\"https:\/\/vinodeli.ee\/#organization\"},\"potentialAction\":[{\"@type\":\"SearchAction\",\"target\":{\"@type\":\"EntryPoint\",\"urlTemplate\":\"https:\/\/vinodeli.ee\/?s={search_term_string}\"},\"query-input\":{\"@type\":\"PropertyValueSpecification\",\"valueRequired\":true,\"valueName\":\"search_term_string\"}}],\"inLanguage\":\"en-US\"},{\"@type\":\"Organization\",\"@id\":\"https:\/\/vinodeli.ee\/#organization\",\"name\":\"Vinodeli O\u00dc\",\"url\":\"https:\/\/vinodeli.ee\/\",\"logo\":{\"@type\":\"ImageObject\",\"inLanguage\":\"en-US\",\"@id\":\"https:\/\/vinodeli.ee\/#\/schema\/logo\/image\/\",\"url\":\"https:\/\/vinodeli.ee\/wp-content\/uploads\/2024\/02\/logo-winodeli-1.png\",\"contentUrl\":\"https:\/\/vinodeli.ee\/wp-content\/uploads\/2024\/02\/logo-winodeli-1.png\",\"width\":1500,\"height\":1150,\"caption\":\"Vinodeli O\u00dc\"},\"image\":{\"@id\":\"https:\/\/vinodeli.ee\/#\/schema\/logo\/image\/\"}}]}<\/script>\n<!-- \/ Yoast SEO plugin. -->","yoast_head_json":{"title":"Vicente Gand\u00eda Fusta Nova Blanc 2025 11.5% vol. 0.75l - Vinodeli","robots":{"index":"index","follow":"follow","max-snippet":"max-snippet:-1","max-image-preview":"max-image-preview:large","max-video-preview":"max-video-preview:-1"},"canonical":"https:\/\/vinodeli.ee\/en\/product\/vicente-gandia-fusta-nova-blanc\/","og_locale":"en_US","og_type":"article","og_title":"Vicente Gand\u00eda Fusta Nova Blanc 2025 11.5% vol. 0.75l - Vinodeli","og_description":"P\u00e4ritolu: Valencia, Hispaania Veini t\u00fc\u00fcp: Aromaatne vein Viinamarjasort: Moscatel, Macabeo, Chardonnay \u00d6ine viinamarjade korjamine toimub augusti l\u00f5pus, et s\u00e4ilitada parimate","og_url":"https:\/\/vinodeli.ee\/en\/product\/vicente-gandia-fusta-nova-blanc\/","og_site_name":"Vinodeli","article_modified_time":"2026-04-01T19:09:45+00:00","og_image":[{"width":1920,"height":1920,"url":"https:\/\/vinodeli.ee\/wp-content\/uploads\/2021\/05\/fusta.jpg","type":"image\/jpeg"}],"twitter_card":"summary_large_image","twitter_misc":{"Est. reading time":"1 minute"},"schema":{"@context":"https:\/\/schema.org","@graph":[{"@type":"WebPage","@id":"https:\/\/vinodeli.ee\/en\/product\/vicente-gandia-fusta-nova-blanc\/","url":"https:\/\/vinodeli.ee\/en\/product\/vicente-gandia-fusta-nova-blanc\/","name":"Vicente Gand\u00eda Fusta Nova Blanc 2025 11.5% vol. 0.75l - Vinodeli","isPartOf":{"@id":"https:\/\/vinodeli.ee\/#website"},"primaryImageOfPage":{"@id":"https:\/\/vinodeli.ee\/en\/product\/vicente-gandia-fusta-nova-blanc\/#primaryimage"},"image":{"@id":"https:\/\/vinodeli.ee\/en\/product\/vicente-gandia-fusta-nova-blanc\/#primaryimage"},"thumbnailUrl":"https:\/\/vinodeli.ee\/wp-content\/uploads\/2021\/05\/fusta.jpg","datePublished":"2021-05-17T14:19:50+00:00","dateModified":"2026-04-01T19:09:45+00:00","breadcrumb":{"@id":"https:\/\/vinodeli.ee\/en\/product\/vicente-gandia-fusta-nova-blanc\/#breadcrumb"},"inLanguage":"en-US","potentialAction":[{"@type":"ReadAction","target":["https:\/\/vinodeli.ee\/en\/product\/vicente-gandia-fusta-nova-blanc\/"]}]},{"@type":"ImageObject","inLanguage":"en-US","@id":"https:\/\/vinodeli.ee\/en\/product\/vicente-gandia-fusta-nova-blanc\/#primaryimage","url":"https:\/\/vinodeli.ee\/wp-content\/uploads\/2021\/05\/fusta.jpg","contentUrl":"https:\/\/vinodeli.ee\/wp-content\/uploads\/2021\/05\/fusta.jpg","width":1920,"height":1920},{"@type":"BreadcrumbList","@id":"https:\/\/vinodeli.ee\/en\/product\/vicente-gandia-fusta-nova-blanc\/#breadcrumb","itemListElement":[{"@type":"ListItem","position":1,"name":"Home","item":"https:\/\/vinodeli.ee\/en\/"},{"@type":"ListItem","position":2,"name":"Shop","item":"https:\/\/vinodeli.ee\/pood\/"},{"@type":"ListItem","position":3,"name":"Vicente Gand\u00eda Fusta Nova Blanc 2025 11.5% vol. 0.75l"}]},{"@type":"WebSite","@id":"https:\/\/vinodeli.ee\/#website","url":"https:\/\/vinodeli.ee\/","name":"Vinodeli","description":"","publisher":{"@id":"https:\/\/vinodeli.ee\/#organization"},"potentialAction":[{"@type":"SearchAction","target":{"@type":"EntryPoint","urlTemplate":"https:\/\/vinodeli.ee\/?s={search_term_string}"},"query-input":{"@type":"PropertyValueSpecification","valueRequired":true,"valueName":"search_term_string"}}],"inLanguage":"en-US"},{"@type":"Organization","@id":"https:\/\/vinodeli.ee\/#organization","name":"Vinodeli O\u00dc","url":"https:\/\/vinodeli.ee\/","logo":{"@type":"ImageObject","inLanguage":"en-US","@id":"https:\/\/vinodeli.ee\/#\/schema\/logo\/image\/","url":"https:\/\/vinodeli.ee\/wp-content\/uploads\/2024\/02\/logo-winodeli-1.png","contentUrl":"https:\/\/vinodeli.ee\/wp-content\/uploads\/2024\/02\/logo-winodeli-1.png","width":1500,"height":1150,"caption":"Vinodeli O\u00dc"},"image":{"@id":"https:\/\/vinodeli.ee\/#\/schema\/logo\/image\/"}}]}},"_links":{"self":[{"href":"https:\/\/vinodeli.ee\/en\/wp-json\/wp\/v2\/product\/48163","targetHints":{"allow":["GET"]}}],"collection":[{"href":"https:\/\/vinodeli.ee\/en\/wp-json\/wp\/v2\/product"}],"about":[{"href":"https:\/\/vinodeli.ee\/en\/wp-json\/wp\/v2\/types\/product"}],"version-history":[{"count":0,"href":"https:\/\/vinodeli.ee\/en\/wp-json\/wp\/v2\/product\/48163\/revisions"}],"wp:featuredmedia":[{"embeddable":true,"href":"https:\/\/vinodeli.ee\/en\/wp-json\/wp\/v2\/media\/68179"}],"wp:attachment":[{"href":"https:\/\/vinodeli.ee\/en\/wp-json\/wp\/v2\/media?parent=48163"}],"wp:term":[{"taxonomy":"product_brand","embeddable":true,"href":"https:\/\/vinodeli.ee\/en\/wp-json\/wp\/v2\/product_brand?post=48163"},{"taxonomy":"product_cat","embeddable":true,"href":"https:\/\/vinodeli.ee\/en\/wp-json\/wp\/v2\/product_cat?post=48163"},{"taxonomy":"product_tag","embeddable":true,"href":"https:\/\/vinodeli.ee\/en\/wp-json\/wp\/v2\/product_tag?post=48163"}],"curies":[{"name":"wp","href":"https:\/\/api.w.org\/{rel}","templated":true}]}}