{"id":48165,"date":"2021-05-17T17:13:36","date_gmt":"2021-05-17T14:13:36","guid":{"rendered":"https:\/\/vinodeli.ee\/product\/vicente-gandia-el-pescaito-suave-y-afrutado\/"},"modified":"2024-04-09T11:35:41","modified_gmt":"2024-04-09T08:35:41","slug":"vicente-gandia-el-pescaito-suave-y-afrutado","status":"publish","type":"product","link":"https:\/\/vinodeli.ee\/en\/product\/vicente-gandia-el-pescaito-suave-y-afrutado\/","title":{"rendered":"Vicente Gand\u00eda El Pescaito Suave y Afrutado White 10% vol."},"content":{"rendered":"<h3>About wine<\/h3>\n<div class=\"elementor-element elementor-element-574d6868 elementor-widget elementor-widget-text-editor\" data-id=\"574d6868\" data-element_type=\"widget\" data-widget_type=\"text-editor.default\">\n<div class=\"elementor-widget-container\">The grapes are harvested during August and September using the most kind varieties to get good quality in the grape-juice. During the elaboration has been a very soft crushing and pressing with the objective of obtaining the best quality of the grape-juice to ferment at very low temperature. Keeping the fresh and fruity character that characterizes it.<\/div>\n<\/div>\n<div class=\"elementor-element elementor-element-42cc3dc1 elementor-widget elementor-widget-heading\" data-id=\"42cc3dc1\" data-element_type=\"widget\" data-widget_type=\"heading.default\">\n<div class=\"elementor-widget-container\">\n<h3 class=\"elementor-heading-title elementor-size-default\">Tasting notes<\/h3>\n<\/div>\n<\/div>\n<div class=\"elementor-element elementor-element-30c5096c elementor-widget elementor-widget-text-editor\" data-id=\"30c5096c\" data-element_type=\"widget\" data-widget_type=\"text-editor.default\">\n<div class=\"elementor-widget-container\">\n<p>Presents a limpid and translucent pale yellow color. On the nose is fruity with citric and floral character. On the palate is equilibrate, very fresh and easy to drink.<\/p>\n<\/div>\n<\/div>\n","protected":false},"excerpt":{"rendered":"<blockquote>\n<h5>Veini t\u00fc\u00fcp: noor valge<\/h5>\n<\/blockquote>\n<h5><em>Viinamarjad koristatakse augustis ja septembris kasutades k\u00f5ike erinevaid sorte, et saada hea kvaliteediga viinamarjamahla. Seej\u00e4rel toimub v\u00e4ga pehme purustamine ja pressimine ning v\u00e4ga madalal temperatuuril k\u00e4\u00e4rimine. Hoides v\u00e4rsket ja mahlakat iseloomu, mis seda iseloomustab.<\/em><\/h5>\n<h5><em>\u00d5rn ja pooll\u00e4bipaistev, kahvatukollast v\u00e4rvi. Puuviljane, sidrunise ja lillelise iseloomuga. Maitse on tasakaalustatud, v\u00e4ga v\u00e4rske ja kergesti joodav.<\/em><\/h5>\n<h5><em>Serveerimistemperatuur: 7\/8C.<\/em><\/h5>\n<h5><em>Toidusoovitus: kala, juust, mereannid.<\/em><\/h5>\n","protected":false},"featured_media":46862,"template":"","meta":{"_acf_changed":false},"product_brand":[],"product_cat":[19460],"product_tag":[],"class_list":{"0":"post-48165","1":"product","2":"type-product","3":"status-publish","4":"has-post-thumbnail","6":"product_cat-white-wine","8":"first","9":"instock","10":"taxable","11":"shipping-taxable","12":"purchasable","13":"product-type-simple"},"acf":[],"yoast_head":"<!-- This site is optimized with the Yoast SEO plugin v25.7 - https:\/\/yoast.com\/wordpress\/plugins\/seo\/ -->\n<title>Vicente Gand\u00eda El Pescaito Suave y Afrutado White 10% vol. - Vinodeli<\/title>\n<meta name=\"robots\" content=\"index, follow, max-snippet:-1, max-image-preview:large, max-video-preview:-1\" \/>\n<link rel=\"canonical\" href=\"https:\/\/vinodeli.ee\/en\/product\/vicente-gandia-el-pescaito-suave-y-afrutado\/\" \/>\n<meta property=\"og:locale\" content=\"en_US\" \/>\n<meta property=\"og:type\" content=\"article\" \/>\n<meta property=\"og:title\" content=\"Vicente Gand\u00eda El Pescaito Suave y Afrutado White 10% vol. - Vinodeli\" \/>\n<meta property=\"og:description\" content=\"Veini t\u00fc\u00fcp: noor valgeViinamarjad koristatakse augustis ja septembris kasutades k\u00f5ike erinevaid sorte, et saada hea kvaliteediga viinamarjamahla. Seej\u00e4rel toimub v\u00e4ga pehme purustamine ja pressimine ning v\u00e4ga madalal temperatuuril k\u00e4\u00e4rimine. Hoides v\u00e4rsket ja mahlakat iseloomu, mis seda iseloomustab.\u00d5rn ja pooll\u00e4bipaistev, kahvatukollast v\u00e4rvi. Puuviljane, sidrunise ja lillelise iseloomuga. Maitse on tasakaalustatud, v\u00e4ga v\u00e4rske ja kergesti joodav.Serveerimistemperatuur: 7\/8C.Toidusoovitus: kala, juust, mereannid.\" \/>\n<meta property=\"og:url\" content=\"https:\/\/vinodeli.ee\/en\/product\/vicente-gandia-el-pescaito-suave-y-afrutado\/\" \/>\n<meta property=\"og:site_name\" content=\"Vinodeli\" \/>\n<meta property=\"article:modified_time\" content=\"2024-04-09T08:35:41+00:00\" \/>\n<meta property=\"og:image\" content=\"https:\/\/vinodeli.ee\/wp-content\/uploads\/2023\/11\/pescaito_suave_afrutado_1-scaled-1-jpg-2.webp\" \/>\n\t<meta property=\"og:image:width\" content=\"2560\" \/>\n\t<meta property=\"og:image:height\" content=\"2560\" \/>\n\t<meta property=\"og:image:type\" content=\"image\/webp\" \/>\n<meta name=\"twitter:card\" content=\"summary_large_image\" \/>\n<script type=\"application\/ld+json\" class=\"yoast-schema-graph\">{\"@context\":\"https:\/\/schema.org\",\"@graph\":[{\"@type\":\"WebPage\",\"@id\":\"https:\/\/vinodeli.ee\/en\/product\/vicente-gandia-el-pescaito-suave-y-afrutado\/\",\"url\":\"https:\/\/vinodeli.ee\/en\/product\/vicente-gandia-el-pescaito-suave-y-afrutado\/\",\"name\":\"Vicente Gand\u00eda El Pescaito Suave y Afrutado White 10% vol. - Vinodeli\",\"isPartOf\":{\"@id\":\"https:\/\/vinodeli.ee\/#website\"},\"primaryImageOfPage\":{\"@id\":\"https:\/\/vinodeli.ee\/en\/product\/vicente-gandia-el-pescaito-suave-y-afrutado\/#primaryimage\"},\"image\":{\"@id\":\"https:\/\/vinodeli.ee\/en\/product\/vicente-gandia-el-pescaito-suave-y-afrutado\/#primaryimage\"},\"thumbnailUrl\":\"https:\/\/vinodeli.ee\/wp-content\/uploads\/2023\/11\/pescaito_suave_afrutado_1-scaled-1-jpg-2.webp\",\"datePublished\":\"2021-05-17T14:13:36+00:00\",\"dateModified\":\"2024-04-09T08:35:41+00:00\",\"breadcrumb\":{\"@id\":\"https:\/\/vinodeli.ee\/en\/product\/vicente-gandia-el-pescaito-suave-y-afrutado\/#breadcrumb\"},\"inLanguage\":\"en-US\",\"potentialAction\":[{\"@type\":\"ReadAction\",\"target\":[\"https:\/\/vinodeli.ee\/en\/product\/vicente-gandia-el-pescaito-suave-y-afrutado\/\"]}]},{\"@type\":\"ImageObject\",\"inLanguage\":\"en-US\",\"@id\":\"https:\/\/vinodeli.ee\/en\/product\/vicente-gandia-el-pescaito-suave-y-afrutado\/#primaryimage\",\"url\":\"https:\/\/vinodeli.ee\/wp-content\/uploads\/2023\/11\/pescaito_suave_afrutado_1-scaled-1-jpg-2.webp\",\"contentUrl\":\"https:\/\/vinodeli.ee\/wp-content\/uploads\/2023\/11\/pescaito_suave_afrutado_1-scaled-1-jpg-2.webp\",\"width\":2560,\"height\":2560},{\"@type\":\"BreadcrumbList\",\"@id\":\"https:\/\/vinodeli.ee\/en\/product\/vicente-gandia-el-pescaito-suave-y-afrutado\/#breadcrumb\",\"itemListElement\":[{\"@type\":\"ListItem\",\"position\":1,\"name\":\"Home\",\"item\":\"https:\/\/vinodeli.ee\/en\/\"},{\"@type\":\"ListItem\",\"position\":2,\"name\":\"Shop\",\"item\":\"https:\/\/vinodeli.ee\/pood\/\"},{\"@type\":\"ListItem\",\"position\":3,\"name\":\"Vicente Gand\u00eda El Pescaito Suave y Afrutado White 10% vol.\"}]},{\"@type\":\"WebSite\",\"@id\":\"https:\/\/vinodeli.ee\/#website\",\"url\":\"https:\/\/vinodeli.ee\/\",\"name\":\"Vinodeli\",\"description\":\"\",\"publisher\":{\"@id\":\"https:\/\/vinodeli.ee\/#organization\"},\"potentialAction\":[{\"@type\":\"SearchAction\",\"target\":{\"@type\":\"EntryPoint\",\"urlTemplate\":\"https:\/\/vinodeli.ee\/?s={search_term_string}\"},\"query-input\":{\"@type\":\"PropertyValueSpecification\",\"valueRequired\":true,\"valueName\":\"search_term_string\"}}],\"inLanguage\":\"en-US\"},{\"@type\":\"Organization\",\"@id\":\"https:\/\/vinodeli.ee\/#organization\",\"name\":\"Vinodeli O\u00dc\",\"url\":\"https:\/\/vinodeli.ee\/\",\"logo\":{\"@type\":\"ImageObject\",\"inLanguage\":\"en-US\",\"@id\":\"https:\/\/vinodeli.ee\/#\/schema\/logo\/image\/\",\"url\":\"https:\/\/vinodeli.ee\/wp-content\/uploads\/2024\/02\/logo-winodeli-1.png\",\"contentUrl\":\"https:\/\/vinodeli.ee\/wp-content\/uploads\/2024\/02\/logo-winodeli-1.png\",\"width\":1500,\"height\":1150,\"caption\":\"Vinodeli O\u00dc\"},\"image\":{\"@id\":\"https:\/\/vinodeli.ee\/#\/schema\/logo\/image\/\"}}]}<\/script>\n<!-- \/ Yoast SEO plugin. -->","yoast_head_json":{"title":"Vicente Gand\u00eda El Pescaito Suave y Afrutado White 10% vol. - Vinodeli","robots":{"index":"index","follow":"follow","max-snippet":"max-snippet:-1","max-image-preview":"max-image-preview:large","max-video-preview":"max-video-preview:-1"},"canonical":"https:\/\/vinodeli.ee\/en\/product\/vicente-gandia-el-pescaito-suave-y-afrutado\/","og_locale":"en_US","og_type":"article","og_title":"Vicente Gand\u00eda El Pescaito Suave y Afrutado White 10% vol. - Vinodeli","og_description":"Veini t\u00fc\u00fcp: noor valgeViinamarjad koristatakse augustis ja septembris kasutades k\u00f5ike erinevaid sorte, et saada hea kvaliteediga viinamarjamahla. Seej\u00e4rel toimub v\u00e4ga pehme purustamine ja pressimine ning v\u00e4ga madalal temperatuuril k\u00e4\u00e4rimine. Hoides v\u00e4rsket ja mahlakat iseloomu, mis seda iseloomustab.\u00d5rn ja pooll\u00e4bipaistev, kahvatukollast v\u00e4rvi. Puuviljane, sidrunise ja lillelise iseloomuga. Maitse on tasakaalustatud, v\u00e4ga v\u00e4rske ja kergesti joodav.Serveerimistemperatuur: 7\/8C.Toidusoovitus: kala, juust, mereannid.","og_url":"https:\/\/vinodeli.ee\/en\/product\/vicente-gandia-el-pescaito-suave-y-afrutado\/","og_site_name":"Vinodeli","article_modified_time":"2024-04-09T08:35:41+00:00","og_image":[{"width":2560,"height":2560,"url":"https:\/\/vinodeli.ee\/wp-content\/uploads\/2023\/11\/pescaito_suave_afrutado_1-scaled-1-jpg-2.webp","type":"image\/webp"}],"twitter_card":"summary_large_image","schema":{"@context":"https:\/\/schema.org","@graph":[{"@type":"WebPage","@id":"https:\/\/vinodeli.ee\/en\/product\/vicente-gandia-el-pescaito-suave-y-afrutado\/","url":"https:\/\/vinodeli.ee\/en\/product\/vicente-gandia-el-pescaito-suave-y-afrutado\/","name":"Vicente Gand\u00eda El Pescaito Suave y Afrutado White 10% vol. - Vinodeli","isPartOf":{"@id":"https:\/\/vinodeli.ee\/#website"},"primaryImageOfPage":{"@id":"https:\/\/vinodeli.ee\/en\/product\/vicente-gandia-el-pescaito-suave-y-afrutado\/#primaryimage"},"image":{"@id":"https:\/\/vinodeli.ee\/en\/product\/vicente-gandia-el-pescaito-suave-y-afrutado\/#primaryimage"},"thumbnailUrl":"https:\/\/vinodeli.ee\/wp-content\/uploads\/2023\/11\/pescaito_suave_afrutado_1-scaled-1-jpg-2.webp","datePublished":"2021-05-17T14:13:36+00:00","dateModified":"2024-04-09T08:35:41+00:00","breadcrumb":{"@id":"https:\/\/vinodeli.ee\/en\/product\/vicente-gandia-el-pescaito-suave-y-afrutado\/#breadcrumb"},"inLanguage":"en-US","potentialAction":[{"@type":"ReadAction","target":["https:\/\/vinodeli.ee\/en\/product\/vicente-gandia-el-pescaito-suave-y-afrutado\/"]}]},{"@type":"ImageObject","inLanguage":"en-US","@id":"https:\/\/vinodeli.ee\/en\/product\/vicente-gandia-el-pescaito-suave-y-afrutado\/#primaryimage","url":"https:\/\/vinodeli.ee\/wp-content\/uploads\/2023\/11\/pescaito_suave_afrutado_1-scaled-1-jpg-2.webp","contentUrl":"https:\/\/vinodeli.ee\/wp-content\/uploads\/2023\/11\/pescaito_suave_afrutado_1-scaled-1-jpg-2.webp","width":2560,"height":2560},{"@type":"BreadcrumbList","@id":"https:\/\/vinodeli.ee\/en\/product\/vicente-gandia-el-pescaito-suave-y-afrutado\/#breadcrumb","itemListElement":[{"@type":"ListItem","position":1,"name":"Home","item":"https:\/\/vinodeli.ee\/en\/"},{"@type":"ListItem","position":2,"name":"Shop","item":"https:\/\/vinodeli.ee\/pood\/"},{"@type":"ListItem","position":3,"name":"Vicente Gand\u00eda El Pescaito Suave y Afrutado White 10% vol."}]},{"@type":"WebSite","@id":"https:\/\/vinodeli.ee\/#website","url":"https:\/\/vinodeli.ee\/","name":"Vinodeli","description":"","publisher":{"@id":"https:\/\/vinodeli.ee\/#organization"},"potentialAction":[{"@type":"SearchAction","target":{"@type":"EntryPoint","urlTemplate":"https:\/\/vinodeli.ee\/?s={search_term_string}"},"query-input":{"@type":"PropertyValueSpecification","valueRequired":true,"valueName":"search_term_string"}}],"inLanguage":"en-US"},{"@type":"Organization","@id":"https:\/\/vinodeli.ee\/#organization","name":"Vinodeli O\u00dc","url":"https:\/\/vinodeli.ee\/","logo":{"@type":"ImageObject","inLanguage":"en-US","@id":"https:\/\/vinodeli.ee\/#\/schema\/logo\/image\/","url":"https:\/\/vinodeli.ee\/wp-content\/uploads\/2024\/02\/logo-winodeli-1.png","contentUrl":"https:\/\/vinodeli.ee\/wp-content\/uploads\/2024\/02\/logo-winodeli-1.png","width":1500,"height":1150,"caption":"Vinodeli O\u00dc"},"image":{"@id":"https:\/\/vinodeli.ee\/#\/schema\/logo\/image\/"}}]}},"_links":{"self":[{"href":"https:\/\/vinodeli.ee\/en\/wp-json\/wp\/v2\/product\/48165","targetHints":{"allow":["GET"]}}],"collection":[{"href":"https:\/\/vinodeli.ee\/en\/wp-json\/wp\/v2\/product"}],"about":[{"href":"https:\/\/vinodeli.ee\/en\/wp-json\/wp\/v2\/types\/product"}],"version-history":[{"count":0,"href":"https:\/\/vinodeli.ee\/en\/wp-json\/wp\/v2\/product\/48165\/revisions"}],"wp:featuredmedia":[{"embeddable":true,"href":"https:\/\/vinodeli.ee\/en\/wp-json\/wp\/v2\/media\/46862"}],"wp:attachment":[{"href":"https:\/\/vinodeli.ee\/en\/wp-json\/wp\/v2\/media?parent=48165"}],"wp:term":[{"taxonomy":"product_brand","embeddable":true,"href":"https:\/\/vinodeli.ee\/en\/wp-json\/wp\/v2\/product_brand?post=48165"},{"taxonomy":"product_cat","embeddable":true,"href":"https:\/\/vinodeli.ee\/en\/wp-json\/wp\/v2\/product_cat?post=48165"},{"taxonomy":"product_tag","embeddable":true,"href":"https:\/\/vinodeli.ee\/en\/wp-json\/wp\/v2\/product_tag?post=48165"}],"curies":[{"name":"wp","href":"https:\/\/api.w.org\/{rel}","templated":true}]}}