{"id":48168,"date":"2023-08-25T10:23:28","date_gmt":"2023-08-25T07:23:28","guid":{"rendered":"https:\/\/vinodeli.ee\/product\/vicente-gandia-baron-de-valls-white\/"},"modified":"2024-04-09T10:56:57","modified_gmt":"2024-04-09T07:56:57","slug":"vicente-gandia-baron-de-valls-white","status":"publish","type":"product","link":"https:\/\/vinodeli.ee\/en\/product\/vicente-gandia-baron-de-valls-white\/","title":{"rendered":"Vicente Gandia Bar\u00f3n De Valls White 11.5% vol."},"content":{"rendered":"<div class=\"elementor-element elementor-element-2789edfd elementor-widget elementor-widget-text-editor\" data-id=\"2789edfd\" data-element_type=\"widget\" data-widget_type=\"text-editor.default\">\n<div class=\"elementor-widget-container\">\n<h3>Tasting notes<\/h3>\n<p>Straw yellow color and translucent, the predominant aromas in its bouquet are ripe fruits reminiscent of apricot skins. On the palate it is ample and smooth, with excellent balance between sugars and acidity. Serve between 6 and 8\u00baC.<\/p>\n<h3>Food pairing<\/h3>\n<p>An accompaniment for seafood such as clams, and all kinds of fresh fish.<\/p>\n<\/div>\n<\/div>\n","protected":false},"excerpt":{"rendered":"<blockquote><p>Viinamarjasort: Macabeo<\/p><\/blockquote>\n<p><em>Kollane ja pooll\u00e4bipaistev, selle kimbus on \u00fclekaalus k\u00fcpsete viljade aroomid, mis meenutavad aprikoosikoori. Maitselt on see k\u00fcllaldane ja sile, suurep\u00e4rase tasakaaluga suhkrute ja happesuse vahel.<\/em><em>Toidusoovitus: mereandid, n\u00e4iteks merekarbid, ja igasugused v\u00e4rsked kalad.<\/em><em>Serveerimistemperatuur: 6\/8\u00baC<\/em><\/p>\n","protected":false},"featured_media":43338,"template":"","meta":{"_acf_changed":false},"product_brand":[],"product_cat":[19460],"product_tag":[],"class_list":{"0":"post-48168","1":"product","2":"type-product","3":"status-publish","4":"has-post-thumbnail","6":"product_cat-white-wine","8":"first","9":"instock","10":"taxable","11":"shipping-taxable","12":"purchasable","13":"product-type-simple"},"acf":[],"yoast_head":"<!-- This site is optimized with the Yoast SEO plugin v25.7 - https:\/\/yoast.com\/wordpress\/plugins\/seo\/ -->\n<title>Vicente Gandia Bar\u00f3n De Valls White 11.5% vol. - Vinodeli<\/title>\n<meta name=\"robots\" content=\"index, follow, max-snippet:-1, max-image-preview:large, max-video-preview:-1\" \/>\n<link rel=\"canonical\" href=\"https:\/\/vinodeli.ee\/en\/product\/vicente-gandia-baron-de-valls-white\/\" \/>\n<meta property=\"og:locale\" content=\"en_US\" \/>\n<meta property=\"og:type\" content=\"article\" \/>\n<meta property=\"og:title\" content=\"Vicente Gandia Bar\u00f3n De Valls White 11.5% vol. - Vinodeli\" \/>\n<meta property=\"og:description\" content=\"Viinamarjasort: MacabeoKollane ja pooll\u00e4bipaistev, selle kimbus on \u00fclekaalus k\u00fcpsete viljade aroomid, mis meenutavad aprikoosikoori. Maitselt on see k\u00fcllaldane ja sile, suurep\u00e4rase tasakaaluga suhkrute ja happesuse vahel.Toidusoovitus: mereandid, n\u00e4iteks merekarbid, ja igasugused v\u00e4rsked kalad.Serveerimistemperatuur: 6\/8\u00baC\" \/>\n<meta property=\"og:url\" content=\"https:\/\/vinodeli.ee\/en\/product\/vicente-gandia-baron-de-valls-white\/\" \/>\n<meta property=\"og:site_name\" content=\"Vinodeli\" \/>\n<meta property=\"article:modified_time\" content=\"2024-04-09T07:56:57+00:00\" \/>\n<meta property=\"og:image\" content=\"https:\/\/vinodeli.ee\/wp-content\/uploads\/2023\/11\/barondevallsvalge-scaled-1-jpg-2.webp\" \/>\n\t<meta property=\"og:image:width\" content=\"2560\" \/>\n\t<meta property=\"og:image:height\" content=\"2560\" \/>\n\t<meta property=\"og:image:type\" content=\"image\/webp\" \/>\n<meta name=\"twitter:card\" content=\"summary_large_image\" \/>\n<script type=\"application\/ld+json\" class=\"yoast-schema-graph\">{\"@context\":\"https:\/\/schema.org\",\"@graph\":[{\"@type\":\"WebPage\",\"@id\":\"https:\/\/vinodeli.ee\/en\/product\/vicente-gandia-baron-de-valls-white\/\",\"url\":\"https:\/\/vinodeli.ee\/en\/product\/vicente-gandia-baron-de-valls-white\/\",\"name\":\"Vicente Gandia Bar\u00f3n De Valls White 11.5% vol. - Vinodeli\",\"isPartOf\":{\"@id\":\"https:\/\/vinodeli.ee\/#website\"},\"primaryImageOfPage\":{\"@id\":\"https:\/\/vinodeli.ee\/en\/product\/vicente-gandia-baron-de-valls-white\/#primaryimage\"},\"image\":{\"@id\":\"https:\/\/vinodeli.ee\/en\/product\/vicente-gandia-baron-de-valls-white\/#primaryimage\"},\"thumbnailUrl\":\"https:\/\/vinodeli.ee\/wp-content\/uploads\/2023\/11\/barondevallsvalge-scaled-1-jpg-2.webp\",\"datePublished\":\"2023-08-25T07:23:28+00:00\",\"dateModified\":\"2024-04-09T07:56:57+00:00\",\"breadcrumb\":{\"@id\":\"https:\/\/vinodeli.ee\/en\/product\/vicente-gandia-baron-de-valls-white\/#breadcrumb\"},\"inLanguage\":\"en-US\",\"potentialAction\":[{\"@type\":\"ReadAction\",\"target\":[\"https:\/\/vinodeli.ee\/en\/product\/vicente-gandia-baron-de-valls-white\/\"]}]},{\"@type\":\"ImageObject\",\"inLanguage\":\"en-US\",\"@id\":\"https:\/\/vinodeli.ee\/en\/product\/vicente-gandia-baron-de-valls-white\/#primaryimage\",\"url\":\"https:\/\/vinodeli.ee\/wp-content\/uploads\/2023\/11\/barondevallsvalge-scaled-1-jpg-2.webp\",\"contentUrl\":\"https:\/\/vinodeli.ee\/wp-content\/uploads\/2023\/11\/barondevallsvalge-scaled-1-jpg-2.webp\",\"width\":2560,\"height\":2560},{\"@type\":\"BreadcrumbList\",\"@id\":\"https:\/\/vinodeli.ee\/en\/product\/vicente-gandia-baron-de-valls-white\/#breadcrumb\",\"itemListElement\":[{\"@type\":\"ListItem\",\"position\":1,\"name\":\"Home\",\"item\":\"https:\/\/vinodeli.ee\/en\/\"},{\"@type\":\"ListItem\",\"position\":2,\"name\":\"Shop\",\"item\":\"https:\/\/vinodeli.ee\/pood\/\"},{\"@type\":\"ListItem\",\"position\":3,\"name\":\"Vicente Gandia Bar\u00f3n De Valls White 11.5% vol.\"}]},{\"@type\":\"WebSite\",\"@id\":\"https:\/\/vinodeli.ee\/#website\",\"url\":\"https:\/\/vinodeli.ee\/\",\"name\":\"Vinodeli\",\"description\":\"\",\"publisher\":{\"@id\":\"https:\/\/vinodeli.ee\/#organization\"},\"potentialAction\":[{\"@type\":\"SearchAction\",\"target\":{\"@type\":\"EntryPoint\",\"urlTemplate\":\"https:\/\/vinodeli.ee\/?s={search_term_string}\"},\"query-input\":{\"@type\":\"PropertyValueSpecification\",\"valueRequired\":true,\"valueName\":\"search_term_string\"}}],\"inLanguage\":\"en-US\"},{\"@type\":\"Organization\",\"@id\":\"https:\/\/vinodeli.ee\/#organization\",\"name\":\"Vinodeli O\u00dc\",\"url\":\"https:\/\/vinodeli.ee\/\",\"logo\":{\"@type\":\"ImageObject\",\"inLanguage\":\"en-US\",\"@id\":\"https:\/\/vinodeli.ee\/#\/schema\/logo\/image\/\",\"url\":\"https:\/\/vinodeli.ee\/wp-content\/uploads\/2024\/02\/logo-winodeli-1.png\",\"contentUrl\":\"https:\/\/vinodeli.ee\/wp-content\/uploads\/2024\/02\/logo-winodeli-1.png\",\"width\":1500,\"height\":1150,\"caption\":\"Vinodeli O\u00dc\"},\"image\":{\"@id\":\"https:\/\/vinodeli.ee\/#\/schema\/logo\/image\/\"}}]}<\/script>\n<!-- \/ Yoast SEO plugin. -->","yoast_head_json":{"title":"Vicente Gandia Bar\u00f3n De Valls White 11.5% vol. - Vinodeli","robots":{"index":"index","follow":"follow","max-snippet":"max-snippet:-1","max-image-preview":"max-image-preview:large","max-video-preview":"max-video-preview:-1"},"canonical":"https:\/\/vinodeli.ee\/en\/product\/vicente-gandia-baron-de-valls-white\/","og_locale":"en_US","og_type":"article","og_title":"Vicente Gandia Bar\u00f3n De Valls White 11.5% vol. - Vinodeli","og_description":"Viinamarjasort: MacabeoKollane ja pooll\u00e4bipaistev, selle kimbus on \u00fclekaalus k\u00fcpsete viljade aroomid, mis meenutavad aprikoosikoori. Maitselt on see k\u00fcllaldane ja sile, suurep\u00e4rase tasakaaluga suhkrute ja happesuse vahel.Toidusoovitus: mereandid, n\u00e4iteks merekarbid, ja igasugused v\u00e4rsked kalad.Serveerimistemperatuur: 6\/8\u00baC","og_url":"https:\/\/vinodeli.ee\/en\/product\/vicente-gandia-baron-de-valls-white\/","og_site_name":"Vinodeli","article_modified_time":"2024-04-09T07:56:57+00:00","og_image":[{"width":2560,"height":2560,"url":"https:\/\/vinodeli.ee\/wp-content\/uploads\/2023\/11\/barondevallsvalge-scaled-1-jpg-2.webp","type":"image\/webp"}],"twitter_card":"summary_large_image","schema":{"@context":"https:\/\/schema.org","@graph":[{"@type":"WebPage","@id":"https:\/\/vinodeli.ee\/en\/product\/vicente-gandia-baron-de-valls-white\/","url":"https:\/\/vinodeli.ee\/en\/product\/vicente-gandia-baron-de-valls-white\/","name":"Vicente Gandia Bar\u00f3n De Valls White 11.5% vol. - Vinodeli","isPartOf":{"@id":"https:\/\/vinodeli.ee\/#website"},"primaryImageOfPage":{"@id":"https:\/\/vinodeli.ee\/en\/product\/vicente-gandia-baron-de-valls-white\/#primaryimage"},"image":{"@id":"https:\/\/vinodeli.ee\/en\/product\/vicente-gandia-baron-de-valls-white\/#primaryimage"},"thumbnailUrl":"https:\/\/vinodeli.ee\/wp-content\/uploads\/2023\/11\/barondevallsvalge-scaled-1-jpg-2.webp","datePublished":"2023-08-25T07:23:28+00:00","dateModified":"2024-04-09T07:56:57+00:00","breadcrumb":{"@id":"https:\/\/vinodeli.ee\/en\/product\/vicente-gandia-baron-de-valls-white\/#breadcrumb"},"inLanguage":"en-US","potentialAction":[{"@type":"ReadAction","target":["https:\/\/vinodeli.ee\/en\/product\/vicente-gandia-baron-de-valls-white\/"]}]},{"@type":"ImageObject","inLanguage":"en-US","@id":"https:\/\/vinodeli.ee\/en\/product\/vicente-gandia-baron-de-valls-white\/#primaryimage","url":"https:\/\/vinodeli.ee\/wp-content\/uploads\/2023\/11\/barondevallsvalge-scaled-1-jpg-2.webp","contentUrl":"https:\/\/vinodeli.ee\/wp-content\/uploads\/2023\/11\/barondevallsvalge-scaled-1-jpg-2.webp","width":2560,"height":2560},{"@type":"BreadcrumbList","@id":"https:\/\/vinodeli.ee\/en\/product\/vicente-gandia-baron-de-valls-white\/#breadcrumb","itemListElement":[{"@type":"ListItem","position":1,"name":"Home","item":"https:\/\/vinodeli.ee\/en\/"},{"@type":"ListItem","position":2,"name":"Shop","item":"https:\/\/vinodeli.ee\/pood\/"},{"@type":"ListItem","position":3,"name":"Vicente Gandia Bar\u00f3n De Valls White 11.5% vol."}]},{"@type":"WebSite","@id":"https:\/\/vinodeli.ee\/#website","url":"https:\/\/vinodeli.ee\/","name":"Vinodeli","description":"","publisher":{"@id":"https:\/\/vinodeli.ee\/#organization"},"potentialAction":[{"@type":"SearchAction","target":{"@type":"EntryPoint","urlTemplate":"https:\/\/vinodeli.ee\/?s={search_term_string}"},"query-input":{"@type":"PropertyValueSpecification","valueRequired":true,"valueName":"search_term_string"}}],"inLanguage":"en-US"},{"@type":"Organization","@id":"https:\/\/vinodeli.ee\/#organization","name":"Vinodeli O\u00dc","url":"https:\/\/vinodeli.ee\/","logo":{"@type":"ImageObject","inLanguage":"en-US","@id":"https:\/\/vinodeli.ee\/#\/schema\/logo\/image\/","url":"https:\/\/vinodeli.ee\/wp-content\/uploads\/2024\/02\/logo-winodeli-1.png","contentUrl":"https:\/\/vinodeli.ee\/wp-content\/uploads\/2024\/02\/logo-winodeli-1.png","width":1500,"height":1150,"caption":"Vinodeli O\u00dc"},"image":{"@id":"https:\/\/vinodeli.ee\/#\/schema\/logo\/image\/"}}]}},"_links":{"self":[{"href":"https:\/\/vinodeli.ee\/en\/wp-json\/wp\/v2\/product\/48168","targetHints":{"allow":["GET"]}}],"collection":[{"href":"https:\/\/vinodeli.ee\/en\/wp-json\/wp\/v2\/product"}],"about":[{"href":"https:\/\/vinodeli.ee\/en\/wp-json\/wp\/v2\/types\/product"}],"version-history":[{"count":0,"href":"https:\/\/vinodeli.ee\/en\/wp-json\/wp\/v2\/product\/48168\/revisions"}],"wp:featuredmedia":[{"embeddable":true,"href":"https:\/\/vinodeli.ee\/en\/wp-json\/wp\/v2\/media\/43338"}],"wp:attachment":[{"href":"https:\/\/vinodeli.ee\/en\/wp-json\/wp\/v2\/media?parent=48168"}],"wp:term":[{"taxonomy":"product_brand","embeddable":true,"href":"https:\/\/vinodeli.ee\/en\/wp-json\/wp\/v2\/product_brand?post=48168"},{"taxonomy":"product_cat","embeddable":true,"href":"https:\/\/vinodeli.ee\/en\/wp-json\/wp\/v2\/product_cat?post=48168"},{"taxonomy":"product_tag","embeddable":true,"href":"https:\/\/vinodeli.ee\/en\/wp-json\/wp\/v2\/product_tag?post=48168"}],"curies":[{"name":"wp","href":"https:\/\/api.w.org\/{rel}","templated":true}]}}