{"id":48170,"date":"2023-08-25T10:34:22","date_gmt":"2023-08-25T07:34:22","guid":{"rendered":"https:\/\/vinodeli.ee\/product\/vicente-gandia-baron-de-valls-red\/"},"modified":"2023-12-20T14:07:36","modified_gmt":"2023-12-20T12:07:36","slug":"vicente-gandia-baron-de-valls-red","status":"publish","type":"product","link":"https:\/\/vinodeli.ee\/en\/product\/vicente-gandia-baron-de-valls-red\/","title":{"rendered":"Vicente Gandia Bar\u00f3n De Valls Red 11.5% vol."},"content":{"rendered":"","protected":false},"excerpt":{"rendered":"<blockquote>\n<h5>Viinamarjasort: Monastrell, Bobal ja Tempranillo.<\/h5>\n<\/blockquote>\n<h5><em>Atraktiivne rikkalik must kirsiv\u00e4rv, millel on peen lilla varjund. Ninal rohked maasika, vaarika ja muude metsamarjade aroomid. Maitselt avaneb selle mahlakas iseloom, h\u00e4sti \u00fcmardatud ja meeldiv viimistlus, t\u00e4iusliku happesuse ja kergelt magusa j\u00e4relmaitsega.<\/em><\/h5>\n<h5><em>Toidusoovitus: sobib eriti h\u00e4sti liha- ja juusturoogade juurde.<\/em><\/h5>\n<h5><em>Serveerimistemperatuur: 15\u00baC<\/em><\/h5>\n","protected":false},"featured_media":43332,"template":"","meta":{"_acf_changed":false},"product_brand":[],"product_cat":[19462],"product_tag":[],"class_list":{"0":"post-48170","1":"product","2":"type-product","3":"status-publish","4":"has-post-thumbnail","6":"product_cat-red-wine","8":"first","9":"instock","10":"taxable","11":"shipping-taxable","12":"purchasable","13":"product-type-simple"},"acf":[],"yoast_head":"<!-- This site is optimized with the Yoast SEO plugin v25.7 - https:\/\/yoast.com\/wordpress\/plugins\/seo\/ -->\n<title>Vicente Gandia Bar\u00f3n De Valls Red 11.5% vol. - Vinodeli<\/title>\n<meta name=\"robots\" content=\"index, follow, max-snippet:-1, max-image-preview:large, max-video-preview:-1\" \/>\n<link rel=\"canonical\" href=\"https:\/\/vinodeli.ee\/en\/product\/vicente-gandia-baron-de-valls-red\/\" \/>\n<meta property=\"og:locale\" content=\"en_US\" \/>\n<meta property=\"og:type\" content=\"article\" \/>\n<meta property=\"og:title\" content=\"Vicente Gandia Bar\u00f3n De Valls Red 11.5% vol. - Vinodeli\" \/>\n<meta property=\"og:description\" content=\"Viinamarjasort: Monastrell, Bobal ja Tempranillo.Atraktiivne rikkalik must kirsiv\u00e4rv, millel on peen lilla varjund. Ninal rohked maasika, vaarika ja muude metsamarjade aroomid. Maitselt avaneb selle mahlakas iseloom, h\u00e4sti \u00fcmardatud ja meeldiv viimistlus, t\u00e4iusliku happesuse ja kergelt magusa j\u00e4relmaitsega.Toidusoovitus: sobib eriti h\u00e4sti liha- ja juusturoogade juurde.Serveerimistemperatuur: 15\u00baC\" \/>\n<meta property=\"og:url\" content=\"https:\/\/vinodeli.ee\/en\/product\/vicente-gandia-baron-de-valls-red\/\" \/>\n<meta property=\"og:site_name\" content=\"Vinodeli\" \/>\n<meta property=\"article:modified_time\" content=\"2023-12-20T12:07:36+00:00\" \/>\n<meta property=\"og:image\" content=\"https:\/\/vinodeli.ee\/wp-content\/uploads\/2023\/11\/barondevallspunane-scaled-1-jpg-2.webp\" \/>\n\t<meta property=\"og:image:width\" content=\"2560\" \/>\n\t<meta property=\"og:image:height\" content=\"2560\" \/>\n\t<meta property=\"og:image:type\" content=\"image\/webp\" \/>\n<meta name=\"twitter:card\" content=\"summary_large_image\" \/>\n<script type=\"application\/ld+json\" class=\"yoast-schema-graph\">{\"@context\":\"https:\/\/schema.org\",\"@graph\":[{\"@type\":\"WebPage\",\"@id\":\"https:\/\/vinodeli.ee\/en\/product\/vicente-gandia-baron-de-valls-red\/\",\"url\":\"https:\/\/vinodeli.ee\/en\/product\/vicente-gandia-baron-de-valls-red\/\",\"name\":\"Vicente Gandia Bar\u00f3n De Valls Red 11.5% vol. - Vinodeli\",\"isPartOf\":{\"@id\":\"https:\/\/vinodeli.ee\/#website\"},\"primaryImageOfPage\":{\"@id\":\"https:\/\/vinodeli.ee\/en\/product\/vicente-gandia-baron-de-valls-red\/#primaryimage\"},\"image\":{\"@id\":\"https:\/\/vinodeli.ee\/en\/product\/vicente-gandia-baron-de-valls-red\/#primaryimage\"},\"thumbnailUrl\":\"https:\/\/vinodeli.ee\/wp-content\/uploads\/2023\/11\/barondevallspunane-scaled-1-jpg-2.webp\",\"datePublished\":\"2023-08-25T07:34:22+00:00\",\"dateModified\":\"2023-12-20T12:07:36+00:00\",\"breadcrumb\":{\"@id\":\"https:\/\/vinodeli.ee\/en\/product\/vicente-gandia-baron-de-valls-red\/#breadcrumb\"},\"inLanguage\":\"en-US\",\"potentialAction\":[{\"@type\":\"ReadAction\",\"target\":[\"https:\/\/vinodeli.ee\/en\/product\/vicente-gandia-baron-de-valls-red\/\"]}]},{\"@type\":\"ImageObject\",\"inLanguage\":\"en-US\",\"@id\":\"https:\/\/vinodeli.ee\/en\/product\/vicente-gandia-baron-de-valls-red\/#primaryimage\",\"url\":\"https:\/\/vinodeli.ee\/wp-content\/uploads\/2023\/11\/barondevallspunane-scaled-1-jpg-2.webp\",\"contentUrl\":\"https:\/\/vinodeli.ee\/wp-content\/uploads\/2023\/11\/barondevallspunane-scaled-1-jpg-2.webp\",\"width\":2560,\"height\":2560},{\"@type\":\"BreadcrumbList\",\"@id\":\"https:\/\/vinodeli.ee\/en\/product\/vicente-gandia-baron-de-valls-red\/#breadcrumb\",\"itemListElement\":[{\"@type\":\"ListItem\",\"position\":1,\"name\":\"Home\",\"item\":\"https:\/\/vinodeli.ee\/en\/\"},{\"@type\":\"ListItem\",\"position\":2,\"name\":\"Shop\",\"item\":\"https:\/\/vinodeli.ee\/pood\/\"},{\"@type\":\"ListItem\",\"position\":3,\"name\":\"Vicente Gandia Bar\u00f3n De Valls Red 11.5% vol.\"}]},{\"@type\":\"WebSite\",\"@id\":\"https:\/\/vinodeli.ee\/#website\",\"url\":\"https:\/\/vinodeli.ee\/\",\"name\":\"Vinodeli\",\"description\":\"\",\"publisher\":{\"@id\":\"https:\/\/vinodeli.ee\/#organization\"},\"potentialAction\":[{\"@type\":\"SearchAction\",\"target\":{\"@type\":\"EntryPoint\",\"urlTemplate\":\"https:\/\/vinodeli.ee\/?s={search_term_string}\"},\"query-input\":{\"@type\":\"PropertyValueSpecification\",\"valueRequired\":true,\"valueName\":\"search_term_string\"}}],\"inLanguage\":\"en-US\"},{\"@type\":\"Organization\",\"@id\":\"https:\/\/vinodeli.ee\/#organization\",\"name\":\"Vinodeli O\u00dc\",\"url\":\"https:\/\/vinodeli.ee\/\",\"logo\":{\"@type\":\"ImageObject\",\"inLanguage\":\"en-US\",\"@id\":\"https:\/\/vinodeli.ee\/#\/schema\/logo\/image\/\",\"url\":\"https:\/\/vinodeli.ee\/wp-content\/uploads\/2024\/02\/logo-winodeli-1.png\",\"contentUrl\":\"https:\/\/vinodeli.ee\/wp-content\/uploads\/2024\/02\/logo-winodeli-1.png\",\"width\":1500,\"height\":1150,\"caption\":\"Vinodeli O\u00dc\"},\"image\":{\"@id\":\"https:\/\/vinodeli.ee\/#\/schema\/logo\/image\/\"}}]}<\/script>\n<!-- \/ Yoast SEO plugin. -->","yoast_head_json":{"title":"Vicente Gandia Bar\u00f3n De Valls Red 11.5% vol. - Vinodeli","robots":{"index":"index","follow":"follow","max-snippet":"max-snippet:-1","max-image-preview":"max-image-preview:large","max-video-preview":"max-video-preview:-1"},"canonical":"https:\/\/vinodeli.ee\/en\/product\/vicente-gandia-baron-de-valls-red\/","og_locale":"en_US","og_type":"article","og_title":"Vicente Gandia Bar\u00f3n De Valls Red 11.5% vol. - Vinodeli","og_description":"Viinamarjasort: Monastrell, Bobal ja Tempranillo.Atraktiivne rikkalik must kirsiv\u00e4rv, millel on peen lilla varjund. Ninal rohked maasika, vaarika ja muude metsamarjade aroomid. Maitselt avaneb selle mahlakas iseloom, h\u00e4sti \u00fcmardatud ja meeldiv viimistlus, t\u00e4iusliku happesuse ja kergelt magusa j\u00e4relmaitsega.Toidusoovitus: sobib eriti h\u00e4sti liha- ja juusturoogade juurde.Serveerimistemperatuur: 15\u00baC","og_url":"https:\/\/vinodeli.ee\/en\/product\/vicente-gandia-baron-de-valls-red\/","og_site_name":"Vinodeli","article_modified_time":"2023-12-20T12:07:36+00:00","og_image":[{"width":2560,"height":2560,"url":"https:\/\/vinodeli.ee\/wp-content\/uploads\/2023\/11\/barondevallspunane-scaled-1-jpg-2.webp","type":"image\/webp"}],"twitter_card":"summary_large_image","schema":{"@context":"https:\/\/schema.org","@graph":[{"@type":"WebPage","@id":"https:\/\/vinodeli.ee\/en\/product\/vicente-gandia-baron-de-valls-red\/","url":"https:\/\/vinodeli.ee\/en\/product\/vicente-gandia-baron-de-valls-red\/","name":"Vicente Gandia Bar\u00f3n De Valls Red 11.5% vol. - Vinodeli","isPartOf":{"@id":"https:\/\/vinodeli.ee\/#website"},"primaryImageOfPage":{"@id":"https:\/\/vinodeli.ee\/en\/product\/vicente-gandia-baron-de-valls-red\/#primaryimage"},"image":{"@id":"https:\/\/vinodeli.ee\/en\/product\/vicente-gandia-baron-de-valls-red\/#primaryimage"},"thumbnailUrl":"https:\/\/vinodeli.ee\/wp-content\/uploads\/2023\/11\/barondevallspunane-scaled-1-jpg-2.webp","datePublished":"2023-08-25T07:34:22+00:00","dateModified":"2023-12-20T12:07:36+00:00","breadcrumb":{"@id":"https:\/\/vinodeli.ee\/en\/product\/vicente-gandia-baron-de-valls-red\/#breadcrumb"},"inLanguage":"en-US","potentialAction":[{"@type":"ReadAction","target":["https:\/\/vinodeli.ee\/en\/product\/vicente-gandia-baron-de-valls-red\/"]}]},{"@type":"ImageObject","inLanguage":"en-US","@id":"https:\/\/vinodeli.ee\/en\/product\/vicente-gandia-baron-de-valls-red\/#primaryimage","url":"https:\/\/vinodeli.ee\/wp-content\/uploads\/2023\/11\/barondevallspunane-scaled-1-jpg-2.webp","contentUrl":"https:\/\/vinodeli.ee\/wp-content\/uploads\/2023\/11\/barondevallspunane-scaled-1-jpg-2.webp","width":2560,"height":2560},{"@type":"BreadcrumbList","@id":"https:\/\/vinodeli.ee\/en\/product\/vicente-gandia-baron-de-valls-red\/#breadcrumb","itemListElement":[{"@type":"ListItem","position":1,"name":"Home","item":"https:\/\/vinodeli.ee\/en\/"},{"@type":"ListItem","position":2,"name":"Shop","item":"https:\/\/vinodeli.ee\/pood\/"},{"@type":"ListItem","position":3,"name":"Vicente Gandia Bar\u00f3n De Valls Red 11.5% vol."}]},{"@type":"WebSite","@id":"https:\/\/vinodeli.ee\/#website","url":"https:\/\/vinodeli.ee\/","name":"Vinodeli","description":"","publisher":{"@id":"https:\/\/vinodeli.ee\/#organization"},"potentialAction":[{"@type":"SearchAction","target":{"@type":"EntryPoint","urlTemplate":"https:\/\/vinodeli.ee\/?s={search_term_string}"},"query-input":{"@type":"PropertyValueSpecification","valueRequired":true,"valueName":"search_term_string"}}],"inLanguage":"en-US"},{"@type":"Organization","@id":"https:\/\/vinodeli.ee\/#organization","name":"Vinodeli O\u00dc","url":"https:\/\/vinodeli.ee\/","logo":{"@type":"ImageObject","inLanguage":"en-US","@id":"https:\/\/vinodeli.ee\/#\/schema\/logo\/image\/","url":"https:\/\/vinodeli.ee\/wp-content\/uploads\/2024\/02\/logo-winodeli-1.png","contentUrl":"https:\/\/vinodeli.ee\/wp-content\/uploads\/2024\/02\/logo-winodeli-1.png","width":1500,"height":1150,"caption":"Vinodeli O\u00dc"},"image":{"@id":"https:\/\/vinodeli.ee\/#\/schema\/logo\/image\/"}}]}},"_links":{"self":[{"href":"https:\/\/vinodeli.ee\/en\/wp-json\/wp\/v2\/product\/48170","targetHints":{"allow":["GET"]}}],"collection":[{"href":"https:\/\/vinodeli.ee\/en\/wp-json\/wp\/v2\/product"}],"about":[{"href":"https:\/\/vinodeli.ee\/en\/wp-json\/wp\/v2\/types\/product"}],"version-history":[{"count":0,"href":"https:\/\/vinodeli.ee\/en\/wp-json\/wp\/v2\/product\/48170\/revisions"}],"wp:featuredmedia":[{"embeddable":true,"href":"https:\/\/vinodeli.ee\/en\/wp-json\/wp\/v2\/media\/43332"}],"wp:attachment":[{"href":"https:\/\/vinodeli.ee\/en\/wp-json\/wp\/v2\/media?parent=48170"}],"wp:term":[{"taxonomy":"product_brand","embeddable":true,"href":"https:\/\/vinodeli.ee\/en\/wp-json\/wp\/v2\/product_brand?post=48170"},{"taxonomy":"product_cat","embeddable":true,"href":"https:\/\/vinodeli.ee\/en\/wp-json\/wp\/v2\/product_cat?post=48170"},{"taxonomy":"product_tag","embeddable":true,"href":"https:\/\/vinodeli.ee\/en\/wp-json\/wp\/v2\/product_tag?post=48170"}],"curies":[{"name":"wp","href":"https:\/\/api.w.org\/{rel}","templated":true}]}}