{"id":52531,"date":"2023-12-19T00:46:50","date_gmt":"2023-12-18T22:46:50","guid":{"rendered":"https:\/\/vinodeli.ee\/?post_type=product&#038;p=52531"},"modified":"2023-12-19T00:46:50","modified_gmt":"2023-12-18T22:46:50","slug":"cognac-extra-pierre-de-segonzac-40-07l","status":"publish","type":"product","link":"https:\/\/vinodeli.ee\/en\/product\/cognac-extra-pierre-de-segonzac-40-07l\/","title":{"rendered":"Cognac EXTRA Pierre De Segonzac 40% 0,7L"},"content":{"rendered":"<blockquote>\n<h5>This cognac house was founded by Pierre de Segonzac. Pierre came from a traditional bouilleur de cru (cognac maker who distils only his own harvest) family who settled in Segonzac, in the heart of the Grande Champagne growing region of Cognac (Cognac 1st Cru) from 1702. onwards. Pierre&#8217;s portrait is quite appropriately used as the company logo, but today Pierre&#8217;s grandson Pablo Ferrand runs the family vineyards at La N\u00e9rolle in Segonzac. The family still distils its own wine, ageing it with the same care and tradition as in the old days. Christian, Pablo&#8217;s father, is responsible for customer service and distribution &#8211; worldwide. Pierre would have been very proud to see the revival of his treasured brand and how it works today.<\/h5>\n<\/blockquote>\n<h2><strong>Cognac EXTRA Pierre De Segonzac<\/strong><\/h2>\n<p>Distilled by Pierre in the 1970s, this cognac represents &#8220;rancio&#8221; charentais at its peak. Complex nose with notes of candied plum and apricot, brioche and cigar box.<br \/>\nOpen palate, smooth and rich in the mouth; great aromatic complexity. Permanent finish.<br \/>\nA pleasurable experience full of sensuality<\/p>\n<h2><strong>Recommendations for use<\/strong><\/h2>\n<p>Food pairing: serve with Cr\u00e8me br\u00fbl\u00e9e or Tiramisu.<br \/>\nEnjoy it neat or with a coffee from Honduras or Brazil for a long drink, or a long conversation.<\/p>\n","protected":false},"excerpt":{"rendered":"<p>This cognac house was founded by Pierre de Segonzac. Pierre came from a traditional bouilleur de cru (cognac maker who<\/p>\n","protected":false},"featured_media":52528,"template":"","meta":{"_acf_changed":false},"product_brand":[],"product_cat":[19464,19466],"product_tag":[],"class_list":{"0":"post-52531","1":"product","2":"type-product","3":"status-publish","4":"has-post-thumbnail","6":"product_cat-strong-alcohol","7":"product_cat-cognac","9":"first","10":"instock","11":"taxable","12":"shipping-taxable","13":"purchasable","14":"product-type-simple"},"acf":[],"yoast_head":"<!-- This site is optimized with the Yoast SEO plugin v25.7 - https:\/\/yoast.com\/wordpress\/plugins\/seo\/ -->\n<title>Cognac EXTRA Pierre De Segonzac 40% 0,7L - Vinodeli<\/title>\n<meta name=\"robots\" content=\"index, follow, max-snippet:-1, max-image-preview:large, max-video-preview:-1\" \/>\n<link rel=\"canonical\" href=\"https:\/\/vinodeli.ee\/en\/product\/cognac-extra-pierre-de-segonzac-40-07l\/\" \/>\n<meta property=\"og:locale\" content=\"en_US\" \/>\n<meta property=\"og:type\" content=\"article\" \/>\n<meta property=\"og:title\" content=\"Cognac EXTRA Pierre De Segonzac 40% 0,7L - Vinodeli\" \/>\n<meta property=\"og:description\" content=\"This cognac house was founded by Pierre de Segonzac. Pierre came from a traditional bouilleur de cru (cognac maker who\" \/>\n<meta property=\"og:url\" content=\"https:\/\/vinodeli.ee\/en\/product\/cognac-extra-pierre-de-segonzac-40-07l\/\" \/>\n<meta property=\"og:site_name\" content=\"Vinodeli\" \/>\n<meta property=\"og:image\" content=\"https:\/\/vinodeli.ee\/wp-content\/uploads\/2023\/12\/extra-1000x1000-2.jpg\" \/>\n\t<meta property=\"og:image:width\" content=\"1000\" \/>\n\t<meta property=\"og:image:height\" content=\"1000\" \/>\n\t<meta property=\"og:image:type\" content=\"image\/jpeg\" \/>\n<meta name=\"twitter:card\" content=\"summary_large_image\" \/>\n<meta name=\"twitter:label1\" content=\"Est. reading time\" \/>\n\t<meta name=\"twitter:data1\" content=\"1 minute\" \/>\n<script type=\"application\/ld+json\" class=\"yoast-schema-graph\">{\"@context\":\"https:\/\/schema.org\",\"@graph\":[{\"@type\":\"WebPage\",\"@id\":\"https:\/\/vinodeli.ee\/en\/product\/cognac-extra-pierre-de-segonzac-40-07l\/\",\"url\":\"https:\/\/vinodeli.ee\/en\/product\/cognac-extra-pierre-de-segonzac-40-07l\/\",\"name\":\"Cognac EXTRA Pierre De Segonzac 40% 0,7L - Vinodeli\",\"isPartOf\":{\"@id\":\"https:\/\/vinodeli.ee\/#website\"},\"primaryImageOfPage\":{\"@id\":\"https:\/\/vinodeli.ee\/en\/product\/cognac-extra-pierre-de-segonzac-40-07l\/#primaryimage\"},\"image\":{\"@id\":\"https:\/\/vinodeli.ee\/en\/product\/cognac-extra-pierre-de-segonzac-40-07l\/#primaryimage\"},\"thumbnailUrl\":\"https:\/\/vinodeli.ee\/wp-content\/uploads\/2023\/12\/extra-1000x1000-2.jpg\",\"datePublished\":\"2023-12-18T22:46:50+00:00\",\"breadcrumb\":{\"@id\":\"https:\/\/vinodeli.ee\/en\/product\/cognac-extra-pierre-de-segonzac-40-07l\/#breadcrumb\"},\"inLanguage\":\"en-US\",\"potentialAction\":[{\"@type\":\"ReadAction\",\"target\":[\"https:\/\/vinodeli.ee\/en\/product\/cognac-extra-pierre-de-segonzac-40-07l\/\"]}]},{\"@type\":\"ImageObject\",\"inLanguage\":\"en-US\",\"@id\":\"https:\/\/vinodeli.ee\/en\/product\/cognac-extra-pierre-de-segonzac-40-07l\/#primaryimage\",\"url\":\"https:\/\/vinodeli.ee\/wp-content\/uploads\/2023\/12\/extra-1000x1000-2.jpg\",\"contentUrl\":\"https:\/\/vinodeli.ee\/wp-content\/uploads\/2023\/12\/extra-1000x1000-2.jpg\",\"width\":1000,\"height\":1000},{\"@type\":\"BreadcrumbList\",\"@id\":\"https:\/\/vinodeli.ee\/en\/product\/cognac-extra-pierre-de-segonzac-40-07l\/#breadcrumb\",\"itemListElement\":[{\"@type\":\"ListItem\",\"position\":1,\"name\":\"Home\",\"item\":\"https:\/\/vinodeli.ee\/en\/\"},{\"@type\":\"ListItem\",\"position\":2,\"name\":\"Shop\",\"item\":\"https:\/\/vinodeli.ee\/pood\/\"},{\"@type\":\"ListItem\",\"position\":3,\"name\":\"Cognac EXTRA Pierre De Segonzac 40% 0,7L\"}]},{\"@type\":\"WebSite\",\"@id\":\"https:\/\/vinodeli.ee\/#website\",\"url\":\"https:\/\/vinodeli.ee\/\",\"name\":\"Vinodeli\",\"description\":\"\",\"publisher\":{\"@id\":\"https:\/\/vinodeli.ee\/#organization\"},\"potentialAction\":[{\"@type\":\"SearchAction\",\"target\":{\"@type\":\"EntryPoint\",\"urlTemplate\":\"https:\/\/vinodeli.ee\/?s={search_term_string}\"},\"query-input\":{\"@type\":\"PropertyValueSpecification\",\"valueRequired\":true,\"valueName\":\"search_term_string\"}}],\"inLanguage\":\"en-US\"},{\"@type\":\"Organization\",\"@id\":\"https:\/\/vinodeli.ee\/#organization\",\"name\":\"Vinodeli O\u00dc\",\"url\":\"https:\/\/vinodeli.ee\/\",\"logo\":{\"@type\":\"ImageObject\",\"inLanguage\":\"en-US\",\"@id\":\"https:\/\/vinodeli.ee\/#\/schema\/logo\/image\/\",\"url\":\"https:\/\/vinodeli.ee\/wp-content\/uploads\/2024\/02\/logo-winodeli-1.png\",\"contentUrl\":\"https:\/\/vinodeli.ee\/wp-content\/uploads\/2024\/02\/logo-winodeli-1.png\",\"width\":1500,\"height\":1150,\"caption\":\"Vinodeli O\u00dc\"},\"image\":{\"@id\":\"https:\/\/vinodeli.ee\/#\/schema\/logo\/image\/\"}}]}<\/script>\n<!-- \/ Yoast SEO plugin. -->","yoast_head_json":{"title":"Cognac EXTRA Pierre De Segonzac 40% 0,7L - Vinodeli","robots":{"index":"index","follow":"follow","max-snippet":"max-snippet:-1","max-image-preview":"max-image-preview:large","max-video-preview":"max-video-preview:-1"},"canonical":"https:\/\/vinodeli.ee\/en\/product\/cognac-extra-pierre-de-segonzac-40-07l\/","og_locale":"en_US","og_type":"article","og_title":"Cognac EXTRA Pierre De Segonzac 40% 0,7L - Vinodeli","og_description":"This cognac house was founded by Pierre de Segonzac. Pierre came from a traditional bouilleur de cru (cognac maker who","og_url":"https:\/\/vinodeli.ee\/en\/product\/cognac-extra-pierre-de-segonzac-40-07l\/","og_site_name":"Vinodeli","og_image":[{"width":1000,"height":1000,"url":"https:\/\/vinodeli.ee\/wp-content\/uploads\/2023\/12\/extra-1000x1000-2.jpg","type":"image\/jpeg"}],"twitter_card":"summary_large_image","twitter_misc":{"Est. reading time":"1 minute"},"schema":{"@context":"https:\/\/schema.org","@graph":[{"@type":"WebPage","@id":"https:\/\/vinodeli.ee\/en\/product\/cognac-extra-pierre-de-segonzac-40-07l\/","url":"https:\/\/vinodeli.ee\/en\/product\/cognac-extra-pierre-de-segonzac-40-07l\/","name":"Cognac EXTRA Pierre De Segonzac 40% 0,7L - Vinodeli","isPartOf":{"@id":"https:\/\/vinodeli.ee\/#website"},"primaryImageOfPage":{"@id":"https:\/\/vinodeli.ee\/en\/product\/cognac-extra-pierre-de-segonzac-40-07l\/#primaryimage"},"image":{"@id":"https:\/\/vinodeli.ee\/en\/product\/cognac-extra-pierre-de-segonzac-40-07l\/#primaryimage"},"thumbnailUrl":"https:\/\/vinodeli.ee\/wp-content\/uploads\/2023\/12\/extra-1000x1000-2.jpg","datePublished":"2023-12-18T22:46:50+00:00","breadcrumb":{"@id":"https:\/\/vinodeli.ee\/en\/product\/cognac-extra-pierre-de-segonzac-40-07l\/#breadcrumb"},"inLanguage":"en-US","potentialAction":[{"@type":"ReadAction","target":["https:\/\/vinodeli.ee\/en\/product\/cognac-extra-pierre-de-segonzac-40-07l\/"]}]},{"@type":"ImageObject","inLanguage":"en-US","@id":"https:\/\/vinodeli.ee\/en\/product\/cognac-extra-pierre-de-segonzac-40-07l\/#primaryimage","url":"https:\/\/vinodeli.ee\/wp-content\/uploads\/2023\/12\/extra-1000x1000-2.jpg","contentUrl":"https:\/\/vinodeli.ee\/wp-content\/uploads\/2023\/12\/extra-1000x1000-2.jpg","width":1000,"height":1000},{"@type":"BreadcrumbList","@id":"https:\/\/vinodeli.ee\/en\/product\/cognac-extra-pierre-de-segonzac-40-07l\/#breadcrumb","itemListElement":[{"@type":"ListItem","position":1,"name":"Home","item":"https:\/\/vinodeli.ee\/en\/"},{"@type":"ListItem","position":2,"name":"Shop","item":"https:\/\/vinodeli.ee\/pood\/"},{"@type":"ListItem","position":3,"name":"Cognac EXTRA Pierre De Segonzac 40% 0,7L"}]},{"@type":"WebSite","@id":"https:\/\/vinodeli.ee\/#website","url":"https:\/\/vinodeli.ee\/","name":"Vinodeli","description":"","publisher":{"@id":"https:\/\/vinodeli.ee\/#organization"},"potentialAction":[{"@type":"SearchAction","target":{"@type":"EntryPoint","urlTemplate":"https:\/\/vinodeli.ee\/?s={search_term_string}"},"query-input":{"@type":"PropertyValueSpecification","valueRequired":true,"valueName":"search_term_string"}}],"inLanguage":"en-US"},{"@type":"Organization","@id":"https:\/\/vinodeli.ee\/#organization","name":"Vinodeli O\u00dc","url":"https:\/\/vinodeli.ee\/","logo":{"@type":"ImageObject","inLanguage":"en-US","@id":"https:\/\/vinodeli.ee\/#\/schema\/logo\/image\/","url":"https:\/\/vinodeli.ee\/wp-content\/uploads\/2024\/02\/logo-winodeli-1.png","contentUrl":"https:\/\/vinodeli.ee\/wp-content\/uploads\/2024\/02\/logo-winodeli-1.png","width":1500,"height":1150,"caption":"Vinodeli O\u00dc"},"image":{"@id":"https:\/\/vinodeli.ee\/#\/schema\/logo\/image\/"}}]}},"_links":{"self":[{"href":"https:\/\/vinodeli.ee\/en\/wp-json\/wp\/v2\/product\/52531","targetHints":{"allow":["GET"]}}],"collection":[{"href":"https:\/\/vinodeli.ee\/en\/wp-json\/wp\/v2\/product"}],"about":[{"href":"https:\/\/vinodeli.ee\/en\/wp-json\/wp\/v2\/types\/product"}],"version-history":[{"count":0,"href":"https:\/\/vinodeli.ee\/en\/wp-json\/wp\/v2\/product\/52531\/revisions"}],"wp:featuredmedia":[{"embeddable":true,"href":"https:\/\/vinodeli.ee\/en\/wp-json\/wp\/v2\/media\/52528"}],"wp:attachment":[{"href":"https:\/\/vinodeli.ee\/en\/wp-json\/wp\/v2\/media?parent=52531"}],"wp:term":[{"taxonomy":"product_brand","embeddable":true,"href":"https:\/\/vinodeli.ee\/en\/wp-json\/wp\/v2\/product_brand?post=52531"},{"taxonomy":"product_cat","embeddable":true,"href":"https:\/\/vinodeli.ee\/en\/wp-json\/wp\/v2\/product_cat?post=52531"},{"taxonomy":"product_tag","embeddable":true,"href":"https:\/\/vinodeli.ee\/en\/wp-json\/wp\/v2\/product_tag?post=52531"}],"curies":[{"name":"wp","href":"https:\/\/api.w.org\/{rel}","templated":true}]}}