{"id":52676,"date":"2023-12-20T01:13:54","date_gmt":"2023-12-19T23:13:54","guid":{"rendered":"https:\/\/vinodeli.ee\/?post_type=product&#038;p=52676"},"modified":"2024-12-17T19:28:46","modified_gmt":"2024-12-17T17:28:46","slug":"celene-amethyste","status":"publish","type":"product","link":"https:\/\/vinodeli.ee\/en\/product\/celene-amethyste\/","title":{"rendered":"Celene Amethyste Brut Blanc de Noirs Cremant de Bordeaux 12.5% 0.75l"},"content":{"rendered":"<blockquote>\n<h5>Celene Bordeaux was born from the merger of the historic Cr\u00e9mant de Bordeaux producer (formerly known as Ballarin) and the Lannoye vineyards. The latter are made up of three holdings on the right bank of the Garonne and are located in the Castillon C\u00f4tes de Bordeaux, Puisseguin Saint-\u00c9milion and Saint-\u00c9milion Grand Cru appellations. They have made Bordeaux their home and are committed to respecting the wine-growing heritage of this world-renowned region, but also to bringing their own personal touch to it, always listening to their consumers. Identity, quality and authenticity are their keywords. They like to break the mould: their wines must express the full richness of their terroir. For them, the key to a successful wine is its ability to appeal through its organoleptic character and style: a combination of good and beautiful.<\/h5>\n<\/blockquote>\n<h3><strong>Winemaking<\/strong><\/h3>\n<p>Celene Amethyste Brut Blanc De Noirs Cremant De Bordeaux. Merlot and Cabernet Franc blend.<br \/>\nThe redcurrant aromas give the flavour bright body, freshness and persistence. A mineral cremant that shows body strength and a rare aromatic finesse. Grape harvest by hand, second fermentation in bottle. Maturation 18 months on the lees.<\/p>\n","protected":false},"excerpt":{"rendered":"<blockquote>\n<h4>Grape varieties:<br \/>\nMerlot and Cabernet Franc<\/h4>\n<\/blockquote>\n","protected":false},"featured_media":55182,"template":"","meta":{"_acf_changed":false},"product_brand":[],"product_cat":[19488,19489,19495],"product_tag":[],"class_list":{"0":"post-52676","1":"product","2":"type-product","3":"status-publish","4":"has-post-thumbnail","6":"product_cat-sparkling-wine","7":"product_cat-cremant-en","8":"product_cat-all-champagne-method","10":"first","11":"instock","12":"taxable","13":"shipping-taxable","14":"purchasable","15":"product-type-simple"},"acf":[],"yoast_head":"<!-- This site is optimized with the Yoast SEO plugin v25.7 - https:\/\/yoast.com\/wordpress\/plugins\/seo\/ -->\n<title>Celene Amethyste Brut Blanc de Noirs Cremant de Bordeaux 12.5% 0.75l - Vinodeli<\/title>\n<meta name=\"robots\" content=\"index, follow, max-snippet:-1, max-image-preview:large, max-video-preview:-1\" \/>\n<link rel=\"canonical\" href=\"https:\/\/vinodeli.ee\/en\/product\/celene-amethyste\/\" \/>\n<meta property=\"og:locale\" content=\"en_US\" \/>\n<meta property=\"og:type\" content=\"article\" \/>\n<meta property=\"og:title\" content=\"Celene Amethyste Brut Blanc de Noirs Cremant de Bordeaux 12.5% 0.75l - Vinodeli\" \/>\n<meta property=\"og:description\" content=\"Grape varieties: Merlot and Cabernet Franc\" \/>\n<meta property=\"og:url\" content=\"https:\/\/vinodeli.ee\/en\/product\/celene-amethyste\/\" \/>\n<meta property=\"og:site_name\" content=\"Vinodeli\" \/>\n<meta property=\"article:modified_time\" content=\"2024-12-17T17:28:46+00:00\" \/>\n<meta property=\"og:image\" content=\"https:\/\/vinodeli.ee\/wp-content\/uploads\/2023\/12\/img-69001.jpg\" \/>\n\t<meta property=\"og:image:width\" content=\"1900\" \/>\n\t<meta property=\"og:image:height\" content=\"1900\" \/>\n\t<meta property=\"og:image:type\" content=\"image\/jpeg\" \/>\n<meta name=\"twitter:card\" content=\"summary_large_image\" \/>\n<meta name=\"twitter:label1\" content=\"Est. reading time\" \/>\n\t<meta name=\"twitter:data1\" content=\"1 minute\" \/>\n<script type=\"application\/ld+json\" class=\"yoast-schema-graph\">{\"@context\":\"https:\/\/schema.org\",\"@graph\":[{\"@type\":\"WebPage\",\"@id\":\"https:\/\/vinodeli.ee\/en\/product\/celene-amethyste\/\",\"url\":\"https:\/\/vinodeli.ee\/en\/product\/celene-amethyste\/\",\"name\":\"Celene Amethyste Brut Blanc de Noirs Cremant de Bordeaux 12.5% 0.75l - Vinodeli\",\"isPartOf\":{\"@id\":\"https:\/\/vinodeli.ee\/#website\"},\"primaryImageOfPage\":{\"@id\":\"https:\/\/vinodeli.ee\/en\/product\/celene-amethyste\/#primaryimage\"},\"image\":{\"@id\":\"https:\/\/vinodeli.ee\/en\/product\/celene-amethyste\/#primaryimage\"},\"thumbnailUrl\":\"https:\/\/vinodeli.ee\/wp-content\/uploads\/2023\/12\/img-69001.jpg\",\"datePublished\":\"2023-12-19T23:13:54+00:00\",\"dateModified\":\"2024-12-17T17:28:46+00:00\",\"breadcrumb\":{\"@id\":\"https:\/\/vinodeli.ee\/en\/product\/celene-amethyste\/#breadcrumb\"},\"inLanguage\":\"en-US\",\"potentialAction\":[{\"@type\":\"ReadAction\",\"target\":[\"https:\/\/vinodeli.ee\/en\/product\/celene-amethyste\/\"]}]},{\"@type\":\"ImageObject\",\"inLanguage\":\"en-US\",\"@id\":\"https:\/\/vinodeli.ee\/en\/product\/celene-amethyste\/#primaryimage\",\"url\":\"https:\/\/vinodeli.ee\/wp-content\/uploads\/2023\/12\/img-69001.jpg\",\"contentUrl\":\"https:\/\/vinodeli.ee\/wp-content\/uploads\/2023\/12\/img-69001.jpg\",\"width\":1900,\"height\":1900},{\"@type\":\"BreadcrumbList\",\"@id\":\"https:\/\/vinodeli.ee\/en\/product\/celene-amethyste\/#breadcrumb\",\"itemListElement\":[{\"@type\":\"ListItem\",\"position\":1,\"name\":\"Home\",\"item\":\"https:\/\/vinodeli.ee\/en\/\"},{\"@type\":\"ListItem\",\"position\":2,\"name\":\"Shop\",\"item\":\"https:\/\/vinodeli.ee\/pood\/\"},{\"@type\":\"ListItem\",\"position\":3,\"name\":\"Celene Amethyste Brut Blanc de Noirs Cremant de Bordeaux 12.5% 0.75l\"}]},{\"@type\":\"WebSite\",\"@id\":\"https:\/\/vinodeli.ee\/#website\",\"url\":\"https:\/\/vinodeli.ee\/\",\"name\":\"Vinodeli\",\"description\":\"\",\"publisher\":{\"@id\":\"https:\/\/vinodeli.ee\/#organization\"},\"potentialAction\":[{\"@type\":\"SearchAction\",\"target\":{\"@type\":\"EntryPoint\",\"urlTemplate\":\"https:\/\/vinodeli.ee\/?s={search_term_string}\"},\"query-input\":{\"@type\":\"PropertyValueSpecification\",\"valueRequired\":true,\"valueName\":\"search_term_string\"}}],\"inLanguage\":\"en-US\"},{\"@type\":\"Organization\",\"@id\":\"https:\/\/vinodeli.ee\/#organization\",\"name\":\"Vinodeli O\u00dc\",\"url\":\"https:\/\/vinodeli.ee\/\",\"logo\":{\"@type\":\"ImageObject\",\"inLanguage\":\"en-US\",\"@id\":\"https:\/\/vinodeli.ee\/#\/schema\/logo\/image\/\",\"url\":\"https:\/\/vinodeli.ee\/wp-content\/uploads\/2024\/02\/logo-winodeli-1.png\",\"contentUrl\":\"https:\/\/vinodeli.ee\/wp-content\/uploads\/2024\/02\/logo-winodeli-1.png\",\"width\":1500,\"height\":1150,\"caption\":\"Vinodeli O\u00dc\"},\"image\":{\"@id\":\"https:\/\/vinodeli.ee\/#\/schema\/logo\/image\/\"}}]}<\/script>\n<!-- \/ Yoast SEO plugin. -->","yoast_head_json":{"title":"Celene Amethyste Brut Blanc de Noirs Cremant de Bordeaux 12.5% 0.75l - Vinodeli","robots":{"index":"index","follow":"follow","max-snippet":"max-snippet:-1","max-image-preview":"max-image-preview:large","max-video-preview":"max-video-preview:-1"},"canonical":"https:\/\/vinodeli.ee\/en\/product\/celene-amethyste\/","og_locale":"en_US","og_type":"article","og_title":"Celene Amethyste Brut Blanc de Noirs Cremant de Bordeaux 12.5% 0.75l - Vinodeli","og_description":"Grape varieties: Merlot and Cabernet Franc","og_url":"https:\/\/vinodeli.ee\/en\/product\/celene-amethyste\/","og_site_name":"Vinodeli","article_modified_time":"2024-12-17T17:28:46+00:00","og_image":[{"width":1900,"height":1900,"url":"https:\/\/vinodeli.ee\/wp-content\/uploads\/2023\/12\/img-69001.jpg","type":"image\/jpeg"}],"twitter_card":"summary_large_image","twitter_misc":{"Est. reading time":"1 minute"},"schema":{"@context":"https:\/\/schema.org","@graph":[{"@type":"WebPage","@id":"https:\/\/vinodeli.ee\/en\/product\/celene-amethyste\/","url":"https:\/\/vinodeli.ee\/en\/product\/celene-amethyste\/","name":"Celene Amethyste Brut Blanc de Noirs Cremant de Bordeaux 12.5% 0.75l - Vinodeli","isPartOf":{"@id":"https:\/\/vinodeli.ee\/#website"},"primaryImageOfPage":{"@id":"https:\/\/vinodeli.ee\/en\/product\/celene-amethyste\/#primaryimage"},"image":{"@id":"https:\/\/vinodeli.ee\/en\/product\/celene-amethyste\/#primaryimage"},"thumbnailUrl":"https:\/\/vinodeli.ee\/wp-content\/uploads\/2023\/12\/img-69001.jpg","datePublished":"2023-12-19T23:13:54+00:00","dateModified":"2024-12-17T17:28:46+00:00","breadcrumb":{"@id":"https:\/\/vinodeli.ee\/en\/product\/celene-amethyste\/#breadcrumb"},"inLanguage":"en-US","potentialAction":[{"@type":"ReadAction","target":["https:\/\/vinodeli.ee\/en\/product\/celene-amethyste\/"]}]},{"@type":"ImageObject","inLanguage":"en-US","@id":"https:\/\/vinodeli.ee\/en\/product\/celene-amethyste\/#primaryimage","url":"https:\/\/vinodeli.ee\/wp-content\/uploads\/2023\/12\/img-69001.jpg","contentUrl":"https:\/\/vinodeli.ee\/wp-content\/uploads\/2023\/12\/img-69001.jpg","width":1900,"height":1900},{"@type":"BreadcrumbList","@id":"https:\/\/vinodeli.ee\/en\/product\/celene-amethyste\/#breadcrumb","itemListElement":[{"@type":"ListItem","position":1,"name":"Home","item":"https:\/\/vinodeli.ee\/en\/"},{"@type":"ListItem","position":2,"name":"Shop","item":"https:\/\/vinodeli.ee\/pood\/"},{"@type":"ListItem","position":3,"name":"Celene Amethyste Brut Blanc de Noirs Cremant de Bordeaux 12.5% 0.75l"}]},{"@type":"WebSite","@id":"https:\/\/vinodeli.ee\/#website","url":"https:\/\/vinodeli.ee\/","name":"Vinodeli","description":"","publisher":{"@id":"https:\/\/vinodeli.ee\/#organization"},"potentialAction":[{"@type":"SearchAction","target":{"@type":"EntryPoint","urlTemplate":"https:\/\/vinodeli.ee\/?s={search_term_string}"},"query-input":{"@type":"PropertyValueSpecification","valueRequired":true,"valueName":"search_term_string"}}],"inLanguage":"en-US"},{"@type":"Organization","@id":"https:\/\/vinodeli.ee\/#organization","name":"Vinodeli O\u00dc","url":"https:\/\/vinodeli.ee\/","logo":{"@type":"ImageObject","inLanguage":"en-US","@id":"https:\/\/vinodeli.ee\/#\/schema\/logo\/image\/","url":"https:\/\/vinodeli.ee\/wp-content\/uploads\/2024\/02\/logo-winodeli-1.png","contentUrl":"https:\/\/vinodeli.ee\/wp-content\/uploads\/2024\/02\/logo-winodeli-1.png","width":1500,"height":1150,"caption":"Vinodeli O\u00dc"},"image":{"@id":"https:\/\/vinodeli.ee\/#\/schema\/logo\/image\/"}}]}},"_links":{"self":[{"href":"https:\/\/vinodeli.ee\/en\/wp-json\/wp\/v2\/product\/52676","targetHints":{"allow":["GET"]}}],"collection":[{"href":"https:\/\/vinodeli.ee\/en\/wp-json\/wp\/v2\/product"}],"about":[{"href":"https:\/\/vinodeli.ee\/en\/wp-json\/wp\/v2\/types\/product"}],"version-history":[{"count":0,"href":"https:\/\/vinodeli.ee\/en\/wp-json\/wp\/v2\/product\/52676\/revisions"}],"wp:featuredmedia":[{"embeddable":true,"href":"https:\/\/vinodeli.ee\/en\/wp-json\/wp\/v2\/media\/55182"}],"wp:attachment":[{"href":"https:\/\/vinodeli.ee\/en\/wp-json\/wp\/v2\/media?parent=52676"}],"wp:term":[{"taxonomy":"product_brand","embeddable":true,"href":"https:\/\/vinodeli.ee\/en\/wp-json\/wp\/v2\/product_brand?post=52676"},{"taxonomy":"product_cat","embeddable":true,"href":"https:\/\/vinodeli.ee\/en\/wp-json\/wp\/v2\/product_cat?post=52676"},{"taxonomy":"product_tag","embeddable":true,"href":"https:\/\/vinodeli.ee\/en\/wp-json\/wp\/v2\/product_tag?post=52676"}],"curies":[{"name":"wp","href":"https:\/\/api.w.org\/{rel}","templated":true}]}}