{"id":55320,"date":"2023-12-20T23:15:24","date_gmt":"2023-12-20T21:15:24","guid":{"rendered":"https:\/\/vinodeli.ee\/?post_type=product&#038;p=55320"},"modified":"2023-12-20T23:15:24","modified_gmt":"2023-12-20T21:15:24","slug":"ballarin_cremant_blanc_en_blanc_reserve","status":"publish","type":"product","link":"https:\/\/vinodeli.ee\/en\/product\/ballarin_cremant_blanc_en_blanc_reserve\/","title":{"rendered":"Ballarin Cremant De Bordeaux Blanc De Blancs Brut Reserve 12% 0,75l"},"content":{"rendered":"<blockquote>\n<h5>Celene Bordeaux was born from the merger of the historic Cr\u00e9mant de Bordeaux producer (formerly known as Ballarin) and the Lannoye vineyards. The latter are made up of three holdings on the right bank of the Garonne and are located in the Castillon C\u00f4tes de Bordeaux, Puisseguin Saint-\u00c9milion and Saint-\u00c9milion Grand Cru appellations. They have made Bordeaux their home and are committed to respecting the wine-growing heritage of this world-renowned region, but also to bringing their own personal touch to it, always listening to their consumers. Identity, quality and authenticity are their keywords. They like to break the mould: their wines must express the full richness of their terroir. For them, the key to a successful wine is its ability to appeal through its organoleptic character and style: a combination of good and beautiful.<\/h5>\n<\/blockquote>\n<h3><strong>Winemaking<\/strong><\/h3>\n<p>The grapes are harvested by hand. The wine undergoes secondary fermentation in the bottle using natural yeast (the so-called traditional method). The perry is aged for 18 months.<br \/>\nSegu S\u00e9millon, Muscadelle.<br \/>\nServe at about 5-8 degrees in an ice bucket.<\/p>\n<h3><strong>Tasting notes<\/strong><\/h3>\n<p>Delicate, delicate, with aromas of white flowers and exotic fruits, a paradox of finesse and character.<\/p>\n","protected":false},"excerpt":{"rendered":"<blockquote>\n<h4>Grape varieties:S\u00e9millon and Sauvignon Blanc<\/h4>\n<\/blockquote>\n<p>&nbsp;<\/p>\n","protected":false},"featured_media":55316,"template":"","meta":{"_acf_changed":false},"product_brand":[],"product_cat":[19488,19489,19495],"product_tag":[],"class_list":{"0":"post-55320","1":"product","2":"type-product","3":"status-publish","4":"has-post-thumbnail","6":"product_cat-sparkling-wine","7":"product_cat-cremant-en","8":"product_cat-all-champagne-method","10":"first","11":"instock","12":"taxable","13":"shipping-taxable","14":"purchasable","15":"product-type-simple"},"acf":[],"yoast_head":"<!-- This site is optimized with the Yoast SEO plugin v25.7 - https:\/\/yoast.com\/wordpress\/plugins\/seo\/ -->\n<title>Ballarin Cremant De Bordeaux Blanc De Blancs Brut Reserve 12% 0,75l - Vinodeli<\/title>\n<meta name=\"robots\" content=\"index, follow, max-snippet:-1, max-image-preview:large, max-video-preview:-1\" \/>\n<link rel=\"canonical\" href=\"https:\/\/vinodeli.ee\/en\/product\/ballarin_cremant_blanc_en_blanc_reserve\/\" \/>\n<meta property=\"og:locale\" content=\"en_US\" \/>\n<meta property=\"og:type\" content=\"article\" \/>\n<meta property=\"og:title\" content=\"Ballarin Cremant De Bordeaux Blanc De Blancs Brut Reserve 12% 0,75l - Vinodeli\" \/>\n<meta property=\"og:description\" content=\"Grape varieties:S\u00e9millon and Sauvignon Blanc &nbsp;\" \/>\n<meta property=\"og:url\" content=\"https:\/\/vinodeli.ee\/en\/product\/ballarin_cremant_blanc_en_blanc_reserve\/\" \/>\n<meta property=\"og:site_name\" content=\"Vinodeli\" \/>\n<meta property=\"og:image\" content=\"https:\/\/vinodeli.ee\/wp-content\/uploads\/2023\/12\/bdb.jpg\" \/>\n\t<meta property=\"og:image:width\" content=\"1024\" \/>\n\t<meta property=\"og:image:height\" content=\"1024\" \/>\n\t<meta property=\"og:image:type\" content=\"image\/jpeg\" \/>\n<meta name=\"twitter:card\" content=\"summary_large_image\" \/>\n<meta name=\"twitter:label1\" content=\"Est. reading time\" \/>\n\t<meta name=\"twitter:data1\" content=\"1 minute\" \/>\n<script type=\"application\/ld+json\" class=\"yoast-schema-graph\">{\"@context\":\"https:\/\/schema.org\",\"@graph\":[{\"@type\":\"WebPage\",\"@id\":\"https:\/\/vinodeli.ee\/en\/product\/ballarin_cremant_blanc_en_blanc_reserve\/\",\"url\":\"https:\/\/vinodeli.ee\/en\/product\/ballarin_cremant_blanc_en_blanc_reserve\/\",\"name\":\"Ballarin Cremant De Bordeaux Blanc De Blancs Brut Reserve 12% 0,75l - Vinodeli\",\"isPartOf\":{\"@id\":\"https:\/\/vinodeli.ee\/#website\"},\"primaryImageOfPage\":{\"@id\":\"https:\/\/vinodeli.ee\/en\/product\/ballarin_cremant_blanc_en_blanc_reserve\/#primaryimage\"},\"image\":{\"@id\":\"https:\/\/vinodeli.ee\/en\/product\/ballarin_cremant_blanc_en_blanc_reserve\/#primaryimage\"},\"thumbnailUrl\":\"https:\/\/vinodeli.ee\/wp-content\/uploads\/2023\/12\/bdb.jpg\",\"datePublished\":\"2023-12-20T21:15:24+00:00\",\"breadcrumb\":{\"@id\":\"https:\/\/vinodeli.ee\/en\/product\/ballarin_cremant_blanc_en_blanc_reserve\/#breadcrumb\"},\"inLanguage\":\"en-US\",\"potentialAction\":[{\"@type\":\"ReadAction\",\"target\":[\"https:\/\/vinodeli.ee\/en\/product\/ballarin_cremant_blanc_en_blanc_reserve\/\"]}]},{\"@type\":\"ImageObject\",\"inLanguage\":\"en-US\",\"@id\":\"https:\/\/vinodeli.ee\/en\/product\/ballarin_cremant_blanc_en_blanc_reserve\/#primaryimage\",\"url\":\"https:\/\/vinodeli.ee\/wp-content\/uploads\/2023\/12\/bdb.jpg\",\"contentUrl\":\"https:\/\/vinodeli.ee\/wp-content\/uploads\/2023\/12\/bdb.jpg\",\"width\":1024,\"height\":1024},{\"@type\":\"BreadcrumbList\",\"@id\":\"https:\/\/vinodeli.ee\/en\/product\/ballarin_cremant_blanc_en_blanc_reserve\/#breadcrumb\",\"itemListElement\":[{\"@type\":\"ListItem\",\"position\":1,\"name\":\"Home\",\"item\":\"https:\/\/vinodeli.ee\/en\/\"},{\"@type\":\"ListItem\",\"position\":2,\"name\":\"Shop\",\"item\":\"https:\/\/vinodeli.ee\/pood\/\"},{\"@type\":\"ListItem\",\"position\":3,\"name\":\"Ballarin Cremant De Bordeaux Blanc De Blancs Brut Reserve 12% 0,75l\"}]},{\"@type\":\"WebSite\",\"@id\":\"https:\/\/vinodeli.ee\/#website\",\"url\":\"https:\/\/vinodeli.ee\/\",\"name\":\"Vinodeli\",\"description\":\"\",\"publisher\":{\"@id\":\"https:\/\/vinodeli.ee\/#organization\"},\"potentialAction\":[{\"@type\":\"SearchAction\",\"target\":{\"@type\":\"EntryPoint\",\"urlTemplate\":\"https:\/\/vinodeli.ee\/?s={search_term_string}\"},\"query-input\":{\"@type\":\"PropertyValueSpecification\",\"valueRequired\":true,\"valueName\":\"search_term_string\"}}],\"inLanguage\":\"en-US\"},{\"@type\":\"Organization\",\"@id\":\"https:\/\/vinodeli.ee\/#organization\",\"name\":\"Vinodeli O\u00dc\",\"url\":\"https:\/\/vinodeli.ee\/\",\"logo\":{\"@type\":\"ImageObject\",\"inLanguage\":\"en-US\",\"@id\":\"https:\/\/vinodeli.ee\/#\/schema\/logo\/image\/\",\"url\":\"https:\/\/vinodeli.ee\/wp-content\/uploads\/2024\/02\/logo-winodeli-1.png\",\"contentUrl\":\"https:\/\/vinodeli.ee\/wp-content\/uploads\/2024\/02\/logo-winodeli-1.png\",\"width\":1500,\"height\":1150,\"caption\":\"Vinodeli O\u00dc\"},\"image\":{\"@id\":\"https:\/\/vinodeli.ee\/#\/schema\/logo\/image\/\"}}]}<\/script>\n<!-- \/ Yoast SEO plugin. -->","yoast_head_json":{"title":"Ballarin Cremant De Bordeaux Blanc De Blancs Brut Reserve 12% 0,75l - Vinodeli","robots":{"index":"index","follow":"follow","max-snippet":"max-snippet:-1","max-image-preview":"max-image-preview:large","max-video-preview":"max-video-preview:-1"},"canonical":"https:\/\/vinodeli.ee\/en\/product\/ballarin_cremant_blanc_en_blanc_reserve\/","og_locale":"en_US","og_type":"article","og_title":"Ballarin Cremant De Bordeaux Blanc De Blancs Brut Reserve 12% 0,75l - Vinodeli","og_description":"Grape varieties:S\u00e9millon and Sauvignon Blanc &nbsp;","og_url":"https:\/\/vinodeli.ee\/en\/product\/ballarin_cremant_blanc_en_blanc_reserve\/","og_site_name":"Vinodeli","og_image":[{"width":1024,"height":1024,"url":"https:\/\/vinodeli.ee\/wp-content\/uploads\/2023\/12\/bdb.jpg","type":"image\/jpeg"}],"twitter_card":"summary_large_image","twitter_misc":{"Est. reading time":"1 minute"},"schema":{"@context":"https:\/\/schema.org","@graph":[{"@type":"WebPage","@id":"https:\/\/vinodeli.ee\/en\/product\/ballarin_cremant_blanc_en_blanc_reserve\/","url":"https:\/\/vinodeli.ee\/en\/product\/ballarin_cremant_blanc_en_blanc_reserve\/","name":"Ballarin Cremant De Bordeaux Blanc De Blancs Brut Reserve 12% 0,75l - Vinodeli","isPartOf":{"@id":"https:\/\/vinodeli.ee\/#website"},"primaryImageOfPage":{"@id":"https:\/\/vinodeli.ee\/en\/product\/ballarin_cremant_blanc_en_blanc_reserve\/#primaryimage"},"image":{"@id":"https:\/\/vinodeli.ee\/en\/product\/ballarin_cremant_blanc_en_blanc_reserve\/#primaryimage"},"thumbnailUrl":"https:\/\/vinodeli.ee\/wp-content\/uploads\/2023\/12\/bdb.jpg","datePublished":"2023-12-20T21:15:24+00:00","breadcrumb":{"@id":"https:\/\/vinodeli.ee\/en\/product\/ballarin_cremant_blanc_en_blanc_reserve\/#breadcrumb"},"inLanguage":"en-US","potentialAction":[{"@type":"ReadAction","target":["https:\/\/vinodeli.ee\/en\/product\/ballarin_cremant_blanc_en_blanc_reserve\/"]}]},{"@type":"ImageObject","inLanguage":"en-US","@id":"https:\/\/vinodeli.ee\/en\/product\/ballarin_cremant_blanc_en_blanc_reserve\/#primaryimage","url":"https:\/\/vinodeli.ee\/wp-content\/uploads\/2023\/12\/bdb.jpg","contentUrl":"https:\/\/vinodeli.ee\/wp-content\/uploads\/2023\/12\/bdb.jpg","width":1024,"height":1024},{"@type":"BreadcrumbList","@id":"https:\/\/vinodeli.ee\/en\/product\/ballarin_cremant_blanc_en_blanc_reserve\/#breadcrumb","itemListElement":[{"@type":"ListItem","position":1,"name":"Home","item":"https:\/\/vinodeli.ee\/en\/"},{"@type":"ListItem","position":2,"name":"Shop","item":"https:\/\/vinodeli.ee\/pood\/"},{"@type":"ListItem","position":3,"name":"Ballarin Cremant De Bordeaux Blanc De Blancs Brut Reserve 12% 0,75l"}]},{"@type":"WebSite","@id":"https:\/\/vinodeli.ee\/#website","url":"https:\/\/vinodeli.ee\/","name":"Vinodeli","description":"","publisher":{"@id":"https:\/\/vinodeli.ee\/#organization"},"potentialAction":[{"@type":"SearchAction","target":{"@type":"EntryPoint","urlTemplate":"https:\/\/vinodeli.ee\/?s={search_term_string}"},"query-input":{"@type":"PropertyValueSpecification","valueRequired":true,"valueName":"search_term_string"}}],"inLanguage":"en-US"},{"@type":"Organization","@id":"https:\/\/vinodeli.ee\/#organization","name":"Vinodeli O\u00dc","url":"https:\/\/vinodeli.ee\/","logo":{"@type":"ImageObject","inLanguage":"en-US","@id":"https:\/\/vinodeli.ee\/#\/schema\/logo\/image\/","url":"https:\/\/vinodeli.ee\/wp-content\/uploads\/2024\/02\/logo-winodeli-1.png","contentUrl":"https:\/\/vinodeli.ee\/wp-content\/uploads\/2024\/02\/logo-winodeli-1.png","width":1500,"height":1150,"caption":"Vinodeli O\u00dc"},"image":{"@id":"https:\/\/vinodeli.ee\/#\/schema\/logo\/image\/"}}]}},"_links":{"self":[{"href":"https:\/\/vinodeli.ee\/en\/wp-json\/wp\/v2\/product\/55320","targetHints":{"allow":["GET"]}}],"collection":[{"href":"https:\/\/vinodeli.ee\/en\/wp-json\/wp\/v2\/product"}],"about":[{"href":"https:\/\/vinodeli.ee\/en\/wp-json\/wp\/v2\/types\/product"}],"version-history":[{"count":0,"href":"https:\/\/vinodeli.ee\/en\/wp-json\/wp\/v2\/product\/55320\/revisions"}],"wp:featuredmedia":[{"embeddable":true,"href":"https:\/\/vinodeli.ee\/en\/wp-json\/wp\/v2\/media\/55316"}],"wp:attachment":[{"href":"https:\/\/vinodeli.ee\/en\/wp-json\/wp\/v2\/media?parent=55320"}],"wp:term":[{"taxonomy":"product_brand","embeddable":true,"href":"https:\/\/vinodeli.ee\/en\/wp-json\/wp\/v2\/product_brand?post=55320"},{"taxonomy":"product_cat","embeddable":true,"href":"https:\/\/vinodeli.ee\/en\/wp-json\/wp\/v2\/product_cat?post=55320"},{"taxonomy":"product_tag","embeddable":true,"href":"https:\/\/vinodeli.ee\/en\/wp-json\/wp\/v2\/product_tag?post=55320"}],"curies":[{"name":"wp","href":"https:\/\/api.w.org\/{rel}","templated":true}]}}