{"id":55516,"date":"2023-12-28T20:40:23","date_gmt":"2023-12-28T18:40:23","guid":{"rendered":"https:\/\/vinodeli.ee\/product\/valdosan_iturria_2018\/"},"modified":"2023-12-30T14:28:25","modified_gmt":"2023-12-30T12:28:25","slug":"valdosan_iturria_2018","status":"publish","type":"product","link":"https:\/\/vinodeli.ee\/en\/product\/valdosan_iturria_2018\/","title":{"rendered":"Iturria Valdosan DO Toro ECO 2018 14.5% vol."},"content":{"rendered":"<blockquote>\n<h5>Iturria wine was born first and foremost to transmit feelings and emotions; for this reason, its main objective is to make its very high quality standards available to all sectors of our society. Iturria strives to contribute to a richer life with the right to sublimate its important moments, fully convinced of the importance of the wine experience. That&#8217;s why Iturria works every day to ensure that its name alone is synonymous with the highest quality: THIS IS ITURRIA THIS IS GOOD WINE.<\/h5>\n<\/blockquote>\n<h3><strong>Winemaking<\/strong><\/h3>\n<p>Organic winemaking. 60-year-old bush vines at an altitude of 650-750 meters. Manual harvesting in 15 kg boxes. 20 days maceration. Fermentation at low temperature (maximum 27\u00baC). Natural yeasts. Malolactic fermentation in barrels. Aged for 30 months in French oak barrels. Limited production of only 3923 bottles yearly.<\/p>\n<h3><strong>Tasting notes<\/strong><\/h3>\n<p>Bright cherry red color. Sweet aroma, with notes of wood and red fruits. In the mouth it is powerful and complex, mixing spices, smoked and minerals with aromas of red fruits. <em>Recommended serving temperature: 15\u00b0 \u2014 18\u00b0C<\/em><\/p>\n","protected":false},"excerpt":{"rendered":"<blockquote>\n<h4>Viinamarjasort:100% Tinta de Toro (Tempranillo)<\/h4>\n<\/blockquote>\n<ul>\n<li>Andreas Larsson &#8211; Tasted.wine (2018. aastak\u00e4ik) &#8211; 93 punkti<\/li>\n<li>Gu\u00eda Pe\u00f1\u00edn (2018. aastak\u00e4ik) &#8211; 90 punkti<\/li>\n<li>Decanter (2018. aastak\u00e4ik) &#8211; 91 punkt<\/li>\n<\/ul>\n","protected":false},"featured_media":55514,"template":"","meta":{"_acf_changed":false},"product_brand":[],"product_cat":[19462],"product_tag":[],"class_list":{"0":"post-55516","1":"product","2":"type-product","3":"status-publish","4":"has-post-thumbnail","6":"product_cat-red-wine","8":"first","9":"instock","10":"taxable","11":"shipping-taxable","12":"purchasable","13":"product-type-simple"},"acf":[],"yoast_head":"<!-- This site is optimized with the Yoast SEO plugin v25.7 - https:\/\/yoast.com\/wordpress\/plugins\/seo\/ -->\n<title>Iturria Valdosan DO Toro ECO 2018 14.5% vol. - Vinodeli<\/title>\n<meta name=\"robots\" content=\"index, follow, max-snippet:-1, max-image-preview:large, max-video-preview:-1\" \/>\n<link rel=\"canonical\" href=\"https:\/\/vinodeli.ee\/en\/product\/valdosan_iturria_2018\/\" \/>\n<meta property=\"og:locale\" content=\"en_US\" \/>\n<meta property=\"og:type\" content=\"article\" \/>\n<meta property=\"og:title\" content=\"Iturria Valdosan DO Toro ECO 2018 14.5% vol. - Vinodeli\" \/>\n<meta property=\"og:description\" content=\"Viinamarjasort:100% Tinta de Toro (Tempranillo)   Andreas Larsson - Tasted.wine (2018. aastak\u00e4ik) - 93 punkti  Gu\u00eda Pe\u00f1\u00edn (2018. aastak\u00e4ik) - 90 punkti  Decanter (2018. aastak\u00e4ik) - 91 punkt\" \/>\n<meta property=\"og:url\" content=\"https:\/\/vinodeli.ee\/en\/product\/valdosan_iturria_2018\/\" \/>\n<meta property=\"og:site_name\" content=\"Vinodeli\" \/>\n<meta property=\"article:modified_time\" content=\"2023-12-30T12:28:25+00:00\" \/>\n<meta property=\"og:image\" content=\"https:\/\/vinodeli.ee\/wp-content\/uploads\/2023\/12\/valdosan2018.jpg\" \/>\n\t<meta property=\"og:image:width\" content=\"1900\" \/>\n\t<meta property=\"og:image:height\" content=\"1900\" \/>\n\t<meta property=\"og:image:type\" content=\"image\/jpeg\" \/>\n<meta name=\"twitter:card\" content=\"summary_large_image\" \/>\n<meta name=\"twitter:label1\" content=\"Est. reading time\" \/>\n\t<meta name=\"twitter:data1\" content=\"1 minute\" \/>\n<script type=\"application\/ld+json\" class=\"yoast-schema-graph\">{\"@context\":\"https:\/\/schema.org\",\"@graph\":[{\"@type\":\"WebPage\",\"@id\":\"https:\/\/vinodeli.ee\/en\/product\/valdosan_iturria_2018\/\",\"url\":\"https:\/\/vinodeli.ee\/en\/product\/valdosan_iturria_2018\/\",\"name\":\"Iturria Valdosan DO Toro ECO 2018 14.5% vol. - Vinodeli\",\"isPartOf\":{\"@id\":\"https:\/\/vinodeli.ee\/#website\"},\"primaryImageOfPage\":{\"@id\":\"https:\/\/vinodeli.ee\/en\/product\/valdosan_iturria_2018\/#primaryimage\"},\"image\":{\"@id\":\"https:\/\/vinodeli.ee\/en\/product\/valdosan_iturria_2018\/#primaryimage\"},\"thumbnailUrl\":\"https:\/\/vinodeli.ee\/wp-content\/uploads\/2023\/12\/valdosan2018.jpg\",\"datePublished\":\"2023-12-28T18:40:23+00:00\",\"dateModified\":\"2023-12-30T12:28:25+00:00\",\"breadcrumb\":{\"@id\":\"https:\/\/vinodeli.ee\/en\/product\/valdosan_iturria_2018\/#breadcrumb\"},\"inLanguage\":\"en-US\",\"potentialAction\":[{\"@type\":\"ReadAction\",\"target\":[\"https:\/\/vinodeli.ee\/en\/product\/valdosan_iturria_2018\/\"]}]},{\"@type\":\"ImageObject\",\"inLanguage\":\"en-US\",\"@id\":\"https:\/\/vinodeli.ee\/en\/product\/valdosan_iturria_2018\/#primaryimage\",\"url\":\"https:\/\/vinodeli.ee\/wp-content\/uploads\/2023\/12\/valdosan2018.jpg\",\"contentUrl\":\"https:\/\/vinodeli.ee\/wp-content\/uploads\/2023\/12\/valdosan2018.jpg\",\"width\":1900,\"height\":1900},{\"@type\":\"BreadcrumbList\",\"@id\":\"https:\/\/vinodeli.ee\/en\/product\/valdosan_iturria_2018\/#breadcrumb\",\"itemListElement\":[{\"@type\":\"ListItem\",\"position\":1,\"name\":\"Home\",\"item\":\"https:\/\/vinodeli.ee\/en\/\"},{\"@type\":\"ListItem\",\"position\":2,\"name\":\"Shop\",\"item\":\"https:\/\/vinodeli.ee\/pood\/\"},{\"@type\":\"ListItem\",\"position\":3,\"name\":\"Iturria Valdosan DO Toro ECO 2018 14.5% vol.\"}]},{\"@type\":\"WebSite\",\"@id\":\"https:\/\/vinodeli.ee\/#website\",\"url\":\"https:\/\/vinodeli.ee\/\",\"name\":\"Vinodeli\",\"description\":\"\",\"publisher\":{\"@id\":\"https:\/\/vinodeli.ee\/#organization\"},\"potentialAction\":[{\"@type\":\"SearchAction\",\"target\":{\"@type\":\"EntryPoint\",\"urlTemplate\":\"https:\/\/vinodeli.ee\/?s={search_term_string}\"},\"query-input\":{\"@type\":\"PropertyValueSpecification\",\"valueRequired\":true,\"valueName\":\"search_term_string\"}}],\"inLanguage\":\"en-US\"},{\"@type\":\"Organization\",\"@id\":\"https:\/\/vinodeli.ee\/#organization\",\"name\":\"Vinodeli O\u00dc\",\"url\":\"https:\/\/vinodeli.ee\/\",\"logo\":{\"@type\":\"ImageObject\",\"inLanguage\":\"en-US\",\"@id\":\"https:\/\/vinodeli.ee\/#\/schema\/logo\/image\/\",\"url\":\"https:\/\/vinodeli.ee\/wp-content\/uploads\/2024\/02\/logo-winodeli-1.png\",\"contentUrl\":\"https:\/\/vinodeli.ee\/wp-content\/uploads\/2024\/02\/logo-winodeli-1.png\",\"width\":1500,\"height\":1150,\"caption\":\"Vinodeli O\u00dc\"},\"image\":{\"@id\":\"https:\/\/vinodeli.ee\/#\/schema\/logo\/image\/\"}}]}<\/script>\n<!-- \/ Yoast SEO plugin. -->","yoast_head_json":{"title":"Iturria Valdosan DO Toro ECO 2018 14.5% vol. - Vinodeli","robots":{"index":"index","follow":"follow","max-snippet":"max-snippet:-1","max-image-preview":"max-image-preview:large","max-video-preview":"max-video-preview:-1"},"canonical":"https:\/\/vinodeli.ee\/en\/product\/valdosan_iturria_2018\/","og_locale":"en_US","og_type":"article","og_title":"Iturria Valdosan DO Toro ECO 2018 14.5% vol. - Vinodeli","og_description":"Viinamarjasort:100% Tinta de Toro (Tempranillo)   Andreas Larsson - Tasted.wine (2018. aastak\u00e4ik) - 93 punkti  Gu\u00eda Pe\u00f1\u00edn (2018. aastak\u00e4ik) - 90 punkti  Decanter (2018. aastak\u00e4ik) - 91 punkt","og_url":"https:\/\/vinodeli.ee\/en\/product\/valdosan_iturria_2018\/","og_site_name":"Vinodeli","article_modified_time":"2023-12-30T12:28:25+00:00","og_image":[{"width":1900,"height":1900,"url":"https:\/\/vinodeli.ee\/wp-content\/uploads\/2023\/12\/valdosan2018.jpg","type":"image\/jpeg"}],"twitter_card":"summary_large_image","twitter_misc":{"Est. reading time":"1 minute"},"schema":{"@context":"https:\/\/schema.org","@graph":[{"@type":"WebPage","@id":"https:\/\/vinodeli.ee\/en\/product\/valdosan_iturria_2018\/","url":"https:\/\/vinodeli.ee\/en\/product\/valdosan_iturria_2018\/","name":"Iturria Valdosan DO Toro ECO 2018 14.5% vol. - Vinodeli","isPartOf":{"@id":"https:\/\/vinodeli.ee\/#website"},"primaryImageOfPage":{"@id":"https:\/\/vinodeli.ee\/en\/product\/valdosan_iturria_2018\/#primaryimage"},"image":{"@id":"https:\/\/vinodeli.ee\/en\/product\/valdosan_iturria_2018\/#primaryimage"},"thumbnailUrl":"https:\/\/vinodeli.ee\/wp-content\/uploads\/2023\/12\/valdosan2018.jpg","datePublished":"2023-12-28T18:40:23+00:00","dateModified":"2023-12-30T12:28:25+00:00","breadcrumb":{"@id":"https:\/\/vinodeli.ee\/en\/product\/valdosan_iturria_2018\/#breadcrumb"},"inLanguage":"en-US","potentialAction":[{"@type":"ReadAction","target":["https:\/\/vinodeli.ee\/en\/product\/valdosan_iturria_2018\/"]}]},{"@type":"ImageObject","inLanguage":"en-US","@id":"https:\/\/vinodeli.ee\/en\/product\/valdosan_iturria_2018\/#primaryimage","url":"https:\/\/vinodeli.ee\/wp-content\/uploads\/2023\/12\/valdosan2018.jpg","contentUrl":"https:\/\/vinodeli.ee\/wp-content\/uploads\/2023\/12\/valdosan2018.jpg","width":1900,"height":1900},{"@type":"BreadcrumbList","@id":"https:\/\/vinodeli.ee\/en\/product\/valdosan_iturria_2018\/#breadcrumb","itemListElement":[{"@type":"ListItem","position":1,"name":"Home","item":"https:\/\/vinodeli.ee\/en\/"},{"@type":"ListItem","position":2,"name":"Shop","item":"https:\/\/vinodeli.ee\/pood\/"},{"@type":"ListItem","position":3,"name":"Iturria Valdosan DO Toro ECO 2018 14.5% vol."}]},{"@type":"WebSite","@id":"https:\/\/vinodeli.ee\/#website","url":"https:\/\/vinodeli.ee\/","name":"Vinodeli","description":"","publisher":{"@id":"https:\/\/vinodeli.ee\/#organization"},"potentialAction":[{"@type":"SearchAction","target":{"@type":"EntryPoint","urlTemplate":"https:\/\/vinodeli.ee\/?s={search_term_string}"},"query-input":{"@type":"PropertyValueSpecification","valueRequired":true,"valueName":"search_term_string"}}],"inLanguage":"en-US"},{"@type":"Organization","@id":"https:\/\/vinodeli.ee\/#organization","name":"Vinodeli O\u00dc","url":"https:\/\/vinodeli.ee\/","logo":{"@type":"ImageObject","inLanguage":"en-US","@id":"https:\/\/vinodeli.ee\/#\/schema\/logo\/image\/","url":"https:\/\/vinodeli.ee\/wp-content\/uploads\/2024\/02\/logo-winodeli-1.png","contentUrl":"https:\/\/vinodeli.ee\/wp-content\/uploads\/2024\/02\/logo-winodeli-1.png","width":1500,"height":1150,"caption":"Vinodeli O\u00dc"},"image":{"@id":"https:\/\/vinodeli.ee\/#\/schema\/logo\/image\/"}}]}},"_links":{"self":[{"href":"https:\/\/vinodeli.ee\/en\/wp-json\/wp\/v2\/product\/55516","targetHints":{"allow":["GET"]}}],"collection":[{"href":"https:\/\/vinodeli.ee\/en\/wp-json\/wp\/v2\/product"}],"about":[{"href":"https:\/\/vinodeli.ee\/en\/wp-json\/wp\/v2\/types\/product"}],"version-history":[{"count":0,"href":"https:\/\/vinodeli.ee\/en\/wp-json\/wp\/v2\/product\/55516\/revisions"}],"wp:featuredmedia":[{"embeddable":true,"href":"https:\/\/vinodeli.ee\/en\/wp-json\/wp\/v2\/media\/55514"}],"wp:attachment":[{"href":"https:\/\/vinodeli.ee\/en\/wp-json\/wp\/v2\/media?parent=55516"}],"wp:term":[{"taxonomy":"product_brand","embeddable":true,"href":"https:\/\/vinodeli.ee\/en\/wp-json\/wp\/v2\/product_brand?post=55516"},{"taxonomy":"product_cat","embeddable":true,"href":"https:\/\/vinodeli.ee\/en\/wp-json\/wp\/v2\/product_cat?post=55516"},{"taxonomy":"product_tag","embeddable":true,"href":"https:\/\/vinodeli.ee\/en\/wp-json\/wp\/v2\/product_tag?post=55516"}],"curies":[{"name":"wp","href":"https:\/\/api.w.org\/{rel}","templated":true}]}}