{"id":57516,"date":"2024-03-26T16:01:13","date_gmt":"2024-03-26T14:01:13","guid":{"rendered":"https:\/\/vinodeli.ee\/?post_type=product&#038;p=57516"},"modified":"2024-03-28T11:33:50","modified_gmt":"2024-03-28T09:33:50","slug":"guasti-clemente-vinciarett-rosato","status":"publish","type":"product","link":"https:\/\/vinodeli.ee\/en\/product\/guasti-clemente-vinciarett-rosato\/","title":{"rendered":"Guasti Clemente Vinciarett Vino Rosato 12% 0,75l"},"content":{"rendered":"<h3>About wine<\/h3>\n<p><span>Guasti Vinciarett Ros\u00e9 is a special Ros\u00e9 because it is made from 100% Barbera. <\/span><span>Similar to its red brother Barbera, but with a lighter color and a slightly fresher and fruitier taste.\u00a0<\/span><span>Barbera ros\u00e9 from Piedmont is a nice addition to the range of ros\u00e9 wines and offers a special and stylish alternative to the better-known French ros\u00e9 wines.<\/span><\/p>\n<h3>Degustation notes<\/h3>\n<p><span>Ros\u00e9 is challengingly light in color and has fruity aromas of red berries and cherries. <\/span><span>You can taste these red-fruity properties in the taste with notes of light spiciness and sometimes even a slight bitterness.\u00a0<\/span><span>Tightly dry and characterful with a beautiful freshness are characteristic of the Barbera grape with minimal tannins.<\/span><\/p>\n<h3>Food pairing<\/h3>\n<p>It can be beautifully accompanied by lighter dishes, such as salads, fish and is absolutely fantastic with crustaceans and shellfish.<\/p>\n","protected":false},"excerpt":{"rendered":"<p>About wine Guasti Vinciarett Ros\u00e9 is a special Ros\u00e9 because it is made from 100% Barbera. Similar to its red<\/p>\n","protected":false},"featured_media":57519,"template":"","meta":{"_acf_changed":false},"product_brand":[],"product_cat":[19480],"product_tag":[],"class_list":{"0":"post-57516","1":"product","2":"type-product","3":"status-publish","4":"has-post-thumbnail","6":"product_cat-rose-wine","8":"first","9":"instock","10":"downloadable","11":"taxable","12":"shipping-taxable","13":"purchasable","14":"product-type-simple"},"acf":[],"yoast_head":"<!-- This site is optimized with the Yoast SEO plugin v25.7 - https:\/\/yoast.com\/wordpress\/plugins\/seo\/ -->\n<title>Guasti Clemente Vinciarett Vino Rosato 12% 0,75l - Vinodeli<\/title>\n<meta name=\"robots\" content=\"index, follow, max-snippet:-1, max-image-preview:large, max-video-preview:-1\" \/>\n<link rel=\"canonical\" href=\"https:\/\/vinodeli.ee\/en\/product\/guasti-clemente-vinciarett-rosato\/\" \/>\n<meta property=\"og:locale\" content=\"en_US\" \/>\n<meta property=\"og:type\" content=\"article\" \/>\n<meta property=\"og:title\" content=\"Guasti Clemente Vinciarett Vino Rosato 12% 0,75l - Vinodeli\" \/>\n<meta property=\"og:description\" content=\"About wine Guasti Vinciarett Ros\u00e9 is a special Ros\u00e9 because it is made from 100% Barbera. Similar to its red\" \/>\n<meta property=\"og:url\" content=\"https:\/\/vinodeli.ee\/en\/product\/guasti-clemente-vinciarett-rosato\/\" \/>\n<meta property=\"og:site_name\" content=\"Vinodeli\" \/>\n<meta property=\"article:modified_time\" content=\"2024-03-28T09:33:50+00:00\" \/>\n<meta property=\"og:image\" content=\"https:\/\/vinodeli.ee\/wp-content\/uploads\/2024\/03\/vinciaret.jpg\" \/>\n\t<meta property=\"og:image:width\" content=\"1900\" \/>\n\t<meta property=\"og:image:height\" content=\"1900\" \/>\n\t<meta property=\"og:image:type\" content=\"image\/jpeg\" \/>\n<meta name=\"twitter:card\" content=\"summary_large_image\" \/>\n<meta name=\"twitter:label1\" content=\"Est. reading time\" \/>\n\t<meta name=\"twitter:data1\" content=\"1 minute\" \/>\n<script type=\"application\/ld+json\" class=\"yoast-schema-graph\">{\"@context\":\"https:\/\/schema.org\",\"@graph\":[{\"@type\":\"WebPage\",\"@id\":\"https:\/\/vinodeli.ee\/en\/product\/guasti-clemente-vinciarett-rosato\/\",\"url\":\"https:\/\/vinodeli.ee\/en\/product\/guasti-clemente-vinciarett-rosato\/\",\"name\":\"Guasti Clemente Vinciarett Vino Rosato 12% 0,75l - Vinodeli\",\"isPartOf\":{\"@id\":\"https:\/\/vinodeli.ee\/#website\"},\"primaryImageOfPage\":{\"@id\":\"https:\/\/vinodeli.ee\/en\/product\/guasti-clemente-vinciarett-rosato\/#primaryimage\"},\"image\":{\"@id\":\"https:\/\/vinodeli.ee\/en\/product\/guasti-clemente-vinciarett-rosato\/#primaryimage\"},\"thumbnailUrl\":\"https:\/\/vinodeli.ee\/wp-content\/uploads\/2024\/03\/vinciaret.jpg\",\"datePublished\":\"2024-03-26T14:01:13+00:00\",\"dateModified\":\"2024-03-28T09:33:50+00:00\",\"breadcrumb\":{\"@id\":\"https:\/\/vinodeli.ee\/en\/product\/guasti-clemente-vinciarett-rosato\/#breadcrumb\"},\"inLanguage\":\"en-US\",\"potentialAction\":[{\"@type\":\"ReadAction\",\"target\":[\"https:\/\/vinodeli.ee\/en\/product\/guasti-clemente-vinciarett-rosato\/\"]}]},{\"@type\":\"ImageObject\",\"inLanguage\":\"en-US\",\"@id\":\"https:\/\/vinodeli.ee\/en\/product\/guasti-clemente-vinciarett-rosato\/#primaryimage\",\"url\":\"https:\/\/vinodeli.ee\/wp-content\/uploads\/2024\/03\/vinciaret.jpg\",\"contentUrl\":\"https:\/\/vinodeli.ee\/wp-content\/uploads\/2024\/03\/vinciaret.jpg\",\"width\":1900,\"height\":1900},{\"@type\":\"BreadcrumbList\",\"@id\":\"https:\/\/vinodeli.ee\/en\/product\/guasti-clemente-vinciarett-rosato\/#breadcrumb\",\"itemListElement\":[{\"@type\":\"ListItem\",\"position\":1,\"name\":\"Home\",\"item\":\"https:\/\/vinodeli.ee\/en\/\"},{\"@type\":\"ListItem\",\"position\":2,\"name\":\"Shop\",\"item\":\"https:\/\/vinodeli.ee\/pood\/\"},{\"@type\":\"ListItem\",\"position\":3,\"name\":\"Guasti Clemente Vinciarett Vino Rosato 12% 0,75l\"}]},{\"@type\":\"WebSite\",\"@id\":\"https:\/\/vinodeli.ee\/#website\",\"url\":\"https:\/\/vinodeli.ee\/\",\"name\":\"Vinodeli\",\"description\":\"\",\"publisher\":{\"@id\":\"https:\/\/vinodeli.ee\/#organization\"},\"potentialAction\":[{\"@type\":\"SearchAction\",\"target\":{\"@type\":\"EntryPoint\",\"urlTemplate\":\"https:\/\/vinodeli.ee\/?s={search_term_string}\"},\"query-input\":{\"@type\":\"PropertyValueSpecification\",\"valueRequired\":true,\"valueName\":\"search_term_string\"}}],\"inLanguage\":\"en-US\"},{\"@type\":\"Organization\",\"@id\":\"https:\/\/vinodeli.ee\/#organization\",\"name\":\"Vinodeli O\u00dc\",\"url\":\"https:\/\/vinodeli.ee\/\",\"logo\":{\"@type\":\"ImageObject\",\"inLanguage\":\"en-US\",\"@id\":\"https:\/\/vinodeli.ee\/#\/schema\/logo\/image\/\",\"url\":\"https:\/\/vinodeli.ee\/wp-content\/uploads\/2024\/02\/logo-winodeli-1.png\",\"contentUrl\":\"https:\/\/vinodeli.ee\/wp-content\/uploads\/2024\/02\/logo-winodeli-1.png\",\"width\":1500,\"height\":1150,\"caption\":\"Vinodeli O\u00dc\"},\"image\":{\"@id\":\"https:\/\/vinodeli.ee\/#\/schema\/logo\/image\/\"}}]}<\/script>\n<!-- \/ Yoast SEO plugin. -->","yoast_head_json":{"title":"Guasti Clemente Vinciarett Vino Rosato 12% 0,75l - Vinodeli","robots":{"index":"index","follow":"follow","max-snippet":"max-snippet:-1","max-image-preview":"max-image-preview:large","max-video-preview":"max-video-preview:-1"},"canonical":"https:\/\/vinodeli.ee\/en\/product\/guasti-clemente-vinciarett-rosato\/","og_locale":"en_US","og_type":"article","og_title":"Guasti Clemente Vinciarett Vino Rosato 12% 0,75l - Vinodeli","og_description":"About wine Guasti Vinciarett Ros\u00e9 is a special Ros\u00e9 because it is made from 100% Barbera. Similar to its red","og_url":"https:\/\/vinodeli.ee\/en\/product\/guasti-clemente-vinciarett-rosato\/","og_site_name":"Vinodeli","article_modified_time":"2024-03-28T09:33:50+00:00","og_image":[{"width":1900,"height":1900,"url":"https:\/\/vinodeli.ee\/wp-content\/uploads\/2024\/03\/vinciaret.jpg","type":"image\/jpeg"}],"twitter_card":"summary_large_image","twitter_misc":{"Est. reading time":"1 minute"},"schema":{"@context":"https:\/\/schema.org","@graph":[{"@type":"WebPage","@id":"https:\/\/vinodeli.ee\/en\/product\/guasti-clemente-vinciarett-rosato\/","url":"https:\/\/vinodeli.ee\/en\/product\/guasti-clemente-vinciarett-rosato\/","name":"Guasti Clemente Vinciarett Vino Rosato 12% 0,75l - Vinodeli","isPartOf":{"@id":"https:\/\/vinodeli.ee\/#website"},"primaryImageOfPage":{"@id":"https:\/\/vinodeli.ee\/en\/product\/guasti-clemente-vinciarett-rosato\/#primaryimage"},"image":{"@id":"https:\/\/vinodeli.ee\/en\/product\/guasti-clemente-vinciarett-rosato\/#primaryimage"},"thumbnailUrl":"https:\/\/vinodeli.ee\/wp-content\/uploads\/2024\/03\/vinciaret.jpg","datePublished":"2024-03-26T14:01:13+00:00","dateModified":"2024-03-28T09:33:50+00:00","breadcrumb":{"@id":"https:\/\/vinodeli.ee\/en\/product\/guasti-clemente-vinciarett-rosato\/#breadcrumb"},"inLanguage":"en-US","potentialAction":[{"@type":"ReadAction","target":["https:\/\/vinodeli.ee\/en\/product\/guasti-clemente-vinciarett-rosato\/"]}]},{"@type":"ImageObject","inLanguage":"en-US","@id":"https:\/\/vinodeli.ee\/en\/product\/guasti-clemente-vinciarett-rosato\/#primaryimage","url":"https:\/\/vinodeli.ee\/wp-content\/uploads\/2024\/03\/vinciaret.jpg","contentUrl":"https:\/\/vinodeli.ee\/wp-content\/uploads\/2024\/03\/vinciaret.jpg","width":1900,"height":1900},{"@type":"BreadcrumbList","@id":"https:\/\/vinodeli.ee\/en\/product\/guasti-clemente-vinciarett-rosato\/#breadcrumb","itemListElement":[{"@type":"ListItem","position":1,"name":"Home","item":"https:\/\/vinodeli.ee\/en\/"},{"@type":"ListItem","position":2,"name":"Shop","item":"https:\/\/vinodeli.ee\/pood\/"},{"@type":"ListItem","position":3,"name":"Guasti Clemente Vinciarett Vino Rosato 12% 0,75l"}]},{"@type":"WebSite","@id":"https:\/\/vinodeli.ee\/#website","url":"https:\/\/vinodeli.ee\/","name":"Vinodeli","description":"","publisher":{"@id":"https:\/\/vinodeli.ee\/#organization"},"potentialAction":[{"@type":"SearchAction","target":{"@type":"EntryPoint","urlTemplate":"https:\/\/vinodeli.ee\/?s={search_term_string}"},"query-input":{"@type":"PropertyValueSpecification","valueRequired":true,"valueName":"search_term_string"}}],"inLanguage":"en-US"},{"@type":"Organization","@id":"https:\/\/vinodeli.ee\/#organization","name":"Vinodeli O\u00dc","url":"https:\/\/vinodeli.ee\/","logo":{"@type":"ImageObject","inLanguage":"en-US","@id":"https:\/\/vinodeli.ee\/#\/schema\/logo\/image\/","url":"https:\/\/vinodeli.ee\/wp-content\/uploads\/2024\/02\/logo-winodeli-1.png","contentUrl":"https:\/\/vinodeli.ee\/wp-content\/uploads\/2024\/02\/logo-winodeli-1.png","width":1500,"height":1150,"caption":"Vinodeli O\u00dc"},"image":{"@id":"https:\/\/vinodeli.ee\/#\/schema\/logo\/image\/"}}]}},"_links":{"self":[{"href":"https:\/\/vinodeli.ee\/en\/wp-json\/wp\/v2\/product\/57516","targetHints":{"allow":["GET"]}}],"collection":[{"href":"https:\/\/vinodeli.ee\/en\/wp-json\/wp\/v2\/product"}],"about":[{"href":"https:\/\/vinodeli.ee\/en\/wp-json\/wp\/v2\/types\/product"}],"version-history":[{"count":0,"href":"https:\/\/vinodeli.ee\/en\/wp-json\/wp\/v2\/product\/57516\/revisions"}],"wp:featuredmedia":[{"embeddable":true,"href":"https:\/\/vinodeli.ee\/en\/wp-json\/wp\/v2\/media\/57519"}],"wp:attachment":[{"href":"https:\/\/vinodeli.ee\/en\/wp-json\/wp\/v2\/media?parent=57516"}],"wp:term":[{"taxonomy":"product_brand","embeddable":true,"href":"https:\/\/vinodeli.ee\/en\/wp-json\/wp\/v2\/product_brand?post=57516"},{"taxonomy":"product_cat","embeddable":true,"href":"https:\/\/vinodeli.ee\/en\/wp-json\/wp\/v2\/product_cat?post=57516"},{"taxonomy":"product_tag","embeddable":true,"href":"https:\/\/vinodeli.ee\/en\/wp-json\/wp\/v2\/product_tag?post=57516"}],"curies":[{"name":"wp","href":"https:\/\/api.w.org\/{rel}","templated":true}]}}