{"id":59580,"date":"2024-06-20T13:16:37","date_gmt":"2024-06-20T10:16:37","guid":{"rendered":"https:\/\/vinodeli.ee\/?post_type=product&#038;p=59580"},"modified":"2024-12-17T18:56:40","modified_gmt":"2024-12-17T16:56:40","slug":"moillard-long-du-bois","status":"publish","type":"product","link":"https:\/\/vinodeli.ee\/en\/product\/moillard-long-du-bois\/","title":{"rendered":"Moillard Long Du Bois Bourgogne Aligot\u00e9 AOC 2023 12% vol. 0,75l"},"content":{"rendered":"<blockquote>\n<h5>Moillard, historically based in Nuits-Saint-Georges, in the C\u00f4te de Nuits, offers Domaine wines (C\u00f4te de Nuits and C\u00f4te de Beaune) and a traditional signature of Burgundy wines. The old documents of Nuits-Saint-Georges attest that the Moillard family already owned vineyards before the French Revolution. But the Winery saw a real boom in 1850, when Symphorien Moillard bought his first wines to satisfy an order too important for his own Domain, thus initiating his activity of wine trading. Since then, Moillard has carried out the meticulous job of wine making and aging to bring all their wines to their full potential.<\/h5>\n<\/blockquote>\n<h3><strong>Tasting notes<\/strong><\/h3>\n<div class=\"item\">\n<div class=\"decscription\">\n<p>White gold color sprinkled by green reflections. Fruity, fresh and clear perfumes.\u00a0It offers grape and green apple aromas, embellished by lemony notes.<\/p>\n<h3><strong>Food pairing<\/strong><\/h3>\n<div class=\"accord-product\">\n<div class=\"accord-product-value\">\n<p>White meats, seafood.<\/p>\n<\/div>\n<\/div>\n<\/div>\n<\/div>\n","protected":false},"excerpt":{"rendered":"<p>Moillard, historically based in Nuits-Saint-Georges, in the C\u00f4te de Nuits, offers Domaine wines (C\u00f4te de Nuits and C\u00f4te de Beaune)<\/p>\n","protected":false},"featured_media":60442,"template":"","meta":{"_acf_changed":false},"product_brand":[],"product_cat":[19460],"product_tag":[],"class_list":{"0":"post-59580","1":"product","2":"type-product","3":"status-publish","4":"has-post-thumbnail","6":"product_cat-white-wine","8":"first","9":"instock","10":"taxable","11":"shipping-taxable","12":"purchasable","13":"product-type-simple"},"acf":[],"yoast_head":"<!-- This site is optimized with the Yoast SEO plugin v25.7 - https:\/\/yoast.com\/wordpress\/plugins\/seo\/ -->\n<title>Moillard Long Du Bois Bourgogne Aligot\u00e9 AOC 2023 12% vol. 0,75l - Vinodeli<\/title>\n<meta name=\"robots\" content=\"index, follow, max-snippet:-1, max-image-preview:large, max-video-preview:-1\" \/>\n<link rel=\"canonical\" href=\"https:\/\/vinodeli.ee\/en\/product\/moillard-long-du-bois\/\" \/>\n<meta property=\"og:locale\" content=\"en_US\" \/>\n<meta property=\"og:type\" content=\"article\" \/>\n<meta property=\"og:title\" content=\"Moillard Long Du Bois Bourgogne Aligot\u00e9 AOC 2023 12% vol. 0,75l - Vinodeli\" \/>\n<meta property=\"og:description\" content=\"Moillard, historically based in Nuits-Saint-Georges, in the C\u00f4te de Nuits, offers Domaine wines (C\u00f4te de Nuits and C\u00f4te de Beaune)\" \/>\n<meta property=\"og:url\" content=\"https:\/\/vinodeli.ee\/en\/product\/moillard-long-du-bois\/\" \/>\n<meta property=\"og:site_name\" content=\"Vinodeli\" \/>\n<meta property=\"article:modified_time\" content=\"2024-12-17T16:56:40+00:00\" \/>\n<meta property=\"og:image\" content=\"https:\/\/vinodeli.ee\/wp-content\/uploads\/2024\/06\/moillard-long-du-bois.jpg\" \/>\n\t<meta property=\"og:image:width\" content=\"1080\" \/>\n\t<meta property=\"og:image:height\" content=\"1080\" \/>\n\t<meta property=\"og:image:type\" content=\"image\/jpeg\" \/>\n<meta name=\"twitter:card\" content=\"summary_large_image\" \/>\n<meta name=\"twitter:label1\" content=\"Est. reading time\" \/>\n\t<meta name=\"twitter:data1\" content=\"1 minute\" \/>\n<script type=\"application\/ld+json\" class=\"yoast-schema-graph\">{\"@context\":\"https:\/\/schema.org\",\"@graph\":[{\"@type\":\"WebPage\",\"@id\":\"https:\/\/vinodeli.ee\/en\/product\/moillard-long-du-bois\/\",\"url\":\"https:\/\/vinodeli.ee\/en\/product\/moillard-long-du-bois\/\",\"name\":\"Moillard Long Du Bois Bourgogne Aligot\u00e9 AOC 2023 12% vol. 0,75l - Vinodeli\",\"isPartOf\":{\"@id\":\"https:\/\/vinodeli.ee\/#website\"},\"primaryImageOfPage\":{\"@id\":\"https:\/\/vinodeli.ee\/en\/product\/moillard-long-du-bois\/#primaryimage\"},\"image\":{\"@id\":\"https:\/\/vinodeli.ee\/en\/product\/moillard-long-du-bois\/#primaryimage\"},\"thumbnailUrl\":\"https:\/\/vinodeli.ee\/wp-content\/uploads\/2024\/06\/moillard-long-du-bois.jpg\",\"datePublished\":\"2024-06-20T10:16:37+00:00\",\"dateModified\":\"2024-12-17T16:56:40+00:00\",\"breadcrumb\":{\"@id\":\"https:\/\/vinodeli.ee\/en\/product\/moillard-long-du-bois\/#breadcrumb\"},\"inLanguage\":\"en-US\",\"potentialAction\":[{\"@type\":\"ReadAction\",\"target\":[\"https:\/\/vinodeli.ee\/en\/product\/moillard-long-du-bois\/\"]}]},{\"@type\":\"ImageObject\",\"inLanguage\":\"en-US\",\"@id\":\"https:\/\/vinodeli.ee\/en\/product\/moillard-long-du-bois\/#primaryimage\",\"url\":\"https:\/\/vinodeli.ee\/wp-content\/uploads\/2024\/06\/moillard-long-du-bois.jpg\",\"contentUrl\":\"https:\/\/vinodeli.ee\/wp-content\/uploads\/2024\/06\/moillard-long-du-bois.jpg\",\"width\":1080,\"height\":1080},{\"@type\":\"BreadcrumbList\",\"@id\":\"https:\/\/vinodeli.ee\/en\/product\/moillard-long-du-bois\/#breadcrumb\",\"itemListElement\":[{\"@type\":\"ListItem\",\"position\":1,\"name\":\"Home\",\"item\":\"https:\/\/vinodeli.ee\/en\/\"},{\"@type\":\"ListItem\",\"position\":2,\"name\":\"Shop\",\"item\":\"https:\/\/vinodeli.ee\/pood\/\"},{\"@type\":\"ListItem\",\"position\":3,\"name\":\"Moillard Long Du Bois Bourgogne Aligot\u00e9 AOC 2023 12% vol. 0,75l\"}]},{\"@type\":\"WebSite\",\"@id\":\"https:\/\/vinodeli.ee\/#website\",\"url\":\"https:\/\/vinodeli.ee\/\",\"name\":\"Vinodeli\",\"description\":\"\",\"publisher\":{\"@id\":\"https:\/\/vinodeli.ee\/#organization\"},\"potentialAction\":[{\"@type\":\"SearchAction\",\"target\":{\"@type\":\"EntryPoint\",\"urlTemplate\":\"https:\/\/vinodeli.ee\/?s={search_term_string}\"},\"query-input\":{\"@type\":\"PropertyValueSpecification\",\"valueRequired\":true,\"valueName\":\"search_term_string\"}}],\"inLanguage\":\"en-US\"},{\"@type\":\"Organization\",\"@id\":\"https:\/\/vinodeli.ee\/#organization\",\"name\":\"Vinodeli O\u00dc\",\"url\":\"https:\/\/vinodeli.ee\/\",\"logo\":{\"@type\":\"ImageObject\",\"inLanguage\":\"en-US\",\"@id\":\"https:\/\/vinodeli.ee\/#\/schema\/logo\/image\/\",\"url\":\"https:\/\/vinodeli.ee\/wp-content\/uploads\/2024\/02\/logo-winodeli-1.png\",\"contentUrl\":\"https:\/\/vinodeli.ee\/wp-content\/uploads\/2024\/02\/logo-winodeli-1.png\",\"width\":1500,\"height\":1150,\"caption\":\"Vinodeli O\u00dc\"},\"image\":{\"@id\":\"https:\/\/vinodeli.ee\/#\/schema\/logo\/image\/\"}}]}<\/script>\n<!-- \/ Yoast SEO plugin. -->","yoast_head_json":{"title":"Moillard Long Du Bois Bourgogne Aligot\u00e9 AOC 2023 12% vol. 0,75l - Vinodeli","robots":{"index":"index","follow":"follow","max-snippet":"max-snippet:-1","max-image-preview":"max-image-preview:large","max-video-preview":"max-video-preview:-1"},"canonical":"https:\/\/vinodeli.ee\/en\/product\/moillard-long-du-bois\/","og_locale":"en_US","og_type":"article","og_title":"Moillard Long Du Bois Bourgogne Aligot\u00e9 AOC 2023 12% vol. 0,75l - Vinodeli","og_description":"Moillard, historically based in Nuits-Saint-Georges, in the C\u00f4te de Nuits, offers Domaine wines (C\u00f4te de Nuits and C\u00f4te de Beaune)","og_url":"https:\/\/vinodeli.ee\/en\/product\/moillard-long-du-bois\/","og_site_name":"Vinodeli","article_modified_time":"2024-12-17T16:56:40+00:00","og_image":[{"width":1080,"height":1080,"url":"https:\/\/vinodeli.ee\/wp-content\/uploads\/2024\/06\/moillard-long-du-bois.jpg","type":"image\/jpeg"}],"twitter_card":"summary_large_image","twitter_misc":{"Est. reading time":"1 minute"},"schema":{"@context":"https:\/\/schema.org","@graph":[{"@type":"WebPage","@id":"https:\/\/vinodeli.ee\/en\/product\/moillard-long-du-bois\/","url":"https:\/\/vinodeli.ee\/en\/product\/moillard-long-du-bois\/","name":"Moillard Long Du Bois Bourgogne Aligot\u00e9 AOC 2023 12% vol. 0,75l - Vinodeli","isPartOf":{"@id":"https:\/\/vinodeli.ee\/#website"},"primaryImageOfPage":{"@id":"https:\/\/vinodeli.ee\/en\/product\/moillard-long-du-bois\/#primaryimage"},"image":{"@id":"https:\/\/vinodeli.ee\/en\/product\/moillard-long-du-bois\/#primaryimage"},"thumbnailUrl":"https:\/\/vinodeli.ee\/wp-content\/uploads\/2024\/06\/moillard-long-du-bois.jpg","datePublished":"2024-06-20T10:16:37+00:00","dateModified":"2024-12-17T16:56:40+00:00","breadcrumb":{"@id":"https:\/\/vinodeli.ee\/en\/product\/moillard-long-du-bois\/#breadcrumb"},"inLanguage":"en-US","potentialAction":[{"@type":"ReadAction","target":["https:\/\/vinodeli.ee\/en\/product\/moillard-long-du-bois\/"]}]},{"@type":"ImageObject","inLanguage":"en-US","@id":"https:\/\/vinodeli.ee\/en\/product\/moillard-long-du-bois\/#primaryimage","url":"https:\/\/vinodeli.ee\/wp-content\/uploads\/2024\/06\/moillard-long-du-bois.jpg","contentUrl":"https:\/\/vinodeli.ee\/wp-content\/uploads\/2024\/06\/moillard-long-du-bois.jpg","width":1080,"height":1080},{"@type":"BreadcrumbList","@id":"https:\/\/vinodeli.ee\/en\/product\/moillard-long-du-bois\/#breadcrumb","itemListElement":[{"@type":"ListItem","position":1,"name":"Home","item":"https:\/\/vinodeli.ee\/en\/"},{"@type":"ListItem","position":2,"name":"Shop","item":"https:\/\/vinodeli.ee\/pood\/"},{"@type":"ListItem","position":3,"name":"Moillard Long Du Bois Bourgogne Aligot\u00e9 AOC 2023 12% vol. 0,75l"}]},{"@type":"WebSite","@id":"https:\/\/vinodeli.ee\/#website","url":"https:\/\/vinodeli.ee\/","name":"Vinodeli","description":"","publisher":{"@id":"https:\/\/vinodeli.ee\/#organization"},"potentialAction":[{"@type":"SearchAction","target":{"@type":"EntryPoint","urlTemplate":"https:\/\/vinodeli.ee\/?s={search_term_string}"},"query-input":{"@type":"PropertyValueSpecification","valueRequired":true,"valueName":"search_term_string"}}],"inLanguage":"en-US"},{"@type":"Organization","@id":"https:\/\/vinodeli.ee\/#organization","name":"Vinodeli O\u00dc","url":"https:\/\/vinodeli.ee\/","logo":{"@type":"ImageObject","inLanguage":"en-US","@id":"https:\/\/vinodeli.ee\/#\/schema\/logo\/image\/","url":"https:\/\/vinodeli.ee\/wp-content\/uploads\/2024\/02\/logo-winodeli-1.png","contentUrl":"https:\/\/vinodeli.ee\/wp-content\/uploads\/2024\/02\/logo-winodeli-1.png","width":1500,"height":1150,"caption":"Vinodeli O\u00dc"},"image":{"@id":"https:\/\/vinodeli.ee\/#\/schema\/logo\/image\/"}}]}},"_links":{"self":[{"href":"https:\/\/vinodeli.ee\/en\/wp-json\/wp\/v2\/product\/59580","targetHints":{"allow":["GET"]}}],"collection":[{"href":"https:\/\/vinodeli.ee\/en\/wp-json\/wp\/v2\/product"}],"about":[{"href":"https:\/\/vinodeli.ee\/en\/wp-json\/wp\/v2\/types\/product"}],"version-history":[{"count":0,"href":"https:\/\/vinodeli.ee\/en\/wp-json\/wp\/v2\/product\/59580\/revisions"}],"wp:featuredmedia":[{"embeddable":true,"href":"https:\/\/vinodeli.ee\/en\/wp-json\/wp\/v2\/media\/60442"}],"wp:attachment":[{"href":"https:\/\/vinodeli.ee\/en\/wp-json\/wp\/v2\/media?parent=59580"}],"wp:term":[{"taxonomy":"product_brand","embeddable":true,"href":"https:\/\/vinodeli.ee\/en\/wp-json\/wp\/v2\/product_brand?post=59580"},{"taxonomy":"product_cat","embeddable":true,"href":"https:\/\/vinodeli.ee\/en\/wp-json\/wp\/v2\/product_cat?post=59580"},{"taxonomy":"product_tag","embeddable":true,"href":"https:\/\/vinodeli.ee\/en\/wp-json\/wp\/v2\/product_tag?post=59580"}],"curies":[{"name":"wp","href":"https:\/\/api.w.org\/{rel}","templated":true}]}}