{"id":60119,"date":"2024-06-30T14:48:00","date_gmt":"2024-06-30T11:48:00","guid":{"rendered":"https:\/\/vinodeli.ee\/?post_type=product&#038;p=60119"},"modified":"2024-06-30T14:53:34","modified_gmt":"2024-06-30T11:53:34","slug":"moillard-vignes-hautes-blanc","status":"publish","type":"product","link":"https:\/\/vinodeli.ee\/en\/product\/moillard-vignes-hautes-blanc\/","title":{"rendered":"Moillard Les Vignes Hautes White Bourgogne Hautes C\u00f4tes de Nuits AOC 2020 13% vol. 0,75l"},"content":{"rendered":"<blockquote>\n<h5>Moillard, historically based in Nuits-Saint-Georges, in the C\u00f4te de Nuits, offers Domaine wines (C\u00f4te de Nuits and C\u00f4te de Beaune) and a traditional signature of Burgundy wines. The old documents of Nuits-Saint-Georges attest that the Moillard family already owned vineyards before the French Revolution. But the Winery saw a real boom in 1850, when Symphorien Moillard bought his first wines to satisfy an order too important for his own Domain, thus initiating his activity of wine trading. Since then, Moillard has carried out the meticulous job of wine making and aging to bring all their wines to their full potential.<\/h5>\n<\/blockquote>\n<h3>Winemaking<\/h3>\n<p>This iconic estate produces mainly red wines from the C\u00f4te de Nuits, recognised as a terroir d&#8217;excellence for the expression of Pinot Noir. Moillard wines are exceptionally refined and elegant.<br \/>\nThe Bourgogne Hautes-C\u00f4tes-de-Nuits overlooks the C\u00f4te de Nuits to the west of the woods of Corton above Gevrey-Chambertin. The vineyards are located between 300 and 400 meters above sea level.<br \/>\nThe soil consists of limestone containing some marl and clay.<br \/>\nTraditional vinification. The grapes are pressed immediately upon arrival at the winery in pneumatic presses. Fermentation in stainless steel thermoregulated at 16\u00b0C. Aged in oak barrels used between 1 and 5 times for 10 months.<\/p>\n<h3>Tasting notes<\/h3>\n<p>Straw yellow in colour with pale golden hues. An aromatic elegance in the nose with floral and lemony notes. The palate is fresh and long with a nice acid structure. The finish offers persistent buttered aromas.<\/p>\n<h3>Food pairing<\/h3>\n<p>The liveliness of the wine combines perfectly with snails. Also perfect with poultry (in stew or grilled), veal with sauce, baked, stewed or raw fish, shellfish. Cheese: Camembert, Brie, Blue cheese, Goat cheese, Gruy\u00e8re, Gouda&#8230; Serve between 10-12\u00b0C.<\/p>\n","protected":false},"excerpt":{"rendered":"<blockquote>\n<h4>Grape variety:<br \/>\n100% Chardonnay<\/h4>\n<\/blockquote>\n","protected":false},"featured_media":60108,"template":"","meta":{"_acf_changed":false},"product_brand":[],"product_cat":[19460],"product_tag":[],"class_list":{"0":"post-60119","1":"product","2":"type-product","3":"status-publish","4":"has-post-thumbnail","6":"product_cat-white-wine","8":"first","9":"instock","10":"taxable","11":"shipping-taxable","12":"purchasable","13":"product-type-simple"},"acf":[],"yoast_head":"<!-- This site is optimized with the Yoast SEO plugin v25.7 - https:\/\/yoast.com\/wordpress\/plugins\/seo\/ -->\n<title>Moillard Les Vignes Hautes White Bourgogne Hautes C\u00f4tes de Nuits AOC 2020 13% vol. 0,75l - Vinodeli<\/title>\n<meta name=\"robots\" content=\"index, follow, max-snippet:-1, max-image-preview:large, max-video-preview:-1\" \/>\n<link rel=\"canonical\" href=\"https:\/\/vinodeli.ee\/product\/moillard-vignes-hautes-blanc\/\" \/>\n<meta property=\"og:locale\" content=\"en_US\" \/>\n<meta property=\"og:type\" content=\"article\" \/>\n<meta property=\"og:title\" content=\"Moillard Les Vignes Hautes White Bourgogne Hautes C\u00f4tes de Nuits AOC 2020 13% vol. 0,75l - Vinodeli\" \/>\n<meta property=\"og:description\" content=\"Grape variety: 100% Chardonnay\" \/>\n<meta property=\"og:url\" content=\"https:\/\/vinodeli.ee\/product\/moillard-vignes-hautes-blanc\/\" \/>\n<meta property=\"og:site_name\" content=\"Vinodeli\" \/>\n<meta property=\"article:modified_time\" content=\"2024-06-30T11:53:34+00:00\" \/>\n<meta property=\"og:image\" content=\"https:\/\/vinodeli.ee\/wp-content\/uploads\/2024\/06\/moillard-les-alouettes-blanc.jpg\" \/>\n\t<meta property=\"og:image:width\" content=\"1600\" \/>\n\t<meta property=\"og:image:height\" content=\"1600\" \/>\n\t<meta property=\"og:image:type\" content=\"image\/jpeg\" \/>\n<meta name=\"twitter:card\" content=\"summary_large_image\" \/>\n<meta name=\"twitter:label1\" content=\"Est. reading time\" \/>\n\t<meta name=\"twitter:data1\" content=\"1 minute\" \/>\n<script type=\"application\/ld+json\" class=\"yoast-schema-graph\">{\"@context\":\"https:\/\/schema.org\",\"@graph\":[{\"@type\":\"WebPage\",\"@id\":\"https:\/\/vinodeli.ee\/product\/moillard-vignes-hautes-blanc\/\",\"url\":\"https:\/\/vinodeli.ee\/product\/moillard-vignes-hautes-blanc\/\",\"name\":\"Moillard Les Vignes Hautes White Bourgogne Hautes C\u00f4tes de Nuits AOC 2020 13% vol. 0,75l - Vinodeli\",\"isPartOf\":{\"@id\":\"https:\/\/vinodeli.ee\/#website\"},\"primaryImageOfPage\":{\"@id\":\"https:\/\/vinodeli.ee\/product\/moillard-vignes-hautes-blanc\/#primaryimage\"},\"image\":{\"@id\":\"https:\/\/vinodeli.ee\/product\/moillard-vignes-hautes-blanc\/#primaryimage\"},\"thumbnailUrl\":\"https:\/\/vinodeli.ee\/wp-content\/uploads\/2024\/06\/moillard-htes-cotes-de-nuits-blanc.jpg\",\"datePublished\":\"2024-06-30T11:48:00+00:00\",\"dateModified\":\"2024-06-30T11:53:34+00:00\",\"breadcrumb\":{\"@id\":\"https:\/\/vinodeli.ee\/product\/moillard-vignes-hautes-blanc\/#breadcrumb\"},\"inLanguage\":\"en-US\",\"potentialAction\":[{\"@type\":\"ReadAction\",\"target\":[\"https:\/\/vinodeli.ee\/product\/moillard-vignes-hautes-blanc\/\"]}]},{\"@type\":\"ImageObject\",\"inLanguage\":\"en-US\",\"@id\":\"https:\/\/vinodeli.ee\/product\/moillard-vignes-hautes-blanc\/#primaryimage\",\"url\":\"https:\/\/vinodeli.ee\/wp-content\/uploads\/2024\/06\/moillard-htes-cotes-de-nuits-blanc.jpg\",\"contentUrl\":\"https:\/\/vinodeli.ee\/wp-content\/uploads\/2024\/06\/moillard-htes-cotes-de-nuits-blanc.jpg\",\"width\":1000,\"height\":1000},{\"@type\":\"BreadcrumbList\",\"@id\":\"https:\/\/vinodeli.ee\/product\/moillard-vignes-hautes-blanc\/#breadcrumb\",\"itemListElement\":[{\"@type\":\"ListItem\",\"position\":1,\"name\":\"Home\",\"item\":\"https:\/\/vinodeli.ee\/en\/\"},{\"@type\":\"ListItem\",\"position\":2,\"name\":\"Shop\",\"item\":\"https:\/\/vinodeli.ee\/pood\/\"},{\"@type\":\"ListItem\",\"position\":3,\"name\":\"Moillard Les Vignes Hautes White Bourgogne Hautes C\u00f4tes de Nuits AOC 2020 13% vol. 0,75l\"}]},{\"@type\":\"WebSite\",\"@id\":\"https:\/\/vinodeli.ee\/#website\",\"url\":\"https:\/\/vinodeli.ee\/\",\"name\":\"Vinodeli\",\"description\":\"\",\"publisher\":{\"@id\":\"https:\/\/vinodeli.ee\/#organization\"},\"potentialAction\":[{\"@type\":\"SearchAction\",\"target\":{\"@type\":\"EntryPoint\",\"urlTemplate\":\"https:\/\/vinodeli.ee\/?s={search_term_string}\"},\"query-input\":{\"@type\":\"PropertyValueSpecification\",\"valueRequired\":true,\"valueName\":\"search_term_string\"}}],\"inLanguage\":\"en-US\"},{\"@type\":\"Organization\",\"@id\":\"https:\/\/vinodeli.ee\/#organization\",\"name\":\"Vinodeli O\u00dc\",\"url\":\"https:\/\/vinodeli.ee\/\",\"logo\":{\"@type\":\"ImageObject\",\"inLanguage\":\"en-US\",\"@id\":\"https:\/\/vinodeli.ee\/#\/schema\/logo\/image\/\",\"url\":\"https:\/\/vinodeli.ee\/wp-content\/uploads\/2024\/02\/logo-winodeli-1.png\",\"contentUrl\":\"https:\/\/vinodeli.ee\/wp-content\/uploads\/2024\/02\/logo-winodeli-1.png\",\"width\":1500,\"height\":1150,\"caption\":\"Vinodeli O\u00dc\"},\"image\":{\"@id\":\"https:\/\/vinodeli.ee\/#\/schema\/logo\/image\/\"}}]}<\/script>\n<!-- \/ Yoast SEO plugin. -->","yoast_head_json":{"title":"Moillard Les Vignes Hautes White Bourgogne Hautes C\u00f4tes de Nuits AOC 2020 13% vol. 0,75l - Vinodeli","robots":{"index":"index","follow":"follow","max-snippet":"max-snippet:-1","max-image-preview":"max-image-preview:large","max-video-preview":"max-video-preview:-1"},"canonical":"https:\/\/vinodeli.ee\/product\/moillard-vignes-hautes-blanc\/","og_locale":"en_US","og_type":"article","og_title":"Moillard Les Vignes Hautes White Bourgogne Hautes C\u00f4tes de Nuits AOC 2020 13% vol. 0,75l - Vinodeli","og_description":"Grape variety: 100% Chardonnay","og_url":"https:\/\/vinodeli.ee\/product\/moillard-vignes-hautes-blanc\/","og_site_name":"Vinodeli","article_modified_time":"2024-06-30T11:53:34+00:00","og_image":[{"width":1600,"height":1600,"url":"https:\/\/vinodeli.ee\/wp-content\/uploads\/2024\/06\/moillard-les-alouettes-blanc.jpg","type":"image\/jpeg"}],"twitter_card":"summary_large_image","twitter_misc":{"Est. reading time":"1 minute"},"schema":{"@context":"https:\/\/schema.org","@graph":[{"@type":"WebPage","@id":"https:\/\/vinodeli.ee\/product\/moillard-vignes-hautes-blanc\/","url":"https:\/\/vinodeli.ee\/product\/moillard-vignes-hautes-blanc\/","name":"Moillard Les Vignes Hautes White Bourgogne Hautes C\u00f4tes de Nuits AOC 2020 13% vol. 0,75l - Vinodeli","isPartOf":{"@id":"https:\/\/vinodeli.ee\/#website"},"primaryImageOfPage":{"@id":"https:\/\/vinodeli.ee\/product\/moillard-vignes-hautes-blanc\/#primaryimage"},"image":{"@id":"https:\/\/vinodeli.ee\/product\/moillard-vignes-hautes-blanc\/#primaryimage"},"thumbnailUrl":"https:\/\/vinodeli.ee\/wp-content\/uploads\/2024\/06\/moillard-htes-cotes-de-nuits-blanc.jpg","datePublished":"2024-06-30T11:48:00+00:00","dateModified":"2024-06-30T11:53:34+00:00","breadcrumb":{"@id":"https:\/\/vinodeli.ee\/product\/moillard-vignes-hautes-blanc\/#breadcrumb"},"inLanguage":"en-US","potentialAction":[{"@type":"ReadAction","target":["https:\/\/vinodeli.ee\/product\/moillard-vignes-hautes-blanc\/"]}]},{"@type":"ImageObject","inLanguage":"en-US","@id":"https:\/\/vinodeli.ee\/product\/moillard-vignes-hautes-blanc\/#primaryimage","url":"https:\/\/vinodeli.ee\/wp-content\/uploads\/2024\/06\/moillard-htes-cotes-de-nuits-blanc.jpg","contentUrl":"https:\/\/vinodeli.ee\/wp-content\/uploads\/2024\/06\/moillard-htes-cotes-de-nuits-blanc.jpg","width":1000,"height":1000},{"@type":"BreadcrumbList","@id":"https:\/\/vinodeli.ee\/product\/moillard-vignes-hautes-blanc\/#breadcrumb","itemListElement":[{"@type":"ListItem","position":1,"name":"Home","item":"https:\/\/vinodeli.ee\/en\/"},{"@type":"ListItem","position":2,"name":"Shop","item":"https:\/\/vinodeli.ee\/pood\/"},{"@type":"ListItem","position":3,"name":"Moillard Les Vignes Hautes White Bourgogne Hautes C\u00f4tes de Nuits AOC 2020 13% vol. 0,75l"}]},{"@type":"WebSite","@id":"https:\/\/vinodeli.ee\/#website","url":"https:\/\/vinodeli.ee\/","name":"Vinodeli","description":"","publisher":{"@id":"https:\/\/vinodeli.ee\/#organization"},"potentialAction":[{"@type":"SearchAction","target":{"@type":"EntryPoint","urlTemplate":"https:\/\/vinodeli.ee\/?s={search_term_string}"},"query-input":{"@type":"PropertyValueSpecification","valueRequired":true,"valueName":"search_term_string"}}],"inLanguage":"en-US"},{"@type":"Organization","@id":"https:\/\/vinodeli.ee\/#organization","name":"Vinodeli O\u00dc","url":"https:\/\/vinodeli.ee\/","logo":{"@type":"ImageObject","inLanguage":"en-US","@id":"https:\/\/vinodeli.ee\/#\/schema\/logo\/image\/","url":"https:\/\/vinodeli.ee\/wp-content\/uploads\/2024\/02\/logo-winodeli-1.png","contentUrl":"https:\/\/vinodeli.ee\/wp-content\/uploads\/2024\/02\/logo-winodeli-1.png","width":1500,"height":1150,"caption":"Vinodeli O\u00dc"},"image":{"@id":"https:\/\/vinodeli.ee\/#\/schema\/logo\/image\/"}}]}},"_links":{"self":[{"href":"https:\/\/vinodeli.ee\/en\/wp-json\/wp\/v2\/product\/60119","targetHints":{"allow":["GET"]}}],"collection":[{"href":"https:\/\/vinodeli.ee\/en\/wp-json\/wp\/v2\/product"}],"about":[{"href":"https:\/\/vinodeli.ee\/en\/wp-json\/wp\/v2\/types\/product"}],"version-history":[{"count":0,"href":"https:\/\/vinodeli.ee\/en\/wp-json\/wp\/v2\/product\/60119\/revisions"}],"wp:featuredmedia":[{"embeddable":true,"href":"https:\/\/vinodeli.ee\/en\/wp-json\/wp\/v2\/media\/60108"}],"wp:attachment":[{"href":"https:\/\/vinodeli.ee\/en\/wp-json\/wp\/v2\/media?parent=60119"}],"wp:term":[{"taxonomy":"product_brand","embeddable":true,"href":"https:\/\/vinodeli.ee\/en\/wp-json\/wp\/v2\/product_brand?post=60119"},{"taxonomy":"product_cat","embeddable":true,"href":"https:\/\/vinodeli.ee\/en\/wp-json\/wp\/v2\/product_cat?post=60119"},{"taxonomy":"product_tag","embeddable":true,"href":"https:\/\/vinodeli.ee\/en\/wp-json\/wp\/v2\/product_tag?post=60119"}],"curies":[{"name":"wp","href":"https:\/\/api.w.org\/{rel}","templated":true}]}}