{"id":60597,"date":"2024-07-07T16:23:36","date_gmt":"2024-07-07T13:23:36","guid":{"rendered":"https:\/\/vinodeli.ee\/?post_type=product&#038;p=60597"},"modified":"2024-07-07T16:37:31","modified_gmt":"2024-07-07T13:37:31","slug":"moillard-la-perriere","status":"publish","type":"product","link":"https:\/\/vinodeli.ee\/en\/product\/moillard-la-perriere\/","title":{"rendered":"Moillard La Perri\u00e8re Ch\u00e9nas AOC 2020 13,5% vol. 0,75l"},"content":{"rendered":"<blockquote>\n<h5>Moillard, historically based in Nuits-Saint-Georges, in the C\u00f4te de Nuits, offers Domaine wines (C\u00f4te de Nuits and C\u00f4te de Beaune) and a traditional signature of Burgundy wines. The old documents of Nuits-Saint-Georges attest that the Moillard family already owned vineyards before the French Revolution. But the Winery saw a real boom in 1850, when Symphorien Moillard bought his first wines to satisfy an order too important for his own Domain, thus initiating his activity of wine trading. Since then, Moillard has carried out the meticulous job of wine making and aging to bring all their wines to their full potential.<\/h5>\n<\/blockquote>\n<h3>Tasting notes<\/h3>\n<p>Young blue-red colour. Delicate aroma with beautiful berry nuances. Clean, juicy, balanced flavour with soft, typical tannins.<\/p>\n","protected":false},"excerpt":{"rendered":"<blockquote>\n<h4>Grape variety:<br \/>\n100% Gamay<\/h4>\n<\/blockquote>\n","protected":false},"featured_media":60600,"template":"","meta":{"_acf_changed":false},"product_brand":[],"product_cat":[19462],"product_tag":[],"class_list":{"0":"post-60597","1":"product","2":"type-product","3":"status-publish","4":"has-post-thumbnail","6":"product_cat-red-wine","8":"first","9":"instock","10":"taxable","11":"shipping-taxable","12":"purchasable","13":"product-type-simple"},"acf":[],"yoast_head":"<!-- This site is optimized with the Yoast SEO plugin v25.7 - https:\/\/yoast.com\/wordpress\/plugins\/seo\/ -->\n<title>Moillard La Perri\u00e8re Ch\u00e9nas AOC 2020 13,5% vol. 0,75l - Vinodeli<\/title>\n<meta name=\"robots\" content=\"index, follow, max-snippet:-1, max-image-preview:large, max-video-preview:-1\" \/>\n<link rel=\"canonical\" href=\"https:\/\/vinodeli.ee\/product\/moillard-la-perriere\/\" \/>\n<meta property=\"og:locale\" content=\"en_US\" \/>\n<meta property=\"og:type\" content=\"article\" \/>\n<meta property=\"og:title\" content=\"Moillard La Perri\u00e8re Ch\u00e9nas AOC 2020 13,5% vol. 0,75l - Vinodeli\" \/>\n<meta property=\"og:description\" content=\"Grape variety: 100% Gamay\" \/>\n<meta property=\"og:url\" content=\"https:\/\/vinodeli.ee\/product\/moillard-la-perriere\/\" \/>\n<meta property=\"og:site_name\" content=\"Vinodeli\" \/>\n<meta property=\"article:modified_time\" content=\"2024-07-07T13:37:31+00:00\" \/>\n<meta property=\"og:image\" content=\"https:\/\/vinodeli.ee\/wp-content\/uploads\/2024\/07\/moillard-la-perriere.jpg\" \/>\n\t<meta property=\"og:image:width\" content=\"700\" \/>\n\t<meta property=\"og:image:height\" content=\"700\" \/>\n\t<meta property=\"og:image:type\" content=\"image\/jpeg\" \/>\n<meta name=\"twitter:card\" content=\"summary_large_image\" \/>\n<meta name=\"twitter:label1\" content=\"Est. reading time\" \/>\n\t<meta name=\"twitter:data1\" content=\"1 minute\" \/>\n<script type=\"application\/ld+json\" class=\"yoast-schema-graph\">{\"@context\":\"https:\/\/schema.org\",\"@graph\":[{\"@type\":\"WebPage\",\"@id\":\"https:\/\/vinodeli.ee\/product\/moillard-la-perriere\/\",\"url\":\"https:\/\/vinodeli.ee\/product\/moillard-la-perriere\/\",\"name\":\"Moillard La Perri\u00e8re Ch\u00e9nas AOC 2020 13,5% vol. 0,75l - Vinodeli\",\"isPartOf\":{\"@id\":\"https:\/\/vinodeli.ee\/#website\"},\"primaryImageOfPage\":{\"@id\":\"https:\/\/vinodeli.ee\/product\/moillard-la-perriere\/#primaryimage\"},\"image\":{\"@id\":\"https:\/\/vinodeli.ee\/product\/moillard-la-perriere\/#primaryimage\"},\"thumbnailUrl\":\"https:\/\/vinodeli.ee\/wp-content\/uploads\/2024\/07\/moillard-la-perriere.jpg\",\"datePublished\":\"2024-07-07T13:23:36+00:00\",\"dateModified\":\"2024-07-07T13:37:31+00:00\",\"breadcrumb\":{\"@id\":\"https:\/\/vinodeli.ee\/product\/moillard-la-perriere\/#breadcrumb\"},\"inLanguage\":\"en-US\",\"potentialAction\":[{\"@type\":\"ReadAction\",\"target\":[\"https:\/\/vinodeli.ee\/product\/moillard-la-perriere\/\"]}]},{\"@type\":\"ImageObject\",\"inLanguage\":\"en-US\",\"@id\":\"https:\/\/vinodeli.ee\/product\/moillard-la-perriere\/#primaryimage\",\"url\":\"https:\/\/vinodeli.ee\/wp-content\/uploads\/2024\/07\/moillard-la-perriere.jpg\",\"contentUrl\":\"https:\/\/vinodeli.ee\/wp-content\/uploads\/2024\/07\/moillard-la-perriere.jpg\",\"width\":700,\"height\":700},{\"@type\":\"BreadcrumbList\",\"@id\":\"https:\/\/vinodeli.ee\/product\/moillard-la-perriere\/#breadcrumb\",\"itemListElement\":[{\"@type\":\"ListItem\",\"position\":1,\"name\":\"Home\",\"item\":\"https:\/\/vinodeli.ee\/en\/\"},{\"@type\":\"ListItem\",\"position\":2,\"name\":\"Shop\",\"item\":\"https:\/\/vinodeli.ee\/pood\/\"},{\"@type\":\"ListItem\",\"position\":3,\"name\":\"Moillard La Perri\u00e8re Ch\u00e9nas AOC 2020 13,5% vol. 0,75l\"}]},{\"@type\":\"WebSite\",\"@id\":\"https:\/\/vinodeli.ee\/#website\",\"url\":\"https:\/\/vinodeli.ee\/\",\"name\":\"Vinodeli\",\"description\":\"\",\"publisher\":{\"@id\":\"https:\/\/vinodeli.ee\/#organization\"},\"potentialAction\":[{\"@type\":\"SearchAction\",\"target\":{\"@type\":\"EntryPoint\",\"urlTemplate\":\"https:\/\/vinodeli.ee\/?s={search_term_string}\"},\"query-input\":{\"@type\":\"PropertyValueSpecification\",\"valueRequired\":true,\"valueName\":\"search_term_string\"}}],\"inLanguage\":\"en-US\"},{\"@type\":\"Organization\",\"@id\":\"https:\/\/vinodeli.ee\/#organization\",\"name\":\"Vinodeli O\u00dc\",\"url\":\"https:\/\/vinodeli.ee\/\",\"logo\":{\"@type\":\"ImageObject\",\"inLanguage\":\"en-US\",\"@id\":\"https:\/\/vinodeli.ee\/#\/schema\/logo\/image\/\",\"url\":\"https:\/\/vinodeli.ee\/wp-content\/uploads\/2024\/02\/logo-winodeli-1.png\",\"contentUrl\":\"https:\/\/vinodeli.ee\/wp-content\/uploads\/2024\/02\/logo-winodeli-1.png\",\"width\":1500,\"height\":1150,\"caption\":\"Vinodeli O\u00dc\"},\"image\":{\"@id\":\"https:\/\/vinodeli.ee\/#\/schema\/logo\/image\/\"}}]}<\/script>\n<!-- \/ Yoast SEO plugin. -->","yoast_head_json":{"title":"Moillard La Perri\u00e8re Ch\u00e9nas AOC 2020 13,5% vol. 0,75l - Vinodeli","robots":{"index":"index","follow":"follow","max-snippet":"max-snippet:-1","max-image-preview":"max-image-preview:large","max-video-preview":"max-video-preview:-1"},"canonical":"https:\/\/vinodeli.ee\/product\/moillard-la-perriere\/","og_locale":"en_US","og_type":"article","og_title":"Moillard La Perri\u00e8re Ch\u00e9nas AOC 2020 13,5% vol. 0,75l - Vinodeli","og_description":"Grape variety: 100% Gamay","og_url":"https:\/\/vinodeli.ee\/product\/moillard-la-perriere\/","og_site_name":"Vinodeli","article_modified_time":"2024-07-07T13:37:31+00:00","og_image":[{"width":700,"height":700,"url":"https:\/\/vinodeli.ee\/wp-content\/uploads\/2024\/07\/moillard-la-perriere.jpg","type":"image\/jpeg"}],"twitter_card":"summary_large_image","twitter_misc":{"Est. reading time":"1 minute"},"schema":{"@context":"https:\/\/schema.org","@graph":[{"@type":"WebPage","@id":"https:\/\/vinodeli.ee\/product\/moillard-la-perriere\/","url":"https:\/\/vinodeli.ee\/product\/moillard-la-perriere\/","name":"Moillard La Perri\u00e8re Ch\u00e9nas AOC 2020 13,5% vol. 0,75l - Vinodeli","isPartOf":{"@id":"https:\/\/vinodeli.ee\/#website"},"primaryImageOfPage":{"@id":"https:\/\/vinodeli.ee\/product\/moillard-la-perriere\/#primaryimage"},"image":{"@id":"https:\/\/vinodeli.ee\/product\/moillard-la-perriere\/#primaryimage"},"thumbnailUrl":"https:\/\/vinodeli.ee\/wp-content\/uploads\/2024\/07\/moillard-la-perriere.jpg","datePublished":"2024-07-07T13:23:36+00:00","dateModified":"2024-07-07T13:37:31+00:00","breadcrumb":{"@id":"https:\/\/vinodeli.ee\/product\/moillard-la-perriere\/#breadcrumb"},"inLanguage":"en-US","potentialAction":[{"@type":"ReadAction","target":["https:\/\/vinodeli.ee\/product\/moillard-la-perriere\/"]}]},{"@type":"ImageObject","inLanguage":"en-US","@id":"https:\/\/vinodeli.ee\/product\/moillard-la-perriere\/#primaryimage","url":"https:\/\/vinodeli.ee\/wp-content\/uploads\/2024\/07\/moillard-la-perriere.jpg","contentUrl":"https:\/\/vinodeli.ee\/wp-content\/uploads\/2024\/07\/moillard-la-perriere.jpg","width":700,"height":700},{"@type":"BreadcrumbList","@id":"https:\/\/vinodeli.ee\/product\/moillard-la-perriere\/#breadcrumb","itemListElement":[{"@type":"ListItem","position":1,"name":"Home","item":"https:\/\/vinodeli.ee\/en\/"},{"@type":"ListItem","position":2,"name":"Shop","item":"https:\/\/vinodeli.ee\/pood\/"},{"@type":"ListItem","position":3,"name":"Moillard La Perri\u00e8re Ch\u00e9nas AOC 2020 13,5% vol. 0,75l"}]},{"@type":"WebSite","@id":"https:\/\/vinodeli.ee\/#website","url":"https:\/\/vinodeli.ee\/","name":"Vinodeli","description":"","publisher":{"@id":"https:\/\/vinodeli.ee\/#organization"},"potentialAction":[{"@type":"SearchAction","target":{"@type":"EntryPoint","urlTemplate":"https:\/\/vinodeli.ee\/?s={search_term_string}"},"query-input":{"@type":"PropertyValueSpecification","valueRequired":true,"valueName":"search_term_string"}}],"inLanguage":"en-US"},{"@type":"Organization","@id":"https:\/\/vinodeli.ee\/#organization","name":"Vinodeli O\u00dc","url":"https:\/\/vinodeli.ee\/","logo":{"@type":"ImageObject","inLanguage":"en-US","@id":"https:\/\/vinodeli.ee\/#\/schema\/logo\/image\/","url":"https:\/\/vinodeli.ee\/wp-content\/uploads\/2024\/02\/logo-winodeli-1.png","contentUrl":"https:\/\/vinodeli.ee\/wp-content\/uploads\/2024\/02\/logo-winodeli-1.png","width":1500,"height":1150,"caption":"Vinodeli O\u00dc"},"image":{"@id":"https:\/\/vinodeli.ee\/#\/schema\/logo\/image\/"}}]}},"_links":{"self":[{"href":"https:\/\/vinodeli.ee\/en\/wp-json\/wp\/v2\/product\/60597","targetHints":{"allow":["GET"]}}],"collection":[{"href":"https:\/\/vinodeli.ee\/en\/wp-json\/wp\/v2\/product"}],"about":[{"href":"https:\/\/vinodeli.ee\/en\/wp-json\/wp\/v2\/types\/product"}],"version-history":[{"count":0,"href":"https:\/\/vinodeli.ee\/en\/wp-json\/wp\/v2\/product\/60597\/revisions"}],"wp:featuredmedia":[{"embeddable":true,"href":"https:\/\/vinodeli.ee\/en\/wp-json\/wp\/v2\/media\/60600"}],"wp:attachment":[{"href":"https:\/\/vinodeli.ee\/en\/wp-json\/wp\/v2\/media?parent=60597"}],"wp:term":[{"taxonomy":"product_brand","embeddable":true,"href":"https:\/\/vinodeli.ee\/en\/wp-json\/wp\/v2\/product_brand?post=60597"},{"taxonomy":"product_cat","embeddable":true,"href":"https:\/\/vinodeli.ee\/en\/wp-json\/wp\/v2\/product_cat?post=60597"},{"taxonomy":"product_tag","embeddable":true,"href":"https:\/\/vinodeli.ee\/en\/wp-json\/wp\/v2\/product_tag?post=60597"}],"curies":[{"name":"wp","href":"https:\/\/api.w.org\/{rel}","templated":true}]}}