{"id":60718,"date":"2024-07-11T18:36:31","date_gmt":"2024-07-11T15:36:31","guid":{"rendered":"https:\/\/vinodeli.ee\/?post_type=product&#038;p=60718"},"modified":"2024-07-11T18:48:34","modified_gmt":"2024-07-11T15:48:34","slug":"moillard-cremant-demi-sec","status":"publish","type":"product","link":"https:\/\/vinodeli.ee\/en\/product\/moillard-cremant-demi-sec\/","title":{"rendered":"Moillard Cr\u00e9mant de Bourgogne AOC Demi-Sec 11,5% vol. 0,75l"},"content":{"rendered":"<blockquote>\n<h5>Moillard, historically based in Nuits-Saint-Georges, in the C\u00f4te de Nuits, offers Domaine wines (C\u00f4te de Nuits and C\u00f4te de Beaune) and a traditional signature of Burgundy wines. The old documents of Nuits-Saint-Georges attest that the Moillard family already owned vineyards before the French Revolution. But the Winery saw a real boom in 1850, when Symphorien Moillard bought his first wines to satisfy an order too important for his own Domain, thus initiating his activity of wine trading. Since then, Moillard has carried out the meticulous job of wine making and aging to bring all their wines to their full potential.<\/h5>\n<\/blockquote>\n<h3>Winemaking<\/h3>\n<p>Different soils: limestone and marl in the Cotes de Nuits, Cotes de Beaune and Cote Chalonnaise and granite in Southern Burgundy. Traditional method. The grapes are pressed immediately upon arrival at the winery in pneumatic presses. The fermentation is carried out in stainless steel vats at 18\u00b0C. The base wines are then assembled. Fermentation (second alcoholic fermentation) in bottles and maturing for 18 months (&#8220;Sur latte&#8221;) before being put in gyropallets and disgorged to eliminate the deposit in the bottle. Addition of expedition liqueur before capping and muzzling.<\/p>\n<h3>Tasting notes<\/h3>\n<p>White gold color, highlighted by fine bubbles. A pleasant nose of white flowers, orange blossom and fresh brioche. Fresh and elegant. On the palate, a nice balance bteween acididity, aromatic power and the delicacy of the effervescence.<\/p>\n<h3>Food pairing<\/h3>\n<p>Ideal as an aperitif, this Cr\u00e9mant de Bourgogne can also pair perfectly with poultry or seafood in sauce. It will also highlight the aromas of desserts such as sorbets. Serve between 6-8\u00b0C.<\/p>\n","protected":false},"excerpt":{"rendered":"<blockquote>\n<h4>Grape varieties:<br \/>\nPinot Noir, Chardonnay, Gamay, Aligote<\/h4>\n<\/blockquote>\n","protected":false},"featured_media":60721,"template":"","meta":{"_acf_changed":false},"product_brand":[],"product_cat":[19489],"product_tag":[],"class_list":{"0":"post-60718","1":"product","2":"type-product","3":"status-publish","4":"has-post-thumbnail","6":"product_cat-cremant-en","8":"first","9":"instock","10":"taxable","11":"shipping-taxable","12":"purchasable","13":"product-type-simple"},"acf":[],"yoast_head":"<!-- This site is optimized with the Yoast SEO plugin v25.7 - https:\/\/yoast.com\/wordpress\/plugins\/seo\/ -->\n<title>Moillard Cr\u00e9mant de Bourgogne AOC Demi-Sec 11,5% vol. 0,75l - Vinodeli<\/title>\n<meta name=\"robots\" content=\"index, follow, max-snippet:-1, max-image-preview:large, max-video-preview:-1\" \/>\n<link rel=\"canonical\" href=\"https:\/\/vinodeli.ee\/product\/moillard-cremant-demi-sec\/\" \/>\n<meta property=\"og:locale\" content=\"en_US\" \/>\n<meta property=\"og:type\" content=\"article\" \/>\n<meta property=\"og:title\" content=\"Moillard Cr\u00e9mant de Bourgogne AOC Demi-Sec 11,5% vol. 0,75l - Vinodeli\" \/>\n<meta property=\"og:description\" content=\"Grape varieties: Pinot Noir, Chardonnay, Gamay, Aligote\" \/>\n<meta property=\"og:url\" content=\"https:\/\/vinodeli.ee\/product\/moillard-cremant-demi-sec\/\" \/>\n<meta property=\"og:site_name\" content=\"Vinodeli\" \/>\n<meta property=\"article:modified_time\" content=\"2024-07-11T15:48:34+00:00\" \/>\n<meta property=\"og:image\" content=\"https:\/\/vinodeli.ee\/wp-content\/uploads\/2024\/07\/moillard-cremant-demi-sec.jpg\" \/>\n\t<meta property=\"og:image:width\" content=\"1080\" \/>\n\t<meta property=\"og:image:height\" content=\"1080\" \/>\n\t<meta property=\"og:image:type\" content=\"image\/jpeg\" \/>\n<meta name=\"twitter:card\" content=\"summary_large_image\" \/>\n<meta name=\"twitter:label1\" content=\"Est. reading time\" \/>\n\t<meta name=\"twitter:data1\" content=\"1 minute\" \/>\n<script type=\"application\/ld+json\" class=\"yoast-schema-graph\">{\"@context\":\"https:\/\/schema.org\",\"@graph\":[{\"@type\":\"WebPage\",\"@id\":\"https:\/\/vinodeli.ee\/product\/moillard-cremant-demi-sec\/\",\"url\":\"https:\/\/vinodeli.ee\/product\/moillard-cremant-demi-sec\/\",\"name\":\"Moillard Cr\u00e9mant de Bourgogne AOC Demi-Sec 11,5% vol. 0,75l - Vinodeli\",\"isPartOf\":{\"@id\":\"https:\/\/vinodeli.ee\/#website\"},\"primaryImageOfPage\":{\"@id\":\"https:\/\/vinodeli.ee\/product\/moillard-cremant-demi-sec\/#primaryimage\"},\"image\":{\"@id\":\"https:\/\/vinodeli.ee\/product\/moillard-cremant-demi-sec\/#primaryimage\"},\"thumbnailUrl\":\"https:\/\/vinodeli.ee\/wp-content\/uploads\/2024\/07\/moillard-cremant-demi-sec.jpg\",\"datePublished\":\"2024-07-11T15:36:31+00:00\",\"dateModified\":\"2024-07-11T15:48:34+00:00\",\"breadcrumb\":{\"@id\":\"https:\/\/vinodeli.ee\/product\/moillard-cremant-demi-sec\/#breadcrumb\"},\"inLanguage\":\"en-US\",\"potentialAction\":[{\"@type\":\"ReadAction\",\"target\":[\"https:\/\/vinodeli.ee\/product\/moillard-cremant-demi-sec\/\"]}]},{\"@type\":\"ImageObject\",\"inLanguage\":\"en-US\",\"@id\":\"https:\/\/vinodeli.ee\/product\/moillard-cremant-demi-sec\/#primaryimage\",\"url\":\"https:\/\/vinodeli.ee\/wp-content\/uploads\/2024\/07\/moillard-cremant-demi-sec.jpg\",\"contentUrl\":\"https:\/\/vinodeli.ee\/wp-content\/uploads\/2024\/07\/moillard-cremant-demi-sec.jpg\",\"width\":1080,\"height\":1080},{\"@type\":\"BreadcrumbList\",\"@id\":\"https:\/\/vinodeli.ee\/product\/moillard-cremant-demi-sec\/#breadcrumb\",\"itemListElement\":[{\"@type\":\"ListItem\",\"position\":1,\"name\":\"Home\",\"item\":\"https:\/\/vinodeli.ee\/en\/\"},{\"@type\":\"ListItem\",\"position\":2,\"name\":\"Shop\",\"item\":\"https:\/\/vinodeli.ee\/pood\/\"},{\"@type\":\"ListItem\",\"position\":3,\"name\":\"Moillard Cr\u00e9mant de Bourgogne AOC Demi-Sec 11,5% vol. 0,75l\"}]},{\"@type\":\"WebSite\",\"@id\":\"https:\/\/vinodeli.ee\/#website\",\"url\":\"https:\/\/vinodeli.ee\/\",\"name\":\"Vinodeli\",\"description\":\"\",\"publisher\":{\"@id\":\"https:\/\/vinodeli.ee\/#organization\"},\"potentialAction\":[{\"@type\":\"SearchAction\",\"target\":{\"@type\":\"EntryPoint\",\"urlTemplate\":\"https:\/\/vinodeli.ee\/?s={search_term_string}\"},\"query-input\":{\"@type\":\"PropertyValueSpecification\",\"valueRequired\":true,\"valueName\":\"search_term_string\"}}],\"inLanguage\":\"en-US\"},{\"@type\":\"Organization\",\"@id\":\"https:\/\/vinodeli.ee\/#organization\",\"name\":\"Vinodeli O\u00dc\",\"url\":\"https:\/\/vinodeli.ee\/\",\"logo\":{\"@type\":\"ImageObject\",\"inLanguage\":\"en-US\",\"@id\":\"https:\/\/vinodeli.ee\/#\/schema\/logo\/image\/\",\"url\":\"https:\/\/vinodeli.ee\/wp-content\/uploads\/2024\/02\/logo-winodeli-1.png\",\"contentUrl\":\"https:\/\/vinodeli.ee\/wp-content\/uploads\/2024\/02\/logo-winodeli-1.png\",\"width\":1500,\"height\":1150,\"caption\":\"Vinodeli O\u00dc\"},\"image\":{\"@id\":\"https:\/\/vinodeli.ee\/#\/schema\/logo\/image\/\"}}]}<\/script>\n<!-- \/ Yoast SEO plugin. -->","yoast_head_json":{"title":"Moillard Cr\u00e9mant de Bourgogne AOC Demi-Sec 11,5% vol. 0,75l - Vinodeli","robots":{"index":"index","follow":"follow","max-snippet":"max-snippet:-1","max-image-preview":"max-image-preview:large","max-video-preview":"max-video-preview:-1"},"canonical":"https:\/\/vinodeli.ee\/product\/moillard-cremant-demi-sec\/","og_locale":"en_US","og_type":"article","og_title":"Moillard Cr\u00e9mant de Bourgogne AOC Demi-Sec 11,5% vol. 0,75l - Vinodeli","og_description":"Grape varieties: Pinot Noir, Chardonnay, Gamay, Aligote","og_url":"https:\/\/vinodeli.ee\/product\/moillard-cremant-demi-sec\/","og_site_name":"Vinodeli","article_modified_time":"2024-07-11T15:48:34+00:00","og_image":[{"width":1080,"height":1080,"url":"https:\/\/vinodeli.ee\/wp-content\/uploads\/2024\/07\/moillard-cremant-demi-sec.jpg","type":"image\/jpeg"}],"twitter_card":"summary_large_image","twitter_misc":{"Est. reading time":"1 minute"},"schema":{"@context":"https:\/\/schema.org","@graph":[{"@type":"WebPage","@id":"https:\/\/vinodeli.ee\/product\/moillard-cremant-demi-sec\/","url":"https:\/\/vinodeli.ee\/product\/moillard-cremant-demi-sec\/","name":"Moillard Cr\u00e9mant de Bourgogne AOC Demi-Sec 11,5% vol. 0,75l - Vinodeli","isPartOf":{"@id":"https:\/\/vinodeli.ee\/#website"},"primaryImageOfPage":{"@id":"https:\/\/vinodeli.ee\/product\/moillard-cremant-demi-sec\/#primaryimage"},"image":{"@id":"https:\/\/vinodeli.ee\/product\/moillard-cremant-demi-sec\/#primaryimage"},"thumbnailUrl":"https:\/\/vinodeli.ee\/wp-content\/uploads\/2024\/07\/moillard-cremant-demi-sec.jpg","datePublished":"2024-07-11T15:36:31+00:00","dateModified":"2024-07-11T15:48:34+00:00","breadcrumb":{"@id":"https:\/\/vinodeli.ee\/product\/moillard-cremant-demi-sec\/#breadcrumb"},"inLanguage":"en-US","potentialAction":[{"@type":"ReadAction","target":["https:\/\/vinodeli.ee\/product\/moillard-cremant-demi-sec\/"]}]},{"@type":"ImageObject","inLanguage":"en-US","@id":"https:\/\/vinodeli.ee\/product\/moillard-cremant-demi-sec\/#primaryimage","url":"https:\/\/vinodeli.ee\/wp-content\/uploads\/2024\/07\/moillard-cremant-demi-sec.jpg","contentUrl":"https:\/\/vinodeli.ee\/wp-content\/uploads\/2024\/07\/moillard-cremant-demi-sec.jpg","width":1080,"height":1080},{"@type":"BreadcrumbList","@id":"https:\/\/vinodeli.ee\/product\/moillard-cremant-demi-sec\/#breadcrumb","itemListElement":[{"@type":"ListItem","position":1,"name":"Home","item":"https:\/\/vinodeli.ee\/en\/"},{"@type":"ListItem","position":2,"name":"Shop","item":"https:\/\/vinodeli.ee\/pood\/"},{"@type":"ListItem","position":3,"name":"Moillard Cr\u00e9mant de Bourgogne AOC Demi-Sec 11,5% vol. 0,75l"}]},{"@type":"WebSite","@id":"https:\/\/vinodeli.ee\/#website","url":"https:\/\/vinodeli.ee\/","name":"Vinodeli","description":"","publisher":{"@id":"https:\/\/vinodeli.ee\/#organization"},"potentialAction":[{"@type":"SearchAction","target":{"@type":"EntryPoint","urlTemplate":"https:\/\/vinodeli.ee\/?s={search_term_string}"},"query-input":{"@type":"PropertyValueSpecification","valueRequired":true,"valueName":"search_term_string"}}],"inLanguage":"en-US"},{"@type":"Organization","@id":"https:\/\/vinodeli.ee\/#organization","name":"Vinodeli O\u00dc","url":"https:\/\/vinodeli.ee\/","logo":{"@type":"ImageObject","inLanguage":"en-US","@id":"https:\/\/vinodeli.ee\/#\/schema\/logo\/image\/","url":"https:\/\/vinodeli.ee\/wp-content\/uploads\/2024\/02\/logo-winodeli-1.png","contentUrl":"https:\/\/vinodeli.ee\/wp-content\/uploads\/2024\/02\/logo-winodeli-1.png","width":1500,"height":1150,"caption":"Vinodeli O\u00dc"},"image":{"@id":"https:\/\/vinodeli.ee\/#\/schema\/logo\/image\/"}}]}},"_links":{"self":[{"href":"https:\/\/vinodeli.ee\/en\/wp-json\/wp\/v2\/product\/60718","targetHints":{"allow":["GET"]}}],"collection":[{"href":"https:\/\/vinodeli.ee\/en\/wp-json\/wp\/v2\/product"}],"about":[{"href":"https:\/\/vinodeli.ee\/en\/wp-json\/wp\/v2\/types\/product"}],"version-history":[{"count":0,"href":"https:\/\/vinodeli.ee\/en\/wp-json\/wp\/v2\/product\/60718\/revisions"}],"wp:featuredmedia":[{"embeddable":true,"href":"https:\/\/vinodeli.ee\/en\/wp-json\/wp\/v2\/media\/60721"}],"wp:attachment":[{"href":"https:\/\/vinodeli.ee\/en\/wp-json\/wp\/v2\/media?parent=60718"}],"wp:term":[{"taxonomy":"product_brand","embeddable":true,"href":"https:\/\/vinodeli.ee\/en\/wp-json\/wp\/v2\/product_brand?post=60718"},{"taxonomy":"product_cat","embeddable":true,"href":"https:\/\/vinodeli.ee\/en\/wp-json\/wp\/v2\/product_cat?post=60718"},{"taxonomy":"product_tag","embeddable":true,"href":"https:\/\/vinodeli.ee\/en\/wp-json\/wp\/v2\/product_tag?post=60718"}],"curies":[{"name":"wp","href":"https:\/\/api.w.org\/{rel}","templated":true}]}}