{"id":60801,"date":"2024-07-12T16:35:14","date_gmt":"2024-07-12T13:35:14","guid":{"rendered":"https:\/\/vinodeli.ee\/?post_type=product&#038;p=60801"},"modified":"2024-07-12T17:48:47","modified_gmt":"2024-07-12T14:48:47","slug":"moillard-les-monts","status":"publish","type":"product","link":"https:\/\/vinodeli.ee\/en\/product\/moillard-les-monts\/","title":{"rendered":"Moillard Les Monts M\u00e2con-Charnay AOC 2022 12,5% vol. 0,75l"},"content":{"rendered":"<blockquote>\n<h5>Moillard, historically based in Nuits-Saint-Georges, in the C\u00f4te de Nuits, offers Domaine wines (C\u00f4te de Nuits and C\u00f4te de Beaune) and a traditional signature of Burgundy wines. The old documents of Nuits-Saint-Georges attest that the Moillard family already owned vineyards before the French Revolution. But the Winery saw a real boom in 1850, when Symphorien Moillard bought his first wines to satisfy an order too important for his own Domain, thus initiating his activity of wine trading. Since then, Moillard has carried out the meticulous job of wine making and aging to bring all their wines to their full potential.<\/h5>\n<\/blockquote>\n<p>M\u00e2con-Charnay wines are refreshing white wines with a delightful balance. Expect aromas of acacia flowers and sometimes mango, alongside flavors of white fruits, a touch of minerality, and a lively acidity. While mostly unoaked, some producers use oak to add subtle creaminess, resulting in wines that pair well with seafood, poultry, and cheese. These balanced wines can even age for 5-6 years, gaining complexity over time.<\/p>\n","protected":false},"excerpt":{"rendered":"<blockquote>\n<h4>Grape variety:<br \/>\n100% Chardonnay<\/h4>\n<\/blockquote>\n","protected":false},"featured_media":60810,"template":"","meta":{"_acf_changed":false},"product_brand":[],"product_cat":[19460],"product_tag":[],"class_list":{"0":"post-60801","1":"product","2":"type-product","3":"status-publish","4":"has-post-thumbnail","6":"product_cat-white-wine","8":"first","9":"instock","10":"taxable","11":"shipping-taxable","12":"purchasable","13":"product-type-simple"},"acf":[],"yoast_head":"<!-- This site is optimized with the Yoast SEO plugin v25.7 - https:\/\/yoast.com\/wordpress\/plugins\/seo\/ -->\n<title>Moillard Les Monts M\u00e2con-Charnay AOC 2022 12,5% vol. 0,75l - Vinodeli<\/title>\n<meta name=\"robots\" content=\"index, follow, max-snippet:-1, max-image-preview:large, max-video-preview:-1\" \/>\n<link rel=\"canonical\" href=\"https:\/\/vinodeli.ee\/product\/moillard-les-monts\/\" \/>\n<meta property=\"og:locale\" content=\"en_US\" \/>\n<meta property=\"og:type\" content=\"article\" \/>\n<meta property=\"og:title\" content=\"Moillard Les Monts M\u00e2con-Charnay AOC 2022 12,5% vol. 0,75l - Vinodeli\" \/>\n<meta property=\"og:description\" content=\"Grape variety: 100% Chardonnay\" \/>\n<meta property=\"og:url\" content=\"https:\/\/vinodeli.ee\/product\/moillard-les-monts\/\" \/>\n<meta property=\"og:site_name\" content=\"Vinodeli\" \/>\n<meta property=\"article:modified_time\" content=\"2024-07-12T14:48:47+00:00\" \/>\n<meta name=\"twitter:card\" content=\"summary_large_image\" \/>\n<meta name=\"twitter:label1\" content=\"Est. reading time\" \/>\n\t<meta name=\"twitter:data1\" content=\"1 minute\" \/>\n<script type=\"application\/ld+json\" class=\"yoast-schema-graph\">{\"@context\":\"https:\/\/schema.org\",\"@graph\":[{\"@type\":\"WebPage\",\"@id\":\"https:\/\/vinodeli.ee\/product\/moillard-les-monts\/\",\"url\":\"https:\/\/vinodeli.ee\/product\/moillard-les-monts\/\",\"name\":\"Moillard Les Monts M\u00e2con-Charnay AOC 2022 12,5% vol. 0,75l - Vinodeli\",\"isPartOf\":{\"@id\":\"https:\/\/vinodeli.ee\/#website\"},\"primaryImageOfPage\":{\"@id\":\"https:\/\/vinodeli.ee\/product\/moillard-les-monts\/#primaryimage\"},\"image\":{\"@id\":\"https:\/\/vinodeli.ee\/product\/moillard-les-monts\/#primaryimage\"},\"thumbnailUrl\":\"https:\/\/vinodeli.ee\/wp-content\/uploads\/2024\/07\/moillard-les-monts.jpg\",\"datePublished\":\"2024-07-12T13:35:14+00:00\",\"dateModified\":\"2024-07-12T14:48:47+00:00\",\"breadcrumb\":{\"@id\":\"https:\/\/vinodeli.ee\/product\/moillard-les-monts\/#breadcrumb\"},\"inLanguage\":\"en-US\",\"potentialAction\":[{\"@type\":\"ReadAction\",\"target\":[\"https:\/\/vinodeli.ee\/product\/moillard-les-monts\/\"]}]},{\"@type\":\"ImageObject\",\"inLanguage\":\"en-US\",\"@id\":\"https:\/\/vinodeli.ee\/product\/moillard-les-monts\/#primaryimage\",\"url\":\"https:\/\/vinodeli.ee\/wp-content\/uploads\/2024\/07\/moillard-les-monts.jpg\",\"contentUrl\":\"https:\/\/vinodeli.ee\/wp-content\/uploads\/2024\/07\/moillard-les-monts.jpg\",\"width\":1080,\"height\":1080},{\"@type\":\"BreadcrumbList\",\"@id\":\"https:\/\/vinodeli.ee\/product\/moillard-les-monts\/#breadcrumb\",\"itemListElement\":[{\"@type\":\"ListItem\",\"position\":1,\"name\":\"Home\",\"item\":\"https:\/\/vinodeli.ee\/en\/\"},{\"@type\":\"ListItem\",\"position\":2,\"name\":\"Shop\",\"item\":\"https:\/\/vinodeli.ee\/pood\/\"},{\"@type\":\"ListItem\",\"position\":3,\"name\":\"Moillard Les Monts M\u00e2con-Charnay AOC 2022 12,5% vol. 0,75l\"}]},{\"@type\":\"WebSite\",\"@id\":\"https:\/\/vinodeli.ee\/#website\",\"url\":\"https:\/\/vinodeli.ee\/\",\"name\":\"Vinodeli\",\"description\":\"\",\"publisher\":{\"@id\":\"https:\/\/vinodeli.ee\/#organization\"},\"potentialAction\":[{\"@type\":\"SearchAction\",\"target\":{\"@type\":\"EntryPoint\",\"urlTemplate\":\"https:\/\/vinodeli.ee\/?s={search_term_string}\"},\"query-input\":{\"@type\":\"PropertyValueSpecification\",\"valueRequired\":true,\"valueName\":\"search_term_string\"}}],\"inLanguage\":\"en-US\"},{\"@type\":\"Organization\",\"@id\":\"https:\/\/vinodeli.ee\/#organization\",\"name\":\"Vinodeli O\u00dc\",\"url\":\"https:\/\/vinodeli.ee\/\",\"logo\":{\"@type\":\"ImageObject\",\"inLanguage\":\"en-US\",\"@id\":\"https:\/\/vinodeli.ee\/#\/schema\/logo\/image\/\",\"url\":\"https:\/\/vinodeli.ee\/wp-content\/uploads\/2024\/02\/logo-winodeli-1.png\",\"contentUrl\":\"https:\/\/vinodeli.ee\/wp-content\/uploads\/2024\/02\/logo-winodeli-1.png\",\"width\":1500,\"height\":1150,\"caption\":\"Vinodeli O\u00dc\"},\"image\":{\"@id\":\"https:\/\/vinodeli.ee\/#\/schema\/logo\/image\/\"}}]}<\/script>\n<!-- \/ Yoast SEO plugin. -->","yoast_head_json":{"title":"Moillard Les Monts M\u00e2con-Charnay AOC 2022 12,5% vol. 0,75l - Vinodeli","robots":{"index":"index","follow":"follow","max-snippet":"max-snippet:-1","max-image-preview":"max-image-preview:large","max-video-preview":"max-video-preview:-1"},"canonical":"https:\/\/vinodeli.ee\/product\/moillard-les-monts\/","og_locale":"en_US","og_type":"article","og_title":"Moillard Les Monts M\u00e2con-Charnay AOC 2022 12,5% vol. 0,75l - Vinodeli","og_description":"Grape variety: 100% Chardonnay","og_url":"https:\/\/vinodeli.ee\/product\/moillard-les-monts\/","og_site_name":"Vinodeli","article_modified_time":"2024-07-12T14:48:47+00:00","twitter_card":"summary_large_image","twitter_misc":{"Est. reading time":"1 minute"},"schema":{"@context":"https:\/\/schema.org","@graph":[{"@type":"WebPage","@id":"https:\/\/vinodeli.ee\/product\/moillard-les-monts\/","url":"https:\/\/vinodeli.ee\/product\/moillard-les-monts\/","name":"Moillard Les Monts M\u00e2con-Charnay AOC 2022 12,5% vol. 0,75l - Vinodeli","isPartOf":{"@id":"https:\/\/vinodeli.ee\/#website"},"primaryImageOfPage":{"@id":"https:\/\/vinodeli.ee\/product\/moillard-les-monts\/#primaryimage"},"image":{"@id":"https:\/\/vinodeli.ee\/product\/moillard-les-monts\/#primaryimage"},"thumbnailUrl":"https:\/\/vinodeli.ee\/wp-content\/uploads\/2024\/07\/moillard-les-monts.jpg","datePublished":"2024-07-12T13:35:14+00:00","dateModified":"2024-07-12T14:48:47+00:00","breadcrumb":{"@id":"https:\/\/vinodeli.ee\/product\/moillard-les-monts\/#breadcrumb"},"inLanguage":"en-US","potentialAction":[{"@type":"ReadAction","target":["https:\/\/vinodeli.ee\/product\/moillard-les-monts\/"]}]},{"@type":"ImageObject","inLanguage":"en-US","@id":"https:\/\/vinodeli.ee\/product\/moillard-les-monts\/#primaryimage","url":"https:\/\/vinodeli.ee\/wp-content\/uploads\/2024\/07\/moillard-les-monts.jpg","contentUrl":"https:\/\/vinodeli.ee\/wp-content\/uploads\/2024\/07\/moillard-les-monts.jpg","width":1080,"height":1080},{"@type":"BreadcrumbList","@id":"https:\/\/vinodeli.ee\/product\/moillard-les-monts\/#breadcrumb","itemListElement":[{"@type":"ListItem","position":1,"name":"Home","item":"https:\/\/vinodeli.ee\/en\/"},{"@type":"ListItem","position":2,"name":"Shop","item":"https:\/\/vinodeli.ee\/pood\/"},{"@type":"ListItem","position":3,"name":"Moillard Les Monts M\u00e2con-Charnay AOC 2022 12,5% vol. 0,75l"}]},{"@type":"WebSite","@id":"https:\/\/vinodeli.ee\/#website","url":"https:\/\/vinodeli.ee\/","name":"Vinodeli","description":"","publisher":{"@id":"https:\/\/vinodeli.ee\/#organization"},"potentialAction":[{"@type":"SearchAction","target":{"@type":"EntryPoint","urlTemplate":"https:\/\/vinodeli.ee\/?s={search_term_string}"},"query-input":{"@type":"PropertyValueSpecification","valueRequired":true,"valueName":"search_term_string"}}],"inLanguage":"en-US"},{"@type":"Organization","@id":"https:\/\/vinodeli.ee\/#organization","name":"Vinodeli O\u00dc","url":"https:\/\/vinodeli.ee\/","logo":{"@type":"ImageObject","inLanguage":"en-US","@id":"https:\/\/vinodeli.ee\/#\/schema\/logo\/image\/","url":"https:\/\/vinodeli.ee\/wp-content\/uploads\/2024\/02\/logo-winodeli-1.png","contentUrl":"https:\/\/vinodeli.ee\/wp-content\/uploads\/2024\/02\/logo-winodeli-1.png","width":1500,"height":1150,"caption":"Vinodeli O\u00dc"},"image":{"@id":"https:\/\/vinodeli.ee\/#\/schema\/logo\/image\/"}}]}},"_links":{"self":[{"href":"https:\/\/vinodeli.ee\/en\/wp-json\/wp\/v2\/product\/60801","targetHints":{"allow":["GET"]}}],"collection":[{"href":"https:\/\/vinodeli.ee\/en\/wp-json\/wp\/v2\/product"}],"about":[{"href":"https:\/\/vinodeli.ee\/en\/wp-json\/wp\/v2\/types\/product"}],"version-history":[{"count":0,"href":"https:\/\/vinodeli.ee\/en\/wp-json\/wp\/v2\/product\/60801\/revisions"}],"wp:featuredmedia":[{"embeddable":true,"href":"https:\/\/vinodeli.ee\/en\/wp-json\/wp\/v2\/media\/60810"}],"wp:attachment":[{"href":"https:\/\/vinodeli.ee\/en\/wp-json\/wp\/v2\/media?parent=60801"}],"wp:term":[{"taxonomy":"product_brand","embeddable":true,"href":"https:\/\/vinodeli.ee\/en\/wp-json\/wp\/v2\/product_brand?post=60801"},{"taxonomy":"product_cat","embeddable":true,"href":"https:\/\/vinodeli.ee\/en\/wp-json\/wp\/v2\/product_cat?post=60801"},{"taxonomy":"product_tag","embeddable":true,"href":"https:\/\/vinodeli.ee\/en\/wp-json\/wp\/v2\/product_tag?post=60801"}],"curies":[{"name":"wp","href":"https:\/\/api.w.org\/{rel}","templated":true}]}}