{"id":60938,"date":"2024-07-13T19:07:24","date_gmt":"2024-07-13T16:07:24","guid":{"rendered":"https:\/\/vinodeli.ee\/?post_type=product&#038;p=60938"},"modified":"2024-07-13T19:11:09","modified_gmt":"2024-07-13T16:11:09","slug":"moillard-chanaz","status":"publish","type":"product","link":"https:\/\/vinodeli.ee\/en\/product\/moillard-chanaz\/","title":{"rendered":"Moillard Chanaz Vosne-Roman\u00e9e AOC 2022 13,5% vol. 0,75l"},"content":{"rendered":"<blockquote>\n<h5>Moillard, historically based in Nuits-Saint-Georges, in the C\u00f4te de Nuits, offers Domaine wines (C\u00f4te de Nuits and C\u00f4te de Beaune) and a traditional signature of Burgundy wines. The old documents of Nuits-Saint-Georges attest that the Moillard family already owned vineyards before the French Revolution. But the Winery saw a real boom in 1850, when Symphorien Moillard bought his first wines to satisfy an order too important for his own Domain, thus initiating his activity of wine trading. Since then, Moillard has carried out the meticulous job of wine making and aging to bring all their wines to their full potential.<\/h5>\n<\/blockquote>\n<h3>Winemaking<\/h3>\n<p>Traditional vinification in temperature-controlled vats. Cold pre-fermentation maceration for around ten days, with a long vatting period. Post-fermentation maceration at 30\u00b0C for 5 days. Aged in oak barrels for 10 to 12 months, 30% of which are new.<\/p>\n<h3>Tasting notes<\/h3>\n<p>A garnet-red colour with lively highlights. Strength and elegance combine to produce a great Burgundy wine: fine aromas with notes of faded rose, red berries and cigar box. The palate is structured, straightforward and precise, with fine, persistent tannins on the finish and a very fine aromatic complexity.<\/p>\n<h3>Food pairing<\/h3>\n<p>Perfect with poultry, roast, braised or glazed game birds, couscous, tajines and medium-strength cheeses: Camembert, Saint Paulin, Morbier, Reblochon&#8230;<\/p>\n","protected":false},"excerpt":{"rendered":"<blockquote>\n<h4>Grape variety:<br \/>\n100% Pinot Noir<\/h4>\n<\/blockquote>\n","protected":false},"featured_media":63914,"template":"","meta":{"_acf_changed":false},"product_brand":[],"product_cat":[19462],"product_tag":[],"class_list":{"0":"post-60938","1":"product","2":"type-product","3":"status-publish","4":"has-post-thumbnail","6":"product_cat-red-wine","8":"first","9":"instock","10":"taxable","11":"shipping-taxable","12":"purchasable","13":"product-type-simple"},"acf":[],"yoast_head":"<!-- This site is optimized with the Yoast SEO plugin v25.7 - https:\/\/yoast.com\/wordpress\/plugins\/seo\/ -->\n<title>Moillard Chanaz Vosne-Roman\u00e9e AOC 2022 13,5% vol. 0,75l - Vinodeli<\/title>\n<meta name=\"robots\" content=\"index, follow, max-snippet:-1, max-image-preview:large, max-video-preview:-1\" \/>\n<link rel=\"canonical\" href=\"https:\/\/vinodeli.ee\/product\/moillard-chanaz\/\" \/>\n<meta property=\"og:locale\" content=\"en_US\" \/>\n<meta property=\"og:type\" content=\"article\" \/>\n<meta property=\"og:title\" content=\"Moillard Chanaz Vosne-Roman\u00e9e AOC 2022 13,5% vol. 0,75l - Vinodeli\" \/>\n<meta property=\"og:description\" content=\"Grape variety: 100% Pinot Noir\" \/>\n<meta property=\"og:url\" content=\"https:\/\/vinodeli.ee\/product\/moillard-chanaz\/\" \/>\n<meta property=\"og:site_name\" content=\"Vinodeli\" \/>\n<meta property=\"article:modified_time\" content=\"2024-07-13T16:11:09+00:00\" \/>\n<meta name=\"twitter:card\" content=\"summary_large_image\" \/>\n<meta name=\"twitter:label1\" content=\"Est. reading time\" \/>\n\t<meta name=\"twitter:data1\" content=\"1 minute\" \/>\n<script type=\"application\/ld+json\" class=\"yoast-schema-graph\">{\"@context\":\"https:\/\/schema.org\",\"@graph\":[{\"@type\":\"WebPage\",\"@id\":\"https:\/\/vinodeli.ee\/product\/moillard-chanaz\/\",\"url\":\"https:\/\/vinodeli.ee\/product\/moillard-chanaz\/\",\"name\":\"Moillard Chanaz Vosne-Roman\u00e9e AOC 2022 13,5% vol. 0,75l - Vinodeli\",\"isPartOf\":{\"@id\":\"https:\/\/vinodeli.ee\/#website\"},\"primaryImageOfPage\":{\"@id\":\"https:\/\/vinodeli.ee\/product\/moillard-chanaz\/#primaryimage\"},\"image\":{\"@id\":\"https:\/\/vinodeli.ee\/product\/moillard-chanaz\/#primaryimage\"},\"thumbnailUrl\":\"https:\/\/vinodeli.ee\/wp-content\/uploads\/2024\/06\/moillard-chanaz-vosne-romanee.jpg\",\"datePublished\":\"2024-07-13T16:07:24+00:00\",\"dateModified\":\"2024-07-13T16:11:09+00:00\",\"breadcrumb\":{\"@id\":\"https:\/\/vinodeli.ee\/product\/moillard-chanaz\/#breadcrumb\"},\"inLanguage\":\"en-US\",\"potentialAction\":[{\"@type\":\"ReadAction\",\"target\":[\"https:\/\/vinodeli.ee\/product\/moillard-chanaz\/\"]}]},{\"@type\":\"ImageObject\",\"inLanguage\":\"en-US\",\"@id\":\"https:\/\/vinodeli.ee\/product\/moillard-chanaz\/#primaryimage\",\"url\":\"https:\/\/vinodeli.ee\/wp-content\/uploads\/2024\/06\/moillard-chanaz-vosne-romanee.jpg\",\"contentUrl\":\"https:\/\/vinodeli.ee\/wp-content\/uploads\/2024\/06\/moillard-chanaz-vosne-romanee.jpg\",\"width\":2016,\"height\":2016},{\"@type\":\"BreadcrumbList\",\"@id\":\"https:\/\/vinodeli.ee\/product\/moillard-chanaz\/#breadcrumb\",\"itemListElement\":[{\"@type\":\"ListItem\",\"position\":1,\"name\":\"Home\",\"item\":\"https:\/\/vinodeli.ee\/en\/\"},{\"@type\":\"ListItem\",\"position\":2,\"name\":\"Shop\",\"item\":\"https:\/\/vinodeli.ee\/pood\/\"},{\"@type\":\"ListItem\",\"position\":3,\"name\":\"Moillard Chanaz Vosne-Roman\u00e9e AOC 2022 13,5% vol. 0,75l\"}]},{\"@type\":\"WebSite\",\"@id\":\"https:\/\/vinodeli.ee\/#website\",\"url\":\"https:\/\/vinodeli.ee\/\",\"name\":\"Vinodeli\",\"description\":\"\",\"publisher\":{\"@id\":\"https:\/\/vinodeli.ee\/#organization\"},\"potentialAction\":[{\"@type\":\"SearchAction\",\"target\":{\"@type\":\"EntryPoint\",\"urlTemplate\":\"https:\/\/vinodeli.ee\/?s={search_term_string}\"},\"query-input\":{\"@type\":\"PropertyValueSpecification\",\"valueRequired\":true,\"valueName\":\"search_term_string\"}}],\"inLanguage\":\"en-US\"},{\"@type\":\"Organization\",\"@id\":\"https:\/\/vinodeli.ee\/#organization\",\"name\":\"Vinodeli O\u00dc\",\"url\":\"https:\/\/vinodeli.ee\/\",\"logo\":{\"@type\":\"ImageObject\",\"inLanguage\":\"en-US\",\"@id\":\"https:\/\/vinodeli.ee\/#\/schema\/logo\/image\/\",\"url\":\"https:\/\/vinodeli.ee\/wp-content\/uploads\/2024\/02\/logo-winodeli-1.png\",\"contentUrl\":\"https:\/\/vinodeli.ee\/wp-content\/uploads\/2024\/02\/logo-winodeli-1.png\",\"width\":1500,\"height\":1150,\"caption\":\"Vinodeli O\u00dc\"},\"image\":{\"@id\":\"https:\/\/vinodeli.ee\/#\/schema\/logo\/image\/\"}}]}<\/script>\n<!-- \/ Yoast SEO plugin. -->","yoast_head_json":{"title":"Moillard Chanaz Vosne-Roman\u00e9e AOC 2022 13,5% vol. 0,75l - Vinodeli","robots":{"index":"index","follow":"follow","max-snippet":"max-snippet:-1","max-image-preview":"max-image-preview:large","max-video-preview":"max-video-preview:-1"},"canonical":"https:\/\/vinodeli.ee\/product\/moillard-chanaz\/","og_locale":"en_US","og_type":"article","og_title":"Moillard Chanaz Vosne-Roman\u00e9e AOC 2022 13,5% vol. 0,75l - Vinodeli","og_description":"Grape variety: 100% Pinot Noir","og_url":"https:\/\/vinodeli.ee\/product\/moillard-chanaz\/","og_site_name":"Vinodeli","article_modified_time":"2024-07-13T16:11:09+00:00","twitter_card":"summary_large_image","twitter_misc":{"Est. reading time":"1 minute"},"schema":{"@context":"https:\/\/schema.org","@graph":[{"@type":"WebPage","@id":"https:\/\/vinodeli.ee\/product\/moillard-chanaz\/","url":"https:\/\/vinodeli.ee\/product\/moillard-chanaz\/","name":"Moillard Chanaz Vosne-Roman\u00e9e AOC 2022 13,5% vol. 0,75l - Vinodeli","isPartOf":{"@id":"https:\/\/vinodeli.ee\/#website"},"primaryImageOfPage":{"@id":"https:\/\/vinodeli.ee\/product\/moillard-chanaz\/#primaryimage"},"image":{"@id":"https:\/\/vinodeli.ee\/product\/moillard-chanaz\/#primaryimage"},"thumbnailUrl":"https:\/\/vinodeli.ee\/wp-content\/uploads\/2024\/06\/moillard-chanaz-vosne-romanee.jpg","datePublished":"2024-07-13T16:07:24+00:00","dateModified":"2024-07-13T16:11:09+00:00","breadcrumb":{"@id":"https:\/\/vinodeli.ee\/product\/moillard-chanaz\/#breadcrumb"},"inLanguage":"en-US","potentialAction":[{"@type":"ReadAction","target":["https:\/\/vinodeli.ee\/product\/moillard-chanaz\/"]}]},{"@type":"ImageObject","inLanguage":"en-US","@id":"https:\/\/vinodeli.ee\/product\/moillard-chanaz\/#primaryimage","url":"https:\/\/vinodeli.ee\/wp-content\/uploads\/2024\/06\/moillard-chanaz-vosne-romanee.jpg","contentUrl":"https:\/\/vinodeli.ee\/wp-content\/uploads\/2024\/06\/moillard-chanaz-vosne-romanee.jpg","width":2016,"height":2016},{"@type":"BreadcrumbList","@id":"https:\/\/vinodeli.ee\/product\/moillard-chanaz\/#breadcrumb","itemListElement":[{"@type":"ListItem","position":1,"name":"Home","item":"https:\/\/vinodeli.ee\/en\/"},{"@type":"ListItem","position":2,"name":"Shop","item":"https:\/\/vinodeli.ee\/pood\/"},{"@type":"ListItem","position":3,"name":"Moillard Chanaz Vosne-Roman\u00e9e AOC 2022 13,5% vol. 0,75l"}]},{"@type":"WebSite","@id":"https:\/\/vinodeli.ee\/#website","url":"https:\/\/vinodeli.ee\/","name":"Vinodeli","description":"","publisher":{"@id":"https:\/\/vinodeli.ee\/#organization"},"potentialAction":[{"@type":"SearchAction","target":{"@type":"EntryPoint","urlTemplate":"https:\/\/vinodeli.ee\/?s={search_term_string}"},"query-input":{"@type":"PropertyValueSpecification","valueRequired":true,"valueName":"search_term_string"}}],"inLanguage":"en-US"},{"@type":"Organization","@id":"https:\/\/vinodeli.ee\/#organization","name":"Vinodeli O\u00dc","url":"https:\/\/vinodeli.ee\/","logo":{"@type":"ImageObject","inLanguage":"en-US","@id":"https:\/\/vinodeli.ee\/#\/schema\/logo\/image\/","url":"https:\/\/vinodeli.ee\/wp-content\/uploads\/2024\/02\/logo-winodeli-1.png","contentUrl":"https:\/\/vinodeli.ee\/wp-content\/uploads\/2024\/02\/logo-winodeli-1.png","width":1500,"height":1150,"caption":"Vinodeli O\u00dc"},"image":{"@id":"https:\/\/vinodeli.ee\/#\/schema\/logo\/image\/"}}]}},"_links":{"self":[{"href":"https:\/\/vinodeli.ee\/en\/wp-json\/wp\/v2\/product\/60938","targetHints":{"allow":["GET"]}}],"collection":[{"href":"https:\/\/vinodeli.ee\/en\/wp-json\/wp\/v2\/product"}],"about":[{"href":"https:\/\/vinodeli.ee\/en\/wp-json\/wp\/v2\/types\/product"}],"version-history":[{"count":0,"href":"https:\/\/vinodeli.ee\/en\/wp-json\/wp\/v2\/product\/60938\/revisions"}],"wp:featuredmedia":[{"embeddable":true,"href":"https:\/\/vinodeli.ee\/en\/wp-json\/wp\/v2\/media\/63914"}],"wp:attachment":[{"href":"https:\/\/vinodeli.ee\/en\/wp-json\/wp\/v2\/media?parent=60938"}],"wp:term":[{"taxonomy":"product_brand","embeddable":true,"href":"https:\/\/vinodeli.ee\/en\/wp-json\/wp\/v2\/product_brand?post=60938"},{"taxonomy":"product_cat","embeddable":true,"href":"https:\/\/vinodeli.ee\/en\/wp-json\/wp\/v2\/product_cat?post=60938"},{"taxonomy":"product_tag","embeddable":true,"href":"https:\/\/vinodeli.ee\/en\/wp-json\/wp\/v2\/product_tag?post=60938"}],"curies":[{"name":"wp","href":"https:\/\/api.w.org\/{rel}","templated":true}]}}