{"id":61029,"date":"2024-07-16T15:41:38","date_gmt":"2024-07-16T12:41:38","guid":{"rendered":"https:\/\/vinodeli.ee\/?post_type=product&#038;p=61029"},"modified":"2025-01-29T17:45:16","modified_gmt":"2025-01-29T15:45:16","slug":"tramier-linteau","status":"publish","type":"product","link":"https:\/\/vinodeli.ee\/en\/product\/tramier-linteau\/","title":{"rendered":"L. Tramier &#038; Fils Linteau C\u00f4tes du Rh\u00f4ne AOC 2022 15% vol. 0.75l"},"content":{"rendered":"<blockquote>\n<h5>Merchant wine-growers since 1842, established in Mercurey, the experts from L. Tramier &amp; Fils aim to offer carefully selected wines that present quality and value for money as well as a strong sense of identity. L. Tramier &amp; Fils is continually building a careful selection which allows them to offer a very large range of Burgundy wines.<\/h5>\n<\/blockquote>\n<h3>Winemaking<\/h3>\n<p>Aged in French oak barrels, this Grenache-Syrah blend develops depth and complexity. The careful selection of barrels ensures a perfect balance, enhancing the wine\u2019s natural flavours and aromas.<\/p>\n<h3>Tasting notes<\/h3>\n<p>The \u201cLinteau\u201d wine comes from the southern part of the Rh\u00f4ne region, near the famous village of Ch\u00e2teauneuf-du-Pape. This blend of 70% Grenache and 30% Syrah is a chunky, slightly rustic style of C\u00f4tes-du-Rh\u00f4ne. It starts off with tar and herb aromas, then turns plummy and chocolaty on the palate. The Grenache cepage gives to the wine its structure while the Syrah adds superb aromas. To sum up: an extremely well balanced wine, a fantastic value for money.<\/p>\n","protected":false},"excerpt":{"rendered":"<p>Merchant wine-growers since 1842, established in Mercurey, the experts from L. Tramier &amp; Fils aim to offer carefully selected wines<\/p>\n","protected":false},"featured_media":61032,"template":"","meta":{"_acf_changed":false},"product_brand":[],"product_cat":[19462],"product_tag":[],"class_list":{"0":"post-61029","1":"product","2":"type-product","3":"status-publish","4":"has-post-thumbnail","6":"product_cat-red-wine","8":"first","9":"instock","10":"taxable","11":"shipping-taxable","12":"purchasable","13":"product-type-simple"},"acf":[],"yoast_head":"<!-- This site is optimized with the Yoast SEO plugin v25.7 - https:\/\/yoast.com\/wordpress\/plugins\/seo\/ -->\n<title>L. Tramier &amp; Fils Linteau C\u00f4tes du Rh\u00f4ne AOC 2022 15% vol. 0.75l - Vinodeli<\/title>\n<meta name=\"robots\" content=\"index, follow, max-snippet:-1, max-image-preview:large, max-video-preview:-1\" \/>\n<link rel=\"canonical\" href=\"https:\/\/vinodeli.ee\/en\/product\/tramier-linteau\/\" \/>\n<meta property=\"og:locale\" content=\"en_US\" \/>\n<meta property=\"og:type\" content=\"article\" \/>\n<meta property=\"og:title\" content=\"L. Tramier &amp; Fils Linteau C\u00f4tes du Rh\u00f4ne AOC 2022 15% vol. 0.75l - Vinodeli\" \/>\n<meta property=\"og:description\" content=\"Merchant wine-growers since 1842, established in Mercurey, the experts from L. Tramier &amp; Fils aim to offer carefully selected wines\" \/>\n<meta property=\"og:url\" content=\"https:\/\/vinodeli.ee\/en\/product\/tramier-linteau\/\" \/>\n<meta property=\"og:site_name\" content=\"Vinodeli\" \/>\n<meta property=\"article:modified_time\" content=\"2025-01-29T15:45:16+00:00\" \/>\n<meta property=\"og:image\" content=\"https:\/\/vinodeli.ee\/wp-content\/uploads\/2024\/07\/tramier-cotes-du-rhone-linteau.jpg\" \/>\n\t<meta property=\"og:image:width\" content=\"1100\" \/>\n\t<meta property=\"og:image:height\" content=\"1100\" \/>\n\t<meta property=\"og:image:type\" content=\"image\/jpeg\" \/>\n<meta name=\"twitter:card\" content=\"summary_large_image\" \/>\n<meta name=\"twitter:label1\" content=\"Est. reading time\" \/>\n\t<meta name=\"twitter:data1\" content=\"1 minute\" \/>\n<script type=\"application\/ld+json\" class=\"yoast-schema-graph\">{\"@context\":\"https:\/\/schema.org\",\"@graph\":[{\"@type\":\"WebPage\",\"@id\":\"https:\/\/vinodeli.ee\/en\/product\/tramier-linteau\/\",\"url\":\"https:\/\/vinodeli.ee\/en\/product\/tramier-linteau\/\",\"name\":\"L. Tramier & Fils Linteau C\u00f4tes du Rh\u00f4ne AOC 2022 15% vol. 0.75l - Vinodeli\",\"isPartOf\":{\"@id\":\"https:\/\/vinodeli.ee\/#website\"},\"primaryImageOfPage\":{\"@id\":\"https:\/\/vinodeli.ee\/en\/product\/tramier-linteau\/#primaryimage\"},\"image\":{\"@id\":\"https:\/\/vinodeli.ee\/en\/product\/tramier-linteau\/#primaryimage\"},\"thumbnailUrl\":\"https:\/\/vinodeli.ee\/wp-content\/uploads\/2024\/07\/tramier-cotes-du-rhone-linteau.jpg\",\"datePublished\":\"2024-07-16T12:41:38+00:00\",\"dateModified\":\"2025-01-29T15:45:16+00:00\",\"breadcrumb\":{\"@id\":\"https:\/\/vinodeli.ee\/en\/product\/tramier-linteau\/#breadcrumb\"},\"inLanguage\":\"en-US\",\"potentialAction\":[{\"@type\":\"ReadAction\",\"target\":[\"https:\/\/vinodeli.ee\/en\/product\/tramier-linteau\/\"]}]},{\"@type\":\"ImageObject\",\"inLanguage\":\"en-US\",\"@id\":\"https:\/\/vinodeli.ee\/en\/product\/tramier-linteau\/#primaryimage\",\"url\":\"https:\/\/vinodeli.ee\/wp-content\/uploads\/2024\/07\/tramier-cotes-du-rhone-linteau.jpg\",\"contentUrl\":\"https:\/\/vinodeli.ee\/wp-content\/uploads\/2024\/07\/tramier-cotes-du-rhone-linteau.jpg\",\"width\":1100,\"height\":1100},{\"@type\":\"BreadcrumbList\",\"@id\":\"https:\/\/vinodeli.ee\/en\/product\/tramier-linteau\/#breadcrumb\",\"itemListElement\":[{\"@type\":\"ListItem\",\"position\":1,\"name\":\"Home\",\"item\":\"https:\/\/vinodeli.ee\/en\/\"},{\"@type\":\"ListItem\",\"position\":2,\"name\":\"Shop\",\"item\":\"https:\/\/vinodeli.ee\/pood\/\"},{\"@type\":\"ListItem\",\"position\":3,\"name\":\"L. Tramier &#038; Fils Linteau C\u00f4tes du Rh\u00f4ne AOC 2022 15% vol. 0.75l\"}]},{\"@type\":\"WebSite\",\"@id\":\"https:\/\/vinodeli.ee\/#website\",\"url\":\"https:\/\/vinodeli.ee\/\",\"name\":\"Vinodeli\",\"description\":\"\",\"publisher\":{\"@id\":\"https:\/\/vinodeli.ee\/#organization\"},\"potentialAction\":[{\"@type\":\"SearchAction\",\"target\":{\"@type\":\"EntryPoint\",\"urlTemplate\":\"https:\/\/vinodeli.ee\/?s={search_term_string}\"},\"query-input\":{\"@type\":\"PropertyValueSpecification\",\"valueRequired\":true,\"valueName\":\"search_term_string\"}}],\"inLanguage\":\"en-US\"},{\"@type\":\"Organization\",\"@id\":\"https:\/\/vinodeli.ee\/#organization\",\"name\":\"Vinodeli O\u00dc\",\"url\":\"https:\/\/vinodeli.ee\/\",\"logo\":{\"@type\":\"ImageObject\",\"inLanguage\":\"en-US\",\"@id\":\"https:\/\/vinodeli.ee\/#\/schema\/logo\/image\/\",\"url\":\"https:\/\/vinodeli.ee\/wp-content\/uploads\/2024\/02\/logo-winodeli-1.png\",\"contentUrl\":\"https:\/\/vinodeli.ee\/wp-content\/uploads\/2024\/02\/logo-winodeli-1.png\",\"width\":1500,\"height\":1150,\"caption\":\"Vinodeli O\u00dc\"},\"image\":{\"@id\":\"https:\/\/vinodeli.ee\/#\/schema\/logo\/image\/\"}}]}<\/script>\n<!-- \/ Yoast SEO plugin. -->","yoast_head_json":{"title":"L. Tramier & Fils Linteau C\u00f4tes du Rh\u00f4ne AOC 2022 15% vol. 0.75l - Vinodeli","robots":{"index":"index","follow":"follow","max-snippet":"max-snippet:-1","max-image-preview":"max-image-preview:large","max-video-preview":"max-video-preview:-1"},"canonical":"https:\/\/vinodeli.ee\/en\/product\/tramier-linteau\/","og_locale":"en_US","og_type":"article","og_title":"L. Tramier & Fils Linteau C\u00f4tes du Rh\u00f4ne AOC 2022 15% vol. 0.75l - Vinodeli","og_description":"Merchant wine-growers since 1842, established in Mercurey, the experts from L. Tramier &amp; Fils aim to offer carefully selected wines","og_url":"https:\/\/vinodeli.ee\/en\/product\/tramier-linteau\/","og_site_name":"Vinodeli","article_modified_time":"2025-01-29T15:45:16+00:00","og_image":[{"width":1100,"height":1100,"url":"https:\/\/vinodeli.ee\/wp-content\/uploads\/2024\/07\/tramier-cotes-du-rhone-linteau.jpg","type":"image\/jpeg"}],"twitter_card":"summary_large_image","twitter_misc":{"Est. reading time":"1 minute"},"schema":{"@context":"https:\/\/schema.org","@graph":[{"@type":"WebPage","@id":"https:\/\/vinodeli.ee\/en\/product\/tramier-linteau\/","url":"https:\/\/vinodeli.ee\/en\/product\/tramier-linteau\/","name":"L. Tramier & Fils Linteau C\u00f4tes du Rh\u00f4ne AOC 2022 15% vol. 0.75l - Vinodeli","isPartOf":{"@id":"https:\/\/vinodeli.ee\/#website"},"primaryImageOfPage":{"@id":"https:\/\/vinodeli.ee\/en\/product\/tramier-linteau\/#primaryimage"},"image":{"@id":"https:\/\/vinodeli.ee\/en\/product\/tramier-linteau\/#primaryimage"},"thumbnailUrl":"https:\/\/vinodeli.ee\/wp-content\/uploads\/2024\/07\/tramier-cotes-du-rhone-linteau.jpg","datePublished":"2024-07-16T12:41:38+00:00","dateModified":"2025-01-29T15:45:16+00:00","breadcrumb":{"@id":"https:\/\/vinodeli.ee\/en\/product\/tramier-linteau\/#breadcrumb"},"inLanguage":"en-US","potentialAction":[{"@type":"ReadAction","target":["https:\/\/vinodeli.ee\/en\/product\/tramier-linteau\/"]}]},{"@type":"ImageObject","inLanguage":"en-US","@id":"https:\/\/vinodeli.ee\/en\/product\/tramier-linteau\/#primaryimage","url":"https:\/\/vinodeli.ee\/wp-content\/uploads\/2024\/07\/tramier-cotes-du-rhone-linteau.jpg","contentUrl":"https:\/\/vinodeli.ee\/wp-content\/uploads\/2024\/07\/tramier-cotes-du-rhone-linteau.jpg","width":1100,"height":1100},{"@type":"BreadcrumbList","@id":"https:\/\/vinodeli.ee\/en\/product\/tramier-linteau\/#breadcrumb","itemListElement":[{"@type":"ListItem","position":1,"name":"Home","item":"https:\/\/vinodeli.ee\/en\/"},{"@type":"ListItem","position":2,"name":"Shop","item":"https:\/\/vinodeli.ee\/pood\/"},{"@type":"ListItem","position":3,"name":"L. Tramier &#038; Fils Linteau C\u00f4tes du Rh\u00f4ne AOC 2022 15% vol. 0.75l"}]},{"@type":"WebSite","@id":"https:\/\/vinodeli.ee\/#website","url":"https:\/\/vinodeli.ee\/","name":"Vinodeli","description":"","publisher":{"@id":"https:\/\/vinodeli.ee\/#organization"},"potentialAction":[{"@type":"SearchAction","target":{"@type":"EntryPoint","urlTemplate":"https:\/\/vinodeli.ee\/?s={search_term_string}"},"query-input":{"@type":"PropertyValueSpecification","valueRequired":true,"valueName":"search_term_string"}}],"inLanguage":"en-US"},{"@type":"Organization","@id":"https:\/\/vinodeli.ee\/#organization","name":"Vinodeli O\u00dc","url":"https:\/\/vinodeli.ee\/","logo":{"@type":"ImageObject","inLanguage":"en-US","@id":"https:\/\/vinodeli.ee\/#\/schema\/logo\/image\/","url":"https:\/\/vinodeli.ee\/wp-content\/uploads\/2024\/02\/logo-winodeli-1.png","contentUrl":"https:\/\/vinodeli.ee\/wp-content\/uploads\/2024\/02\/logo-winodeli-1.png","width":1500,"height":1150,"caption":"Vinodeli O\u00dc"},"image":{"@id":"https:\/\/vinodeli.ee\/#\/schema\/logo\/image\/"}}]}},"_links":{"self":[{"href":"https:\/\/vinodeli.ee\/en\/wp-json\/wp\/v2\/product\/61029","targetHints":{"allow":["GET"]}}],"collection":[{"href":"https:\/\/vinodeli.ee\/en\/wp-json\/wp\/v2\/product"}],"about":[{"href":"https:\/\/vinodeli.ee\/en\/wp-json\/wp\/v2\/types\/product"}],"version-history":[{"count":0,"href":"https:\/\/vinodeli.ee\/en\/wp-json\/wp\/v2\/product\/61029\/revisions"}],"wp:featuredmedia":[{"embeddable":true,"href":"https:\/\/vinodeli.ee\/en\/wp-json\/wp\/v2\/media\/61032"}],"wp:attachment":[{"href":"https:\/\/vinodeli.ee\/en\/wp-json\/wp\/v2\/media?parent=61029"}],"wp:term":[{"taxonomy":"product_brand","embeddable":true,"href":"https:\/\/vinodeli.ee\/en\/wp-json\/wp\/v2\/product_brand?post=61029"},{"taxonomy":"product_cat","embeddable":true,"href":"https:\/\/vinodeli.ee\/en\/wp-json\/wp\/v2\/product_cat?post=61029"},{"taxonomy":"product_tag","embeddable":true,"href":"https:\/\/vinodeli.ee\/en\/wp-json\/wp\/v2\/product_tag?post=61029"}],"curies":[{"name":"wp","href":"https:\/\/api.w.org\/{rel}","templated":true}]}}