{"id":64388,"date":"2024-08-18T18:36:29","date_gmt":"2024-08-18T15:36:29","guid":{"rendered":"https:\/\/vinodeli.ee\/?post_type=product&#038;p=64388"},"modified":"2024-08-18T18:46:31","modified_gmt":"2024-08-18T15:46:31","slug":"richter-fass-103","status":"publish","type":"product","link":"https:\/\/vinodeli.ee\/en\/product\/richter-fass-103\/","title":{"rendered":"Weingut Max Ferd. Richter Fass 103 M\u00fclheimer Helenenkloster Riesling Eiswein** 2016 6.5% vol. 375 ml"},"content":{"rendered":"<blockquote>\n<h5>Richter winemakers believe that great wine comes from the vineyards, not the cellar. With this in mind, they strive for precision in their day-to-day winegrowing. The challenge of growing vineyards on the steep slate slopes of the Moselle has been overcome by demanding craftsmanship, low yields, completely natural fertilizers and sustainable growing methods. In addition, all harvesting is done by hand. Winemaking starts with a gentle pressing and a slow temperature-controlled fermentation in traditional old oak barrels (fuder). This careful and thoughtful process preserves the quality of the grapes in the vineyards, develops the unique character of the single-vineyard cuv\u00e9es and gives Richter wines exceptional longevity. Wherever possible, natural yeasts are used and chemical refining agents are avoided. Max Ferdinand Richter&#8217;s 48 steep hectares are located in the Central Moselle Valley between Erden and Brauneberg. The wines are made up of 95% Riesling and 5% Pinot Blanc grapes. The average age of Richter vines is 40 years.<\/h5>\n<\/blockquote>\n<p> This Eiswein was harvested at 160\u00b0 Oechsle at -9\u00b0\/-10\u00b0C (16\u00b0\/14\u00b0F) on December 5 from the main pressing of only fully frozen and clean grapes. It starts with some stunningly fruity and fresh notes of cassis, pear, mirabelle, raspberry, honey, pineapple and cinnamon. A great feeling of focus, freshness and bright fruitiness emerges on the palate. This carries over right into the elegant yet razor sharp finish. Far from being over-powering, this remains elegant and light, with just the right amount of sweetness to ensure longevity. This is a little masterpiece of an Eiswein in the making but one with a very high feel of acidity which makes us opt to enjoy this earlier than later. This Eiswein is a dream.       <\/p>\n","protected":false},"excerpt":{"rendered":"<blockquote><p>P\u00c4RITOLU: M\u00fclheim an der Mosel, Mosel, SaksamaaVeini t\u00fc\u00fcp: Saksa Predikaatvein-<strong><em>Eiswein<\/em><\/strong>Viinamarjasort: 100% RieslingAuhinnad: Wine Advocate, Robert Parker: 96Mosel Fine Wines, Jean Fisch  David Rayer: 94<\/p><\/blockquote>\n<p><strong><em>Eiswein<\/em><\/strong> \u2013 haruldane dessertvein, mis on valmistatud k\u00fcpsetest k\u00e4sitsi korjatud viinamarjadest.<\/p>\n","protected":false},"featured_media":64396,"template":"","meta":{"_acf_changed":false},"product_brand":[],"product_cat":[19463,19460],"product_tag":[],"class_list":{"0":"post-64388","1":"product","2":"type-product","3":"status-publish","4":"has-post-thumbnail","6":"product_cat-dessert-wine","7":"product_cat-white-wine","9":"first","10":"outofstock","11":"sold-individually","12":"taxable","13":"shipping-taxable","14":"purchasable","15":"product-type-simple"},"acf":[],"yoast_head":"<!-- This site is optimized with the Yoast SEO plugin v25.7 - https:\/\/yoast.com\/wordpress\/plugins\/seo\/ -->\n<title>Weingut Max Ferd. Richter Fass 103 M\u00fclheimer Helenenkloster Riesling Eiswein** 2016 6.5% vol. 375 ml - Vinodeli<\/title>\n<meta name=\"robots\" content=\"index, follow, max-snippet:-1, max-image-preview:large, max-video-preview:-1\" \/>\n<link rel=\"canonical\" href=\"https:\/\/vinodeli.ee\/en\/product\/richter-fass-103\/\" \/>\n<meta property=\"og:locale\" content=\"en_US\" \/>\n<meta property=\"og:type\" content=\"article\" \/>\n<meta property=\"og:title\" content=\"Weingut Max Ferd. Richter Fass 103 M\u00fclheimer Helenenkloster Riesling Eiswein** 2016 6.5% vol. 375 ml - Vinodeli\" \/>\n<meta property=\"og:description\" content=\"P\u00c4RITOLU: M\u00fclheim an der Mosel, Mosel, SaksamaaVeini t\u00fc\u00fcp: Saksa Predikaatvein-EisweinViinamarjasort: 100% RieslingAuhinnad: Wine Advocate, Robert Parker: 96Mosel Fine Wines, Jean Fisch David Rayer: 94Eiswein \u2013 haruldane dessertvein, mis on valmistatud k\u00fcpsetest k\u00e4sitsi korjatud viinamarjadest.\" \/>\n<meta property=\"og:url\" content=\"https:\/\/vinodeli.ee\/en\/product\/richter-fass-103\/\" \/>\n<meta property=\"og:site_name\" content=\"Vinodeli\" \/>\n<meta property=\"article:modified_time\" content=\"2024-08-18T15:46:31+00:00\" \/>\n<meta name=\"twitter:card\" content=\"summary_large_image\" \/>\n<meta name=\"twitter:label1\" content=\"Est. reading time\" \/>\n\t<meta name=\"twitter:data1\" content=\"1 minute\" \/>\n<script type=\"application\/ld+json\" class=\"yoast-schema-graph\">{\"@context\":\"https:\/\/schema.org\",\"@graph\":[{\"@type\":\"WebPage\",\"@id\":\"https:\/\/vinodeli.ee\/en\/product\/richter-fass-103\/\",\"url\":\"https:\/\/vinodeli.ee\/en\/product\/richter-fass-103\/\",\"name\":\"Weingut Max Ferd. Richter Fass 103 M\u00fclheimer Helenenkloster Riesling Eiswein** 2016 6.5% vol. 375 ml - Vinodeli\",\"isPartOf\":{\"@id\":\"https:\/\/vinodeli.ee\/#website\"},\"primaryImageOfPage\":{\"@id\":\"https:\/\/vinodeli.ee\/en\/product\/richter-fass-103\/#primaryimage\"},\"image\":{\"@id\":\"https:\/\/vinodeli.ee\/en\/product\/richter-fass-103\/#primaryimage\"},\"thumbnailUrl\":\"https:\/\/vinodeli.ee\/wp-content\/uploads\/2024\/08\/richter-fass-103.jpg\",\"datePublished\":\"2024-08-18T15:36:29+00:00\",\"dateModified\":\"2024-08-18T15:46:31+00:00\",\"breadcrumb\":{\"@id\":\"https:\/\/vinodeli.ee\/en\/product\/richter-fass-103\/#breadcrumb\"},\"inLanguage\":\"en-US\",\"potentialAction\":[{\"@type\":\"ReadAction\",\"target\":[\"https:\/\/vinodeli.ee\/en\/product\/richter-fass-103\/\"]}]},{\"@type\":\"ImageObject\",\"inLanguage\":\"en-US\",\"@id\":\"https:\/\/vinodeli.ee\/en\/product\/richter-fass-103\/#primaryimage\",\"url\":\"https:\/\/vinodeli.ee\/wp-content\/uploads\/2024\/08\/richter-fass-103.jpg\",\"contentUrl\":\"https:\/\/vinodeli.ee\/wp-content\/uploads\/2024\/08\/richter-fass-103.jpg\",\"width\":1900,\"height\":1900},{\"@type\":\"BreadcrumbList\",\"@id\":\"https:\/\/vinodeli.ee\/en\/product\/richter-fass-103\/#breadcrumb\",\"itemListElement\":[{\"@type\":\"ListItem\",\"position\":1,\"name\":\"Home\",\"item\":\"https:\/\/vinodeli.ee\/en\/\"},{\"@type\":\"ListItem\",\"position\":2,\"name\":\"Shop\",\"item\":\"https:\/\/vinodeli.ee\/pood\/\"},{\"@type\":\"ListItem\",\"position\":3,\"name\":\"Weingut Max Ferd. Richter Fass 103 M\u00fclheimer Helenenkloster Riesling Eiswein** 2016 6.5% vol. 375 ml\"}]},{\"@type\":\"WebSite\",\"@id\":\"https:\/\/vinodeli.ee\/#website\",\"url\":\"https:\/\/vinodeli.ee\/\",\"name\":\"Vinodeli\",\"description\":\"\",\"publisher\":{\"@id\":\"https:\/\/vinodeli.ee\/#organization\"},\"potentialAction\":[{\"@type\":\"SearchAction\",\"target\":{\"@type\":\"EntryPoint\",\"urlTemplate\":\"https:\/\/vinodeli.ee\/?s={search_term_string}\"},\"query-input\":{\"@type\":\"PropertyValueSpecification\",\"valueRequired\":true,\"valueName\":\"search_term_string\"}}],\"inLanguage\":\"en-US\"},{\"@type\":\"Organization\",\"@id\":\"https:\/\/vinodeli.ee\/#organization\",\"name\":\"Vinodeli O\u00dc\",\"url\":\"https:\/\/vinodeli.ee\/\",\"logo\":{\"@type\":\"ImageObject\",\"inLanguage\":\"en-US\",\"@id\":\"https:\/\/vinodeli.ee\/#\/schema\/logo\/image\/\",\"url\":\"https:\/\/vinodeli.ee\/wp-content\/uploads\/2024\/02\/logo-winodeli-1.png\",\"contentUrl\":\"https:\/\/vinodeli.ee\/wp-content\/uploads\/2024\/02\/logo-winodeli-1.png\",\"width\":1500,\"height\":1150,\"caption\":\"Vinodeli O\u00dc\"},\"image\":{\"@id\":\"https:\/\/vinodeli.ee\/#\/schema\/logo\/image\/\"}}]}<\/script>\n<!-- \/ Yoast SEO plugin. -->","yoast_head_json":{"title":"Weingut Max Ferd. Richter Fass 103 M\u00fclheimer Helenenkloster Riesling Eiswein** 2016 6.5% vol. 375 ml - Vinodeli","robots":{"index":"index","follow":"follow","max-snippet":"max-snippet:-1","max-image-preview":"max-image-preview:large","max-video-preview":"max-video-preview:-1"},"canonical":"https:\/\/vinodeli.ee\/en\/product\/richter-fass-103\/","og_locale":"en_US","og_type":"article","og_title":"Weingut Max Ferd. Richter Fass 103 M\u00fclheimer Helenenkloster Riesling Eiswein** 2016 6.5% vol. 375 ml - Vinodeli","og_description":"P\u00c4RITOLU: M\u00fclheim an der Mosel, Mosel, SaksamaaVeini t\u00fc\u00fcp: Saksa Predikaatvein-EisweinViinamarjasort: 100% RieslingAuhinnad: Wine Advocate, Robert Parker: 96Mosel Fine Wines, Jean Fisch David Rayer: 94Eiswein \u2013 haruldane dessertvein, mis on valmistatud k\u00fcpsetest k\u00e4sitsi korjatud viinamarjadest.","og_url":"https:\/\/vinodeli.ee\/en\/product\/richter-fass-103\/","og_site_name":"Vinodeli","article_modified_time":"2024-08-18T15:46:31+00:00","twitter_card":"summary_large_image","twitter_misc":{"Est. reading time":"1 minute"},"schema":{"@context":"https:\/\/schema.org","@graph":[{"@type":"WebPage","@id":"https:\/\/vinodeli.ee\/en\/product\/richter-fass-103\/","url":"https:\/\/vinodeli.ee\/en\/product\/richter-fass-103\/","name":"Weingut Max Ferd. Richter Fass 103 M\u00fclheimer Helenenkloster Riesling Eiswein** 2016 6.5% vol. 375 ml - Vinodeli","isPartOf":{"@id":"https:\/\/vinodeli.ee\/#website"},"primaryImageOfPage":{"@id":"https:\/\/vinodeli.ee\/en\/product\/richter-fass-103\/#primaryimage"},"image":{"@id":"https:\/\/vinodeli.ee\/en\/product\/richter-fass-103\/#primaryimage"},"thumbnailUrl":"https:\/\/vinodeli.ee\/wp-content\/uploads\/2024\/08\/richter-fass-103.jpg","datePublished":"2024-08-18T15:36:29+00:00","dateModified":"2024-08-18T15:46:31+00:00","breadcrumb":{"@id":"https:\/\/vinodeli.ee\/en\/product\/richter-fass-103\/#breadcrumb"},"inLanguage":"en-US","potentialAction":[{"@type":"ReadAction","target":["https:\/\/vinodeli.ee\/en\/product\/richter-fass-103\/"]}]},{"@type":"ImageObject","inLanguage":"en-US","@id":"https:\/\/vinodeli.ee\/en\/product\/richter-fass-103\/#primaryimage","url":"https:\/\/vinodeli.ee\/wp-content\/uploads\/2024\/08\/richter-fass-103.jpg","contentUrl":"https:\/\/vinodeli.ee\/wp-content\/uploads\/2024\/08\/richter-fass-103.jpg","width":1900,"height":1900},{"@type":"BreadcrumbList","@id":"https:\/\/vinodeli.ee\/en\/product\/richter-fass-103\/#breadcrumb","itemListElement":[{"@type":"ListItem","position":1,"name":"Home","item":"https:\/\/vinodeli.ee\/en\/"},{"@type":"ListItem","position":2,"name":"Shop","item":"https:\/\/vinodeli.ee\/pood\/"},{"@type":"ListItem","position":3,"name":"Weingut Max Ferd. Richter Fass 103 M\u00fclheimer Helenenkloster Riesling Eiswein** 2016 6.5% vol. 375 ml"}]},{"@type":"WebSite","@id":"https:\/\/vinodeli.ee\/#website","url":"https:\/\/vinodeli.ee\/","name":"Vinodeli","description":"","publisher":{"@id":"https:\/\/vinodeli.ee\/#organization"},"potentialAction":[{"@type":"SearchAction","target":{"@type":"EntryPoint","urlTemplate":"https:\/\/vinodeli.ee\/?s={search_term_string}"},"query-input":{"@type":"PropertyValueSpecification","valueRequired":true,"valueName":"search_term_string"}}],"inLanguage":"en-US"},{"@type":"Organization","@id":"https:\/\/vinodeli.ee\/#organization","name":"Vinodeli O\u00dc","url":"https:\/\/vinodeli.ee\/","logo":{"@type":"ImageObject","inLanguage":"en-US","@id":"https:\/\/vinodeli.ee\/#\/schema\/logo\/image\/","url":"https:\/\/vinodeli.ee\/wp-content\/uploads\/2024\/02\/logo-winodeli-1.png","contentUrl":"https:\/\/vinodeli.ee\/wp-content\/uploads\/2024\/02\/logo-winodeli-1.png","width":1500,"height":1150,"caption":"Vinodeli O\u00dc"},"image":{"@id":"https:\/\/vinodeli.ee\/#\/schema\/logo\/image\/"}}]}},"_links":{"self":[{"href":"https:\/\/vinodeli.ee\/en\/wp-json\/wp\/v2\/product\/64388","targetHints":{"allow":["GET"]}}],"collection":[{"href":"https:\/\/vinodeli.ee\/en\/wp-json\/wp\/v2\/product"}],"about":[{"href":"https:\/\/vinodeli.ee\/en\/wp-json\/wp\/v2\/types\/product"}],"version-history":[{"count":0,"href":"https:\/\/vinodeli.ee\/en\/wp-json\/wp\/v2\/product\/64388\/revisions"}],"wp:featuredmedia":[{"embeddable":true,"href":"https:\/\/vinodeli.ee\/en\/wp-json\/wp\/v2\/media\/64396"}],"wp:attachment":[{"href":"https:\/\/vinodeli.ee\/en\/wp-json\/wp\/v2\/media?parent=64388"}],"wp:term":[{"taxonomy":"product_brand","embeddable":true,"href":"https:\/\/vinodeli.ee\/en\/wp-json\/wp\/v2\/product_brand?post=64388"},{"taxonomy":"product_cat","embeddable":true,"href":"https:\/\/vinodeli.ee\/en\/wp-json\/wp\/v2\/product_cat?post=64388"},{"taxonomy":"product_tag","embeddable":true,"href":"https:\/\/vinodeli.ee\/en\/wp-json\/wp\/v2\/product_tag?post=64388"}],"curies":[{"name":"wp","href":"https:\/\/api.w.org\/{rel}","templated":true}]}}