{"id":65073,"date":"2024-09-04T16:01:05","date_gmt":"2024-09-04T13:01:05","guid":{"rendered":"https:\/\/vinodeli.ee\/?post_type=product&#038;p=65073"},"modified":"2024-09-04T19:21:44","modified_gmt":"2024-09-04T16:21:44","slug":"yves-jacques-enseignes","status":"publish","type":"product","link":"https:\/\/vinodeli.ee\/en\/product\/yves-jacques-enseignes\/","title":{"rendered":"Yves Jacques Cuv\u00e9e Les Enseignes Champagne AOC 2018 12.5% vol. 0.75l"},"content":{"rendered":"<blockquote>\n<h5>Guardians of the heritage and know-how of their ancestors for 3 generations, Champagne Yves Jacques run the family vineyard planted with the three Champagne grape varieties in the Marne Valley, the Cote des Blancs and the Aube, in the communes of S\u00e9zanne, Baye, but also Chouilly and Ay, classified as Grand Cru. Their Champagne wines are made in Baye, in their own cellars and in accordance with the traditional method. <\/h5>\n<\/blockquote>\n<h3>About the wine<\/h3>\n<p> The Jacques family has been growing vines in Baye for 4 generations. The Cuv\u00e9e Les Enseignes comes from the best plot of Chardonnay in S\u00e9zanne (Lieu uit: Les Enseignes). This Champagne Bianc de Blancs mill\u00e9silm\u00e9 benefits from long cellar ageing (over 5 years). <br \/>Jewel of the S\u00e9zanne&#8217;s terroir that Yves Jacques compared to a grand cru, this cuv\u00e9e \u2018Les Enseignes\u2019 comes from the name of this plot of Chardonnay. Imagined by Bastien, Quentin and their father R\u00e9mi, this Extra Brut will surprise you with its pure, uncompromising expression that preserves a fresh finish on the palate.     <\/p>\n<h3>Food pairing<\/h3>\n<p> A fresh, full-bodied, mature Champagne with notes of honey, praline and butter. Complex and elegant, this Champagne goes well with aperitifs and early meal dishes. <\/p>\n","protected":false},"excerpt":{"rendered":"<p>Guardians of the heritage and know-how of their ancestors for 3 generations, Champagne Yves Jacques run the family vineyard planted<\/p>\n","protected":false},"featured_media":65076,"template":"","meta":{"_acf_changed":false},"product_brand":[],"product_cat":[19488,19493,19495],"product_tag":[],"class_list":{"0":"post-65073","1":"product","2":"type-product","3":"status-publish","4":"has-post-thumbnail","6":"product_cat-sparkling-wine","7":"product_cat-champagne","8":"product_cat-all-champagne-method","10":"first","11":"instock","12":"taxable","13":"shipping-taxable","14":"purchasable","15":"product-type-simple"},"acf":[],"yoast_head":"<!-- This site is optimized with the Yoast SEO plugin v25.7 - https:\/\/yoast.com\/wordpress\/plugins\/seo\/ -->\n<title>Yves Jacques Cuv\u00e9e Les Enseignes Champagne AOC 2018 12.5% vol. 0.75l - Vinodeli<\/title>\n<meta name=\"robots\" content=\"index, follow, max-snippet:-1, max-image-preview:large, max-video-preview:-1\" \/>\n<link rel=\"canonical\" href=\"https:\/\/vinodeli.ee\/en\/product\/yves-jacques-enseignes\/\" \/>\n<meta property=\"og:locale\" content=\"en_US\" \/>\n<meta property=\"og:type\" content=\"article\" \/>\n<meta property=\"og:title\" content=\"Yves Jacques Cuv\u00e9e Les Enseignes Champagne AOC 2018 12.5% vol. 0.75l - Vinodeli\" \/>\n<meta property=\"og:description\" content=\"Guardians of the heritage and know-how of their ancestors for 3 generations, Champagne Yves Jacques run the family vineyard planted\" \/>\n<meta property=\"og:url\" content=\"https:\/\/vinodeli.ee\/en\/product\/yves-jacques-enseignes\/\" \/>\n<meta property=\"og:site_name\" content=\"Vinodeli\" \/>\n<meta property=\"article:modified_time\" content=\"2024-09-04T16:21:44+00:00\" \/>\n<meta property=\"og:image\" content=\"https:\/\/vinodeli.ee\/wp-content\/uploads\/2024\/09\/yves-jacques-les-enseignes.jpg\" \/>\n\t<meta property=\"og:image:width\" content=\"1300\" \/>\n\t<meta property=\"og:image:height\" content=\"1300\" \/>\n\t<meta property=\"og:image:type\" content=\"image\/jpeg\" \/>\n<meta name=\"twitter:card\" content=\"summary_large_image\" \/>\n<meta name=\"twitter:label1\" content=\"Est. reading time\" \/>\n\t<meta name=\"twitter:data1\" content=\"1 minute\" \/>\n<script type=\"application\/ld+json\" class=\"yoast-schema-graph\">{\"@context\":\"https:\/\/schema.org\",\"@graph\":[{\"@type\":\"WebPage\",\"@id\":\"https:\/\/vinodeli.ee\/en\/product\/yves-jacques-enseignes\/\",\"url\":\"https:\/\/vinodeli.ee\/en\/product\/yves-jacques-enseignes\/\",\"name\":\"Yves Jacques Cuv\u00e9e Les Enseignes Champagne AOC 2018 12.5% vol. 0.75l - Vinodeli\",\"isPartOf\":{\"@id\":\"https:\/\/vinodeli.ee\/#website\"},\"primaryImageOfPage\":{\"@id\":\"https:\/\/vinodeli.ee\/en\/product\/yves-jacques-enseignes\/#primaryimage\"},\"image\":{\"@id\":\"https:\/\/vinodeli.ee\/en\/product\/yves-jacques-enseignes\/#primaryimage\"},\"thumbnailUrl\":\"https:\/\/vinodeli.ee\/wp-content\/uploads\/2024\/09\/yves-jacques-les-enseignes.jpg\",\"datePublished\":\"2024-09-04T13:01:05+00:00\",\"dateModified\":\"2024-09-04T16:21:44+00:00\",\"breadcrumb\":{\"@id\":\"https:\/\/vinodeli.ee\/en\/product\/yves-jacques-enseignes\/#breadcrumb\"},\"inLanguage\":\"en-US\",\"potentialAction\":[{\"@type\":\"ReadAction\",\"target\":[\"https:\/\/vinodeli.ee\/en\/product\/yves-jacques-enseignes\/\"]}]},{\"@type\":\"ImageObject\",\"inLanguage\":\"en-US\",\"@id\":\"https:\/\/vinodeli.ee\/en\/product\/yves-jacques-enseignes\/#primaryimage\",\"url\":\"https:\/\/vinodeli.ee\/wp-content\/uploads\/2024\/09\/yves-jacques-les-enseignes.jpg\",\"contentUrl\":\"https:\/\/vinodeli.ee\/wp-content\/uploads\/2024\/09\/yves-jacques-les-enseignes.jpg\",\"width\":1300,\"height\":1300},{\"@type\":\"BreadcrumbList\",\"@id\":\"https:\/\/vinodeli.ee\/en\/product\/yves-jacques-enseignes\/#breadcrumb\",\"itemListElement\":[{\"@type\":\"ListItem\",\"position\":1,\"name\":\"Home\",\"item\":\"https:\/\/vinodeli.ee\/en\/\"},{\"@type\":\"ListItem\",\"position\":2,\"name\":\"Shop\",\"item\":\"https:\/\/vinodeli.ee\/pood\/\"},{\"@type\":\"ListItem\",\"position\":3,\"name\":\"Yves Jacques Cuv\u00e9e Les Enseignes Champagne AOC 2018 12.5% vol. 0.75l\"}]},{\"@type\":\"WebSite\",\"@id\":\"https:\/\/vinodeli.ee\/#website\",\"url\":\"https:\/\/vinodeli.ee\/\",\"name\":\"Vinodeli\",\"description\":\"\",\"publisher\":{\"@id\":\"https:\/\/vinodeli.ee\/#organization\"},\"potentialAction\":[{\"@type\":\"SearchAction\",\"target\":{\"@type\":\"EntryPoint\",\"urlTemplate\":\"https:\/\/vinodeli.ee\/?s={search_term_string}\"},\"query-input\":{\"@type\":\"PropertyValueSpecification\",\"valueRequired\":true,\"valueName\":\"search_term_string\"}}],\"inLanguage\":\"en-US\"},{\"@type\":\"Organization\",\"@id\":\"https:\/\/vinodeli.ee\/#organization\",\"name\":\"Vinodeli O\u00dc\",\"url\":\"https:\/\/vinodeli.ee\/\",\"logo\":{\"@type\":\"ImageObject\",\"inLanguage\":\"en-US\",\"@id\":\"https:\/\/vinodeli.ee\/#\/schema\/logo\/image\/\",\"url\":\"https:\/\/vinodeli.ee\/wp-content\/uploads\/2024\/02\/logo-winodeli-1.png\",\"contentUrl\":\"https:\/\/vinodeli.ee\/wp-content\/uploads\/2024\/02\/logo-winodeli-1.png\",\"width\":1500,\"height\":1150,\"caption\":\"Vinodeli O\u00dc\"},\"image\":{\"@id\":\"https:\/\/vinodeli.ee\/#\/schema\/logo\/image\/\"}}]}<\/script>\n<!-- \/ Yoast SEO plugin. -->","yoast_head_json":{"title":"Yves Jacques Cuv\u00e9e Les Enseignes Champagne AOC 2018 12.5% vol. 0.75l - Vinodeli","robots":{"index":"index","follow":"follow","max-snippet":"max-snippet:-1","max-image-preview":"max-image-preview:large","max-video-preview":"max-video-preview:-1"},"canonical":"https:\/\/vinodeli.ee\/en\/product\/yves-jacques-enseignes\/","og_locale":"en_US","og_type":"article","og_title":"Yves Jacques Cuv\u00e9e Les Enseignes Champagne AOC 2018 12.5% vol. 0.75l - Vinodeli","og_description":"Guardians of the heritage and know-how of their ancestors for 3 generations, Champagne Yves Jacques run the family vineyard planted","og_url":"https:\/\/vinodeli.ee\/en\/product\/yves-jacques-enseignes\/","og_site_name":"Vinodeli","article_modified_time":"2024-09-04T16:21:44+00:00","og_image":[{"width":1300,"height":1300,"url":"https:\/\/vinodeli.ee\/wp-content\/uploads\/2024\/09\/yves-jacques-les-enseignes.jpg","type":"image\/jpeg"}],"twitter_card":"summary_large_image","twitter_misc":{"Est. reading time":"1 minute"},"schema":{"@context":"https:\/\/schema.org","@graph":[{"@type":"WebPage","@id":"https:\/\/vinodeli.ee\/en\/product\/yves-jacques-enseignes\/","url":"https:\/\/vinodeli.ee\/en\/product\/yves-jacques-enseignes\/","name":"Yves Jacques Cuv\u00e9e Les Enseignes Champagne AOC 2018 12.5% vol. 0.75l - Vinodeli","isPartOf":{"@id":"https:\/\/vinodeli.ee\/#website"},"primaryImageOfPage":{"@id":"https:\/\/vinodeli.ee\/en\/product\/yves-jacques-enseignes\/#primaryimage"},"image":{"@id":"https:\/\/vinodeli.ee\/en\/product\/yves-jacques-enseignes\/#primaryimage"},"thumbnailUrl":"https:\/\/vinodeli.ee\/wp-content\/uploads\/2024\/09\/yves-jacques-les-enseignes.jpg","datePublished":"2024-09-04T13:01:05+00:00","dateModified":"2024-09-04T16:21:44+00:00","breadcrumb":{"@id":"https:\/\/vinodeli.ee\/en\/product\/yves-jacques-enseignes\/#breadcrumb"},"inLanguage":"en-US","potentialAction":[{"@type":"ReadAction","target":["https:\/\/vinodeli.ee\/en\/product\/yves-jacques-enseignes\/"]}]},{"@type":"ImageObject","inLanguage":"en-US","@id":"https:\/\/vinodeli.ee\/en\/product\/yves-jacques-enseignes\/#primaryimage","url":"https:\/\/vinodeli.ee\/wp-content\/uploads\/2024\/09\/yves-jacques-les-enseignes.jpg","contentUrl":"https:\/\/vinodeli.ee\/wp-content\/uploads\/2024\/09\/yves-jacques-les-enseignes.jpg","width":1300,"height":1300},{"@type":"BreadcrumbList","@id":"https:\/\/vinodeli.ee\/en\/product\/yves-jacques-enseignes\/#breadcrumb","itemListElement":[{"@type":"ListItem","position":1,"name":"Home","item":"https:\/\/vinodeli.ee\/en\/"},{"@type":"ListItem","position":2,"name":"Shop","item":"https:\/\/vinodeli.ee\/pood\/"},{"@type":"ListItem","position":3,"name":"Yves Jacques Cuv\u00e9e Les Enseignes Champagne AOC 2018 12.5% vol. 0.75l"}]},{"@type":"WebSite","@id":"https:\/\/vinodeli.ee\/#website","url":"https:\/\/vinodeli.ee\/","name":"Vinodeli","description":"","publisher":{"@id":"https:\/\/vinodeli.ee\/#organization"},"potentialAction":[{"@type":"SearchAction","target":{"@type":"EntryPoint","urlTemplate":"https:\/\/vinodeli.ee\/?s={search_term_string}"},"query-input":{"@type":"PropertyValueSpecification","valueRequired":true,"valueName":"search_term_string"}}],"inLanguage":"en-US"},{"@type":"Organization","@id":"https:\/\/vinodeli.ee\/#organization","name":"Vinodeli O\u00dc","url":"https:\/\/vinodeli.ee\/","logo":{"@type":"ImageObject","inLanguage":"en-US","@id":"https:\/\/vinodeli.ee\/#\/schema\/logo\/image\/","url":"https:\/\/vinodeli.ee\/wp-content\/uploads\/2024\/02\/logo-winodeli-1.png","contentUrl":"https:\/\/vinodeli.ee\/wp-content\/uploads\/2024\/02\/logo-winodeli-1.png","width":1500,"height":1150,"caption":"Vinodeli O\u00dc"},"image":{"@id":"https:\/\/vinodeli.ee\/#\/schema\/logo\/image\/"}}]}},"_links":{"self":[{"href":"https:\/\/vinodeli.ee\/en\/wp-json\/wp\/v2\/product\/65073","targetHints":{"allow":["GET"]}}],"collection":[{"href":"https:\/\/vinodeli.ee\/en\/wp-json\/wp\/v2\/product"}],"about":[{"href":"https:\/\/vinodeli.ee\/en\/wp-json\/wp\/v2\/types\/product"}],"version-history":[{"count":0,"href":"https:\/\/vinodeli.ee\/en\/wp-json\/wp\/v2\/product\/65073\/revisions"}],"wp:featuredmedia":[{"embeddable":true,"href":"https:\/\/vinodeli.ee\/en\/wp-json\/wp\/v2\/media\/65076"}],"wp:attachment":[{"href":"https:\/\/vinodeli.ee\/en\/wp-json\/wp\/v2\/media?parent=65073"}],"wp:term":[{"taxonomy":"product_brand","embeddable":true,"href":"https:\/\/vinodeli.ee\/en\/wp-json\/wp\/v2\/product_brand?post=65073"},{"taxonomy":"product_cat","embeddable":true,"href":"https:\/\/vinodeli.ee\/en\/wp-json\/wp\/v2\/product_cat?post=65073"},{"taxonomy":"product_tag","embeddable":true,"href":"https:\/\/vinodeli.ee\/en\/wp-json\/wp\/v2\/product_tag?post=65073"}],"curies":[{"name":"wp","href":"https:\/\/api.w.org\/{rel}","templated":true}]}}