{"id":65126,"date":"2024-09-04T19:34:06","date_gmt":"2024-09-04T16:34:06","guid":{"rendered":"https:\/\/vinodeli.ee\/?post_type=product&#038;p=65126"},"modified":"2024-09-04T19:37:41","modified_gmt":"2024-09-04T16:37:41","slug":"yves-jacques-cuvee-selection-magnum","status":"publish","type":"product","link":"https:\/\/vinodeli.ee\/en\/product\/yves-jacques-cuvee-selection-magnum\/","title":{"rendered":"Yves Jacques Cuv\u00e9e S\u00e9lection Brut Champagne AOC 12.5% vol. 1.5L"},"content":{"rendered":"<blockquote>\n<h5>Guardians of the heritage and know-how of their ancestors for 3 generations, Champagne Yves Jacques run the family vineyard planted with the three Champagne grape varieties in the Marne Valley, the Cote des Blancs and the Aube, in the communes of S\u00e9zanne, Baye, but also Chouilly and Ay, classified as Grand Cru. Their Champagne wines are made in Baye, in their own cellars and in accordance with the traditional method.<\/h5>\n<\/blockquote>\n<h3>About the wine<\/h3>\n<p>This cuv\u00e9e is made from Chardonnay \u2013 the white grape of Champagne \u2013 and prides itself on its floral bouquet and citrus notes. Its finesse and refreshing finish will certainly pique your curiosity and your taste buds. Enjoy this Blanc de Blancs champagne as an aperitif or pair with fish dishes in sauce and savour a moment of pure bliss.<\/p>\n<h3>Winemaking<\/h3>\n<p>Sustainable viticulture. Traditional hand picking. Temperature-controlled fermentation in stainless steel vats, malolactic fermentation, traditional vinification. Aged on laths before disgorging.<\/p>\n<h3>Tasting notes<\/h3>\n<p>Gold colour, brilliant, golden highlights. Elegant, fine nose, acacia, white flowers, apricot, citrus and passion fruit aromas. Aromatic, powerful flavour with floral overtones and citrus and grapefruit hints.<\/p>\n<h3>Food pairing<\/h3>\n<p>Perfect as an aperitif, but also goes well with seafood and shellfish, raw fish, fish in a sauce and cod.<\/p>\n","protected":false},"excerpt":{"rendered":"<blockquote>\n<h4>Grape variety:100% Chardonnay<\/h4>\n<\/blockquote>\n<ul>\n<li>Concours G\u00e9n\u00e9ral Agricole (Paris 2022) \u2014 Gold medal<\/li>\n<li>Concours International de Lyon (2022) \u2014 Gold medal<\/li>\n<\/ul>\n","protected":false},"featured_media":44047,"template":"","meta":{"_acf_changed":false},"product_brand":[],"product_cat":[19488,19493,19495],"product_tag":[],"class_list":{"0":"post-65126","1":"product","2":"type-product","3":"status-publish","4":"has-post-thumbnail","6":"product_cat-sparkling-wine","7":"product_cat-champagne","8":"product_cat-all-champagne-method","10":"first","11":"instock","12":"taxable","13":"shipping-taxable","14":"purchasable","15":"product-type-simple"},"acf":[],"yoast_head":"<!-- This site is optimized with the Yoast SEO plugin v25.7 - https:\/\/yoast.com\/wordpress\/plugins\/seo\/ -->\n<title>Yves Jacques Cuv\u00e9e S\u00e9lection Brut Champagne AOC 12.5% vol. 1.5L - Vinodeli<\/title>\n<meta name=\"robots\" content=\"index, follow, max-snippet:-1, max-image-preview:large, max-video-preview:-1\" \/>\n<link rel=\"canonical\" href=\"https:\/\/vinodeli.ee\/en\/product\/yves-jacques-cuvee-selection-magnum\/\" \/>\n<meta property=\"og:locale\" content=\"en_US\" \/>\n<meta property=\"og:type\" content=\"article\" \/>\n<meta property=\"og:title\" content=\"Yves Jacques Cuv\u00e9e S\u00e9lection Brut Champagne AOC 12.5% vol. 1.5L - Vinodeli\" \/>\n<meta property=\"og:description\" content=\"Grape variety:100% Chardonnay    Concours G\u00e9n\u00e9ral Agricole (Paris 2022) \u2014 Gold medal  Concours International de Lyon (2022) \u2014 Gold medal\" \/>\n<meta property=\"og:url\" content=\"https:\/\/vinodeli.ee\/en\/product\/yves-jacques-cuvee-selection-magnum\/\" \/>\n<meta property=\"og:site_name\" content=\"Vinodeli\" \/>\n<meta property=\"article:modified_time\" content=\"2024-09-04T16:37:41+00:00\" \/>\n<meta property=\"og:image\" content=\"https:\/\/vinodeli.ee\/wp-content\/uploads\/2023\/11\/cuvee-selection-yves-jacques-2.webp\" \/>\n\t<meta property=\"og:image:width\" content=\"700\" \/>\n\t<meta property=\"og:image:height\" content=\"700\" \/>\n\t<meta property=\"og:image:type\" content=\"image\/webp\" \/>\n<meta name=\"twitter:card\" content=\"summary_large_image\" \/>\n<meta name=\"twitter:label1\" content=\"Est. reading time\" \/>\n\t<meta name=\"twitter:data1\" content=\"1 minute\" \/>\n<script type=\"application\/ld+json\" class=\"yoast-schema-graph\">{\"@context\":\"https:\/\/schema.org\",\"@graph\":[{\"@type\":\"WebPage\",\"@id\":\"https:\/\/vinodeli.ee\/en\/product\/yves-jacques-cuvee-selection-magnum\/\",\"url\":\"https:\/\/vinodeli.ee\/en\/product\/yves-jacques-cuvee-selection-magnum\/\",\"name\":\"Yves Jacques Cuv\u00e9e S\u00e9lection Brut Champagne AOC 12.5% vol. 1.5L - Vinodeli\",\"isPartOf\":{\"@id\":\"https:\/\/vinodeli.ee\/#website\"},\"primaryImageOfPage\":{\"@id\":\"https:\/\/vinodeli.ee\/en\/product\/yves-jacques-cuvee-selection-magnum\/#primaryimage\"},\"image\":{\"@id\":\"https:\/\/vinodeli.ee\/en\/product\/yves-jacques-cuvee-selection-magnum\/#primaryimage\"},\"thumbnailUrl\":\"https:\/\/vinodeli.ee\/wp-content\/uploads\/2023\/11\/cuvee-selection-yves-jacques-2.webp\",\"datePublished\":\"2024-09-04T16:34:06+00:00\",\"dateModified\":\"2024-09-04T16:37:41+00:00\",\"breadcrumb\":{\"@id\":\"https:\/\/vinodeli.ee\/en\/product\/yves-jacques-cuvee-selection-magnum\/#breadcrumb\"},\"inLanguage\":\"en-US\",\"potentialAction\":[{\"@type\":\"ReadAction\",\"target\":[\"https:\/\/vinodeli.ee\/en\/product\/yves-jacques-cuvee-selection-magnum\/\"]}]},{\"@type\":\"ImageObject\",\"inLanguage\":\"en-US\",\"@id\":\"https:\/\/vinodeli.ee\/en\/product\/yves-jacques-cuvee-selection-magnum\/#primaryimage\",\"url\":\"https:\/\/vinodeli.ee\/wp-content\/uploads\/2023\/11\/cuvee-selection-yves-jacques-2.webp\",\"contentUrl\":\"https:\/\/vinodeli.ee\/wp-content\/uploads\/2023\/11\/cuvee-selection-yves-jacques-2.webp\",\"width\":700,\"height\":700},{\"@type\":\"BreadcrumbList\",\"@id\":\"https:\/\/vinodeli.ee\/en\/product\/yves-jacques-cuvee-selection-magnum\/#breadcrumb\",\"itemListElement\":[{\"@type\":\"ListItem\",\"position\":1,\"name\":\"Home\",\"item\":\"https:\/\/vinodeli.ee\/en\/\"},{\"@type\":\"ListItem\",\"position\":2,\"name\":\"Shop\",\"item\":\"https:\/\/vinodeli.ee\/pood\/\"},{\"@type\":\"ListItem\",\"position\":3,\"name\":\"Yves Jacques Cuv\u00e9e S\u00e9lection Brut Champagne AOC 12.5% vol. 1.5L\"}]},{\"@type\":\"WebSite\",\"@id\":\"https:\/\/vinodeli.ee\/#website\",\"url\":\"https:\/\/vinodeli.ee\/\",\"name\":\"Vinodeli\",\"description\":\"\",\"publisher\":{\"@id\":\"https:\/\/vinodeli.ee\/#organization\"},\"potentialAction\":[{\"@type\":\"SearchAction\",\"target\":{\"@type\":\"EntryPoint\",\"urlTemplate\":\"https:\/\/vinodeli.ee\/?s={search_term_string}\"},\"query-input\":{\"@type\":\"PropertyValueSpecification\",\"valueRequired\":true,\"valueName\":\"search_term_string\"}}],\"inLanguage\":\"en-US\"},{\"@type\":\"Organization\",\"@id\":\"https:\/\/vinodeli.ee\/#organization\",\"name\":\"Vinodeli O\u00dc\",\"url\":\"https:\/\/vinodeli.ee\/\",\"logo\":{\"@type\":\"ImageObject\",\"inLanguage\":\"en-US\",\"@id\":\"https:\/\/vinodeli.ee\/#\/schema\/logo\/image\/\",\"url\":\"https:\/\/vinodeli.ee\/wp-content\/uploads\/2024\/02\/logo-winodeli-1.png\",\"contentUrl\":\"https:\/\/vinodeli.ee\/wp-content\/uploads\/2024\/02\/logo-winodeli-1.png\",\"width\":1500,\"height\":1150,\"caption\":\"Vinodeli O\u00dc\"},\"image\":{\"@id\":\"https:\/\/vinodeli.ee\/#\/schema\/logo\/image\/\"}}]}<\/script>\n<!-- \/ Yoast SEO plugin. -->","yoast_head_json":{"title":"Yves Jacques Cuv\u00e9e S\u00e9lection Brut Champagne AOC 12.5% vol. 1.5L - Vinodeli","robots":{"index":"index","follow":"follow","max-snippet":"max-snippet:-1","max-image-preview":"max-image-preview:large","max-video-preview":"max-video-preview:-1"},"canonical":"https:\/\/vinodeli.ee\/en\/product\/yves-jacques-cuvee-selection-magnum\/","og_locale":"en_US","og_type":"article","og_title":"Yves Jacques Cuv\u00e9e S\u00e9lection Brut Champagne AOC 12.5% vol. 1.5L - Vinodeli","og_description":"Grape variety:100% Chardonnay    Concours G\u00e9n\u00e9ral Agricole (Paris 2022) \u2014 Gold medal  Concours International de Lyon (2022) \u2014 Gold medal","og_url":"https:\/\/vinodeli.ee\/en\/product\/yves-jacques-cuvee-selection-magnum\/","og_site_name":"Vinodeli","article_modified_time":"2024-09-04T16:37:41+00:00","og_image":[{"width":700,"height":700,"url":"https:\/\/vinodeli.ee\/wp-content\/uploads\/2023\/11\/cuvee-selection-yves-jacques-2.webp","type":"image\/webp"}],"twitter_card":"summary_large_image","twitter_misc":{"Est. reading time":"1 minute"},"schema":{"@context":"https:\/\/schema.org","@graph":[{"@type":"WebPage","@id":"https:\/\/vinodeli.ee\/en\/product\/yves-jacques-cuvee-selection-magnum\/","url":"https:\/\/vinodeli.ee\/en\/product\/yves-jacques-cuvee-selection-magnum\/","name":"Yves Jacques Cuv\u00e9e S\u00e9lection Brut Champagne AOC 12.5% vol. 1.5L - Vinodeli","isPartOf":{"@id":"https:\/\/vinodeli.ee\/#website"},"primaryImageOfPage":{"@id":"https:\/\/vinodeli.ee\/en\/product\/yves-jacques-cuvee-selection-magnum\/#primaryimage"},"image":{"@id":"https:\/\/vinodeli.ee\/en\/product\/yves-jacques-cuvee-selection-magnum\/#primaryimage"},"thumbnailUrl":"https:\/\/vinodeli.ee\/wp-content\/uploads\/2023\/11\/cuvee-selection-yves-jacques-2.webp","datePublished":"2024-09-04T16:34:06+00:00","dateModified":"2024-09-04T16:37:41+00:00","breadcrumb":{"@id":"https:\/\/vinodeli.ee\/en\/product\/yves-jacques-cuvee-selection-magnum\/#breadcrumb"},"inLanguage":"en-US","potentialAction":[{"@type":"ReadAction","target":["https:\/\/vinodeli.ee\/en\/product\/yves-jacques-cuvee-selection-magnum\/"]}]},{"@type":"ImageObject","inLanguage":"en-US","@id":"https:\/\/vinodeli.ee\/en\/product\/yves-jacques-cuvee-selection-magnum\/#primaryimage","url":"https:\/\/vinodeli.ee\/wp-content\/uploads\/2023\/11\/cuvee-selection-yves-jacques-2.webp","contentUrl":"https:\/\/vinodeli.ee\/wp-content\/uploads\/2023\/11\/cuvee-selection-yves-jacques-2.webp","width":700,"height":700},{"@type":"BreadcrumbList","@id":"https:\/\/vinodeli.ee\/en\/product\/yves-jacques-cuvee-selection-magnum\/#breadcrumb","itemListElement":[{"@type":"ListItem","position":1,"name":"Home","item":"https:\/\/vinodeli.ee\/en\/"},{"@type":"ListItem","position":2,"name":"Shop","item":"https:\/\/vinodeli.ee\/pood\/"},{"@type":"ListItem","position":3,"name":"Yves Jacques Cuv\u00e9e S\u00e9lection Brut Champagne AOC 12.5% vol. 1.5L"}]},{"@type":"WebSite","@id":"https:\/\/vinodeli.ee\/#website","url":"https:\/\/vinodeli.ee\/","name":"Vinodeli","description":"","publisher":{"@id":"https:\/\/vinodeli.ee\/#organization"},"potentialAction":[{"@type":"SearchAction","target":{"@type":"EntryPoint","urlTemplate":"https:\/\/vinodeli.ee\/?s={search_term_string}"},"query-input":{"@type":"PropertyValueSpecification","valueRequired":true,"valueName":"search_term_string"}}],"inLanguage":"en-US"},{"@type":"Organization","@id":"https:\/\/vinodeli.ee\/#organization","name":"Vinodeli O\u00dc","url":"https:\/\/vinodeli.ee\/","logo":{"@type":"ImageObject","inLanguage":"en-US","@id":"https:\/\/vinodeli.ee\/#\/schema\/logo\/image\/","url":"https:\/\/vinodeli.ee\/wp-content\/uploads\/2024\/02\/logo-winodeli-1.png","contentUrl":"https:\/\/vinodeli.ee\/wp-content\/uploads\/2024\/02\/logo-winodeli-1.png","width":1500,"height":1150,"caption":"Vinodeli O\u00dc"},"image":{"@id":"https:\/\/vinodeli.ee\/#\/schema\/logo\/image\/"}}]}},"_links":{"self":[{"href":"https:\/\/vinodeli.ee\/en\/wp-json\/wp\/v2\/product\/65126","targetHints":{"allow":["GET"]}}],"collection":[{"href":"https:\/\/vinodeli.ee\/en\/wp-json\/wp\/v2\/product"}],"about":[{"href":"https:\/\/vinodeli.ee\/en\/wp-json\/wp\/v2\/types\/product"}],"version-history":[{"count":0,"href":"https:\/\/vinodeli.ee\/en\/wp-json\/wp\/v2\/product\/65126\/revisions"}],"wp:featuredmedia":[{"embeddable":true,"href":"https:\/\/vinodeli.ee\/en\/wp-json\/wp\/v2\/media\/44047"}],"wp:attachment":[{"href":"https:\/\/vinodeli.ee\/en\/wp-json\/wp\/v2\/media?parent=65126"}],"wp:term":[{"taxonomy":"product_brand","embeddable":true,"href":"https:\/\/vinodeli.ee\/en\/wp-json\/wp\/v2\/product_brand?post=65126"},{"taxonomy":"product_cat","embeddable":true,"href":"https:\/\/vinodeli.ee\/en\/wp-json\/wp\/v2\/product_cat?post=65126"},{"taxonomy":"product_tag","embeddable":true,"href":"https:\/\/vinodeli.ee\/en\/wp-json\/wp\/v2\/product_tag?post=65126"}],"curies":[{"name":"wp","href":"https:\/\/api.w.org\/{rel}","templated":true}]}}