{"id":65143,"date":"2024-09-04T22:04:59","date_gmt":"2024-09-04T19:04:59","guid":{"rendered":"https:\/\/vinodeli.ee\/?post_type=product&#038;p=65143"},"modified":"2024-09-04T22:14:52","modified_gmt":"2024-09-04T19:14:52","slug":"yves-jacques-rose-magnum","status":"publish","type":"product","link":"https:\/\/vinodeli.ee\/en\/product\/yves-jacques-rose-magnum\/","title":{"rendered":"Yves Jacques Ros\u00e9 Brut Champagne AOC 12.5% vol. 1.5L"},"content":{"rendered":"<blockquote>\n<h5>Guardians of the heritage and know-how of their ancestors for 3 generations, Champagne Yves Jacques run the family vineyard planted with the three Champagne grape varieties in the Marne Valley, the Cote des Blancs and the Aube, in the communes of S\u00e9zanne, Baye, but also Chouilly and Ay, classified as Grand Cru. Their Champagne wines are made in Baye, in their own cellars and in accordance with the traditional method. <\/h5>\n<\/blockquote>\n<h3>About the wine<\/h3>\n<p> Subtle and delicate, this elegant ros\u00e9 embodies femininity. It is made with champagne\u2019s three grape varieties, as well as 10% Pinot Noir vinified as red wine. The still red wine gives this champagne roundness and red fruit aromas and preserves its freshness. This ros\u00e9 champagne can be enjoyed as an aperitif as well as with red berry desserts such as a raspberry-cream layer cake.    <\/p>\n<h3>Food pairing<\/h3>\n<p> The Jacques family has been growing vines in Baye for 4 generations, and produces Champagne Rose, a blend of the 3 Champagne grape varieties (Pinot Noir &#8211; Pinot Meunier &#8211; Chardonnay) and several vintages, with 10% Pinot Noir vinified as red wine from our production. You&#8217;ll love its red fruit aromas. This Champagne will accompany you as an aperitif, cold buffet or dessert (strawberry tart, raspberry tart).  <\/p>\n","protected":false},"excerpt":{"rendered":"<blockquote>\n<h4>Grape variety:100% Chardonnay<\/h4>\n<\/blockquote>\n<ul>\n<li>Concours G\u00e9n\u00e9ral Agricole (Paris 2022) \u2014 Kuldmedal<\/li>\n<li>Concours International de Lyon (2022) \u2014 Kuldmedal<\/li>\n<\/ul>\n","protected":false},"featured_media":65146,"template":"","meta":{"_acf_changed":false},"product_brand":[],"product_cat":[19488,19493,19495],"product_tag":[],"class_list":{"0":"post-65143","1":"product","2":"type-product","3":"status-publish","4":"has-post-thumbnail","6":"product_cat-sparkling-wine","7":"product_cat-champagne","8":"product_cat-all-champagne-method","10":"first","11":"instock","12":"taxable","13":"shipping-taxable","14":"purchasable","15":"product-type-simple"},"acf":[],"yoast_head":"<!-- This site is optimized with the Yoast SEO plugin v25.7 - https:\/\/yoast.com\/wordpress\/plugins\/seo\/ -->\n<title>Yves Jacques Ros\u00e9 Brut Champagne AOC 12.5% vol. 1.5L - Vinodeli<\/title>\n<meta name=\"robots\" content=\"index, follow, max-snippet:-1, max-image-preview:large, max-video-preview:-1\" \/>\n<link rel=\"canonical\" href=\"https:\/\/vinodeli.ee\/en\/product\/yves-jacques-rose-magnum\/\" \/>\n<meta property=\"og:locale\" content=\"en_US\" \/>\n<meta property=\"og:type\" content=\"article\" \/>\n<meta property=\"og:title\" content=\"Yves Jacques Ros\u00e9 Brut Champagne AOC 12.5% vol. 1.5L - Vinodeli\" \/>\n<meta property=\"og:description\" content=\"Grape variety:100% Chardonnay   Concours G\u00e9n\u00e9ral Agricole (Paris 2022) \u2014 Kuldmedal  Concours International de Lyon (2022) \u2014 Kuldmedal\" \/>\n<meta property=\"og:url\" content=\"https:\/\/vinodeli.ee\/en\/product\/yves-jacques-rose-magnum\/\" \/>\n<meta property=\"og:site_name\" content=\"Vinodeli\" \/>\n<meta property=\"article:modified_time\" content=\"2024-09-04T19:14:52+00:00\" \/>\n<meta property=\"og:image\" content=\"https:\/\/vinodeli.ee\/wp-content\/uploads\/2024\/09\/yves-jacques-rose.jpg\" \/>\n\t<meta property=\"og:image:width\" content=\"680\" \/>\n\t<meta property=\"og:image:height\" content=\"680\" \/>\n\t<meta property=\"og:image:type\" content=\"image\/jpeg\" \/>\n<meta name=\"twitter:card\" content=\"summary_large_image\" \/>\n<meta name=\"twitter:label1\" content=\"Est. reading time\" \/>\n\t<meta name=\"twitter:data1\" content=\"1 minute\" \/>\n<script type=\"application\/ld+json\" class=\"yoast-schema-graph\">{\"@context\":\"https:\/\/schema.org\",\"@graph\":[{\"@type\":\"WebPage\",\"@id\":\"https:\/\/vinodeli.ee\/en\/product\/yves-jacques-rose-magnum\/\",\"url\":\"https:\/\/vinodeli.ee\/en\/product\/yves-jacques-rose-magnum\/\",\"name\":\"Yves Jacques Ros\u00e9 Brut Champagne AOC 12.5% vol. 1.5L - Vinodeli\",\"isPartOf\":{\"@id\":\"https:\/\/vinodeli.ee\/#website\"},\"primaryImageOfPage\":{\"@id\":\"https:\/\/vinodeli.ee\/en\/product\/yves-jacques-rose-magnum\/#primaryimage\"},\"image\":{\"@id\":\"https:\/\/vinodeli.ee\/en\/product\/yves-jacques-rose-magnum\/#primaryimage\"},\"thumbnailUrl\":\"https:\/\/vinodeli.ee\/wp-content\/uploads\/2024\/09\/yves-jacques-rose.jpg\",\"datePublished\":\"2024-09-04T19:04:59+00:00\",\"dateModified\":\"2024-09-04T19:14:52+00:00\",\"breadcrumb\":{\"@id\":\"https:\/\/vinodeli.ee\/en\/product\/yves-jacques-rose-magnum\/#breadcrumb\"},\"inLanguage\":\"en-US\",\"potentialAction\":[{\"@type\":\"ReadAction\",\"target\":[\"https:\/\/vinodeli.ee\/en\/product\/yves-jacques-rose-magnum\/\"]}]},{\"@type\":\"ImageObject\",\"inLanguage\":\"en-US\",\"@id\":\"https:\/\/vinodeli.ee\/en\/product\/yves-jacques-rose-magnum\/#primaryimage\",\"url\":\"https:\/\/vinodeli.ee\/wp-content\/uploads\/2024\/09\/yves-jacques-rose.jpg\",\"contentUrl\":\"https:\/\/vinodeli.ee\/wp-content\/uploads\/2024\/09\/yves-jacques-rose.jpg\",\"width\":680,\"height\":680},{\"@type\":\"BreadcrumbList\",\"@id\":\"https:\/\/vinodeli.ee\/en\/product\/yves-jacques-rose-magnum\/#breadcrumb\",\"itemListElement\":[{\"@type\":\"ListItem\",\"position\":1,\"name\":\"Home\",\"item\":\"https:\/\/vinodeli.ee\/en\/\"},{\"@type\":\"ListItem\",\"position\":2,\"name\":\"Shop\",\"item\":\"https:\/\/vinodeli.ee\/pood\/\"},{\"@type\":\"ListItem\",\"position\":3,\"name\":\"Yves Jacques Ros\u00e9 Brut Champagne AOC 12.5% vol. 1.5L\"}]},{\"@type\":\"WebSite\",\"@id\":\"https:\/\/vinodeli.ee\/#website\",\"url\":\"https:\/\/vinodeli.ee\/\",\"name\":\"Vinodeli\",\"description\":\"\",\"publisher\":{\"@id\":\"https:\/\/vinodeli.ee\/#organization\"},\"potentialAction\":[{\"@type\":\"SearchAction\",\"target\":{\"@type\":\"EntryPoint\",\"urlTemplate\":\"https:\/\/vinodeli.ee\/?s={search_term_string}\"},\"query-input\":{\"@type\":\"PropertyValueSpecification\",\"valueRequired\":true,\"valueName\":\"search_term_string\"}}],\"inLanguage\":\"en-US\"},{\"@type\":\"Organization\",\"@id\":\"https:\/\/vinodeli.ee\/#organization\",\"name\":\"Vinodeli O\u00dc\",\"url\":\"https:\/\/vinodeli.ee\/\",\"logo\":{\"@type\":\"ImageObject\",\"inLanguage\":\"en-US\",\"@id\":\"https:\/\/vinodeli.ee\/#\/schema\/logo\/image\/\",\"url\":\"https:\/\/vinodeli.ee\/wp-content\/uploads\/2024\/02\/logo-winodeli-1.png\",\"contentUrl\":\"https:\/\/vinodeli.ee\/wp-content\/uploads\/2024\/02\/logo-winodeli-1.png\",\"width\":1500,\"height\":1150,\"caption\":\"Vinodeli O\u00dc\"},\"image\":{\"@id\":\"https:\/\/vinodeli.ee\/#\/schema\/logo\/image\/\"}}]}<\/script>\n<!-- \/ Yoast SEO plugin. -->","yoast_head_json":{"title":"Yves Jacques Ros\u00e9 Brut Champagne AOC 12.5% vol. 1.5L - Vinodeli","robots":{"index":"index","follow":"follow","max-snippet":"max-snippet:-1","max-image-preview":"max-image-preview:large","max-video-preview":"max-video-preview:-1"},"canonical":"https:\/\/vinodeli.ee\/en\/product\/yves-jacques-rose-magnum\/","og_locale":"en_US","og_type":"article","og_title":"Yves Jacques Ros\u00e9 Brut Champagne AOC 12.5% vol. 1.5L - Vinodeli","og_description":"Grape variety:100% Chardonnay   Concours G\u00e9n\u00e9ral Agricole (Paris 2022) \u2014 Kuldmedal  Concours International de Lyon (2022) \u2014 Kuldmedal","og_url":"https:\/\/vinodeli.ee\/en\/product\/yves-jacques-rose-magnum\/","og_site_name":"Vinodeli","article_modified_time":"2024-09-04T19:14:52+00:00","og_image":[{"width":680,"height":680,"url":"https:\/\/vinodeli.ee\/wp-content\/uploads\/2024\/09\/yves-jacques-rose.jpg","type":"image\/jpeg"}],"twitter_card":"summary_large_image","twitter_misc":{"Est. reading time":"1 minute"},"schema":{"@context":"https:\/\/schema.org","@graph":[{"@type":"WebPage","@id":"https:\/\/vinodeli.ee\/en\/product\/yves-jacques-rose-magnum\/","url":"https:\/\/vinodeli.ee\/en\/product\/yves-jacques-rose-magnum\/","name":"Yves Jacques Ros\u00e9 Brut Champagne AOC 12.5% vol. 1.5L - Vinodeli","isPartOf":{"@id":"https:\/\/vinodeli.ee\/#website"},"primaryImageOfPage":{"@id":"https:\/\/vinodeli.ee\/en\/product\/yves-jacques-rose-magnum\/#primaryimage"},"image":{"@id":"https:\/\/vinodeli.ee\/en\/product\/yves-jacques-rose-magnum\/#primaryimage"},"thumbnailUrl":"https:\/\/vinodeli.ee\/wp-content\/uploads\/2024\/09\/yves-jacques-rose.jpg","datePublished":"2024-09-04T19:04:59+00:00","dateModified":"2024-09-04T19:14:52+00:00","breadcrumb":{"@id":"https:\/\/vinodeli.ee\/en\/product\/yves-jacques-rose-magnum\/#breadcrumb"},"inLanguage":"en-US","potentialAction":[{"@type":"ReadAction","target":["https:\/\/vinodeli.ee\/en\/product\/yves-jacques-rose-magnum\/"]}]},{"@type":"ImageObject","inLanguage":"en-US","@id":"https:\/\/vinodeli.ee\/en\/product\/yves-jacques-rose-magnum\/#primaryimage","url":"https:\/\/vinodeli.ee\/wp-content\/uploads\/2024\/09\/yves-jacques-rose.jpg","contentUrl":"https:\/\/vinodeli.ee\/wp-content\/uploads\/2024\/09\/yves-jacques-rose.jpg","width":680,"height":680},{"@type":"BreadcrumbList","@id":"https:\/\/vinodeli.ee\/en\/product\/yves-jacques-rose-magnum\/#breadcrumb","itemListElement":[{"@type":"ListItem","position":1,"name":"Home","item":"https:\/\/vinodeli.ee\/en\/"},{"@type":"ListItem","position":2,"name":"Shop","item":"https:\/\/vinodeli.ee\/pood\/"},{"@type":"ListItem","position":3,"name":"Yves Jacques Ros\u00e9 Brut Champagne AOC 12.5% vol. 1.5L"}]},{"@type":"WebSite","@id":"https:\/\/vinodeli.ee\/#website","url":"https:\/\/vinodeli.ee\/","name":"Vinodeli","description":"","publisher":{"@id":"https:\/\/vinodeli.ee\/#organization"},"potentialAction":[{"@type":"SearchAction","target":{"@type":"EntryPoint","urlTemplate":"https:\/\/vinodeli.ee\/?s={search_term_string}"},"query-input":{"@type":"PropertyValueSpecification","valueRequired":true,"valueName":"search_term_string"}}],"inLanguage":"en-US"},{"@type":"Organization","@id":"https:\/\/vinodeli.ee\/#organization","name":"Vinodeli O\u00dc","url":"https:\/\/vinodeli.ee\/","logo":{"@type":"ImageObject","inLanguage":"en-US","@id":"https:\/\/vinodeli.ee\/#\/schema\/logo\/image\/","url":"https:\/\/vinodeli.ee\/wp-content\/uploads\/2024\/02\/logo-winodeli-1.png","contentUrl":"https:\/\/vinodeli.ee\/wp-content\/uploads\/2024\/02\/logo-winodeli-1.png","width":1500,"height":1150,"caption":"Vinodeli O\u00dc"},"image":{"@id":"https:\/\/vinodeli.ee\/#\/schema\/logo\/image\/"}}]}},"_links":{"self":[{"href":"https:\/\/vinodeli.ee\/en\/wp-json\/wp\/v2\/product\/65143","targetHints":{"allow":["GET"]}}],"collection":[{"href":"https:\/\/vinodeli.ee\/en\/wp-json\/wp\/v2\/product"}],"about":[{"href":"https:\/\/vinodeli.ee\/en\/wp-json\/wp\/v2\/types\/product"}],"version-history":[{"count":0,"href":"https:\/\/vinodeli.ee\/en\/wp-json\/wp\/v2\/product\/65143\/revisions"}],"wp:featuredmedia":[{"embeddable":true,"href":"https:\/\/vinodeli.ee\/en\/wp-json\/wp\/v2\/media\/65146"}],"wp:attachment":[{"href":"https:\/\/vinodeli.ee\/en\/wp-json\/wp\/v2\/media?parent=65143"}],"wp:term":[{"taxonomy":"product_brand","embeddable":true,"href":"https:\/\/vinodeli.ee\/en\/wp-json\/wp\/v2\/product_brand?post=65143"},{"taxonomy":"product_cat","embeddable":true,"href":"https:\/\/vinodeli.ee\/en\/wp-json\/wp\/v2\/product_cat?post=65143"},{"taxonomy":"product_tag","embeddable":true,"href":"https:\/\/vinodeli.ee\/en\/wp-json\/wp\/v2\/product_tag?post=65143"}],"curies":[{"name":"wp","href":"https:\/\/api.w.org\/{rel}","templated":true}]}}