{"id":65715,"date":"2024-09-14T17:02:45","date_gmt":"2024-09-14T14:02:45","guid":{"rendered":"https:\/\/vinodeli.ee\/?post_type=product&#038;p=65715"},"modified":"2025-10-19T12:03:05","modified_gmt":"2025-10-19T09:03:05","slug":"veguin-murua","status":"publish","type":"product","link":"https:\/\/vinodeli.ee\/en\/product\/veguin-murua\/","title":{"rendered":"Veguin de Murua Gran Reserva DOCa Rioja 2016 15.5% vol. 0.75l"},"content":{"rendered":"<blockquote>\n<h5>Murua sits on a small hill just outside the town of Elciego, an area historically dedicated to crafting top quality estate wines. The vineyards are divided into 8 plots, mainly planted with red grape varietals (Tempranillo, Grenache, Graciano and Mazuelo). In order to achieve the best possible expression of the different soils in the estate, special attention is paid to factors such as soil composition and structure, and the orientation and sun exposure of the grape clusters.<\/h5>\n<\/blockquote>\n<h3>Winemaking<\/h3>\n<p>The grapes used to make Vegu\u00edn de Murua wine have been selected from very old vines, some of which are almost a hundred years old, located at the foot of the Sierra de Tolo\u00f1o mountain range, in the best estates of Bodegas Murua. This particularity limits production to 2,500 kg\/ha. The grapes are harvested by hand by professionals who select the best bunches and then, in the winery itself, finish the process on the sorting table.<\/p>\n<p>Alcoholic fermentation began spontaneously, without any intervention, with total respect for the raw material. The fermentation and maceration processes lasted twenty days. Malolactic fermentation was then carried out on the lees in 8,900-litre French oak vats. During the following 25 months, the wine was aged in new 225-litre French and American oak barrels. Subsequently, the wine was gently clarified and minimally filtered before bottling. The rest of the ageing process took place in the bottle itself, in the cellar&#8217;s underground cellars, in the total absence of light and vibrations, waiting for the wine to reach its full potential.<\/p>\n<h3>Tasting notes<\/h3>\n<p>Intense, bright garnet colour. Intense nose, with aromas of dried grass, dried tomato, mint, spices and pleasant balsamic notes. At first, the aromas are complex and ripe, allowing us to sense the power of the wine, but without being able to clearly decipher the details of the aromatic composition. It is only after some time that the aromas become discernible, one by one. The entry is fluid. The character and harmony of the 2015 vintage is perceptible. We can appreciate the important aromatic panel of the Tempranillo and Graciano varieties and the oak from the barrel. This wine has a good volume and a great balance. After some time in the glass we discover the \u2018bouquet\u2019 going through fruity aromas, cinnamon, clove, peach stone, toasted almond, mint and spicy notes.<\/p>\n<h3>Food pairing<\/h3>\n<p>Suitable for accompanying meat and game dishes with elaborate sauces. We recommend decanting and drinking it unhurriedly, allowing it to oxygenate in the glass so that it develops its full aromatic and gustatory potential.<\/p>\n","protected":false},"excerpt":{"rendered":"<div class=\"product_summary_middle\">\n<div class=\"woocommerce-product-details__short-description\">\n<blockquote>\n<h4>Grape variety:100% Tempranillo<\/h4>\n<ul>\n<li>Gu\u00eda Pe\u00f1\u00edn &#8211; 91 points (2020, vintage 2017; 2022, vintage 2019<\/li>\n<li>Decanter World Wine Awards (2019 vintage) &#8211; 90 pointsTim Atkin &#8211; Master of Wine (2019 vintage) &#8211; 89 points<\/li>\n<\/ul>\n<\/blockquote>\n<\/div>\n<\/div>\n","protected":false},"featured_media":65718,"template":"","meta":{"_acf_changed":false},"product_brand":[],"product_cat":[19462],"product_tag":[],"class_list":{"0":"post-65715","1":"product","2":"type-product","3":"status-publish","4":"has-post-thumbnail","6":"product_cat-red-wine","8":"first","9":"instock","10":"taxable","11":"shipping-taxable","12":"purchasable","13":"product-type-simple"},"acf":[],"yoast_head":"<!-- This site is optimized with the Yoast SEO plugin v25.7 - https:\/\/yoast.com\/wordpress\/plugins\/seo\/ -->\n<title>Veguin de Murua Gran Reserva DOCa Rioja 2016 15.5% vol. 0.75l - Vinodeli<\/title>\n<meta name=\"robots\" content=\"index, follow, max-snippet:-1, max-image-preview:large, max-video-preview:-1\" \/>\n<link rel=\"canonical\" href=\"https:\/\/vinodeli.ee\/en\/product\/veguin-murua\/\" \/>\n<meta property=\"og:locale\" content=\"en_US\" \/>\n<meta property=\"og:type\" content=\"article\" \/>\n<meta property=\"og:title\" content=\"Veguin de Murua Gran Reserva DOCa Rioja 2016 15.5% vol. 0.75l - Vinodeli\" \/>\n<meta property=\"og:description\" content=\"Grape variety:100% Tempranillo   Gu\u00eda Pe\u00f1\u00edn - 91 points (2020, vintage 2017; 2022, vintage 2019  Decanter World Wine Awards (2019 vintage) - 90 pointsTim Atkin - Master of Wine (2019 vintage) - 89 points\" \/>\n<meta property=\"og:url\" content=\"https:\/\/vinodeli.ee\/en\/product\/veguin-murua\/\" \/>\n<meta property=\"og:site_name\" content=\"Vinodeli\" \/>\n<meta property=\"article:modified_time\" content=\"2025-10-19T09:03:05+00:00\" \/>\n<meta property=\"og:image\" content=\"https:\/\/vinodeli.ee\/wp-content\/uploads\/2024\/09\/veguin-de-murua.jpg\" \/>\n\t<meta property=\"og:image:width\" content=\"1200\" \/>\n\t<meta property=\"og:image:height\" content=\"1200\" \/>\n\t<meta property=\"og:image:type\" content=\"image\/jpeg\" \/>\n<meta name=\"twitter:card\" content=\"summary_large_image\" \/>\n<meta name=\"twitter:label1\" content=\"Est. reading time\" \/>\n\t<meta name=\"twitter:data1\" content=\"3 minutes\" \/>\n<script type=\"application\/ld+json\" class=\"yoast-schema-graph\">{\"@context\":\"https:\/\/schema.org\",\"@graph\":[{\"@type\":\"WebPage\",\"@id\":\"https:\/\/vinodeli.ee\/en\/product\/veguin-murua\/\",\"url\":\"https:\/\/vinodeli.ee\/en\/product\/veguin-murua\/\",\"name\":\"Veguin de Murua Gran Reserva DOCa Rioja 2016 15.5% vol. 0.75l - Vinodeli\",\"isPartOf\":{\"@id\":\"https:\/\/vinodeli.ee\/#website\"},\"primaryImageOfPage\":{\"@id\":\"https:\/\/vinodeli.ee\/en\/product\/veguin-murua\/#primaryimage\"},\"image\":{\"@id\":\"https:\/\/vinodeli.ee\/en\/product\/veguin-murua\/#primaryimage\"},\"thumbnailUrl\":\"https:\/\/vinodeli.ee\/wp-content\/uploads\/2024\/09\/veguin-de-murua.jpg\",\"datePublished\":\"2024-09-14T14:02:45+00:00\",\"dateModified\":\"2025-10-19T09:03:05+00:00\",\"breadcrumb\":{\"@id\":\"https:\/\/vinodeli.ee\/en\/product\/veguin-murua\/#breadcrumb\"},\"inLanguage\":\"en-US\",\"potentialAction\":[{\"@type\":\"ReadAction\",\"target\":[\"https:\/\/vinodeli.ee\/en\/product\/veguin-murua\/\"]}]},{\"@type\":\"ImageObject\",\"inLanguage\":\"en-US\",\"@id\":\"https:\/\/vinodeli.ee\/en\/product\/veguin-murua\/#primaryimage\",\"url\":\"https:\/\/vinodeli.ee\/wp-content\/uploads\/2024\/09\/veguin-de-murua.jpg\",\"contentUrl\":\"https:\/\/vinodeli.ee\/wp-content\/uploads\/2024\/09\/veguin-de-murua.jpg\",\"width\":1200,\"height\":1200},{\"@type\":\"BreadcrumbList\",\"@id\":\"https:\/\/vinodeli.ee\/en\/product\/veguin-murua\/#breadcrumb\",\"itemListElement\":[{\"@type\":\"ListItem\",\"position\":1,\"name\":\"Home\",\"item\":\"https:\/\/vinodeli.ee\/en\/\"},{\"@type\":\"ListItem\",\"position\":2,\"name\":\"Shop\",\"item\":\"https:\/\/vinodeli.ee\/pood\/\"},{\"@type\":\"ListItem\",\"position\":3,\"name\":\"Veguin de Murua Gran Reserva DOCa Rioja 2016 15.5% vol. 0.75l\"}]},{\"@type\":\"WebSite\",\"@id\":\"https:\/\/vinodeli.ee\/#website\",\"url\":\"https:\/\/vinodeli.ee\/\",\"name\":\"Vinodeli\",\"description\":\"\",\"publisher\":{\"@id\":\"https:\/\/vinodeli.ee\/#organization\"},\"potentialAction\":[{\"@type\":\"SearchAction\",\"target\":{\"@type\":\"EntryPoint\",\"urlTemplate\":\"https:\/\/vinodeli.ee\/?s={search_term_string}\"},\"query-input\":{\"@type\":\"PropertyValueSpecification\",\"valueRequired\":true,\"valueName\":\"search_term_string\"}}],\"inLanguage\":\"en-US\"},{\"@type\":\"Organization\",\"@id\":\"https:\/\/vinodeli.ee\/#organization\",\"name\":\"Vinodeli O\u00dc\",\"url\":\"https:\/\/vinodeli.ee\/\",\"logo\":{\"@type\":\"ImageObject\",\"inLanguage\":\"en-US\",\"@id\":\"https:\/\/vinodeli.ee\/#\/schema\/logo\/image\/\",\"url\":\"https:\/\/vinodeli.ee\/wp-content\/uploads\/2024\/02\/logo-winodeli-1.png\",\"contentUrl\":\"https:\/\/vinodeli.ee\/wp-content\/uploads\/2024\/02\/logo-winodeli-1.png\",\"width\":1500,\"height\":1150,\"caption\":\"Vinodeli O\u00dc\"},\"image\":{\"@id\":\"https:\/\/vinodeli.ee\/#\/schema\/logo\/image\/\"}}]}<\/script>\n<!-- \/ Yoast SEO plugin. -->","yoast_head_json":{"title":"Veguin de Murua Gran Reserva DOCa Rioja 2016 15.5% vol. 0.75l - Vinodeli","robots":{"index":"index","follow":"follow","max-snippet":"max-snippet:-1","max-image-preview":"max-image-preview:large","max-video-preview":"max-video-preview:-1"},"canonical":"https:\/\/vinodeli.ee\/en\/product\/veguin-murua\/","og_locale":"en_US","og_type":"article","og_title":"Veguin de Murua Gran Reserva DOCa Rioja 2016 15.5% vol. 0.75l - Vinodeli","og_description":"Grape variety:100% Tempranillo   Gu\u00eda Pe\u00f1\u00edn - 91 points (2020, vintage 2017; 2022, vintage 2019  Decanter World Wine Awards (2019 vintage) - 90 pointsTim Atkin - Master of Wine (2019 vintage) - 89 points","og_url":"https:\/\/vinodeli.ee\/en\/product\/veguin-murua\/","og_site_name":"Vinodeli","article_modified_time":"2025-10-19T09:03:05+00:00","og_image":[{"width":1200,"height":1200,"url":"https:\/\/vinodeli.ee\/wp-content\/uploads\/2024\/09\/veguin-de-murua.jpg","type":"image\/jpeg"}],"twitter_card":"summary_large_image","twitter_misc":{"Est. reading time":"3 minutes"},"schema":{"@context":"https:\/\/schema.org","@graph":[{"@type":"WebPage","@id":"https:\/\/vinodeli.ee\/en\/product\/veguin-murua\/","url":"https:\/\/vinodeli.ee\/en\/product\/veguin-murua\/","name":"Veguin de Murua Gran Reserva DOCa Rioja 2016 15.5% vol. 0.75l - Vinodeli","isPartOf":{"@id":"https:\/\/vinodeli.ee\/#website"},"primaryImageOfPage":{"@id":"https:\/\/vinodeli.ee\/en\/product\/veguin-murua\/#primaryimage"},"image":{"@id":"https:\/\/vinodeli.ee\/en\/product\/veguin-murua\/#primaryimage"},"thumbnailUrl":"https:\/\/vinodeli.ee\/wp-content\/uploads\/2024\/09\/veguin-de-murua.jpg","datePublished":"2024-09-14T14:02:45+00:00","dateModified":"2025-10-19T09:03:05+00:00","breadcrumb":{"@id":"https:\/\/vinodeli.ee\/en\/product\/veguin-murua\/#breadcrumb"},"inLanguage":"en-US","potentialAction":[{"@type":"ReadAction","target":["https:\/\/vinodeli.ee\/en\/product\/veguin-murua\/"]}]},{"@type":"ImageObject","inLanguage":"en-US","@id":"https:\/\/vinodeli.ee\/en\/product\/veguin-murua\/#primaryimage","url":"https:\/\/vinodeli.ee\/wp-content\/uploads\/2024\/09\/veguin-de-murua.jpg","contentUrl":"https:\/\/vinodeli.ee\/wp-content\/uploads\/2024\/09\/veguin-de-murua.jpg","width":1200,"height":1200},{"@type":"BreadcrumbList","@id":"https:\/\/vinodeli.ee\/en\/product\/veguin-murua\/#breadcrumb","itemListElement":[{"@type":"ListItem","position":1,"name":"Home","item":"https:\/\/vinodeli.ee\/en\/"},{"@type":"ListItem","position":2,"name":"Shop","item":"https:\/\/vinodeli.ee\/pood\/"},{"@type":"ListItem","position":3,"name":"Veguin de Murua Gran Reserva DOCa Rioja 2016 15.5% vol. 0.75l"}]},{"@type":"WebSite","@id":"https:\/\/vinodeli.ee\/#website","url":"https:\/\/vinodeli.ee\/","name":"Vinodeli","description":"","publisher":{"@id":"https:\/\/vinodeli.ee\/#organization"},"potentialAction":[{"@type":"SearchAction","target":{"@type":"EntryPoint","urlTemplate":"https:\/\/vinodeli.ee\/?s={search_term_string}"},"query-input":{"@type":"PropertyValueSpecification","valueRequired":true,"valueName":"search_term_string"}}],"inLanguage":"en-US"},{"@type":"Organization","@id":"https:\/\/vinodeli.ee\/#organization","name":"Vinodeli O\u00dc","url":"https:\/\/vinodeli.ee\/","logo":{"@type":"ImageObject","inLanguage":"en-US","@id":"https:\/\/vinodeli.ee\/#\/schema\/logo\/image\/","url":"https:\/\/vinodeli.ee\/wp-content\/uploads\/2024\/02\/logo-winodeli-1.png","contentUrl":"https:\/\/vinodeli.ee\/wp-content\/uploads\/2024\/02\/logo-winodeli-1.png","width":1500,"height":1150,"caption":"Vinodeli O\u00dc"},"image":{"@id":"https:\/\/vinodeli.ee\/#\/schema\/logo\/image\/"}}]}},"_links":{"self":[{"href":"https:\/\/vinodeli.ee\/en\/wp-json\/wp\/v2\/product\/65715","targetHints":{"allow":["GET"]}}],"collection":[{"href":"https:\/\/vinodeli.ee\/en\/wp-json\/wp\/v2\/product"}],"about":[{"href":"https:\/\/vinodeli.ee\/en\/wp-json\/wp\/v2\/types\/product"}],"version-history":[{"count":0,"href":"https:\/\/vinodeli.ee\/en\/wp-json\/wp\/v2\/product\/65715\/revisions"}],"wp:featuredmedia":[{"embeddable":true,"href":"https:\/\/vinodeli.ee\/en\/wp-json\/wp\/v2\/media\/65718"}],"wp:attachment":[{"href":"https:\/\/vinodeli.ee\/en\/wp-json\/wp\/v2\/media?parent=65715"}],"wp:term":[{"taxonomy":"product_brand","embeddable":true,"href":"https:\/\/vinodeli.ee\/en\/wp-json\/wp\/v2\/product_brand?post=65715"},{"taxonomy":"product_cat","embeddable":true,"href":"https:\/\/vinodeli.ee\/en\/wp-json\/wp\/v2\/product_cat?post=65715"},{"taxonomy":"product_tag","embeddable":true,"href":"https:\/\/vinodeli.ee\/en\/wp-json\/wp\/v2\/product_tag?post=65715"}],"curies":[{"name":"wp","href":"https:\/\/api.w.org\/{rel}","templated":true}]}}