{"id":66413,"date":"2024-10-18T14:53:52","date_gmt":"2024-10-18T11:53:52","guid":{"rendered":"https:\/\/vinodeli.ee\/?post_type=product&#038;p=66413"},"modified":"2024-10-18T14:59:21","modified_gmt":"2024-10-18T11:59:21","slug":"chateau-lalande-de-pez-saint-estephe-2020-13-075l","status":"publish","type":"product","link":"https:\/\/vinodeli.ee\/en\/product\/chateau-lalande-de-pez-saint-estephe-2020-13-075l\/","title":{"rendered":"Chateau Lalande De Pez Saint-Estephe 2020 13% 0,75l"},"content":{"rendered":"<blockquote>\n<h5>Ch\u00e2teau Lalande de Pez is located in the prestigious Saint-Est\u00e8phe appellation in the northern M\u00e9doc region of Bordeaux. The estate benefits from the gravelly clay soils characteristic of Saint-Est\u00e8phe, which provide excellent drainage and are ideal for growing Cabernet Sauvignon, Merlot, and other classic Bordeaux varieties. The vineyard practices traditional viticulture while integrating modern techniques to enhance the quality of their wines. Ch\u00e2teau Lalande de Pez is known for producing elegant and structured wines that express the unique terroir of Saint-Est\u00e8phe, with a focus on balance and complexity.   <\/h5>\n<\/blockquote>\n<h3>Wine description<\/h3>\n<p>The Ch\u00e2teau Lalande de Pez Saint-Est\u00e8phe 2020 is an elegant red wine with a deep ruby color. It opens with aromas of ripe black fruits, blackcurrant, and cherry, complemented by subtle notes of oak, tobacco, and spices. On the palate, the wine is full-bodied and well-structured, with fine tannins and balanced acidity. The long and expressive finish makes this wine an excellent pairing with red meats and aged cheeses.   <\/p>\n","protected":false},"excerpt":{"rendered":"<blockquote>\n<h4>Viinamarjasordid:60% Merlot, 30% Cabernet Sauvignon, 5% Cabernet -Franc ja 5% Petit Verdot<\/h4>\n<\/blockquote>\n","protected":false},"featured_media":66420,"template":"","meta":{"_acf_changed":false},"product_brand":[],"product_cat":[19462],"product_tag":[],"class_list":{"0":"post-66413","1":"product","2":"type-product","3":"status-publish","4":"has-post-thumbnail","6":"product_cat-red-wine","8":"first","9":"instock","10":"downloadable","11":"taxable","12":"shipping-taxable","13":"purchasable","14":"product-type-simple"},"acf":[],"yoast_head":"<!-- This site is optimized with the Yoast SEO plugin v25.7 - https:\/\/yoast.com\/wordpress\/plugins\/seo\/ -->\n<title>Chateau Lalande De Pez Saint-Estephe 2020 13% 0,75l - Vinodeli<\/title>\n<meta name=\"robots\" content=\"index, follow, max-snippet:-1, max-image-preview:large, max-video-preview:-1\" \/>\n<link rel=\"canonical\" href=\"https:\/\/vinodeli.ee\/en\/product\/chateau-lalande-de-pez-saint-estephe-2020-13-075l\/\" \/>\n<meta property=\"og:locale\" content=\"en_US\" \/>\n<meta property=\"og:type\" content=\"article\" \/>\n<meta property=\"og:title\" content=\"Chateau Lalande De Pez Saint-Estephe 2020 13% 0,75l - Vinodeli\" \/>\n<meta property=\"og:description\" content=\"Viinamarjasordid:60% Merlot, 30% Cabernet Sauvignon, 5% Cabernet -Franc ja 5% Petit Verdot\" \/>\n<meta property=\"og:url\" content=\"https:\/\/vinodeli.ee\/en\/product\/chateau-lalande-de-pez-saint-estephe-2020-13-075l\/\" \/>\n<meta property=\"og:site_name\" content=\"Vinodeli\" \/>\n<meta property=\"article:modified_time\" content=\"2024-10-18T11:59:21+00:00\" \/>\n<meta property=\"og:image\" content=\"https:\/\/vinodeli.ee\/wp-content\/uploads\/2024\/10\/chateau-puy-rigaud-montagne-saint-emilion-182584170.jpg\" \/>\n\t<meta property=\"og:image:width\" content=\"1900\" \/>\n\t<meta property=\"og:image:height\" content=\"1900\" \/>\n\t<meta property=\"og:image:type\" content=\"image\/jpeg\" \/>\n<meta name=\"twitter:card\" content=\"summary_large_image\" \/>\n<meta name=\"twitter:label1\" content=\"Est. reading time\" \/>\n\t<meta name=\"twitter:data1\" content=\"1 minute\" \/>\n<script type=\"application\/ld+json\" class=\"yoast-schema-graph\">{\"@context\":\"https:\/\/schema.org\",\"@graph\":[{\"@type\":\"WebPage\",\"@id\":\"https:\/\/vinodeli.ee\/en\/product\/chateau-lalande-de-pez-saint-estephe-2020-13-075l\/\",\"url\":\"https:\/\/vinodeli.ee\/en\/product\/chateau-lalande-de-pez-saint-estephe-2020-13-075l\/\",\"name\":\"Chateau Lalande De Pez Saint-Estephe 2020 13% 0,75l - Vinodeli\",\"isPartOf\":{\"@id\":\"https:\/\/vinodeli.ee\/#website\"},\"primaryImageOfPage\":{\"@id\":\"https:\/\/vinodeli.ee\/en\/product\/chateau-lalande-de-pez-saint-estephe-2020-13-075l\/#primaryimage\"},\"image\":{\"@id\":\"https:\/\/vinodeli.ee\/en\/product\/chateau-lalande-de-pez-saint-estephe-2020-13-075l\/#primaryimage\"},\"thumbnailUrl\":\"https:\/\/vinodeli.ee\/wp-content\/uploads\/2024\/10\/chateau-lalande-de-pez-saint-estephe-2020-1683210349.jpg\",\"datePublished\":\"2024-10-18T11:53:52+00:00\",\"dateModified\":\"2024-10-18T11:59:21+00:00\",\"breadcrumb\":{\"@id\":\"https:\/\/vinodeli.ee\/en\/product\/chateau-lalande-de-pez-saint-estephe-2020-13-075l\/#breadcrumb\"},\"inLanguage\":\"en-US\",\"potentialAction\":[{\"@type\":\"ReadAction\",\"target\":[\"https:\/\/vinodeli.ee\/en\/product\/chateau-lalande-de-pez-saint-estephe-2020-13-075l\/\"]}]},{\"@type\":\"ImageObject\",\"inLanguage\":\"en-US\",\"@id\":\"https:\/\/vinodeli.ee\/en\/product\/chateau-lalande-de-pez-saint-estephe-2020-13-075l\/#primaryimage\",\"url\":\"https:\/\/vinodeli.ee\/wp-content\/uploads\/2024\/10\/chateau-lalande-de-pez-saint-estephe-2020-1683210349.jpg\",\"contentUrl\":\"https:\/\/vinodeli.ee\/wp-content\/uploads\/2024\/10\/chateau-lalande-de-pez-saint-estephe-2020-1683210349.jpg\",\"width\":1900,\"height\":1900},{\"@type\":\"BreadcrumbList\",\"@id\":\"https:\/\/vinodeli.ee\/en\/product\/chateau-lalande-de-pez-saint-estephe-2020-13-075l\/#breadcrumb\",\"itemListElement\":[{\"@type\":\"ListItem\",\"position\":1,\"name\":\"Home\",\"item\":\"https:\/\/vinodeli.ee\/en\/\"},{\"@type\":\"ListItem\",\"position\":2,\"name\":\"Shop\",\"item\":\"https:\/\/vinodeli.ee\/pood\/\"},{\"@type\":\"ListItem\",\"position\":3,\"name\":\"Chateau Lalande De Pez Saint-Estephe 2020 13% 0,75l\"}]},{\"@type\":\"WebSite\",\"@id\":\"https:\/\/vinodeli.ee\/#website\",\"url\":\"https:\/\/vinodeli.ee\/\",\"name\":\"Vinodeli\",\"description\":\"\",\"publisher\":{\"@id\":\"https:\/\/vinodeli.ee\/#organization\"},\"potentialAction\":[{\"@type\":\"SearchAction\",\"target\":{\"@type\":\"EntryPoint\",\"urlTemplate\":\"https:\/\/vinodeli.ee\/?s={search_term_string}\"},\"query-input\":{\"@type\":\"PropertyValueSpecification\",\"valueRequired\":true,\"valueName\":\"search_term_string\"}}],\"inLanguage\":\"en-US\"},{\"@type\":\"Organization\",\"@id\":\"https:\/\/vinodeli.ee\/#organization\",\"name\":\"Vinodeli O\u00dc\",\"url\":\"https:\/\/vinodeli.ee\/\",\"logo\":{\"@type\":\"ImageObject\",\"inLanguage\":\"en-US\",\"@id\":\"https:\/\/vinodeli.ee\/#\/schema\/logo\/image\/\",\"url\":\"https:\/\/vinodeli.ee\/wp-content\/uploads\/2024\/02\/logo-winodeli-1.png\",\"contentUrl\":\"https:\/\/vinodeli.ee\/wp-content\/uploads\/2024\/02\/logo-winodeli-1.png\",\"width\":1500,\"height\":1150,\"caption\":\"Vinodeli O\u00dc\"},\"image\":{\"@id\":\"https:\/\/vinodeli.ee\/#\/schema\/logo\/image\/\"}}]}<\/script>\n<!-- \/ Yoast SEO plugin. -->","yoast_head_json":{"title":"Chateau Lalande De Pez Saint-Estephe 2020 13% 0,75l - Vinodeli","robots":{"index":"index","follow":"follow","max-snippet":"max-snippet:-1","max-image-preview":"max-image-preview:large","max-video-preview":"max-video-preview:-1"},"canonical":"https:\/\/vinodeli.ee\/en\/product\/chateau-lalande-de-pez-saint-estephe-2020-13-075l\/","og_locale":"en_US","og_type":"article","og_title":"Chateau Lalande De Pez Saint-Estephe 2020 13% 0,75l - Vinodeli","og_description":"Viinamarjasordid:60% Merlot, 30% Cabernet Sauvignon, 5% Cabernet -Franc ja 5% Petit Verdot","og_url":"https:\/\/vinodeli.ee\/en\/product\/chateau-lalande-de-pez-saint-estephe-2020-13-075l\/","og_site_name":"Vinodeli","article_modified_time":"2024-10-18T11:59:21+00:00","og_image":[{"width":1900,"height":1900,"url":"https:\/\/vinodeli.ee\/wp-content\/uploads\/2024\/10\/chateau-puy-rigaud-montagne-saint-emilion-182584170.jpg","type":"image\/jpeg"}],"twitter_card":"summary_large_image","twitter_misc":{"Est. reading time":"1 minute"},"schema":{"@context":"https:\/\/schema.org","@graph":[{"@type":"WebPage","@id":"https:\/\/vinodeli.ee\/en\/product\/chateau-lalande-de-pez-saint-estephe-2020-13-075l\/","url":"https:\/\/vinodeli.ee\/en\/product\/chateau-lalande-de-pez-saint-estephe-2020-13-075l\/","name":"Chateau Lalande De Pez Saint-Estephe 2020 13% 0,75l - Vinodeli","isPartOf":{"@id":"https:\/\/vinodeli.ee\/#website"},"primaryImageOfPage":{"@id":"https:\/\/vinodeli.ee\/en\/product\/chateau-lalande-de-pez-saint-estephe-2020-13-075l\/#primaryimage"},"image":{"@id":"https:\/\/vinodeli.ee\/en\/product\/chateau-lalande-de-pez-saint-estephe-2020-13-075l\/#primaryimage"},"thumbnailUrl":"https:\/\/vinodeli.ee\/wp-content\/uploads\/2024\/10\/chateau-lalande-de-pez-saint-estephe-2020-1683210349.jpg","datePublished":"2024-10-18T11:53:52+00:00","dateModified":"2024-10-18T11:59:21+00:00","breadcrumb":{"@id":"https:\/\/vinodeli.ee\/en\/product\/chateau-lalande-de-pez-saint-estephe-2020-13-075l\/#breadcrumb"},"inLanguage":"en-US","potentialAction":[{"@type":"ReadAction","target":["https:\/\/vinodeli.ee\/en\/product\/chateau-lalande-de-pez-saint-estephe-2020-13-075l\/"]}]},{"@type":"ImageObject","inLanguage":"en-US","@id":"https:\/\/vinodeli.ee\/en\/product\/chateau-lalande-de-pez-saint-estephe-2020-13-075l\/#primaryimage","url":"https:\/\/vinodeli.ee\/wp-content\/uploads\/2024\/10\/chateau-lalande-de-pez-saint-estephe-2020-1683210349.jpg","contentUrl":"https:\/\/vinodeli.ee\/wp-content\/uploads\/2024\/10\/chateau-lalande-de-pez-saint-estephe-2020-1683210349.jpg","width":1900,"height":1900},{"@type":"BreadcrumbList","@id":"https:\/\/vinodeli.ee\/en\/product\/chateau-lalande-de-pez-saint-estephe-2020-13-075l\/#breadcrumb","itemListElement":[{"@type":"ListItem","position":1,"name":"Home","item":"https:\/\/vinodeli.ee\/en\/"},{"@type":"ListItem","position":2,"name":"Shop","item":"https:\/\/vinodeli.ee\/pood\/"},{"@type":"ListItem","position":3,"name":"Chateau Lalande De Pez Saint-Estephe 2020 13% 0,75l"}]},{"@type":"WebSite","@id":"https:\/\/vinodeli.ee\/#website","url":"https:\/\/vinodeli.ee\/","name":"Vinodeli","description":"","publisher":{"@id":"https:\/\/vinodeli.ee\/#organization"},"potentialAction":[{"@type":"SearchAction","target":{"@type":"EntryPoint","urlTemplate":"https:\/\/vinodeli.ee\/?s={search_term_string}"},"query-input":{"@type":"PropertyValueSpecification","valueRequired":true,"valueName":"search_term_string"}}],"inLanguage":"en-US"},{"@type":"Organization","@id":"https:\/\/vinodeli.ee\/#organization","name":"Vinodeli O\u00dc","url":"https:\/\/vinodeli.ee\/","logo":{"@type":"ImageObject","inLanguage":"en-US","@id":"https:\/\/vinodeli.ee\/#\/schema\/logo\/image\/","url":"https:\/\/vinodeli.ee\/wp-content\/uploads\/2024\/02\/logo-winodeli-1.png","contentUrl":"https:\/\/vinodeli.ee\/wp-content\/uploads\/2024\/02\/logo-winodeli-1.png","width":1500,"height":1150,"caption":"Vinodeli O\u00dc"},"image":{"@id":"https:\/\/vinodeli.ee\/#\/schema\/logo\/image\/"}}]}},"_links":{"self":[{"href":"https:\/\/vinodeli.ee\/en\/wp-json\/wp\/v2\/product\/66413","targetHints":{"allow":["GET"]}}],"collection":[{"href":"https:\/\/vinodeli.ee\/en\/wp-json\/wp\/v2\/product"}],"about":[{"href":"https:\/\/vinodeli.ee\/en\/wp-json\/wp\/v2\/types\/product"}],"version-history":[{"count":0,"href":"https:\/\/vinodeli.ee\/en\/wp-json\/wp\/v2\/product\/66413\/revisions"}],"wp:featuredmedia":[{"embeddable":true,"href":"https:\/\/vinodeli.ee\/en\/wp-json\/wp\/v2\/media\/66420"}],"wp:attachment":[{"href":"https:\/\/vinodeli.ee\/en\/wp-json\/wp\/v2\/media?parent=66413"}],"wp:term":[{"taxonomy":"product_brand","embeddable":true,"href":"https:\/\/vinodeli.ee\/en\/wp-json\/wp\/v2\/product_brand?post=66413"},{"taxonomy":"product_cat","embeddable":true,"href":"https:\/\/vinodeli.ee\/en\/wp-json\/wp\/v2\/product_cat?post=66413"},{"taxonomy":"product_tag","embeddable":true,"href":"https:\/\/vinodeli.ee\/en\/wp-json\/wp\/v2\/product_tag?post=66413"}],"curies":[{"name":"wp","href":"https:\/\/api.w.org\/{rel}","templated":true}]}}