{"id":66441,"date":"2024-10-18T15:34:43","date_gmt":"2024-10-18T12:34:43","guid":{"rendered":"https:\/\/vinodeli.ee\/?post_type=product&#038;p=66441"},"modified":"2024-10-18T15:37:16","modified_gmt":"2024-10-18T12:37:16","slug":"chateau-des-maures-lalande-de-pomerol-2021-125-15l","status":"publish","type":"product","link":"https:\/\/vinodeli.ee\/en\/product\/chateau-des-maures-lalande-de-pomerol-2021-125-15l\/","title":{"rendered":"Chateau des Maures Lalande De Pomerol 2021 12,5% 1,5l"},"content":{"rendered":"<blockquote>\n<h5>Ch\u00e2teau des Maures is situated in the renowned Lalande-de-Pomerol appellation, just north of the famous Pomerol region in Bordeaux. The estate focuses on producing high-quality right-bank Bordeaux wines, primarily from Merlot, which thrives in the clay-rich soils of the area. The unique terroir of Lalande-de-Pomerol contributes to the structure and complexity of the wines. The winery combines traditional viticulture with modern winemaking techniques to ensure the best quality for each vintage.   <\/h5>\n<\/blockquote>\n<h3>Wine description<\/h3>\n<p>Ch\u00e2teau des Maures Lalande-de-Pomerol 2021 on elegantne punane vein, valmistatud peamiselt Merlot&#8217; viinamarjadest, koos v\u00e4ikese koguse Cabernet Franc&#8217;iga. Veinil on s\u00fcgav rubiinpunane v\u00e4rvus ja see pakub k\u00fcpsete mustade marjade ja kirsside aroomi, mida t\u00e4iendavad tubaka ja v\u00fcrtside \u00f5rnad noodid. Maitse on keskmiselt t\u00e4idlane, pehmete tanniinidega ja h\u00e4sti tasakaalustatud happesusega. Pikk j\u00e4relmaitse koos tumedate puuviljan\u00fcansside ja tamme puudutusega teeb sellest suurep\u00e4rase kaaslase punasele lihale ja laagerdunud juustudele.   <\/p>\n","protected":false},"excerpt":{"rendered":"<blockquote>\n<h4>Viinamarjasordid:60% Merlot, 30% Cabernet Sauvignon, 5% Cabernet -Franc ja 5% Petit Verdot<\/h4>\n<\/blockquote>\n","protected":false},"featured_media":66435,"template":"","meta":{"_acf_changed":false},"product_brand":[],"product_cat":[19462],"product_tag":[],"class_list":{"0":"post-66441","1":"product","2":"type-product","3":"status-publish","4":"has-post-thumbnail","6":"product_cat-red-wine","8":"first","9":"instock","10":"taxable","11":"shipping-taxable","12":"purchasable","13":"product-type-simple"},"acf":[],"yoast_head":"<!-- This site is optimized with the Yoast SEO plugin v27.6 - https:\/\/yoast.com\/product\/yoast-seo-wordpress\/ -->\n<title>Chateau des Maures Lalande De Pomerol 2021 12,5% 1,5l - Vinodeli<\/title>\n<meta name=\"robots\" content=\"index, follow, max-snippet:-1, max-image-preview:large, max-video-preview:-1\" \/>\n<link rel=\"canonical\" href=\"https:\/\/vinodeli.ee\/en\/product\/chateau-des-maures-lalande-de-pomerol-2021-125-15l\/\" \/>\n<meta property=\"og:locale\" content=\"en_US\" \/>\n<meta property=\"og:type\" content=\"article\" \/>\n<meta property=\"og:title\" content=\"Chateau des Maures Lalande De Pomerol 2021 12,5% 1,5l - Vinodeli\" \/>\n<meta property=\"og:description\" content=\"Viinamarjasordid:60% Merlot, 30% Cabernet Sauvignon, 5% Cabernet -Franc ja 5% Petit Verdot\" \/>\n<meta property=\"og:url\" content=\"https:\/\/vinodeli.ee\/en\/product\/chateau-des-maures-lalande-de-pomerol-2021-125-15l\/\" \/>\n<meta property=\"og:site_name\" content=\"Vinodeli\" \/>\n<meta property=\"article:modified_time\" content=\"2024-10-18T12:37:16+00:00\" \/>\n<meta property=\"og:image\" content=\"https:\/\/vinodeli.ee\/wp-content\/uploads\/2024\/10\/chateau-des-maures-chateau-des-maures-2021-lalande-3677529605.jpg\" \/>\n\t<meta property=\"og:image:width\" content=\"1900\" \/>\n\t<meta property=\"og:image:height\" content=\"1900\" \/>\n\t<meta property=\"og:image:type\" content=\"image\/jpeg\" \/>\n<meta name=\"twitter:card\" content=\"summary_large_image\" \/>\n<meta name=\"twitter:label1\" content=\"Est. reading time\" \/>\n\t<meta name=\"twitter:data1\" content=\"1 minute\" \/>\n<script type=\"application\/ld+json\" class=\"yoast-schema-graph\">{\"@context\":\"https:\\\/\\\/schema.org\",\"@graph\":[{\"@type\":\"WebPage\",\"@id\":\"https:\\\/\\\/vinodeli.ee\\\/en\\\/product\\\/chateau-des-maures-lalande-de-pomerol-2021-125-15l\\\/\",\"url\":\"https:\\\/\\\/vinodeli.ee\\\/en\\\/product\\\/chateau-des-maures-lalande-de-pomerol-2021-125-15l\\\/\",\"name\":\"Chateau des Maures Lalande De Pomerol 2021 12,5% 1,5l - Vinodeli\",\"isPartOf\":{\"@id\":\"https:\\\/\\\/vinodeli.ee\\\/#website\"},\"primaryImageOfPage\":{\"@id\":\"https:\\\/\\\/vinodeli.ee\\\/en\\\/product\\\/chateau-des-maures-lalande-de-pomerol-2021-125-15l\\\/#primaryimage\"},\"image\":{\"@id\":\"https:\\\/\\\/vinodeli.ee\\\/en\\\/product\\\/chateau-des-maures-lalande-de-pomerol-2021-125-15l\\\/#primaryimage\"},\"thumbnailUrl\":\"https:\\\/\\\/vinodeli.ee\\\/wp-content\\\/uploads\\\/2024\\\/10\\\/chateau-des-maures-chateau-des-maures-2021-lalande-3677529605.jpg\",\"datePublished\":\"2024-10-18T12:34:43+00:00\",\"dateModified\":\"2024-10-18T12:37:16+00:00\",\"breadcrumb\":{\"@id\":\"https:\\\/\\\/vinodeli.ee\\\/en\\\/product\\\/chateau-des-maures-lalande-de-pomerol-2021-125-15l\\\/#breadcrumb\"},\"inLanguage\":\"en-US\",\"potentialAction\":[{\"@type\":\"ReadAction\",\"target\":[\"https:\\\/\\\/vinodeli.ee\\\/en\\\/product\\\/chateau-des-maures-lalande-de-pomerol-2021-125-15l\\\/\"]}]},{\"@type\":\"ImageObject\",\"inLanguage\":\"en-US\",\"@id\":\"https:\\\/\\\/vinodeli.ee\\\/en\\\/product\\\/chateau-des-maures-lalande-de-pomerol-2021-125-15l\\\/#primaryimage\",\"url\":\"https:\\\/\\\/vinodeli.ee\\\/wp-content\\\/uploads\\\/2024\\\/10\\\/chateau-des-maures-chateau-des-maures-2021-lalande-3677529605.jpg\",\"contentUrl\":\"https:\\\/\\\/vinodeli.ee\\\/wp-content\\\/uploads\\\/2024\\\/10\\\/chateau-des-maures-chateau-des-maures-2021-lalande-3677529605.jpg\",\"width\":1900,\"height\":1900},{\"@type\":\"BreadcrumbList\",\"@id\":\"https:\\\/\\\/vinodeli.ee\\\/en\\\/product\\\/chateau-des-maures-lalande-de-pomerol-2021-125-15l\\\/#breadcrumb\",\"itemListElement\":[{\"@type\":\"ListItem\",\"position\":1,\"name\":\"Home\",\"item\":\"https:\\\/\\\/vinodeli.ee\\\/en\\\/\"},{\"@type\":\"ListItem\",\"position\":2,\"name\":\"Shop\",\"item\":\"https:\\\/\\\/vinodeli.ee\\\/pood\\\/\"},{\"@type\":\"ListItem\",\"position\":3,\"name\":\"Chateau des Maures Lalande De Pomerol 2021 12,5% 1,5l\"}]},{\"@type\":\"WebSite\",\"@id\":\"https:\\\/\\\/vinodeli.ee\\\/#website\",\"url\":\"https:\\\/\\\/vinodeli.ee\\\/\",\"name\":\"Vinodeli\",\"description\":\"\",\"publisher\":{\"@id\":\"https:\\\/\\\/vinodeli.ee\\\/#organization\"},\"potentialAction\":[{\"@type\":\"SearchAction\",\"target\":{\"@type\":\"EntryPoint\",\"urlTemplate\":\"https:\\\/\\\/vinodeli.ee\\\/?s={search_term_string}\"},\"query-input\":{\"@type\":\"PropertyValueSpecification\",\"valueRequired\":true,\"valueName\":\"search_term_string\"}}],\"inLanguage\":\"en-US\"},{\"@type\":\"Organization\",\"@id\":\"https:\\\/\\\/vinodeli.ee\\\/#organization\",\"name\":\"Vinodeli O\u00dc\",\"url\":\"https:\\\/\\\/vinodeli.ee\\\/\",\"logo\":{\"@type\":\"ImageObject\",\"inLanguage\":\"en-US\",\"@id\":\"https:\\\/\\\/vinodeli.ee\\\/#\\\/schema\\\/logo\\\/image\\\/\",\"url\":\"https:\\\/\\\/vinodeli.ee\\\/wp-content\\\/uploads\\\/2024\\\/02\\\/logo-winodeli-1.png\",\"contentUrl\":\"https:\\\/\\\/vinodeli.ee\\\/wp-content\\\/uploads\\\/2024\\\/02\\\/logo-winodeli-1.png\",\"width\":1500,\"height\":1150,\"caption\":\"Vinodeli O\u00dc\"},\"image\":{\"@id\":\"https:\\\/\\\/vinodeli.ee\\\/#\\\/schema\\\/logo\\\/image\\\/\"}}]}<\/script>\n<!-- \/ Yoast SEO plugin. -->","yoast_head_json":{"title":"Chateau des Maures Lalande De Pomerol 2021 12,5% 1,5l - Vinodeli","robots":{"index":"index","follow":"follow","max-snippet":"max-snippet:-1","max-image-preview":"max-image-preview:large","max-video-preview":"max-video-preview:-1"},"canonical":"https:\/\/vinodeli.ee\/en\/product\/chateau-des-maures-lalande-de-pomerol-2021-125-15l\/","og_locale":"en_US","og_type":"article","og_title":"Chateau des Maures Lalande De Pomerol 2021 12,5% 1,5l - Vinodeli","og_description":"Viinamarjasordid:60% Merlot, 30% Cabernet Sauvignon, 5% Cabernet -Franc ja 5% Petit Verdot","og_url":"https:\/\/vinodeli.ee\/en\/product\/chateau-des-maures-lalande-de-pomerol-2021-125-15l\/","og_site_name":"Vinodeli","article_modified_time":"2024-10-18T12:37:16+00:00","og_image":[{"width":1900,"height":1900,"url":"https:\/\/vinodeli.ee\/wp-content\/uploads\/2024\/10\/chateau-des-maures-chateau-des-maures-2021-lalande-3677529605.jpg","type":"image\/jpeg"}],"twitter_card":"summary_large_image","twitter_misc":{"Est. reading time":"1 minute"},"schema":{"@context":"https:\/\/schema.org","@graph":[{"@type":"WebPage","@id":"https:\/\/vinodeli.ee\/en\/product\/chateau-des-maures-lalande-de-pomerol-2021-125-15l\/","url":"https:\/\/vinodeli.ee\/en\/product\/chateau-des-maures-lalande-de-pomerol-2021-125-15l\/","name":"Chateau des Maures Lalande De Pomerol 2021 12,5% 1,5l - Vinodeli","isPartOf":{"@id":"https:\/\/vinodeli.ee\/#website"},"primaryImageOfPage":{"@id":"https:\/\/vinodeli.ee\/en\/product\/chateau-des-maures-lalande-de-pomerol-2021-125-15l\/#primaryimage"},"image":{"@id":"https:\/\/vinodeli.ee\/en\/product\/chateau-des-maures-lalande-de-pomerol-2021-125-15l\/#primaryimage"},"thumbnailUrl":"https:\/\/vinodeli.ee\/wp-content\/uploads\/2024\/10\/chateau-des-maures-chateau-des-maures-2021-lalande-3677529605.jpg","datePublished":"2024-10-18T12:34:43+00:00","dateModified":"2024-10-18T12:37:16+00:00","breadcrumb":{"@id":"https:\/\/vinodeli.ee\/en\/product\/chateau-des-maures-lalande-de-pomerol-2021-125-15l\/#breadcrumb"},"inLanguage":"en-US","potentialAction":[{"@type":"ReadAction","target":["https:\/\/vinodeli.ee\/en\/product\/chateau-des-maures-lalande-de-pomerol-2021-125-15l\/"]}]},{"@type":"ImageObject","inLanguage":"en-US","@id":"https:\/\/vinodeli.ee\/en\/product\/chateau-des-maures-lalande-de-pomerol-2021-125-15l\/#primaryimage","url":"https:\/\/vinodeli.ee\/wp-content\/uploads\/2024\/10\/chateau-des-maures-chateau-des-maures-2021-lalande-3677529605.jpg","contentUrl":"https:\/\/vinodeli.ee\/wp-content\/uploads\/2024\/10\/chateau-des-maures-chateau-des-maures-2021-lalande-3677529605.jpg","width":1900,"height":1900},{"@type":"BreadcrumbList","@id":"https:\/\/vinodeli.ee\/en\/product\/chateau-des-maures-lalande-de-pomerol-2021-125-15l\/#breadcrumb","itemListElement":[{"@type":"ListItem","position":1,"name":"Home","item":"https:\/\/vinodeli.ee\/en\/"},{"@type":"ListItem","position":2,"name":"Shop","item":"https:\/\/vinodeli.ee\/pood\/"},{"@type":"ListItem","position":3,"name":"Chateau des Maures Lalande De Pomerol 2021 12,5% 1,5l"}]},{"@type":"WebSite","@id":"https:\/\/vinodeli.ee\/#website","url":"https:\/\/vinodeli.ee\/","name":"Vinodeli","description":"","publisher":{"@id":"https:\/\/vinodeli.ee\/#organization"},"potentialAction":[{"@type":"SearchAction","target":{"@type":"EntryPoint","urlTemplate":"https:\/\/vinodeli.ee\/?s={search_term_string}"},"query-input":{"@type":"PropertyValueSpecification","valueRequired":true,"valueName":"search_term_string"}}],"inLanguage":"en-US"},{"@type":"Organization","@id":"https:\/\/vinodeli.ee\/#organization","name":"Vinodeli O\u00dc","url":"https:\/\/vinodeli.ee\/","logo":{"@type":"ImageObject","inLanguage":"en-US","@id":"https:\/\/vinodeli.ee\/#\/schema\/logo\/image\/","url":"https:\/\/vinodeli.ee\/wp-content\/uploads\/2024\/02\/logo-winodeli-1.png","contentUrl":"https:\/\/vinodeli.ee\/wp-content\/uploads\/2024\/02\/logo-winodeli-1.png","width":1500,"height":1150,"caption":"Vinodeli O\u00dc"},"image":{"@id":"https:\/\/vinodeli.ee\/#\/schema\/logo\/image\/"}}]}},"_links":{"self":[{"href":"https:\/\/vinodeli.ee\/en\/wp-json\/wp\/v2\/product\/66441","targetHints":{"allow":["GET"]}}],"collection":[{"href":"https:\/\/vinodeli.ee\/en\/wp-json\/wp\/v2\/product"}],"about":[{"href":"https:\/\/vinodeli.ee\/en\/wp-json\/wp\/v2\/types\/product"}],"version-history":[{"count":0,"href":"https:\/\/vinodeli.ee\/en\/wp-json\/wp\/v2\/product\/66441\/revisions"}],"wp:featuredmedia":[{"embeddable":true,"href":"https:\/\/vinodeli.ee\/en\/wp-json\/wp\/v2\/media\/66435"}],"wp:attachment":[{"href":"https:\/\/vinodeli.ee\/en\/wp-json\/wp\/v2\/media?parent=66441"}],"wp:term":[{"taxonomy":"product_brand","embeddable":true,"href":"https:\/\/vinodeli.ee\/en\/wp-json\/wp\/v2\/product_brand?post=66441"},{"taxonomy":"product_cat","embeddable":true,"href":"https:\/\/vinodeli.ee\/en\/wp-json\/wp\/v2\/product_cat?post=66441"},{"taxonomy":"product_tag","embeddable":true,"href":"https:\/\/vinodeli.ee\/en\/wp-json\/wp\/v2\/product_tag?post=66441"}],"curies":[{"name":"wp","href":"https:\/\/api.w.org\/{rel}","templated":true}]}}