{"id":67337,"date":"2024-12-02T10:02:52","date_gmt":"2024-12-02T08:02:52","guid":{"rendered":"https:\/\/vinodeli.ee\/?post_type=product&#038;p=67337"},"modified":"2024-12-02T10:09:07","modified_gmt":"2024-12-02T08:09:07","slug":"giftset-rumm-dark-gold-of-mauritius-40","status":"publish","type":"product","link":"https:\/\/vinodeli.ee\/en\/product\/giftset-rumm-dark-gold-of-mauritius-40\/","title":{"rendered":"Giftset Rumm Dark Gold of Mauritius 40%"},"content":{"rendered":"<blockquote>\n<h5>The Bestel family is known to have settled in Mauritius around 1800. . Originally hailing from Sedan in the Ardennes-Champagne region of France, the production of fine liqueurs is deeply rooted in the family\u2019s heritage. Following his father&#8217;s passion, who ran a small business distilling alcohol and liqueurs from sugarcane, Frederic began creating his own lychee liqueur during his studies, earning widespread acclaim.  <\/h5>\n<\/blockquote>\n<h3>Tasting notes<\/h3>\n<p>This light and smooth rum offers notes of oak, malt, and roasted nuts. Its aroma, palate, and finish are perfectly balanced. &#8220;Gold of Mauritius&#8221; captures the essence of the island. Produced in small quantities, this rum is incredibly soft and delicate.   <\/p>\n<h3>Food pairing<\/h3>\n<p>&#8220;Gold of Mauritius&#8221; is best enjoyed neat, with a touch of ice, or in classic cocktails such as Old Fashioned or Manhattan.<\/p>\n<p><em><strong>This gift set also includes Gold of Mauritius Solera 5 Dark Rum 40% vol. 5cl and Gold of Mauritius Solera 8 Dark Rum 40% vol. 5cl.  <\/strong><\/em><\/p>\n<p>&nbsp;<\/p>\n","protected":false},"excerpt":{"rendered":"<ul>\n<li>2016 IWSC International Wine &amp; Spirit Competition pronksmedal<\/li>\n<li>Top Rums de la Francophonie 2016 &#8211; kuldmedal<\/li>\n<li>Top Rums of the Indian Ocean 2015 &#8211; kuldmedal<\/li>\n<li>The Ultimate Spirits Challenge \/ USA &#8211; 91 punkti &#8220;Suurep\u00e4rane &#8211; v\u00e4ga soovitatav&#8221;<\/li>\n<li>World Spirits Award 2015 &#8211; h\u00f5bemedal<\/li>\n<li>World Spirits Award 2016 &#8211; h\u00f5bemedal<\/li>\n<li>Saksa Rummifestival 2018 &#8211; pronksmedal<\/li>\n<\/ul>\n","protected":false},"featured_media":67340,"template":"","meta":{"_acf_changed":false},"product_brand":[],"product_cat":[19464,19471],"product_tag":[],"class_list":{"0":"post-67337","1":"product","2":"type-product","3":"status-publish","4":"has-post-thumbnail","6":"product_cat-strong-alcohol","7":"product_cat-rum","9":"first","10":"instock","11":"downloadable","12":"taxable","13":"shipping-taxable","14":"purchasable","15":"product-type-simple"},"acf":[],"yoast_head":"<!-- This site is optimized with the Yoast SEO plugin v25.7 - https:\/\/yoast.com\/wordpress\/plugins\/seo\/ -->\n<title>Giftset Rumm Dark Gold of Mauritius 40% - Vinodeli<\/title>\n<meta name=\"robots\" content=\"index, follow, max-snippet:-1, max-image-preview:large, max-video-preview:-1\" \/>\n<link rel=\"canonical\" href=\"https:\/\/vinodeli.ee\/en\/product\/giftset-rumm-dark-gold-of-mauritius-40\/\" \/>\n<meta property=\"og:locale\" content=\"en_US\" \/>\n<meta property=\"og:type\" content=\"article\" \/>\n<meta property=\"og:title\" content=\"Giftset Rumm Dark Gold of Mauritius 40% - Vinodeli\" \/>\n<meta property=\"og:description\" content=\"2016 IWSC International Wine &amp; Spirit Competition pronksmedal  Top Rums de la Francophonie 2016 - kuldmedal  Top Rums of the Indian Ocean 2015 - kuldmedal  The Ultimate Spirits Challenge \/ USA - 91 punkti &quot;Suurep\u00e4rane - v\u00e4ga soovitatav&quot;  World Spirits Award 2015 - h\u00f5bemedal  World Spirits Award 2016 - h\u00f5bemedal  Saksa Rummifestival 2018 - pronksmedal\" \/>\n<meta property=\"og:url\" content=\"https:\/\/vinodeli.ee\/en\/product\/giftset-rumm-dark-gold-of-mauritius-40\/\" \/>\n<meta property=\"og:site_name\" content=\"Vinodeli\" \/>\n<meta property=\"article:modified_time\" content=\"2024-12-02T08:09:07+00:00\" \/>\n<meta property=\"og:image\" content=\"https:\/\/vinodeli.ee\/wp-content\/uploads\/2024\/12\/rum.jpg\" \/>\n\t<meta property=\"og:image:width\" content=\"1900\" \/>\n\t<meta property=\"og:image:height\" content=\"1900\" \/>\n\t<meta property=\"og:image:type\" content=\"image\/jpeg\" \/>\n<meta name=\"twitter:card\" content=\"summary_large_image\" \/>\n<meta name=\"twitter:label1\" content=\"Est. reading time\" \/>\n\t<meta name=\"twitter:data1\" content=\"1 minute\" \/>\n<script type=\"application\/ld+json\" class=\"yoast-schema-graph\">{\"@context\":\"https:\/\/schema.org\",\"@graph\":[{\"@type\":\"WebPage\",\"@id\":\"https:\/\/vinodeli.ee\/en\/product\/giftset-rumm-dark-gold-of-mauritius-40\/\",\"url\":\"https:\/\/vinodeli.ee\/en\/product\/giftset-rumm-dark-gold-of-mauritius-40\/\",\"name\":\"Giftset Rumm Dark Gold of Mauritius 40% - Vinodeli\",\"isPartOf\":{\"@id\":\"https:\/\/vinodeli.ee\/#website\"},\"primaryImageOfPage\":{\"@id\":\"https:\/\/vinodeli.ee\/en\/product\/giftset-rumm-dark-gold-of-mauritius-40\/#primaryimage\"},\"image\":{\"@id\":\"https:\/\/vinodeli.ee\/en\/product\/giftset-rumm-dark-gold-of-mauritius-40\/#primaryimage\"},\"thumbnailUrl\":\"https:\/\/vinodeli.ee\/wp-content\/uploads\/2024\/12\/rum.jpg\",\"datePublished\":\"2024-12-02T08:02:52+00:00\",\"dateModified\":\"2024-12-02T08:09:07+00:00\",\"breadcrumb\":{\"@id\":\"https:\/\/vinodeli.ee\/en\/product\/giftset-rumm-dark-gold-of-mauritius-40\/#breadcrumb\"},\"inLanguage\":\"en-US\",\"potentialAction\":[{\"@type\":\"ReadAction\",\"target\":[\"https:\/\/vinodeli.ee\/en\/product\/giftset-rumm-dark-gold-of-mauritius-40\/\"]}]},{\"@type\":\"ImageObject\",\"inLanguage\":\"en-US\",\"@id\":\"https:\/\/vinodeli.ee\/en\/product\/giftset-rumm-dark-gold-of-mauritius-40\/#primaryimage\",\"url\":\"https:\/\/vinodeli.ee\/wp-content\/uploads\/2024\/12\/rum.jpg\",\"contentUrl\":\"https:\/\/vinodeli.ee\/wp-content\/uploads\/2024\/12\/rum.jpg\",\"width\":1900,\"height\":1900},{\"@type\":\"BreadcrumbList\",\"@id\":\"https:\/\/vinodeli.ee\/en\/product\/giftset-rumm-dark-gold-of-mauritius-40\/#breadcrumb\",\"itemListElement\":[{\"@type\":\"ListItem\",\"position\":1,\"name\":\"Home\",\"item\":\"https:\/\/vinodeli.ee\/en\/\"},{\"@type\":\"ListItem\",\"position\":2,\"name\":\"Shop\",\"item\":\"https:\/\/vinodeli.ee\/pood\/\"},{\"@type\":\"ListItem\",\"position\":3,\"name\":\"Giftset Rumm Dark Gold of Mauritius 40%\"}]},{\"@type\":\"WebSite\",\"@id\":\"https:\/\/vinodeli.ee\/#website\",\"url\":\"https:\/\/vinodeli.ee\/\",\"name\":\"Vinodeli\",\"description\":\"\",\"publisher\":{\"@id\":\"https:\/\/vinodeli.ee\/#organization\"},\"potentialAction\":[{\"@type\":\"SearchAction\",\"target\":{\"@type\":\"EntryPoint\",\"urlTemplate\":\"https:\/\/vinodeli.ee\/?s={search_term_string}\"},\"query-input\":{\"@type\":\"PropertyValueSpecification\",\"valueRequired\":true,\"valueName\":\"search_term_string\"}}],\"inLanguage\":\"en-US\"},{\"@type\":\"Organization\",\"@id\":\"https:\/\/vinodeli.ee\/#organization\",\"name\":\"Vinodeli O\u00dc\",\"url\":\"https:\/\/vinodeli.ee\/\",\"logo\":{\"@type\":\"ImageObject\",\"inLanguage\":\"en-US\",\"@id\":\"https:\/\/vinodeli.ee\/#\/schema\/logo\/image\/\",\"url\":\"https:\/\/vinodeli.ee\/wp-content\/uploads\/2024\/02\/logo-winodeli-1.png\",\"contentUrl\":\"https:\/\/vinodeli.ee\/wp-content\/uploads\/2024\/02\/logo-winodeli-1.png\",\"width\":1500,\"height\":1150,\"caption\":\"Vinodeli O\u00dc\"},\"image\":{\"@id\":\"https:\/\/vinodeli.ee\/#\/schema\/logo\/image\/\"}}]}<\/script>\n<!-- \/ Yoast SEO plugin. -->","yoast_head_json":{"title":"Giftset Rumm Dark Gold of Mauritius 40% - Vinodeli","robots":{"index":"index","follow":"follow","max-snippet":"max-snippet:-1","max-image-preview":"max-image-preview:large","max-video-preview":"max-video-preview:-1"},"canonical":"https:\/\/vinodeli.ee\/en\/product\/giftset-rumm-dark-gold-of-mauritius-40\/","og_locale":"en_US","og_type":"article","og_title":"Giftset Rumm Dark Gold of Mauritius 40% - Vinodeli","og_description":"2016 IWSC International Wine &amp; Spirit Competition pronksmedal  Top Rums de la Francophonie 2016 - kuldmedal  Top Rums of the Indian Ocean 2015 - kuldmedal  The Ultimate Spirits Challenge \/ USA - 91 punkti \"Suurep\u00e4rane - v\u00e4ga soovitatav\"  World Spirits Award 2015 - h\u00f5bemedal  World Spirits Award 2016 - h\u00f5bemedal  Saksa Rummifestival 2018 - pronksmedal","og_url":"https:\/\/vinodeli.ee\/en\/product\/giftset-rumm-dark-gold-of-mauritius-40\/","og_site_name":"Vinodeli","article_modified_time":"2024-12-02T08:09:07+00:00","og_image":[{"width":1900,"height":1900,"url":"https:\/\/vinodeli.ee\/wp-content\/uploads\/2024\/12\/rum.jpg","type":"image\/jpeg"}],"twitter_card":"summary_large_image","twitter_misc":{"Est. reading time":"1 minute"},"schema":{"@context":"https:\/\/schema.org","@graph":[{"@type":"WebPage","@id":"https:\/\/vinodeli.ee\/en\/product\/giftset-rumm-dark-gold-of-mauritius-40\/","url":"https:\/\/vinodeli.ee\/en\/product\/giftset-rumm-dark-gold-of-mauritius-40\/","name":"Giftset Rumm Dark Gold of Mauritius 40% - Vinodeli","isPartOf":{"@id":"https:\/\/vinodeli.ee\/#website"},"primaryImageOfPage":{"@id":"https:\/\/vinodeli.ee\/en\/product\/giftset-rumm-dark-gold-of-mauritius-40\/#primaryimage"},"image":{"@id":"https:\/\/vinodeli.ee\/en\/product\/giftset-rumm-dark-gold-of-mauritius-40\/#primaryimage"},"thumbnailUrl":"https:\/\/vinodeli.ee\/wp-content\/uploads\/2024\/12\/rum.jpg","datePublished":"2024-12-02T08:02:52+00:00","dateModified":"2024-12-02T08:09:07+00:00","breadcrumb":{"@id":"https:\/\/vinodeli.ee\/en\/product\/giftset-rumm-dark-gold-of-mauritius-40\/#breadcrumb"},"inLanguage":"en-US","potentialAction":[{"@type":"ReadAction","target":["https:\/\/vinodeli.ee\/en\/product\/giftset-rumm-dark-gold-of-mauritius-40\/"]}]},{"@type":"ImageObject","inLanguage":"en-US","@id":"https:\/\/vinodeli.ee\/en\/product\/giftset-rumm-dark-gold-of-mauritius-40\/#primaryimage","url":"https:\/\/vinodeli.ee\/wp-content\/uploads\/2024\/12\/rum.jpg","contentUrl":"https:\/\/vinodeli.ee\/wp-content\/uploads\/2024\/12\/rum.jpg","width":1900,"height":1900},{"@type":"BreadcrumbList","@id":"https:\/\/vinodeli.ee\/en\/product\/giftset-rumm-dark-gold-of-mauritius-40\/#breadcrumb","itemListElement":[{"@type":"ListItem","position":1,"name":"Home","item":"https:\/\/vinodeli.ee\/en\/"},{"@type":"ListItem","position":2,"name":"Shop","item":"https:\/\/vinodeli.ee\/pood\/"},{"@type":"ListItem","position":3,"name":"Giftset Rumm Dark Gold of Mauritius 40%"}]},{"@type":"WebSite","@id":"https:\/\/vinodeli.ee\/#website","url":"https:\/\/vinodeli.ee\/","name":"Vinodeli","description":"","publisher":{"@id":"https:\/\/vinodeli.ee\/#organization"},"potentialAction":[{"@type":"SearchAction","target":{"@type":"EntryPoint","urlTemplate":"https:\/\/vinodeli.ee\/?s={search_term_string}"},"query-input":{"@type":"PropertyValueSpecification","valueRequired":true,"valueName":"search_term_string"}}],"inLanguage":"en-US"},{"@type":"Organization","@id":"https:\/\/vinodeli.ee\/#organization","name":"Vinodeli O\u00dc","url":"https:\/\/vinodeli.ee\/","logo":{"@type":"ImageObject","inLanguage":"en-US","@id":"https:\/\/vinodeli.ee\/#\/schema\/logo\/image\/","url":"https:\/\/vinodeli.ee\/wp-content\/uploads\/2024\/02\/logo-winodeli-1.png","contentUrl":"https:\/\/vinodeli.ee\/wp-content\/uploads\/2024\/02\/logo-winodeli-1.png","width":1500,"height":1150,"caption":"Vinodeli O\u00dc"},"image":{"@id":"https:\/\/vinodeli.ee\/#\/schema\/logo\/image\/"}}]}},"_links":{"self":[{"href":"https:\/\/vinodeli.ee\/en\/wp-json\/wp\/v2\/product\/67337","targetHints":{"allow":["GET"]}}],"collection":[{"href":"https:\/\/vinodeli.ee\/en\/wp-json\/wp\/v2\/product"}],"about":[{"href":"https:\/\/vinodeli.ee\/en\/wp-json\/wp\/v2\/types\/product"}],"version-history":[{"count":0,"href":"https:\/\/vinodeli.ee\/en\/wp-json\/wp\/v2\/product\/67337\/revisions"}],"wp:featuredmedia":[{"embeddable":true,"href":"https:\/\/vinodeli.ee\/en\/wp-json\/wp\/v2\/media\/67340"}],"wp:attachment":[{"href":"https:\/\/vinodeli.ee\/en\/wp-json\/wp\/v2\/media?parent=67337"}],"wp:term":[{"taxonomy":"product_brand","embeddable":true,"href":"https:\/\/vinodeli.ee\/en\/wp-json\/wp\/v2\/product_brand?post=67337"},{"taxonomy":"product_cat","embeddable":true,"href":"https:\/\/vinodeli.ee\/en\/wp-json\/wp\/v2\/product_cat?post=67337"},{"taxonomy":"product_tag","embeddable":true,"href":"https:\/\/vinodeli.ee\/en\/wp-json\/wp\/v2\/product_tag?post=67337"}],"curies":[{"name":"wp","href":"https:\/\/api.w.org\/{rel}","templated":true}]}}