{"id":70619,"date":"2025-04-26T14:34:27","date_gmt":"2025-04-26T11:34:27","guid":{"rendered":"https:\/\/vinodeli.ee\/?post_type=product&#038;p=70619"},"modified":"2025-04-26T16:19:41","modified_gmt":"2025-04-26T13:19:41","slug":"anne-de-joyeuse-french-defile","status":"publish","type":"product","link":"https:\/\/vinodeli.ee\/en\/product\/anne-de-joyeuse-french-defile\/","title":{"rendered":"Anne de Joyeuse French D\u00e9fil\u00e9 Pays d&#8217;Oc IGP 2024 12.5% vol. 0.75l"},"content":{"rendered":"<blockquote>\n<h5>The Anne de Joyeuse cooperative is named after a well-known 16th-century figure, the Duke of Joyeuse, who was bestowed the lordship of Limoux by Henry III. <\/h5>\n<\/blockquote>\n<h3>About the wine<\/h3>\n<p>French D\u00e9fil\u00e9, a French, tailor made ros\u00e9. Subtlety and elegance for a limited edition from each vintage. It is a \u00abMademoiselle\u00bb which is different each year, illustrating the potential of our collection of grape varieties to seduce your palate.  <\/p>\n<h3>Vineyards<\/h3>\n<p>The vines are planted on limestone, clay and gravel soils, located in the three specific climatic zones of the winery&#8217;s Limoux vineyard.<\/p>\n<h3>Winemaking<\/h3>\n<p>The grapes of each variety (Syrah, Malbec, Cabernet Franc) are pressed directly after harvesting, then fermented for a short period at a temperature maintained at 15\u00b0. The wines are then blended. <\/p>\n<h3>Tasting notes<\/h3>\n<p>French D\u00e9fil\u00e9, pale rose in colour, develops scents of fresh citrus fruit on the nose. The subtle, fruity style on the palate will perfectly match summer salads, barbecues or grilled fish. <\/p>\n","protected":false},"excerpt":{"rendered":"<blockquote>\n<h4>Grape varieties:<br \/>\nSyrah, Malbec and Cabernet Franc<\/h4>\n<\/blockquote>\n","protected":false},"featured_media":70629,"template":"","meta":{"_acf_changed":false},"product_brand":[],"product_cat":[19480],"product_tag":[],"class_list":{"0":"post-70619","1":"product","2":"type-product","3":"status-publish","4":"has-post-thumbnail","6":"product_cat-rose-wine","8":"first","9":"instock","10":"downloadable","11":"taxable","12":"shipping-taxable","13":"purchasable","14":"product-type-simple"},"acf":[],"yoast_head":"<!-- This site is optimized with the Yoast SEO plugin v25.7 - https:\/\/yoast.com\/wordpress\/plugins\/seo\/ -->\n<title>Anne de Joyeuse French D\u00e9fil\u00e9 Pays d&#039;Oc IGP 2024 12.5% vol. 0.75l - Vinodeli<\/title>\n<meta name=\"robots\" content=\"index, follow, max-snippet:-1, max-image-preview:large, max-video-preview:-1\" \/>\n<link rel=\"canonical\" href=\"https:\/\/vinodeli.ee\/en\/product\/anne-de-joyeuse-french-defile\/\" \/>\n<meta property=\"og:locale\" content=\"en_US\" \/>\n<meta property=\"og:type\" content=\"article\" \/>\n<meta property=\"og:title\" content=\"Anne de Joyeuse French D\u00e9fil\u00e9 Pays d&#039;Oc IGP 2024 12.5% vol. 0.75l - Vinodeli\" \/>\n<meta property=\"og:description\" content=\"Grape varieties: Syrah, Malbec and Cabernet Franc\" \/>\n<meta property=\"og:url\" content=\"https:\/\/vinodeli.ee\/en\/product\/anne-de-joyeuse-french-defile\/\" \/>\n<meta property=\"og:site_name\" content=\"Vinodeli\" \/>\n<meta property=\"article:modified_time\" content=\"2025-04-26T13:19:41+00:00\" \/>\n<meta property=\"og:image\" content=\"https:\/\/vinodeli.ee\/wp-content\/uploads\/2025\/04\/french-defile.jpg\" \/>\n\t<meta property=\"og:image:width\" content=\"1700\" \/>\n\t<meta property=\"og:image:height\" content=\"1700\" \/>\n\t<meta property=\"og:image:type\" content=\"image\/jpeg\" \/>\n<meta name=\"twitter:card\" content=\"summary_large_image\" \/>\n<meta name=\"twitter:label1\" content=\"Est. reading time\" \/>\n\t<meta name=\"twitter:data1\" content=\"1 minute\" \/>\n<script type=\"application\/ld+json\" class=\"yoast-schema-graph\">{\"@context\":\"https:\/\/schema.org\",\"@graph\":[{\"@type\":\"WebPage\",\"@id\":\"https:\/\/vinodeli.ee\/en\/product\/anne-de-joyeuse-french-defile\/\",\"url\":\"https:\/\/vinodeli.ee\/en\/product\/anne-de-joyeuse-french-defile\/\",\"name\":\"Anne de Joyeuse French D\u00e9fil\u00e9 Pays d'Oc IGP 2024 12.5% vol. 0.75l - Vinodeli\",\"isPartOf\":{\"@id\":\"https:\/\/vinodeli.ee\/#website\"},\"primaryImageOfPage\":{\"@id\":\"https:\/\/vinodeli.ee\/en\/product\/anne-de-joyeuse-french-defile\/#primaryimage\"},\"image\":{\"@id\":\"https:\/\/vinodeli.ee\/en\/product\/anne-de-joyeuse-french-defile\/#primaryimage\"},\"thumbnailUrl\":\"https:\/\/vinodeli.ee\/wp-content\/uploads\/2025\/04\/french-defile.jpg\",\"datePublished\":\"2025-04-26T11:34:27+00:00\",\"dateModified\":\"2025-04-26T13:19:41+00:00\",\"breadcrumb\":{\"@id\":\"https:\/\/vinodeli.ee\/en\/product\/anne-de-joyeuse-french-defile\/#breadcrumb\"},\"inLanguage\":\"en-US\",\"potentialAction\":[{\"@type\":\"ReadAction\",\"target\":[\"https:\/\/vinodeli.ee\/en\/product\/anne-de-joyeuse-french-defile\/\"]}]},{\"@type\":\"ImageObject\",\"inLanguage\":\"en-US\",\"@id\":\"https:\/\/vinodeli.ee\/en\/product\/anne-de-joyeuse-french-defile\/#primaryimage\",\"url\":\"https:\/\/vinodeli.ee\/wp-content\/uploads\/2025\/04\/french-defile.jpg\",\"contentUrl\":\"https:\/\/vinodeli.ee\/wp-content\/uploads\/2025\/04\/french-defile.jpg\",\"width\":1700,\"height\":1700},{\"@type\":\"BreadcrumbList\",\"@id\":\"https:\/\/vinodeli.ee\/en\/product\/anne-de-joyeuse-french-defile\/#breadcrumb\",\"itemListElement\":[{\"@type\":\"ListItem\",\"position\":1,\"name\":\"Home\",\"item\":\"https:\/\/vinodeli.ee\/en\/\"},{\"@type\":\"ListItem\",\"position\":2,\"name\":\"Shop\",\"item\":\"https:\/\/vinodeli.ee\/pood\/\"},{\"@type\":\"ListItem\",\"position\":3,\"name\":\"Anne de Joyeuse French D\u00e9fil\u00e9 Pays d&#8217;Oc IGP 2024 12.5% vol. 0.75l\"}]},{\"@type\":\"WebSite\",\"@id\":\"https:\/\/vinodeli.ee\/#website\",\"url\":\"https:\/\/vinodeli.ee\/\",\"name\":\"Vinodeli\",\"description\":\"\",\"publisher\":{\"@id\":\"https:\/\/vinodeli.ee\/#organization\"},\"potentialAction\":[{\"@type\":\"SearchAction\",\"target\":{\"@type\":\"EntryPoint\",\"urlTemplate\":\"https:\/\/vinodeli.ee\/?s={search_term_string}\"},\"query-input\":{\"@type\":\"PropertyValueSpecification\",\"valueRequired\":true,\"valueName\":\"search_term_string\"}}],\"inLanguage\":\"en-US\"},{\"@type\":\"Organization\",\"@id\":\"https:\/\/vinodeli.ee\/#organization\",\"name\":\"Vinodeli O\u00dc\",\"url\":\"https:\/\/vinodeli.ee\/\",\"logo\":{\"@type\":\"ImageObject\",\"inLanguage\":\"en-US\",\"@id\":\"https:\/\/vinodeli.ee\/#\/schema\/logo\/image\/\",\"url\":\"https:\/\/vinodeli.ee\/wp-content\/uploads\/2024\/02\/logo-winodeli-1.png\",\"contentUrl\":\"https:\/\/vinodeli.ee\/wp-content\/uploads\/2024\/02\/logo-winodeli-1.png\",\"width\":1500,\"height\":1150,\"caption\":\"Vinodeli O\u00dc\"},\"image\":{\"@id\":\"https:\/\/vinodeli.ee\/#\/schema\/logo\/image\/\"}}]}<\/script>\n<!-- \/ Yoast SEO plugin. -->","yoast_head_json":{"title":"Anne de Joyeuse French D\u00e9fil\u00e9 Pays d'Oc IGP 2024 12.5% vol. 0.75l - Vinodeli","robots":{"index":"index","follow":"follow","max-snippet":"max-snippet:-1","max-image-preview":"max-image-preview:large","max-video-preview":"max-video-preview:-1"},"canonical":"https:\/\/vinodeli.ee\/en\/product\/anne-de-joyeuse-french-defile\/","og_locale":"en_US","og_type":"article","og_title":"Anne de Joyeuse French D\u00e9fil\u00e9 Pays d'Oc IGP 2024 12.5% vol. 0.75l - Vinodeli","og_description":"Grape varieties: Syrah, Malbec and Cabernet Franc","og_url":"https:\/\/vinodeli.ee\/en\/product\/anne-de-joyeuse-french-defile\/","og_site_name":"Vinodeli","article_modified_time":"2025-04-26T13:19:41+00:00","og_image":[{"width":1700,"height":1700,"url":"https:\/\/vinodeli.ee\/wp-content\/uploads\/2025\/04\/french-defile.jpg","type":"image\/jpeg"}],"twitter_card":"summary_large_image","twitter_misc":{"Est. reading time":"1 minute"},"schema":{"@context":"https:\/\/schema.org","@graph":[{"@type":"WebPage","@id":"https:\/\/vinodeli.ee\/en\/product\/anne-de-joyeuse-french-defile\/","url":"https:\/\/vinodeli.ee\/en\/product\/anne-de-joyeuse-french-defile\/","name":"Anne de Joyeuse French D\u00e9fil\u00e9 Pays d'Oc IGP 2024 12.5% vol. 0.75l - Vinodeli","isPartOf":{"@id":"https:\/\/vinodeli.ee\/#website"},"primaryImageOfPage":{"@id":"https:\/\/vinodeli.ee\/en\/product\/anne-de-joyeuse-french-defile\/#primaryimage"},"image":{"@id":"https:\/\/vinodeli.ee\/en\/product\/anne-de-joyeuse-french-defile\/#primaryimage"},"thumbnailUrl":"https:\/\/vinodeli.ee\/wp-content\/uploads\/2025\/04\/french-defile.jpg","datePublished":"2025-04-26T11:34:27+00:00","dateModified":"2025-04-26T13:19:41+00:00","breadcrumb":{"@id":"https:\/\/vinodeli.ee\/en\/product\/anne-de-joyeuse-french-defile\/#breadcrumb"},"inLanguage":"en-US","potentialAction":[{"@type":"ReadAction","target":["https:\/\/vinodeli.ee\/en\/product\/anne-de-joyeuse-french-defile\/"]}]},{"@type":"ImageObject","inLanguage":"en-US","@id":"https:\/\/vinodeli.ee\/en\/product\/anne-de-joyeuse-french-defile\/#primaryimage","url":"https:\/\/vinodeli.ee\/wp-content\/uploads\/2025\/04\/french-defile.jpg","contentUrl":"https:\/\/vinodeli.ee\/wp-content\/uploads\/2025\/04\/french-defile.jpg","width":1700,"height":1700},{"@type":"BreadcrumbList","@id":"https:\/\/vinodeli.ee\/en\/product\/anne-de-joyeuse-french-defile\/#breadcrumb","itemListElement":[{"@type":"ListItem","position":1,"name":"Home","item":"https:\/\/vinodeli.ee\/en\/"},{"@type":"ListItem","position":2,"name":"Shop","item":"https:\/\/vinodeli.ee\/pood\/"},{"@type":"ListItem","position":3,"name":"Anne de Joyeuse French D\u00e9fil\u00e9 Pays d&#8217;Oc IGP 2024 12.5% vol. 0.75l"}]},{"@type":"WebSite","@id":"https:\/\/vinodeli.ee\/#website","url":"https:\/\/vinodeli.ee\/","name":"Vinodeli","description":"","publisher":{"@id":"https:\/\/vinodeli.ee\/#organization"},"potentialAction":[{"@type":"SearchAction","target":{"@type":"EntryPoint","urlTemplate":"https:\/\/vinodeli.ee\/?s={search_term_string}"},"query-input":{"@type":"PropertyValueSpecification","valueRequired":true,"valueName":"search_term_string"}}],"inLanguage":"en-US"},{"@type":"Organization","@id":"https:\/\/vinodeli.ee\/#organization","name":"Vinodeli O\u00dc","url":"https:\/\/vinodeli.ee\/","logo":{"@type":"ImageObject","inLanguage":"en-US","@id":"https:\/\/vinodeli.ee\/#\/schema\/logo\/image\/","url":"https:\/\/vinodeli.ee\/wp-content\/uploads\/2024\/02\/logo-winodeli-1.png","contentUrl":"https:\/\/vinodeli.ee\/wp-content\/uploads\/2024\/02\/logo-winodeli-1.png","width":1500,"height":1150,"caption":"Vinodeli O\u00dc"},"image":{"@id":"https:\/\/vinodeli.ee\/#\/schema\/logo\/image\/"}}]}},"_links":{"self":[{"href":"https:\/\/vinodeli.ee\/en\/wp-json\/wp\/v2\/product\/70619","targetHints":{"allow":["GET"]}}],"collection":[{"href":"https:\/\/vinodeli.ee\/en\/wp-json\/wp\/v2\/product"}],"about":[{"href":"https:\/\/vinodeli.ee\/en\/wp-json\/wp\/v2\/types\/product"}],"version-history":[{"count":0,"href":"https:\/\/vinodeli.ee\/en\/wp-json\/wp\/v2\/product\/70619\/revisions"}],"wp:featuredmedia":[{"embeddable":true,"href":"https:\/\/vinodeli.ee\/en\/wp-json\/wp\/v2\/media\/70629"}],"wp:attachment":[{"href":"https:\/\/vinodeli.ee\/en\/wp-json\/wp\/v2\/media?parent=70619"}],"wp:term":[{"taxonomy":"product_brand","embeddable":true,"href":"https:\/\/vinodeli.ee\/en\/wp-json\/wp\/v2\/product_brand?post=70619"},{"taxonomy":"product_cat","embeddable":true,"href":"https:\/\/vinodeli.ee\/en\/wp-json\/wp\/v2\/product_cat?post=70619"},{"taxonomy":"product_tag","embeddable":true,"href":"https:\/\/vinodeli.ee\/en\/wp-json\/wp\/v2\/product_tag?post=70619"}],"curies":[{"name":"wp","href":"https:\/\/api.w.org\/{rel}","templated":true}]}}