{"id":70690,"date":"2025-04-28T13:01:27","date_gmt":"2025-04-28T10:01:27","guid":{"rendered":"https:\/\/vinodeli.ee\/?post_type=product&#038;p=70690"},"modified":"2025-04-28T13:06:12","modified_gmt":"2025-04-28T10:06:12","slug":"camas-cremant-rose","status":"publish","type":"product","link":"https:\/\/vinodeli.ee\/en\/product\/camas-cremant-rose\/","title":{"rendered":"Anne de Joyeuse Camas Cr\u00e9mant de Limoux AOC Ros\u00e9 Brut R\u00e9serve 12% vol. 0.75l"},"content":{"rendered":"<blockquote>\n<h5>The Anne de Joyeuse cooperative is named after a well-known 16th-century figure, the Duke of Joyeuse, who was bestowed the lordship of Limoux by Henry III. <\/h5>\n<\/blockquote>\n<h3>About the wine<\/h3>\n<p>In Limoux, France, the first sparkling wine was produced by monks in 1531. This tradition continues in the sparkling wines of Cr\u00e9mant de Limoux. This cr\u00e9mant is renowned for its high quality and attractive price.   <\/p>\n<h3>Vineyards<\/h3>\n<p>Sunny hillsides of Villelongue, Aude (altitude: 300m). Oceanic terroir and clay limestone soil. <\/p>\n<h3>Winemaking<\/h3>\n<p>Manual harvest. After a pressurization of the whole grapes, the wine making proceeds with 18 \u00b0C thermo controlled during 15 days. Rest period on lees: 15 months. <\/p>\n<h3>Tasting notes<\/h3>\n<p>Salmon-pink robe. Nice foam with fine bubbles. Rich aromas of red fruits such as strawberries and raspberries with a hint of grapefruit. Perfect served at 7\u00b0C.   <\/p>\n<h3>Food pairing<\/h3>\n<p>Ideal as aperitif, with fish or seafood all along the meal.<\/p>\n","protected":false},"excerpt":{"rendered":"<blockquote>\n<h4>Grape varieties:<br \/>\nChardonnay, Chenin, Pinot Noir<\/h4>\n<\/blockquote>\n","protected":false},"featured_media":70666,"template":"","meta":{"_acf_changed":false},"product_brand":[],"product_cat":[19488,19489,19495],"product_tag":[],"class_list":{"0":"post-70690","1":"product","2":"type-product","3":"status-publish","4":"has-post-thumbnail","6":"product_cat-sparkling-wine","7":"product_cat-cremant-en","8":"product_cat-all-champagne-method","10":"first","11":"instock","12":"downloadable","13":"taxable","14":"shipping-taxable","15":"purchasable","16":"product-type-simple"},"acf":[],"yoast_head":"<!-- This site is optimized with the Yoast SEO plugin v25.7 - https:\/\/yoast.com\/wordpress\/plugins\/seo\/ -->\n<title>Anne de Joyeuse Camas Cr\u00e9mant de Limoux AOC Ros\u00e9 Brut R\u00e9serve 12% vol. 0.75l - Vinodeli<\/title>\n<meta name=\"robots\" content=\"index, follow, max-snippet:-1, max-image-preview:large, max-video-preview:-1\" \/>\n<link rel=\"canonical\" href=\"https:\/\/vinodeli.ee\/en\/product\/camas-cremant-rose\/\" \/>\n<meta property=\"og:locale\" content=\"en_US\" \/>\n<meta property=\"og:type\" content=\"article\" \/>\n<meta property=\"og:title\" content=\"Anne de Joyeuse Camas Cr\u00e9mant de Limoux AOC Ros\u00e9 Brut R\u00e9serve 12% vol. 0.75l - Vinodeli\" \/>\n<meta property=\"og:description\" content=\"Grape varieties: Chardonnay, Chenin, Pinot Noir\" \/>\n<meta property=\"og:url\" content=\"https:\/\/vinodeli.ee\/en\/product\/camas-cremant-rose\/\" \/>\n<meta property=\"og:site_name\" content=\"Vinodeli\" \/>\n<meta property=\"article:modified_time\" content=\"2025-04-28T10:06:12+00:00\" \/>\n<meta property=\"og:image\" content=\"https:\/\/vinodeli.ee\/wp-content\/uploads\/2025\/04\/camas-cremant-rose.jpg\" \/>\n\t<meta property=\"og:image:width\" content=\"1200\" \/>\n\t<meta property=\"og:image:height\" content=\"1200\" \/>\n\t<meta property=\"og:image:type\" content=\"image\/jpeg\" \/>\n<meta name=\"twitter:card\" content=\"summary_large_image\" \/>\n<meta name=\"twitter:label1\" content=\"Est. reading time\" \/>\n\t<meta name=\"twitter:data1\" content=\"1 minute\" \/>\n<script type=\"application\/ld+json\" class=\"yoast-schema-graph\">{\"@context\":\"https:\/\/schema.org\",\"@graph\":[{\"@type\":\"WebPage\",\"@id\":\"https:\/\/vinodeli.ee\/en\/product\/camas-cremant-rose\/\",\"url\":\"https:\/\/vinodeli.ee\/en\/product\/camas-cremant-rose\/\",\"name\":\"Anne de Joyeuse Camas Cr\u00e9mant de Limoux AOC Ros\u00e9 Brut R\u00e9serve 12% vol. 0.75l - Vinodeli\",\"isPartOf\":{\"@id\":\"https:\/\/vinodeli.ee\/#website\"},\"primaryImageOfPage\":{\"@id\":\"https:\/\/vinodeli.ee\/en\/product\/camas-cremant-rose\/#primaryimage\"},\"image\":{\"@id\":\"https:\/\/vinodeli.ee\/en\/product\/camas-cremant-rose\/#primaryimage\"},\"thumbnailUrl\":\"https:\/\/vinodeli.ee\/wp-content\/uploads\/2025\/04\/camas-cremant-rose.jpg\",\"datePublished\":\"2025-04-28T10:01:27+00:00\",\"dateModified\":\"2025-04-28T10:06:12+00:00\",\"breadcrumb\":{\"@id\":\"https:\/\/vinodeli.ee\/en\/product\/camas-cremant-rose\/#breadcrumb\"},\"inLanguage\":\"en-US\",\"potentialAction\":[{\"@type\":\"ReadAction\",\"target\":[\"https:\/\/vinodeli.ee\/en\/product\/camas-cremant-rose\/\"]}]},{\"@type\":\"ImageObject\",\"inLanguage\":\"en-US\",\"@id\":\"https:\/\/vinodeli.ee\/en\/product\/camas-cremant-rose\/#primaryimage\",\"url\":\"https:\/\/vinodeli.ee\/wp-content\/uploads\/2025\/04\/camas-cremant-rose.jpg\",\"contentUrl\":\"https:\/\/vinodeli.ee\/wp-content\/uploads\/2025\/04\/camas-cremant-rose.jpg\",\"width\":1200,\"height\":1200},{\"@type\":\"BreadcrumbList\",\"@id\":\"https:\/\/vinodeli.ee\/en\/product\/camas-cremant-rose\/#breadcrumb\",\"itemListElement\":[{\"@type\":\"ListItem\",\"position\":1,\"name\":\"Home\",\"item\":\"https:\/\/vinodeli.ee\/en\/\"},{\"@type\":\"ListItem\",\"position\":2,\"name\":\"Shop\",\"item\":\"https:\/\/vinodeli.ee\/pood\/\"},{\"@type\":\"ListItem\",\"position\":3,\"name\":\"Anne de Joyeuse Camas Cr\u00e9mant de Limoux AOC Ros\u00e9 Brut R\u00e9serve 12% vol. 0.75l\"}]},{\"@type\":\"WebSite\",\"@id\":\"https:\/\/vinodeli.ee\/#website\",\"url\":\"https:\/\/vinodeli.ee\/\",\"name\":\"Vinodeli\",\"description\":\"\",\"publisher\":{\"@id\":\"https:\/\/vinodeli.ee\/#organization\"},\"potentialAction\":[{\"@type\":\"SearchAction\",\"target\":{\"@type\":\"EntryPoint\",\"urlTemplate\":\"https:\/\/vinodeli.ee\/?s={search_term_string}\"},\"query-input\":{\"@type\":\"PropertyValueSpecification\",\"valueRequired\":true,\"valueName\":\"search_term_string\"}}],\"inLanguage\":\"en-US\"},{\"@type\":\"Organization\",\"@id\":\"https:\/\/vinodeli.ee\/#organization\",\"name\":\"Vinodeli O\u00dc\",\"url\":\"https:\/\/vinodeli.ee\/\",\"logo\":{\"@type\":\"ImageObject\",\"inLanguage\":\"en-US\",\"@id\":\"https:\/\/vinodeli.ee\/#\/schema\/logo\/image\/\",\"url\":\"https:\/\/vinodeli.ee\/wp-content\/uploads\/2024\/02\/logo-winodeli-1.png\",\"contentUrl\":\"https:\/\/vinodeli.ee\/wp-content\/uploads\/2024\/02\/logo-winodeli-1.png\",\"width\":1500,\"height\":1150,\"caption\":\"Vinodeli O\u00dc\"},\"image\":{\"@id\":\"https:\/\/vinodeli.ee\/#\/schema\/logo\/image\/\"}}]}<\/script>\n<!-- \/ Yoast SEO plugin. -->","yoast_head_json":{"title":"Anne de Joyeuse Camas Cr\u00e9mant de Limoux AOC Ros\u00e9 Brut R\u00e9serve 12% vol. 0.75l - Vinodeli","robots":{"index":"index","follow":"follow","max-snippet":"max-snippet:-1","max-image-preview":"max-image-preview:large","max-video-preview":"max-video-preview:-1"},"canonical":"https:\/\/vinodeli.ee\/en\/product\/camas-cremant-rose\/","og_locale":"en_US","og_type":"article","og_title":"Anne de Joyeuse Camas Cr\u00e9mant de Limoux AOC Ros\u00e9 Brut R\u00e9serve 12% vol. 0.75l - Vinodeli","og_description":"Grape varieties: Chardonnay, Chenin, Pinot Noir","og_url":"https:\/\/vinodeli.ee\/en\/product\/camas-cremant-rose\/","og_site_name":"Vinodeli","article_modified_time":"2025-04-28T10:06:12+00:00","og_image":[{"width":1200,"height":1200,"url":"https:\/\/vinodeli.ee\/wp-content\/uploads\/2025\/04\/camas-cremant-rose.jpg","type":"image\/jpeg"}],"twitter_card":"summary_large_image","twitter_misc":{"Est. reading time":"1 minute"},"schema":{"@context":"https:\/\/schema.org","@graph":[{"@type":"WebPage","@id":"https:\/\/vinodeli.ee\/en\/product\/camas-cremant-rose\/","url":"https:\/\/vinodeli.ee\/en\/product\/camas-cremant-rose\/","name":"Anne de Joyeuse Camas Cr\u00e9mant de Limoux AOC Ros\u00e9 Brut R\u00e9serve 12% vol. 0.75l - Vinodeli","isPartOf":{"@id":"https:\/\/vinodeli.ee\/#website"},"primaryImageOfPage":{"@id":"https:\/\/vinodeli.ee\/en\/product\/camas-cremant-rose\/#primaryimage"},"image":{"@id":"https:\/\/vinodeli.ee\/en\/product\/camas-cremant-rose\/#primaryimage"},"thumbnailUrl":"https:\/\/vinodeli.ee\/wp-content\/uploads\/2025\/04\/camas-cremant-rose.jpg","datePublished":"2025-04-28T10:01:27+00:00","dateModified":"2025-04-28T10:06:12+00:00","breadcrumb":{"@id":"https:\/\/vinodeli.ee\/en\/product\/camas-cremant-rose\/#breadcrumb"},"inLanguage":"en-US","potentialAction":[{"@type":"ReadAction","target":["https:\/\/vinodeli.ee\/en\/product\/camas-cremant-rose\/"]}]},{"@type":"ImageObject","inLanguage":"en-US","@id":"https:\/\/vinodeli.ee\/en\/product\/camas-cremant-rose\/#primaryimage","url":"https:\/\/vinodeli.ee\/wp-content\/uploads\/2025\/04\/camas-cremant-rose.jpg","contentUrl":"https:\/\/vinodeli.ee\/wp-content\/uploads\/2025\/04\/camas-cremant-rose.jpg","width":1200,"height":1200},{"@type":"BreadcrumbList","@id":"https:\/\/vinodeli.ee\/en\/product\/camas-cremant-rose\/#breadcrumb","itemListElement":[{"@type":"ListItem","position":1,"name":"Home","item":"https:\/\/vinodeli.ee\/en\/"},{"@type":"ListItem","position":2,"name":"Shop","item":"https:\/\/vinodeli.ee\/pood\/"},{"@type":"ListItem","position":3,"name":"Anne de Joyeuse Camas Cr\u00e9mant de Limoux AOC Ros\u00e9 Brut R\u00e9serve 12% vol. 0.75l"}]},{"@type":"WebSite","@id":"https:\/\/vinodeli.ee\/#website","url":"https:\/\/vinodeli.ee\/","name":"Vinodeli","description":"","publisher":{"@id":"https:\/\/vinodeli.ee\/#organization"},"potentialAction":[{"@type":"SearchAction","target":{"@type":"EntryPoint","urlTemplate":"https:\/\/vinodeli.ee\/?s={search_term_string}"},"query-input":{"@type":"PropertyValueSpecification","valueRequired":true,"valueName":"search_term_string"}}],"inLanguage":"en-US"},{"@type":"Organization","@id":"https:\/\/vinodeli.ee\/#organization","name":"Vinodeli O\u00dc","url":"https:\/\/vinodeli.ee\/","logo":{"@type":"ImageObject","inLanguage":"en-US","@id":"https:\/\/vinodeli.ee\/#\/schema\/logo\/image\/","url":"https:\/\/vinodeli.ee\/wp-content\/uploads\/2024\/02\/logo-winodeli-1.png","contentUrl":"https:\/\/vinodeli.ee\/wp-content\/uploads\/2024\/02\/logo-winodeli-1.png","width":1500,"height":1150,"caption":"Vinodeli O\u00dc"},"image":{"@id":"https:\/\/vinodeli.ee\/#\/schema\/logo\/image\/"}}]}},"_links":{"self":[{"href":"https:\/\/vinodeli.ee\/en\/wp-json\/wp\/v2\/product\/70690","targetHints":{"allow":["GET"]}}],"collection":[{"href":"https:\/\/vinodeli.ee\/en\/wp-json\/wp\/v2\/product"}],"about":[{"href":"https:\/\/vinodeli.ee\/en\/wp-json\/wp\/v2\/types\/product"}],"version-history":[{"count":0,"href":"https:\/\/vinodeli.ee\/en\/wp-json\/wp\/v2\/product\/70690\/revisions"}],"wp:featuredmedia":[{"embeddable":true,"href":"https:\/\/vinodeli.ee\/en\/wp-json\/wp\/v2\/media\/70666"}],"wp:attachment":[{"href":"https:\/\/vinodeli.ee\/en\/wp-json\/wp\/v2\/media?parent=70690"}],"wp:term":[{"taxonomy":"product_brand","embeddable":true,"href":"https:\/\/vinodeli.ee\/en\/wp-json\/wp\/v2\/product_brand?post=70690"},{"taxonomy":"product_cat","embeddable":true,"href":"https:\/\/vinodeli.ee\/en\/wp-json\/wp\/v2\/product_cat?post=70690"},{"taxonomy":"product_tag","embeddable":true,"href":"https:\/\/vinodeli.ee\/en\/wp-json\/wp\/v2\/product_tag?post=70690"}],"curies":[{"name":"wp","href":"https:\/\/api.w.org\/{rel}","templated":true}]}}